{"id":34529,"date":"2021-03-07T08:59:40","date_gmt":"2022-05-18T11:27:39","guid":{"rendered":"https:\/\/alegerglobal.com\/sin categor\u00eda\/ecom-pad-ex-pro-01-p8-dz2-tableta-con-proteccion-ex-atex-zone-2-pantalla-tactil-de-116-windows\/"},"modified":"2022-05-18T12:27:39","modified_gmt":"2022-05-18T11:27:39","slug":"ecom-pad-ex-pro-01-p8-dz2-2","status":"publish","type":"product","link":"https:\/\/alegerglobal.com\/es\/shop-es\/ecom-pad-ex-pro-01-p8-dz2-2\/","title":{"rendered":"ecom Pad-Ex\u00ae Pro 01 P8 DZ2, tableta con protecci\u00f3n Ex, Atex Zone 2, pantalla t\u00e1ctil de 11,6&#8243;, Windows"},"content":{"rendered":"","protected":false},"excerpt":{"rendered":"<ul>\n<li style=\"font-weight: 400;\"><b>Aprobaci\u00f3n para<\/b><b> Zona Ex<\/b><b> 2\/22 y Clase 2\/ Div 2:<\/b><span style=\"font-weight: 400;\"> Posibilidades de aplicaci\u00f3n en todo el mundo seg\u00fan<\/span><span style=\"font-weight: 400;\"> ATEX<\/span><span style=\"font-weight: 400;\"> directivas para atm\u00f3sferas potencialmente explosivas.<\/span><\/li>\n<li><b>Pantalla multit\u00e1ctil capacitiva:<\/b><span style=\"font-weight: 400;\"> La pantalla de 11,6&#8243; tiene una resoluci\u00f3n HD de 1.920 x 1.080 p\u00edxeles y es perfectamente legible incluso bajo la luz solar directa.<\/span><\/li>\n<li style=\"font-weight: 400;\"><b>Alta potencia de c\u00e1lculo:<\/b><span style=\"font-weight: 400;\"> Los procesadores Intel\u00ae Core\u2122 i5 de 8\u00aa generaci\u00f3n satisfacen los complejos requisitos de las aplicaciones de la Industria 4.0. <\/span> <\/li>\n<li style=\"font-weight: 400;\"><b>Certificado IP64:<\/b><span style=\"font-weight: 400;\"> El robusto Ex Tablet resiste sin problemas temperaturas de -10\u00b0C a +55\u00b0C, humedad, polvo, productos qu\u00edmicos y vibraciones. <\/span> <\/li>\n<li style=\"font-weight: 400;\"><b>Realidad Aumentada:<\/b> Con la representaci\u00f3n digital en un entorno real y en tiempo real, la RA apoya la supervisi\u00f3n y la resoluci\u00f3n de problemas de una amplia variedad de sistemas.<\/li>\n<\/ul>\n","protected":false},"featured_media":20197,"comment_status":"open","ping_status":"closed","template":"","meta":{"_acf_changed":false},"product_brand":[],"product_cat":[1340,1341,1339],"product_tag":[],"class_list":{"0":"post-34529","1":"product","2":"type-product","3":"status-publish","4":"has-post-thumbnail","6":"product_cat-atex-es","7":"product_cat-shop-es","8":"product_cat-tableta-robusta","9":"pa_hersteller-ecom-es","11":"first","12":"instock","13":"taxable","14":"shipping-taxable","15":"purchasable","16":"product-type-simple"},"acf":[],"yoast_head":"<!-- This site is optimized with the Yoast SEO Premium plugin v20.10 (Yoast SEO v24.3) - https:\/\/yoast.com\/wordpress\/plugins\/seo\/ -->\n<title>Comprar Pad-Ex\u00ae Pro 01 P8 DZ2 en ecom - ALEGER \u22c6 Augmented Reality<\/title>\n<meta name=\"description\" content=\"Descubra el robusto Pad-Ex\u00ae Pro 01 P8 DZ2 de ecom. Trabaje con movilidad y seguridad con esta tableta para Atex Zona 2.\" \/>\n<meta name=\"robots\" content=\"index, follow, max-snippet:-1, max-image-preview:large, max-video-preview:-1\" \/>\n<meta property=\"og:locale\" content=\"es_ES\" \/>\n<meta property=\"og:type\" content=\"article\" \/>\n<meta property=\"og:title\" content=\"ecom Pad-Ex\u00ae Pro 01 P8 DZ2, tableta con protecci\u00f3n Ex, Atex Zone 2, pantalla t\u00e1ctil de 11,6&quot;, Windows\" \/>\n<meta property=\"og:description\" content=\"Descubra el robusto Pad-Ex\u00ae Pro 01 P8 DZ2 de ecom. Trabaje con movilidad y seguridad con esta tableta para Atex Zona 2.\" \/>\n<meta property=\"og:url\" content=\"https:\/\/alegerglobal.com\/es\/shop-es\/ecom-pad-ex-pro-01-p8-dz2-2\/\" \/>\n<meta property=\"og:site_name\" content=\"ALEGER \u22c6 Augmented Reality\" \/>\n<meta property=\"og:image\" content=\"https:\/\/alegerglobal.com\/wp-content\/uploads\/2021\/01\/csm_Pad-Ex_01_P8_DZ2_Gallery_1_97c295eb9f.png\" \/>\n\t<meta property=\"og:image:width\" content=\"400\" \/>\n\t<meta property=\"og:image:height\" content=\"400\" \/>\n\t<meta property=\"og:image:type\" content=\"image\/png\" \/>\n<meta name=\"twitter:card\" content=\"summary_large_image\" \/>\n<meta name=\"twitter:label1\" content=\"Precio\" \/>\n\t<meta name=\"twitter:data1\" content=\"&euro;4.249,00\" \/>\n\t<meta name=\"twitter:label2\" content=\"Disponibilidad\" \/>\n\t<meta name=\"twitter:data2\" content=\"Disponible\" \/>\n<script type=\"application\/ld+json\" class=\"yoast-schema-graph\">{\"@context\":\"https:\/\/schema.org\",\"@graph\":[{\"@type\":\"WebPage\",\"@id\":\"https:\/\/alegerglobal.com\/es\/shop-es\/ecom-pad-ex-pro-01-p8-dz2-2\/\",\"url\":\"https:\/\/alegerglobal.com\/es\/shop-es\/ecom-pad-ex-pro-01-p8-dz2-2\/\",\"name\":\"Comprar Pad-Ex\u00ae Pro 01 P8 DZ2 en ecom - ALEGER \u22c6 Augmented Reality\",\"isPartOf\":{\"@id\":\"https:\/\/alegerglobal.com\/es\/#website\"},\"primaryImageOfPage\":{\"@id\":\"https:\/\/alegerglobal.com\/es\/shop-es\/ecom-pad-ex-pro-01-p8-dz2-2\/#primaryimage\"},\"image\":{\"@id\":\"https:\/\/alegerglobal.com\/es\/shop-es\/ecom-pad-ex-pro-01-p8-dz2-2\/#primaryimage\"},\"thumbnailUrl\":\"https:\/\/alegerglobal.com\/wp-content\/uploads\/2021\/01\/csm_Pad-Ex_01_P8_DZ2_Gallery_1_97c295eb9f.png\",\"datePublished\":\"2022-05-18T11:27:39+00:00\",\"dateModified\":\"2022-05-18T11:27:39+00:00\",\"description\":\"Descubra el robusto Pad-Ex\u00ae Pro 01 P8 DZ2 de ecom. Trabaje con movilidad y seguridad con esta tableta para Atex Zona 2.\",\"breadcrumb\":{\"@id\":\"https:\/\/alegerglobal.com\/es\/shop-es\/ecom-pad-ex-pro-01-p8-dz2-2\/#breadcrumb\"},\"inLanguage\":\"es\",\"potentialAction\":[{\"@type\":\"ReadAction\",\"target\":[\"https:\/\/alegerglobal.com\/es\/shop-es\/ecom-pad-ex-pro-01-p8-dz2-2\/\"]}]},{\"@type\":\"ImageObject\",\"inLanguage\":\"es\",\"@id\":\"https:\/\/alegerglobal.com\/es\/shop-es\/ecom-pad-ex-pro-01-p8-dz2-2\/#primaryimage\",\"url\":\"https:\/\/alegerglobal.com\/wp-content\/uploads\/2021\/01\/csm_Pad-Ex_01_P8_DZ2_Gallery_1_97c295eb9f.png\",\"contentUrl\":\"https:\/\/alegerglobal.com\/wp-content\/uploads\/2021\/01\/csm_Pad-Ex_01_P8_DZ2_Gallery_1_97c295eb9f.png\",\"width\":400,\"height\":400,\"caption\":\"ecom Pad-Ex\u00ae Pro 01 P8 DZ2, tableta con protecci\u00f3n Ex para Atex Zona 2\"},{\"@type\":\"BreadcrumbList\",\"@id\":\"https:\/\/alegerglobal.com\/es\/shop-es\/ecom-pad-ex-pro-01-p8-dz2-2\/#breadcrumb\",\"itemListElement\":[{\"@type\":\"ListItem\",\"position\":1,\"name\":\"Home\",\"item\":\"https:\/\/alegerglobal.com\/es\/nuevo-pagina-de-inicio\/\"},{\"@type\":\"ListItem\",\"position\":2,\"name\":\"Productos\",\"item\":\"https:\/\/alegerglobal.com\/es\/productos\/\"},{\"@type\":\"ListItem\",\"position\":3,\"name\":\"ecom Pad-Ex\u00ae Pro 01 P8 DZ2, tableta con protecci\u00f3n Ex, Atex Zone 2, pantalla t\u00e1ctil de 11,6&#8243;, Windows\"}]},{\"@type\":\"WebSite\",\"@id\":\"https:\/\/alegerglobal.com\/es\/#website\",\"url\":\"https:\/\/alegerglobal.com\/es\/\",\"name\":\"ALEGER \u22c6 Augmented Reality\",\"description\":\"Die besten Augmented Reality (AR) L\u00f6sungen der Welt.\",\"publisher\":{\"@id\":\"https:\/\/alegerglobal.com\/es\/#organization\"},\"potentialAction\":[{\"@type\":\"SearchAction\",\"target\":{\"@type\":\"EntryPoint\",\"urlTemplate\":\"https:\/\/alegerglobal.com\/es\/?s={search_term_string}\"},\"query-input\":{\"@type\":\"PropertyValueSpecification\",\"valueRequired\":true,\"valueName\":\"search_term_string\"}}],\"inLanguage\":\"es\"},{\"@type\":\"Organization\",\"@id\":\"https:\/\/alegerglobal.com\/es\/#organization\",\"name\":\"ALEGER \u22c6 Augmented Reality\",\"url\":\"https:\/\/alegerglobal.com\/es\/\",\"logo\":{\"@type\":\"ImageObject\",\"inLanguage\":\"es\",\"@id\":\"https:\/\/alegerglobal.com\/es\/#\/schema\/logo\/image\/\",\"url\":\"https:\/\/alegerglobal.com\/wp-content\/uploads\/2020\/12\/aleger-logo-quadrat.jpg\",\"contentUrl\":\"https:\/\/alegerglobal.com\/wp-content\/uploads\/2020\/12\/aleger-logo-quadrat.jpg\",\"width\":200,\"height\":176,\"caption\":\"ALEGER \u22c6 Augmented Reality\"},\"image\":{\"@id\":\"https:\/\/alegerglobal.com\/es\/#\/schema\/logo\/image\/\"}}]}<\/script>\n<meta property=\"product:brand\" content=\"Ecom\" \/>\n<meta property=\"product:price:amount\" content=\"4249.00\" \/>\n<meta property=\"product:price:currency\" content=\"EUR\" \/>\n<meta property=\"og:availability\" content=\"instock\" \/>\n<meta property=\"product:availability\" content=\"instock\" \/>\n<meta property=\"product:condition\" content=\"new\" \/>\n<!-- \/ Yoast SEO Premium plugin. -->","yoast_head_json":{"title":"Comprar Pad-Ex\u00ae Pro 01 P8 DZ2 en ecom - ALEGER \u22c6 Augmented Reality","description":"Descubra el robusto Pad-Ex\u00ae Pro 01 P8 DZ2 de ecom. Trabaje con movilidad y seguridad con esta tableta para Atex Zona 2.","robots":{"index":"index","follow":"follow","max-snippet":"max-snippet:-1","max-image-preview":"max-image-preview:large","max-video-preview":"max-video-preview:-1"},"og_locale":"es_ES","og_type":"article","og_title":"ecom Pad-Ex\u00ae Pro 01 P8 DZ2, tableta con protecci\u00f3n Ex, Atex Zone 2, pantalla t\u00e1ctil de 11,6\", Windows","og_description":"Descubra el robusto Pad-Ex\u00ae Pro 01 P8 DZ2 de ecom. Trabaje con movilidad y seguridad con esta tableta para Atex Zona 2.","og_url":"https:\/\/alegerglobal.com\/es\/shop-es\/ecom-pad-ex-pro-01-p8-dz2-2\/","og_site_name":"ALEGER \u22c6 Augmented Reality","og_image":[{"width":400,"height":400,"url":"https:\/\/alegerglobal.com\/wp-content\/uploads\/2021\/01\/csm_Pad-Ex_01_P8_DZ2_Gallery_1_97c295eb9f.png","type":"image\/png"}],"twitter_card":"summary_large_image","twitter_misc":{"Precio":"&euro;4.249,00","Disponibilidad":"Disponible"},"schema":{"@context":"https:\/\/schema.org","@graph":[{"@type":"WebPage","@id":"https:\/\/alegerglobal.com\/es\/shop-es\/ecom-pad-ex-pro-01-p8-dz2-2\/","url":"https:\/\/alegerglobal.com\/es\/shop-es\/ecom-pad-ex-pro-01-p8-dz2-2\/","name":"Comprar Pad-Ex\u00ae Pro 01 P8 DZ2 en ecom - ALEGER \u22c6 Augmented Reality","isPartOf":{"@id":"https:\/\/alegerglobal.com\/es\/#website"},"primaryImageOfPage":{"@id":"https:\/\/alegerglobal.com\/es\/shop-es\/ecom-pad-ex-pro-01-p8-dz2-2\/#primaryimage"},"image":{"@id":"https:\/\/alegerglobal.com\/es\/shop-es\/ecom-pad-ex-pro-01-p8-dz2-2\/#primaryimage"},"thumbnailUrl":"https:\/\/alegerglobal.com\/wp-content\/uploads\/2021\/01\/csm_Pad-Ex_01_P8_DZ2_Gallery_1_97c295eb9f.png","datePublished":"2022-05-18T11:27:39+00:00","dateModified":"2022-05-18T11:27:39+00:00","description":"Descubra el robusto Pad-Ex\u00ae Pro 01 P8 DZ2 de ecom. Trabaje con movilidad y seguridad con esta tableta para Atex Zona 2.","breadcrumb":{"@id":"https:\/\/alegerglobal.com\/es\/shop-es\/ecom-pad-ex-pro-01-p8-dz2-2\/#breadcrumb"},"inLanguage":"es","potentialAction":[{"@type":"ReadAction","target":["https:\/\/alegerglobal.com\/es\/shop-es\/ecom-pad-ex-pro-01-p8-dz2-2\/"]}]},{"@type":"ImageObject","inLanguage":"es","@id":"https:\/\/alegerglobal.com\/es\/shop-es\/ecom-pad-ex-pro-01-p8-dz2-2\/#primaryimage","url":"https:\/\/alegerglobal.com\/wp-content\/uploads\/2021\/01\/csm_Pad-Ex_01_P8_DZ2_Gallery_1_97c295eb9f.png","contentUrl":"https:\/\/alegerglobal.com\/wp-content\/uploads\/2021\/01\/csm_Pad-Ex_01_P8_DZ2_Gallery_1_97c295eb9f.png","width":400,"height":400,"caption":"ecom Pad-Ex\u00ae Pro 01 P8 DZ2, tableta con protecci\u00f3n Ex para Atex Zona 2"},{"@type":"BreadcrumbList","@id":"https:\/\/alegerglobal.com\/es\/shop-es\/ecom-pad-ex-pro-01-p8-dz2-2\/#breadcrumb","itemListElement":[{"@type":"ListItem","position":1,"name":"Home","item":"https:\/\/alegerglobal.com\/es\/nuevo-pagina-de-inicio\/"},{"@type":"ListItem","position":2,"name":"Productos","item":"https:\/\/alegerglobal.com\/es\/productos\/"},{"@type":"ListItem","position":3,"name":"ecom Pad-Ex\u00ae Pro 01 P8 DZ2, tableta con protecci\u00f3n Ex, Atex Zone 2, pantalla t\u00e1ctil de 11,6&#8243;, Windows"}]},{"@type":"WebSite","@id":"https:\/\/alegerglobal.com\/es\/#website","url":"https:\/\/alegerglobal.com\/es\/","name":"ALEGER \u22c6 Augmented Reality","description":"Die besten Augmented Reality (AR) L\u00f6sungen der Welt.","publisher":{"@id":"https:\/\/alegerglobal.com\/es\/#organization"},"potentialAction":[{"@type":"SearchAction","target":{"@type":"EntryPoint","urlTemplate":"https:\/\/alegerglobal.com\/es\/?s={search_term_string}"},"query-input":{"@type":"PropertyValueSpecification","valueRequired":true,"valueName":"search_term_string"}}],"inLanguage":"es"},{"@type":"Organization","@id":"https:\/\/alegerglobal.com\/es\/#organization","name":"ALEGER \u22c6 Augmented Reality","url":"https:\/\/alegerglobal.com\/es\/","logo":{"@type":"ImageObject","inLanguage":"es","@id":"https:\/\/alegerglobal.com\/es\/#\/schema\/logo\/image\/","url":"https:\/\/alegerglobal.com\/wp-content\/uploads\/2020\/12\/aleger-logo-quadrat.jpg","contentUrl":"https:\/\/alegerglobal.com\/wp-content\/uploads\/2020\/12\/aleger-logo-quadrat.jpg","width":200,"height":176,"caption":"ALEGER \u22c6 Augmented Reality"},"image":{"@id":"https:\/\/alegerglobal.com\/es\/#\/schema\/logo\/image\/"}}]},"product_brand":"Ecom","product_price_amount":"4249.00","product_price_currency":"EUR","og_availability":"instock","product_availability":"instock","product_condition":"new"},"_links":{"self":[{"href":"https:\/\/alegerglobal.com\/es\/wp-json\/wp\/v2\/product\/34529","targetHints":{"allow":["GET"]}}],"collection":[{"href":"https:\/\/alegerglobal.com\/es\/wp-json\/wp\/v2\/product"}],"about":[{"href":"https:\/\/alegerglobal.com\/es\/wp-json\/wp\/v2\/types\/product"}],"replies":[{"embeddable":true,"href":"https:\/\/alegerglobal.com\/es\/wp-json\/wp\/v2\/comments?post=34529"}],"version-history":[{"count":0,"href":"https:\/\/alegerglobal.com\/es\/wp-json\/wp\/v2\/product\/34529\/revisions"}],"wp:featuredmedia":[{"embeddable":true,"href":"https:\/\/alegerglobal.com\/es\/wp-json\/wp\/v2\/media\/20197"}],"wp:attachment":[{"href":"https:\/\/alegerglobal.com\/es\/wp-json\/wp\/v2\/media?parent=34529"}],"wp:term":[{"taxonomy":"product_brand","embeddable":true,"href":"https:\/\/alegerglobal.com\/es\/wp-json\/wp\/v2\/product_brand?post=34529"},{"taxonomy":"product_cat","embeddable":true,"href":"https:\/\/alegerglobal.com\/es\/wp-json\/wp\/v2\/product_cat?post=34529"},{"taxonomy":"product_tag","embeddable":true,"href":"https:\/\/alegerglobal.com\/es\/wp-json\/wp\/v2\/product_tag?post=34529"}],"curies":[{"name":"wp","href":"https:\/\/api.w.org\/{rel}","templated":true}]}}