{"id":34527,"date":"2021-03-07T09:09:35","date_gmt":"2022-05-18T11:27:39","guid":{"rendered":"https:\/\/alegerglobal.com\/sin categor\u00eda\/ecom-smart-ex-02-dz1-smartphone-con-proteccion-ex-para-zona-1-atex-pantalla-tactil-de-5-android\/"},"modified":"2022-05-18T12:27:39","modified_gmt":"2022-05-18T11:27:39","slug":"ecom-smart-ex-02-dz1-2","status":"publish","type":"product","link":"https:\/\/alegerglobal.com\/es\/shop-es\/smartphone-de-la-industria\/ecom-smart-ex-02-dz1-2\/","title":{"rendered":"ecom Smart-Ex 02 DZ1, Smartphone con protecci\u00f3n Ex para Zona 1 ATEX, pantalla t\u00e1ctil de 5&#8243;, Android"},"content":{"rendered":"","protected":false},"excerpt":{"rendered":"<ul>\n<li style=\"font-weight: 400;\"><b>Posibilidades de aplicaci\u00f3n en todo el mundo<\/b><span style=\"font-weight: 400;\">Seg\u00fan <\/span><span style=\"font-weight: 400;\">ATEX <\/span><span style=\"font-weight: 400;\">el aparato es apto para su uso en zonas potencialmente explosivas de la<\/span><span style=\"font-weight: 400;\"> Zona Ex<\/span><span style=\"font-weight: 400;\"> 1\/21 y Clase 1\/Div 1. <\/span> <\/li>\n<li style=\"font-weight: 400;\"><b>Pantalla con protecci\u00f3n Gorilla\u00ae Glass: <\/b><span style=\"font-weight: 400;\">La pantalla t\u00e1ctil de alta resoluci\u00f3n de 5&#8243; se puede leer<\/span> <span style=\"font-weight: 400;\">es f\u00e1cil de leer a la luz del sol y puede utilizarse con guantes o en condiciones de humedad.<\/span><\/li>\n<li><b>Bater\u00eda reemplazable y potente:<\/b><span style=\"font-weight: 400;\"> El <\/span><span style=\"font-weight: 400;\">smartphone de seguridad intr\u00ednseca <\/span><span style=\"font-weight: 400;\">utiliza un potente <\/span><span style=\"font-weight: 400;\">bater\u00eda de 4400 mAh, para que puedas hacer frente a largas jornadas de trabajo.<\/span><\/li>\n<li><b>Teclas optimizadas<\/b><span style=\"font-weight: 400;\">La posici\u00f3n y el tama\u00f1o de las teclas se han adaptado para su uso con guantes. <\/span><span style=\"font-weight: 400;\">La funci\u00f3n \u00abpulsar para hablar\u00bb y otros accesos a DeepL permiten un uso especialmente eficiente.<\/span><\/li>\n<li><b>Para un mayor rango de temperatura: <\/b><span style=\"font-weight: 400;\">Adem\u00e1s de<\/span><span style=\"font-weight: 400;\"> Certificaci\u00f3n IP68<\/span><span style=\"font-weight: 400;\"> el smartphone tambi\u00e9n es totalmente funcional a temperaturas entre -20\u00b0C y +60\u00b0C. <\/span> <\/li>\n<li style=\"font-weight: 400;\"><b>Para entornos dif\u00edciles: <\/b><span style=\"font-weight: 400;\">El robusto smartphone es un compa\u00f1ero fiable sobre el terreno y protege contra la humedad, los productos qu\u00edmicos, las vibraciones, el polvo y la luz solar. <\/span> <\/li>\n<\/ul>\n","protected":false},"featured_media":20180,"comment_status":"open","ping_status":"closed","template":"","meta":{"_acf_changed":false},"product_brand":[],"product_cat":[1340,1341,1353],"product_tag":[],"class_list":{"0":"post-34527","1":"product","2":"type-product","3":"status-publish","4":"has-post-thumbnail","6":"product_cat-atex-es","7":"product_cat-shop-es","8":"product_cat-smartphone-de-la-industria","9":"pa_hersteller-ecom-es","11":"first","12":"instock","13":"taxable","14":"shipping-taxable","15":"purchasable","16":"product-type-simple"},"acf":[],"yoast_head":"<!-- This site is optimized with the Yoast SEO Premium plugin v20.10 (Yoast SEO v24.3) - https:\/\/yoast.com\/wordpress\/plugins\/seo\/ -->\n<title>Comprar Ecom Smart-Ex 02 DZ1 - ALEGER \u22c6 Augmented Reality<\/title>\n<meta name=\"description\" content=\"El Smart-Ex 02 DZ1 de Ecom es el compa\u00f1ero ideal para su uso en exteriores en zonas peligrosas. Obtenga m\u00e1s informaci\u00f3n aqu\u00ed.\" \/>\n<meta name=\"robots\" content=\"index, follow, max-snippet:-1, max-image-preview:large, max-video-preview:-1\" \/>\n<meta property=\"og:locale\" content=\"es_ES\" \/>\n<meta property=\"og:type\" content=\"article\" \/>\n<meta property=\"og:title\" content=\"ecom Smart-Ex 02 DZ1, Smartphone con protecci\u00f3n Ex para Zona 1 ATEX, pantalla t\u00e1ctil de 5&quot;, Android\" \/>\n<meta property=\"og:description\" content=\"El Smart-Ex 02 DZ1 de Ecom es el compa\u00f1ero ideal para su uso en exteriores en zonas peligrosas. Obtenga m\u00e1s informaci\u00f3n aqu\u00ed.\" \/>\n<meta property=\"og:url\" content=\"https:\/\/alegerglobal.com\/es\/shop-es\/smartphone-de-la-industria\/ecom-smart-ex-02-dz1-2\/\" \/>\n<meta property=\"og:site_name\" content=\"ALEGER \u22c6 Augmented Reality\" \/>\n<meta property=\"og:image\" content=\"https:\/\/alegerglobal.com\/wp-content\/uploads\/2021\/01\/csm_smart-ex_02-tech_c6f7974c67.png\" \/>\n\t<meta property=\"og:image:width\" content=\"555\" \/>\n\t<meta property=\"og:image:height\" content=\"555\" \/>\n\t<meta property=\"og:image:type\" content=\"image\/png\" \/>\n<meta name=\"twitter:card\" content=\"summary_large_image\" \/>\n<meta name=\"twitter:label1\" content=\"Precio\" \/>\n\t<meta name=\"twitter:data1\" content=\"&euro;2.338,00\" \/>\n\t<meta name=\"twitter:label2\" content=\"Disponibilidad\" \/>\n\t<meta name=\"twitter:data2\" content=\"Disponible\" \/>\n<script type=\"application\/ld+json\" class=\"yoast-schema-graph\">{\"@context\":\"https:\/\/schema.org\",\"@graph\":[{\"@type\":\"WebPage\",\"@id\":\"https:\/\/alegerglobal.com\/es\/shop-es\/smartphone-de-la-industria\/ecom-smart-ex-02-dz1-2\/\",\"url\":\"https:\/\/alegerglobal.com\/es\/shop-es\/smartphone-de-la-industria\/ecom-smart-ex-02-dz1-2\/\",\"name\":\"Comprar Ecom Smart-Ex 02 DZ1 - ALEGER \u22c6 Augmented Reality\",\"isPartOf\":{\"@id\":\"https:\/\/alegerglobal.com\/es\/#website\"},\"primaryImageOfPage\":{\"@id\":\"https:\/\/alegerglobal.com\/es\/shop-es\/smartphone-de-la-industria\/ecom-smart-ex-02-dz1-2\/#primaryimage\"},\"image\":{\"@id\":\"https:\/\/alegerglobal.com\/es\/shop-es\/smartphone-de-la-industria\/ecom-smart-ex-02-dz1-2\/#primaryimage\"},\"thumbnailUrl\":\"https:\/\/alegerglobal.com\/wp-content\/uploads\/2021\/01\/csm_smart-ex_02-tech_c6f7974c67.png\",\"datePublished\":\"2022-05-18T11:27:39+00:00\",\"dateModified\":\"2022-05-18T11:27:39+00:00\",\"description\":\"El Smart-Ex 02 DZ1 de Ecom es el compa\u00f1ero ideal para su uso en exteriores en zonas peligrosas. Obtenga m\u00e1s informaci\u00f3n aqu\u00ed.\",\"breadcrumb\":{\"@id\":\"https:\/\/alegerglobal.com\/es\/shop-es\/smartphone-de-la-industria\/ecom-smart-ex-02-dz1-2\/#breadcrumb\"},\"inLanguage\":\"es\",\"potentialAction\":[{\"@type\":\"ReadAction\",\"target\":[\"https:\/\/alegerglobal.com\/es\/shop-es\/smartphone-de-la-industria\/ecom-smart-ex-02-dz1-2\/\"]}]},{\"@type\":\"ImageObject\",\"inLanguage\":\"es\",\"@id\":\"https:\/\/alegerglobal.com\/es\/shop-es\/smartphone-de-la-industria\/ecom-smart-ex-02-dz1-2\/#primaryimage\",\"url\":\"https:\/\/alegerglobal.com\/wp-content\/uploads\/2021\/01\/csm_smart-ex_02-tech_c6f7974c67.png\",\"contentUrl\":\"https:\/\/alegerglobal.com\/wp-content\/uploads\/2021\/01\/csm_smart-ex_02-tech_c6f7974c67.png\",\"width\":555,\"height\":555,\"caption\":\"ecom Smart-Ex 02 DZ1 - smartphone ex protegido\"},{\"@type\":\"BreadcrumbList\",\"@id\":\"https:\/\/alegerglobal.com\/es\/shop-es\/smartphone-de-la-industria\/ecom-smart-ex-02-dz1-2\/#breadcrumb\",\"itemListElement\":[{\"@type\":\"ListItem\",\"position\":1,\"name\":\"Home\",\"item\":\"https:\/\/alegerglobal.com\/es\/nuevo-pagina-de-inicio\/\"},{\"@type\":\"ListItem\",\"position\":2,\"name\":\"Productos\",\"item\":\"https:\/\/alegerglobal.com\/es\/productos\/\"},{\"@type\":\"ListItem\",\"position\":3,\"name\":\"ecom Smart-Ex 02 DZ1, Smartphone con protecci\u00f3n Ex para Zona 1 ATEX, pantalla t\u00e1ctil de 5&#8243;, Android\"}]},{\"@type\":\"WebSite\",\"@id\":\"https:\/\/alegerglobal.com\/es\/#website\",\"url\":\"https:\/\/alegerglobal.com\/es\/\",\"name\":\"ALEGER \u22c6 Augmented Reality\",\"description\":\"Die besten Augmented Reality (AR) L\u00f6sungen der Welt.\",\"publisher\":{\"@id\":\"https:\/\/alegerglobal.com\/es\/#organization\"},\"potentialAction\":[{\"@type\":\"SearchAction\",\"target\":{\"@type\":\"EntryPoint\",\"urlTemplate\":\"https:\/\/alegerglobal.com\/es\/?s={search_term_string}\"},\"query-input\":{\"@type\":\"PropertyValueSpecification\",\"valueRequired\":true,\"valueName\":\"search_term_string\"}}],\"inLanguage\":\"es\"},{\"@type\":\"Organization\",\"@id\":\"https:\/\/alegerglobal.com\/es\/#organization\",\"name\":\"ALEGER \u22c6 Augmented Reality\",\"url\":\"https:\/\/alegerglobal.com\/es\/\",\"logo\":{\"@type\":\"ImageObject\",\"inLanguage\":\"es\",\"@id\":\"https:\/\/alegerglobal.com\/es\/#\/schema\/logo\/image\/\",\"url\":\"https:\/\/alegerglobal.com\/wp-content\/uploads\/2020\/12\/aleger-logo-quadrat.jpg\",\"contentUrl\":\"https:\/\/alegerglobal.com\/wp-content\/uploads\/2020\/12\/aleger-logo-quadrat.jpg\",\"width\":200,\"height\":176,\"caption\":\"ALEGER \u22c6 Augmented Reality\"},\"image\":{\"@id\":\"https:\/\/alegerglobal.com\/es\/#\/schema\/logo\/image\/\"}}]}<\/script>\n<meta property=\"product:brand\" content=\"Ecom\" \/>\n<meta property=\"product:price:amount\" content=\"2338.00\" \/>\n<meta property=\"product:price:currency\" content=\"EUR\" \/>\n<meta property=\"og:availability\" content=\"instock\" \/>\n<meta property=\"product:availability\" content=\"instock\" \/>\n<meta property=\"product:condition\" content=\"new\" \/>\n<!-- \/ Yoast SEO Premium plugin. -->","yoast_head_json":{"title":"Comprar Ecom Smart-Ex 02 DZ1 - ALEGER \u22c6 Augmented Reality","description":"El Smart-Ex 02 DZ1 de Ecom es el compa\u00f1ero ideal para su uso en exteriores en zonas peligrosas. Obtenga m\u00e1s informaci\u00f3n aqu\u00ed.","robots":{"index":"index","follow":"follow","max-snippet":"max-snippet:-1","max-image-preview":"max-image-preview:large","max-video-preview":"max-video-preview:-1"},"og_locale":"es_ES","og_type":"article","og_title":"ecom Smart-Ex 02 DZ1, Smartphone con protecci\u00f3n Ex para Zona 1 ATEX, pantalla t\u00e1ctil de 5\", Android","og_description":"El Smart-Ex 02 DZ1 de Ecom es el compa\u00f1ero ideal para su uso en exteriores en zonas peligrosas. Obtenga m\u00e1s informaci\u00f3n aqu\u00ed.","og_url":"https:\/\/alegerglobal.com\/es\/shop-es\/smartphone-de-la-industria\/ecom-smart-ex-02-dz1-2\/","og_site_name":"ALEGER \u22c6 Augmented Reality","og_image":[{"width":555,"height":555,"url":"https:\/\/alegerglobal.com\/wp-content\/uploads\/2021\/01\/csm_smart-ex_02-tech_c6f7974c67.png","type":"image\/png"}],"twitter_card":"summary_large_image","twitter_misc":{"Precio":"&euro;2.338,00","Disponibilidad":"Disponible"},"schema":{"@context":"https:\/\/schema.org","@graph":[{"@type":"WebPage","@id":"https:\/\/alegerglobal.com\/es\/shop-es\/smartphone-de-la-industria\/ecom-smart-ex-02-dz1-2\/","url":"https:\/\/alegerglobal.com\/es\/shop-es\/smartphone-de-la-industria\/ecom-smart-ex-02-dz1-2\/","name":"Comprar Ecom Smart-Ex 02 DZ1 - ALEGER \u22c6 Augmented Reality","isPartOf":{"@id":"https:\/\/alegerglobal.com\/es\/#website"},"primaryImageOfPage":{"@id":"https:\/\/alegerglobal.com\/es\/shop-es\/smartphone-de-la-industria\/ecom-smart-ex-02-dz1-2\/#primaryimage"},"image":{"@id":"https:\/\/alegerglobal.com\/es\/shop-es\/smartphone-de-la-industria\/ecom-smart-ex-02-dz1-2\/#primaryimage"},"thumbnailUrl":"https:\/\/alegerglobal.com\/wp-content\/uploads\/2021\/01\/csm_smart-ex_02-tech_c6f7974c67.png","datePublished":"2022-05-18T11:27:39+00:00","dateModified":"2022-05-18T11:27:39+00:00","description":"El Smart-Ex 02 DZ1 de Ecom es el compa\u00f1ero ideal para su uso en exteriores en zonas peligrosas. Obtenga m\u00e1s informaci\u00f3n aqu\u00ed.","breadcrumb":{"@id":"https:\/\/alegerglobal.com\/es\/shop-es\/smartphone-de-la-industria\/ecom-smart-ex-02-dz1-2\/#breadcrumb"},"inLanguage":"es","potentialAction":[{"@type":"ReadAction","target":["https:\/\/alegerglobal.com\/es\/shop-es\/smartphone-de-la-industria\/ecom-smart-ex-02-dz1-2\/"]}]},{"@type":"ImageObject","inLanguage":"es","@id":"https:\/\/alegerglobal.com\/es\/shop-es\/smartphone-de-la-industria\/ecom-smart-ex-02-dz1-2\/#primaryimage","url":"https:\/\/alegerglobal.com\/wp-content\/uploads\/2021\/01\/csm_smart-ex_02-tech_c6f7974c67.png","contentUrl":"https:\/\/alegerglobal.com\/wp-content\/uploads\/2021\/01\/csm_smart-ex_02-tech_c6f7974c67.png","width":555,"height":555,"caption":"ecom Smart-Ex 02 DZ1 - smartphone ex protegido"},{"@type":"BreadcrumbList","@id":"https:\/\/alegerglobal.com\/es\/shop-es\/smartphone-de-la-industria\/ecom-smart-ex-02-dz1-2\/#breadcrumb","itemListElement":[{"@type":"ListItem","position":1,"name":"Home","item":"https:\/\/alegerglobal.com\/es\/nuevo-pagina-de-inicio\/"},{"@type":"ListItem","position":2,"name":"Productos","item":"https:\/\/alegerglobal.com\/es\/productos\/"},{"@type":"ListItem","position":3,"name":"ecom Smart-Ex 02 DZ1, Smartphone con protecci\u00f3n Ex para Zona 1 ATEX, pantalla t\u00e1ctil de 5&#8243;, Android"}]},{"@type":"WebSite","@id":"https:\/\/alegerglobal.com\/es\/#website","url":"https:\/\/alegerglobal.com\/es\/","name":"ALEGER \u22c6 Augmented Reality","description":"Die besten Augmented Reality (AR) L\u00f6sungen der Welt.","publisher":{"@id":"https:\/\/alegerglobal.com\/es\/#organization"},"potentialAction":[{"@type":"SearchAction","target":{"@type":"EntryPoint","urlTemplate":"https:\/\/alegerglobal.com\/es\/?s={search_term_string}"},"query-input":{"@type":"PropertyValueSpecification","valueRequired":true,"valueName":"search_term_string"}}],"inLanguage":"es"},{"@type":"Organization","@id":"https:\/\/alegerglobal.com\/es\/#organization","name":"ALEGER \u22c6 Augmented Reality","url":"https:\/\/alegerglobal.com\/es\/","logo":{"@type":"ImageObject","inLanguage":"es","@id":"https:\/\/alegerglobal.com\/es\/#\/schema\/logo\/image\/","url":"https:\/\/alegerglobal.com\/wp-content\/uploads\/2020\/12\/aleger-logo-quadrat.jpg","contentUrl":"https:\/\/alegerglobal.com\/wp-content\/uploads\/2020\/12\/aleger-logo-quadrat.jpg","width":200,"height":176,"caption":"ALEGER \u22c6 Augmented Reality"},"image":{"@id":"https:\/\/alegerglobal.com\/es\/#\/schema\/logo\/image\/"}}]},"product_brand":"Ecom","product_price_amount":"2338.00","product_price_currency":"EUR","og_availability":"instock","product_availability":"instock","product_condition":"new"},"_links":{"self":[{"href":"https:\/\/alegerglobal.com\/es\/wp-json\/wp\/v2\/product\/34527","targetHints":{"allow":["GET"]}}],"collection":[{"href":"https:\/\/alegerglobal.com\/es\/wp-json\/wp\/v2\/product"}],"about":[{"href":"https:\/\/alegerglobal.com\/es\/wp-json\/wp\/v2\/types\/product"}],"replies":[{"embeddable":true,"href":"https:\/\/alegerglobal.com\/es\/wp-json\/wp\/v2\/comments?post=34527"}],"version-history":[{"count":0,"href":"https:\/\/alegerglobal.com\/es\/wp-json\/wp\/v2\/product\/34527\/revisions"}],"wp:featuredmedia":[{"embeddable":true,"href":"https:\/\/alegerglobal.com\/es\/wp-json\/wp\/v2\/media\/20180"}],"wp:attachment":[{"href":"https:\/\/alegerglobal.com\/es\/wp-json\/wp\/v2\/media?parent=34527"}],"wp:term":[{"taxonomy":"product_brand","embeddable":true,"href":"https:\/\/alegerglobal.com\/es\/wp-json\/wp\/v2\/product_brand?post=34527"},{"taxonomy":"product_cat","embeddable":true,"href":"https:\/\/alegerglobal.com\/es\/wp-json\/wp\/v2\/product_cat?post=34527"},{"taxonomy":"product_tag","embeddable":true,"href":"https:\/\/alegerglobal.com\/es\/wp-json\/wp\/v2\/product_tag?post=34527"}],"curies":[{"name":"wp","href":"https:\/\/api.w.org\/{rel}","templated":true}]}}