{"id":34526,"date":"2021-03-07T08:00:49","date_gmt":"2022-05-18T11:27:37","guid":{"rendered":"https:\/\/alegerglobal.com\/sin categor\u00eda\/ecom-ident-ex-01-lector-de-codigos-de-barras-y-rfid-con-proteccion-ex-zona-1-atex\/"},"modified":"2022-05-18T12:27:37","modified_gmt":"2022-05-18T11:27:37","slug":"ecom-ident-ex-01-2","status":"publish","type":"product","link":"https:\/\/alegerglobal.com\/es\/shop-es\/ecom-ident-ex-01-2\/","title":{"rendered":"ecom Ident-Ex\u00ae 01 Lector de c\u00f3digos de barras y RFID con protecci\u00f3n Ex, Zona 1 ATEX"},"content":{"rendered":"","protected":false},"excerpt":{"rendered":"<ul>\n<li style=\"font-weight: 400;\"><b>Para atm\u00f3sferas potencialmente explosivas:<\/b><span style=\"font-weight: 400;\"> Con la aprobaci\u00f3n de<\/span><span style=\"font-weight: 400;\"> Ex Zona 1<\/span><span style=\"font-weight: 400;\">\/21 y Clase 1\/ Div 1, uso mundial de acuerdo con la<\/span><span style=\"font-weight: 400;\"> ATEX<\/span><span style=\"font-weight: 400;\"> directivas.<\/span><\/li>\n<li><b>Para la exploraci\u00f3n intensiva: <\/b><span style=\"font-weight: 400;\">Gracias a la potente bater\u00eda de iones de litio reemplazable, puede realizar hasta 10.000 exploraciones con una sola carga.<\/span><\/li>\n<li style=\"font-weight: 400;\"><b>Sistema modular fiable: <\/b><span style=\"font-weight: 400;\">Se pueden satisfacer diferentes necesidades seleccionando distintos m\u00f3dulos de cabezal.<\/span><\/li>\n<li><b>Funcionamiento intuitivo:<\/b><span style=\"font-weight: 400;\"> La unidad se puede manejar con una sola mano para simplificar los procesos de trabajo de la mejor manera posible. <\/span> <\/li>\n<li><b>Para distancias largas<\/b>: Los c\u00f3digos de barras se pueden escanear f\u00e1cilmente a una distancia de hasta 15 m para facilitar el trabajo en zonas de dif\u00edcil acceso.<\/li>\n<\/ul>\n","protected":false},"featured_media":21074,"comment_status":"open","ping_status":"closed","template":"","meta":{"_acf_changed":false},"product_brand":[],"product_cat":[1340,1341],"product_tag":[],"class_list":{"0":"post-34526","1":"product","2":"type-product","3":"status-publish","4":"has-post-thumbnail","6":"product_cat-atex-es","7":"product_cat-shop-es","9":"first","10":"instock","11":"taxable","12":"shipping-taxable","13":"purchasable","14":"product-type-simple"},"acf":[],"yoast_head":"<!-- This site is optimized with the Yoast SEO Premium plugin v20.10 (Yoast SEO v24.3) - https:\/\/yoast.com\/wordpress\/plugins\/seo\/ -->\n<title>Comprar Ident-Ex\u00ae 01 en ecom online - ALEGER \u22c6 Augmented Reality<\/title>\n<meta name=\"description\" content=\"Con el esc\u00e1ner de c\u00f3digo de barras y el lector RFID de ecom, puede capturar datos incluso a grandes distancias. Descubra el esc\u00e1ner Ident-Ex para Atex Zona 1\" \/>\n<meta name=\"robots\" content=\"index, follow, max-snippet:-1, max-image-preview:large, max-video-preview:-1\" \/>\n<meta property=\"og:locale\" content=\"es_ES\" \/>\n<meta property=\"og:type\" content=\"article\" \/>\n<meta property=\"og:title\" content=\"ecom Ident-Ex\u00ae 01 Lector de c\u00f3digos de barras y RFID con protecci\u00f3n Ex, Zona 1 ATEX\" \/>\n<meta property=\"og:description\" content=\"Con el esc\u00e1ner de c\u00f3digo de barras y el lector RFID de ecom, puede capturar datos incluso a grandes distancias. Descubra el esc\u00e1ner Ident-Ex para Atex Zona 1\" \/>\n<meta property=\"og:url\" content=\"https:\/\/alegerglobal.com\/es\/shop-es\/ecom-ident-ex-01-2\/\" \/>\n<meta property=\"og:site_name\" content=\"ALEGER \u22c6 Augmented Reality\" \/>\n<meta property=\"og:image\" content=\"https:\/\/alegerglobal.com\/wp-content\/uploads\/2021\/03\/Unbenannt-43.jpg\" \/>\n\t<meta property=\"og:image:width\" content=\"800\" \/>\n\t<meta property=\"og:image:height\" content=\"800\" \/>\n\t<meta property=\"og:image:type\" content=\"image\/jpeg\" \/>\n<meta name=\"twitter:card\" content=\"summary_large_image\" \/>\n<meta name=\"twitter:label1\" content=\"Precio\" \/>\n\t<meta name=\"twitter:data1\" content=\"&euro;1.790,00\" \/>\n\t<meta name=\"twitter:label2\" content=\"Disponibilidad\" \/>\n\t<meta name=\"twitter:data2\" content=\"Disponible\" \/>\n<script type=\"application\/ld+json\" class=\"yoast-schema-graph\">{\"@context\":\"https:\/\/schema.org\",\"@graph\":[{\"@type\":\"WebPage\",\"@id\":\"https:\/\/alegerglobal.com\/es\/shop-es\/ecom-ident-ex-01-2\/\",\"url\":\"https:\/\/alegerglobal.com\/es\/shop-es\/ecom-ident-ex-01-2\/\",\"name\":\"Comprar Ident-Ex\u00ae 01 en ecom online - ALEGER \u22c6 Augmented Reality\",\"isPartOf\":{\"@id\":\"https:\/\/alegerglobal.com\/es\/#website\"},\"primaryImageOfPage\":{\"@id\":\"https:\/\/alegerglobal.com\/es\/shop-es\/ecom-ident-ex-01-2\/#primaryimage\"},\"image\":{\"@id\":\"https:\/\/alegerglobal.com\/es\/shop-es\/ecom-ident-ex-01-2\/#primaryimage\"},\"thumbnailUrl\":\"https:\/\/alegerglobal.com\/wp-content\/uploads\/2021\/03\/Unbenannt-43.jpg\",\"datePublished\":\"2022-05-18T11:27:37+00:00\",\"dateModified\":\"2022-05-18T11:27:37+00:00\",\"description\":\"Con el esc\u00e1ner de c\u00f3digo de barras y el lector RFID de ecom, puede capturar datos incluso a grandes distancias. Descubra el esc\u00e1ner Ident-Ex para Atex Zona 1\",\"breadcrumb\":{\"@id\":\"https:\/\/alegerglobal.com\/es\/shop-es\/ecom-ident-ex-01-2\/#breadcrumb\"},\"inLanguage\":\"es\",\"potentialAction\":[{\"@type\":\"ReadAction\",\"target\":[\"https:\/\/alegerglobal.com\/es\/shop-es\/ecom-ident-ex-01-2\/\"]}]},{\"@type\":\"ImageObject\",\"inLanguage\":\"es\",\"@id\":\"https:\/\/alegerglobal.com\/es\/shop-es\/ecom-ident-ex-01-2\/#primaryimage\",\"url\":\"https:\/\/alegerglobal.com\/wp-content\/uploads\/2021\/03\/Unbenannt-43.jpg\",\"contentUrl\":\"https:\/\/alegerglobal.com\/wp-content\/uploads\/2021\/03\/Unbenannt-43.jpg\",\"width\":800,\"height\":800},{\"@type\":\"BreadcrumbList\",\"@id\":\"https:\/\/alegerglobal.com\/es\/shop-es\/ecom-ident-ex-01-2\/#breadcrumb\",\"itemListElement\":[{\"@type\":\"ListItem\",\"position\":1,\"name\":\"Home\",\"item\":\"https:\/\/alegerglobal.com\/es\/nuevo-pagina-de-inicio\/\"},{\"@type\":\"ListItem\",\"position\":2,\"name\":\"Productos\",\"item\":\"https:\/\/alegerglobal.com\/es\/productos\/\"},{\"@type\":\"ListItem\",\"position\":3,\"name\":\"ecom Ident-Ex\u00ae 01 Lector de c\u00f3digos de barras y RFID con protecci\u00f3n Ex, Zona 1 ATEX\"}]},{\"@type\":\"WebSite\",\"@id\":\"https:\/\/alegerglobal.com\/es\/#website\",\"url\":\"https:\/\/alegerglobal.com\/es\/\",\"name\":\"ALEGER \u22c6 Augmented Reality\",\"description\":\"Die besten Augmented Reality (AR) L\u00f6sungen der Welt.\",\"publisher\":{\"@id\":\"https:\/\/alegerglobal.com\/es\/#organization\"},\"potentialAction\":[{\"@type\":\"SearchAction\",\"target\":{\"@type\":\"EntryPoint\",\"urlTemplate\":\"https:\/\/alegerglobal.com\/es\/?s={search_term_string}\"},\"query-input\":{\"@type\":\"PropertyValueSpecification\",\"valueRequired\":true,\"valueName\":\"search_term_string\"}}],\"inLanguage\":\"es\"},{\"@type\":\"Organization\",\"@id\":\"https:\/\/alegerglobal.com\/es\/#organization\",\"name\":\"ALEGER \u22c6 Augmented Reality\",\"url\":\"https:\/\/alegerglobal.com\/es\/\",\"logo\":{\"@type\":\"ImageObject\",\"inLanguage\":\"es\",\"@id\":\"https:\/\/alegerglobal.com\/es\/#\/schema\/logo\/image\/\",\"url\":\"https:\/\/alegerglobal.com\/wp-content\/uploads\/2020\/12\/aleger-logo-quadrat.jpg\",\"contentUrl\":\"https:\/\/alegerglobal.com\/wp-content\/uploads\/2020\/12\/aleger-logo-quadrat.jpg\",\"width\":200,\"height\":176,\"caption\":\"ALEGER \u22c6 Augmented Reality\"},\"image\":{\"@id\":\"https:\/\/alegerglobal.com\/es\/#\/schema\/logo\/image\/\"}}]}<\/script>\n<meta property=\"product:price:amount\" content=\"1790.00\" \/>\n<meta property=\"product:price:currency\" content=\"EUR\" \/>\n<meta property=\"og:availability\" content=\"instock\" \/>\n<meta property=\"product:availability\" content=\"instock\" \/>\n<meta property=\"product:condition\" content=\"new\" \/>\n<!-- \/ Yoast SEO Premium plugin. -->","yoast_head_json":{"title":"Comprar Ident-Ex\u00ae 01 en ecom online - ALEGER \u22c6 Augmented Reality","description":"Con el esc\u00e1ner de c\u00f3digo de barras y el lector RFID de ecom, puede capturar datos incluso a grandes distancias. Descubra el esc\u00e1ner Ident-Ex para Atex Zona 1","robots":{"index":"index","follow":"follow","max-snippet":"max-snippet:-1","max-image-preview":"max-image-preview:large","max-video-preview":"max-video-preview:-1"},"og_locale":"es_ES","og_type":"article","og_title":"ecom Ident-Ex\u00ae 01 Lector de c\u00f3digos de barras y RFID con protecci\u00f3n Ex, Zona 1 ATEX","og_description":"Con el esc\u00e1ner de c\u00f3digo de barras y el lector RFID de ecom, puede capturar datos incluso a grandes distancias. Descubra el esc\u00e1ner Ident-Ex para Atex Zona 1","og_url":"https:\/\/alegerglobal.com\/es\/shop-es\/ecom-ident-ex-01-2\/","og_site_name":"ALEGER \u22c6 Augmented Reality","og_image":[{"width":800,"height":800,"url":"https:\/\/alegerglobal.com\/wp-content\/uploads\/2021\/03\/Unbenannt-43.jpg","type":"image\/jpeg"}],"twitter_card":"summary_large_image","twitter_misc":{"Precio":"&euro;1.790,00","Disponibilidad":"Disponible"},"schema":{"@context":"https:\/\/schema.org","@graph":[{"@type":"WebPage","@id":"https:\/\/alegerglobal.com\/es\/shop-es\/ecom-ident-ex-01-2\/","url":"https:\/\/alegerglobal.com\/es\/shop-es\/ecom-ident-ex-01-2\/","name":"Comprar Ident-Ex\u00ae 01 en ecom online - ALEGER \u22c6 Augmented Reality","isPartOf":{"@id":"https:\/\/alegerglobal.com\/es\/#website"},"primaryImageOfPage":{"@id":"https:\/\/alegerglobal.com\/es\/shop-es\/ecom-ident-ex-01-2\/#primaryimage"},"image":{"@id":"https:\/\/alegerglobal.com\/es\/shop-es\/ecom-ident-ex-01-2\/#primaryimage"},"thumbnailUrl":"https:\/\/alegerglobal.com\/wp-content\/uploads\/2021\/03\/Unbenannt-43.jpg","datePublished":"2022-05-18T11:27:37+00:00","dateModified":"2022-05-18T11:27:37+00:00","description":"Con el esc\u00e1ner de c\u00f3digo de barras y el lector RFID de ecom, puede capturar datos incluso a grandes distancias. Descubra el esc\u00e1ner Ident-Ex para Atex Zona 1","breadcrumb":{"@id":"https:\/\/alegerglobal.com\/es\/shop-es\/ecom-ident-ex-01-2\/#breadcrumb"},"inLanguage":"es","potentialAction":[{"@type":"ReadAction","target":["https:\/\/alegerglobal.com\/es\/shop-es\/ecom-ident-ex-01-2\/"]}]},{"@type":"ImageObject","inLanguage":"es","@id":"https:\/\/alegerglobal.com\/es\/shop-es\/ecom-ident-ex-01-2\/#primaryimage","url":"https:\/\/alegerglobal.com\/wp-content\/uploads\/2021\/03\/Unbenannt-43.jpg","contentUrl":"https:\/\/alegerglobal.com\/wp-content\/uploads\/2021\/03\/Unbenannt-43.jpg","width":800,"height":800},{"@type":"BreadcrumbList","@id":"https:\/\/alegerglobal.com\/es\/shop-es\/ecom-ident-ex-01-2\/#breadcrumb","itemListElement":[{"@type":"ListItem","position":1,"name":"Home","item":"https:\/\/alegerglobal.com\/es\/nuevo-pagina-de-inicio\/"},{"@type":"ListItem","position":2,"name":"Productos","item":"https:\/\/alegerglobal.com\/es\/productos\/"},{"@type":"ListItem","position":3,"name":"ecom Ident-Ex\u00ae 01 Lector de c\u00f3digos de barras y RFID con protecci\u00f3n Ex, Zona 1 ATEX"}]},{"@type":"WebSite","@id":"https:\/\/alegerglobal.com\/es\/#website","url":"https:\/\/alegerglobal.com\/es\/","name":"ALEGER \u22c6 Augmented Reality","description":"Die besten Augmented Reality (AR) L\u00f6sungen der Welt.","publisher":{"@id":"https:\/\/alegerglobal.com\/es\/#organization"},"potentialAction":[{"@type":"SearchAction","target":{"@type":"EntryPoint","urlTemplate":"https:\/\/alegerglobal.com\/es\/?s={search_term_string}"},"query-input":{"@type":"PropertyValueSpecification","valueRequired":true,"valueName":"search_term_string"}}],"inLanguage":"es"},{"@type":"Organization","@id":"https:\/\/alegerglobal.com\/es\/#organization","name":"ALEGER \u22c6 Augmented Reality","url":"https:\/\/alegerglobal.com\/es\/","logo":{"@type":"ImageObject","inLanguage":"es","@id":"https:\/\/alegerglobal.com\/es\/#\/schema\/logo\/image\/","url":"https:\/\/alegerglobal.com\/wp-content\/uploads\/2020\/12\/aleger-logo-quadrat.jpg","contentUrl":"https:\/\/alegerglobal.com\/wp-content\/uploads\/2020\/12\/aleger-logo-quadrat.jpg","width":200,"height":176,"caption":"ALEGER \u22c6 Augmented Reality"},"image":{"@id":"https:\/\/alegerglobal.com\/es\/#\/schema\/logo\/image\/"}}]},"product_price_amount":"1790.00","product_price_currency":"EUR","og_availability":"instock","product_availability":"instock","product_condition":"new"},"_links":{"self":[{"href":"https:\/\/alegerglobal.com\/es\/wp-json\/wp\/v2\/product\/34526","targetHints":{"allow":["GET"]}}],"collection":[{"href":"https:\/\/alegerglobal.com\/es\/wp-json\/wp\/v2\/product"}],"about":[{"href":"https:\/\/alegerglobal.com\/es\/wp-json\/wp\/v2\/types\/product"}],"replies":[{"embeddable":true,"href":"https:\/\/alegerglobal.com\/es\/wp-json\/wp\/v2\/comments?post=34526"}],"version-history":[{"count":0,"href":"https:\/\/alegerglobal.com\/es\/wp-json\/wp\/v2\/product\/34526\/revisions"}],"wp:featuredmedia":[{"embeddable":true,"href":"https:\/\/alegerglobal.com\/es\/wp-json\/wp\/v2\/media\/21074"}],"wp:attachment":[{"href":"https:\/\/alegerglobal.com\/es\/wp-json\/wp\/v2\/media?parent=34526"}],"wp:term":[{"taxonomy":"product_brand","embeddable":true,"href":"https:\/\/alegerglobal.com\/es\/wp-json\/wp\/v2\/product_brand?post=34526"},{"taxonomy":"product_cat","embeddable":true,"href":"https:\/\/alegerglobal.com\/es\/wp-json\/wp\/v2\/product_cat?post=34526"},{"taxonomy":"product_tag","embeddable":true,"href":"https:\/\/alegerglobal.com\/es\/wp-json\/wp\/v2\/product_tag?post=34526"}],"curies":[{"name":"wp","href":"https:\/\/api.w.org\/{rel}","templated":true}]}}