{"id":34524,"date":"2021-03-07T09:03:35","date_gmt":"2022-05-18T11:27:37","guid":{"rendered":"https:\/\/alegerglobal.com\/sin categor\u00eda\/ecom-ex-handy-10-dz1-telefono-movil-con-proteccion-ex-para-atex-zona-1-pantalla-tactil-de-26-android\/"},"modified":"2022-05-18T12:27:37","modified_gmt":"2022-05-18T11:27:37","slug":"ex-handy-10-dz1-2","status":"publish","type":"product","link":"https:\/\/alegerglobal.com\/es\/shop-es\/ex-handy-10-dz1-2\/","title":{"rendered":"ecom Ex-Handy 10 DZ1, tel\u00e9fono m\u00f3vil con protecci\u00f3n Ex para ATEX Zona 1, pantalla t\u00e1ctil de 2,6&#8243;, Android"},"content":{"rendered":"","protected":false},"excerpt":{"rendered":"<ul>\n<li style=\"font-weight: 400;\" aria-level=\"1\"><b>Aprobaci\u00f3n para<\/b><b> Zona Ex<\/b><b> 1\/21 y Clase 1\/ Div 1:<\/b><span style=\"font-weight: 400;\"> Posibilidades de aplicaci\u00f3n en todo el mundo seg\u00fan<\/span><span style=\"font-weight: 400;\"> ATEX<\/span><span style=\"font-weight: 400;\"> directivas para atm\u00f3sferas potencialmente explosivas.<\/span><\/li>\n<li style=\"font-weight: 400;\" aria-level=\"1\"><b>Pantalla t\u00e1ctil y teclado: <\/b>La pantalla de 2,6&#8243; est\u00e1 protegida con Gorilla\u00ae Glass y ofrece una excelente legibilidad incluso a la luz del sol. La Ex-Handy 10 puede utilizarse en condiciones de humedad e incluso con guantes puestos sin ning\u00fan problema.<\/li>\n<li style=\"font-weight: 400;\" aria-level=\"1\"><b>Bater\u00eda de 4400 mAh:<\/b> Para dominar sin problemas incluso las largas jornadas de trabajo, en este tel\u00e9fono m\u00f3vil con protecci\u00f3n Ex se utiliza una potente bater\u00eda con una autonom\u00eda de primera clase.<\/li>\n<li style=\"font-weight: 400;\" aria-level=\"1\"><b>Botones programables<\/b>: Las opciones de ajuste individuales seg\u00fan el \u00e1rea de uso y la funci\u00f3n \u00abpulsar para hablar\u00bb permiten un uso especialmente sencillo.<\/li>\n<li style=\"font-weight: 400;\" aria-level=\"1\"><b>Seguridad para los empleados: <\/b>adem\u00e1s de la protecci\u00f3n contra explosiones, la protecci\u00f3n para trabajadores solitarios proporciona de forma fiable seguridad adicional en el lugar de trabajo.<\/li>\n<li style=\"font-weight: 400;\" aria-level=\"1\"><b>Un compa\u00f1ero fiable: <\/b>para soportar los rigores diarios del trabajo, el robusto smartphone est\u00e1 protegido contra la humedad, los productos qu\u00edmicos, las vibraciones, el polvo y la luz solar.<\/li>\n<\/ul>\n","protected":false},"featured_media":20511,"comment_status":"open","ping_status":"closed","template":"","meta":{"_acf_changed":false},"product_brand":[],"product_cat":[1340,1341],"product_tag":[],"class_list":{"0":"post-34524","1":"product","2":"type-product","3":"status-publish","4":"has-post-thumbnail","6":"product_cat-atex-es","7":"product_cat-shop-es","8":"pa_hersteller-ecom-es","10":"first","11":"instock","12":"taxable","13":"shipping-taxable","14":"purchasable","15":"product-type-simple"},"acf":[],"yoast_head":"<!-- This site is optimized with the Yoast SEO Premium plugin v20.10 (Yoast SEO v24.3) - https:\/\/yoast.com\/wordpress\/plugins\/seo\/ -->\n<title>Comprar ecom Ex-Handy 10 DZ1 aqu\u00ed ahora - ALEGER \u22c6 Augmented Reality<\/title>\n<meta name=\"description\" content=\"Con el 10 DZ1 de ecom para la zona peligrosa, siempre estar\u00e1 en contacto con sus empleados. Disponible aqu\u00ed en ALEGER.\" \/>\n<meta name=\"robots\" content=\"index, follow, max-snippet:-1, max-image-preview:large, max-video-preview:-1\" \/>\n<meta property=\"og:locale\" content=\"es_ES\" \/>\n<meta property=\"og:type\" content=\"article\" \/>\n<meta property=\"og:title\" content=\"ecom Ex-Handy 10 DZ1, tel\u00e9fono m\u00f3vil con protecci\u00f3n Ex para ATEX Zona 1, pantalla t\u00e1ctil de 2,6&quot;, Android\" \/>\n<meta property=\"og:description\" content=\"Con el 10 DZ1 de ecom para la zona peligrosa, siempre estar\u00e1 en contacto con sus empleados. Disponible aqu\u00ed en ALEGER.\" \/>\n<meta property=\"og:url\" content=\"https:\/\/alegerglobal.com\/es\/shop-es\/ex-handy-10-dz1-2\/\" \/>\n<meta property=\"og:site_name\" content=\"ALEGER \u22c6 Augmented Reality\" \/>\n<meta property=\"og:image\" content=\"https:\/\/alegerglobal.com\/wp-content\/uploads\/2021\/02\/ex-handy_10_dz1_teaser_1.png\" \/>\n\t<meta property=\"og:image:width\" content=\"800\" \/>\n\t<meta property=\"og:image:height\" content=\"800\" \/>\n\t<meta property=\"og:image:type\" content=\"image\/png\" \/>\n<meta name=\"twitter:card\" content=\"summary_large_image\" \/>\n<meta name=\"twitter:label1\" content=\"Precio\" \/>\n\t<meta name=\"twitter:data1\" content=\"&euro;1.499,99\" \/>\n\t<meta name=\"twitter:label2\" content=\"Disponibilidad\" \/>\n\t<meta name=\"twitter:data2\" content=\"Disponible\" \/>\n<script type=\"application\/ld+json\" class=\"yoast-schema-graph\">{\"@context\":\"https:\/\/schema.org\",\"@graph\":[{\"@type\":\"WebPage\",\"@id\":\"https:\/\/alegerglobal.com\/es\/shop-es\/ex-handy-10-dz1-2\/\",\"url\":\"https:\/\/alegerglobal.com\/es\/shop-es\/ex-handy-10-dz1-2\/\",\"name\":\"Comprar ecom Ex-Handy 10 DZ1 aqu\u00ed ahora - ALEGER \u22c6 Augmented Reality\",\"isPartOf\":{\"@id\":\"https:\/\/alegerglobal.com\/es\/#website\"},\"primaryImageOfPage\":{\"@id\":\"https:\/\/alegerglobal.com\/es\/shop-es\/ex-handy-10-dz1-2\/#primaryimage\"},\"image\":{\"@id\":\"https:\/\/alegerglobal.com\/es\/shop-es\/ex-handy-10-dz1-2\/#primaryimage\"},\"thumbnailUrl\":\"https:\/\/alegerglobal.com\/wp-content\/uploads\/2021\/02\/ex-handy_10_dz1_teaser_1.png\",\"datePublished\":\"2022-05-18T11:27:37+00:00\",\"dateModified\":\"2022-05-18T11:27:37+00:00\",\"description\":\"Con el 10 DZ1 de ecom para la zona peligrosa, siempre estar\u00e1 en contacto con sus empleados. Disponible aqu\u00ed en ALEGER.\",\"breadcrumb\":{\"@id\":\"https:\/\/alegerglobal.com\/es\/shop-es\/ex-handy-10-dz1-2\/#breadcrumb\"},\"inLanguage\":\"es\",\"potentialAction\":[{\"@type\":\"ReadAction\",\"target\":[\"https:\/\/alegerglobal.com\/es\/shop-es\/ex-handy-10-dz1-2\/\"]}]},{\"@type\":\"ImageObject\",\"inLanguage\":\"es\",\"@id\":\"https:\/\/alegerglobal.com\/es\/shop-es\/ex-handy-10-dz1-2\/#primaryimage\",\"url\":\"https:\/\/alegerglobal.com\/wp-content\/uploads\/2021\/02\/ex-handy_10_dz1_teaser_1.png\",\"contentUrl\":\"https:\/\/alegerglobal.com\/wp-content\/uploads\/2021\/02\/ex-handy_10_dz1_teaser_1.png\",\"width\":800,\"height\":800,\"caption\":\"ecom Ex-Handy 10 DZ1\"},{\"@type\":\"BreadcrumbList\",\"@id\":\"https:\/\/alegerglobal.com\/es\/shop-es\/ex-handy-10-dz1-2\/#breadcrumb\",\"itemListElement\":[{\"@type\":\"ListItem\",\"position\":1,\"name\":\"Home\",\"item\":\"https:\/\/alegerglobal.com\/es\/nuevo-pagina-de-inicio\/\"},{\"@type\":\"ListItem\",\"position\":2,\"name\":\"Productos\",\"item\":\"https:\/\/alegerglobal.com\/es\/productos\/\"},{\"@type\":\"ListItem\",\"position\":3,\"name\":\"ecom Ex-Handy 10 DZ1, tel\u00e9fono m\u00f3vil con protecci\u00f3n Ex para ATEX Zona 1, pantalla t\u00e1ctil de 2,6&#8243;, Android\"}]},{\"@type\":\"WebSite\",\"@id\":\"https:\/\/alegerglobal.com\/es\/#website\",\"url\":\"https:\/\/alegerglobal.com\/es\/\",\"name\":\"ALEGER \u22c6 Augmented Reality\",\"description\":\"Die besten Augmented Reality (AR) L\u00f6sungen der Welt.\",\"publisher\":{\"@id\":\"https:\/\/alegerglobal.com\/es\/#organization\"},\"potentialAction\":[{\"@type\":\"SearchAction\",\"target\":{\"@type\":\"EntryPoint\",\"urlTemplate\":\"https:\/\/alegerglobal.com\/es\/?s={search_term_string}\"},\"query-input\":{\"@type\":\"PropertyValueSpecification\",\"valueRequired\":true,\"valueName\":\"search_term_string\"}}],\"inLanguage\":\"es\"},{\"@type\":\"Organization\",\"@id\":\"https:\/\/alegerglobal.com\/es\/#organization\",\"name\":\"ALEGER \u22c6 Augmented Reality\",\"url\":\"https:\/\/alegerglobal.com\/es\/\",\"logo\":{\"@type\":\"ImageObject\",\"inLanguage\":\"es\",\"@id\":\"https:\/\/alegerglobal.com\/es\/#\/schema\/logo\/image\/\",\"url\":\"https:\/\/alegerglobal.com\/wp-content\/uploads\/2020\/12\/aleger-logo-quadrat.jpg\",\"contentUrl\":\"https:\/\/alegerglobal.com\/wp-content\/uploads\/2020\/12\/aleger-logo-quadrat.jpg\",\"width\":200,\"height\":176,\"caption\":\"ALEGER \u22c6 Augmented Reality\"},\"image\":{\"@id\":\"https:\/\/alegerglobal.com\/es\/#\/schema\/logo\/image\/\"}}]}<\/script>\n<meta property=\"product:brand\" content=\"Ecom\" \/>\n<meta property=\"product:price:amount\" content=\"1499.99\" \/>\n<meta property=\"product:price:currency\" content=\"EUR\" \/>\n<meta property=\"og:availability\" content=\"instock\" \/>\n<meta property=\"product:availability\" content=\"instock\" \/>\n<meta property=\"product:condition\" content=\"new\" \/>\n<!-- \/ Yoast SEO Premium plugin. -->","yoast_head_json":{"title":"Comprar ecom Ex-Handy 10 DZ1 aqu\u00ed ahora - ALEGER \u22c6 Augmented Reality","description":"Con el 10 DZ1 de ecom para la zona peligrosa, siempre estar\u00e1 en contacto con sus empleados. Disponible aqu\u00ed en ALEGER.","robots":{"index":"index","follow":"follow","max-snippet":"max-snippet:-1","max-image-preview":"max-image-preview:large","max-video-preview":"max-video-preview:-1"},"og_locale":"es_ES","og_type":"article","og_title":"ecom Ex-Handy 10 DZ1, tel\u00e9fono m\u00f3vil con protecci\u00f3n Ex para ATEX Zona 1, pantalla t\u00e1ctil de 2,6\", Android","og_description":"Con el 10 DZ1 de ecom para la zona peligrosa, siempre estar\u00e1 en contacto con sus empleados. Disponible aqu\u00ed en ALEGER.","og_url":"https:\/\/alegerglobal.com\/es\/shop-es\/ex-handy-10-dz1-2\/","og_site_name":"ALEGER \u22c6 Augmented Reality","og_image":[{"width":800,"height":800,"url":"https:\/\/alegerglobal.com\/wp-content\/uploads\/2021\/02\/ex-handy_10_dz1_teaser_1.png","type":"image\/png"}],"twitter_card":"summary_large_image","twitter_misc":{"Precio":"&euro;1.499,99","Disponibilidad":"Disponible"},"schema":{"@context":"https:\/\/schema.org","@graph":[{"@type":"WebPage","@id":"https:\/\/alegerglobal.com\/es\/shop-es\/ex-handy-10-dz1-2\/","url":"https:\/\/alegerglobal.com\/es\/shop-es\/ex-handy-10-dz1-2\/","name":"Comprar ecom Ex-Handy 10 DZ1 aqu\u00ed ahora - ALEGER \u22c6 Augmented Reality","isPartOf":{"@id":"https:\/\/alegerglobal.com\/es\/#website"},"primaryImageOfPage":{"@id":"https:\/\/alegerglobal.com\/es\/shop-es\/ex-handy-10-dz1-2\/#primaryimage"},"image":{"@id":"https:\/\/alegerglobal.com\/es\/shop-es\/ex-handy-10-dz1-2\/#primaryimage"},"thumbnailUrl":"https:\/\/alegerglobal.com\/wp-content\/uploads\/2021\/02\/ex-handy_10_dz1_teaser_1.png","datePublished":"2022-05-18T11:27:37+00:00","dateModified":"2022-05-18T11:27:37+00:00","description":"Con el 10 DZ1 de ecom para la zona peligrosa, siempre estar\u00e1 en contacto con sus empleados. Disponible aqu\u00ed en ALEGER.","breadcrumb":{"@id":"https:\/\/alegerglobal.com\/es\/shop-es\/ex-handy-10-dz1-2\/#breadcrumb"},"inLanguage":"es","potentialAction":[{"@type":"ReadAction","target":["https:\/\/alegerglobal.com\/es\/shop-es\/ex-handy-10-dz1-2\/"]}]},{"@type":"ImageObject","inLanguage":"es","@id":"https:\/\/alegerglobal.com\/es\/shop-es\/ex-handy-10-dz1-2\/#primaryimage","url":"https:\/\/alegerglobal.com\/wp-content\/uploads\/2021\/02\/ex-handy_10_dz1_teaser_1.png","contentUrl":"https:\/\/alegerglobal.com\/wp-content\/uploads\/2021\/02\/ex-handy_10_dz1_teaser_1.png","width":800,"height":800,"caption":"ecom Ex-Handy 10 DZ1"},{"@type":"BreadcrumbList","@id":"https:\/\/alegerglobal.com\/es\/shop-es\/ex-handy-10-dz1-2\/#breadcrumb","itemListElement":[{"@type":"ListItem","position":1,"name":"Home","item":"https:\/\/alegerglobal.com\/es\/nuevo-pagina-de-inicio\/"},{"@type":"ListItem","position":2,"name":"Productos","item":"https:\/\/alegerglobal.com\/es\/productos\/"},{"@type":"ListItem","position":3,"name":"ecom Ex-Handy 10 DZ1, tel\u00e9fono m\u00f3vil con protecci\u00f3n Ex para ATEX Zona 1, pantalla t\u00e1ctil de 2,6&#8243;, Android"}]},{"@type":"WebSite","@id":"https:\/\/alegerglobal.com\/es\/#website","url":"https:\/\/alegerglobal.com\/es\/","name":"ALEGER \u22c6 Augmented Reality","description":"Die besten Augmented Reality (AR) L\u00f6sungen der Welt.","publisher":{"@id":"https:\/\/alegerglobal.com\/es\/#organization"},"potentialAction":[{"@type":"SearchAction","target":{"@type":"EntryPoint","urlTemplate":"https:\/\/alegerglobal.com\/es\/?s={search_term_string}"},"query-input":{"@type":"PropertyValueSpecification","valueRequired":true,"valueName":"search_term_string"}}],"inLanguage":"es"},{"@type":"Organization","@id":"https:\/\/alegerglobal.com\/es\/#organization","name":"ALEGER \u22c6 Augmented Reality","url":"https:\/\/alegerglobal.com\/es\/","logo":{"@type":"ImageObject","inLanguage":"es","@id":"https:\/\/alegerglobal.com\/es\/#\/schema\/logo\/image\/","url":"https:\/\/alegerglobal.com\/wp-content\/uploads\/2020\/12\/aleger-logo-quadrat.jpg","contentUrl":"https:\/\/alegerglobal.com\/wp-content\/uploads\/2020\/12\/aleger-logo-quadrat.jpg","width":200,"height":176,"caption":"ALEGER \u22c6 Augmented Reality"},"image":{"@id":"https:\/\/alegerglobal.com\/es\/#\/schema\/logo\/image\/"}}]},"product_brand":"Ecom","product_price_amount":"1499.99","product_price_currency":"EUR","og_availability":"instock","product_availability":"instock","product_condition":"new"},"_links":{"self":[{"href":"https:\/\/alegerglobal.com\/es\/wp-json\/wp\/v2\/product\/34524","targetHints":{"allow":["GET"]}}],"collection":[{"href":"https:\/\/alegerglobal.com\/es\/wp-json\/wp\/v2\/product"}],"about":[{"href":"https:\/\/alegerglobal.com\/es\/wp-json\/wp\/v2\/types\/product"}],"replies":[{"embeddable":true,"href":"https:\/\/alegerglobal.com\/es\/wp-json\/wp\/v2\/comments?post=34524"}],"version-history":[{"count":0,"href":"https:\/\/alegerglobal.com\/es\/wp-json\/wp\/v2\/product\/34524\/revisions"}],"wp:featuredmedia":[{"embeddable":true,"href":"https:\/\/alegerglobal.com\/es\/wp-json\/wp\/v2\/media\/20511"}],"wp:attachment":[{"href":"https:\/\/alegerglobal.com\/es\/wp-json\/wp\/v2\/media?parent=34524"}],"wp:term":[{"taxonomy":"product_brand","embeddable":true,"href":"https:\/\/alegerglobal.com\/es\/wp-json\/wp\/v2\/product_brand?post=34524"},{"taxonomy":"product_cat","embeddable":true,"href":"https:\/\/alegerglobal.com\/es\/wp-json\/wp\/v2\/product_cat?post=34524"},{"taxonomy":"product_tag","embeddable":true,"href":"https:\/\/alegerglobal.com\/es\/wp-json\/wp\/v2\/product_tag?post=34524"}],"curies":[{"name":"wp","href":"https:\/\/api.w.org\/{rel}","templated":true}]}}