{"id":34431,"date":"2021-02-03T13:55:06","date_gmt":"2022-05-18T11:15:23","guid":{"rendered":"https:\/\/alegerglobal.com\/sin%20categor\u00eda\/b360-pro-bateria-principal-de-repuesto\/"},"modified":"2022-05-18T12:15:31","modified_gmt":"2022-05-18T11:15:31","slug":"b360-pro-bateria-principal-de-repuesto","status":"publish","type":"product","link":"https:\/\/alegerglobal.com\/es\/shop-es\/accesorios\/b360-pro-bateria-principal-de-repuesto\/","title":{"rendered":"B360 PRO BATER\u00cdA PRINCIPAL DE REPUESTO"},"content":{"rendered":"\t\t<div data-elementor-type=\"product-post\" data-elementor-id=\"34431\" class=\"elementor elementor-34431 elementor-4017\" data-elementor-settings=\"{&quot;ha_cmc_init_switcher&quot;:&quot;no&quot;}\" data-elementor-post-type=\"product\">\n\t\t\t\t\t\t<section class=\"elementor-section elementor-top-section elementor-element elementor-element-36066b2 elementor-section-boxed elementor-section-height-default elementor-section-height-default\" data-id=\"36066b2\" data-element_type=\"section\" data-settings=\"{&quot;jet_parallax_layout_list&quot;:[],&quot;_ha_eqh_enable&quot;:false}\">\n\t\t\t\t\t\t<div class=\"elementor-container elementor-column-gap-default\">\n\t\t\t\t\t<div class=\"elementor-column elementor-col-100 elementor-top-column elementor-element elementor-element-6870450\" data-id=\"6870450\" data-element_type=\"column\">\n\t\t\t<div class=\"elementor-widget-wrap elementor-element-populated\">\n\t\t\t\t\t\t<div class=\"elementor-element elementor-element-96f7c39 elementor-widget elementor-widget-text-editor\" data-id=\"96f7c39\" data-element_type=\"widget\" data-widget_type=\"text-editor.default\">\n\t\t\t\t<div class=\"elementor-widget-container\">\n\t\t\t\t\t\t\t\t\t<p><strong>Informaci\u00f3n sobre el producto<\/strong><\/p><p>Tipo de bater\u00eda: Bater\u00eda de iones de litio<\/p><p>Denominaci\u00f3n de la c\u00e9lula: 3S2P<\/p><p>Tensi\u00f3n de salida: 10,8V<\/p><p>Capacidad: normalmente 6900mAh; min.<\/p><p>6600mAh<\/p><p>Dimensiones :<\/p><p>L 141,05 x W 73,8 x H 22,3 mm<\/p><p>Peso: 345,6g<\/p><p> <\/p><p><strong>SKU ID<\/strong><\/p><p>SKU ID : GBM6X5<\/p>\t\t\t\t\t\t\t\t<\/div>\n\t\t\t\t<\/div>\n\t\t\t\t\t<\/div>\n\t\t<\/div>\n\t\t\t\t\t<\/div>\n\t\t<\/section>\n\t\t\t\t<\/div>\n\t\t","protected":false},"excerpt":{"rendered":"<p>La bater\u00eda principal de repuesto del Getac B360 Pro est\u00e1 dise\u00f1ada para proporcionar la fuente de energ\u00eda principal para su dispositivo cuando el adaptador de CA no est\u00e1 conectado. Equipado con un indicador de potencia LED integrado y un bot\u00f3n de comprobaci\u00f3n de estado, permite al usuario ver el estado de la capacidad de la bater\u00eda con s\u00f3lo pulsar un bot\u00f3n.<\/p>\n","protected":false},"featured_media":20745,"comment_status":"open","ping_status":"closed","template":"","meta":{"_acf_changed":false},"product_brand":[],"product_cat":[1382,1341],"product_tag":[],"class_list":{"0":"post-34431","1":"product","2":"type-product","3":"status-publish","4":"has-post-thumbnail","6":"product_cat-accesorios","7":"product_cat-shop-es","8":"pa_hersteller-getac-es","10":"first","11":"instock","12":"taxable","13":"shipping-taxable","14":"purchasable","15":"product-type-simple"},"acf":[],"yoast_head":"<!-- This site is optimized with the Yoast SEO Premium plugin v20.10 (Yoast SEO v24.3) - https:\/\/yoast.com\/wordpress\/plugins\/seo\/ -->\n<title>- ALEGER \u22c6 Augmented Reality<\/title>\n<meta name=\"robots\" content=\"index, follow, max-snippet:-1, max-image-preview:large, max-video-preview:-1\" \/>\n<meta property=\"og:locale\" content=\"es_ES\" \/>\n<meta property=\"og:type\" content=\"article\" \/>\n<meta property=\"og:title\" content=\"B360 PRO BATER\u00cdA PRINCIPAL DE REPUESTO\" \/>\n<meta property=\"og:description\" content=\"La bater\u00eda principal de repuesto del Getac B360 Pro est\u00e1 dise\u00f1ada para proporcionar la fuente de energ\u00eda principal para su dispositivo cuando el adaptador de CA no est\u00e1 conectado. Equipado con un indicador de potencia LED integrado y un bot\u00f3n de comprobaci\u00f3n de estado, permite al usuario ver el estado de la capacidad de la bater\u00eda con s\u00f3lo pulsar un bot\u00f3n.\" \/>\n<meta property=\"og:url\" content=\"https:\/\/alegerglobal.com\/es\/shop-es\/accesorios\/b360-pro-bateria-principal-de-repuesto\/\" \/>\n<meta property=\"og:site_name\" content=\"ALEGER \u22c6 Augmented Reality\" \/>\n<meta property=\"article:modified_time\" content=\"2022-05-18T11:15:31+00:00\" \/>\n<meta property=\"og:image\" content=\"https:\/\/alegerglobal.com\/wp-content\/uploads\/2021\/02\/Unbenannt-115.jpg\" \/>\n\t<meta property=\"og:image:width\" content=\"800\" \/>\n\t<meta property=\"og:image:height\" content=\"800\" \/>\n\t<meta property=\"og:image:type\" content=\"image\/jpeg\" \/>\n<meta name=\"twitter:card\" content=\"summary_large_image\" \/>\n<meta name=\"twitter:label1\" content=\"Precio\" \/>\n\t<meta name=\"twitter:data1\" content=\"&euro;180,99\" \/>\n\t<meta name=\"twitter:label2\" content=\"Disponibilidad\" \/>\n\t<meta name=\"twitter:data2\" content=\"Disponible\" \/>\n<script type=\"application\/ld+json\" class=\"yoast-schema-graph\">{\"@context\":\"https:\/\/schema.org\",\"@graph\":[{\"@type\":\"WebPage\",\"@id\":\"https:\/\/alegerglobal.com\/es\/shop-es\/accesorios\/b360-pro-bateria-principal-de-repuesto\/\",\"url\":\"https:\/\/alegerglobal.com\/es\/shop-es\/accesorios\/b360-pro-bateria-principal-de-repuesto\/\",\"name\":\"- ALEGER \u22c6 Augmented Reality\",\"isPartOf\":{\"@id\":\"https:\/\/alegerglobal.com\/es\/#website\"},\"primaryImageOfPage\":{\"@id\":\"https:\/\/alegerglobal.com\/es\/shop-es\/accesorios\/b360-pro-bateria-principal-de-repuesto\/#primaryimage\"},\"image\":{\"@id\":\"https:\/\/alegerglobal.com\/es\/shop-es\/accesorios\/b360-pro-bateria-principal-de-repuesto\/#primaryimage\"},\"thumbnailUrl\":\"https:\/\/alegerglobal.com\/wp-content\/uploads\/2021\/02\/Unbenannt-115.jpg\",\"datePublished\":\"2022-05-18T11:15:23+00:00\",\"dateModified\":\"2022-05-18T11:15:31+00:00\",\"breadcrumb\":{\"@id\":\"https:\/\/alegerglobal.com\/es\/shop-es\/accesorios\/b360-pro-bateria-principal-de-repuesto\/#breadcrumb\"},\"inLanguage\":\"es\",\"potentialAction\":[{\"@type\":\"ReadAction\",\"target\":[\"https:\/\/alegerglobal.com\/es\/shop-es\/accesorios\/b360-pro-bateria-principal-de-repuesto\/\"]}]},{\"@type\":\"ImageObject\",\"inLanguage\":\"es\",\"@id\":\"https:\/\/alegerglobal.com\/es\/shop-es\/accesorios\/b360-pro-bateria-principal-de-repuesto\/#primaryimage\",\"url\":\"https:\/\/alegerglobal.com\/wp-content\/uploads\/2021\/02\/Unbenannt-115.jpg\",\"contentUrl\":\"https:\/\/alegerglobal.com\/wp-content\/uploads\/2021\/02\/Unbenannt-115.jpg\",\"width\":800,\"height\":800},{\"@type\":\"BreadcrumbList\",\"@id\":\"https:\/\/alegerglobal.com\/es\/shop-es\/accesorios\/b360-pro-bateria-principal-de-repuesto\/#breadcrumb\",\"itemListElement\":[{\"@type\":\"ListItem\",\"position\":1,\"name\":\"Home\",\"item\":\"https:\/\/alegerglobal.com\/es\/nuevo-pagina-de-inicio\/\"},{\"@type\":\"ListItem\",\"position\":2,\"name\":\"Productos\",\"item\":\"https:\/\/alegerglobal.com\/es\/productos\/\"},{\"@type\":\"ListItem\",\"position\":3,\"name\":\"B360 PRO BATER\u00cdA PRINCIPAL DE REPUESTO\"}]},{\"@type\":\"WebSite\",\"@id\":\"https:\/\/alegerglobal.com\/es\/#website\",\"url\":\"https:\/\/alegerglobal.com\/es\/\",\"name\":\"ALEGER \u22c6 Augmented Reality\",\"description\":\"Die besten Augmented Reality (AR) L\u00f6sungen der Welt.\",\"publisher\":{\"@id\":\"https:\/\/alegerglobal.com\/es\/#organization\"},\"potentialAction\":[{\"@type\":\"SearchAction\",\"target\":{\"@type\":\"EntryPoint\",\"urlTemplate\":\"https:\/\/alegerglobal.com\/es\/?s={search_term_string}\"},\"query-input\":{\"@type\":\"PropertyValueSpecification\",\"valueRequired\":true,\"valueName\":\"search_term_string\"}}],\"inLanguage\":\"es\"},{\"@type\":\"Organization\",\"@id\":\"https:\/\/alegerglobal.com\/es\/#organization\",\"name\":\"ALEGER \u22c6 Augmented Reality\",\"url\":\"https:\/\/alegerglobal.com\/es\/\",\"logo\":{\"@type\":\"ImageObject\",\"inLanguage\":\"es\",\"@id\":\"https:\/\/alegerglobal.com\/es\/#\/schema\/logo\/image\/\",\"url\":\"https:\/\/alegerglobal.com\/wp-content\/uploads\/2020\/12\/aleger-logo-quadrat.jpg\",\"contentUrl\":\"https:\/\/alegerglobal.com\/wp-content\/uploads\/2020\/12\/aleger-logo-quadrat.jpg\",\"width\":200,\"height\":176,\"caption\":\"ALEGER \u22c6 Augmented Reality\"},\"image\":{\"@id\":\"https:\/\/alegerglobal.com\/es\/#\/schema\/logo\/image\/\"}}]}<\/script>\n<meta property=\"product:brand\" content=\"Getac\" \/>\n<meta property=\"product:price:amount\" content=\"180.99\" \/>\n<meta property=\"product:price:currency\" content=\"EUR\" \/>\n<meta property=\"og:availability\" content=\"instock\" \/>\n<meta property=\"product:availability\" content=\"instock\" \/>\n<meta property=\"product:condition\" content=\"new\" \/>\n<!-- \/ Yoast SEO Premium plugin. -->","yoast_head_json":{"title":"- ALEGER \u22c6 Augmented Reality","robots":{"index":"index","follow":"follow","max-snippet":"max-snippet:-1","max-image-preview":"max-image-preview:large","max-video-preview":"max-video-preview:-1"},"og_locale":"es_ES","og_type":"article","og_title":"B360 PRO BATER\u00cdA PRINCIPAL DE REPUESTO","og_description":"La bater\u00eda principal de repuesto del Getac B360 Pro est\u00e1 dise\u00f1ada para proporcionar la fuente de energ\u00eda principal para su dispositivo cuando el adaptador de CA no est\u00e1 conectado. Equipado con un indicador de potencia LED integrado y un bot\u00f3n de comprobaci\u00f3n de estado, permite al usuario ver el estado de la capacidad de la bater\u00eda con s\u00f3lo pulsar un bot\u00f3n.","og_url":"https:\/\/alegerglobal.com\/es\/shop-es\/accesorios\/b360-pro-bateria-principal-de-repuesto\/","og_site_name":"ALEGER \u22c6 Augmented Reality","article_modified_time":"2022-05-18T11:15:31+00:00","og_image":[{"width":800,"height":800,"url":"https:\/\/alegerglobal.com\/wp-content\/uploads\/2021\/02\/Unbenannt-115.jpg","type":"image\/jpeg"}],"twitter_card":"summary_large_image","twitter_misc":{"Precio":"&euro;180,99","Disponibilidad":"Disponible"},"schema":{"@context":"https:\/\/schema.org","@graph":[{"@type":"WebPage","@id":"https:\/\/alegerglobal.com\/es\/shop-es\/accesorios\/b360-pro-bateria-principal-de-repuesto\/","url":"https:\/\/alegerglobal.com\/es\/shop-es\/accesorios\/b360-pro-bateria-principal-de-repuesto\/","name":"- ALEGER \u22c6 Augmented Reality","isPartOf":{"@id":"https:\/\/alegerglobal.com\/es\/#website"},"primaryImageOfPage":{"@id":"https:\/\/alegerglobal.com\/es\/shop-es\/accesorios\/b360-pro-bateria-principal-de-repuesto\/#primaryimage"},"image":{"@id":"https:\/\/alegerglobal.com\/es\/shop-es\/accesorios\/b360-pro-bateria-principal-de-repuesto\/#primaryimage"},"thumbnailUrl":"https:\/\/alegerglobal.com\/wp-content\/uploads\/2021\/02\/Unbenannt-115.jpg","datePublished":"2022-05-18T11:15:23+00:00","dateModified":"2022-05-18T11:15:31+00:00","breadcrumb":{"@id":"https:\/\/alegerglobal.com\/es\/shop-es\/accesorios\/b360-pro-bateria-principal-de-repuesto\/#breadcrumb"},"inLanguage":"es","potentialAction":[{"@type":"ReadAction","target":["https:\/\/alegerglobal.com\/es\/shop-es\/accesorios\/b360-pro-bateria-principal-de-repuesto\/"]}]},{"@type":"ImageObject","inLanguage":"es","@id":"https:\/\/alegerglobal.com\/es\/shop-es\/accesorios\/b360-pro-bateria-principal-de-repuesto\/#primaryimage","url":"https:\/\/alegerglobal.com\/wp-content\/uploads\/2021\/02\/Unbenannt-115.jpg","contentUrl":"https:\/\/alegerglobal.com\/wp-content\/uploads\/2021\/02\/Unbenannt-115.jpg","width":800,"height":800},{"@type":"BreadcrumbList","@id":"https:\/\/alegerglobal.com\/es\/shop-es\/accesorios\/b360-pro-bateria-principal-de-repuesto\/#breadcrumb","itemListElement":[{"@type":"ListItem","position":1,"name":"Home","item":"https:\/\/alegerglobal.com\/es\/nuevo-pagina-de-inicio\/"},{"@type":"ListItem","position":2,"name":"Productos","item":"https:\/\/alegerglobal.com\/es\/productos\/"},{"@type":"ListItem","position":3,"name":"B360 PRO BATER\u00cdA PRINCIPAL DE REPUESTO"}]},{"@type":"WebSite","@id":"https:\/\/alegerglobal.com\/es\/#website","url":"https:\/\/alegerglobal.com\/es\/","name":"ALEGER \u22c6 Augmented Reality","description":"Die besten Augmented Reality (AR) L\u00f6sungen der Welt.","publisher":{"@id":"https:\/\/alegerglobal.com\/es\/#organization"},"potentialAction":[{"@type":"SearchAction","target":{"@type":"EntryPoint","urlTemplate":"https:\/\/alegerglobal.com\/es\/?s={search_term_string}"},"query-input":{"@type":"PropertyValueSpecification","valueRequired":true,"valueName":"search_term_string"}}],"inLanguage":"es"},{"@type":"Organization","@id":"https:\/\/alegerglobal.com\/es\/#organization","name":"ALEGER \u22c6 Augmented Reality","url":"https:\/\/alegerglobal.com\/es\/","logo":{"@type":"ImageObject","inLanguage":"es","@id":"https:\/\/alegerglobal.com\/es\/#\/schema\/logo\/image\/","url":"https:\/\/alegerglobal.com\/wp-content\/uploads\/2020\/12\/aleger-logo-quadrat.jpg","contentUrl":"https:\/\/alegerglobal.com\/wp-content\/uploads\/2020\/12\/aleger-logo-quadrat.jpg","width":200,"height":176,"caption":"ALEGER \u22c6 Augmented Reality"},"image":{"@id":"https:\/\/alegerglobal.com\/es\/#\/schema\/logo\/image\/"}}]},"product_brand":"Getac","product_price_amount":"180.99","product_price_currency":"EUR","og_availability":"instock","product_availability":"instock","product_condition":"new"},"_links":{"self":[{"href":"https:\/\/alegerglobal.com\/es\/wp-json\/wp\/v2\/product\/34431","targetHints":{"allow":["GET"]}}],"collection":[{"href":"https:\/\/alegerglobal.com\/es\/wp-json\/wp\/v2\/product"}],"about":[{"href":"https:\/\/alegerglobal.com\/es\/wp-json\/wp\/v2\/types\/product"}],"replies":[{"embeddable":true,"href":"https:\/\/alegerglobal.com\/es\/wp-json\/wp\/v2\/comments?post=34431"}],"version-history":[{"count":1,"href":"https:\/\/alegerglobal.com\/es\/wp-json\/wp\/v2\/product\/34431\/revisions"}],"predecessor-version":[{"id":34433,"href":"https:\/\/alegerglobal.com\/es\/wp-json\/wp\/v2\/product\/34431\/revisions\/34433"}],"wp:featuredmedia":[{"embeddable":true,"href":"https:\/\/alegerglobal.com\/es\/wp-json\/wp\/v2\/media\/20745"}],"wp:attachment":[{"href":"https:\/\/alegerglobal.com\/es\/wp-json\/wp\/v2\/media?parent=34431"}],"wp:term":[{"taxonomy":"product_brand","embeddable":true,"href":"https:\/\/alegerglobal.com\/es\/wp-json\/wp\/v2\/product_brand?post=34431"},{"taxonomy":"product_cat","embeddable":true,"href":"https:\/\/alegerglobal.com\/es\/wp-json\/wp\/v2\/product_cat?post=34431"},{"taxonomy":"product_tag","embeddable":true,"href":"https:\/\/alegerglobal.com\/es\/wp-json\/wp\/v2\/product_tag?post=34431"}],"curies":[{"name":"wp","href":"https:\/\/api.w.org\/{rel}","templated":true}]}}