{"id":34314,"date":"2019-01-01T05:07:51","date_gmt":"2022-05-18T08:54:49","guid":{"rendered":"https:\/\/alegerglobal.com\/sin%20categor\u00eda\/vh-tpro-x2-montaje-en-vehiculo\/"},"modified":"2022-05-18T09:54:51","modified_gmt":"2022-05-18T08:54:51","slug":"vh-tpro-x2-montaje-en-vehiculo","status":"publish","type":"product","link":"https:\/\/alegerglobal.com\/es\/shop-es\/accesorios\/vh-tpro-x2-montaje-en-vehiculo\/","title":{"rendered":"VH TPRO X2 (montaje en veh\u00edculo)"},"content":{"rendered":"\t\t<div data-elementor-type=\"product-post\" data-elementor-id=\"34314\" class=\"elementor elementor-34314 elementor-5610\" data-elementor-settings=\"{&quot;ha_cmc_init_switcher&quot;:&quot;no&quot;}\" data-elementor-post-type=\"product\">\n\t\t\t\t\t\t<section class=\"elementor-section elementor-top-section elementor-element elementor-element-283c936 elementor-section-boxed elementor-section-height-default elementor-section-height-default\" data-id=\"283c936\" data-element_type=\"section\" data-settings=\"{&quot;jet_parallax_layout_list&quot;:[],&quot;_ha_eqh_enable&quot;:false}\">\n\t\t\t\t\t\t<div class=\"elementor-container elementor-column-gap-default\">\n\t\t\t\t\t<div class=\"elementor-column elementor-col-100 elementor-top-column elementor-element elementor-element-ce2f067\" data-id=\"ce2f067\" data-element_type=\"column\">\n\t\t\t<div class=\"elementor-widget-wrap elementor-element-populated\">\n\t\t\t\t\t\t<div class=\"elementor-element elementor-element-2effe99 elementor-widget elementor-widget-text-editor\" data-id=\"2effe99\" data-element_type=\"widget\" data-widget_type=\"text-editor.default\">\n\t\t\t\t<div class=\"elementor-widget-container\">\n\t\t\t\t\t\t\t\t\t<ul class=\"list\"><li>Adecuado para el Tab-Ex\u00ae Pro<\/li><li>Recortes para acceder directamente a los botones, la c\u00e1mara, el l\u00e1piz \u00f3ptico y los puertos<\/li><li>F\u00e1cil manejo con una sola mano:<ul class=\"list\"><li>Introduzca la tableta (primero la parte inferior) en la estaci\u00f3n de carga desde arriba. Presione la parte superior de la tableta hasta que \u00e9sta quede encajada en el soporte<\/li><li>Presione el bot\u00f3n de liberaci\u00f3n hacia arriba con el pulgar y retire la tableta<\/li><\/ul><\/li><li>Cerradura opcional como dispositivo antirrobo<\/li><li>Patr\u00f3n de agujeros VESA 75mm; Compatible con los sistemas de montaje <a class=\"external-link-new-window\" title=\"\u00d6ffnet internen Link im aktuellen Fenster\" href=\"https:\/\/www.zirkona.de\/\" target=\"_blank\" rel=\"noopener\">Zirkona<\/a> <\/li><li>Se puede montar en superficies planas y verticales<\/li><li>Construcci\u00f3n ligera: 1,1 lbs (aprox. 490 g)<\/li><\/ul>\t\t\t\t\t\t\t\t<\/div>\n\t\t\t\t<\/div>\n\t\t\t\t\t<\/div>\n\t\t<\/div>\n\t\t\t\t\t<\/div>\n\t\t<\/section>\n\t\t\t\t<\/div>\n\t\t","protected":false},"excerpt":{"rendered":"<p>El soporte para veh\u00edculos Tab-Ex\u00ae Pro, especialmente para los conductores que valoran la facilidad de uso. Incluso con un peso de s\u00f3lo 1,1 libras (aprox. 490 g), su tableta est\u00e1 siempre asegurada en el soporte y todas las funciones se pueden seguir manejando. La c\u00e1mara, el l\u00e1piz \u00f3ptico y todos los puertos pueden utilizarse mientras la tableta est\u00e1 firmemente sujeta en el soporte. Para aumentar la seguridad, un candado integrado impide que se extraiga la tableta.<\/p>\n","protected":false},"featured_media":20806,"comment_status":"open","ping_status":"closed","template":"","meta":{"_acf_changed":false},"product_brand":[],"product_cat":[1382,1341],"product_tag":[],"class_list":{"0":"post-34314","1":"product","2":"type-product","3":"status-publish","4":"has-post-thumbnail","6":"product_cat-accesorios","7":"product_cat-shop-es","8":"pa_hersteller-ecom-es","10":"first","11":"instock","12":"taxable","13":"shipping-taxable","14":"purchasable","15":"product-type-simple"},"acf":[],"yoast_head":"<!-- This site is optimized with the Yoast SEO Premium plugin v20.10 (Yoast SEO v24.3) - https:\/\/yoast.com\/wordpress\/plugins\/seo\/ -->\n<title>- ALEGER \u22c6 Augmented Reality<\/title>\n<meta name=\"robots\" content=\"index, follow, max-snippet:-1, max-image-preview:large, max-video-preview:-1\" \/>\n<meta property=\"og:locale\" content=\"es_ES\" \/>\n<meta property=\"og:type\" content=\"article\" \/>\n<meta property=\"og:title\" content=\"VH TPRO X2 (montaje en veh\u00edculo)\" \/>\n<meta property=\"og:description\" content=\"El soporte para veh\u00edculos Tab-Ex\u00ae Pro, especialmente para los conductores que valoran la facilidad de uso. Incluso con un peso de s\u00f3lo 1,1 libras (aprox. 490 g), su tableta est\u00e1 siempre asegurada en el soporte y todas las funciones se pueden seguir manejando. La c\u00e1mara, el l\u00e1piz \u00f3ptico y todos los puertos pueden utilizarse mientras la tableta est\u00e1 firmemente sujeta en el soporte. Para aumentar la seguridad, un candado integrado impide que se extraiga la tableta.\" \/>\n<meta property=\"og:url\" content=\"https:\/\/alegerglobal.com\/es\/shop-es\/accesorios\/vh-tpro-x2-montaje-en-vehiculo\/\" \/>\n<meta property=\"og:site_name\" content=\"ALEGER \u22c6 Augmented Reality\" \/>\n<meta property=\"article:modified_time\" content=\"2022-05-18T08:54:51+00:00\" \/>\n<meta property=\"og:image\" content=\"https:\/\/alegerglobal.com\/wp-content\/uploads\/2019\/01\/Unbenannt-11.jpg\" \/>\n\t<meta property=\"og:image:width\" content=\"800\" \/>\n\t<meta property=\"og:image:height\" content=\"800\" \/>\n\t<meta property=\"og:image:type\" content=\"image\/jpeg\" \/>\n<meta name=\"twitter:card\" content=\"summary_large_image\" \/>\n<meta name=\"twitter:label1\" content=\"Precio\" \/>\n\t<meta name=\"twitter:data1\" content=\"&euro;161,99\" \/>\n\t<meta name=\"twitter:label2\" content=\"Disponibilidad\" \/>\n\t<meta name=\"twitter:data2\" content=\"Disponible\" \/>\n<script type=\"application\/ld+json\" class=\"yoast-schema-graph\">{\"@context\":\"https:\/\/schema.org\",\"@graph\":[{\"@type\":\"WebPage\",\"@id\":\"https:\/\/alegerglobal.com\/es\/shop-es\/accesorios\/vh-tpro-x2-montaje-en-vehiculo\/\",\"url\":\"https:\/\/alegerglobal.com\/es\/shop-es\/accesorios\/vh-tpro-x2-montaje-en-vehiculo\/\",\"name\":\"- ALEGER \u22c6 Augmented Reality\",\"isPartOf\":{\"@id\":\"https:\/\/alegerglobal.com\/es\/#website\"},\"primaryImageOfPage\":{\"@id\":\"https:\/\/alegerglobal.com\/es\/shop-es\/accesorios\/vh-tpro-x2-montaje-en-vehiculo\/#primaryimage\"},\"image\":{\"@id\":\"https:\/\/alegerglobal.com\/es\/shop-es\/accesorios\/vh-tpro-x2-montaje-en-vehiculo\/#primaryimage\"},\"thumbnailUrl\":\"https:\/\/alegerglobal.com\/wp-content\/uploads\/2019\/01\/Unbenannt-11.jpg\",\"datePublished\":\"2022-05-18T08:54:49+00:00\",\"dateModified\":\"2022-05-18T08:54:51+00:00\",\"breadcrumb\":{\"@id\":\"https:\/\/alegerglobal.com\/es\/shop-es\/accesorios\/vh-tpro-x2-montaje-en-vehiculo\/#breadcrumb\"},\"inLanguage\":\"es\",\"potentialAction\":[{\"@type\":\"ReadAction\",\"target\":[\"https:\/\/alegerglobal.com\/es\/shop-es\/accesorios\/vh-tpro-x2-montaje-en-vehiculo\/\"]}]},{\"@type\":\"ImageObject\",\"inLanguage\":\"es\",\"@id\":\"https:\/\/alegerglobal.com\/es\/shop-es\/accesorios\/vh-tpro-x2-montaje-en-vehiculo\/#primaryimage\",\"url\":\"https:\/\/alegerglobal.com\/wp-content\/uploads\/2019\/01\/Unbenannt-11.jpg\",\"contentUrl\":\"https:\/\/alegerglobal.com\/wp-content\/uploads\/2019\/01\/Unbenannt-11.jpg\",\"width\":800,\"height\":800},{\"@type\":\"BreadcrumbList\",\"@id\":\"https:\/\/alegerglobal.com\/es\/shop-es\/accesorios\/vh-tpro-x2-montaje-en-vehiculo\/#breadcrumb\",\"itemListElement\":[{\"@type\":\"ListItem\",\"position\":1,\"name\":\"Home\",\"item\":\"https:\/\/alegerglobal.com\/es\/nuevo-pagina-de-inicio\/\"},{\"@type\":\"ListItem\",\"position\":2,\"name\":\"Productos\",\"item\":\"https:\/\/alegerglobal.com\/es\/productos\/\"},{\"@type\":\"ListItem\",\"position\":3,\"name\":\"VH TPRO X2 (montaje en veh\u00edculo)\"}]},{\"@type\":\"WebSite\",\"@id\":\"https:\/\/alegerglobal.com\/es\/#website\",\"url\":\"https:\/\/alegerglobal.com\/es\/\",\"name\":\"ALEGER \u22c6 Augmented Reality\",\"description\":\"Die besten Augmented Reality (AR) L\u00f6sungen der Welt.\",\"publisher\":{\"@id\":\"https:\/\/alegerglobal.com\/es\/#organization\"},\"potentialAction\":[{\"@type\":\"SearchAction\",\"target\":{\"@type\":\"EntryPoint\",\"urlTemplate\":\"https:\/\/alegerglobal.com\/es\/?s={search_term_string}\"},\"query-input\":{\"@type\":\"PropertyValueSpecification\",\"valueRequired\":true,\"valueName\":\"search_term_string\"}}],\"inLanguage\":\"es\"},{\"@type\":\"Organization\",\"@id\":\"https:\/\/alegerglobal.com\/es\/#organization\",\"name\":\"ALEGER \u22c6 Augmented Reality\",\"url\":\"https:\/\/alegerglobal.com\/es\/\",\"logo\":{\"@type\":\"ImageObject\",\"inLanguage\":\"es\",\"@id\":\"https:\/\/alegerglobal.com\/es\/#\/schema\/logo\/image\/\",\"url\":\"https:\/\/alegerglobal.com\/wp-content\/uploads\/2020\/12\/aleger-logo-quadrat.jpg\",\"contentUrl\":\"https:\/\/alegerglobal.com\/wp-content\/uploads\/2020\/12\/aleger-logo-quadrat.jpg\",\"width\":200,\"height\":176,\"caption\":\"ALEGER \u22c6 Augmented Reality\"},\"image\":{\"@id\":\"https:\/\/alegerglobal.com\/es\/#\/schema\/logo\/image\/\"}}]}<\/script>\n<meta property=\"product:brand\" content=\"Ecom\" \/>\n<meta property=\"product:price:amount\" content=\"161.99\" \/>\n<meta property=\"product:price:currency\" content=\"EUR\" \/>\n<meta property=\"og:availability\" content=\"instock\" \/>\n<meta property=\"product:availability\" content=\"instock\" \/>\n<meta property=\"product:condition\" content=\"new\" \/>\n<!-- \/ Yoast SEO Premium plugin. -->","yoast_head_json":{"title":"- ALEGER \u22c6 Augmented Reality","robots":{"index":"index","follow":"follow","max-snippet":"max-snippet:-1","max-image-preview":"max-image-preview:large","max-video-preview":"max-video-preview:-1"},"og_locale":"es_ES","og_type":"article","og_title":"VH TPRO X2 (montaje en veh\u00edculo)","og_description":"El soporte para veh\u00edculos Tab-Ex\u00ae Pro, especialmente para los conductores que valoran la facilidad de uso. Incluso con un peso de s\u00f3lo 1,1 libras (aprox. 490 g), su tableta est\u00e1 siempre asegurada en el soporte y todas las funciones se pueden seguir manejando. La c\u00e1mara, el l\u00e1piz \u00f3ptico y todos los puertos pueden utilizarse mientras la tableta est\u00e1 firmemente sujeta en el soporte. Para aumentar la seguridad, un candado integrado impide que se extraiga la tableta.","og_url":"https:\/\/alegerglobal.com\/es\/shop-es\/accesorios\/vh-tpro-x2-montaje-en-vehiculo\/","og_site_name":"ALEGER \u22c6 Augmented Reality","article_modified_time":"2022-05-18T08:54:51+00:00","og_image":[{"width":800,"height":800,"url":"https:\/\/alegerglobal.com\/wp-content\/uploads\/2019\/01\/Unbenannt-11.jpg","type":"image\/jpeg"}],"twitter_card":"summary_large_image","twitter_misc":{"Precio":"&euro;161,99","Disponibilidad":"Disponible"},"schema":{"@context":"https:\/\/schema.org","@graph":[{"@type":"WebPage","@id":"https:\/\/alegerglobal.com\/es\/shop-es\/accesorios\/vh-tpro-x2-montaje-en-vehiculo\/","url":"https:\/\/alegerglobal.com\/es\/shop-es\/accesorios\/vh-tpro-x2-montaje-en-vehiculo\/","name":"- ALEGER \u22c6 Augmented Reality","isPartOf":{"@id":"https:\/\/alegerglobal.com\/es\/#website"},"primaryImageOfPage":{"@id":"https:\/\/alegerglobal.com\/es\/shop-es\/accesorios\/vh-tpro-x2-montaje-en-vehiculo\/#primaryimage"},"image":{"@id":"https:\/\/alegerglobal.com\/es\/shop-es\/accesorios\/vh-tpro-x2-montaje-en-vehiculo\/#primaryimage"},"thumbnailUrl":"https:\/\/alegerglobal.com\/wp-content\/uploads\/2019\/01\/Unbenannt-11.jpg","datePublished":"2022-05-18T08:54:49+00:00","dateModified":"2022-05-18T08:54:51+00:00","breadcrumb":{"@id":"https:\/\/alegerglobal.com\/es\/shop-es\/accesorios\/vh-tpro-x2-montaje-en-vehiculo\/#breadcrumb"},"inLanguage":"es","potentialAction":[{"@type":"ReadAction","target":["https:\/\/alegerglobal.com\/es\/shop-es\/accesorios\/vh-tpro-x2-montaje-en-vehiculo\/"]}]},{"@type":"ImageObject","inLanguage":"es","@id":"https:\/\/alegerglobal.com\/es\/shop-es\/accesorios\/vh-tpro-x2-montaje-en-vehiculo\/#primaryimage","url":"https:\/\/alegerglobal.com\/wp-content\/uploads\/2019\/01\/Unbenannt-11.jpg","contentUrl":"https:\/\/alegerglobal.com\/wp-content\/uploads\/2019\/01\/Unbenannt-11.jpg","width":800,"height":800},{"@type":"BreadcrumbList","@id":"https:\/\/alegerglobal.com\/es\/shop-es\/accesorios\/vh-tpro-x2-montaje-en-vehiculo\/#breadcrumb","itemListElement":[{"@type":"ListItem","position":1,"name":"Home","item":"https:\/\/alegerglobal.com\/es\/nuevo-pagina-de-inicio\/"},{"@type":"ListItem","position":2,"name":"Productos","item":"https:\/\/alegerglobal.com\/es\/productos\/"},{"@type":"ListItem","position":3,"name":"VH TPRO X2 (montaje en veh\u00edculo)"}]},{"@type":"WebSite","@id":"https:\/\/alegerglobal.com\/es\/#website","url":"https:\/\/alegerglobal.com\/es\/","name":"ALEGER \u22c6 Augmented Reality","description":"Die besten Augmented Reality (AR) L\u00f6sungen der Welt.","publisher":{"@id":"https:\/\/alegerglobal.com\/es\/#organization"},"potentialAction":[{"@type":"SearchAction","target":{"@type":"EntryPoint","urlTemplate":"https:\/\/alegerglobal.com\/es\/?s={search_term_string}"},"query-input":{"@type":"PropertyValueSpecification","valueRequired":true,"valueName":"search_term_string"}}],"inLanguage":"es"},{"@type":"Organization","@id":"https:\/\/alegerglobal.com\/es\/#organization","name":"ALEGER \u22c6 Augmented Reality","url":"https:\/\/alegerglobal.com\/es\/","logo":{"@type":"ImageObject","inLanguage":"es","@id":"https:\/\/alegerglobal.com\/es\/#\/schema\/logo\/image\/","url":"https:\/\/alegerglobal.com\/wp-content\/uploads\/2020\/12\/aleger-logo-quadrat.jpg","contentUrl":"https:\/\/alegerglobal.com\/wp-content\/uploads\/2020\/12\/aleger-logo-quadrat.jpg","width":200,"height":176,"caption":"ALEGER \u22c6 Augmented Reality"},"image":{"@id":"https:\/\/alegerglobal.com\/es\/#\/schema\/logo\/image\/"}}]},"product_brand":"Ecom","product_price_amount":"161.99","product_price_currency":"EUR","og_availability":"instock","product_availability":"instock","product_condition":"new"},"_links":{"self":[{"href":"https:\/\/alegerglobal.com\/es\/wp-json\/wp\/v2\/product\/34314","targetHints":{"allow":["GET"]}}],"collection":[{"href":"https:\/\/alegerglobal.com\/es\/wp-json\/wp\/v2\/product"}],"about":[{"href":"https:\/\/alegerglobal.com\/es\/wp-json\/wp\/v2\/types\/product"}],"replies":[{"embeddable":true,"href":"https:\/\/alegerglobal.com\/es\/wp-json\/wp\/v2\/comments?post=34314"}],"version-history":[{"count":1,"href":"https:\/\/alegerglobal.com\/es\/wp-json\/wp\/v2\/product\/34314\/revisions"}],"predecessor-version":[{"id":34317,"href":"https:\/\/alegerglobal.com\/es\/wp-json\/wp\/v2\/product\/34314\/revisions\/34317"}],"wp:featuredmedia":[{"embeddable":true,"href":"https:\/\/alegerglobal.com\/es\/wp-json\/wp\/v2\/media\/20806"}],"wp:attachment":[{"href":"https:\/\/alegerglobal.com\/es\/wp-json\/wp\/v2\/media?parent=34314"}],"wp:term":[{"taxonomy":"product_brand","embeddable":true,"href":"https:\/\/alegerglobal.com\/es\/wp-json\/wp\/v2\/product_brand?post=34314"},{"taxonomy":"product_cat","embeddable":true,"href":"https:\/\/alegerglobal.com\/es\/wp-json\/wp\/v2\/product_cat?post=34314"},{"taxonomy":"product_tag","embeddable":true,"href":"https:\/\/alegerglobal.com\/es\/wp-json\/wp\/v2\/product_tag?post=34314"}],"curies":[{"name":"wp","href":"https:\/\/api.w.org\/{rel}","templated":true}]}}