{"id":52292,"date":"2026-02-16T18:39:07","date_gmt":"2026-02-16T17:39:07","guid":{"rendered":"https:\/\/alegerglobal.com\/politica-de-privacidad\/"},"modified":"2026-02-16T18:39:10","modified_gmt":"2026-02-16T17:39:10","slug":"politica-de-privacidad","status":"publish","type":"page","link":"https:\/\/alegerglobal.com\/es\/politica-de-privacidad\/","title":{"rendered":"Pol\u00edtica de privacidad"},"content":{"rendered":"\t\t<div data-elementor-type=\"wp-page\" data-elementor-id=\"52292\" class=\"elementor elementor-52292 elementor-2324\" data-elementor-settings=\"{&quot;ha_cmc_init_switcher&quot;:&quot;no&quot;}\" data-elementor-post-type=\"page\">\n\t\t\t\t\t\t<section class=\"elementor-section elementor-top-section elementor-element elementor-element-5df78ad elementor-section-height-min-height elementor-section-stretched elementor-section-boxed elementor-section-height-default elementor-section-items-middle\" data-id=\"5df78ad\" data-element_type=\"section\" data-settings=\"{&quot;stretch_section&quot;:&quot;section-stretched&quot;,&quot;background_background&quot;:&quot;classic&quot;,&quot;jet_parallax_layout_list&quot;:[],&quot;_ha_eqh_enable&quot;:false}\">\n\t\t\t\t\t\t<div class=\"elementor-container elementor-column-gap-default\">\n\t\t\t\t\t<div class=\"elementor-column elementor-col-100 elementor-top-column elementor-element elementor-element-4f7874d\" data-id=\"4f7874d\" data-element_type=\"column\">\n\t\t\t<div class=\"elementor-widget-wrap elementor-element-populated\">\n\t\t\t\t\t\t<div class=\"elementor-element elementor-element-78de4ad elementor-widget elementor-widget-heading\" data-id=\"78de4ad\" data-element_type=\"widget\" data-widget_type=\"heading.default\">\n\t\t\t\t<div class=\"elementor-widget-container\">\n\t\t\t\t\t<h1 class=\"elementor-heading-title elementor-size-default\">POL\u00cdTICA DE PRIVACIDAD<\/h1>\t\t\t\t<\/div>\n\t\t\t\t<\/div>\n\t\t\t\t\t<\/div>\n\t\t<\/div>\n\t\t\t\t\t<\/div>\n\t\t<\/section>\n\t\t\t\t<section class=\"elementor-section elementor-top-section elementor-element elementor-element-419406e elementor-section-boxed elementor-section-height-default elementor-section-height-default\" data-id=\"419406e\" data-element_type=\"section\" data-settings=\"{&quot;jet_parallax_layout_list&quot;:[],&quot;_ha_eqh_enable&quot;:false}\">\n\t\t\t\t\t\t<div class=\"elementor-container elementor-column-gap-default\">\n\t\t\t\t\t<div class=\"elementor-column elementor-col-100 elementor-top-column elementor-element elementor-element-f3be6d9\" data-id=\"f3be6d9\" data-element_type=\"column\">\n\t\t\t<div class=\"elementor-widget-wrap elementor-element-populated\">\n\t\t\t\t\t\t<div class=\"elementor-element elementor-element-56b275c elementor-widget elementor-widget-text-editor\" data-id=\"56b275c\" data-element_type=\"widget\" data-widget_type=\"text-editor.default\">\n\t\t\t\t<div class=\"elementor-widget-container\">\n\t\t\t\t\t\t\t\t\t<div class=\"policy-text\">\n<div class=\"wp-suggested-text hide-privacy-policy-tutorial\">\n<h3>Qu\u00e9 datos personales recogemos y por qu\u00e9 los recogemos<\/h3>\n<h3> <\/h3>\n<h3>Comentarios<\/h3>\n<p>Cuando los visitantes publican comentarios en el sitio web, recogemos los datos que aparecen en el formulario de comentarios, la direcci\u00f3n IP del visitante y la cadena de agente de usuario (que identifica el navegador) para ayudar a reconocer el spam.<\/p>\n<p>Se puede crear una cadena de caracteres anonimizada (tambi\u00e9n conocida como hash) a partir de tu direcci\u00f3n de correo electr\u00f3nico y pas\u00e1rsela al servicio Gravatar para comprobar si la est\u00e1s utilizando. Puedes encontrar la pol\u00edtica de privacidad del servicio Gravatar aqu\u00ed: https:\/\/automattic.com\/privacy\/. Una vez aprobado tu comentario, tu foto de perfil ser\u00e1 visible p\u00fablicamente en el contexto de tu comentario. <\/p>\n<h3> <\/h3>\n<h3>Medios de comunicaci\u00f3n<\/h3>\n<p>Si eres un usuario registrado y subes fotos a este sitio web, debes evitar subir fotos con una localizaci\u00f3n GPS EXIF. Los visitantes de este sitio web podr\u00edan descargar las fotos almacenadas en este sitio web y extraer su informaci\u00f3n de localizaci\u00f3n. <\/p>\n<h3> <\/h3>\n<h3>Formularios de contacto Cookies<\/h3>\n<p>Si escribes un comentario en nuestro sitio web, esto puede suponer un consentimiento para guardar tu nombre, direcci\u00f3n de correo electr\u00f3nico y sitio web en cookies. Se trata de una funci\u00f3n pr\u00e1ctica para que no tengas que volver a introducir todos estos datos cuando escribas otro comentario. Estas cookies se almacenan durante un a\u00f1o.  <\/p>\n<p>Si tienes una cuenta e inicias sesi\u00f3n en este sitio web, instalaremos una cookie temporal para determinar si tu navegador acepta cookies. Esta cookie no contiene ning\u00fan dato personal y se descartar\u00e1 cuando cierres tu navegador. <\/p>\n<p>Cuando te registres, configuraremos algunas cookies para almacenar tu informaci\u00f3n de inicio de sesi\u00f3n y tus opciones de visualizaci\u00f3n. Las cookies de inicio de sesi\u00f3n caducan a los dos d\u00edas y las cookies de opciones de visualizaci\u00f3n al a\u00f1o. Si seleccionas \u00abPermanecer conectado\u00bb al iniciar sesi\u00f3n, tu informaci\u00f3n de inicio de sesi\u00f3n se mantendr\u00e1 durante quince d\u00edas. Cuando cierras la sesi\u00f3n de tu cuenta, se borran las cookies de inicio de sesi\u00f3n.   <\/p>\n<p>Cuando editas o publicas un art\u00edculo, se almacena una cookie adicional en tu navegador. Esta cookie no contiene ning\u00fan dato personal y s\u00f3lo se refiere al ID de publicaci\u00f3n del art\u00edculo que acabas de editar. La cookie caduca al cabo de un d\u00eda.  <\/p>\n<h3> <\/h3>\n<h3>Contenido incrustado de otros sitios web<\/h3>\n<p>Las entradas de este sitio web pueden contener contenido incrustado (por ejemplo, v\u00eddeos, im\u00e1genes, art\u00edculos, etc.). El contenido incrustado de otros sitios web se comporta exactamente igual que si el visitante hubiera visitado el otro sitio web. <\/p>\n<p>Estos sitios web pueden recopilar datos sobre ti, utilizar cookies, incrustar servicios adicionales de seguimiento de terceros y registrar tu interacci\u00f3n con este contenido incrustado, incluida tu interacci\u00f3n con el contenido incrustado si tienes una cuenta y has iniciado sesi\u00f3n en este sitio web.<\/p>\n<h3> <\/h3>\n<h3>Servicios de an\u00e1lisis<\/h3>\n<h2> <\/h2>\n<h2>Con qui\u00e9n compartimos tus datos<\/h2>\n<h2>Cu\u00e1nto tiempo almacenamos tus datos<\/h2>\n<p>Cuando escribes un comentario, se guarda indefinidamente, incluidos los metadatos. De este modo, podemos reconocer y aprobar autom\u00e1ticamente los comentarios de seguimiento en lugar de retenerlos en una cola de moderaci\u00f3n. <\/p>\n<p>Para los usuarios que se registran en nuestro sitio web, tambi\u00e9n almacenamos la informaci\u00f3n personal que proporcionan en sus perfiles de usuario. Todos los usuarios pueden ver, cambiar o borrar su informaci\u00f3n personal en cualquier momento (el nombre de usuario no se puede cambiar). Los administradores del sitio web tambi\u00e9n pueden ver y modificar esta informaci\u00f3n.  <\/p>\n<h2>Qu\u00e9 derechos tienes sobre tus datos<\/h2>\n<p>Si tienes una cuenta en este sitio web o has escrito comentarios, puedes solicitarnos la exportaci\u00f3n de tus datos personales, incluidos los datos que nos hayas proporcionado. Adem\u00e1s, puedes solicitar la eliminaci\u00f3n de todos los datos personales que hayamos almacenado sobre ti. Esto no incluye los datos que estamos obligados a conservar por motivos administrativos, legales o de seguridad.  <\/p>\n<h2> <\/h2>\n<h2>D\u00f3nde enviamos tus datos<\/h2>\n<p>Los comentarios de los visitantes podr\u00edan ser analizados por un servicio automatizado de detecci\u00f3n de spam.<\/p>\n<div class=\"policy-text hide-privacy-policy-tutorial\">\n<div class=\"policy-text\">\n<div class=\"wp-suggested-text hide-privacy-policy-tutorial\">\n<h2> <\/h2>\n<h2>Qu\u00e9 recopilamos y almacenamos<\/h2>\n<p>Recogemos informaci\u00f3n sobre ti durante el proceso de pedido en nuestra tienda.<\/p>\n<p>Registramos tu visita a nuestro sitio web:<\/p>\n<ul>\n<li>Productos vistos: Aqu\u00ed te mostramos los productos que has visto recientemente.<\/li>\n<li>Localizaci\u00f3n, direcci\u00f3n IP y tipo de navegador: lo utilizamos para fines como la estimaci\u00f3n de impuestos y gastos de env\u00edo<\/li>\n<li>Direcci\u00f3n de env\u00edo: Te pediremos que nos la facilites para poder, por ejemplo, determinar los gastos de env\u00edo antes de que hagas un pedido y envi\u00e1rtelo.<\/li>\n<\/ul>\n<p>Tambi\u00e9n utilizamos cookies para hacer un seguimiento del contenido de tu cesta de la compra mientras visitas nuestro sitio web.<\/p>\n<p>Cuando compres con nosotros, te pediremos que nos proporciones informaci\u00f3n como tu nombre, direcci\u00f3n de facturaci\u00f3n y env\u00edo, direcci\u00f3n de correo electr\u00f3nico y n\u00famero de tel\u00e9fono, datos de la tarjeta de cr\u00e9dito\/detalles del pago e informaci\u00f3n opcional de la cuenta, como nombre de usuario y contrase\u00f1a. Utilizamos esta informaci\u00f3n para los siguientes fines: <\/p>\n<ul>\n<li>Env\u00edo de informaci\u00f3n sobre tu cuenta y pedido<\/li>\n<li>Respuesta a tus consultas, incluidas devoluciones y reclamaciones<\/li>\n<li>Tratamiento de las operaciones de pago y prevenci\u00f3n del fraude<\/li>\n<li>Crea tu cuenta en nuestra tienda<\/li>\n<li>Cumplimiento de todas las obligaciones legales, como el c\u00e1lculo de impuestos<\/li>\n<li>Mejora de las ofertas de nuestra tienda<\/li>\n<li>Enviar mensajes de marketing si deseas recibirlos<\/li>\n<\/ul>\n<p>Cuando creas una cuenta con nosotros, almacenamos tu nombre, direcci\u00f3n, direcci\u00f3n de correo electr\u00f3nico y n\u00famero de tel\u00e9fono. Estos datos se utilizar\u00e1n para rellenar la informaci\u00f3n de pago de futuros pedidos. <\/p>\n<p>Normalmente almacenamos informaci\u00f3n sobre ti durante el tiempo que la necesitamos para el fin para el que fue recopilada y utilizada y estamos obligados a almacenarla. Por ejemplo, almacenamos la informaci\u00f3n de los pedidos durante XXX a\u00f1os a efectos fiscales y de facturaci\u00f3n. Esto incluye tu nombre, direcci\u00f3n de correo electr\u00f3nico, direcci\u00f3n de facturaci\u00f3n y de env\u00edo.  <\/p>\n<p>Tambi\u00e9n guardamos los comentarios o valoraciones si decides dejarlos.<\/p>\n<h2> <\/h2>\n<h2>Qui\u00e9n de nuestro equipo tiene acceso<\/h2>\n<p>Los miembros de nuestro equipo tienen acceso a la informaci\u00f3n que nos proporcionas. Por ejemplo, tanto los administradores como los encargados de la tienda pueden acceder a lo siguiente: <\/p>\n<ul>\n<li>Informaci\u00f3n sobre el pedido, como los productos adquiridos, el momento de la compra y la direcci\u00f3n de env\u00edo y<\/li>\n<li>Informaci\u00f3n del cliente, como tu nombre, direcci\u00f3n de correo electr\u00f3nico e informaci\u00f3n de facturaci\u00f3n y env\u00edo.<\/li>\n<\/ul>\n<p>Los miembros de nuestro equipo tienen acceso a esta informaci\u00f3n para procesar pedidos, realizar reembolsos y prestarte ayuda.<\/p>\n<h3> <\/h3>\n<h3>Pagos<\/h3>\n<p>Aceptamos pagos con PayPal. Durante el procesamiento del pago, algunos de tus datos se transmitir\u00e1n a PayPal. S\u00f3lo se transmitir\u00e1 la informaci\u00f3n necesaria para el procesamiento o la ejecuci\u00f3n del pago, como el precio total de la compra y la informaci\u00f3n de pago.  <\/p>\n<p>Puedes consultar la <a href=\"https:\/\/www.paypal.com\/us\/webapps\/mpp\/ua\/privacy-full\">pol\u00edtica de privacidad de PayPal<\/a> aqu\u00ed.<\/p>\n<h3> <\/h3>\n<h3>WPML<\/h3>\n<div class=\"policy-text hide-privacy-policy-tutorial\">\n<p>WPML utiliza cookies para determinar el idioma actual del visitante, el \u00faltimo idioma visitado y el idioma de los usuarios que han iniciado sesi\u00f3n.<\/p>\n<p>Mientras utilices el plugin, WPML compartir\u00e1 los datos relativos a la p\u00e1gina a trav\u00e9s del instalador. El propio usuario no comparte ning\u00fan dato. <\/p>\n<div class=\"policy-text hide-privacy-policy-tutorial\">\n<h3> <\/h3>\n<h3>YouTube<\/h3>\n<p>Nuestro sitio web utiliza plugins de YouTube, que es operado por Google. El operador de las p\u00e1ginas es YouTube LLC, 901 Cherry Ave, San Bruno, CA 94066, EEUU.<\/p>\n<p>Si visitas una de nuestras p\u00e1ginas que contiene un plugin de YouTube, se establece una conexi\u00f3n con los servidores de YouTube. Aqu\u00ed se informa al servidor de YouTube sobre cu\u00e1l de nuestras p\u00e1ginas has visitado. <\/p>\n<p>Si has iniciado sesi\u00f3n en tu cuenta de YouTube, YouTube permite asociar tu comportamiento de navegaci\u00f3n directamente con tu perfil personal. Puedes evitarlo cerrando la sesi\u00f3n de tu cuenta de YouTube. <\/p>\n<p>YouTube se utiliza para ayudar a que nuestro sitio web sea atractivo. Esto constituye un inter\u00e9s justificado de conformidad con el Art. 6 (1) (f) GDPR. <\/p>\n<p>Puedes encontrar m\u00e1s informaci\u00f3n sobre el tratamiento de los datos de los usuarios en la declaraci\u00f3n de protecci\u00f3n de datos de YouTube en <a href=\"https:\/\/www.google.de\/intl\/de\/policies\/privacy\" target=\"_blank\" rel=\"noopener noreferrer\">https:\/\/www.google.de\/intl\/de\/policies\/privacy.<\/a><\/p>\n<h3> <\/h3>\n<h3>Fuentes Web Google<\/h3>\n<p>Para una representaci\u00f3n uniforme de las fuentes, esta p\u00e1gina utiliza fuentes web proporcionadas por Google. Cuando abres una p\u00e1gina, tu navegador carga las fuentes web necesarias en la cach\u00e9 del navegador para mostrar los textos y las fuentes correctamente. <\/p>\n<p>Para ello, tu navegador debe establecer una conexi\u00f3n directa con los servidores de Google. De este modo, Google tiene conocimiento de que se ha accedido a nuestra p\u00e1gina web a trav\u00e9s de tu direcci\u00f3n IP. El uso de fuentes web de Google se realiza en inter\u00e9s de una presentaci\u00f3n uniforme y atractiva de nuestro plugin. Esto constituye un inter\u00e9s justificado de conformidad con el Art. 6 (1) (f) GDPR.   <\/p>\n<p>Si tu navegador no admite fuentes web, tu ordenador utilizar\u00e1 una fuente est\u00e1ndar.<\/p>\n<p>Puedes encontrar m\u00e1s informaci\u00f3n sobre el tratamiento de los datos de los usuarios en <a href=\"https:\/\/developers.google.com\/fonts\/faq\" target=\"_blank\" rel=\"noopener noreferrer\">https:\/\/developers.google.com\/fonts\/faq<\/a> y en la pol\u00edtica de privacidad de Google en <a href=\"https:\/\/www.google.com\/policies\/privacy\/\" target=\"_blank\" rel=\"noopener noreferrer\">https:\/\/www.google.com\/policies\/privacy\/.<\/a><\/p>\n<\/p>\n<h3>Exclusi\u00f3n de Google Analytics<\/h3>\n\n<\/div>\n<\/div>\n<\/div>\n<\/div>\n<\/div>\n<\/div>\n<\/div>\n\t\t\t\t\t\t\t\t<\/div>\n\t\t\t\t<\/div>\n\t\t\t\t\t<\/div>\n\t\t<\/div>\n\t\t\t\t\t<\/div>\n\t\t<\/section>\n\t\t\t\t<\/div>\n\t\t","protected":false},"excerpt":{"rendered":"<p>POL\u00cdTICA DE PRIVACIDAD Qu\u00e9 datos personales recogemos y por qu\u00e9 los recogemos Comentarios Cuando los visitantes publican comentarios en el sitio web, recogemos los datos que aparecen en el formulario de comentarios, la direcci\u00f3n IP del visitante y la cadena de agente de usuario (que identifica el navegador) para ayudar a reconocer el spam. Se [&hellip;]<\/p>\n","protected":false},"author":3,"featured_media":0,"parent":0,"menu_order":0,"comment_status":"closed","ping_status":"closed","template":"","meta":{"_acf_changed":false,"footnotes":""},"class_list":["post-52292","page","type-page","status-publish","hentry"],"acf":[],"yoast_head":"<!-- This site is optimized with the Yoast SEO Premium plugin v20.10 (Yoast SEO v24.3) - https:\/\/yoast.com\/wordpress\/plugins\/seo\/ -->\n<title>- ALEGER \u22c6 Augmented Reality<\/title>\n<meta name=\"robots\" content=\"noindex, nofollow\" \/>\n<meta property=\"og:locale\" content=\"es_ES\" \/>\n<meta property=\"og:type\" content=\"article\" \/>\n<meta property=\"og:title\" content=\"Pol\u00edtica de privacidad\" \/>\n<meta property=\"og:description\" content=\"POL\u00cdTICA DE PRIVACIDAD Qu\u00e9 datos personales recogemos y por qu\u00e9 los recogemos Comentarios Cuando los visitantes publican comentarios en el sitio web, recogemos los datos que aparecen en el formulario de comentarios, la direcci\u00f3n IP del visitante y la cadena de agente de usuario (que identifica el navegador) para ayudar a reconocer el spam. Se [&hellip;]\" \/>\n<meta property=\"og:url\" content=\"https:\/\/alegerglobal.com\/es\/politica-de-privacidad\/\" \/>\n<meta property=\"og:site_name\" content=\"ALEGER \u22c6 Augmented Reality\" \/>\n<meta property=\"article:modified_time\" content=\"2026-02-16T17:39:10+00:00\" \/>\n<meta name=\"twitter:card\" content=\"summary_large_image\" \/>\n<meta name=\"twitter:label1\" content=\"Tiempo de lectura\" \/>\n\t<meta name=\"twitter:data1\" content=\"8 minutos\" \/>\n<script type=\"application\/ld+json\" class=\"yoast-schema-graph\">{\"@context\":\"https:\/\/schema.org\",\"@graph\":[{\"@type\":\"WebPage\",\"@id\":\"https:\/\/alegerglobal.com\/es\/politica-de-privacidad\/\",\"url\":\"https:\/\/alegerglobal.com\/es\/politica-de-privacidad\/\",\"name\":\"- ALEGER \u22c6 Augmented Reality\",\"isPartOf\":{\"@id\":\"https:\/\/alegerglobal.com\/es\/#website\"},\"datePublished\":\"2026-02-16T17:39:07+00:00\",\"dateModified\":\"2026-02-16T17:39:10+00:00\",\"breadcrumb\":{\"@id\":\"https:\/\/alegerglobal.com\/es\/politica-de-privacidad\/#breadcrumb\"},\"inLanguage\":\"es\",\"potentialAction\":[{\"@type\":\"ReadAction\",\"target\":[\"https:\/\/alegerglobal.com\/es\/politica-de-privacidad\/\"]}]},{\"@type\":\"BreadcrumbList\",\"@id\":\"https:\/\/alegerglobal.com\/es\/politica-de-privacidad\/#breadcrumb\",\"itemListElement\":[{\"@type\":\"ListItem\",\"position\":1,\"name\":\"Home\",\"item\":\"https:\/\/alegerglobal.com\/es\/nuevo-pagina-de-inicio\/\"},{\"@type\":\"ListItem\",\"position\":2,\"name\":\"Pol\u00edtica de privacidad\"}]},{\"@type\":\"WebSite\",\"@id\":\"https:\/\/alegerglobal.com\/es\/#website\",\"url\":\"https:\/\/alegerglobal.com\/es\/\",\"name\":\"ALEGER \u22c6 Augmented Reality\",\"description\":\"Die besten Augmented Reality (AR) L\u00f6sungen der Welt.\",\"publisher\":{\"@id\":\"https:\/\/alegerglobal.com\/es\/#organization\"},\"potentialAction\":[{\"@type\":\"SearchAction\",\"target\":{\"@type\":\"EntryPoint\",\"urlTemplate\":\"https:\/\/alegerglobal.com\/es\/?s={search_term_string}\"},\"query-input\":{\"@type\":\"PropertyValueSpecification\",\"valueRequired\":true,\"valueName\":\"search_term_string\"}}],\"inLanguage\":\"es\"},{\"@type\":\"Organization\",\"@id\":\"https:\/\/alegerglobal.com\/es\/#organization\",\"name\":\"ALEGER \u22c6 Augmented Reality\",\"url\":\"https:\/\/alegerglobal.com\/es\/\",\"logo\":{\"@type\":\"ImageObject\",\"inLanguage\":\"es\",\"@id\":\"https:\/\/alegerglobal.com\/es\/#\/schema\/logo\/image\/\",\"url\":\"https:\/\/alegerglobal.com\/wp-content\/uploads\/2020\/12\/aleger-logo-quadrat.jpg\",\"contentUrl\":\"https:\/\/alegerglobal.com\/wp-content\/uploads\/2020\/12\/aleger-logo-quadrat.jpg\",\"width\":200,\"height\":176,\"caption\":\"ALEGER \u22c6 Augmented Reality\"},\"image\":{\"@id\":\"https:\/\/alegerglobal.com\/es\/#\/schema\/logo\/image\/\"}}]}<\/script>\n<!-- \/ Yoast SEO Premium plugin. -->","yoast_head_json":{"title":"- ALEGER \u22c6 Augmented Reality","robots":{"index":"noindex","follow":"nofollow"},"og_locale":"es_ES","og_type":"article","og_title":"Pol\u00edtica de privacidad","og_description":"POL\u00cdTICA DE PRIVACIDAD Qu\u00e9 datos personales recogemos y por qu\u00e9 los recogemos Comentarios Cuando los visitantes publican comentarios en el sitio web, recogemos los datos que aparecen en el formulario de comentarios, la direcci\u00f3n IP del visitante y la cadena de agente de usuario (que identifica el navegador) para ayudar a reconocer el spam. Se [&hellip;]","og_url":"https:\/\/alegerglobal.com\/es\/politica-de-privacidad\/","og_site_name":"ALEGER \u22c6 Augmented Reality","article_modified_time":"2026-02-16T17:39:10+00:00","twitter_card":"summary_large_image","twitter_misc":{"Tiempo de lectura":"8 minutos"},"schema":{"@context":"https:\/\/schema.org","@graph":[{"@type":"WebPage","@id":"https:\/\/alegerglobal.com\/es\/politica-de-privacidad\/","url":"https:\/\/alegerglobal.com\/es\/politica-de-privacidad\/","name":"- ALEGER \u22c6 Augmented Reality","isPartOf":{"@id":"https:\/\/alegerglobal.com\/es\/#website"},"datePublished":"2026-02-16T17:39:07+00:00","dateModified":"2026-02-16T17:39:10+00:00","breadcrumb":{"@id":"https:\/\/alegerglobal.com\/es\/politica-de-privacidad\/#breadcrumb"},"inLanguage":"es","potentialAction":[{"@type":"ReadAction","target":["https:\/\/alegerglobal.com\/es\/politica-de-privacidad\/"]}]},{"@type":"BreadcrumbList","@id":"https:\/\/alegerglobal.com\/es\/politica-de-privacidad\/#breadcrumb","itemListElement":[{"@type":"ListItem","position":1,"name":"Home","item":"https:\/\/alegerglobal.com\/es\/nuevo-pagina-de-inicio\/"},{"@type":"ListItem","position":2,"name":"Pol\u00edtica de privacidad"}]},{"@type":"WebSite","@id":"https:\/\/alegerglobal.com\/es\/#website","url":"https:\/\/alegerglobal.com\/es\/","name":"ALEGER \u22c6 Augmented Reality","description":"Die besten Augmented Reality (AR) L\u00f6sungen der Welt.","publisher":{"@id":"https:\/\/alegerglobal.com\/es\/#organization"},"potentialAction":[{"@type":"SearchAction","target":{"@type":"EntryPoint","urlTemplate":"https:\/\/alegerglobal.com\/es\/?s={search_term_string}"},"query-input":{"@type":"PropertyValueSpecification","valueRequired":true,"valueName":"search_term_string"}}],"inLanguage":"es"},{"@type":"Organization","@id":"https:\/\/alegerglobal.com\/es\/#organization","name":"ALEGER \u22c6 Augmented Reality","url":"https:\/\/alegerglobal.com\/es\/","logo":{"@type":"ImageObject","inLanguage":"es","@id":"https:\/\/alegerglobal.com\/es\/#\/schema\/logo\/image\/","url":"https:\/\/alegerglobal.com\/wp-content\/uploads\/2020\/12\/aleger-logo-quadrat.jpg","contentUrl":"https:\/\/alegerglobal.com\/wp-content\/uploads\/2020\/12\/aleger-logo-quadrat.jpg","width":200,"height":176,"caption":"ALEGER \u22c6 Augmented Reality"},"image":{"@id":"https:\/\/alegerglobal.com\/es\/#\/schema\/logo\/image\/"}}]}},"_links":{"self":[{"href":"https:\/\/alegerglobal.com\/es\/wp-json\/wp\/v2\/pages\/52292","targetHints":{"allow":["GET"]}}],"collection":[{"href":"https:\/\/alegerglobal.com\/es\/wp-json\/wp\/v2\/pages"}],"about":[{"href":"https:\/\/alegerglobal.com\/es\/wp-json\/wp\/v2\/types\/page"}],"author":[{"embeddable":true,"href":"https:\/\/alegerglobal.com\/es\/wp-json\/wp\/v2\/users\/3"}],"replies":[{"embeddable":true,"href":"https:\/\/alegerglobal.com\/es\/wp-json\/wp\/v2\/comments?post=52292"}],"version-history":[{"count":1,"href":"https:\/\/alegerglobal.com\/es\/wp-json\/wp\/v2\/pages\/52292\/revisions"}],"predecessor-version":[{"id":52294,"href":"https:\/\/alegerglobal.com\/es\/wp-json\/wp\/v2\/pages\/52292\/revisions\/52294"}],"wp:attachment":[{"href":"https:\/\/alegerglobal.com\/es\/wp-json\/wp\/v2\/media?parent=52292"}],"curies":[{"name":"wp","href":"https:\/\/api.w.org\/{rel}","templated":true}]}}