{"id":53332,"date":"2026-03-06T14:32:50","date_gmt":"2026-03-06T13:32:51","guid":{"rendered":"https:\/\/alegerglobal.com\/?post_type=product&#038;p=53332"},"modified":"2026-03-19T19:01:34","modified_gmt":"2026-03-19T18:01:34","slug":"chytre-bryle-aleger-xr-500-ar-termalni-zobrazovani-sonar-a-48mp-kamera-kopie","status":"publish","type":"product","link":"https:\/\/alegerglobal.com\/cs\/shop-cs\/chytre-bryle-aleger-xr-500-ar-termalni-zobrazovani-sonar-a-48mp-kamera-kopie\/","title":{"rendered":"Chytr\u00e9 br\u00fdle ALEGER XR 800 AR &#8211; 1080p displej, 13MP kamera, GPS a pr\u016fmyslov\u00e9 chytr\u00e9 br\u00fdle se syst\u00e9mem Android"},"content":{"rendered":"","protected":false},"excerpt":{"rendered":"<p data-start=\"680\" data-end=\"985\"><strong data-start=\"684\" data-end=\"701\">ALEGER XR 800<\/strong> jsou profesion\u00e1ln\u00ed chytr\u00e9 br\u00fdle s roz\u0161\u00ed\u0159enou realitou pro pr\u016fmyslov\u00e9 aplikace, kontroly a technick\u00e9 pr\u00e1ce. Integrovan\u00fd displej roz\u0161\u00ed\u0159en\u00e9 reality zobrazuje digit\u00e1ln\u00ed informace p\u0159\u00edmo v zorn\u00e9m poli u\u017eivatele, co\u017e umo\u017e\u0148uje efektivn\u00ed pr\u00e1ci bez dal\u0161\u00edch za\u0159\u00edzen\u00ed.<\/p>\n<p data-start=\"987\" data-end=\"1469\">D\u00edky integrovan\u00e9 kame\u0159e, senzor\u016fm a GPS mohou br\u00fdle v re\u00e1ln\u00e9m \u010dase po\u0159izovat a p\u0159en\u00e1\u0161et sn\u00edmky, data a informace o prost\u0159ed\u00ed. Syst\u00e9m Android umo\u017e\u0148uje pou\u017eit\u00ed p\u0159izp\u016fsoben\u00fdch aplikac\u00ed a p\u0159ipojen\u00ed ke cloudu, d\u00edky \u010demu\u017e je ALEGER XR 800 vhodn\u00fd zejm\u00e9na pro \u00fadr\u017ebu, vzd\u00e1lenou podporu, logistiku nebo \u0161kolen\u00ed. Lze jej pohodln\u011b ovl\u00e1dat pomoc\u00ed dotykov\u00e9ho panelu, tla\u010d\u00edtek nebo hlasov\u00e9ho ovl\u00e1d\u00e1n\u00ed &#8211; zcela bez pou\u017eit\u00ed rukou p\u0159i pr\u00e1ci<\/p>\n","protected":false},"featured_media":53353,"comment_status":"open","ping_status":"closed","template":"","meta":{"_acf_changed":false},"product_brand":[],"product_cat":[1515,1516],"product_tag":[],"class_list":{"0":"post-53332","1":"product","2":"type-product","3":"status-publish","4":"has-post-thumbnail","6":"product_cat-chytre-bryle","7":"product_cat-shop-cs","8":"pa_hersteller-getac-cs","10":"first","11":"instock","12":"taxable","13":"shipping-taxable","14":"product-type-simple"},"acf":[],"yoast_head":"<!-- This site is optimized with the Yoast SEO Premium plugin v20.10 (Yoast SEO v24.3) - https:\/\/yoast.com\/wordpress\/plugins\/seo\/ -->\n<title>Chytr\u00e9 br\u00fdle ALEGER XR 800 AR - Pr\u016fmyslov\u00e9 chytr\u00e9 br\u00fdle se syst\u00e9mem Android<\/title>\n<meta name=\"description\" content=\"ALEGER XR 800 jsou robustn\u00ed chytr\u00e9 br\u00fdle pro roz\u0161\u00ed\u0159enou realitu s du\u00e1ln\u00edm displejem, 13MP kamerou, sledov\u00e1n\u00edm GPS, hlasov\u00fdm ovl\u00e1d\u00e1n\u00edm a syst\u00e9mem Android. Ide\u00e1ln\u00ed pro pr\u016fmysl, inspekce, \u00fadr\u017ebu, logistiku a vzd\u00e1lenou podporu.\" \/>\n<meta name=\"robots\" content=\"index, follow, max-snippet:-1, max-image-preview:large, max-video-preview:-1\" \/>\n<meta property=\"og:locale\" content=\"cs_CZ\" \/>\n<meta property=\"og:type\" content=\"article\" \/>\n<meta property=\"og:title\" content=\"Chytr\u00e9 br\u00fdle ALEGER XR 800 AR - 1080p displej, 13MP kamera, GPS a pr\u016fmyslov\u00e9 chytr\u00e9 br\u00fdle se syst\u00e9mem Android\" \/>\n<meta property=\"og:description\" content=\"ALEGER XR 800 jsou robustn\u00ed chytr\u00e9 br\u00fdle pro roz\u0161\u00ed\u0159enou realitu s du\u00e1ln\u00edm displejem, 13MP kamerou, sledov\u00e1n\u00edm GPS, hlasov\u00fdm ovl\u00e1d\u00e1n\u00edm a syst\u00e9mem Android. Ide\u00e1ln\u00ed pro pr\u016fmysl, inspekce, \u00fadr\u017ebu, logistiku a vzd\u00e1lenou podporu.\" \/>\n<meta property=\"og:url\" content=\"https:\/\/alegerglobal.com\/cs\/shop-cs\/chytre-bryle-aleger-xr-500-ar-termalni-zobrazovani-sonar-a-48mp-kamera-kopie\/\" \/>\n<meta property=\"og:site_name\" content=\"ALEGER \u22c6 Augmented Reality\" \/>\n<meta property=\"article:modified_time\" content=\"2026-03-19T18:01:34+00:00\" \/>\n<meta property=\"og:image\" content=\"https:\/\/alegerglobal.com\/wp-content\/uploads\/2026\/03\/ALEGER-XR800-1.png\" \/>\n\t<meta property=\"og:image:width\" content=\"800\" \/>\n\t<meta property=\"og:image:height\" content=\"800\" \/>\n\t<meta property=\"og:image:type\" content=\"image\/png\" \/>\n<meta name=\"twitter:card\" content=\"summary_large_image\" \/>\n<meta name=\"twitter:label1\" content=\"Cena\" \/>\n\t<meta name=\"twitter:data1\" content=\"\" \/>\n\t<meta name=\"twitter:label2\" content=\"Dostupnost\" \/>\n\t<meta name=\"twitter:data2\" content=\"Skladem\" \/>\n<script type=\"application\/ld+json\" class=\"yoast-schema-graph\">{\"@context\":\"https:\/\/schema.org\",\"@graph\":[{\"@type\":\"WebPage\",\"@id\":\"https:\/\/alegerglobal.com\/cs\/shop-cs\/chytre-bryle-aleger-xr-500-ar-termalni-zobrazovani-sonar-a-48mp-kamera-kopie\/\",\"url\":\"https:\/\/alegerglobal.com\/cs\/shop-cs\/chytre-bryle-aleger-xr-500-ar-termalni-zobrazovani-sonar-a-48mp-kamera-kopie\/\",\"name\":\"Chytr\u00e9 br\u00fdle ALEGER XR 800 AR - Pr\u016fmyslov\u00e9 chytr\u00e9 br\u00fdle se syst\u00e9mem Android\",\"isPartOf\":{\"@id\":\"https:\/\/alegerglobal.com\/cs\/#website\"},\"primaryImageOfPage\":{\"@id\":\"https:\/\/alegerglobal.com\/cs\/shop-cs\/chytre-bryle-aleger-xr-500-ar-termalni-zobrazovani-sonar-a-48mp-kamera-kopie\/#primaryimage\"},\"image\":{\"@id\":\"https:\/\/alegerglobal.com\/cs\/shop-cs\/chytre-bryle-aleger-xr-500-ar-termalni-zobrazovani-sonar-a-48mp-kamera-kopie\/#primaryimage\"},\"thumbnailUrl\":\"https:\/\/alegerglobal.com\/wp-content\/uploads\/2026\/03\/ALEGER-XR800-1.png\",\"datePublished\":\"2026-03-06T13:32:51+00:00\",\"dateModified\":\"2026-03-19T18:01:34+00:00\",\"description\":\"ALEGER XR 800 jsou robustn\u00ed chytr\u00e9 br\u00fdle pro roz\u0161\u00ed\u0159enou realitu s du\u00e1ln\u00edm displejem, 13MP kamerou, sledov\u00e1n\u00edm GPS, hlasov\u00fdm ovl\u00e1d\u00e1n\u00edm a syst\u00e9mem Android. Ide\u00e1ln\u00ed pro pr\u016fmysl, inspekce, \u00fadr\u017ebu, logistiku a vzd\u00e1lenou podporu.\",\"breadcrumb\":{\"@id\":\"https:\/\/alegerglobal.com\/cs\/shop-cs\/chytre-bryle-aleger-xr-500-ar-termalni-zobrazovani-sonar-a-48mp-kamera-kopie\/#breadcrumb\"},\"inLanguage\":\"cs\",\"potentialAction\":[{\"@type\":\"ReadAction\",\"target\":[\"https:\/\/alegerglobal.com\/cs\/shop-cs\/chytre-bryle-aleger-xr-500-ar-termalni-zobrazovani-sonar-a-48mp-kamera-kopie\/\"]}]},{\"@type\":\"ImageObject\",\"inLanguage\":\"cs\",\"@id\":\"https:\/\/alegerglobal.com\/cs\/shop-cs\/chytre-bryle-aleger-xr-500-ar-termalni-zobrazovani-sonar-a-48mp-kamera-kopie\/#primaryimage\",\"url\":\"https:\/\/alegerglobal.com\/wp-content\/uploads\/2026\/03\/ALEGER-XR800-1.png\",\"contentUrl\":\"https:\/\/alegerglobal.com\/wp-content\/uploads\/2026\/03\/ALEGER-XR800-1.png\",\"width\":800,\"height\":800},{\"@type\":\"BreadcrumbList\",\"@id\":\"https:\/\/alegerglobal.com\/cs\/shop-cs\/chytre-bryle-aleger-xr-500-ar-termalni-zobrazovani-sonar-a-48mp-kamera-kopie\/#breadcrumb\",\"itemListElement\":[{\"@type\":\"ListItem\",\"position\":1,\"name\":\"Home\",\"item\":\"https:\/\/alegerglobal.com\/cs\/novinka-domovska-stranka\/\"},{\"@type\":\"ListItem\",\"position\":2,\"name\":\"Produkty\",\"item\":\"https:\/\/alegerglobal.com\/cs\/produkty\/\"},{\"@type\":\"ListItem\",\"position\":3,\"name\":\"Chytr\u00e9 br\u00fdle ALEGER XR 800 AR &#8211; 1080p displej, 13MP kamera, GPS a pr\u016fmyslov\u00e9 chytr\u00e9 br\u00fdle se syst\u00e9mem Android\"}]},{\"@type\":\"WebSite\",\"@id\":\"https:\/\/alegerglobal.com\/cs\/#website\",\"url\":\"https:\/\/alegerglobal.com\/cs\/\",\"name\":\"ALEGER \u22c6 Augmented Reality\",\"description\":\"Die besten Augmented Reality (AR) L\u00f6sungen der Welt.\",\"publisher\":{\"@id\":\"https:\/\/alegerglobal.com\/cs\/#organization\"},\"potentialAction\":[{\"@type\":\"SearchAction\",\"target\":{\"@type\":\"EntryPoint\",\"urlTemplate\":\"https:\/\/alegerglobal.com\/cs\/?s={search_term_string}\"},\"query-input\":{\"@type\":\"PropertyValueSpecification\",\"valueRequired\":true,\"valueName\":\"search_term_string\"}}],\"inLanguage\":\"cs\"},{\"@type\":\"Organization\",\"@id\":\"https:\/\/alegerglobal.com\/cs\/#organization\",\"name\":\"ALEGER \u22c6 Augmented Reality\",\"url\":\"https:\/\/alegerglobal.com\/cs\/\",\"logo\":{\"@type\":\"ImageObject\",\"inLanguage\":\"cs\",\"@id\":\"https:\/\/alegerglobal.com\/cs\/#\/schema\/logo\/image\/\",\"url\":\"https:\/\/alegerglobal.com\/wp-content\/uploads\/2020\/12\/aleger-logo-quadrat.jpg\",\"contentUrl\":\"https:\/\/alegerglobal.com\/wp-content\/uploads\/2020\/12\/aleger-logo-quadrat.jpg\",\"width\":200,\"height\":176,\"caption\":\"ALEGER \u22c6 Augmented Reality\"},\"image\":{\"@id\":\"https:\/\/alegerglobal.com\/cs\/#\/schema\/logo\/image\/\"}}]}<\/script>\n<meta property=\"product:brand\" content=\"Getac\" \/>\n<meta property=\"product:price:amount\" content=\"0.00\" \/>\n<meta property=\"product:price:currency\" content=\"EUR\" \/>\n<meta property=\"og:availability\" content=\"instock\" \/>\n<meta property=\"product:availability\" content=\"instock\" \/>\n<meta property=\"product:condition\" content=\"new\" \/>\n<!-- \/ Yoast SEO Premium plugin. -->","yoast_head_json":{"title":"Chytr\u00e9 br\u00fdle ALEGER XR 800 AR - Pr\u016fmyslov\u00e9 chytr\u00e9 br\u00fdle se syst\u00e9mem Android","description":"ALEGER XR 800 jsou robustn\u00ed chytr\u00e9 br\u00fdle pro roz\u0161\u00ed\u0159enou realitu s du\u00e1ln\u00edm displejem, 13MP kamerou, sledov\u00e1n\u00edm GPS, hlasov\u00fdm ovl\u00e1d\u00e1n\u00edm a syst\u00e9mem Android. Ide\u00e1ln\u00ed pro pr\u016fmysl, inspekce, \u00fadr\u017ebu, logistiku a vzd\u00e1lenou podporu.","robots":{"index":"index","follow":"follow","max-snippet":"max-snippet:-1","max-image-preview":"max-image-preview:large","max-video-preview":"max-video-preview:-1"},"og_locale":"cs_CZ","og_type":"article","og_title":"Chytr\u00e9 br\u00fdle ALEGER XR 800 AR - 1080p displej, 13MP kamera, GPS a pr\u016fmyslov\u00e9 chytr\u00e9 br\u00fdle se syst\u00e9mem Android","og_description":"ALEGER XR 800 jsou robustn\u00ed chytr\u00e9 br\u00fdle pro roz\u0161\u00ed\u0159enou realitu s du\u00e1ln\u00edm displejem, 13MP kamerou, sledov\u00e1n\u00edm GPS, hlasov\u00fdm ovl\u00e1d\u00e1n\u00edm a syst\u00e9mem Android. Ide\u00e1ln\u00ed pro pr\u016fmysl, inspekce, \u00fadr\u017ebu, logistiku a vzd\u00e1lenou podporu.","og_url":"https:\/\/alegerglobal.com\/cs\/shop-cs\/chytre-bryle-aleger-xr-500-ar-termalni-zobrazovani-sonar-a-48mp-kamera-kopie\/","og_site_name":"ALEGER \u22c6 Augmented Reality","article_modified_time":"2026-03-19T18:01:34+00:00","og_image":[{"width":800,"height":800,"url":"https:\/\/alegerglobal.com\/wp-content\/uploads\/2026\/03\/ALEGER-XR800-1.png","type":"image\/png"}],"twitter_card":"summary_large_image","twitter_misc":{"Cena":"","Dostupnost":"Skladem"},"schema":{"@context":"https:\/\/schema.org","@graph":[{"@type":"WebPage","@id":"https:\/\/alegerglobal.com\/cs\/shop-cs\/chytre-bryle-aleger-xr-500-ar-termalni-zobrazovani-sonar-a-48mp-kamera-kopie\/","url":"https:\/\/alegerglobal.com\/cs\/shop-cs\/chytre-bryle-aleger-xr-500-ar-termalni-zobrazovani-sonar-a-48mp-kamera-kopie\/","name":"Chytr\u00e9 br\u00fdle ALEGER XR 800 AR - Pr\u016fmyslov\u00e9 chytr\u00e9 br\u00fdle se syst\u00e9mem Android","isPartOf":{"@id":"https:\/\/alegerglobal.com\/cs\/#website"},"primaryImageOfPage":{"@id":"https:\/\/alegerglobal.com\/cs\/shop-cs\/chytre-bryle-aleger-xr-500-ar-termalni-zobrazovani-sonar-a-48mp-kamera-kopie\/#primaryimage"},"image":{"@id":"https:\/\/alegerglobal.com\/cs\/shop-cs\/chytre-bryle-aleger-xr-500-ar-termalni-zobrazovani-sonar-a-48mp-kamera-kopie\/#primaryimage"},"thumbnailUrl":"https:\/\/alegerglobal.com\/wp-content\/uploads\/2026\/03\/ALEGER-XR800-1.png","datePublished":"2026-03-06T13:32:51+00:00","dateModified":"2026-03-19T18:01:34+00:00","description":"ALEGER XR 800 jsou robustn\u00ed chytr\u00e9 br\u00fdle pro roz\u0161\u00ed\u0159enou realitu s du\u00e1ln\u00edm displejem, 13MP kamerou, sledov\u00e1n\u00edm GPS, hlasov\u00fdm ovl\u00e1d\u00e1n\u00edm a syst\u00e9mem Android. Ide\u00e1ln\u00ed pro pr\u016fmysl, inspekce, \u00fadr\u017ebu, logistiku a vzd\u00e1lenou podporu.","breadcrumb":{"@id":"https:\/\/alegerglobal.com\/cs\/shop-cs\/chytre-bryle-aleger-xr-500-ar-termalni-zobrazovani-sonar-a-48mp-kamera-kopie\/#breadcrumb"},"inLanguage":"cs","potentialAction":[{"@type":"ReadAction","target":["https:\/\/alegerglobal.com\/cs\/shop-cs\/chytre-bryle-aleger-xr-500-ar-termalni-zobrazovani-sonar-a-48mp-kamera-kopie\/"]}]},{"@type":"ImageObject","inLanguage":"cs","@id":"https:\/\/alegerglobal.com\/cs\/shop-cs\/chytre-bryle-aleger-xr-500-ar-termalni-zobrazovani-sonar-a-48mp-kamera-kopie\/#primaryimage","url":"https:\/\/alegerglobal.com\/wp-content\/uploads\/2026\/03\/ALEGER-XR800-1.png","contentUrl":"https:\/\/alegerglobal.com\/wp-content\/uploads\/2026\/03\/ALEGER-XR800-1.png","width":800,"height":800},{"@type":"BreadcrumbList","@id":"https:\/\/alegerglobal.com\/cs\/shop-cs\/chytre-bryle-aleger-xr-500-ar-termalni-zobrazovani-sonar-a-48mp-kamera-kopie\/#breadcrumb","itemListElement":[{"@type":"ListItem","position":1,"name":"Home","item":"https:\/\/alegerglobal.com\/cs\/novinka-domovska-stranka\/"},{"@type":"ListItem","position":2,"name":"Produkty","item":"https:\/\/alegerglobal.com\/cs\/produkty\/"},{"@type":"ListItem","position":3,"name":"Chytr\u00e9 br\u00fdle ALEGER XR 800 AR &#8211; 1080p displej, 13MP kamera, GPS a pr\u016fmyslov\u00e9 chytr\u00e9 br\u00fdle se syst\u00e9mem Android"}]},{"@type":"WebSite","@id":"https:\/\/alegerglobal.com\/cs\/#website","url":"https:\/\/alegerglobal.com\/cs\/","name":"ALEGER \u22c6 Augmented Reality","description":"Die besten Augmented Reality (AR) L\u00f6sungen der Welt.","publisher":{"@id":"https:\/\/alegerglobal.com\/cs\/#organization"},"potentialAction":[{"@type":"SearchAction","target":{"@type":"EntryPoint","urlTemplate":"https:\/\/alegerglobal.com\/cs\/?s={search_term_string}"},"query-input":{"@type":"PropertyValueSpecification","valueRequired":true,"valueName":"search_term_string"}}],"inLanguage":"cs"},{"@type":"Organization","@id":"https:\/\/alegerglobal.com\/cs\/#organization","name":"ALEGER \u22c6 Augmented Reality","url":"https:\/\/alegerglobal.com\/cs\/","logo":{"@type":"ImageObject","inLanguage":"cs","@id":"https:\/\/alegerglobal.com\/cs\/#\/schema\/logo\/image\/","url":"https:\/\/alegerglobal.com\/wp-content\/uploads\/2020\/12\/aleger-logo-quadrat.jpg","contentUrl":"https:\/\/alegerglobal.com\/wp-content\/uploads\/2020\/12\/aleger-logo-quadrat.jpg","width":200,"height":176,"caption":"ALEGER \u22c6 Augmented Reality"},"image":{"@id":"https:\/\/alegerglobal.com\/cs\/#\/schema\/logo\/image\/"}}]},"product_brand":"Getac","product_price_amount":"0.00","product_price_currency":"EUR","og_availability":"instock","product_availability":"instock","product_condition":"new"},"_links":{"self":[{"href":"https:\/\/alegerglobal.com\/cs\/wp-json\/wp\/v2\/product\/53332","targetHints":{"allow":["GET"]}}],"collection":[{"href":"https:\/\/alegerglobal.com\/cs\/wp-json\/wp\/v2\/product"}],"about":[{"href":"https:\/\/alegerglobal.com\/cs\/wp-json\/wp\/v2\/types\/product"}],"replies":[{"embeddable":true,"href":"https:\/\/alegerglobal.com\/cs\/wp-json\/wp\/v2\/comments?post=53332"}],"version-history":[{"count":3,"href":"https:\/\/alegerglobal.com\/cs\/wp-json\/wp\/v2\/product\/53332\/revisions"}],"predecessor-version":[{"id":53957,"href":"https:\/\/alegerglobal.com\/cs\/wp-json\/wp\/v2\/product\/53332\/revisions\/53957"}],"wp:featuredmedia":[{"embeddable":true,"href":"https:\/\/alegerglobal.com\/cs\/wp-json\/wp\/v2\/media\/53353"}],"wp:attachment":[{"href":"https:\/\/alegerglobal.com\/cs\/wp-json\/wp\/v2\/media?parent=53332"}],"wp:term":[{"taxonomy":"product_brand","embeddable":true,"href":"https:\/\/alegerglobal.com\/cs\/wp-json\/wp\/v2\/product_brand?post=53332"},{"taxonomy":"product_cat","embeddable":true,"href":"https:\/\/alegerglobal.com\/cs\/wp-json\/wp\/v2\/product_cat?post=53332"},{"taxonomy":"product_tag","embeddable":true,"href":"https:\/\/alegerglobal.com\/cs\/wp-json\/wp\/v2\/product_tag?post=53332"}],"curies":[{"name":"wp","href":"https:\/\/api.w.org\/{rel}","templated":true}]}}