{"id":53275,"date":"2026-03-06T14:08:34","date_gmt":"2026-03-06T13:08:35","guid":{"rendered":"https:\/\/alegerglobal.com\/?post_type=product&#038;p=53275"},"modified":"2026-03-19T19:01:35","modified_gmt":"2026-03-19T18:01:35","slug":"osmo-nano-ultralehka-4k-nositelna-akcni-kamera-kopie","status":"publish","type":"product","link":"https:\/\/alegerglobal.com\/cs\/shop-cs\/osmo-nano-ultralehka-4k-nositelna-akcni-kamera-kopie\/","title":{"rendered":"Chytr\u00e9 br\u00fdle ALEGER XR 500 AR &#8211; term\u00e1ln\u00ed zobrazov\u00e1n\u00ed, sonar a 48MP kamera"},"content":{"rendered":"","protected":false},"excerpt":{"rendered":"<p data-start=\"619\" data-end=\"996\"><strong data-start=\"623\" data-end=\"640\">ALEGER XR 500<\/strong> jsou inovativn\u00ed chytr\u00e9 br\u00fdle pro roz\u0161\u00ed\u0159enou realitu, kter\u00e9 kombinuj\u00ed nejmodern\u011bj\u0161\u00ed senzory a technologii um\u011bl\u00e9 inteligence a roz\u0161i\u0159uj\u00ed va\u0161e vn\u00edm\u00e1n\u00ed. Integrovan\u00fd displej s roz\u0161\u00ed\u0159enou realitou v\u00e1m poskytne d\u016fle\u017eit\u00e9 informace p\u0159\u00edmo ve va\u0161em zorn\u00e9m poli, zat\u00edmco v\u00fdkonn\u00e9 moduly, jako je termokamera, sonarov\u00fd vyhled\u00e1va\u010d ryb nebo endoskop, v\u00e1m poskytnou dal\u0161\u00ed poznatky.<\/p>\n<p data-start=\"998\" data-end=\"1361\">ALEGER XR 500 poskytuje p\u0159esn\u00e9 \u00fadaje v re\u00e1ln\u00e9m \u010dase a umo\u017e\u0148uje pr\u00e1ci bez pou\u017eit\u00ed rukou. Integrovan\u00fd 48 MP fotoapar\u00e1t, rozpozn\u00e1v\u00e1n\u00ed objekt\u016f pomoc\u00ed um\u011bl\u00e9 inteligence a hlasov\u00e9 ovl\u00e1d\u00e1n\u00ed z n\u011bj \u010din\u00ed v\u0161estrann\u00fd high-tech n\u00e1stroj pro profesion\u00e1ly a pr\u016fzkumn\u00edky.<\/p>\n","protected":false},"featured_media":53299,"comment_status":"open","ping_status":"closed","template":"","meta":{"_acf_changed":false},"product_brand":[],"product_cat":[1515,1516],"product_tag":[],"class_list":{"0":"post-53275","1":"product","2":"type-product","3":"status-publish","4":"has-post-thumbnail","6":"product_cat-chytre-bryle","7":"product_cat-shop-cs","8":"pa_hersteller-getac-cs","10":"first","11":"instock","12":"taxable","13":"shipping-taxable","14":"product-type-simple"},"acf":[],"yoast_head":"<!-- This site is optimized with the Yoast SEO Premium plugin v20.10 (Yoast SEO v24.3) - https:\/\/yoast.com\/wordpress\/plugins\/seo\/ -->\n<title>Chytr\u00e9 br\u00fdle ALEGER XR 500 AR - term\u00e1ln\u00ed zobrazov\u00e1n\u00ed a 48MP kamera<\/title>\n<meta name=\"description\" content=\"Chytr\u00e9 br\u00fdle ALEGER XR 500 AR kombinuj\u00ed 48MP kameru a rozpozn\u00e1v\u00e1n\u00ed um\u011blou inteligenc\u00ed v modul\u00e1rn\u00edch high-tech br\u00fdl\u00edch. Ide\u00e1ln\u00ed pro technick\u00e9 kontroly - s displejem AR a hands-free ovl\u00e1d\u00e1n\u00edm.\" \/>\n<meta name=\"robots\" content=\"index, follow, max-snippet:-1, max-image-preview:large, max-video-preview:-1\" \/>\n<meta property=\"og:locale\" content=\"cs_CZ\" \/>\n<meta property=\"og:type\" content=\"article\" \/>\n<meta property=\"og:title\" content=\"Chytr\u00e9 br\u00fdle ALEGER XR 500 AR - term\u00e1ln\u00ed zobrazov\u00e1n\u00ed, sonar a 48MP kamera\" \/>\n<meta property=\"og:description\" content=\"Chytr\u00e9 br\u00fdle ALEGER XR 500 AR kombinuj\u00ed 48MP kameru a rozpozn\u00e1v\u00e1n\u00ed um\u011blou inteligenc\u00ed v modul\u00e1rn\u00edch high-tech br\u00fdl\u00edch. Ide\u00e1ln\u00ed pro technick\u00e9 kontroly - s displejem AR a hands-free ovl\u00e1d\u00e1n\u00edm.\" \/>\n<meta property=\"og:url\" content=\"https:\/\/alegerglobal.com\/cs\/shop-cs\/osmo-nano-ultralehka-4k-nositelna-akcni-kamera-kopie\/\" \/>\n<meta property=\"og:site_name\" content=\"ALEGER \u22c6 Augmented Reality\" \/>\n<meta property=\"article:modified_time\" content=\"2026-03-19T18:01:35+00:00\" \/>\n<meta property=\"og:image\" content=\"https:\/\/alegerglobal.com\/wp-content\/uploads\/2026\/03\/ALEGER-XR-500-1.png\" \/>\n\t<meta property=\"og:image:width\" content=\"800\" \/>\n\t<meta property=\"og:image:height\" content=\"800\" \/>\n\t<meta property=\"og:image:type\" content=\"image\/png\" \/>\n<meta name=\"twitter:card\" content=\"summary_large_image\" \/>\n<meta name=\"twitter:label1\" content=\"Cena\" \/>\n\t<meta name=\"twitter:data1\" content=\"\" \/>\n\t<meta name=\"twitter:label2\" content=\"Dostupnost\" \/>\n\t<meta name=\"twitter:data2\" content=\"Skladem\" \/>\n<script type=\"application\/ld+json\" class=\"yoast-schema-graph\">{\"@context\":\"https:\/\/schema.org\",\"@graph\":[{\"@type\":\"WebPage\",\"@id\":\"https:\/\/alegerglobal.com\/cs\/shop-cs\/osmo-nano-ultralehka-4k-nositelna-akcni-kamera-kopie\/\",\"url\":\"https:\/\/alegerglobal.com\/cs\/shop-cs\/osmo-nano-ultralehka-4k-nositelna-akcni-kamera-kopie\/\",\"name\":\"Chytr\u00e9 br\u00fdle ALEGER XR 500 AR - term\u00e1ln\u00ed zobrazov\u00e1n\u00ed a 48MP kamera\",\"isPartOf\":{\"@id\":\"https:\/\/alegerglobal.com\/cs\/#website\"},\"primaryImageOfPage\":{\"@id\":\"https:\/\/alegerglobal.com\/cs\/shop-cs\/osmo-nano-ultralehka-4k-nositelna-akcni-kamera-kopie\/#primaryimage\"},\"image\":{\"@id\":\"https:\/\/alegerglobal.com\/cs\/shop-cs\/osmo-nano-ultralehka-4k-nositelna-akcni-kamera-kopie\/#primaryimage\"},\"thumbnailUrl\":\"https:\/\/alegerglobal.com\/wp-content\/uploads\/2026\/03\/ALEGER-XR-500-1.png\",\"datePublished\":\"2026-03-06T13:08:35+00:00\",\"dateModified\":\"2026-03-19T18:01:35+00:00\",\"description\":\"Chytr\u00e9 br\u00fdle ALEGER XR 500 AR kombinuj\u00ed 48MP kameru a rozpozn\u00e1v\u00e1n\u00ed um\u011blou inteligenc\u00ed v modul\u00e1rn\u00edch high-tech br\u00fdl\u00edch. Ide\u00e1ln\u00ed pro technick\u00e9 kontroly - s displejem AR a hands-free ovl\u00e1d\u00e1n\u00edm.\",\"breadcrumb\":{\"@id\":\"https:\/\/alegerglobal.com\/cs\/shop-cs\/osmo-nano-ultralehka-4k-nositelna-akcni-kamera-kopie\/#breadcrumb\"},\"inLanguage\":\"cs\",\"potentialAction\":[{\"@type\":\"ReadAction\",\"target\":[\"https:\/\/alegerglobal.com\/cs\/shop-cs\/osmo-nano-ultralehka-4k-nositelna-akcni-kamera-kopie\/\"]}]},{\"@type\":\"ImageObject\",\"inLanguage\":\"cs\",\"@id\":\"https:\/\/alegerglobal.com\/cs\/shop-cs\/osmo-nano-ultralehka-4k-nositelna-akcni-kamera-kopie\/#primaryimage\",\"url\":\"https:\/\/alegerglobal.com\/wp-content\/uploads\/2026\/03\/ALEGER-XR-500-1.png\",\"contentUrl\":\"https:\/\/alegerglobal.com\/wp-content\/uploads\/2026\/03\/ALEGER-XR-500-1.png\",\"width\":800,\"height\":800},{\"@type\":\"BreadcrumbList\",\"@id\":\"https:\/\/alegerglobal.com\/cs\/shop-cs\/osmo-nano-ultralehka-4k-nositelna-akcni-kamera-kopie\/#breadcrumb\",\"itemListElement\":[{\"@type\":\"ListItem\",\"position\":1,\"name\":\"Home\",\"item\":\"https:\/\/alegerglobal.com\/cs\/novinka-domovska-stranka\/\"},{\"@type\":\"ListItem\",\"position\":2,\"name\":\"Produkty\",\"item\":\"https:\/\/alegerglobal.com\/cs\/produkty\/\"},{\"@type\":\"ListItem\",\"position\":3,\"name\":\"Chytr\u00e9 br\u00fdle ALEGER XR 500 AR &#8211; term\u00e1ln\u00ed zobrazov\u00e1n\u00ed, sonar a 48MP kamera\"}]},{\"@type\":\"WebSite\",\"@id\":\"https:\/\/alegerglobal.com\/cs\/#website\",\"url\":\"https:\/\/alegerglobal.com\/cs\/\",\"name\":\"ALEGER \u22c6 Augmented Reality\",\"description\":\"Die besten Augmented Reality (AR) L\u00f6sungen der Welt.\",\"publisher\":{\"@id\":\"https:\/\/alegerglobal.com\/cs\/#organization\"},\"potentialAction\":[{\"@type\":\"SearchAction\",\"target\":{\"@type\":\"EntryPoint\",\"urlTemplate\":\"https:\/\/alegerglobal.com\/cs\/?s={search_term_string}\"},\"query-input\":{\"@type\":\"PropertyValueSpecification\",\"valueRequired\":true,\"valueName\":\"search_term_string\"}}],\"inLanguage\":\"cs\"},{\"@type\":\"Organization\",\"@id\":\"https:\/\/alegerglobal.com\/cs\/#organization\",\"name\":\"ALEGER \u22c6 Augmented Reality\",\"url\":\"https:\/\/alegerglobal.com\/cs\/\",\"logo\":{\"@type\":\"ImageObject\",\"inLanguage\":\"cs\",\"@id\":\"https:\/\/alegerglobal.com\/cs\/#\/schema\/logo\/image\/\",\"url\":\"https:\/\/alegerglobal.com\/wp-content\/uploads\/2020\/12\/aleger-logo-quadrat.jpg\",\"contentUrl\":\"https:\/\/alegerglobal.com\/wp-content\/uploads\/2020\/12\/aleger-logo-quadrat.jpg\",\"width\":200,\"height\":176,\"caption\":\"ALEGER \u22c6 Augmented Reality\"},\"image\":{\"@id\":\"https:\/\/alegerglobal.com\/cs\/#\/schema\/logo\/image\/\"}}]}<\/script>\n<meta property=\"product:brand\" content=\"Getac\" \/>\n<meta property=\"product:price:amount\" content=\"0.00\" \/>\n<meta property=\"product:price:currency\" content=\"EUR\" \/>\n<meta property=\"og:availability\" content=\"instock\" \/>\n<meta property=\"product:availability\" content=\"instock\" \/>\n<meta property=\"product:condition\" content=\"new\" \/>\n<!-- \/ Yoast SEO Premium plugin. -->","yoast_head_json":{"title":"Chytr\u00e9 br\u00fdle ALEGER XR 500 AR - term\u00e1ln\u00ed zobrazov\u00e1n\u00ed a 48MP kamera","description":"Chytr\u00e9 br\u00fdle ALEGER XR 500 AR kombinuj\u00ed 48MP kameru a rozpozn\u00e1v\u00e1n\u00ed um\u011blou inteligenc\u00ed v modul\u00e1rn\u00edch high-tech br\u00fdl\u00edch. Ide\u00e1ln\u00ed pro technick\u00e9 kontroly - s displejem AR a hands-free ovl\u00e1d\u00e1n\u00edm.","robots":{"index":"index","follow":"follow","max-snippet":"max-snippet:-1","max-image-preview":"max-image-preview:large","max-video-preview":"max-video-preview:-1"},"og_locale":"cs_CZ","og_type":"article","og_title":"Chytr\u00e9 br\u00fdle ALEGER XR 500 AR - term\u00e1ln\u00ed zobrazov\u00e1n\u00ed, sonar a 48MP kamera","og_description":"Chytr\u00e9 br\u00fdle ALEGER XR 500 AR kombinuj\u00ed 48MP kameru a rozpozn\u00e1v\u00e1n\u00ed um\u011blou inteligenc\u00ed v modul\u00e1rn\u00edch high-tech br\u00fdl\u00edch. Ide\u00e1ln\u00ed pro technick\u00e9 kontroly - s displejem AR a hands-free ovl\u00e1d\u00e1n\u00edm.","og_url":"https:\/\/alegerglobal.com\/cs\/shop-cs\/osmo-nano-ultralehka-4k-nositelna-akcni-kamera-kopie\/","og_site_name":"ALEGER \u22c6 Augmented Reality","article_modified_time":"2026-03-19T18:01:35+00:00","og_image":[{"width":800,"height":800,"url":"https:\/\/alegerglobal.com\/wp-content\/uploads\/2026\/03\/ALEGER-XR-500-1.png","type":"image\/png"}],"twitter_card":"summary_large_image","twitter_misc":{"Cena":"","Dostupnost":"Skladem"},"schema":{"@context":"https:\/\/schema.org","@graph":[{"@type":"WebPage","@id":"https:\/\/alegerglobal.com\/cs\/shop-cs\/osmo-nano-ultralehka-4k-nositelna-akcni-kamera-kopie\/","url":"https:\/\/alegerglobal.com\/cs\/shop-cs\/osmo-nano-ultralehka-4k-nositelna-akcni-kamera-kopie\/","name":"Chytr\u00e9 br\u00fdle ALEGER XR 500 AR - term\u00e1ln\u00ed zobrazov\u00e1n\u00ed a 48MP kamera","isPartOf":{"@id":"https:\/\/alegerglobal.com\/cs\/#website"},"primaryImageOfPage":{"@id":"https:\/\/alegerglobal.com\/cs\/shop-cs\/osmo-nano-ultralehka-4k-nositelna-akcni-kamera-kopie\/#primaryimage"},"image":{"@id":"https:\/\/alegerglobal.com\/cs\/shop-cs\/osmo-nano-ultralehka-4k-nositelna-akcni-kamera-kopie\/#primaryimage"},"thumbnailUrl":"https:\/\/alegerglobal.com\/wp-content\/uploads\/2026\/03\/ALEGER-XR-500-1.png","datePublished":"2026-03-06T13:08:35+00:00","dateModified":"2026-03-19T18:01:35+00:00","description":"Chytr\u00e9 br\u00fdle ALEGER XR 500 AR kombinuj\u00ed 48MP kameru a rozpozn\u00e1v\u00e1n\u00ed um\u011blou inteligenc\u00ed v modul\u00e1rn\u00edch high-tech br\u00fdl\u00edch. Ide\u00e1ln\u00ed pro technick\u00e9 kontroly - s displejem AR a hands-free ovl\u00e1d\u00e1n\u00edm.","breadcrumb":{"@id":"https:\/\/alegerglobal.com\/cs\/shop-cs\/osmo-nano-ultralehka-4k-nositelna-akcni-kamera-kopie\/#breadcrumb"},"inLanguage":"cs","potentialAction":[{"@type":"ReadAction","target":["https:\/\/alegerglobal.com\/cs\/shop-cs\/osmo-nano-ultralehka-4k-nositelna-akcni-kamera-kopie\/"]}]},{"@type":"ImageObject","inLanguage":"cs","@id":"https:\/\/alegerglobal.com\/cs\/shop-cs\/osmo-nano-ultralehka-4k-nositelna-akcni-kamera-kopie\/#primaryimage","url":"https:\/\/alegerglobal.com\/wp-content\/uploads\/2026\/03\/ALEGER-XR-500-1.png","contentUrl":"https:\/\/alegerglobal.com\/wp-content\/uploads\/2026\/03\/ALEGER-XR-500-1.png","width":800,"height":800},{"@type":"BreadcrumbList","@id":"https:\/\/alegerglobal.com\/cs\/shop-cs\/osmo-nano-ultralehka-4k-nositelna-akcni-kamera-kopie\/#breadcrumb","itemListElement":[{"@type":"ListItem","position":1,"name":"Home","item":"https:\/\/alegerglobal.com\/cs\/novinka-domovska-stranka\/"},{"@type":"ListItem","position":2,"name":"Produkty","item":"https:\/\/alegerglobal.com\/cs\/produkty\/"},{"@type":"ListItem","position":3,"name":"Chytr\u00e9 br\u00fdle ALEGER XR 500 AR &#8211; term\u00e1ln\u00ed zobrazov\u00e1n\u00ed, sonar a 48MP kamera"}]},{"@type":"WebSite","@id":"https:\/\/alegerglobal.com\/cs\/#website","url":"https:\/\/alegerglobal.com\/cs\/","name":"ALEGER \u22c6 Augmented Reality","description":"Die besten Augmented Reality (AR) L\u00f6sungen der Welt.","publisher":{"@id":"https:\/\/alegerglobal.com\/cs\/#organization"},"potentialAction":[{"@type":"SearchAction","target":{"@type":"EntryPoint","urlTemplate":"https:\/\/alegerglobal.com\/cs\/?s={search_term_string}"},"query-input":{"@type":"PropertyValueSpecification","valueRequired":true,"valueName":"search_term_string"}}],"inLanguage":"cs"},{"@type":"Organization","@id":"https:\/\/alegerglobal.com\/cs\/#organization","name":"ALEGER \u22c6 Augmented Reality","url":"https:\/\/alegerglobal.com\/cs\/","logo":{"@type":"ImageObject","inLanguage":"cs","@id":"https:\/\/alegerglobal.com\/cs\/#\/schema\/logo\/image\/","url":"https:\/\/alegerglobal.com\/wp-content\/uploads\/2020\/12\/aleger-logo-quadrat.jpg","contentUrl":"https:\/\/alegerglobal.com\/wp-content\/uploads\/2020\/12\/aleger-logo-quadrat.jpg","width":200,"height":176,"caption":"ALEGER \u22c6 Augmented Reality"},"image":{"@id":"https:\/\/alegerglobal.com\/cs\/#\/schema\/logo\/image\/"}}]},"product_brand":"Getac","product_price_amount":"0.00","product_price_currency":"EUR","og_availability":"instock","product_availability":"instock","product_condition":"new"},"_links":{"self":[{"href":"https:\/\/alegerglobal.com\/cs\/wp-json\/wp\/v2\/product\/53275","targetHints":{"allow":["GET"]}}],"collection":[{"href":"https:\/\/alegerglobal.com\/cs\/wp-json\/wp\/v2\/product"}],"about":[{"href":"https:\/\/alegerglobal.com\/cs\/wp-json\/wp\/v2\/types\/product"}],"replies":[{"embeddable":true,"href":"https:\/\/alegerglobal.com\/cs\/wp-json\/wp\/v2\/comments?post=53275"}],"version-history":[{"count":3,"href":"https:\/\/alegerglobal.com\/cs\/wp-json\/wp\/v2\/product\/53275\/revisions"}],"predecessor-version":[{"id":53958,"href":"https:\/\/alegerglobal.com\/cs\/wp-json\/wp\/v2\/product\/53275\/revisions\/53958"}],"wp:featuredmedia":[{"embeddable":true,"href":"https:\/\/alegerglobal.com\/cs\/wp-json\/wp\/v2\/media\/53299"}],"wp:attachment":[{"href":"https:\/\/alegerglobal.com\/cs\/wp-json\/wp\/v2\/media?parent=53275"}],"wp:term":[{"taxonomy":"product_brand","embeddable":true,"href":"https:\/\/alegerglobal.com\/cs\/wp-json\/wp\/v2\/product_brand?post=53275"},{"taxonomy":"product_cat","embeddable":true,"href":"https:\/\/alegerglobal.com\/cs\/wp-json\/wp\/v2\/product_cat?post=53275"},{"taxonomy":"product_tag","embeddable":true,"href":"https:\/\/alegerglobal.com\/cs\/wp-json\/wp\/v2\/product_tag?post=53275"}],"curies":[{"name":"wp","href":"https:\/\/api.w.org\/{rel}","templated":true}]}}