{"id":52676,"date":"2026-02-23T16:23:06","date_gmt":"2026-02-23T15:23:06","guid":{"rendered":"https:\/\/alegerglobal.com\/?post_type=product&#038;p=52676"},"modified":"2026-03-19T19:01:53","modified_gmt":"2026-03-19T18:01:53","slug":"getac-zx70-ex-tablet-s-ochranou-proti-vybuchu-atex-zona-2-7-displej-android-9-ip67-mil-std-810h-kopie-kopie-kopie-kopie-kopie","status":"publish","type":"product","link":"https:\/\/alegerglobal.com\/cs\/shop-cs\/gadgets-cs\/getac-zx70-ex-tablet-s-ochranou-proti-vybuchu-atex-zona-2-7-displej-android-9-ip67-mil-std-810h-kopie-kopie-kopie-kopie-kopie\/","title":{"rendered":"Osmo Nano &#8211; Ultralehk\u00e1 4K nositeln\u00e1 ak\u010dn\u00ed kamera"},"content":{"rendered":"","protected":false},"excerpt":{"rendered":"<p data-start=\"683\" data-end=\"1119\"><strong data-start=\"3278\" data-end=\"3295\">Osmo Nano<\/strong> je ultralehk\u00e1 nositeln\u00e1 ak\u010dn\u00ed kamera s rozli\u0161en\u00edm 4K, kter\u00e1 je navr\u017eena tak, aby zachytila va\u0161e dobrodru\u017estv\u00ed s \u017eiv\u00fdmi a stabilizovan\u00fdmi z\u00e1b\u011bry &#8211; a\u0165 u\u017e p\u0159i sportu, na cest\u00e1ch nebo jako POV obsah. D\u00edky magnetick\u00e9 konstrukci se dv\u011bma \u00fachyty ji lze flexibiln\u011b p\u0159ipevnit na helmy, \u010depice nebo vybaven\u00ed a v m\u017eiku oka p\u0159ep\u00edn\u00e1 mezi r\u016fzn\u00fdmi perspektivami. Kamera Osmo Nano je vybavena v\u00fdkonn\u00fdm sn\u00edma\u010dem, pokro\u010dilou stabilizac\u00ed obrazu, re\u017eimem SuperNight a v\u0161estrann\u00fdm dokovac\u00edm za\u0159\u00edzen\u00edm pro vid\u011bn\u00ed a nab\u00edz\u00ed tv\u016fr\u010d\u00ed svobodu tv\u016frc\u016fm, kte\u0159\u00ed si cen\u00ed kompaktn\u00edch rozm\u011br\u016f a profesion\u00e1ln\u00edch v\u00fdsledk\u016f.<\/p>\n","protected":false},"featured_media":52706,"comment_status":"open","ping_status":"closed","template":"","meta":{"_acf_changed":false},"product_brand":[],"product_cat":[1532,1516],"product_tag":[],"class_list":{"0":"post-52676","1":"product","2":"type-product","3":"status-publish","4":"has-post-thumbnail","6":"product_cat-gadgets-cs","7":"product_cat-shop-cs","8":"pa_hersteller-getac-cs","10":"first","11":"instock","12":"taxable","13":"shipping-taxable","14":"product-type-simple"},"acf":[],"yoast_head":"<!-- This site is optimized with the Yoast SEO Premium plugin v20.10 (Yoast SEO v24.3) - https:\/\/yoast.com\/wordpress\/plugins\/seo\/ -->\n<title>DJI Osmo Nano - Ultralehk\u00e1 4K nositeln\u00e1 ak\u010dn\u00ed kamera<\/title>\n<meta name=\"description\" content=\"Magnetick\u00e1 nositeln\u00e1 kamera 4K s ultra\u0161irok\u00fdm \u00fahlem z\u00e1b\u011bru 143\u00b0, stabilizac\u00ed RockSteady, re\u017eimem SuperNight a univerz\u00e1ln\u00edmi mo\u017enostmi upevn\u011bn\u00ed - ide\u00e1ln\u00ed pro dobrodru\u017en\u00fd a POV obsah.\" \/>\n<meta name=\"robots\" content=\"index, follow, max-snippet:-1, max-image-preview:large, max-video-preview:-1\" \/>\n<meta property=\"og:locale\" content=\"cs_CZ\" \/>\n<meta property=\"og:type\" content=\"article\" \/>\n<meta property=\"og:title\" content=\"Osmo Nano - Ultralehk\u00e1 4K nositeln\u00e1 ak\u010dn\u00ed kamera\" \/>\n<meta property=\"og:description\" content=\"Magnetick\u00e1 nositeln\u00e1 kamera 4K s ultra\u0161irok\u00fdm \u00fahlem z\u00e1b\u011bru 143\u00b0, stabilizac\u00ed RockSteady, re\u017eimem SuperNight a univerz\u00e1ln\u00edmi mo\u017enostmi upevn\u011bn\u00ed - ide\u00e1ln\u00ed pro dobrodru\u017en\u00fd a POV obsah.\" \/>\n<meta property=\"og:url\" content=\"https:\/\/alegerglobal.com\/cs\/shop-cs\/gadgets-cs\/getac-zx70-ex-tablet-s-ochranou-proti-vybuchu-atex-zona-2-7-displej-android-9-ip67-mil-std-810h-kopie-kopie-kopie-kopie-kopie\/\" \/>\n<meta property=\"og:site_name\" content=\"ALEGER \u22c6 Augmented Reality\" \/>\n<meta property=\"article:modified_time\" content=\"2026-03-19T18:01:53+00:00\" \/>\n<meta property=\"og:image\" content=\"https:\/\/alegerglobal.com\/wp-content\/uploads\/2026\/02\/Produktbild-800x800-1.png\" \/>\n\t<meta property=\"og:image:width\" content=\"800\" \/>\n\t<meta property=\"og:image:height\" content=\"800\" \/>\n\t<meta property=\"og:image:type\" content=\"image\/png\" \/>\n<meta name=\"twitter:card\" content=\"summary_large_image\" \/>\n<meta name=\"twitter:label1\" content=\"Cena\" \/>\n\t<meta name=\"twitter:data1\" content=\"\" \/>\n\t<meta name=\"twitter:label2\" content=\"Dostupnost\" \/>\n\t<meta name=\"twitter:data2\" content=\"Skladem\" \/>\n<script type=\"application\/ld+json\" class=\"yoast-schema-graph\">{\"@context\":\"https:\/\/schema.org\",\"@graph\":[{\"@type\":\"WebPage\",\"@id\":\"https:\/\/alegerglobal.com\/cs\/shop-cs\/gadgets-cs\/getac-zx70-ex-tablet-s-ochranou-proti-vybuchu-atex-zona-2-7-displej-android-9-ip67-mil-std-810h-kopie-kopie-kopie-kopie-kopie\/\",\"url\":\"https:\/\/alegerglobal.com\/cs\/shop-cs\/gadgets-cs\/getac-zx70-ex-tablet-s-ochranou-proti-vybuchu-atex-zona-2-7-displej-android-9-ip67-mil-std-810h-kopie-kopie-kopie-kopie-kopie\/\",\"name\":\"DJI Osmo Nano - Ultralehk\u00e1 4K nositeln\u00e1 ak\u010dn\u00ed kamera\",\"isPartOf\":{\"@id\":\"https:\/\/alegerglobal.com\/cs\/#website\"},\"primaryImageOfPage\":{\"@id\":\"https:\/\/alegerglobal.com\/cs\/shop-cs\/gadgets-cs\/getac-zx70-ex-tablet-s-ochranou-proti-vybuchu-atex-zona-2-7-displej-android-9-ip67-mil-std-810h-kopie-kopie-kopie-kopie-kopie\/#primaryimage\"},\"image\":{\"@id\":\"https:\/\/alegerglobal.com\/cs\/shop-cs\/gadgets-cs\/getac-zx70-ex-tablet-s-ochranou-proti-vybuchu-atex-zona-2-7-displej-android-9-ip67-mil-std-810h-kopie-kopie-kopie-kopie-kopie\/#primaryimage\"},\"thumbnailUrl\":\"https:\/\/alegerglobal.com\/wp-content\/uploads\/2026\/02\/Produktbild-800x800-1.png\",\"datePublished\":\"2026-02-23T15:23:06+00:00\",\"dateModified\":\"2026-03-19T18:01:53+00:00\",\"description\":\"Magnetick\u00e1 nositeln\u00e1 kamera 4K s ultra\u0161irok\u00fdm \u00fahlem z\u00e1b\u011bru 143\u00b0, stabilizac\u00ed RockSteady, re\u017eimem SuperNight a univerz\u00e1ln\u00edmi mo\u017enostmi upevn\u011bn\u00ed - ide\u00e1ln\u00ed pro dobrodru\u017en\u00fd a POV obsah.\",\"breadcrumb\":{\"@id\":\"https:\/\/alegerglobal.com\/cs\/shop-cs\/gadgets-cs\/getac-zx70-ex-tablet-s-ochranou-proti-vybuchu-atex-zona-2-7-displej-android-9-ip67-mil-std-810h-kopie-kopie-kopie-kopie-kopie\/#breadcrumb\"},\"inLanguage\":\"cs\",\"potentialAction\":[{\"@type\":\"ReadAction\",\"target\":[\"https:\/\/alegerglobal.com\/cs\/shop-cs\/gadgets-cs\/getac-zx70-ex-tablet-s-ochranou-proti-vybuchu-atex-zona-2-7-displej-android-9-ip67-mil-std-810h-kopie-kopie-kopie-kopie-kopie\/\"]}]},{\"@type\":\"ImageObject\",\"inLanguage\":\"cs\",\"@id\":\"https:\/\/alegerglobal.com\/cs\/shop-cs\/gadgets-cs\/getac-zx70-ex-tablet-s-ochranou-proti-vybuchu-atex-zona-2-7-displej-android-9-ip67-mil-std-810h-kopie-kopie-kopie-kopie-kopie\/#primaryimage\",\"url\":\"https:\/\/alegerglobal.com\/wp-content\/uploads\/2026\/02\/Produktbild-800x800-1.png\",\"contentUrl\":\"https:\/\/alegerglobal.com\/wp-content\/uploads\/2026\/02\/Produktbild-800x800-1.png\",\"width\":800,\"height\":800,\"caption\":\"wearable-4k-kamera\"},{\"@type\":\"BreadcrumbList\",\"@id\":\"https:\/\/alegerglobal.com\/cs\/shop-cs\/gadgets-cs\/getac-zx70-ex-tablet-s-ochranou-proti-vybuchu-atex-zona-2-7-displej-android-9-ip67-mil-std-810h-kopie-kopie-kopie-kopie-kopie\/#breadcrumb\",\"itemListElement\":[{\"@type\":\"ListItem\",\"position\":1,\"name\":\"Home\",\"item\":\"https:\/\/alegerglobal.com\/cs\/novinka-domovska-stranka\/\"},{\"@type\":\"ListItem\",\"position\":2,\"name\":\"Produkty\",\"item\":\"https:\/\/alegerglobal.com\/cs\/produkty\/\"},{\"@type\":\"ListItem\",\"position\":3,\"name\":\"Osmo Nano &#8211; Ultralehk\u00e1 4K nositeln\u00e1 ak\u010dn\u00ed kamera\"}]},{\"@type\":\"WebSite\",\"@id\":\"https:\/\/alegerglobal.com\/cs\/#website\",\"url\":\"https:\/\/alegerglobal.com\/cs\/\",\"name\":\"ALEGER \u22c6 Augmented Reality\",\"description\":\"Die besten Augmented Reality (AR) L\u00f6sungen der Welt.\",\"publisher\":{\"@id\":\"https:\/\/alegerglobal.com\/cs\/#organization\"},\"potentialAction\":[{\"@type\":\"SearchAction\",\"target\":{\"@type\":\"EntryPoint\",\"urlTemplate\":\"https:\/\/alegerglobal.com\/cs\/?s={search_term_string}\"},\"query-input\":{\"@type\":\"PropertyValueSpecification\",\"valueRequired\":true,\"valueName\":\"search_term_string\"}}],\"inLanguage\":\"cs\"},{\"@type\":\"Organization\",\"@id\":\"https:\/\/alegerglobal.com\/cs\/#organization\",\"name\":\"ALEGER \u22c6 Augmented Reality\",\"url\":\"https:\/\/alegerglobal.com\/cs\/\",\"logo\":{\"@type\":\"ImageObject\",\"inLanguage\":\"cs\",\"@id\":\"https:\/\/alegerglobal.com\/cs\/#\/schema\/logo\/image\/\",\"url\":\"https:\/\/alegerglobal.com\/wp-content\/uploads\/2020\/12\/aleger-logo-quadrat.jpg\",\"contentUrl\":\"https:\/\/alegerglobal.com\/wp-content\/uploads\/2020\/12\/aleger-logo-quadrat.jpg\",\"width\":200,\"height\":176,\"caption\":\"ALEGER \u22c6 Augmented Reality\"},\"image\":{\"@id\":\"https:\/\/alegerglobal.com\/cs\/#\/schema\/logo\/image\/\"}}]}<\/script>\n<meta property=\"product:brand\" content=\"Getac\" \/>\n<meta property=\"product:price:amount\" content=\"0.00\" \/>\n<meta property=\"product:price:currency\" content=\"EUR\" \/>\n<meta property=\"og:availability\" content=\"instock\" \/>\n<meta property=\"product:availability\" content=\"instock\" \/>\n<meta property=\"product:condition\" content=\"new\" \/>\n<!-- \/ Yoast SEO Premium plugin. -->","yoast_head_json":{"title":"DJI Osmo Nano - Ultralehk\u00e1 4K nositeln\u00e1 ak\u010dn\u00ed kamera","description":"Magnetick\u00e1 nositeln\u00e1 kamera 4K s ultra\u0161irok\u00fdm \u00fahlem z\u00e1b\u011bru 143\u00b0, stabilizac\u00ed RockSteady, re\u017eimem SuperNight a univerz\u00e1ln\u00edmi mo\u017enostmi upevn\u011bn\u00ed - ide\u00e1ln\u00ed pro dobrodru\u017en\u00fd a POV obsah.","robots":{"index":"index","follow":"follow","max-snippet":"max-snippet:-1","max-image-preview":"max-image-preview:large","max-video-preview":"max-video-preview:-1"},"og_locale":"cs_CZ","og_type":"article","og_title":"Osmo Nano - Ultralehk\u00e1 4K nositeln\u00e1 ak\u010dn\u00ed kamera","og_description":"Magnetick\u00e1 nositeln\u00e1 kamera 4K s ultra\u0161irok\u00fdm \u00fahlem z\u00e1b\u011bru 143\u00b0, stabilizac\u00ed RockSteady, re\u017eimem SuperNight a univerz\u00e1ln\u00edmi mo\u017enostmi upevn\u011bn\u00ed - ide\u00e1ln\u00ed pro dobrodru\u017en\u00fd a POV obsah.","og_url":"https:\/\/alegerglobal.com\/cs\/shop-cs\/gadgets-cs\/getac-zx70-ex-tablet-s-ochranou-proti-vybuchu-atex-zona-2-7-displej-android-9-ip67-mil-std-810h-kopie-kopie-kopie-kopie-kopie\/","og_site_name":"ALEGER \u22c6 Augmented Reality","article_modified_time":"2026-03-19T18:01:53+00:00","og_image":[{"width":800,"height":800,"url":"https:\/\/alegerglobal.com\/wp-content\/uploads\/2026\/02\/Produktbild-800x800-1.png","type":"image\/png"}],"twitter_card":"summary_large_image","twitter_misc":{"Cena":"","Dostupnost":"Skladem"},"schema":{"@context":"https:\/\/schema.org","@graph":[{"@type":"WebPage","@id":"https:\/\/alegerglobal.com\/cs\/shop-cs\/gadgets-cs\/getac-zx70-ex-tablet-s-ochranou-proti-vybuchu-atex-zona-2-7-displej-android-9-ip67-mil-std-810h-kopie-kopie-kopie-kopie-kopie\/","url":"https:\/\/alegerglobal.com\/cs\/shop-cs\/gadgets-cs\/getac-zx70-ex-tablet-s-ochranou-proti-vybuchu-atex-zona-2-7-displej-android-9-ip67-mil-std-810h-kopie-kopie-kopie-kopie-kopie\/","name":"DJI Osmo Nano - Ultralehk\u00e1 4K nositeln\u00e1 ak\u010dn\u00ed kamera","isPartOf":{"@id":"https:\/\/alegerglobal.com\/cs\/#website"},"primaryImageOfPage":{"@id":"https:\/\/alegerglobal.com\/cs\/shop-cs\/gadgets-cs\/getac-zx70-ex-tablet-s-ochranou-proti-vybuchu-atex-zona-2-7-displej-android-9-ip67-mil-std-810h-kopie-kopie-kopie-kopie-kopie\/#primaryimage"},"image":{"@id":"https:\/\/alegerglobal.com\/cs\/shop-cs\/gadgets-cs\/getac-zx70-ex-tablet-s-ochranou-proti-vybuchu-atex-zona-2-7-displej-android-9-ip67-mil-std-810h-kopie-kopie-kopie-kopie-kopie\/#primaryimage"},"thumbnailUrl":"https:\/\/alegerglobal.com\/wp-content\/uploads\/2026\/02\/Produktbild-800x800-1.png","datePublished":"2026-02-23T15:23:06+00:00","dateModified":"2026-03-19T18:01:53+00:00","description":"Magnetick\u00e1 nositeln\u00e1 kamera 4K s ultra\u0161irok\u00fdm \u00fahlem z\u00e1b\u011bru 143\u00b0, stabilizac\u00ed RockSteady, re\u017eimem SuperNight a univerz\u00e1ln\u00edmi mo\u017enostmi upevn\u011bn\u00ed - ide\u00e1ln\u00ed pro dobrodru\u017en\u00fd a POV obsah.","breadcrumb":{"@id":"https:\/\/alegerglobal.com\/cs\/shop-cs\/gadgets-cs\/getac-zx70-ex-tablet-s-ochranou-proti-vybuchu-atex-zona-2-7-displej-android-9-ip67-mil-std-810h-kopie-kopie-kopie-kopie-kopie\/#breadcrumb"},"inLanguage":"cs","potentialAction":[{"@type":"ReadAction","target":["https:\/\/alegerglobal.com\/cs\/shop-cs\/gadgets-cs\/getac-zx70-ex-tablet-s-ochranou-proti-vybuchu-atex-zona-2-7-displej-android-9-ip67-mil-std-810h-kopie-kopie-kopie-kopie-kopie\/"]}]},{"@type":"ImageObject","inLanguage":"cs","@id":"https:\/\/alegerglobal.com\/cs\/shop-cs\/gadgets-cs\/getac-zx70-ex-tablet-s-ochranou-proti-vybuchu-atex-zona-2-7-displej-android-9-ip67-mil-std-810h-kopie-kopie-kopie-kopie-kopie\/#primaryimage","url":"https:\/\/alegerglobal.com\/wp-content\/uploads\/2026\/02\/Produktbild-800x800-1.png","contentUrl":"https:\/\/alegerglobal.com\/wp-content\/uploads\/2026\/02\/Produktbild-800x800-1.png","width":800,"height":800,"caption":"wearable-4k-kamera"},{"@type":"BreadcrumbList","@id":"https:\/\/alegerglobal.com\/cs\/shop-cs\/gadgets-cs\/getac-zx70-ex-tablet-s-ochranou-proti-vybuchu-atex-zona-2-7-displej-android-9-ip67-mil-std-810h-kopie-kopie-kopie-kopie-kopie\/#breadcrumb","itemListElement":[{"@type":"ListItem","position":1,"name":"Home","item":"https:\/\/alegerglobal.com\/cs\/novinka-domovska-stranka\/"},{"@type":"ListItem","position":2,"name":"Produkty","item":"https:\/\/alegerglobal.com\/cs\/produkty\/"},{"@type":"ListItem","position":3,"name":"Osmo Nano &#8211; Ultralehk\u00e1 4K nositeln\u00e1 ak\u010dn\u00ed kamera"}]},{"@type":"WebSite","@id":"https:\/\/alegerglobal.com\/cs\/#website","url":"https:\/\/alegerglobal.com\/cs\/","name":"ALEGER \u22c6 Augmented Reality","description":"Die besten Augmented Reality (AR) L\u00f6sungen der Welt.","publisher":{"@id":"https:\/\/alegerglobal.com\/cs\/#organization"},"potentialAction":[{"@type":"SearchAction","target":{"@type":"EntryPoint","urlTemplate":"https:\/\/alegerglobal.com\/cs\/?s={search_term_string}"},"query-input":{"@type":"PropertyValueSpecification","valueRequired":true,"valueName":"search_term_string"}}],"inLanguage":"cs"},{"@type":"Organization","@id":"https:\/\/alegerglobal.com\/cs\/#organization","name":"ALEGER \u22c6 Augmented Reality","url":"https:\/\/alegerglobal.com\/cs\/","logo":{"@type":"ImageObject","inLanguage":"cs","@id":"https:\/\/alegerglobal.com\/cs\/#\/schema\/logo\/image\/","url":"https:\/\/alegerglobal.com\/wp-content\/uploads\/2020\/12\/aleger-logo-quadrat.jpg","contentUrl":"https:\/\/alegerglobal.com\/wp-content\/uploads\/2020\/12\/aleger-logo-quadrat.jpg","width":200,"height":176,"caption":"ALEGER \u22c6 Augmented Reality"},"image":{"@id":"https:\/\/alegerglobal.com\/cs\/#\/schema\/logo\/image\/"}}]},"product_brand":"Getac","product_price_amount":"0.00","product_price_currency":"EUR","og_availability":"instock","product_availability":"instock","product_condition":"new"},"_links":{"self":[{"href":"https:\/\/alegerglobal.com\/cs\/wp-json\/wp\/v2\/product\/52676","targetHints":{"allow":["GET"]}}],"collection":[{"href":"https:\/\/alegerglobal.com\/cs\/wp-json\/wp\/v2\/product"}],"about":[{"href":"https:\/\/alegerglobal.com\/cs\/wp-json\/wp\/v2\/types\/product"}],"replies":[{"embeddable":true,"href":"https:\/\/alegerglobal.com\/cs\/wp-json\/wp\/v2\/comments?post=52676"}],"version-history":[{"count":3,"href":"https:\/\/alegerglobal.com\/cs\/wp-json\/wp\/v2\/product\/52676\/revisions"}],"predecessor-version":[{"id":53962,"href":"https:\/\/alegerglobal.com\/cs\/wp-json\/wp\/v2\/product\/52676\/revisions\/53962"}],"wp:featuredmedia":[{"embeddable":true,"href":"https:\/\/alegerglobal.com\/cs\/wp-json\/wp\/v2\/media\/52706"}],"wp:attachment":[{"href":"https:\/\/alegerglobal.com\/cs\/wp-json\/wp\/v2\/media?parent=52676"}],"wp:term":[{"taxonomy":"product_brand","embeddable":true,"href":"https:\/\/alegerglobal.com\/cs\/wp-json\/wp\/v2\/product_brand?post=52676"},{"taxonomy":"product_cat","embeddable":true,"href":"https:\/\/alegerglobal.com\/cs\/wp-json\/wp\/v2\/product_cat?post=52676"},{"taxonomy":"product_tag","embeddable":true,"href":"https:\/\/alegerglobal.com\/cs\/wp-json\/wp\/v2\/product_tag?post=52676"}],"curies":[{"name":"wp","href":"https:\/\/api.w.org\/{rel}","templated":true}]}}