{"id":52040,"date":"2026-02-06T09:52:50","date_gmt":"2026-02-06T08:52:50","guid":{"rendered":"https:\/\/alegerglobal.com\/?post_type=product&#038;p=52040"},"modified":"2026-03-19T19:06:23","modified_gmt":"2026-03-19T18:06:23","slug":"realwear-navigator-500-ip66-mil-std-810-4-gb-ram-64-gb-854x480px-2600-mah-baterie-android-11-kopie-kopie","status":"publish","type":"product","link":"https:\/\/alegerglobal.com\/cs\/shop-cs\/chytre-bryle\/realwear-navigator-500-ip66-mil-std-810-4-gb-ram-64-gb-854x480px-2600-mah-baterie-android-11-kopie-kopie\/","title":{"rendered":"ALEGER C5000d &#8211; \u0161pi\u010dkov\u00e9 chytr\u00e9 br\u00fdle pro roz\u0161\u00ed\u0159enou realitu s vlnovodn\u00fdm displejem a technologi\u00ed v\u00edce senzor\u016f"},"content":{"rendered":"","protected":false},"excerpt":{"rendered":"<h3 data-start=\"704\" data-end=\"787\">C5000D &#8211; Profesion\u00e1ln\u00ed chytr\u00e9 br\u00fdle AR pro pr\u016fmysl a vzd\u00e1lenou asistenci<\/h3>\n<p data-start=\"789\" data-end=\"1304\"><strong data-start=\"793\" data-end=\"811\">ALEGER C5000D<\/strong> jsou v\u00fdkonn\u00e9 br\u00fdle s roz\u0161\u00ed\u0159enou realitou ur\u010den\u00e9 pro n\u00e1ro\u010dn\u00e9 pr\u016fmyslov\u00e9 a servisn\u00ed aplikace. Kombinuje <strong data-start=\"962\" data-end=\"988\">vlnovodov\u00fd displej OLED<\/strong> s vysok\u00fdm rozli\u0161en\u00edm, <strong data-start=\"999\" data-end=\"1012\">HD kameru<\/strong>, n\u011bkolik mo\u017enost\u00ed ovl\u00e1d\u00e1n\u00ed (hlasem, gesty, pohyby hlavy) a robustn\u00ed, pohodln\u00fd design. D\u00edky tomu je C5000D ide\u00e1ln\u00ed pro <strong data-start=\"1158\" data-end=\"1183\">vzd\u00e1lenou odbornou podporu<\/strong>, digit\u00e1ln\u00ed pracovn\u00ed pokyny, \u00fadr\u017ebu, inspekce a \u0161kolen\u00ed s podporou roz\u0161\u00ed\u0159en\u00e9 reality.<\/p>\n<p data-start=\"1306\" data-end=\"1812\">Br\u00fdle zobrazuj\u00ed digit\u00e1ln\u00ed obsah p\u0159\u00edmo v zorn\u00e9m poli u\u017eivatele, ani\u017e by zakr\u00fdvaly pohled na re\u00e1ln\u00e9 prost\u0159ed\u00ed, co\u017e je d\u016fle\u017eit\u00e9 zejm\u00e9na pro hands-free aplikace ve v\u00fdrob\u011b, logistice nebo servisu. Kombinace vizualizace v roz\u0161\u00ed\u0159en\u00e9 realit\u011b, stabiln\u00edho p\u0159ipojen\u00ed a v\u0161estrann\u00e9ho ovl\u00e1d\u00e1n\u00ed \u010din\u00ed z br\u00fdl\u00ed C5000D univerz\u00e1ln\u00ed n\u00e1stroj pro aplikace Pr\u016fmyslu 4.0, kde je t\u0159eba m\u00edt informace, dokumenty nebo odborn\u00e9 znalosti k dispozici p\u0159\u00edmo na m\u00edst\u011b.<\/p>\n","protected":false},"featured_media":52070,"comment_status":"open","ping_status":"closed","template":"","meta":{"_acf_changed":false},"product_brand":[],"product_cat":[1515,1516],"product_tag":[],"class_list":{"0":"post-52040","1":"product","2":"type-product","3":"status-publish","4":"has-post-thumbnail","6":"product_cat-chytre-bryle","7":"product_cat-shop-cs","8":"pa_hersteller-realwear-cs","10":"first","11":"instock","12":"taxable","13":"shipping-taxable","14":"purchasable","15":"product-type-simple"},"acf":[],"yoast_head":"<!-- This site is optimized with the Yoast SEO Premium plugin v20.10 (Yoast SEO v24.3) - https:\/\/yoast.com\/wordpress\/plugins\/seo\/ -->\n<title>Chytr\u00e9 br\u00fdle ALEGER 5000D AR<\/title>\n<meta name=\"description\" content=\"Chytr\u00e9 br\u00fdle ALEGER 5000D AR s HD kamerou, hlasem a ovl\u00e1d\u00e1n\u00edm gesty - ide\u00e1ln\u00ed pro pr\u016fmysl, vzd\u00e1lenou podporu, \u00fadr\u017ebu a digit\u00e1ln\u00ed pracovn\u00ed procesy.\" \/>\n<meta name=\"robots\" content=\"index, follow, max-snippet:-1, max-image-preview:large, max-video-preview:-1\" \/>\n<meta property=\"og:locale\" content=\"cs_CZ\" \/>\n<meta property=\"og:type\" content=\"article\" \/>\n<meta property=\"og:title\" content=\"ALEGER C5000d - \u0161pi\u010dkov\u00e9 chytr\u00e9 br\u00fdle pro roz\u0161\u00ed\u0159enou realitu s vlnovodn\u00fdm displejem a technologi\u00ed v\u00edce senzor\u016f\" \/>\n<meta property=\"og:description\" content=\"Chytr\u00e9 br\u00fdle ALEGER 5000D AR s HD kamerou, hlasem a ovl\u00e1d\u00e1n\u00edm gesty - ide\u00e1ln\u00ed pro pr\u016fmysl, vzd\u00e1lenou podporu, \u00fadr\u017ebu a digit\u00e1ln\u00ed pracovn\u00ed procesy.\" \/>\n<meta property=\"og:url\" content=\"https:\/\/alegerglobal.com\/cs\/shop-cs\/chytre-bryle\/realwear-navigator-500-ip66-mil-std-810-4-gb-ram-64-gb-854x480px-2600-mah-baterie-android-11-kopie-kopie\/\" \/>\n<meta property=\"og:site_name\" content=\"ALEGER \u22c6 Augmented Reality\" \/>\n<meta property=\"article:modified_time\" content=\"2026-03-19T18:06:23+00:00\" \/>\n<meta property=\"og:image\" content=\"https:\/\/alegerglobal.com\/wp-content\/uploads\/2026\/02\/ALEGER-C5000.png\" \/>\n\t<meta property=\"og:image:width\" content=\"800\" \/>\n\t<meta property=\"og:image:height\" content=\"800\" \/>\n\t<meta property=\"og:image:type\" content=\"image\/png\" \/>\n<meta name=\"twitter:card\" content=\"summary_large_image\" \/>\n<meta name=\"twitter:label1\" content=\"Cena\" \/>\n\t<meta name=\"twitter:data1\" content=\"&euro;2.233,31\" \/>\n\t<meta name=\"twitter:label2\" content=\"Dostupnost\" \/>\n\t<meta name=\"twitter:data2\" content=\"Skladem\" \/>\n<script type=\"application\/ld+json\" class=\"yoast-schema-graph\">{\"@context\":\"https:\/\/schema.org\",\"@graph\":[{\"@type\":\"WebPage\",\"@id\":\"https:\/\/alegerglobal.com\/cs\/shop-cs\/chytre-bryle\/realwear-navigator-500-ip66-mil-std-810-4-gb-ram-64-gb-854x480px-2600-mah-baterie-android-11-kopie-kopie\/\",\"url\":\"https:\/\/alegerglobal.com\/cs\/shop-cs\/chytre-bryle\/realwear-navigator-500-ip66-mil-std-810-4-gb-ram-64-gb-854x480px-2600-mah-baterie-android-11-kopie-kopie\/\",\"name\":\"Chytr\u00e9 br\u00fdle ALEGER 5000D AR\",\"isPartOf\":{\"@id\":\"https:\/\/alegerglobal.com\/cs\/#website\"},\"primaryImageOfPage\":{\"@id\":\"https:\/\/alegerglobal.com\/cs\/shop-cs\/chytre-bryle\/realwear-navigator-500-ip66-mil-std-810-4-gb-ram-64-gb-854x480px-2600-mah-baterie-android-11-kopie-kopie\/#primaryimage\"},\"image\":{\"@id\":\"https:\/\/alegerglobal.com\/cs\/shop-cs\/chytre-bryle\/realwear-navigator-500-ip66-mil-std-810-4-gb-ram-64-gb-854x480px-2600-mah-baterie-android-11-kopie-kopie\/#primaryimage\"},\"thumbnailUrl\":\"https:\/\/alegerglobal.com\/wp-content\/uploads\/2026\/02\/ALEGER-C5000.png\",\"datePublished\":\"2026-02-06T08:52:50+00:00\",\"dateModified\":\"2026-03-19T18:06:23+00:00\",\"description\":\"Chytr\u00e9 br\u00fdle ALEGER 5000D AR s HD kamerou, hlasem a ovl\u00e1d\u00e1n\u00edm gesty - ide\u00e1ln\u00ed pro pr\u016fmysl, vzd\u00e1lenou podporu, \u00fadr\u017ebu a digit\u00e1ln\u00ed pracovn\u00ed procesy.\",\"breadcrumb\":{\"@id\":\"https:\/\/alegerglobal.com\/cs\/shop-cs\/chytre-bryle\/realwear-navigator-500-ip66-mil-std-810-4-gb-ram-64-gb-854x480px-2600-mah-baterie-android-11-kopie-kopie\/#breadcrumb\"},\"inLanguage\":\"cs\",\"potentialAction\":[{\"@type\":\"ReadAction\",\"target\":[\"https:\/\/alegerglobal.com\/cs\/shop-cs\/chytre-bryle\/realwear-navigator-500-ip66-mil-std-810-4-gb-ram-64-gb-854x480px-2600-mah-baterie-android-11-kopie-kopie\/\"]}]},{\"@type\":\"ImageObject\",\"inLanguage\":\"cs\",\"@id\":\"https:\/\/alegerglobal.com\/cs\/shop-cs\/chytre-bryle\/realwear-navigator-500-ip66-mil-std-810-4-gb-ram-64-gb-854x480px-2600-mah-baterie-android-11-kopie-kopie\/#primaryimage\",\"url\":\"https:\/\/alegerglobal.com\/wp-content\/uploads\/2026\/02\/ALEGER-C5000.png\",\"contentUrl\":\"https:\/\/alegerglobal.com\/wp-content\/uploads\/2026\/02\/ALEGER-C5000.png\",\"width\":800,\"height\":800},{\"@type\":\"BreadcrumbList\",\"@id\":\"https:\/\/alegerglobal.com\/cs\/shop-cs\/chytre-bryle\/realwear-navigator-500-ip66-mil-std-810-4-gb-ram-64-gb-854x480px-2600-mah-baterie-android-11-kopie-kopie\/#breadcrumb\",\"itemListElement\":[{\"@type\":\"ListItem\",\"position\":1,\"name\":\"Home\",\"item\":\"https:\/\/alegerglobal.com\/cs\/novinka-domovska-stranka\/\"},{\"@type\":\"ListItem\",\"position\":2,\"name\":\"Produkty\",\"item\":\"https:\/\/alegerglobal.com\/cs\/produkty\/\"},{\"@type\":\"ListItem\",\"position\":3,\"name\":\"ALEGER C5000d &#8211; \u0161pi\u010dkov\u00e9 chytr\u00e9 br\u00fdle pro roz\u0161\u00ed\u0159enou realitu s vlnovodn\u00fdm displejem a technologi\u00ed v\u00edce senzor\u016f\"}]},{\"@type\":\"WebSite\",\"@id\":\"https:\/\/alegerglobal.com\/cs\/#website\",\"url\":\"https:\/\/alegerglobal.com\/cs\/\",\"name\":\"ALEGER \u22c6 Augmented Reality\",\"description\":\"Die besten Augmented Reality (AR) L\u00f6sungen der Welt.\",\"publisher\":{\"@id\":\"https:\/\/alegerglobal.com\/cs\/#organization\"},\"potentialAction\":[{\"@type\":\"SearchAction\",\"target\":{\"@type\":\"EntryPoint\",\"urlTemplate\":\"https:\/\/alegerglobal.com\/cs\/?s={search_term_string}\"},\"query-input\":{\"@type\":\"PropertyValueSpecification\",\"valueRequired\":true,\"valueName\":\"search_term_string\"}}],\"inLanguage\":\"cs\"},{\"@type\":\"Organization\",\"@id\":\"https:\/\/alegerglobal.com\/cs\/#organization\",\"name\":\"ALEGER \u22c6 Augmented Reality\",\"url\":\"https:\/\/alegerglobal.com\/cs\/\",\"logo\":{\"@type\":\"ImageObject\",\"inLanguage\":\"cs\",\"@id\":\"https:\/\/alegerglobal.com\/cs\/#\/schema\/logo\/image\/\",\"url\":\"https:\/\/alegerglobal.com\/wp-content\/uploads\/2020\/12\/aleger-logo-quadrat.jpg\",\"contentUrl\":\"https:\/\/alegerglobal.com\/wp-content\/uploads\/2020\/12\/aleger-logo-quadrat.jpg\",\"width\":200,\"height\":176,\"caption\":\"ALEGER \u22c6 Augmented Reality\"},\"image\":{\"@id\":\"https:\/\/alegerglobal.com\/cs\/#\/schema\/logo\/image\/\"}}]}<\/script>\n<meta property=\"product:brand\" content=\"RealWear\" \/>\n<meta property=\"product:price:amount\" content=\"2233.31\" \/>\n<meta property=\"product:price:currency\" content=\"EUR\" \/>\n<meta property=\"og:availability\" content=\"instock\" \/>\n<meta property=\"product:availability\" content=\"instock\" \/>\n<meta property=\"product:condition\" content=\"new\" \/>\n<!-- \/ Yoast SEO Premium plugin. -->","yoast_head_json":{"title":"Chytr\u00e9 br\u00fdle ALEGER 5000D AR","description":"Chytr\u00e9 br\u00fdle ALEGER 5000D AR s HD kamerou, hlasem a ovl\u00e1d\u00e1n\u00edm gesty - ide\u00e1ln\u00ed pro pr\u016fmysl, vzd\u00e1lenou podporu, \u00fadr\u017ebu a digit\u00e1ln\u00ed pracovn\u00ed procesy.","robots":{"index":"index","follow":"follow","max-snippet":"max-snippet:-1","max-image-preview":"max-image-preview:large","max-video-preview":"max-video-preview:-1"},"og_locale":"cs_CZ","og_type":"article","og_title":"ALEGER C5000d - \u0161pi\u010dkov\u00e9 chytr\u00e9 br\u00fdle pro roz\u0161\u00ed\u0159enou realitu s vlnovodn\u00fdm displejem a technologi\u00ed v\u00edce senzor\u016f","og_description":"Chytr\u00e9 br\u00fdle ALEGER 5000D AR s HD kamerou, hlasem a ovl\u00e1d\u00e1n\u00edm gesty - ide\u00e1ln\u00ed pro pr\u016fmysl, vzd\u00e1lenou podporu, \u00fadr\u017ebu a digit\u00e1ln\u00ed pracovn\u00ed procesy.","og_url":"https:\/\/alegerglobal.com\/cs\/shop-cs\/chytre-bryle\/realwear-navigator-500-ip66-mil-std-810-4-gb-ram-64-gb-854x480px-2600-mah-baterie-android-11-kopie-kopie\/","og_site_name":"ALEGER \u22c6 Augmented Reality","article_modified_time":"2026-03-19T18:06:23+00:00","og_image":[{"width":800,"height":800,"url":"https:\/\/alegerglobal.com\/wp-content\/uploads\/2026\/02\/ALEGER-C5000.png","type":"image\/png"}],"twitter_card":"summary_large_image","twitter_misc":{"Cena":"&euro;2.233,31","Dostupnost":"Skladem"},"schema":{"@context":"https:\/\/schema.org","@graph":[{"@type":"WebPage","@id":"https:\/\/alegerglobal.com\/cs\/shop-cs\/chytre-bryle\/realwear-navigator-500-ip66-mil-std-810-4-gb-ram-64-gb-854x480px-2600-mah-baterie-android-11-kopie-kopie\/","url":"https:\/\/alegerglobal.com\/cs\/shop-cs\/chytre-bryle\/realwear-navigator-500-ip66-mil-std-810-4-gb-ram-64-gb-854x480px-2600-mah-baterie-android-11-kopie-kopie\/","name":"Chytr\u00e9 br\u00fdle ALEGER 5000D AR","isPartOf":{"@id":"https:\/\/alegerglobal.com\/cs\/#website"},"primaryImageOfPage":{"@id":"https:\/\/alegerglobal.com\/cs\/shop-cs\/chytre-bryle\/realwear-navigator-500-ip66-mil-std-810-4-gb-ram-64-gb-854x480px-2600-mah-baterie-android-11-kopie-kopie\/#primaryimage"},"image":{"@id":"https:\/\/alegerglobal.com\/cs\/shop-cs\/chytre-bryle\/realwear-navigator-500-ip66-mil-std-810-4-gb-ram-64-gb-854x480px-2600-mah-baterie-android-11-kopie-kopie\/#primaryimage"},"thumbnailUrl":"https:\/\/alegerglobal.com\/wp-content\/uploads\/2026\/02\/ALEGER-C5000.png","datePublished":"2026-02-06T08:52:50+00:00","dateModified":"2026-03-19T18:06:23+00:00","description":"Chytr\u00e9 br\u00fdle ALEGER 5000D AR s HD kamerou, hlasem a ovl\u00e1d\u00e1n\u00edm gesty - ide\u00e1ln\u00ed pro pr\u016fmysl, vzd\u00e1lenou podporu, \u00fadr\u017ebu a digit\u00e1ln\u00ed pracovn\u00ed procesy.","breadcrumb":{"@id":"https:\/\/alegerglobal.com\/cs\/shop-cs\/chytre-bryle\/realwear-navigator-500-ip66-mil-std-810-4-gb-ram-64-gb-854x480px-2600-mah-baterie-android-11-kopie-kopie\/#breadcrumb"},"inLanguage":"cs","potentialAction":[{"@type":"ReadAction","target":["https:\/\/alegerglobal.com\/cs\/shop-cs\/chytre-bryle\/realwear-navigator-500-ip66-mil-std-810-4-gb-ram-64-gb-854x480px-2600-mah-baterie-android-11-kopie-kopie\/"]}]},{"@type":"ImageObject","inLanguage":"cs","@id":"https:\/\/alegerglobal.com\/cs\/shop-cs\/chytre-bryle\/realwear-navigator-500-ip66-mil-std-810-4-gb-ram-64-gb-854x480px-2600-mah-baterie-android-11-kopie-kopie\/#primaryimage","url":"https:\/\/alegerglobal.com\/wp-content\/uploads\/2026\/02\/ALEGER-C5000.png","contentUrl":"https:\/\/alegerglobal.com\/wp-content\/uploads\/2026\/02\/ALEGER-C5000.png","width":800,"height":800},{"@type":"BreadcrumbList","@id":"https:\/\/alegerglobal.com\/cs\/shop-cs\/chytre-bryle\/realwear-navigator-500-ip66-mil-std-810-4-gb-ram-64-gb-854x480px-2600-mah-baterie-android-11-kopie-kopie\/#breadcrumb","itemListElement":[{"@type":"ListItem","position":1,"name":"Home","item":"https:\/\/alegerglobal.com\/cs\/novinka-domovska-stranka\/"},{"@type":"ListItem","position":2,"name":"Produkty","item":"https:\/\/alegerglobal.com\/cs\/produkty\/"},{"@type":"ListItem","position":3,"name":"ALEGER C5000d &#8211; \u0161pi\u010dkov\u00e9 chytr\u00e9 br\u00fdle pro roz\u0161\u00ed\u0159enou realitu s vlnovodn\u00fdm displejem a technologi\u00ed v\u00edce senzor\u016f"}]},{"@type":"WebSite","@id":"https:\/\/alegerglobal.com\/cs\/#website","url":"https:\/\/alegerglobal.com\/cs\/","name":"ALEGER \u22c6 Augmented Reality","description":"Die besten Augmented Reality (AR) L\u00f6sungen der Welt.","publisher":{"@id":"https:\/\/alegerglobal.com\/cs\/#organization"},"potentialAction":[{"@type":"SearchAction","target":{"@type":"EntryPoint","urlTemplate":"https:\/\/alegerglobal.com\/cs\/?s={search_term_string}"},"query-input":{"@type":"PropertyValueSpecification","valueRequired":true,"valueName":"search_term_string"}}],"inLanguage":"cs"},{"@type":"Organization","@id":"https:\/\/alegerglobal.com\/cs\/#organization","name":"ALEGER \u22c6 Augmented Reality","url":"https:\/\/alegerglobal.com\/cs\/","logo":{"@type":"ImageObject","inLanguage":"cs","@id":"https:\/\/alegerglobal.com\/cs\/#\/schema\/logo\/image\/","url":"https:\/\/alegerglobal.com\/wp-content\/uploads\/2020\/12\/aleger-logo-quadrat.jpg","contentUrl":"https:\/\/alegerglobal.com\/wp-content\/uploads\/2020\/12\/aleger-logo-quadrat.jpg","width":200,"height":176,"caption":"ALEGER \u22c6 Augmented Reality"},"image":{"@id":"https:\/\/alegerglobal.com\/cs\/#\/schema\/logo\/image\/"}}]},"product_brand":"RealWear","product_price_amount":"2233.31","product_price_currency":"EUR","og_availability":"instock","product_availability":"instock","product_condition":"new"},"_links":{"self":[{"href":"https:\/\/alegerglobal.com\/cs\/wp-json\/wp\/v2\/product\/52040","targetHints":{"allow":["GET"]}}],"collection":[{"href":"https:\/\/alegerglobal.com\/cs\/wp-json\/wp\/v2\/product"}],"about":[{"href":"https:\/\/alegerglobal.com\/cs\/wp-json\/wp\/v2\/types\/product"}],"replies":[{"embeddable":true,"href":"https:\/\/alegerglobal.com\/cs\/wp-json\/wp\/v2\/comments?post=52040"}],"version-history":[{"count":3,"href":"https:\/\/alegerglobal.com\/cs\/wp-json\/wp\/v2\/product\/52040\/revisions"}],"predecessor-version":[{"id":53966,"href":"https:\/\/alegerglobal.com\/cs\/wp-json\/wp\/v2\/product\/52040\/revisions\/53966"}],"wp:featuredmedia":[{"embeddable":true,"href":"https:\/\/alegerglobal.com\/cs\/wp-json\/wp\/v2\/media\/52070"}],"wp:attachment":[{"href":"https:\/\/alegerglobal.com\/cs\/wp-json\/wp\/v2\/media?parent=52040"}],"wp:term":[{"taxonomy":"product_brand","embeddable":true,"href":"https:\/\/alegerglobal.com\/cs\/wp-json\/wp\/v2\/product_brand?post=52040"},{"taxonomy":"product_cat","embeddable":true,"href":"https:\/\/alegerglobal.com\/cs\/wp-json\/wp\/v2\/product_cat?post=52040"},{"taxonomy":"product_tag","embeddable":true,"href":"https:\/\/alegerglobal.com\/cs\/wp-json\/wp\/v2\/product_tag?post=52040"}],"curies":[{"name":"wp","href":"https:\/\/api.w.org\/{rel}","templated":true}]}}