{"id":51794,"date":"2025-11-02T15:21:23","date_gmt":"2025-11-02T14:21:23","guid":{"rendered":"https:\/\/alegerglobal.com\/?post_type=product&#038;p=51794"},"modified":"2026-03-19T19:06:18","modified_gmt":"2026-03-19T18:06:18","slug":"getac-zx70-ex-tablet-s-ochranou-proti-vybuchu-atex-zona-2-7-displej-android-9-ip67-mil-std-810h-kopie-kopie-kopie-kopie-kopie-kopie-kopie","status":"publish","type":"product","link":"https:\/\/alegerglobal.com\/cs\/shop-cs\/gadgets-cs\/getac-zx70-ex-tablet-s-ochranou-proti-vybuchu-atex-zona-2-7-displej-android-9-ip67-mil-std-810h-kopie-kopie-kopie-kopie-kopie-kopie-kopie\/","title":{"rendered":"Vid\u011bt, naj\u00edt, chytit &#8211; Inspectron Grabber kombinuje kameru a n\u00e1stroj v jednom za\u0159\u00edzen\u00ed"},"content":{"rendered":"","protected":false},"excerpt":{"rendered":"<p data-start=\"524\" data-end=\"995\">Inspectron Grabber je inovativn\u00ed n\u00e1stroj, kter\u00fd kombinuje vizu\u00e1ln\u00ed kontrolu s funkc\u00ed p\u0159\u00edm\u00e9ho vyhled\u00e1v\u00e1n\u00ed. Ve st\u00edsn\u011bn\u00fdch, t\u011b\u017eko p\u0159\u00edstupn\u00fdch prostor\u00e1ch &#8211; jako jsou motory, potrub\u00ed nebo rozvodny &#8211; umo\u017e\u0148uje toto za\u0159\u00edzen\u00ed nejen lokalizovat sou\u010d\u00e1sti nebo p\u0159edm\u011bty, ale tak\u00e9 je c\u00edlen\u011b vyjmout pomoc\u00ed chapadla na konci sondy. T\u00edm se eliminuje \u010dasov\u011b n\u00e1ro\u010dn\u00e1 demont\u00e1\u017e a ztr\u00e1ta \u010dasu p\u0159i servisn\u00edch a \u00fadr\u017eb\u00e1\u0159sk\u00fdch prac\u00edch.<\/p>\n<p data-start=\"997\" data-end=\"1425\">D\u00edky 18,5 mm tlust\u00e9 kamerov\u00e9 sond\u011b (d\u00e9lka 1 m), 2,7\u2033 barevn\u00e9mu displeji LCD, rozli\u0161en\u00ed obrazu 640 \u00d7 480, zorn\u00e9mu poli 80\u00b0, digit\u00e1ln\u00edmu zoomu a \u0161estistup\u0148ov\u00e9mu osv\u011btlen\u00ed LED poskytuje grabber jasn\u00e1 obrazov\u00e1 data. Jakmile je c\u00edl rozpozn\u00e1n, spou\u0161t\u011bc\u00ed gesto na rukojeti vysune uchopovac\u00ed &#8222;hroty&#8220; a umo\u017en\u00ed uchopen\u00ed objektu. Za\u0159\u00edzen\u00ed tak zjednodu\u0161uje procesy kontroly, diagnostiky a vyhled\u00e1v\u00e1n\u00ed p\u0159\u00edmo na m\u00edst\u011b.<\/p>\n","protected":false},"featured_media":51815,"comment_status":"open","ping_status":"closed","template":"","meta":{"_acf_changed":false},"product_brand":[],"product_cat":[1532,1516],"product_tag":[],"class_list":{"0":"post-51794","1":"product","2":"type-product","3":"status-publish","4":"has-post-thumbnail","6":"product_cat-gadgets-cs","7":"product_cat-shop-cs","8":"pa_hersteller-getac-cs","10":"first","11":"instock","12":"taxable","13":"shipping-taxable","14":"purchasable","15":"product-type-simple"},"acf":[],"yoast_head":"<!-- This site is optimized with the Yoast SEO Premium plugin v20.10 (Yoast SEO v24.3) - https:\/\/yoast.com\/wordpress\/plugins\/seo\/ -->\n<title>Inspectron Grabber - uchopovac\u00ed n\u00e1stroj pro kontrolu a vyhled\u00e1v\u00e1n\u00ed<\/title>\n<meta name=\"description\" content=\"Inspectron Grabber kombinuje videoskop a uchopovac\u00ed mechanismus a umo\u017e\u0148uje vyhled\u00e1v\u00e1n\u00ed a vyhled\u00e1v\u00e1n\u00ed sou\u010d\u00e1st\u00ed na z\u00e1klad\u011b inspekce - ide\u00e1ln\u00ed pro technologie, \u00fadr\u017ebu a opravy.\" \/>\n<meta name=\"robots\" content=\"index, follow, max-snippet:-1, max-image-preview:large, max-video-preview:-1\" \/>\n<meta property=\"og:locale\" content=\"cs_CZ\" \/>\n<meta property=\"og:type\" content=\"article\" \/>\n<meta property=\"og:title\" content=\"Vid\u011bt, naj\u00edt, chytit - Inspectron Grabber kombinuje kameru a n\u00e1stroj v jednom za\u0159\u00edzen\u00ed\" \/>\n<meta property=\"og:description\" content=\"Inspectron Grabber kombinuje videoskop a uchopovac\u00ed mechanismus a umo\u017e\u0148uje vyhled\u00e1v\u00e1n\u00ed a vyhled\u00e1v\u00e1n\u00ed sou\u010d\u00e1st\u00ed na z\u00e1klad\u011b inspekce - ide\u00e1ln\u00ed pro technologie, \u00fadr\u017ebu a opravy.\" \/>\n<meta property=\"og:url\" content=\"https:\/\/alegerglobal.com\/cs\/shop-cs\/gadgets-cs\/getac-zx70-ex-tablet-s-ochranou-proti-vybuchu-atex-zona-2-7-displej-android-9-ip67-mil-std-810h-kopie-kopie-kopie-kopie-kopie-kopie-kopie\/\" \/>\n<meta property=\"og:site_name\" content=\"ALEGER \u22c6 Augmented Reality\" \/>\n<meta property=\"article:modified_time\" content=\"2026-03-19T18:06:18+00:00\" \/>\n<meta property=\"og:image\" content=\"https:\/\/alegerglobal.com\/wp-content\/uploads\/2025\/11\/inpectron-grabber.png\" \/>\n\t<meta property=\"og:image:width\" content=\"800\" \/>\n\t<meta property=\"og:image:height\" content=\"800\" \/>\n\t<meta property=\"og:image:type\" content=\"image\/png\" \/>\n<meta name=\"twitter:card\" content=\"summary_large_image\" \/>\n<meta name=\"twitter:label1\" content=\"Cena\" \/>\n\t<meta name=\"twitter:data1\" content=\"&euro;2.168,99\" \/>\n\t<meta name=\"twitter:label2\" content=\"Dostupnost\" \/>\n\t<meta name=\"twitter:data2\" content=\"Skladem\" \/>\n<script type=\"application\/ld+json\" class=\"yoast-schema-graph\">{\"@context\":\"https:\/\/schema.org\",\"@graph\":[{\"@type\":\"WebPage\",\"@id\":\"https:\/\/alegerglobal.com\/cs\/shop-cs\/gadgets-cs\/getac-zx70-ex-tablet-s-ochranou-proti-vybuchu-atex-zona-2-7-displej-android-9-ip67-mil-std-810h-kopie-kopie-kopie-kopie-kopie-kopie-kopie\/\",\"url\":\"https:\/\/alegerglobal.com\/cs\/shop-cs\/gadgets-cs\/getac-zx70-ex-tablet-s-ochranou-proti-vybuchu-atex-zona-2-7-displej-android-9-ip67-mil-std-810h-kopie-kopie-kopie-kopie-kopie-kopie-kopie\/\",\"name\":\"Inspectron Grabber - uchopovac\u00ed n\u00e1stroj pro kontrolu a vyhled\u00e1v\u00e1n\u00ed\",\"isPartOf\":{\"@id\":\"https:\/\/alegerglobal.com\/cs\/#website\"},\"primaryImageOfPage\":{\"@id\":\"https:\/\/alegerglobal.com\/cs\/shop-cs\/gadgets-cs\/getac-zx70-ex-tablet-s-ochranou-proti-vybuchu-atex-zona-2-7-displej-android-9-ip67-mil-std-810h-kopie-kopie-kopie-kopie-kopie-kopie-kopie\/#primaryimage\"},\"image\":{\"@id\":\"https:\/\/alegerglobal.com\/cs\/shop-cs\/gadgets-cs\/getac-zx70-ex-tablet-s-ochranou-proti-vybuchu-atex-zona-2-7-displej-android-9-ip67-mil-std-810h-kopie-kopie-kopie-kopie-kopie-kopie-kopie\/#primaryimage\"},\"thumbnailUrl\":\"https:\/\/alegerglobal.com\/wp-content\/uploads\/2025\/11\/inpectron-grabber.png\",\"datePublished\":\"2025-11-02T14:21:23+00:00\",\"dateModified\":\"2026-03-19T18:06:18+00:00\",\"description\":\"Inspectron Grabber kombinuje videoskop a uchopovac\u00ed mechanismus a umo\u017e\u0148uje vyhled\u00e1v\u00e1n\u00ed a vyhled\u00e1v\u00e1n\u00ed sou\u010d\u00e1st\u00ed na z\u00e1klad\u011b inspekce - ide\u00e1ln\u00ed pro technologie, \u00fadr\u017ebu a opravy.\",\"breadcrumb\":{\"@id\":\"https:\/\/alegerglobal.com\/cs\/shop-cs\/gadgets-cs\/getac-zx70-ex-tablet-s-ochranou-proti-vybuchu-atex-zona-2-7-displej-android-9-ip67-mil-std-810h-kopie-kopie-kopie-kopie-kopie-kopie-kopie\/#breadcrumb\"},\"inLanguage\":\"cs\",\"potentialAction\":[{\"@type\":\"ReadAction\",\"target\":[\"https:\/\/alegerglobal.com\/cs\/shop-cs\/gadgets-cs\/getac-zx70-ex-tablet-s-ochranou-proti-vybuchu-atex-zona-2-7-displej-android-9-ip67-mil-std-810h-kopie-kopie-kopie-kopie-kopie-kopie-kopie\/\"]}]},{\"@type\":\"ImageObject\",\"inLanguage\":\"cs\",\"@id\":\"https:\/\/alegerglobal.com\/cs\/shop-cs\/gadgets-cs\/getac-zx70-ex-tablet-s-ochranou-proti-vybuchu-atex-zona-2-7-displej-android-9-ip67-mil-std-810h-kopie-kopie-kopie-kopie-kopie-kopie-kopie\/#primaryimage\",\"url\":\"https:\/\/alegerglobal.com\/wp-content\/uploads\/2025\/11\/inpectron-grabber.png\",\"contentUrl\":\"https:\/\/alegerglobal.com\/wp-content\/uploads\/2025\/11\/inpectron-grabber.png\",\"width\":800,\"height\":800},{\"@type\":\"BreadcrumbList\",\"@id\":\"https:\/\/alegerglobal.com\/cs\/shop-cs\/gadgets-cs\/getac-zx70-ex-tablet-s-ochranou-proti-vybuchu-atex-zona-2-7-displej-android-9-ip67-mil-std-810h-kopie-kopie-kopie-kopie-kopie-kopie-kopie\/#breadcrumb\",\"itemListElement\":[{\"@type\":\"ListItem\",\"position\":1,\"name\":\"Home\",\"item\":\"https:\/\/alegerglobal.com\/cs\/novinka-domovska-stranka\/\"},{\"@type\":\"ListItem\",\"position\":2,\"name\":\"Produkty\",\"item\":\"https:\/\/alegerglobal.com\/cs\/produkty\/\"},{\"@type\":\"ListItem\",\"position\":3,\"name\":\"Vid\u011bt, naj\u00edt, chytit &#8211; Inspectron Grabber kombinuje kameru a n\u00e1stroj v jednom za\u0159\u00edzen\u00ed\"}]},{\"@type\":\"WebSite\",\"@id\":\"https:\/\/alegerglobal.com\/cs\/#website\",\"url\":\"https:\/\/alegerglobal.com\/cs\/\",\"name\":\"ALEGER \u22c6 Augmented Reality\",\"description\":\"Die besten Augmented Reality (AR) L\u00f6sungen der Welt.\",\"publisher\":{\"@id\":\"https:\/\/alegerglobal.com\/cs\/#organization\"},\"potentialAction\":[{\"@type\":\"SearchAction\",\"target\":{\"@type\":\"EntryPoint\",\"urlTemplate\":\"https:\/\/alegerglobal.com\/cs\/?s={search_term_string}\"},\"query-input\":{\"@type\":\"PropertyValueSpecification\",\"valueRequired\":true,\"valueName\":\"search_term_string\"}}],\"inLanguage\":\"cs\"},{\"@type\":\"Organization\",\"@id\":\"https:\/\/alegerglobal.com\/cs\/#organization\",\"name\":\"ALEGER \u22c6 Augmented Reality\",\"url\":\"https:\/\/alegerglobal.com\/cs\/\",\"logo\":{\"@type\":\"ImageObject\",\"inLanguage\":\"cs\",\"@id\":\"https:\/\/alegerglobal.com\/cs\/#\/schema\/logo\/image\/\",\"url\":\"https:\/\/alegerglobal.com\/wp-content\/uploads\/2020\/12\/aleger-logo-quadrat.jpg\",\"contentUrl\":\"https:\/\/alegerglobal.com\/wp-content\/uploads\/2020\/12\/aleger-logo-quadrat.jpg\",\"width\":200,\"height\":176,\"caption\":\"ALEGER \u22c6 Augmented Reality\"},\"image\":{\"@id\":\"https:\/\/alegerglobal.com\/cs\/#\/schema\/logo\/image\/\"}}]}<\/script>\n<meta property=\"product:brand\" content=\"Getac\" \/>\n<meta property=\"product:price:amount\" content=\"2168.99\" \/>\n<meta property=\"product:price:currency\" content=\"EUR\" \/>\n<meta property=\"og:availability\" content=\"instock\" \/>\n<meta property=\"product:availability\" content=\"instock\" \/>\n<meta property=\"product:condition\" content=\"new\" \/>\n<!-- \/ Yoast SEO Premium plugin. -->","yoast_head_json":{"title":"Inspectron Grabber - uchopovac\u00ed n\u00e1stroj pro kontrolu a vyhled\u00e1v\u00e1n\u00ed","description":"Inspectron Grabber kombinuje videoskop a uchopovac\u00ed mechanismus a umo\u017e\u0148uje vyhled\u00e1v\u00e1n\u00ed a vyhled\u00e1v\u00e1n\u00ed sou\u010d\u00e1st\u00ed na z\u00e1klad\u011b inspekce - ide\u00e1ln\u00ed pro technologie, \u00fadr\u017ebu a opravy.","robots":{"index":"index","follow":"follow","max-snippet":"max-snippet:-1","max-image-preview":"max-image-preview:large","max-video-preview":"max-video-preview:-1"},"og_locale":"cs_CZ","og_type":"article","og_title":"Vid\u011bt, naj\u00edt, chytit - Inspectron Grabber kombinuje kameru a n\u00e1stroj v jednom za\u0159\u00edzen\u00ed","og_description":"Inspectron Grabber kombinuje videoskop a uchopovac\u00ed mechanismus a umo\u017e\u0148uje vyhled\u00e1v\u00e1n\u00ed a vyhled\u00e1v\u00e1n\u00ed sou\u010d\u00e1st\u00ed na z\u00e1klad\u011b inspekce - ide\u00e1ln\u00ed pro technologie, \u00fadr\u017ebu a opravy.","og_url":"https:\/\/alegerglobal.com\/cs\/shop-cs\/gadgets-cs\/getac-zx70-ex-tablet-s-ochranou-proti-vybuchu-atex-zona-2-7-displej-android-9-ip67-mil-std-810h-kopie-kopie-kopie-kopie-kopie-kopie-kopie\/","og_site_name":"ALEGER \u22c6 Augmented Reality","article_modified_time":"2026-03-19T18:06:18+00:00","og_image":[{"width":800,"height":800,"url":"https:\/\/alegerglobal.com\/wp-content\/uploads\/2025\/11\/inpectron-grabber.png","type":"image\/png"}],"twitter_card":"summary_large_image","twitter_misc":{"Cena":"&euro;2.168,99","Dostupnost":"Skladem"},"schema":{"@context":"https:\/\/schema.org","@graph":[{"@type":"WebPage","@id":"https:\/\/alegerglobal.com\/cs\/shop-cs\/gadgets-cs\/getac-zx70-ex-tablet-s-ochranou-proti-vybuchu-atex-zona-2-7-displej-android-9-ip67-mil-std-810h-kopie-kopie-kopie-kopie-kopie-kopie-kopie\/","url":"https:\/\/alegerglobal.com\/cs\/shop-cs\/gadgets-cs\/getac-zx70-ex-tablet-s-ochranou-proti-vybuchu-atex-zona-2-7-displej-android-9-ip67-mil-std-810h-kopie-kopie-kopie-kopie-kopie-kopie-kopie\/","name":"Inspectron Grabber - uchopovac\u00ed n\u00e1stroj pro kontrolu a vyhled\u00e1v\u00e1n\u00ed","isPartOf":{"@id":"https:\/\/alegerglobal.com\/cs\/#website"},"primaryImageOfPage":{"@id":"https:\/\/alegerglobal.com\/cs\/shop-cs\/gadgets-cs\/getac-zx70-ex-tablet-s-ochranou-proti-vybuchu-atex-zona-2-7-displej-android-9-ip67-mil-std-810h-kopie-kopie-kopie-kopie-kopie-kopie-kopie\/#primaryimage"},"image":{"@id":"https:\/\/alegerglobal.com\/cs\/shop-cs\/gadgets-cs\/getac-zx70-ex-tablet-s-ochranou-proti-vybuchu-atex-zona-2-7-displej-android-9-ip67-mil-std-810h-kopie-kopie-kopie-kopie-kopie-kopie-kopie\/#primaryimage"},"thumbnailUrl":"https:\/\/alegerglobal.com\/wp-content\/uploads\/2025\/11\/inpectron-grabber.png","datePublished":"2025-11-02T14:21:23+00:00","dateModified":"2026-03-19T18:06:18+00:00","description":"Inspectron Grabber kombinuje videoskop a uchopovac\u00ed mechanismus a umo\u017e\u0148uje vyhled\u00e1v\u00e1n\u00ed a vyhled\u00e1v\u00e1n\u00ed sou\u010d\u00e1st\u00ed na z\u00e1klad\u011b inspekce - ide\u00e1ln\u00ed pro technologie, \u00fadr\u017ebu a opravy.","breadcrumb":{"@id":"https:\/\/alegerglobal.com\/cs\/shop-cs\/gadgets-cs\/getac-zx70-ex-tablet-s-ochranou-proti-vybuchu-atex-zona-2-7-displej-android-9-ip67-mil-std-810h-kopie-kopie-kopie-kopie-kopie-kopie-kopie\/#breadcrumb"},"inLanguage":"cs","potentialAction":[{"@type":"ReadAction","target":["https:\/\/alegerglobal.com\/cs\/shop-cs\/gadgets-cs\/getac-zx70-ex-tablet-s-ochranou-proti-vybuchu-atex-zona-2-7-displej-android-9-ip67-mil-std-810h-kopie-kopie-kopie-kopie-kopie-kopie-kopie\/"]}]},{"@type":"ImageObject","inLanguage":"cs","@id":"https:\/\/alegerglobal.com\/cs\/shop-cs\/gadgets-cs\/getac-zx70-ex-tablet-s-ochranou-proti-vybuchu-atex-zona-2-7-displej-android-9-ip67-mil-std-810h-kopie-kopie-kopie-kopie-kopie-kopie-kopie\/#primaryimage","url":"https:\/\/alegerglobal.com\/wp-content\/uploads\/2025\/11\/inpectron-grabber.png","contentUrl":"https:\/\/alegerglobal.com\/wp-content\/uploads\/2025\/11\/inpectron-grabber.png","width":800,"height":800},{"@type":"BreadcrumbList","@id":"https:\/\/alegerglobal.com\/cs\/shop-cs\/gadgets-cs\/getac-zx70-ex-tablet-s-ochranou-proti-vybuchu-atex-zona-2-7-displej-android-9-ip67-mil-std-810h-kopie-kopie-kopie-kopie-kopie-kopie-kopie\/#breadcrumb","itemListElement":[{"@type":"ListItem","position":1,"name":"Home","item":"https:\/\/alegerglobal.com\/cs\/novinka-domovska-stranka\/"},{"@type":"ListItem","position":2,"name":"Produkty","item":"https:\/\/alegerglobal.com\/cs\/produkty\/"},{"@type":"ListItem","position":3,"name":"Vid\u011bt, naj\u00edt, chytit &#8211; Inspectron Grabber kombinuje kameru a n\u00e1stroj v jednom za\u0159\u00edzen\u00ed"}]},{"@type":"WebSite","@id":"https:\/\/alegerglobal.com\/cs\/#website","url":"https:\/\/alegerglobal.com\/cs\/","name":"ALEGER \u22c6 Augmented Reality","description":"Die besten Augmented Reality (AR) L\u00f6sungen der Welt.","publisher":{"@id":"https:\/\/alegerglobal.com\/cs\/#organization"},"potentialAction":[{"@type":"SearchAction","target":{"@type":"EntryPoint","urlTemplate":"https:\/\/alegerglobal.com\/cs\/?s={search_term_string}"},"query-input":{"@type":"PropertyValueSpecification","valueRequired":true,"valueName":"search_term_string"}}],"inLanguage":"cs"},{"@type":"Organization","@id":"https:\/\/alegerglobal.com\/cs\/#organization","name":"ALEGER \u22c6 Augmented Reality","url":"https:\/\/alegerglobal.com\/cs\/","logo":{"@type":"ImageObject","inLanguage":"cs","@id":"https:\/\/alegerglobal.com\/cs\/#\/schema\/logo\/image\/","url":"https:\/\/alegerglobal.com\/wp-content\/uploads\/2020\/12\/aleger-logo-quadrat.jpg","contentUrl":"https:\/\/alegerglobal.com\/wp-content\/uploads\/2020\/12\/aleger-logo-quadrat.jpg","width":200,"height":176,"caption":"ALEGER \u22c6 Augmented Reality"},"image":{"@id":"https:\/\/alegerglobal.com\/cs\/#\/schema\/logo\/image\/"}}]},"product_brand":"Getac","product_price_amount":"2168.99","product_price_currency":"EUR","og_availability":"instock","product_availability":"instock","product_condition":"new"},"_links":{"self":[{"href":"https:\/\/alegerglobal.com\/cs\/wp-json\/wp\/v2\/product\/51794","targetHints":{"allow":["GET"]}}],"collection":[{"href":"https:\/\/alegerglobal.com\/cs\/wp-json\/wp\/v2\/product"}],"about":[{"href":"https:\/\/alegerglobal.com\/cs\/wp-json\/wp\/v2\/types\/product"}],"replies":[{"embeddable":true,"href":"https:\/\/alegerglobal.com\/cs\/wp-json\/wp\/v2\/comments?post=51794"}],"version-history":[{"count":3,"href":"https:\/\/alegerglobal.com\/cs\/wp-json\/wp\/v2\/product\/51794\/revisions"}],"predecessor-version":[{"id":53965,"href":"https:\/\/alegerglobal.com\/cs\/wp-json\/wp\/v2\/product\/51794\/revisions\/53965"}],"wp:featuredmedia":[{"embeddable":true,"href":"https:\/\/alegerglobal.com\/cs\/wp-json\/wp\/v2\/media\/51815"}],"wp:attachment":[{"href":"https:\/\/alegerglobal.com\/cs\/wp-json\/wp\/v2\/media?parent=51794"}],"wp:term":[{"taxonomy":"product_brand","embeddable":true,"href":"https:\/\/alegerglobal.com\/cs\/wp-json\/wp\/v2\/product_brand?post=51794"},{"taxonomy":"product_cat","embeddable":true,"href":"https:\/\/alegerglobal.com\/cs\/wp-json\/wp\/v2\/product_cat?post=51794"},{"taxonomy":"product_tag","embeddable":true,"href":"https:\/\/alegerglobal.com\/cs\/wp-json\/wp\/v2\/product_tag?post=51794"}],"curies":[{"name":"wp","href":"https:\/\/api.w.org\/{rel}","templated":true}]}}