{"id":51709,"date":"2025-11-02T15:05:05","date_gmt":"2025-11-02T14:05:05","guid":{"rendered":"https:\/\/alegerglobal.com\/?post_type=product&#038;p=51709"},"modified":"2026-03-19T19:01:47","modified_gmt":"2026-03-19T18:01:47","slug":"getac-zx70-ex-tablet-s-ochranou-proti-vybuchu-atex-zona-2-7-displej-android-9-ip67-mil-std-810h-kopie-kopie-kopie-kopie-kopie-2","status":"publish","type":"product","link":"https:\/\/alegerglobal.com\/cs\/shop-cs\/gadgets-cs\/getac-zx70-ex-tablet-s-ochranou-proti-vybuchu-atex-zona-2-7-displej-android-9-ip67-mil-std-810h-kopie-kopie-kopie-kopie-kopie-2\/","title":{"rendered":"Inspectron WiTorch &#8211; Video sv\u00edtilna pro modern\u00ed inspekce"},"content":{"rendered":"","protected":false},"excerpt":{"rendered":"<p data-start=\"655\" data-end=\"1082\">Inspectron WiTorch je nov\u00fd typ inspek\u010dn\u00edho ho\u0159\u00e1ku v proveden\u00ed ho\u0159\u00e1ku, kter\u00fd byl vyvinut pro pou\u017eit\u00ed v n\u00e1ro\u010dn\u00fdch podm\u00ednk\u00e1ch \u00fadr\u017eby a servisu. Kombinuje v\u00fdkonnou HD kameru, bezdr\u00e1tov\u00e9 p\u0159ipojen\u00ed prost\u0159ednictv\u00edm WiFi a integrovan\u00e9 rozpozn\u00e1v\u00e1n\u00ed \u010d\u00e1rov\u00fdch k\u00f3d\u016f\/QR\/OCR. To umo\u017e\u0148uje po\u0159izovat fotografie, videa a \u017eiv\u00e9 p\u0159enosy p\u0159\u00edmo b\u011bhem inspekce &#8211; ide\u00e1ln\u00ed pro servisn\u00ed p\u0159\u00edpady, vzd\u00e1lenou podporu a dokumentaci.<\/p>\n<p data-start=\"1084\" data-end=\"1402\">D\u00edky sv\u011bteln\u00e9mu toku 1000 lumen\u016f, robustn\u00edmu pouzdru a ergonomick\u00e9mu designu dok\u00e1\u017ee WiTorch osv\u011btlit i obt\u00ed\u017en\u011b p\u0159\u00edstupn\u00e1 m\u00edsta a z\u00e1rove\u0148 po\u0159izovat obrazov\u00e1 a video data. Podporuje komunikaci mezi techniky pracuj\u00edc\u00edmi na m\u00edst\u011b a vzd\u00e1len\u00fdmi odborn\u00edky, \u010d\u00edm\u017e v\u00fdrazn\u011b zjednodu\u0161uje procesy.<\/p>\n","protected":false},"featured_media":51730,"comment_status":"open","ping_status":"closed","template":"","meta":{"_acf_changed":false},"product_brand":[],"product_cat":[1532,1516],"product_tag":[],"class_list":{"0":"post-51709","1":"product","2":"type-product","3":"status-publish","4":"has-post-thumbnail","6":"product_cat-gadgets-cs","7":"product_cat-shop-cs","8":"pa_hersteller-getac-cs","10":"first","11":"instock","12":"taxable","13":"shipping-taxable","14":"purchasable","15":"product-type-simple"},"acf":[],"yoast_head":"<!-- This site is optimized with the Yoast SEO Premium plugin v20.10 (Yoast SEO v24.3) - https:\/\/yoast.com\/wordpress\/plugins\/seo\/ -->\n<title>Inspectron WiTorch - HD video sv\u00edtilna s WiFi, QR\/\u010d\u00e1rov\u00fdm k\u00f3dem<\/title>\n<meta name=\"description\" content=\"Inspectron WiTorch je praktick\u00e1 video sv\u00edtilna s HD kamerou, WiFi, kryt\u00edm IP54 - ide\u00e1ln\u00ed pro inspekce, \u00fadr\u017ebu a vzd\u00e1len\u00e9 odborn\u00e9 pr\u00e1ce.\" \/>\n<meta name=\"robots\" content=\"index, follow, max-snippet:-1, max-image-preview:large, max-video-preview:-1\" \/>\n<meta property=\"og:locale\" content=\"cs_CZ\" \/>\n<meta property=\"og:type\" content=\"article\" \/>\n<meta property=\"og:title\" content=\"Inspectron WiTorch - Video sv\u00edtilna pro modern\u00ed inspekce\" \/>\n<meta property=\"og:description\" content=\"Inspectron WiTorch je praktick\u00e1 video sv\u00edtilna s HD kamerou, WiFi, kryt\u00edm IP54 - ide\u00e1ln\u00ed pro inspekce, \u00fadr\u017ebu a vzd\u00e1len\u00e9 odborn\u00e9 pr\u00e1ce.\" \/>\n<meta property=\"og:url\" content=\"https:\/\/alegerglobal.com\/cs\/shop-cs\/gadgets-cs\/getac-zx70-ex-tablet-s-ochranou-proti-vybuchu-atex-zona-2-7-displej-android-9-ip67-mil-std-810h-kopie-kopie-kopie-kopie-kopie-2\/\" \/>\n<meta property=\"og:site_name\" content=\"ALEGER \u22c6 Augmented Reality\" \/>\n<meta property=\"article:modified_time\" content=\"2026-03-19T18:01:47+00:00\" \/>\n<meta property=\"og:image\" content=\"https:\/\/alegerglobal.com\/wp-content\/uploads\/2025\/11\/WiTorch-Taschenlampe-mit-Kamera.png\" \/>\n\t<meta property=\"og:image:width\" content=\"800\" \/>\n\t<meta property=\"og:image:height\" content=\"800\" \/>\n\t<meta property=\"og:image:type\" content=\"image\/png\" \/>\n<meta name=\"twitter:card\" content=\"summary_large_image\" \/>\n<meta name=\"twitter:label1\" content=\"Cena\" \/>\n\t<meta name=\"twitter:data1\" content=\"&euro;2.168,99\" \/>\n\t<meta name=\"twitter:label2\" content=\"Dostupnost\" \/>\n\t<meta name=\"twitter:data2\" content=\"Skladem\" \/>\n<script type=\"application\/ld+json\" class=\"yoast-schema-graph\">{\"@context\":\"https:\/\/schema.org\",\"@graph\":[{\"@type\":\"WebPage\",\"@id\":\"https:\/\/alegerglobal.com\/cs\/shop-cs\/gadgets-cs\/getac-zx70-ex-tablet-s-ochranou-proti-vybuchu-atex-zona-2-7-displej-android-9-ip67-mil-std-810h-kopie-kopie-kopie-kopie-kopie-2\/\",\"url\":\"https:\/\/alegerglobal.com\/cs\/shop-cs\/gadgets-cs\/getac-zx70-ex-tablet-s-ochranou-proti-vybuchu-atex-zona-2-7-displej-android-9-ip67-mil-std-810h-kopie-kopie-kopie-kopie-kopie-2\/\",\"name\":\"Inspectron WiTorch - HD video sv\u00edtilna s WiFi, QR\/\u010d\u00e1rov\u00fdm k\u00f3dem\",\"isPartOf\":{\"@id\":\"https:\/\/alegerglobal.com\/cs\/#website\"},\"primaryImageOfPage\":{\"@id\":\"https:\/\/alegerglobal.com\/cs\/shop-cs\/gadgets-cs\/getac-zx70-ex-tablet-s-ochranou-proti-vybuchu-atex-zona-2-7-displej-android-9-ip67-mil-std-810h-kopie-kopie-kopie-kopie-kopie-2\/#primaryimage\"},\"image\":{\"@id\":\"https:\/\/alegerglobal.com\/cs\/shop-cs\/gadgets-cs\/getac-zx70-ex-tablet-s-ochranou-proti-vybuchu-atex-zona-2-7-displej-android-9-ip67-mil-std-810h-kopie-kopie-kopie-kopie-kopie-2\/#primaryimage\"},\"thumbnailUrl\":\"https:\/\/alegerglobal.com\/wp-content\/uploads\/2025\/11\/WiTorch-Taschenlampe-mit-Kamera.png\",\"datePublished\":\"2025-11-02T14:05:05+00:00\",\"dateModified\":\"2026-03-19T18:01:47+00:00\",\"description\":\"Inspectron WiTorch je praktick\u00e1 video sv\u00edtilna s HD kamerou, WiFi, kryt\u00edm IP54 - ide\u00e1ln\u00ed pro inspekce, \u00fadr\u017ebu a vzd\u00e1len\u00e9 odborn\u00e9 pr\u00e1ce.\",\"breadcrumb\":{\"@id\":\"https:\/\/alegerglobal.com\/cs\/shop-cs\/gadgets-cs\/getac-zx70-ex-tablet-s-ochranou-proti-vybuchu-atex-zona-2-7-displej-android-9-ip67-mil-std-810h-kopie-kopie-kopie-kopie-kopie-2\/#breadcrumb\"},\"inLanguage\":\"cs\",\"potentialAction\":[{\"@type\":\"ReadAction\",\"target\":[\"https:\/\/alegerglobal.com\/cs\/shop-cs\/gadgets-cs\/getac-zx70-ex-tablet-s-ochranou-proti-vybuchu-atex-zona-2-7-displej-android-9-ip67-mil-std-810h-kopie-kopie-kopie-kopie-kopie-2\/\"]}]},{\"@type\":\"ImageObject\",\"inLanguage\":\"cs\",\"@id\":\"https:\/\/alegerglobal.com\/cs\/shop-cs\/gadgets-cs\/getac-zx70-ex-tablet-s-ochranou-proti-vybuchu-atex-zona-2-7-displej-android-9-ip67-mil-std-810h-kopie-kopie-kopie-kopie-kopie-2\/#primaryimage\",\"url\":\"https:\/\/alegerglobal.com\/wp-content\/uploads\/2025\/11\/WiTorch-Taschenlampe-mit-Kamera.png\",\"contentUrl\":\"https:\/\/alegerglobal.com\/wp-content\/uploads\/2025\/11\/WiTorch-Taschenlampe-mit-Kamera.png\",\"width\":800,\"height\":800},{\"@type\":\"BreadcrumbList\",\"@id\":\"https:\/\/alegerglobal.com\/cs\/shop-cs\/gadgets-cs\/getac-zx70-ex-tablet-s-ochranou-proti-vybuchu-atex-zona-2-7-displej-android-9-ip67-mil-std-810h-kopie-kopie-kopie-kopie-kopie-2\/#breadcrumb\",\"itemListElement\":[{\"@type\":\"ListItem\",\"position\":1,\"name\":\"Home\",\"item\":\"https:\/\/alegerglobal.com\/cs\/novinka-domovska-stranka\/\"},{\"@type\":\"ListItem\",\"position\":2,\"name\":\"Produkty\",\"item\":\"https:\/\/alegerglobal.com\/cs\/produkty\/\"},{\"@type\":\"ListItem\",\"position\":3,\"name\":\"Inspectron WiTorch &#8211; Video sv\u00edtilna pro modern\u00ed inspekce\"}]},{\"@type\":\"WebSite\",\"@id\":\"https:\/\/alegerglobal.com\/cs\/#website\",\"url\":\"https:\/\/alegerglobal.com\/cs\/\",\"name\":\"ALEGER \u22c6 Augmented Reality\",\"description\":\"Die besten Augmented Reality (AR) L\u00f6sungen der Welt.\",\"publisher\":{\"@id\":\"https:\/\/alegerglobal.com\/cs\/#organization\"},\"potentialAction\":[{\"@type\":\"SearchAction\",\"target\":{\"@type\":\"EntryPoint\",\"urlTemplate\":\"https:\/\/alegerglobal.com\/cs\/?s={search_term_string}\"},\"query-input\":{\"@type\":\"PropertyValueSpecification\",\"valueRequired\":true,\"valueName\":\"search_term_string\"}}],\"inLanguage\":\"cs\"},{\"@type\":\"Organization\",\"@id\":\"https:\/\/alegerglobal.com\/cs\/#organization\",\"name\":\"ALEGER \u22c6 Augmented Reality\",\"url\":\"https:\/\/alegerglobal.com\/cs\/\",\"logo\":{\"@type\":\"ImageObject\",\"inLanguage\":\"cs\",\"@id\":\"https:\/\/alegerglobal.com\/cs\/#\/schema\/logo\/image\/\",\"url\":\"https:\/\/alegerglobal.com\/wp-content\/uploads\/2020\/12\/aleger-logo-quadrat.jpg\",\"contentUrl\":\"https:\/\/alegerglobal.com\/wp-content\/uploads\/2020\/12\/aleger-logo-quadrat.jpg\",\"width\":200,\"height\":176,\"caption\":\"ALEGER \u22c6 Augmented Reality\"},\"image\":{\"@id\":\"https:\/\/alegerglobal.com\/cs\/#\/schema\/logo\/image\/\"}}]}<\/script>\n<meta property=\"product:brand\" content=\"Getac\" \/>\n<meta property=\"product:price:amount\" content=\"2168.99\" \/>\n<meta property=\"product:price:currency\" content=\"EUR\" \/>\n<meta property=\"og:availability\" content=\"instock\" \/>\n<meta property=\"product:availability\" content=\"instock\" \/>\n<meta property=\"product:condition\" content=\"new\" \/>\n<!-- \/ Yoast SEO Premium plugin. -->","yoast_head_json":{"title":"Inspectron WiTorch - HD video sv\u00edtilna s WiFi, QR\/\u010d\u00e1rov\u00fdm k\u00f3dem","description":"Inspectron WiTorch je praktick\u00e1 video sv\u00edtilna s HD kamerou, WiFi, kryt\u00edm IP54 - ide\u00e1ln\u00ed pro inspekce, \u00fadr\u017ebu a vzd\u00e1len\u00e9 odborn\u00e9 pr\u00e1ce.","robots":{"index":"index","follow":"follow","max-snippet":"max-snippet:-1","max-image-preview":"max-image-preview:large","max-video-preview":"max-video-preview:-1"},"og_locale":"cs_CZ","og_type":"article","og_title":"Inspectron WiTorch - Video sv\u00edtilna pro modern\u00ed inspekce","og_description":"Inspectron WiTorch je praktick\u00e1 video sv\u00edtilna s HD kamerou, WiFi, kryt\u00edm IP54 - ide\u00e1ln\u00ed pro inspekce, \u00fadr\u017ebu a vzd\u00e1len\u00e9 odborn\u00e9 pr\u00e1ce.","og_url":"https:\/\/alegerglobal.com\/cs\/shop-cs\/gadgets-cs\/getac-zx70-ex-tablet-s-ochranou-proti-vybuchu-atex-zona-2-7-displej-android-9-ip67-mil-std-810h-kopie-kopie-kopie-kopie-kopie-2\/","og_site_name":"ALEGER \u22c6 Augmented Reality","article_modified_time":"2026-03-19T18:01:47+00:00","og_image":[{"width":800,"height":800,"url":"https:\/\/alegerglobal.com\/wp-content\/uploads\/2025\/11\/WiTorch-Taschenlampe-mit-Kamera.png","type":"image\/png"}],"twitter_card":"summary_large_image","twitter_misc":{"Cena":"&euro;2.168,99","Dostupnost":"Skladem"},"schema":{"@context":"https:\/\/schema.org","@graph":[{"@type":"WebPage","@id":"https:\/\/alegerglobal.com\/cs\/shop-cs\/gadgets-cs\/getac-zx70-ex-tablet-s-ochranou-proti-vybuchu-atex-zona-2-7-displej-android-9-ip67-mil-std-810h-kopie-kopie-kopie-kopie-kopie-2\/","url":"https:\/\/alegerglobal.com\/cs\/shop-cs\/gadgets-cs\/getac-zx70-ex-tablet-s-ochranou-proti-vybuchu-atex-zona-2-7-displej-android-9-ip67-mil-std-810h-kopie-kopie-kopie-kopie-kopie-2\/","name":"Inspectron WiTorch - HD video sv\u00edtilna s WiFi, QR\/\u010d\u00e1rov\u00fdm k\u00f3dem","isPartOf":{"@id":"https:\/\/alegerglobal.com\/cs\/#website"},"primaryImageOfPage":{"@id":"https:\/\/alegerglobal.com\/cs\/shop-cs\/gadgets-cs\/getac-zx70-ex-tablet-s-ochranou-proti-vybuchu-atex-zona-2-7-displej-android-9-ip67-mil-std-810h-kopie-kopie-kopie-kopie-kopie-2\/#primaryimage"},"image":{"@id":"https:\/\/alegerglobal.com\/cs\/shop-cs\/gadgets-cs\/getac-zx70-ex-tablet-s-ochranou-proti-vybuchu-atex-zona-2-7-displej-android-9-ip67-mil-std-810h-kopie-kopie-kopie-kopie-kopie-2\/#primaryimage"},"thumbnailUrl":"https:\/\/alegerglobal.com\/wp-content\/uploads\/2025\/11\/WiTorch-Taschenlampe-mit-Kamera.png","datePublished":"2025-11-02T14:05:05+00:00","dateModified":"2026-03-19T18:01:47+00:00","description":"Inspectron WiTorch je praktick\u00e1 video sv\u00edtilna s HD kamerou, WiFi, kryt\u00edm IP54 - ide\u00e1ln\u00ed pro inspekce, \u00fadr\u017ebu a vzd\u00e1len\u00e9 odborn\u00e9 pr\u00e1ce.","breadcrumb":{"@id":"https:\/\/alegerglobal.com\/cs\/shop-cs\/gadgets-cs\/getac-zx70-ex-tablet-s-ochranou-proti-vybuchu-atex-zona-2-7-displej-android-9-ip67-mil-std-810h-kopie-kopie-kopie-kopie-kopie-2\/#breadcrumb"},"inLanguage":"cs","potentialAction":[{"@type":"ReadAction","target":["https:\/\/alegerglobal.com\/cs\/shop-cs\/gadgets-cs\/getac-zx70-ex-tablet-s-ochranou-proti-vybuchu-atex-zona-2-7-displej-android-9-ip67-mil-std-810h-kopie-kopie-kopie-kopie-kopie-2\/"]}]},{"@type":"ImageObject","inLanguage":"cs","@id":"https:\/\/alegerglobal.com\/cs\/shop-cs\/gadgets-cs\/getac-zx70-ex-tablet-s-ochranou-proti-vybuchu-atex-zona-2-7-displej-android-9-ip67-mil-std-810h-kopie-kopie-kopie-kopie-kopie-2\/#primaryimage","url":"https:\/\/alegerglobal.com\/wp-content\/uploads\/2025\/11\/WiTorch-Taschenlampe-mit-Kamera.png","contentUrl":"https:\/\/alegerglobal.com\/wp-content\/uploads\/2025\/11\/WiTorch-Taschenlampe-mit-Kamera.png","width":800,"height":800},{"@type":"BreadcrumbList","@id":"https:\/\/alegerglobal.com\/cs\/shop-cs\/gadgets-cs\/getac-zx70-ex-tablet-s-ochranou-proti-vybuchu-atex-zona-2-7-displej-android-9-ip67-mil-std-810h-kopie-kopie-kopie-kopie-kopie-2\/#breadcrumb","itemListElement":[{"@type":"ListItem","position":1,"name":"Home","item":"https:\/\/alegerglobal.com\/cs\/novinka-domovska-stranka\/"},{"@type":"ListItem","position":2,"name":"Produkty","item":"https:\/\/alegerglobal.com\/cs\/produkty\/"},{"@type":"ListItem","position":3,"name":"Inspectron WiTorch &#8211; Video sv\u00edtilna pro modern\u00ed inspekce"}]},{"@type":"WebSite","@id":"https:\/\/alegerglobal.com\/cs\/#website","url":"https:\/\/alegerglobal.com\/cs\/","name":"ALEGER \u22c6 Augmented Reality","description":"Die besten Augmented Reality (AR) L\u00f6sungen der Welt.","publisher":{"@id":"https:\/\/alegerglobal.com\/cs\/#organization"},"potentialAction":[{"@type":"SearchAction","target":{"@type":"EntryPoint","urlTemplate":"https:\/\/alegerglobal.com\/cs\/?s={search_term_string}"},"query-input":{"@type":"PropertyValueSpecification","valueRequired":true,"valueName":"search_term_string"}}],"inLanguage":"cs"},{"@type":"Organization","@id":"https:\/\/alegerglobal.com\/cs\/#organization","name":"ALEGER \u22c6 Augmented Reality","url":"https:\/\/alegerglobal.com\/cs\/","logo":{"@type":"ImageObject","inLanguage":"cs","@id":"https:\/\/alegerglobal.com\/cs\/#\/schema\/logo\/image\/","url":"https:\/\/alegerglobal.com\/wp-content\/uploads\/2020\/12\/aleger-logo-quadrat.jpg","contentUrl":"https:\/\/alegerglobal.com\/wp-content\/uploads\/2020\/12\/aleger-logo-quadrat.jpg","width":200,"height":176,"caption":"ALEGER \u22c6 Augmented Reality"},"image":{"@id":"https:\/\/alegerglobal.com\/cs\/#\/schema\/logo\/image\/"}}]},"product_brand":"Getac","product_price_amount":"2168.99","product_price_currency":"EUR","og_availability":"instock","product_availability":"instock","product_condition":"new"},"_links":{"self":[{"href":"https:\/\/alegerglobal.com\/cs\/wp-json\/wp\/v2\/product\/51709","targetHints":{"allow":["GET"]}}],"collection":[{"href":"https:\/\/alegerglobal.com\/cs\/wp-json\/wp\/v2\/product"}],"about":[{"href":"https:\/\/alegerglobal.com\/cs\/wp-json\/wp\/v2\/types\/product"}],"replies":[{"embeddable":true,"href":"https:\/\/alegerglobal.com\/cs\/wp-json\/wp\/v2\/comments?post=51709"}],"version-history":[{"count":3,"href":"https:\/\/alegerglobal.com\/cs\/wp-json\/wp\/v2\/product\/51709\/revisions"}],"predecessor-version":[{"id":53961,"href":"https:\/\/alegerglobal.com\/cs\/wp-json\/wp\/v2\/product\/51709\/revisions\/53961"}],"wp:featuredmedia":[{"embeddable":true,"href":"https:\/\/alegerglobal.com\/cs\/wp-json\/wp\/v2\/media\/51730"}],"wp:attachment":[{"href":"https:\/\/alegerglobal.com\/cs\/wp-json\/wp\/v2\/media?parent=51709"}],"wp:term":[{"taxonomy":"product_brand","embeddable":true,"href":"https:\/\/alegerglobal.com\/cs\/wp-json\/wp\/v2\/product_brand?post=51709"},{"taxonomy":"product_cat","embeddable":true,"href":"https:\/\/alegerglobal.com\/cs\/wp-json\/wp\/v2\/product_cat?post=51709"},{"taxonomy":"product_tag","embeddable":true,"href":"https:\/\/alegerglobal.com\/cs\/wp-json\/wp\/v2\/product_tag?post=51709"}],"curies":[{"name":"wp","href":"https:\/\/api.w.org\/{rel}","templated":true}]}}