{"id":51666,"date":"2025-11-02T14:46:04","date_gmt":"2025-11-02T13:46:05","guid":{"rendered":"https:\/\/alegerglobal.com\/?post_type=product&#038;p=51666"},"modified":"2026-03-25T20:21:32","modified_gmt":"2026-03-25T19:21:32","slug":"getac-zx70-ex-tablet-s-ochranou-proti-vybuchu-atex-zona-2-7-displej-android-9-ip67-mil-std-810h","status":"publish","type":"product","link":"https:\/\/alegerglobal.com\/cs\/shop-cs\/gadgets-cs\/getac-zx70-ex-tablet-s-ochranou-proti-vybuchu-atex-zona-2-7-displej-android-9-ip67-mil-std-810h\/","title":{"rendered":"Termokamera Inspectron &#8211; termovizn\u00ed technologie pro spolehlivou diagnostiku"},"content":{"rendered":"","protected":false},"excerpt":{"rendered":"<p data-start=\"683\" data-end=\"1119\">Termokamera Inspectron byla vyvinuta pro rychlou vizualizaci tepeln\u00fdch anom\u00e1li\u00ed, jako je p\u0159eh\u0159\u00edv\u00e1n\u00ed, tepeln\u00e9 mosty nebo net\u011bsnosti. Je ide\u00e1ln\u00ed pro pou\u017eit\u00ed v pr\u016fmyslu, elektrick\u00fdch instalac\u00edch, topn\u00fdch\/chladic\u00edch syst\u00e9mech a p\u0159i preventivn\u00ed \u00fadr\u017eb\u011b. D\u00edky kompaktn\u00ed konstrukci, robustn\u00edmu proveden\u00ed a vysoce kvalitn\u00edm senzor\u016fm poskytuje spolehliv\u00e9 v\u00fdsledky p\u0159\u00edmo na m\u00edst\u011b.<\/p>\n<p data-start=\"1121\" data-end=\"1336\">Technici s jeho pomoc\u00ed mohou odhalit p\u0159eh\u0159\u00e1t\u00e9 pojistky, kontaktn\u00ed odpory nebo vadn\u00e1 topn\u00e1 t\u011blesa &#8211; dlouho p\u0159edt\u00edm, ne\u017e dojde k z\u00e1vad\u011b nebo odst\u00e1vce.<\/p>\n","protected":false},"featured_media":51687,"comment_status":"open","ping_status":"closed","template":"","meta":{"_acf_changed":false},"product_brand":[],"product_cat":[1532,1516],"product_tag":[],"class_list":{"0":"post-51666","1":"product","2":"type-product","3":"status-publish","4":"has-post-thumbnail","6":"product_cat-gadgets-cs","7":"product_cat-shop-cs","8":"pa_hersteller-getac-cs","10":"first","11":"instock","12":"taxable","13":"shipping-taxable","14":"purchasable","15":"product-type-simple"},"acf":[],"yoast_head":"<!-- This site is optimized with the Yoast SEO Premium plugin v20.10 (Yoast SEO v24.3) - https:\/\/yoast.com\/wordpress\/plugins\/seo\/ -->\n<title>Koupit Uvisan VRProXS - Kompaktn\u00ed UV dezinfekce a nab\u00edjec\u00ed box<\/title>\n<meta name=\"description\" content=\"Termokamera Inspectron je ur\u010dena pro testov\u00e1n\u00ed elektrick\u00fdch za\u0159\u00edzen\u00ed, \u00fadr\u017ebu a preventivn\u00ed \u00fadr\u017ebu - je p\u0159esn\u00e1, robustn\u00ed a p\u0159ipraven\u00e1 k okam\u017eit\u00e9mu pou\u017eit\u00ed. Koupit nyn\u00ed.\" \/>\n<meta name=\"robots\" content=\"index, follow, max-snippet:-1, max-image-preview:large, max-video-preview:-1\" \/>\n<meta property=\"og:locale\" content=\"cs_CZ\" \/>\n<meta property=\"og:type\" content=\"article\" \/>\n<meta property=\"og:title\" content=\"Termokamera Inspectron - termovizn\u00ed technologie pro spolehlivou diagnostiku\" \/>\n<meta property=\"og:description\" content=\"Termokamera Inspectron je ur\u010dena pro testov\u00e1n\u00ed elektrick\u00fdch za\u0159\u00edzen\u00ed, \u00fadr\u017ebu a preventivn\u00ed \u00fadr\u017ebu - je p\u0159esn\u00e1, robustn\u00ed a p\u0159ipraven\u00e1 k okam\u017eit\u00e9mu pou\u017eit\u00ed. Koupit nyn\u00ed.\" \/>\n<meta property=\"og:url\" content=\"https:\/\/alegerglobal.com\/cs\/shop-cs\/gadgets-cs\/getac-zx70-ex-tablet-s-ochranou-proti-vybuchu-atex-zona-2-7-displej-android-9-ip67-mil-std-810h\/\" \/>\n<meta property=\"og:site_name\" content=\"ALEGER \u22c6 Augmented Reality\" \/>\n<meta property=\"article:modified_time\" content=\"2026-03-25T19:21:32+00:00\" \/>\n<meta property=\"og:image\" content=\"https:\/\/alegerglobal.com\/wp-content\/uploads\/2025\/11\/waermebildkamera-inspectron.png\" \/>\n\t<meta property=\"og:image:width\" content=\"800\" \/>\n\t<meta property=\"og:image:height\" content=\"800\" \/>\n\t<meta property=\"og:image:type\" content=\"image\/png\" \/>\n<meta name=\"twitter:card\" content=\"summary_large_image\" \/>\n<meta name=\"twitter:label1\" content=\"Cena\" \/>\n\t<meta name=\"twitter:data1\" content=\"&euro;2.168,99\" \/>\n\t<meta name=\"twitter:label2\" content=\"Dostupnost\" \/>\n\t<meta name=\"twitter:data2\" content=\"Skladem\" \/>\n<script type=\"application\/ld+json\" class=\"yoast-schema-graph\">{\"@context\":\"https:\/\/schema.org\",\"@graph\":[{\"@type\":\"WebPage\",\"@id\":\"https:\/\/alegerglobal.com\/cs\/shop-cs\/gadgets-cs\/getac-zx70-ex-tablet-s-ochranou-proti-vybuchu-atex-zona-2-7-displej-android-9-ip67-mil-std-810h\/\",\"url\":\"https:\/\/alegerglobal.com\/cs\/shop-cs\/gadgets-cs\/getac-zx70-ex-tablet-s-ochranou-proti-vybuchu-atex-zona-2-7-displej-android-9-ip67-mil-std-810h\/\",\"name\":\"Koupit Uvisan VRProXS - Kompaktn\u00ed UV dezinfekce a nab\u00edjec\u00ed box\",\"isPartOf\":{\"@id\":\"https:\/\/alegerglobal.com\/cs\/#website\"},\"primaryImageOfPage\":{\"@id\":\"https:\/\/alegerglobal.com\/cs\/shop-cs\/gadgets-cs\/getac-zx70-ex-tablet-s-ochranou-proti-vybuchu-atex-zona-2-7-displej-android-9-ip67-mil-std-810h\/#primaryimage\"},\"image\":{\"@id\":\"https:\/\/alegerglobal.com\/cs\/shop-cs\/gadgets-cs\/getac-zx70-ex-tablet-s-ochranou-proti-vybuchu-atex-zona-2-7-displej-android-9-ip67-mil-std-810h\/#primaryimage\"},\"thumbnailUrl\":\"https:\/\/alegerglobal.com\/wp-content\/uploads\/2025\/11\/waermebildkamera-inspectron.png\",\"datePublished\":\"2025-11-02T13:46:05+00:00\",\"dateModified\":\"2026-03-25T19:21:32+00:00\",\"description\":\"Termokamera Inspectron je ur\u010dena pro testov\u00e1n\u00ed elektrick\u00fdch za\u0159\u00edzen\u00ed, \u00fadr\u017ebu a preventivn\u00ed \u00fadr\u017ebu - je p\u0159esn\u00e1, robustn\u00ed a p\u0159ipraven\u00e1 k okam\u017eit\u00e9mu pou\u017eit\u00ed. Koupit nyn\u00ed.\",\"breadcrumb\":{\"@id\":\"https:\/\/alegerglobal.com\/cs\/shop-cs\/gadgets-cs\/getac-zx70-ex-tablet-s-ochranou-proti-vybuchu-atex-zona-2-7-displej-android-9-ip67-mil-std-810h\/#breadcrumb\"},\"inLanguage\":\"cs\",\"potentialAction\":[{\"@type\":\"ReadAction\",\"target\":[\"https:\/\/alegerglobal.com\/cs\/shop-cs\/gadgets-cs\/getac-zx70-ex-tablet-s-ochranou-proti-vybuchu-atex-zona-2-7-displej-android-9-ip67-mil-std-810h\/\"]}]},{\"@type\":\"ImageObject\",\"inLanguage\":\"cs\",\"@id\":\"https:\/\/alegerglobal.com\/cs\/shop-cs\/gadgets-cs\/getac-zx70-ex-tablet-s-ochranou-proti-vybuchu-atex-zona-2-7-displej-android-9-ip67-mil-std-810h\/#primaryimage\",\"url\":\"https:\/\/alegerglobal.com\/wp-content\/uploads\/2025\/11\/waermebildkamera-inspectron.png\",\"contentUrl\":\"https:\/\/alegerglobal.com\/wp-content\/uploads\/2025\/11\/waermebildkamera-inspectron.png\",\"width\":800,\"height\":800},{\"@type\":\"BreadcrumbList\",\"@id\":\"https:\/\/alegerglobal.com\/cs\/shop-cs\/gadgets-cs\/getac-zx70-ex-tablet-s-ochranou-proti-vybuchu-atex-zona-2-7-displej-android-9-ip67-mil-std-810h\/#breadcrumb\",\"itemListElement\":[{\"@type\":\"ListItem\",\"position\":1,\"name\":\"Home\",\"item\":\"https:\/\/alegerglobal.com\/cs\/novinka-domovska-stranka\/\"},{\"@type\":\"ListItem\",\"position\":2,\"name\":\"Produkty\",\"item\":\"https:\/\/alegerglobal.com\/cs\/produkty\/\"},{\"@type\":\"ListItem\",\"position\":3,\"name\":\"Termokamera Inspectron &#8211; termovizn\u00ed technologie pro spolehlivou diagnostiku\"}]},{\"@type\":\"WebSite\",\"@id\":\"https:\/\/alegerglobal.com\/cs\/#website\",\"url\":\"https:\/\/alegerglobal.com\/cs\/\",\"name\":\"ALEGER \u22c6 Augmented Reality\",\"description\":\"Die besten Augmented Reality (AR) L\u00f6sungen der Welt.\",\"publisher\":{\"@id\":\"https:\/\/alegerglobal.com\/cs\/#organization\"},\"potentialAction\":[{\"@type\":\"SearchAction\",\"target\":{\"@type\":\"EntryPoint\",\"urlTemplate\":\"https:\/\/alegerglobal.com\/cs\/?s={search_term_string}\"},\"query-input\":{\"@type\":\"PropertyValueSpecification\",\"valueRequired\":true,\"valueName\":\"search_term_string\"}}],\"inLanguage\":\"cs\"},{\"@type\":\"Organization\",\"@id\":\"https:\/\/alegerglobal.com\/cs\/#organization\",\"name\":\"ALEGER \u22c6 Augmented Reality\",\"url\":\"https:\/\/alegerglobal.com\/cs\/\",\"logo\":{\"@type\":\"ImageObject\",\"inLanguage\":\"cs\",\"@id\":\"https:\/\/alegerglobal.com\/cs\/#\/schema\/logo\/image\/\",\"url\":\"https:\/\/alegerglobal.com\/wp-content\/uploads\/2020\/12\/aleger-logo-quadrat.jpg\",\"contentUrl\":\"https:\/\/alegerglobal.com\/wp-content\/uploads\/2020\/12\/aleger-logo-quadrat.jpg\",\"width\":200,\"height\":176,\"caption\":\"ALEGER \u22c6 Augmented Reality\"},\"image\":{\"@id\":\"https:\/\/alegerglobal.com\/cs\/#\/schema\/logo\/image\/\"}}]}<\/script>\n<meta property=\"product:brand\" content=\"Getac\" \/>\n<meta property=\"product:price:amount\" content=\"2168.99\" \/>\n<meta property=\"product:price:currency\" content=\"EUR\" \/>\n<meta property=\"og:availability\" content=\"instock\" \/>\n<meta property=\"product:availability\" content=\"instock\" \/>\n<meta property=\"product:condition\" content=\"new\" \/>\n<!-- \/ Yoast SEO Premium plugin. -->","yoast_head_json":{"title":"Koupit Uvisan VRProXS - Kompaktn\u00ed UV dezinfekce a nab\u00edjec\u00ed box","description":"Termokamera Inspectron je ur\u010dena pro testov\u00e1n\u00ed elektrick\u00fdch za\u0159\u00edzen\u00ed, \u00fadr\u017ebu a preventivn\u00ed \u00fadr\u017ebu - je p\u0159esn\u00e1, robustn\u00ed a p\u0159ipraven\u00e1 k okam\u017eit\u00e9mu pou\u017eit\u00ed. Koupit nyn\u00ed.","robots":{"index":"index","follow":"follow","max-snippet":"max-snippet:-1","max-image-preview":"max-image-preview:large","max-video-preview":"max-video-preview:-1"},"og_locale":"cs_CZ","og_type":"article","og_title":"Termokamera Inspectron - termovizn\u00ed technologie pro spolehlivou diagnostiku","og_description":"Termokamera Inspectron je ur\u010dena pro testov\u00e1n\u00ed elektrick\u00fdch za\u0159\u00edzen\u00ed, \u00fadr\u017ebu a preventivn\u00ed \u00fadr\u017ebu - je p\u0159esn\u00e1, robustn\u00ed a p\u0159ipraven\u00e1 k okam\u017eit\u00e9mu pou\u017eit\u00ed. Koupit nyn\u00ed.","og_url":"https:\/\/alegerglobal.com\/cs\/shop-cs\/gadgets-cs\/getac-zx70-ex-tablet-s-ochranou-proti-vybuchu-atex-zona-2-7-displej-android-9-ip67-mil-std-810h\/","og_site_name":"ALEGER \u22c6 Augmented Reality","article_modified_time":"2026-03-25T19:21:32+00:00","og_image":[{"width":800,"height":800,"url":"https:\/\/alegerglobal.com\/wp-content\/uploads\/2025\/11\/waermebildkamera-inspectron.png","type":"image\/png"}],"twitter_card":"summary_large_image","twitter_misc":{"Cena":"&euro;2.168,99","Dostupnost":"Skladem"},"schema":{"@context":"https:\/\/schema.org","@graph":[{"@type":"WebPage","@id":"https:\/\/alegerglobal.com\/cs\/shop-cs\/gadgets-cs\/getac-zx70-ex-tablet-s-ochranou-proti-vybuchu-atex-zona-2-7-displej-android-9-ip67-mil-std-810h\/","url":"https:\/\/alegerglobal.com\/cs\/shop-cs\/gadgets-cs\/getac-zx70-ex-tablet-s-ochranou-proti-vybuchu-atex-zona-2-7-displej-android-9-ip67-mil-std-810h\/","name":"Koupit Uvisan VRProXS - Kompaktn\u00ed UV dezinfekce a nab\u00edjec\u00ed box","isPartOf":{"@id":"https:\/\/alegerglobal.com\/cs\/#website"},"primaryImageOfPage":{"@id":"https:\/\/alegerglobal.com\/cs\/shop-cs\/gadgets-cs\/getac-zx70-ex-tablet-s-ochranou-proti-vybuchu-atex-zona-2-7-displej-android-9-ip67-mil-std-810h\/#primaryimage"},"image":{"@id":"https:\/\/alegerglobal.com\/cs\/shop-cs\/gadgets-cs\/getac-zx70-ex-tablet-s-ochranou-proti-vybuchu-atex-zona-2-7-displej-android-9-ip67-mil-std-810h\/#primaryimage"},"thumbnailUrl":"https:\/\/alegerglobal.com\/wp-content\/uploads\/2025\/11\/waermebildkamera-inspectron.png","datePublished":"2025-11-02T13:46:05+00:00","dateModified":"2026-03-25T19:21:32+00:00","description":"Termokamera Inspectron je ur\u010dena pro testov\u00e1n\u00ed elektrick\u00fdch za\u0159\u00edzen\u00ed, \u00fadr\u017ebu a preventivn\u00ed \u00fadr\u017ebu - je p\u0159esn\u00e1, robustn\u00ed a p\u0159ipraven\u00e1 k okam\u017eit\u00e9mu pou\u017eit\u00ed. Koupit nyn\u00ed.","breadcrumb":{"@id":"https:\/\/alegerglobal.com\/cs\/shop-cs\/gadgets-cs\/getac-zx70-ex-tablet-s-ochranou-proti-vybuchu-atex-zona-2-7-displej-android-9-ip67-mil-std-810h\/#breadcrumb"},"inLanguage":"cs","potentialAction":[{"@type":"ReadAction","target":["https:\/\/alegerglobal.com\/cs\/shop-cs\/gadgets-cs\/getac-zx70-ex-tablet-s-ochranou-proti-vybuchu-atex-zona-2-7-displej-android-9-ip67-mil-std-810h\/"]}]},{"@type":"ImageObject","inLanguage":"cs","@id":"https:\/\/alegerglobal.com\/cs\/shop-cs\/gadgets-cs\/getac-zx70-ex-tablet-s-ochranou-proti-vybuchu-atex-zona-2-7-displej-android-9-ip67-mil-std-810h\/#primaryimage","url":"https:\/\/alegerglobal.com\/wp-content\/uploads\/2025\/11\/waermebildkamera-inspectron.png","contentUrl":"https:\/\/alegerglobal.com\/wp-content\/uploads\/2025\/11\/waermebildkamera-inspectron.png","width":800,"height":800},{"@type":"BreadcrumbList","@id":"https:\/\/alegerglobal.com\/cs\/shop-cs\/gadgets-cs\/getac-zx70-ex-tablet-s-ochranou-proti-vybuchu-atex-zona-2-7-displej-android-9-ip67-mil-std-810h\/#breadcrumb","itemListElement":[{"@type":"ListItem","position":1,"name":"Home","item":"https:\/\/alegerglobal.com\/cs\/novinka-domovska-stranka\/"},{"@type":"ListItem","position":2,"name":"Produkty","item":"https:\/\/alegerglobal.com\/cs\/produkty\/"},{"@type":"ListItem","position":3,"name":"Termokamera Inspectron &#8211; termovizn\u00ed technologie pro spolehlivou diagnostiku"}]},{"@type":"WebSite","@id":"https:\/\/alegerglobal.com\/cs\/#website","url":"https:\/\/alegerglobal.com\/cs\/","name":"ALEGER \u22c6 Augmented Reality","description":"Die besten Augmented Reality (AR) L\u00f6sungen der Welt.","publisher":{"@id":"https:\/\/alegerglobal.com\/cs\/#organization"},"potentialAction":[{"@type":"SearchAction","target":{"@type":"EntryPoint","urlTemplate":"https:\/\/alegerglobal.com\/cs\/?s={search_term_string}"},"query-input":{"@type":"PropertyValueSpecification","valueRequired":true,"valueName":"search_term_string"}}],"inLanguage":"cs"},{"@type":"Organization","@id":"https:\/\/alegerglobal.com\/cs\/#organization","name":"ALEGER \u22c6 Augmented Reality","url":"https:\/\/alegerglobal.com\/cs\/","logo":{"@type":"ImageObject","inLanguage":"cs","@id":"https:\/\/alegerglobal.com\/cs\/#\/schema\/logo\/image\/","url":"https:\/\/alegerglobal.com\/wp-content\/uploads\/2020\/12\/aleger-logo-quadrat.jpg","contentUrl":"https:\/\/alegerglobal.com\/wp-content\/uploads\/2020\/12\/aleger-logo-quadrat.jpg","width":200,"height":176,"caption":"ALEGER \u22c6 Augmented Reality"},"image":{"@id":"https:\/\/alegerglobal.com\/cs\/#\/schema\/logo\/image\/"}}]},"product_brand":"Getac","product_price_amount":"2168.99","product_price_currency":"EUR","og_availability":"instock","product_availability":"instock","product_condition":"new"},"_links":{"self":[{"href":"https:\/\/alegerglobal.com\/cs\/wp-json\/wp\/v2\/product\/51666","targetHints":{"allow":["GET"]}}],"collection":[{"href":"https:\/\/alegerglobal.com\/cs\/wp-json\/wp\/v2\/product"}],"about":[{"href":"https:\/\/alegerglobal.com\/cs\/wp-json\/wp\/v2\/types\/product"}],"replies":[{"embeddable":true,"href":"https:\/\/alegerglobal.com\/cs\/wp-json\/wp\/v2\/comments?post=51666"}],"version-history":[{"count":3,"href":"https:\/\/alegerglobal.com\/cs\/wp-json\/wp\/v2\/product\/51666\/revisions"}],"predecessor-version":[{"id":54094,"href":"https:\/\/alegerglobal.com\/cs\/wp-json\/wp\/v2\/product\/51666\/revisions\/54094"}],"wp:featuredmedia":[{"embeddable":true,"href":"https:\/\/alegerglobal.com\/cs\/wp-json\/wp\/v2\/media\/51687"}],"wp:attachment":[{"href":"https:\/\/alegerglobal.com\/cs\/wp-json\/wp\/v2\/media?parent=51666"}],"wp:term":[{"taxonomy":"product_brand","embeddable":true,"href":"https:\/\/alegerglobal.com\/cs\/wp-json\/wp\/v2\/product_brand?post=51666"},{"taxonomy":"product_cat","embeddable":true,"href":"https:\/\/alegerglobal.com\/cs\/wp-json\/wp\/v2\/product_cat?post=51666"},{"taxonomy":"product_tag","embeddable":true,"href":"https:\/\/alegerglobal.com\/cs\/wp-json\/wp\/v2\/product_tag?post=51666"}],"curies":[{"name":"wp","href":"https:\/\/api.w.org\/{rel}","templated":true}]}}