{"id":51551,"date":"2025-11-02T14:08:53","date_gmt":"2025-11-02T13:08:54","guid":{"rendered":"https:\/\/alegerglobal.com\/?post_type=product&#038;p=51551"},"modified":"2026-03-19T19:01:40","modified_gmt":"2026-03-19T18:01:40","slug":"getac-zx70-ex-tablet-s-ochranou-proti-vybuchu-atex-zona-2-7-displej-android-9-ip67-mil-std-810h-kopie-kopie","status":"publish","type":"product","link":"https:\/\/alegerglobal.com\/cs\/shop-cs\/gadgets-cs\/getac-zx70-ex-tablet-s-ochranou-proti-vybuchu-atex-zona-2-7-displej-android-9-ip67-mil-std-810h-kopie-kopie\/","title":{"rendered":"Uvisan VRProM &#8211; Efektivn\u00ed hygiena, bezpe\u010dn\u00e9 ukl\u00e1d\u00e1n\u00ed a nab\u00edjen\u00ed sd\u00edlen\u00fdch za\u0159\u00edzen\u00ed"},"content":{"rendered":"","protected":false},"excerpt":{"rendered":"<p data-start=\"773\" data-end=\"1282\">Uvisan VRProM je inovativn\u00ed UV-C dezinfek\u010dn\u00ed a nab\u00edjec\u00ed sk\u0159\u00ed\u0148, speci\u00e1ln\u011b navr\u017een\u00e1 pro prost\u0159ed\u00ed se sd\u00edlen\u00fdmi technologick\u00fdmi za\u0159\u00edzen\u00edmi, jako jsou VR\/AR headsety, tablety nebo notebooky. B\u011bhem kr\u00e1tk\u00e9 doby dezinfekce jsou za\u0159\u00edzen\u00ed spolehliv\u011b zbavena vir\u016f, bakteri\u00ed a pl\u00edsn\u00ed &#8211; bez jak\u00fdchkoli chemik\u00e1li\u00ed, tepla nebo zbytk\u016f. Sou\u010dasn\u011b se za\u0159\u00edzen\u00ed nab\u00edjej\u00ed prost\u0159ednictv\u00edm integrovan\u00fdch rychlonab\u00edjec\u00edch port\u016f USB, \u010d\u00edm\u017e je zaji\u0161t\u011bna \u010distota a p\u0159ipravenost k pou\u017eit\u00ed v jedin\u00e9m kroku.<\/p>\n<p data-start=\"1284\" data-end=\"1516\">D\u00edky robustn\u00edmu ocelov\u00e9mu krytu s uzamykateln\u00fdmi dve\u0159mi a kole\u010dk\u016fm pro mobilitu je VRProM ide\u00e1ln\u00ed pro \u0161kolic\u00ed m\u00edstnosti, laborato\u0159e VR\/AR, vzd\u011bl\u00e1vac\u00ed instituce, hern\u00ed\/hern\u00ed prost\u0159ed\u00ed a profesion\u00e1ln\u00ed \u0161kolic\u00ed st\u0159ediska.<\/p>\n","protected":false},"featured_media":51587,"comment_status":"open","ping_status":"closed","template":"","meta":{"_acf_changed":false},"product_brand":[],"product_cat":[1532,1516],"product_tag":[],"class_list":{"0":"post-51551","1":"product","2":"type-product","3":"status-publish","4":"has-post-thumbnail","6":"product_cat-gadgets-cs","7":"product_cat-shop-cs","8":"pa_hersteller-getac-cs","10":"first","11":"instock","12":"taxable","13":"shipping-taxable","14":"purchasable","15":"product-type-simple"},"acf":[],"yoast_head":"<!-- This site is optimized with the Yoast SEO Premium plugin v20.10 (Yoast SEO v24.3) - https:\/\/yoast.com\/wordpress\/plugins\/seo\/ -->\n<title>Koupit Uvisan VRProM - -UV-C dezinfek\u010dn\u00ed a nab\u00edjec\u00ed sk\u0159\u00ed\u0148ka<\/title>\n<meta name=\"description\" content=\"Uvisan VRProM je UV-C dezinfek\u010dn\u00ed a nab\u00edjec\u00ed sk\u0159\u00ed\u0148 pro VR\/AR headsety, tablety a notebooky s 360\u00b0 UVC pokryt\u00edm, a\u017e 99,999 % a 36 porty.\" \/>\n<meta name=\"robots\" content=\"index, follow, max-snippet:-1, max-image-preview:large, max-video-preview:-1\" \/>\n<meta property=\"og:locale\" content=\"cs_CZ\" \/>\n<meta property=\"og:type\" content=\"article\" \/>\n<meta property=\"og:title\" content=\"Uvisan VRProM - Efektivn\u00ed hygiena, bezpe\u010dn\u00e9 ukl\u00e1d\u00e1n\u00ed a nab\u00edjen\u00ed sd\u00edlen\u00fdch za\u0159\u00edzen\u00ed\" \/>\n<meta property=\"og:description\" content=\"Uvisan VRProM je UV-C dezinfek\u010dn\u00ed a nab\u00edjec\u00ed sk\u0159\u00ed\u0148 pro VR\/AR headsety, tablety a notebooky s 360\u00b0 UVC pokryt\u00edm, a\u017e 99,999 % a 36 porty.\" \/>\n<meta property=\"og:url\" content=\"https:\/\/alegerglobal.com\/cs\/shop-cs\/gadgets-cs\/getac-zx70-ex-tablet-s-ochranou-proti-vybuchu-atex-zona-2-7-displej-android-9-ip67-mil-std-810h-kopie-kopie\/\" \/>\n<meta property=\"og:site_name\" content=\"ALEGER \u22c6 Augmented Reality\" \/>\n<meta property=\"article:modified_time\" content=\"2026-03-19T18:01:40+00:00\" \/>\n<meta property=\"og:image\" content=\"https:\/\/alegerglobal.com\/wp-content\/uploads\/2025\/11\/uvisan-vrprom.png\" \/>\n\t<meta property=\"og:image:width\" content=\"800\" \/>\n\t<meta property=\"og:image:height\" content=\"800\" \/>\n\t<meta property=\"og:image:type\" content=\"image\/png\" \/>\n<meta name=\"twitter:card\" content=\"summary_large_image\" \/>\n<meta name=\"twitter:label1\" content=\"Cena\" \/>\n\t<meta name=\"twitter:data1\" content=\"&euro;2.168,99\" \/>\n\t<meta name=\"twitter:label2\" content=\"Dostupnost\" \/>\n\t<meta name=\"twitter:data2\" content=\"Skladem\" \/>\n<script type=\"application\/ld+json\" class=\"yoast-schema-graph\">{\"@context\":\"https:\/\/schema.org\",\"@graph\":[{\"@type\":\"WebPage\",\"@id\":\"https:\/\/alegerglobal.com\/cs\/shop-cs\/gadgets-cs\/getac-zx70-ex-tablet-s-ochranou-proti-vybuchu-atex-zona-2-7-displej-android-9-ip67-mil-std-810h-kopie-kopie\/\",\"url\":\"https:\/\/alegerglobal.com\/cs\/shop-cs\/gadgets-cs\/getac-zx70-ex-tablet-s-ochranou-proti-vybuchu-atex-zona-2-7-displej-android-9-ip67-mil-std-810h-kopie-kopie\/\",\"name\":\"Koupit Uvisan VRProM - -UV-C dezinfek\u010dn\u00ed a nab\u00edjec\u00ed sk\u0159\u00ed\u0148ka\",\"isPartOf\":{\"@id\":\"https:\/\/alegerglobal.com\/cs\/#website\"},\"primaryImageOfPage\":{\"@id\":\"https:\/\/alegerglobal.com\/cs\/shop-cs\/gadgets-cs\/getac-zx70-ex-tablet-s-ochranou-proti-vybuchu-atex-zona-2-7-displej-android-9-ip67-mil-std-810h-kopie-kopie\/#primaryimage\"},\"image\":{\"@id\":\"https:\/\/alegerglobal.com\/cs\/shop-cs\/gadgets-cs\/getac-zx70-ex-tablet-s-ochranou-proti-vybuchu-atex-zona-2-7-displej-android-9-ip67-mil-std-810h-kopie-kopie\/#primaryimage\"},\"thumbnailUrl\":\"https:\/\/alegerglobal.com\/wp-content\/uploads\/2025\/11\/uvisan-vrprom.png\",\"datePublished\":\"2025-11-02T13:08:54+00:00\",\"dateModified\":\"2026-03-19T18:01:40+00:00\",\"description\":\"Uvisan VRProM je UV-C dezinfek\u010dn\u00ed a nab\u00edjec\u00ed sk\u0159\u00ed\u0148 pro VR\/AR headsety, tablety a notebooky s 360\u00b0 UVC pokryt\u00edm, a\u017e 99,999 % a 36 porty.\",\"breadcrumb\":{\"@id\":\"https:\/\/alegerglobal.com\/cs\/shop-cs\/gadgets-cs\/getac-zx70-ex-tablet-s-ochranou-proti-vybuchu-atex-zona-2-7-displej-android-9-ip67-mil-std-810h-kopie-kopie\/#breadcrumb\"},\"inLanguage\":\"cs\",\"potentialAction\":[{\"@type\":\"ReadAction\",\"target\":[\"https:\/\/alegerglobal.com\/cs\/shop-cs\/gadgets-cs\/getac-zx70-ex-tablet-s-ochranou-proti-vybuchu-atex-zona-2-7-displej-android-9-ip67-mil-std-810h-kopie-kopie\/\"]}]},{\"@type\":\"ImageObject\",\"inLanguage\":\"cs\",\"@id\":\"https:\/\/alegerglobal.com\/cs\/shop-cs\/gadgets-cs\/getac-zx70-ex-tablet-s-ochranou-proti-vybuchu-atex-zona-2-7-displej-android-9-ip67-mil-std-810h-kopie-kopie\/#primaryimage\",\"url\":\"https:\/\/alegerglobal.com\/wp-content\/uploads\/2025\/11\/uvisan-vrprom.png\",\"contentUrl\":\"https:\/\/alegerglobal.com\/wp-content\/uploads\/2025\/11\/uvisan-vrprom.png\",\"width\":800,\"height\":800},{\"@type\":\"BreadcrumbList\",\"@id\":\"https:\/\/alegerglobal.com\/cs\/shop-cs\/gadgets-cs\/getac-zx70-ex-tablet-s-ochranou-proti-vybuchu-atex-zona-2-7-displej-android-9-ip67-mil-std-810h-kopie-kopie\/#breadcrumb\",\"itemListElement\":[{\"@type\":\"ListItem\",\"position\":1,\"name\":\"Home\",\"item\":\"https:\/\/alegerglobal.com\/cs\/novinka-domovska-stranka\/\"},{\"@type\":\"ListItem\",\"position\":2,\"name\":\"Produkty\",\"item\":\"https:\/\/alegerglobal.com\/cs\/produkty\/\"},{\"@type\":\"ListItem\",\"position\":3,\"name\":\"Uvisan VRProM &#8211; Efektivn\u00ed hygiena, bezpe\u010dn\u00e9 ukl\u00e1d\u00e1n\u00ed a nab\u00edjen\u00ed sd\u00edlen\u00fdch za\u0159\u00edzen\u00ed\"}]},{\"@type\":\"WebSite\",\"@id\":\"https:\/\/alegerglobal.com\/cs\/#website\",\"url\":\"https:\/\/alegerglobal.com\/cs\/\",\"name\":\"ALEGER \u22c6 Augmented Reality\",\"description\":\"Die besten Augmented Reality (AR) L\u00f6sungen der Welt.\",\"publisher\":{\"@id\":\"https:\/\/alegerglobal.com\/cs\/#organization\"},\"potentialAction\":[{\"@type\":\"SearchAction\",\"target\":{\"@type\":\"EntryPoint\",\"urlTemplate\":\"https:\/\/alegerglobal.com\/cs\/?s={search_term_string}\"},\"query-input\":{\"@type\":\"PropertyValueSpecification\",\"valueRequired\":true,\"valueName\":\"search_term_string\"}}],\"inLanguage\":\"cs\"},{\"@type\":\"Organization\",\"@id\":\"https:\/\/alegerglobal.com\/cs\/#organization\",\"name\":\"ALEGER \u22c6 Augmented Reality\",\"url\":\"https:\/\/alegerglobal.com\/cs\/\",\"logo\":{\"@type\":\"ImageObject\",\"inLanguage\":\"cs\",\"@id\":\"https:\/\/alegerglobal.com\/cs\/#\/schema\/logo\/image\/\",\"url\":\"https:\/\/alegerglobal.com\/wp-content\/uploads\/2020\/12\/aleger-logo-quadrat.jpg\",\"contentUrl\":\"https:\/\/alegerglobal.com\/wp-content\/uploads\/2020\/12\/aleger-logo-quadrat.jpg\",\"width\":200,\"height\":176,\"caption\":\"ALEGER \u22c6 Augmented Reality\"},\"image\":{\"@id\":\"https:\/\/alegerglobal.com\/cs\/#\/schema\/logo\/image\/\"}}]}<\/script>\n<meta property=\"product:brand\" content=\"Getac\" \/>\n<meta property=\"product:price:amount\" content=\"2168.99\" \/>\n<meta property=\"product:price:currency\" content=\"EUR\" \/>\n<meta property=\"og:availability\" content=\"instock\" \/>\n<meta property=\"product:availability\" content=\"instock\" \/>\n<meta property=\"product:condition\" content=\"new\" \/>\n<!-- \/ Yoast SEO Premium plugin. -->","yoast_head_json":{"title":"Koupit Uvisan VRProM - -UV-C dezinfek\u010dn\u00ed a nab\u00edjec\u00ed sk\u0159\u00ed\u0148ka","description":"Uvisan VRProM je UV-C dezinfek\u010dn\u00ed a nab\u00edjec\u00ed sk\u0159\u00ed\u0148 pro VR\/AR headsety, tablety a notebooky s 360\u00b0 UVC pokryt\u00edm, a\u017e 99,999 % a 36 porty.","robots":{"index":"index","follow":"follow","max-snippet":"max-snippet:-1","max-image-preview":"max-image-preview:large","max-video-preview":"max-video-preview:-1"},"og_locale":"cs_CZ","og_type":"article","og_title":"Uvisan VRProM - Efektivn\u00ed hygiena, bezpe\u010dn\u00e9 ukl\u00e1d\u00e1n\u00ed a nab\u00edjen\u00ed sd\u00edlen\u00fdch za\u0159\u00edzen\u00ed","og_description":"Uvisan VRProM je UV-C dezinfek\u010dn\u00ed a nab\u00edjec\u00ed sk\u0159\u00ed\u0148 pro VR\/AR headsety, tablety a notebooky s 360\u00b0 UVC pokryt\u00edm, a\u017e 99,999 % a 36 porty.","og_url":"https:\/\/alegerglobal.com\/cs\/shop-cs\/gadgets-cs\/getac-zx70-ex-tablet-s-ochranou-proti-vybuchu-atex-zona-2-7-displej-android-9-ip67-mil-std-810h-kopie-kopie\/","og_site_name":"ALEGER \u22c6 Augmented Reality","article_modified_time":"2026-03-19T18:01:40+00:00","og_image":[{"width":800,"height":800,"url":"https:\/\/alegerglobal.com\/wp-content\/uploads\/2025\/11\/uvisan-vrprom.png","type":"image\/png"}],"twitter_card":"summary_large_image","twitter_misc":{"Cena":"&euro;2.168,99","Dostupnost":"Skladem"},"schema":{"@context":"https:\/\/schema.org","@graph":[{"@type":"WebPage","@id":"https:\/\/alegerglobal.com\/cs\/shop-cs\/gadgets-cs\/getac-zx70-ex-tablet-s-ochranou-proti-vybuchu-atex-zona-2-7-displej-android-9-ip67-mil-std-810h-kopie-kopie\/","url":"https:\/\/alegerglobal.com\/cs\/shop-cs\/gadgets-cs\/getac-zx70-ex-tablet-s-ochranou-proti-vybuchu-atex-zona-2-7-displej-android-9-ip67-mil-std-810h-kopie-kopie\/","name":"Koupit Uvisan VRProM - -UV-C dezinfek\u010dn\u00ed a nab\u00edjec\u00ed sk\u0159\u00ed\u0148ka","isPartOf":{"@id":"https:\/\/alegerglobal.com\/cs\/#website"},"primaryImageOfPage":{"@id":"https:\/\/alegerglobal.com\/cs\/shop-cs\/gadgets-cs\/getac-zx70-ex-tablet-s-ochranou-proti-vybuchu-atex-zona-2-7-displej-android-9-ip67-mil-std-810h-kopie-kopie\/#primaryimage"},"image":{"@id":"https:\/\/alegerglobal.com\/cs\/shop-cs\/gadgets-cs\/getac-zx70-ex-tablet-s-ochranou-proti-vybuchu-atex-zona-2-7-displej-android-9-ip67-mil-std-810h-kopie-kopie\/#primaryimage"},"thumbnailUrl":"https:\/\/alegerglobal.com\/wp-content\/uploads\/2025\/11\/uvisan-vrprom.png","datePublished":"2025-11-02T13:08:54+00:00","dateModified":"2026-03-19T18:01:40+00:00","description":"Uvisan VRProM je UV-C dezinfek\u010dn\u00ed a nab\u00edjec\u00ed sk\u0159\u00ed\u0148 pro VR\/AR headsety, tablety a notebooky s 360\u00b0 UVC pokryt\u00edm, a\u017e 99,999 % a 36 porty.","breadcrumb":{"@id":"https:\/\/alegerglobal.com\/cs\/shop-cs\/gadgets-cs\/getac-zx70-ex-tablet-s-ochranou-proti-vybuchu-atex-zona-2-7-displej-android-9-ip67-mil-std-810h-kopie-kopie\/#breadcrumb"},"inLanguage":"cs","potentialAction":[{"@type":"ReadAction","target":["https:\/\/alegerglobal.com\/cs\/shop-cs\/gadgets-cs\/getac-zx70-ex-tablet-s-ochranou-proti-vybuchu-atex-zona-2-7-displej-android-9-ip67-mil-std-810h-kopie-kopie\/"]}]},{"@type":"ImageObject","inLanguage":"cs","@id":"https:\/\/alegerglobal.com\/cs\/shop-cs\/gadgets-cs\/getac-zx70-ex-tablet-s-ochranou-proti-vybuchu-atex-zona-2-7-displej-android-9-ip67-mil-std-810h-kopie-kopie\/#primaryimage","url":"https:\/\/alegerglobal.com\/wp-content\/uploads\/2025\/11\/uvisan-vrprom.png","contentUrl":"https:\/\/alegerglobal.com\/wp-content\/uploads\/2025\/11\/uvisan-vrprom.png","width":800,"height":800},{"@type":"BreadcrumbList","@id":"https:\/\/alegerglobal.com\/cs\/shop-cs\/gadgets-cs\/getac-zx70-ex-tablet-s-ochranou-proti-vybuchu-atex-zona-2-7-displej-android-9-ip67-mil-std-810h-kopie-kopie\/#breadcrumb","itemListElement":[{"@type":"ListItem","position":1,"name":"Home","item":"https:\/\/alegerglobal.com\/cs\/novinka-domovska-stranka\/"},{"@type":"ListItem","position":2,"name":"Produkty","item":"https:\/\/alegerglobal.com\/cs\/produkty\/"},{"@type":"ListItem","position":3,"name":"Uvisan VRProM &#8211; Efektivn\u00ed hygiena, bezpe\u010dn\u00e9 ukl\u00e1d\u00e1n\u00ed a nab\u00edjen\u00ed sd\u00edlen\u00fdch za\u0159\u00edzen\u00ed"}]},{"@type":"WebSite","@id":"https:\/\/alegerglobal.com\/cs\/#website","url":"https:\/\/alegerglobal.com\/cs\/","name":"ALEGER \u22c6 Augmented Reality","description":"Die besten Augmented Reality (AR) L\u00f6sungen der Welt.","publisher":{"@id":"https:\/\/alegerglobal.com\/cs\/#organization"},"potentialAction":[{"@type":"SearchAction","target":{"@type":"EntryPoint","urlTemplate":"https:\/\/alegerglobal.com\/cs\/?s={search_term_string}"},"query-input":{"@type":"PropertyValueSpecification","valueRequired":true,"valueName":"search_term_string"}}],"inLanguage":"cs"},{"@type":"Organization","@id":"https:\/\/alegerglobal.com\/cs\/#organization","name":"ALEGER \u22c6 Augmented Reality","url":"https:\/\/alegerglobal.com\/cs\/","logo":{"@type":"ImageObject","inLanguage":"cs","@id":"https:\/\/alegerglobal.com\/cs\/#\/schema\/logo\/image\/","url":"https:\/\/alegerglobal.com\/wp-content\/uploads\/2020\/12\/aleger-logo-quadrat.jpg","contentUrl":"https:\/\/alegerglobal.com\/wp-content\/uploads\/2020\/12\/aleger-logo-quadrat.jpg","width":200,"height":176,"caption":"ALEGER \u22c6 Augmented Reality"},"image":{"@id":"https:\/\/alegerglobal.com\/cs\/#\/schema\/logo\/image\/"}}]},"product_brand":"Getac","product_price_amount":"2168.99","product_price_currency":"EUR","og_availability":"instock","product_availability":"instock","product_condition":"new"},"_links":{"self":[{"href":"https:\/\/alegerglobal.com\/cs\/wp-json\/wp\/v2\/product\/51551","targetHints":{"allow":["GET"]}}],"collection":[{"href":"https:\/\/alegerglobal.com\/cs\/wp-json\/wp\/v2\/product"}],"about":[{"href":"https:\/\/alegerglobal.com\/cs\/wp-json\/wp\/v2\/types\/product"}],"replies":[{"embeddable":true,"href":"https:\/\/alegerglobal.com\/cs\/wp-json\/wp\/v2\/comments?post=51551"}],"version-history":[{"count":3,"href":"https:\/\/alegerglobal.com\/cs\/wp-json\/wp\/v2\/product\/51551\/revisions"}],"predecessor-version":[{"id":53960,"href":"https:\/\/alegerglobal.com\/cs\/wp-json\/wp\/v2\/product\/51551\/revisions\/53960"}],"wp:featuredmedia":[{"embeddable":true,"href":"https:\/\/alegerglobal.com\/cs\/wp-json\/wp\/v2\/media\/51587"}],"wp:attachment":[{"href":"https:\/\/alegerglobal.com\/cs\/wp-json\/wp\/v2\/media?parent=51551"}],"wp:term":[{"taxonomy":"product_brand","embeddable":true,"href":"https:\/\/alegerglobal.com\/cs\/wp-json\/wp\/v2\/product_brand?post=51551"},{"taxonomy":"product_cat","embeddable":true,"href":"https:\/\/alegerglobal.com\/cs\/wp-json\/wp\/v2\/product_cat?post=51551"},{"taxonomy":"product_tag","embeddable":true,"href":"https:\/\/alegerglobal.com\/cs\/wp-json\/wp\/v2\/product_tag?post=51551"}],"curies":[{"name":"wp","href":"https:\/\/api.w.org\/{rel}","templated":true}]}}