{"id":51339,"date":"2025-10-31T11:01:08","date_gmt":"2025-10-31T10:01:09","guid":{"rendered":"https:\/\/alegerglobal.com\/?post_type=product&#038;p=51339"},"modified":"2026-03-06T14:10:02","modified_gmt":"2026-03-06T13:10:02","slug":"realwear-navigator-500-ip66-mil-std-810-4-gb-ram-64-gb-854x480px-2600-mah-baterie-android-11-kopie","status":"publish","type":"product","link":"https:\/\/alegerglobal.com\/cs\/shop-cs\/chytre-bryle\/realwear-navigator-500-ip66-mil-std-810-4-gb-ram-64-gb-854x480px-2600-mah-baterie-android-11-kopie\/","title":{"rendered":"RealWear Arc 3 &#8211; Datov\u00e9 br\u00fdle pro pr\u016fmysl a v\u00fdrobu a vzd\u00e1len\u00e1 odborn\u00e1 podpora s MS Teams"},"content":{"rendered":"","protected":false},"excerpt":{"rendered":"<h3 data-start=\"794\" data-end=\"869\">RealWear Arc 3 &#8211; Inteligentn\u00ed br\u00fdle roz\u0161\u00ed\u0159en\u00e9 reality pro pr\u00e1ci v s\u00edti v pr\u016fmyslu<\/h3>\n<p data-start=\"871\" data-end=\"1071\"><strong data-start=\"875\" data-end=\"893\">RealWear Arc 3<\/strong> je nejnov\u011bj\u0161\u00ed generace chytr\u00fdch datov\u00fdch br\u00fdl\u00ed vyvinut\u00fdch pro pr\u016fmyslov\u00e9 aplikace, kde je d\u016fle\u017eit\u00e1 bezpe\u010dnost, produktivita a digit\u00e1ln\u00ed spolupr\u00e1ce.<\/p>\n<p data-start=\"1073\" data-end=\"1440\">D\u00edky <strong data-start=\"1083\" data-end=\"1120\">pr\u016fhledn\u00e9mu displeji micro OLED<\/strong>, <strong data-start=\"1126\" data-end=\"1143\">hmotnosti<\/strong> pouh\u00fdch <strong data-start=\"1126\" data-end=\"1143\">175 g<\/strong> a v\u00fdkonn\u00e9mu <strong data-start=\"1171\" data-end=\"1207\">du\u00e1ln\u00edmu syst\u00e9mu fotoapar\u00e1t\u016f (48 MP + 8 MP)<\/strong> kombinuje Arc 3 nejvy\u0161\u0161\u00ed kvalitu obrazu s maxim\u00e1ln\u00edm komfortem p\u0159i no\u0161en\u00ed. D\u00edky hlasov\u00e9mu ovl\u00e1d\u00e1n\u00ed, robustn\u00ed konstrukci a inteligentn\u00ed integraci do st\u00e1vaj\u00edc\u00edch softwarov\u00fdch \u0159e\u0161en\u00ed je dokonal\u00fdm n\u00e1strojem pro aplikace Pr\u016fmyslu 4.0.<\/p>\n<p data-start=\"1442\" data-end=\"1821\">Arc 3 je obzvl\u00e1\u0161t\u011b siln\u00fd ve <strong data-start=\"1475\" data-end=\"1510\">sc\u00e9n\u00e1\u0159\u00edch vzd\u00e1len\u00e9 odborn\u00e9 podpory<\/strong>:<br data-start=\"1511\" data-end=\"1514\" \/>Je pln\u011b <strong data-start=\"1534\" data-end=\"1633\">kompatibiln\u00ed se slu\u017ebami Microsoft Teams, Zoom, Webex, Intoware WorkfloPlus a dal\u0161\u00edmi \u0159e\u0161en\u00edmi pracovn\u00edho postupu<\/strong>. D\u00edky tomu mohou odborn\u00edci \u017eiv\u011b spolupracovat s experty, sledovat videon\u00e1vody nebo prov\u00e1d\u011bt digit\u00e1ln\u00ed pracovn\u00ed postupy krok za krokem &#8211; zcela bez pou\u017eit\u00ed rukou a s voln\u00fdm zorn\u00fdm polem.<\/p>\n<p data-start=\"1823\" data-end=\"1997\">D\u00edky t\u00e9to kombinaci vizualizace, komunikace a dokumentace AR je Arc 3 ide\u00e1ln\u00edm partnerem pro \u00fadr\u017ebu, kontrolu, \u0161kolen\u00ed a \u0159\u00edzen\u00ed kvality.<\/p>\n","protected":false},"featured_media":51375,"comment_status":"open","ping_status":"closed","template":"","meta":{"_acf_changed":false},"product_brand":[],"product_cat":[1515,1516],"product_tag":[],"class_list":{"0":"post-51339","1":"product","2":"type-product","3":"status-publish","4":"has-post-thumbnail","6":"product_cat-chytre-bryle","7":"product_cat-shop-cs","8":"pa_hersteller-realwear-cs","10":"first","11":"instock","12":"taxable","13":"shipping-taxable","14":"purchasable","15":"product-type-simple"},"acf":[],"yoast_head":"<!-- This site is optimized with the Yoast SEO Premium plugin v20.10 (Yoast SEO v24.3) - https:\/\/yoast.com\/wordpress\/plugins\/seo\/ -->\n<title>RealWear Arc 3 - ultralehk\u00e9 chytr\u00e9 br\u00fdle AR s MS Teams<\/title>\n<meta name=\"description\" content=\"RealWear Arc 3: pr\u016fhledn\u00fd mikro OLED displej, du\u00e1ln\u00ed kamera 48 M, hmotnost 175 g, ide\u00e1ln\u00ed pro \u00fadr\u017ebu, v\u00fdrobu, digit\u00e1ln\u00ed pracovn\u00ed procesy s MS Teams\" \/>\n<meta name=\"robots\" content=\"index, follow, max-snippet:-1, max-image-preview:large, max-video-preview:-1\" \/>\n<meta property=\"og:locale\" content=\"cs_CZ\" \/>\n<meta property=\"og:type\" content=\"article\" \/>\n<meta property=\"og:title\" content=\"RealWear Arc 3 - Datov\u00e9 br\u00fdle pro pr\u016fmysl a v\u00fdrobu a vzd\u00e1len\u00e1 odborn\u00e1 podpora s MS Teams\" \/>\n<meta property=\"og:description\" content=\"RealWear Arc 3: pr\u016fhledn\u00fd mikro OLED displej, du\u00e1ln\u00ed kamera 48 M, hmotnost 175 g, ide\u00e1ln\u00ed pro \u00fadr\u017ebu, v\u00fdrobu, digit\u00e1ln\u00ed pracovn\u00ed procesy s MS Teams\" \/>\n<meta property=\"og:url\" content=\"https:\/\/alegerglobal.com\/cs\/shop-cs\/chytre-bryle\/realwear-navigator-500-ip66-mil-std-810-4-gb-ram-64-gb-854x480px-2600-mah-baterie-android-11-kopie\/\" \/>\n<meta property=\"og:site_name\" content=\"ALEGER \u22c6 Augmented Reality\" \/>\n<meta property=\"article:modified_time\" content=\"2026-03-06T13:10:02+00:00\" \/>\n<meta property=\"og:image\" content=\"https:\/\/alegerglobal.com\/wp-content\/uploads\/2025\/10\/realwear-arc-3.png\" \/>\n\t<meta property=\"og:image:width\" content=\"800\" \/>\n\t<meta property=\"og:image:height\" content=\"800\" \/>\n\t<meta property=\"og:image:type\" content=\"image\/png\" \/>\n<meta name=\"twitter:card\" content=\"summary_large_image\" \/>\n<meta name=\"twitter:label1\" content=\"Cena\" \/>\n\t<meta name=\"twitter:data1\" content=\"&euro;2.233,31\" \/>\n\t<meta name=\"twitter:label2\" content=\"Dostupnost\" \/>\n\t<meta name=\"twitter:data2\" content=\"Skladem\" \/>\n<script type=\"application\/ld+json\" class=\"yoast-schema-graph\">{\"@context\":\"https:\/\/schema.org\",\"@graph\":[{\"@type\":\"WebPage\",\"@id\":\"https:\/\/alegerglobal.com\/cs\/shop-cs\/chytre-bryle\/realwear-navigator-500-ip66-mil-std-810-4-gb-ram-64-gb-854x480px-2600-mah-baterie-android-11-kopie\/\",\"url\":\"https:\/\/alegerglobal.com\/cs\/shop-cs\/chytre-bryle\/realwear-navigator-500-ip66-mil-std-810-4-gb-ram-64-gb-854x480px-2600-mah-baterie-android-11-kopie\/\",\"name\":\"RealWear Arc 3 - ultralehk\u00e9 chytr\u00e9 br\u00fdle AR s MS Teams\",\"isPartOf\":{\"@id\":\"https:\/\/alegerglobal.com\/cs\/#website\"},\"primaryImageOfPage\":{\"@id\":\"https:\/\/alegerglobal.com\/cs\/shop-cs\/chytre-bryle\/realwear-navigator-500-ip66-mil-std-810-4-gb-ram-64-gb-854x480px-2600-mah-baterie-android-11-kopie\/#primaryimage\"},\"image\":{\"@id\":\"https:\/\/alegerglobal.com\/cs\/shop-cs\/chytre-bryle\/realwear-navigator-500-ip66-mil-std-810-4-gb-ram-64-gb-854x480px-2600-mah-baterie-android-11-kopie\/#primaryimage\"},\"thumbnailUrl\":\"https:\/\/alegerglobal.com\/wp-content\/uploads\/2025\/10\/realwear-arc-3.png\",\"datePublished\":\"2025-10-31T10:01:09+00:00\",\"dateModified\":\"2026-03-06T13:10:02+00:00\",\"description\":\"RealWear Arc 3: pr\u016fhledn\u00fd mikro OLED displej, du\u00e1ln\u00ed kamera 48 M, hmotnost 175 g, ide\u00e1ln\u00ed pro \u00fadr\u017ebu, v\u00fdrobu, digit\u00e1ln\u00ed pracovn\u00ed procesy s MS Teams\",\"breadcrumb\":{\"@id\":\"https:\/\/alegerglobal.com\/cs\/shop-cs\/chytre-bryle\/realwear-navigator-500-ip66-mil-std-810-4-gb-ram-64-gb-854x480px-2600-mah-baterie-android-11-kopie\/#breadcrumb\"},\"inLanguage\":\"cs\",\"potentialAction\":[{\"@type\":\"ReadAction\",\"target\":[\"https:\/\/alegerglobal.com\/cs\/shop-cs\/chytre-bryle\/realwear-navigator-500-ip66-mil-std-810-4-gb-ram-64-gb-854x480px-2600-mah-baterie-android-11-kopie\/\"]}]},{\"@type\":\"ImageObject\",\"inLanguage\":\"cs\",\"@id\":\"https:\/\/alegerglobal.com\/cs\/shop-cs\/chytre-bryle\/realwear-navigator-500-ip66-mil-std-810-4-gb-ram-64-gb-854x480px-2600-mah-baterie-android-11-kopie\/#primaryimage\",\"url\":\"https:\/\/alegerglobal.com\/wp-content\/uploads\/2025\/10\/realwear-arc-3.png\",\"contentUrl\":\"https:\/\/alegerglobal.com\/wp-content\/uploads\/2025\/10\/realwear-arc-3.png\",\"width\":800,\"height\":800},{\"@type\":\"BreadcrumbList\",\"@id\":\"https:\/\/alegerglobal.com\/cs\/shop-cs\/chytre-bryle\/realwear-navigator-500-ip66-mil-std-810-4-gb-ram-64-gb-854x480px-2600-mah-baterie-android-11-kopie\/#breadcrumb\",\"itemListElement\":[{\"@type\":\"ListItem\",\"position\":1,\"name\":\"Home\",\"item\":\"https:\/\/alegerglobal.com\/cs\/novinka-domovska-stranka\/\"},{\"@type\":\"ListItem\",\"position\":2,\"name\":\"Produkty\",\"item\":\"https:\/\/alegerglobal.com\/cs\/produkty\/\"},{\"@type\":\"ListItem\",\"position\":3,\"name\":\"RealWear Arc 3 &#8211; Datov\u00e9 br\u00fdle pro pr\u016fmysl a v\u00fdrobu a vzd\u00e1len\u00e1 odborn\u00e1 podpora s MS Teams\"}]},{\"@type\":\"WebSite\",\"@id\":\"https:\/\/alegerglobal.com\/cs\/#website\",\"url\":\"https:\/\/alegerglobal.com\/cs\/\",\"name\":\"ALEGER \u22c6 Augmented Reality\",\"description\":\"Die besten Augmented Reality (AR) L\u00f6sungen der Welt.\",\"publisher\":{\"@id\":\"https:\/\/alegerglobal.com\/cs\/#organization\"},\"potentialAction\":[{\"@type\":\"SearchAction\",\"target\":{\"@type\":\"EntryPoint\",\"urlTemplate\":\"https:\/\/alegerglobal.com\/cs\/?s={search_term_string}\"},\"query-input\":{\"@type\":\"PropertyValueSpecification\",\"valueRequired\":true,\"valueName\":\"search_term_string\"}}],\"inLanguage\":\"cs\"},{\"@type\":\"Organization\",\"@id\":\"https:\/\/alegerglobal.com\/cs\/#organization\",\"name\":\"ALEGER \u22c6 Augmented Reality\",\"url\":\"https:\/\/alegerglobal.com\/cs\/\",\"logo\":{\"@type\":\"ImageObject\",\"inLanguage\":\"cs\",\"@id\":\"https:\/\/alegerglobal.com\/cs\/#\/schema\/logo\/image\/\",\"url\":\"https:\/\/alegerglobal.com\/wp-content\/uploads\/2020\/12\/aleger-logo-quadrat.jpg\",\"contentUrl\":\"https:\/\/alegerglobal.com\/wp-content\/uploads\/2020\/12\/aleger-logo-quadrat.jpg\",\"width\":200,\"height\":176,\"caption\":\"ALEGER \u22c6 Augmented Reality\"},\"image\":{\"@id\":\"https:\/\/alegerglobal.com\/cs\/#\/schema\/logo\/image\/\"}}]}<\/script>\n<meta property=\"product:brand\" content=\"RealWear\" \/>\n<meta property=\"product:price:amount\" content=\"2233.31\" \/>\n<meta property=\"product:price:currency\" content=\"EUR\" \/>\n<meta property=\"og:availability\" content=\"instock\" \/>\n<meta property=\"product:availability\" content=\"instock\" \/>\n<meta property=\"product:condition\" content=\"new\" \/>\n<!-- \/ Yoast SEO Premium plugin. -->","yoast_head_json":{"title":"RealWear Arc 3 - ultralehk\u00e9 chytr\u00e9 br\u00fdle AR s MS Teams","description":"RealWear Arc 3: pr\u016fhledn\u00fd mikro OLED displej, du\u00e1ln\u00ed kamera 48 M, hmotnost 175 g, ide\u00e1ln\u00ed pro \u00fadr\u017ebu, v\u00fdrobu, digit\u00e1ln\u00ed pracovn\u00ed procesy s MS Teams","robots":{"index":"index","follow":"follow","max-snippet":"max-snippet:-1","max-image-preview":"max-image-preview:large","max-video-preview":"max-video-preview:-1"},"og_locale":"cs_CZ","og_type":"article","og_title":"RealWear Arc 3 - Datov\u00e9 br\u00fdle pro pr\u016fmysl a v\u00fdrobu a vzd\u00e1len\u00e1 odborn\u00e1 podpora s MS Teams","og_description":"RealWear Arc 3: pr\u016fhledn\u00fd mikro OLED displej, du\u00e1ln\u00ed kamera 48 M, hmotnost 175 g, ide\u00e1ln\u00ed pro \u00fadr\u017ebu, v\u00fdrobu, digit\u00e1ln\u00ed pracovn\u00ed procesy s MS Teams","og_url":"https:\/\/alegerglobal.com\/cs\/shop-cs\/chytre-bryle\/realwear-navigator-500-ip66-mil-std-810-4-gb-ram-64-gb-854x480px-2600-mah-baterie-android-11-kopie\/","og_site_name":"ALEGER \u22c6 Augmented Reality","article_modified_time":"2026-03-06T13:10:02+00:00","og_image":[{"width":800,"height":800,"url":"https:\/\/alegerglobal.com\/wp-content\/uploads\/2025\/10\/realwear-arc-3.png","type":"image\/png"}],"twitter_card":"summary_large_image","twitter_misc":{"Cena":"&euro;2.233,31","Dostupnost":"Skladem"},"schema":{"@context":"https:\/\/schema.org","@graph":[{"@type":"WebPage","@id":"https:\/\/alegerglobal.com\/cs\/shop-cs\/chytre-bryle\/realwear-navigator-500-ip66-mil-std-810-4-gb-ram-64-gb-854x480px-2600-mah-baterie-android-11-kopie\/","url":"https:\/\/alegerglobal.com\/cs\/shop-cs\/chytre-bryle\/realwear-navigator-500-ip66-mil-std-810-4-gb-ram-64-gb-854x480px-2600-mah-baterie-android-11-kopie\/","name":"RealWear Arc 3 - ultralehk\u00e9 chytr\u00e9 br\u00fdle AR s MS Teams","isPartOf":{"@id":"https:\/\/alegerglobal.com\/cs\/#website"},"primaryImageOfPage":{"@id":"https:\/\/alegerglobal.com\/cs\/shop-cs\/chytre-bryle\/realwear-navigator-500-ip66-mil-std-810-4-gb-ram-64-gb-854x480px-2600-mah-baterie-android-11-kopie\/#primaryimage"},"image":{"@id":"https:\/\/alegerglobal.com\/cs\/shop-cs\/chytre-bryle\/realwear-navigator-500-ip66-mil-std-810-4-gb-ram-64-gb-854x480px-2600-mah-baterie-android-11-kopie\/#primaryimage"},"thumbnailUrl":"https:\/\/alegerglobal.com\/wp-content\/uploads\/2025\/10\/realwear-arc-3.png","datePublished":"2025-10-31T10:01:09+00:00","dateModified":"2026-03-06T13:10:02+00:00","description":"RealWear Arc 3: pr\u016fhledn\u00fd mikro OLED displej, du\u00e1ln\u00ed kamera 48 M, hmotnost 175 g, ide\u00e1ln\u00ed pro \u00fadr\u017ebu, v\u00fdrobu, digit\u00e1ln\u00ed pracovn\u00ed procesy s MS Teams","breadcrumb":{"@id":"https:\/\/alegerglobal.com\/cs\/shop-cs\/chytre-bryle\/realwear-navigator-500-ip66-mil-std-810-4-gb-ram-64-gb-854x480px-2600-mah-baterie-android-11-kopie\/#breadcrumb"},"inLanguage":"cs","potentialAction":[{"@type":"ReadAction","target":["https:\/\/alegerglobal.com\/cs\/shop-cs\/chytre-bryle\/realwear-navigator-500-ip66-mil-std-810-4-gb-ram-64-gb-854x480px-2600-mah-baterie-android-11-kopie\/"]}]},{"@type":"ImageObject","inLanguage":"cs","@id":"https:\/\/alegerglobal.com\/cs\/shop-cs\/chytre-bryle\/realwear-navigator-500-ip66-mil-std-810-4-gb-ram-64-gb-854x480px-2600-mah-baterie-android-11-kopie\/#primaryimage","url":"https:\/\/alegerglobal.com\/wp-content\/uploads\/2025\/10\/realwear-arc-3.png","contentUrl":"https:\/\/alegerglobal.com\/wp-content\/uploads\/2025\/10\/realwear-arc-3.png","width":800,"height":800},{"@type":"BreadcrumbList","@id":"https:\/\/alegerglobal.com\/cs\/shop-cs\/chytre-bryle\/realwear-navigator-500-ip66-mil-std-810-4-gb-ram-64-gb-854x480px-2600-mah-baterie-android-11-kopie\/#breadcrumb","itemListElement":[{"@type":"ListItem","position":1,"name":"Home","item":"https:\/\/alegerglobal.com\/cs\/novinka-domovska-stranka\/"},{"@type":"ListItem","position":2,"name":"Produkty","item":"https:\/\/alegerglobal.com\/cs\/produkty\/"},{"@type":"ListItem","position":3,"name":"RealWear Arc 3 &#8211; Datov\u00e9 br\u00fdle pro pr\u016fmysl a v\u00fdrobu a vzd\u00e1len\u00e1 odborn\u00e1 podpora s MS Teams"}]},{"@type":"WebSite","@id":"https:\/\/alegerglobal.com\/cs\/#website","url":"https:\/\/alegerglobal.com\/cs\/","name":"ALEGER \u22c6 Augmented Reality","description":"Die besten Augmented Reality (AR) L\u00f6sungen der Welt.","publisher":{"@id":"https:\/\/alegerglobal.com\/cs\/#organization"},"potentialAction":[{"@type":"SearchAction","target":{"@type":"EntryPoint","urlTemplate":"https:\/\/alegerglobal.com\/cs\/?s={search_term_string}"},"query-input":{"@type":"PropertyValueSpecification","valueRequired":true,"valueName":"search_term_string"}}],"inLanguage":"cs"},{"@type":"Organization","@id":"https:\/\/alegerglobal.com\/cs\/#organization","name":"ALEGER \u22c6 Augmented Reality","url":"https:\/\/alegerglobal.com\/cs\/","logo":{"@type":"ImageObject","inLanguage":"cs","@id":"https:\/\/alegerglobal.com\/cs\/#\/schema\/logo\/image\/","url":"https:\/\/alegerglobal.com\/wp-content\/uploads\/2020\/12\/aleger-logo-quadrat.jpg","contentUrl":"https:\/\/alegerglobal.com\/wp-content\/uploads\/2020\/12\/aleger-logo-quadrat.jpg","width":200,"height":176,"caption":"ALEGER \u22c6 Augmented Reality"},"image":{"@id":"https:\/\/alegerglobal.com\/cs\/#\/schema\/logo\/image\/"}}]},"product_brand":"RealWear","product_price_amount":"2233.31","product_price_currency":"EUR","og_availability":"instock","product_availability":"instock","product_condition":"new"},"_links":{"self":[{"href":"https:\/\/alegerglobal.com\/cs\/wp-json\/wp\/v2\/product\/51339","targetHints":{"allow":["GET"]}}],"collection":[{"href":"https:\/\/alegerglobal.com\/cs\/wp-json\/wp\/v2\/product"}],"about":[{"href":"https:\/\/alegerglobal.com\/cs\/wp-json\/wp\/v2\/types\/product"}],"replies":[{"embeddable":true,"href":"https:\/\/alegerglobal.com\/cs\/wp-json\/wp\/v2\/comments?post=51339"}],"version-history":[{"count":3,"href":"https:\/\/alegerglobal.com\/cs\/wp-json\/wp\/v2\/product\/51339\/revisions"}],"predecessor-version":[{"id":53296,"href":"https:\/\/alegerglobal.com\/cs\/wp-json\/wp\/v2\/product\/51339\/revisions\/53296"}],"wp:featuredmedia":[{"embeddable":true,"href":"https:\/\/alegerglobal.com\/cs\/wp-json\/wp\/v2\/media\/51375"}],"wp:attachment":[{"href":"https:\/\/alegerglobal.com\/cs\/wp-json\/wp\/v2\/media?parent=51339"}],"wp:term":[{"taxonomy":"product_brand","embeddable":true,"href":"https:\/\/alegerglobal.com\/cs\/wp-json\/wp\/v2\/product_brand?post=51339"},{"taxonomy":"product_cat","embeddable":true,"href":"https:\/\/alegerglobal.com\/cs\/wp-json\/wp\/v2\/product_cat?post=51339"},{"taxonomy":"product_tag","embeddable":true,"href":"https:\/\/alegerglobal.com\/cs\/wp-json\/wp\/v2\/product_tag?post=51339"}],"curies":[{"name":"wp","href":"https:\/\/api.w.org\/{rel}","templated":true}]}}