{"id":50023,"date":"2025-10-06T11:50:01","date_gmt":"2025-10-06T10:50:02","guid":{"rendered":"https:\/\/alegerglobal.com\/?post_type=product&#038;p=50023"},"modified":"2026-03-19T19:01:30","modified_gmt":"2026-03-19T18:01:30","slug":"realwear-navigator-520-vysoce-kvalitni-datove-bryle-realwear-pro-profesionaly-kopie-2","status":"publish","type":"product","link":"https:\/\/alegerglobal.com\/cs\/shop-cs\/chytre-bryle\/realwear-navigator-520-vysoce-kvalitni-datove-bryle-realwear-pro-profesionaly-kopie-2\/","title":{"rendered":"DigiLens ARGO &#8211; nov\u00e1 generace chytr\u00fdch br\u00fdl\u00ed AR pro pr\u016fmysl a podniky"},"content":{"rendered":"","protected":false},"excerpt":{"rendered":"<p data-start=\"823\" data-end=\"1310\"><strong data-start=\"827\" data-end=\"844\">DigiLens ARGO<\/strong> uv\u00e1d\u00ed na trh samostatn\u00e9 chytr\u00e9 sklo pro roz\u0161\u00ed\u0159enou realitu, kter\u00e9 je speci\u00e1ln\u011b navr\u017eeno pro pr\u016fmyslov\u00e9 a podnikov\u00e9 aplikace. ARGO kombinuje nejmodern\u011bj\u0161\u00ed vlnovodovou optiku (Crystal Waveguides), robustn\u00ed pr\u016fmyslovou konstrukci a pokro\u010dil\u00e9 funkce kamery, sledov\u00e1n\u00ed a um\u011bl\u00e9 inteligence. D\u00edky tomu je ide\u00e1ln\u00ed pro \u00fadr\u017ebu, kontroly, vzd\u00e1lenou podporu, \u0161kolen\u00ed a aplikace souvisej\u00edc\u00ed s v\u00fdrobou.<\/p>\n","protected":false},"featured_media":50062,"comment_status":"open","ping_status":"closed","template":"","meta":{"_acf_changed":false},"product_brand":[],"product_cat":[1515,1516],"product_tag":[],"class_list":{"0":"post-50023","1":"product","2":"type-product","3":"status-publish","4":"has-post-thumbnail","6":"product_cat-chytre-bryle","7":"product_cat-shop-cs","8":"pa_hersteller-realwear-cs","10":"first","11":"instock","12":"taxable","13":"shipping-taxable","14":"product-type-simple"},"acf":[],"yoast_head":"<!-- This site is optimized with the Yoast SEO Premium plugin v20.10 (Yoast SEO v24.3) - https:\/\/yoast.com\/wordpress\/plugins\/seo\/ -->\n<title>DigiLens ARGO - chytr\u00e9 br\u00fdle s technologi\u00ed Waveguide<\/title>\n<meta name=\"description\" content=\"Chytr\u00e9 br\u00fdle DigiLens AR: jas &gt;3 000 nit\u016f, Snapdragon XR2, sledov\u00e1n\u00ed 6DoF, odoln\u00e9 (IP65, MIL-STD) - pro pr\u016fmysl, vzd\u00e1lenou podporu a pracovn\u00ed postupy AR.\" \/>\n<meta name=\"robots\" content=\"index, follow, max-snippet:-1, max-image-preview:large, max-video-preview:-1\" \/>\n<meta property=\"og:locale\" content=\"cs_CZ\" \/>\n<meta property=\"og:type\" content=\"article\" \/>\n<meta property=\"og:title\" content=\"DigiLens ARGO - nov\u00e1 generace chytr\u00fdch br\u00fdl\u00ed AR pro pr\u016fmysl a podniky\" \/>\n<meta property=\"og:description\" content=\"Chytr\u00e9 br\u00fdle DigiLens AR: jas &gt;3 000 nit\u016f, Snapdragon XR2, sledov\u00e1n\u00ed 6DoF, odoln\u00e9 (IP65, MIL-STD) - pro pr\u016fmysl, vzd\u00e1lenou podporu a pracovn\u00ed postupy AR.\" \/>\n<meta property=\"og:url\" content=\"https:\/\/alegerglobal.com\/cs\/shop-cs\/chytre-bryle\/realwear-navigator-520-vysoce-kvalitni-datove-bryle-realwear-pro-profesionaly-kopie-2\/\" \/>\n<meta property=\"og:site_name\" content=\"ALEGER \u22c6 Augmented Reality\" \/>\n<meta property=\"article:modified_time\" content=\"2026-03-19T18:01:30+00:00\" \/>\n<meta property=\"og:image\" content=\"https:\/\/alegerglobal.com\/wp-content\/uploads\/2025\/10\/digilens-ar-brille.png\" \/>\n\t<meta property=\"og:image:width\" content=\"800\" \/>\n\t<meta property=\"og:image:height\" content=\"800\" \/>\n\t<meta property=\"og:image:type\" content=\"image\/png\" \/>\n<meta name=\"twitter:card\" content=\"summary_large_image\" \/>\n<meta name=\"twitter:label1\" content=\"Cena\" \/>\n\t<meta name=\"twitter:data1\" content=\"\" \/>\n\t<meta name=\"twitter:label2\" content=\"Dostupnost\" \/>\n\t<meta name=\"twitter:data2\" content=\"Skladem\" \/>\n<script type=\"application\/ld+json\" class=\"yoast-schema-graph\">{\"@context\":\"https:\/\/schema.org\",\"@graph\":[{\"@type\":\"WebPage\",\"@id\":\"https:\/\/alegerglobal.com\/cs\/shop-cs\/chytre-bryle\/realwear-navigator-520-vysoce-kvalitni-datove-bryle-realwear-pro-profesionaly-kopie-2\/\",\"url\":\"https:\/\/alegerglobal.com\/cs\/shop-cs\/chytre-bryle\/realwear-navigator-520-vysoce-kvalitni-datove-bryle-realwear-pro-profesionaly-kopie-2\/\",\"name\":\"DigiLens ARGO - chytr\u00e9 br\u00fdle s technologi\u00ed Waveguide\",\"isPartOf\":{\"@id\":\"https:\/\/alegerglobal.com\/cs\/#website\"},\"primaryImageOfPage\":{\"@id\":\"https:\/\/alegerglobal.com\/cs\/shop-cs\/chytre-bryle\/realwear-navigator-520-vysoce-kvalitni-datove-bryle-realwear-pro-profesionaly-kopie-2\/#primaryimage\"},\"image\":{\"@id\":\"https:\/\/alegerglobal.com\/cs\/shop-cs\/chytre-bryle\/realwear-navigator-520-vysoce-kvalitni-datove-bryle-realwear-pro-profesionaly-kopie-2\/#primaryimage\"},\"thumbnailUrl\":\"https:\/\/alegerglobal.com\/wp-content\/uploads\/2025\/10\/digilens-ar-brille.png\",\"datePublished\":\"2025-10-06T10:50:02+00:00\",\"dateModified\":\"2026-03-19T18:01:30+00:00\",\"description\":\"Chytr\u00e9 br\u00fdle DigiLens AR: jas >3 000 nit\u016f, Snapdragon XR2, sledov\u00e1n\u00ed 6DoF, odoln\u00e9 (IP65, MIL-STD) - pro pr\u016fmysl, vzd\u00e1lenou podporu a pracovn\u00ed postupy AR.\",\"breadcrumb\":{\"@id\":\"https:\/\/alegerglobal.com\/cs\/shop-cs\/chytre-bryle\/realwear-navigator-520-vysoce-kvalitni-datove-bryle-realwear-pro-profesionaly-kopie-2\/#breadcrumb\"},\"inLanguage\":\"cs\",\"potentialAction\":[{\"@type\":\"ReadAction\",\"target\":[\"https:\/\/alegerglobal.com\/cs\/shop-cs\/chytre-bryle\/realwear-navigator-520-vysoce-kvalitni-datove-bryle-realwear-pro-profesionaly-kopie-2\/\"]}]},{\"@type\":\"ImageObject\",\"inLanguage\":\"cs\",\"@id\":\"https:\/\/alegerglobal.com\/cs\/shop-cs\/chytre-bryle\/realwear-navigator-520-vysoce-kvalitni-datove-bryle-realwear-pro-profesionaly-kopie-2\/#primaryimage\",\"url\":\"https:\/\/alegerglobal.com\/wp-content\/uploads\/2025\/10\/digilens-ar-brille.png\",\"contentUrl\":\"https:\/\/alegerglobal.com\/wp-content\/uploads\/2025\/10\/digilens-ar-brille.png\",\"width\":800,\"height\":800},{\"@type\":\"BreadcrumbList\",\"@id\":\"https:\/\/alegerglobal.com\/cs\/shop-cs\/chytre-bryle\/realwear-navigator-520-vysoce-kvalitni-datove-bryle-realwear-pro-profesionaly-kopie-2\/#breadcrumb\",\"itemListElement\":[{\"@type\":\"ListItem\",\"position\":1,\"name\":\"Home\",\"item\":\"https:\/\/alegerglobal.com\/cs\/novinka-domovska-stranka\/\"},{\"@type\":\"ListItem\",\"position\":2,\"name\":\"Produkty\",\"item\":\"https:\/\/alegerglobal.com\/cs\/produkty\/\"},{\"@type\":\"ListItem\",\"position\":3,\"name\":\"DigiLens ARGO &#8211; nov\u00e1 generace chytr\u00fdch br\u00fdl\u00ed AR pro pr\u016fmysl a podniky\"}]},{\"@type\":\"WebSite\",\"@id\":\"https:\/\/alegerglobal.com\/cs\/#website\",\"url\":\"https:\/\/alegerglobal.com\/cs\/\",\"name\":\"ALEGER \u22c6 Augmented Reality\",\"description\":\"Die besten Augmented Reality (AR) L\u00f6sungen der Welt.\",\"publisher\":{\"@id\":\"https:\/\/alegerglobal.com\/cs\/#organization\"},\"potentialAction\":[{\"@type\":\"SearchAction\",\"target\":{\"@type\":\"EntryPoint\",\"urlTemplate\":\"https:\/\/alegerglobal.com\/cs\/?s={search_term_string}\"},\"query-input\":{\"@type\":\"PropertyValueSpecification\",\"valueRequired\":true,\"valueName\":\"search_term_string\"}}],\"inLanguage\":\"cs\"},{\"@type\":\"Organization\",\"@id\":\"https:\/\/alegerglobal.com\/cs\/#organization\",\"name\":\"ALEGER \u22c6 Augmented Reality\",\"url\":\"https:\/\/alegerglobal.com\/cs\/\",\"logo\":{\"@type\":\"ImageObject\",\"inLanguage\":\"cs\",\"@id\":\"https:\/\/alegerglobal.com\/cs\/#\/schema\/logo\/image\/\",\"url\":\"https:\/\/alegerglobal.com\/wp-content\/uploads\/2020\/12\/aleger-logo-quadrat.jpg\",\"contentUrl\":\"https:\/\/alegerglobal.com\/wp-content\/uploads\/2020\/12\/aleger-logo-quadrat.jpg\",\"width\":200,\"height\":176,\"caption\":\"ALEGER \u22c6 Augmented Reality\"},\"image\":{\"@id\":\"https:\/\/alegerglobal.com\/cs\/#\/schema\/logo\/image\/\"}}]}<\/script>\n<meta property=\"product:brand\" content=\"RealWear\" \/>\n<meta property=\"product:price:amount\" content=\"0.00\" \/>\n<meta property=\"product:price:currency\" content=\"EUR\" \/>\n<meta property=\"og:availability\" content=\"instock\" \/>\n<meta property=\"product:availability\" content=\"instock\" \/>\n<meta property=\"product:condition\" content=\"new\" \/>\n<!-- \/ Yoast SEO Premium plugin. -->","yoast_head_json":{"title":"DigiLens ARGO - chytr\u00e9 br\u00fdle s technologi\u00ed Waveguide","description":"Chytr\u00e9 br\u00fdle DigiLens AR: jas >3 000 nit\u016f, Snapdragon XR2, sledov\u00e1n\u00ed 6DoF, odoln\u00e9 (IP65, MIL-STD) - pro pr\u016fmysl, vzd\u00e1lenou podporu a pracovn\u00ed postupy AR.","robots":{"index":"index","follow":"follow","max-snippet":"max-snippet:-1","max-image-preview":"max-image-preview:large","max-video-preview":"max-video-preview:-1"},"og_locale":"cs_CZ","og_type":"article","og_title":"DigiLens ARGO - nov\u00e1 generace chytr\u00fdch br\u00fdl\u00ed AR pro pr\u016fmysl a podniky","og_description":"Chytr\u00e9 br\u00fdle DigiLens AR: jas >3 000 nit\u016f, Snapdragon XR2, sledov\u00e1n\u00ed 6DoF, odoln\u00e9 (IP65, MIL-STD) - pro pr\u016fmysl, vzd\u00e1lenou podporu a pracovn\u00ed postupy AR.","og_url":"https:\/\/alegerglobal.com\/cs\/shop-cs\/chytre-bryle\/realwear-navigator-520-vysoce-kvalitni-datove-bryle-realwear-pro-profesionaly-kopie-2\/","og_site_name":"ALEGER \u22c6 Augmented Reality","article_modified_time":"2026-03-19T18:01:30+00:00","og_image":[{"width":800,"height":800,"url":"https:\/\/alegerglobal.com\/wp-content\/uploads\/2025\/10\/digilens-ar-brille.png","type":"image\/png"}],"twitter_card":"summary_large_image","twitter_misc":{"Cena":"","Dostupnost":"Skladem"},"schema":{"@context":"https:\/\/schema.org","@graph":[{"@type":"WebPage","@id":"https:\/\/alegerglobal.com\/cs\/shop-cs\/chytre-bryle\/realwear-navigator-520-vysoce-kvalitni-datove-bryle-realwear-pro-profesionaly-kopie-2\/","url":"https:\/\/alegerglobal.com\/cs\/shop-cs\/chytre-bryle\/realwear-navigator-520-vysoce-kvalitni-datove-bryle-realwear-pro-profesionaly-kopie-2\/","name":"DigiLens ARGO - chytr\u00e9 br\u00fdle s technologi\u00ed Waveguide","isPartOf":{"@id":"https:\/\/alegerglobal.com\/cs\/#website"},"primaryImageOfPage":{"@id":"https:\/\/alegerglobal.com\/cs\/shop-cs\/chytre-bryle\/realwear-navigator-520-vysoce-kvalitni-datove-bryle-realwear-pro-profesionaly-kopie-2\/#primaryimage"},"image":{"@id":"https:\/\/alegerglobal.com\/cs\/shop-cs\/chytre-bryle\/realwear-navigator-520-vysoce-kvalitni-datove-bryle-realwear-pro-profesionaly-kopie-2\/#primaryimage"},"thumbnailUrl":"https:\/\/alegerglobal.com\/wp-content\/uploads\/2025\/10\/digilens-ar-brille.png","datePublished":"2025-10-06T10:50:02+00:00","dateModified":"2026-03-19T18:01:30+00:00","description":"Chytr\u00e9 br\u00fdle DigiLens AR: jas >3 000 nit\u016f, Snapdragon XR2, sledov\u00e1n\u00ed 6DoF, odoln\u00e9 (IP65, MIL-STD) - pro pr\u016fmysl, vzd\u00e1lenou podporu a pracovn\u00ed postupy AR.","breadcrumb":{"@id":"https:\/\/alegerglobal.com\/cs\/shop-cs\/chytre-bryle\/realwear-navigator-520-vysoce-kvalitni-datove-bryle-realwear-pro-profesionaly-kopie-2\/#breadcrumb"},"inLanguage":"cs","potentialAction":[{"@type":"ReadAction","target":["https:\/\/alegerglobal.com\/cs\/shop-cs\/chytre-bryle\/realwear-navigator-520-vysoce-kvalitni-datove-bryle-realwear-pro-profesionaly-kopie-2\/"]}]},{"@type":"ImageObject","inLanguage":"cs","@id":"https:\/\/alegerglobal.com\/cs\/shop-cs\/chytre-bryle\/realwear-navigator-520-vysoce-kvalitni-datove-bryle-realwear-pro-profesionaly-kopie-2\/#primaryimage","url":"https:\/\/alegerglobal.com\/wp-content\/uploads\/2025\/10\/digilens-ar-brille.png","contentUrl":"https:\/\/alegerglobal.com\/wp-content\/uploads\/2025\/10\/digilens-ar-brille.png","width":800,"height":800},{"@type":"BreadcrumbList","@id":"https:\/\/alegerglobal.com\/cs\/shop-cs\/chytre-bryle\/realwear-navigator-520-vysoce-kvalitni-datove-bryle-realwear-pro-profesionaly-kopie-2\/#breadcrumb","itemListElement":[{"@type":"ListItem","position":1,"name":"Home","item":"https:\/\/alegerglobal.com\/cs\/novinka-domovska-stranka\/"},{"@type":"ListItem","position":2,"name":"Produkty","item":"https:\/\/alegerglobal.com\/cs\/produkty\/"},{"@type":"ListItem","position":3,"name":"DigiLens ARGO &#8211; nov\u00e1 generace chytr\u00fdch br\u00fdl\u00ed AR pro pr\u016fmysl a podniky"}]},{"@type":"WebSite","@id":"https:\/\/alegerglobal.com\/cs\/#website","url":"https:\/\/alegerglobal.com\/cs\/","name":"ALEGER \u22c6 Augmented Reality","description":"Die besten Augmented Reality (AR) L\u00f6sungen der Welt.","publisher":{"@id":"https:\/\/alegerglobal.com\/cs\/#organization"},"potentialAction":[{"@type":"SearchAction","target":{"@type":"EntryPoint","urlTemplate":"https:\/\/alegerglobal.com\/cs\/?s={search_term_string}"},"query-input":{"@type":"PropertyValueSpecification","valueRequired":true,"valueName":"search_term_string"}}],"inLanguage":"cs"},{"@type":"Organization","@id":"https:\/\/alegerglobal.com\/cs\/#organization","name":"ALEGER \u22c6 Augmented Reality","url":"https:\/\/alegerglobal.com\/cs\/","logo":{"@type":"ImageObject","inLanguage":"cs","@id":"https:\/\/alegerglobal.com\/cs\/#\/schema\/logo\/image\/","url":"https:\/\/alegerglobal.com\/wp-content\/uploads\/2020\/12\/aleger-logo-quadrat.jpg","contentUrl":"https:\/\/alegerglobal.com\/wp-content\/uploads\/2020\/12\/aleger-logo-quadrat.jpg","width":200,"height":176,"caption":"ALEGER \u22c6 Augmented Reality"},"image":{"@id":"https:\/\/alegerglobal.com\/cs\/#\/schema\/logo\/image\/"}}]},"product_brand":"RealWear","product_price_amount":"0.00","product_price_currency":"EUR","og_availability":"instock","product_availability":"instock","product_condition":"new"},"_links":{"self":[{"href":"https:\/\/alegerglobal.com\/cs\/wp-json\/wp\/v2\/product\/50023","targetHints":{"allow":["GET"]}}],"collection":[{"href":"https:\/\/alegerglobal.com\/cs\/wp-json\/wp\/v2\/product"}],"about":[{"href":"https:\/\/alegerglobal.com\/cs\/wp-json\/wp\/v2\/types\/product"}],"replies":[{"embeddable":true,"href":"https:\/\/alegerglobal.com\/cs\/wp-json\/wp\/v2\/comments?post=50023"}],"version-history":[{"count":3,"href":"https:\/\/alegerglobal.com\/cs\/wp-json\/wp\/v2\/product\/50023\/revisions"}],"predecessor-version":[{"id":53956,"href":"https:\/\/alegerglobal.com\/cs\/wp-json\/wp\/v2\/product\/50023\/revisions\/53956"}],"wp:featuredmedia":[{"embeddable":true,"href":"https:\/\/alegerglobal.com\/cs\/wp-json\/wp\/v2\/media\/50062"}],"wp:attachment":[{"href":"https:\/\/alegerglobal.com\/cs\/wp-json\/wp\/v2\/media?parent=50023"}],"wp:term":[{"taxonomy":"product_brand","embeddable":true,"href":"https:\/\/alegerglobal.com\/cs\/wp-json\/wp\/v2\/product_brand?post=50023"},{"taxonomy":"product_cat","embeddable":true,"href":"https:\/\/alegerglobal.com\/cs\/wp-json\/wp\/v2\/product_cat?post=50023"},{"taxonomy":"product_tag","embeddable":true,"href":"https:\/\/alegerglobal.com\/cs\/wp-json\/wp\/v2\/product_tag?post=50023"}],"curies":[{"name":"wp","href":"https:\/\/api.w.org\/{rel}","templated":true}]}}