{"id":49679,"date":"2025-09-15T08:39:53","date_gmt":"2025-09-15T07:39:54","guid":{"rendered":"https:\/\/alegerglobal.com\/?post_type=product&#038;p=49679"},"modified":"2026-03-25T20:13:49","modified_gmt":"2026-03-25T19:13:49","slug":"realwear-navigator-520-vysoce-kvalitni-datove-bryle-realwear-pro-profesionaly","status":"publish","type":"product","link":"https:\/\/alegerglobal.com\/cs\/shop-cs\/chytre-bryle\/realwear-navigator-520-vysoce-kvalitni-datove-bryle-realwear-pro-profesionaly\/","title":{"rendered":"Moziware Nex\u014d &#8211; Inovativn\u00ed datov\u00e9 br\u00fdle pro pr\u016fmysl a vzd\u00e1lenou podporu"},"content":{"rendered":"","protected":false},"excerpt":{"rendered":"<p data-start=\"696\" data-end=\"1106\"><strong data-start=\"700\" data-end=\"717\">Moziware Nex\u014d<\/strong> jsou prvn\u00ed pr\u016fmyslov\u00e9 datov\u00e9 br\u00fdle se zobrazen\u00edm na chytr\u00e9m telefonu prost\u0159ednictv\u00edm Wi-Fi a aplikace pro Android. Kombinuje <strong data-start=\"822\" data-end=\"860\">extr\u00e9mn\u011b n\u00edzkou hmotnost (pouh\u00fdch 95 g)<\/strong> s robustn\u00ed konstrukc\u00ed a v\u00fdkonn\u00fdm hardwarem. D\u00edky tomu je ide\u00e1ln\u00ed pro pou\u017eit\u00ed v pr\u016fmyslu, pro vzd\u00e1lenou podporu, inspekce, \u00fadr\u017ebu a pro v\u0161echny aplikace, kde je kl\u00ed\u010dov\u00fd hands-free p\u0159\u00edstup k informac\u00edm.<\/p>\n","protected":false},"featured_media":50080,"comment_status":"open","ping_status":"closed","template":"","meta":{"_acf_changed":false},"product_brand":[],"product_cat":[1515,1516],"product_tag":[],"class_list":{"0":"post-49679","1":"product","2":"type-product","3":"status-publish","4":"has-post-thumbnail","6":"product_cat-chytre-bryle","7":"product_cat-shop-cs","9":"first","10":"instock","11":"taxable","12":"shipping-taxable","13":"product-type-simple"},"acf":[],"yoast_head":"<!-- This site is optimized with the Yoast SEO Premium plugin v20.10 (Yoast SEO v24.3) - https:\/\/yoast.com\/wordpress\/plugins\/seo\/ -->\n<title>Moziware Nex\u014d - Chytr\u00e9 br\u00fdle - Android a 16 MP fotoapar\u00e1t koupit- %<\/title>\n<meta name=\"description\" content=\"Moziware Nex\u014d jsou lehk\u00e9 (95 g) chytr\u00e9 br\u00fdle s 16 MP kamerou, ve 13 jazyc\u00edch a s kryt\u00edm IP66. Ide\u00e1ln\u00ed pro pr\u016fmysl, vzd\u00e1lenou podporu a dokumentaci.\" \/>\n<meta name=\"robots\" content=\"index, follow, max-snippet:-1, max-image-preview:large, max-video-preview:-1\" \/>\n<meta property=\"og:locale\" content=\"cs_CZ\" \/>\n<meta property=\"og:type\" content=\"article\" \/>\n<meta property=\"og:title\" content=\"Moziware Nex\u014d - Inovativn\u00ed datov\u00e9 br\u00fdle pro pr\u016fmysl a vzd\u00e1lenou podporu\" \/>\n<meta property=\"og:description\" content=\"Moziware Nex\u014d jsou lehk\u00e9 (95 g) chytr\u00e9 br\u00fdle s 16 MP kamerou, ve 13 jazyc\u00edch a s kryt\u00edm IP66. Ide\u00e1ln\u00ed pro pr\u016fmysl, vzd\u00e1lenou podporu a dokumentaci.\" \/>\n<meta property=\"og:url\" content=\"https:\/\/alegerglobal.com\/cs\/shop-cs\/chytre-bryle\/realwear-navigator-520-vysoce-kvalitni-datove-bryle-realwear-pro-profesionaly\/\" \/>\n<meta property=\"og:site_name\" content=\"ALEGER \u22c6 Augmented Reality\" \/>\n<meta property=\"article:modified_time\" content=\"2026-03-25T19:13:49+00:00\" \/>\n<meta property=\"og:image\" content=\"https:\/\/alegerglobal.com\/wp-content\/uploads\/2025\/09\/moziware-nexo.png\" \/>\n\t<meta property=\"og:image:width\" content=\"800\" \/>\n\t<meta property=\"og:image:height\" content=\"800\" \/>\n\t<meta property=\"og:image:type\" content=\"image\/png\" \/>\n<meta name=\"twitter:card\" content=\"summary_large_image\" \/>\n<meta name=\"twitter:label1\" content=\"Cena\" \/>\n\t<meta name=\"twitter:data1\" content=\"\" \/>\n\t<meta name=\"twitter:label2\" content=\"Dostupnost\" \/>\n\t<meta name=\"twitter:data2\" content=\"Skladem\" \/>\n<script type=\"application\/ld+json\" class=\"yoast-schema-graph\">{\"@context\":\"https:\/\/schema.org\",\"@graph\":[{\"@type\":\"WebPage\",\"@id\":\"https:\/\/alegerglobal.com\/cs\/shop-cs\/chytre-bryle\/realwear-navigator-520-vysoce-kvalitni-datove-bryle-realwear-pro-profesionaly\/\",\"url\":\"https:\/\/alegerglobal.com\/cs\/shop-cs\/chytre-bryle\/realwear-navigator-520-vysoce-kvalitni-datove-bryle-realwear-pro-profesionaly\/\",\"name\":\"Moziware Nex\u014d - Chytr\u00e9 br\u00fdle - Android a 16 MP fotoapar\u00e1t koupit- %\",\"isPartOf\":{\"@id\":\"https:\/\/alegerglobal.com\/cs\/#website\"},\"primaryImageOfPage\":{\"@id\":\"https:\/\/alegerglobal.com\/cs\/shop-cs\/chytre-bryle\/realwear-navigator-520-vysoce-kvalitni-datove-bryle-realwear-pro-profesionaly\/#primaryimage\"},\"image\":{\"@id\":\"https:\/\/alegerglobal.com\/cs\/shop-cs\/chytre-bryle\/realwear-navigator-520-vysoce-kvalitni-datove-bryle-realwear-pro-profesionaly\/#primaryimage\"},\"thumbnailUrl\":\"https:\/\/alegerglobal.com\/wp-content\/uploads\/2025\/09\/moziware-nexo.png\",\"datePublished\":\"2025-09-15T07:39:54+00:00\",\"dateModified\":\"2026-03-25T19:13:49+00:00\",\"description\":\"Moziware Nex\u014d jsou lehk\u00e9 (95 g) chytr\u00e9 br\u00fdle s 16 MP kamerou, ve 13 jazyc\u00edch a s kryt\u00edm IP66. Ide\u00e1ln\u00ed pro pr\u016fmysl, vzd\u00e1lenou podporu a dokumentaci.\",\"breadcrumb\":{\"@id\":\"https:\/\/alegerglobal.com\/cs\/shop-cs\/chytre-bryle\/realwear-navigator-520-vysoce-kvalitni-datove-bryle-realwear-pro-profesionaly\/#breadcrumb\"},\"inLanguage\":\"cs\",\"potentialAction\":[{\"@type\":\"ReadAction\",\"target\":[\"https:\/\/alegerglobal.com\/cs\/shop-cs\/chytre-bryle\/realwear-navigator-520-vysoce-kvalitni-datove-bryle-realwear-pro-profesionaly\/\"]}]},{\"@type\":\"ImageObject\",\"inLanguage\":\"cs\",\"@id\":\"https:\/\/alegerglobal.com\/cs\/shop-cs\/chytre-bryle\/realwear-navigator-520-vysoce-kvalitni-datove-bryle-realwear-pro-profesionaly\/#primaryimage\",\"url\":\"https:\/\/alegerglobal.com\/wp-content\/uploads\/2025\/09\/moziware-nexo.png\",\"contentUrl\":\"https:\/\/alegerglobal.com\/wp-content\/uploads\/2025\/09\/moziware-nexo.png\",\"width\":800,\"height\":800},{\"@type\":\"BreadcrumbList\",\"@id\":\"https:\/\/alegerglobal.com\/cs\/shop-cs\/chytre-bryle\/realwear-navigator-520-vysoce-kvalitni-datove-bryle-realwear-pro-profesionaly\/#breadcrumb\",\"itemListElement\":[{\"@type\":\"ListItem\",\"position\":1,\"name\":\"Home\",\"item\":\"https:\/\/alegerglobal.com\/cs\/novinka-domovska-stranka\/\"},{\"@type\":\"ListItem\",\"position\":2,\"name\":\"Produkty\",\"item\":\"https:\/\/alegerglobal.com\/cs\/produkty\/\"},{\"@type\":\"ListItem\",\"position\":3,\"name\":\"Moziware Nex\u014d &#8211; Inovativn\u00ed datov\u00e9 br\u00fdle pro pr\u016fmysl a vzd\u00e1lenou podporu\"}]},{\"@type\":\"WebSite\",\"@id\":\"https:\/\/alegerglobal.com\/cs\/#website\",\"url\":\"https:\/\/alegerglobal.com\/cs\/\",\"name\":\"ALEGER \u22c6 Augmented Reality\",\"description\":\"Die besten Augmented Reality (AR) L\u00f6sungen der Welt.\",\"publisher\":{\"@id\":\"https:\/\/alegerglobal.com\/cs\/#organization\"},\"potentialAction\":[{\"@type\":\"SearchAction\",\"target\":{\"@type\":\"EntryPoint\",\"urlTemplate\":\"https:\/\/alegerglobal.com\/cs\/?s={search_term_string}\"},\"query-input\":{\"@type\":\"PropertyValueSpecification\",\"valueRequired\":true,\"valueName\":\"search_term_string\"}}],\"inLanguage\":\"cs\"},{\"@type\":\"Organization\",\"@id\":\"https:\/\/alegerglobal.com\/cs\/#organization\",\"name\":\"ALEGER \u22c6 Augmented Reality\",\"url\":\"https:\/\/alegerglobal.com\/cs\/\",\"logo\":{\"@type\":\"ImageObject\",\"inLanguage\":\"cs\",\"@id\":\"https:\/\/alegerglobal.com\/cs\/#\/schema\/logo\/image\/\",\"url\":\"https:\/\/alegerglobal.com\/wp-content\/uploads\/2020\/12\/aleger-logo-quadrat.jpg\",\"contentUrl\":\"https:\/\/alegerglobal.com\/wp-content\/uploads\/2020\/12\/aleger-logo-quadrat.jpg\",\"width\":200,\"height\":176,\"caption\":\"ALEGER \u22c6 Augmented Reality\"},\"image\":{\"@id\":\"https:\/\/alegerglobal.com\/cs\/#\/schema\/logo\/image\/\"}}]}<\/script>\n<meta property=\"product:price:amount\" content=\"0.00\" \/>\n<meta property=\"product:price:currency\" content=\"EUR\" \/>\n<meta property=\"og:availability\" content=\"instock\" \/>\n<meta property=\"product:availability\" content=\"instock\" \/>\n<meta property=\"product:condition\" content=\"new\" \/>\n<!-- \/ Yoast SEO Premium plugin. -->","yoast_head_json":{"title":"Moziware Nex\u014d - Chytr\u00e9 br\u00fdle - Android a 16 MP fotoapar\u00e1t koupit- %","description":"Moziware Nex\u014d jsou lehk\u00e9 (95 g) chytr\u00e9 br\u00fdle s 16 MP kamerou, ve 13 jazyc\u00edch a s kryt\u00edm IP66. Ide\u00e1ln\u00ed pro pr\u016fmysl, vzd\u00e1lenou podporu a dokumentaci.","robots":{"index":"index","follow":"follow","max-snippet":"max-snippet:-1","max-image-preview":"max-image-preview:large","max-video-preview":"max-video-preview:-1"},"og_locale":"cs_CZ","og_type":"article","og_title":"Moziware Nex\u014d - Inovativn\u00ed datov\u00e9 br\u00fdle pro pr\u016fmysl a vzd\u00e1lenou podporu","og_description":"Moziware Nex\u014d jsou lehk\u00e9 (95 g) chytr\u00e9 br\u00fdle s 16 MP kamerou, ve 13 jazyc\u00edch a s kryt\u00edm IP66. Ide\u00e1ln\u00ed pro pr\u016fmysl, vzd\u00e1lenou podporu a dokumentaci.","og_url":"https:\/\/alegerglobal.com\/cs\/shop-cs\/chytre-bryle\/realwear-navigator-520-vysoce-kvalitni-datove-bryle-realwear-pro-profesionaly\/","og_site_name":"ALEGER \u22c6 Augmented Reality","article_modified_time":"2026-03-25T19:13:49+00:00","og_image":[{"width":800,"height":800,"url":"https:\/\/alegerglobal.com\/wp-content\/uploads\/2025\/09\/moziware-nexo.png","type":"image\/png"}],"twitter_card":"summary_large_image","twitter_misc":{"Cena":"","Dostupnost":"Skladem"},"schema":{"@context":"https:\/\/schema.org","@graph":[{"@type":"WebPage","@id":"https:\/\/alegerglobal.com\/cs\/shop-cs\/chytre-bryle\/realwear-navigator-520-vysoce-kvalitni-datove-bryle-realwear-pro-profesionaly\/","url":"https:\/\/alegerglobal.com\/cs\/shop-cs\/chytre-bryle\/realwear-navigator-520-vysoce-kvalitni-datove-bryle-realwear-pro-profesionaly\/","name":"Moziware Nex\u014d - Chytr\u00e9 br\u00fdle - Android a 16 MP fotoapar\u00e1t koupit- %","isPartOf":{"@id":"https:\/\/alegerglobal.com\/cs\/#website"},"primaryImageOfPage":{"@id":"https:\/\/alegerglobal.com\/cs\/shop-cs\/chytre-bryle\/realwear-navigator-520-vysoce-kvalitni-datove-bryle-realwear-pro-profesionaly\/#primaryimage"},"image":{"@id":"https:\/\/alegerglobal.com\/cs\/shop-cs\/chytre-bryle\/realwear-navigator-520-vysoce-kvalitni-datove-bryle-realwear-pro-profesionaly\/#primaryimage"},"thumbnailUrl":"https:\/\/alegerglobal.com\/wp-content\/uploads\/2025\/09\/moziware-nexo.png","datePublished":"2025-09-15T07:39:54+00:00","dateModified":"2026-03-25T19:13:49+00:00","description":"Moziware Nex\u014d jsou lehk\u00e9 (95 g) chytr\u00e9 br\u00fdle s 16 MP kamerou, ve 13 jazyc\u00edch a s kryt\u00edm IP66. Ide\u00e1ln\u00ed pro pr\u016fmysl, vzd\u00e1lenou podporu a dokumentaci.","breadcrumb":{"@id":"https:\/\/alegerglobal.com\/cs\/shop-cs\/chytre-bryle\/realwear-navigator-520-vysoce-kvalitni-datove-bryle-realwear-pro-profesionaly\/#breadcrumb"},"inLanguage":"cs","potentialAction":[{"@type":"ReadAction","target":["https:\/\/alegerglobal.com\/cs\/shop-cs\/chytre-bryle\/realwear-navigator-520-vysoce-kvalitni-datove-bryle-realwear-pro-profesionaly\/"]}]},{"@type":"ImageObject","inLanguage":"cs","@id":"https:\/\/alegerglobal.com\/cs\/shop-cs\/chytre-bryle\/realwear-navigator-520-vysoce-kvalitni-datove-bryle-realwear-pro-profesionaly\/#primaryimage","url":"https:\/\/alegerglobal.com\/wp-content\/uploads\/2025\/09\/moziware-nexo.png","contentUrl":"https:\/\/alegerglobal.com\/wp-content\/uploads\/2025\/09\/moziware-nexo.png","width":800,"height":800},{"@type":"BreadcrumbList","@id":"https:\/\/alegerglobal.com\/cs\/shop-cs\/chytre-bryle\/realwear-navigator-520-vysoce-kvalitni-datove-bryle-realwear-pro-profesionaly\/#breadcrumb","itemListElement":[{"@type":"ListItem","position":1,"name":"Home","item":"https:\/\/alegerglobal.com\/cs\/novinka-domovska-stranka\/"},{"@type":"ListItem","position":2,"name":"Produkty","item":"https:\/\/alegerglobal.com\/cs\/produkty\/"},{"@type":"ListItem","position":3,"name":"Moziware Nex\u014d &#8211; Inovativn\u00ed datov\u00e9 br\u00fdle pro pr\u016fmysl a vzd\u00e1lenou podporu"}]},{"@type":"WebSite","@id":"https:\/\/alegerglobal.com\/cs\/#website","url":"https:\/\/alegerglobal.com\/cs\/","name":"ALEGER \u22c6 Augmented Reality","description":"Die besten Augmented Reality (AR) L\u00f6sungen der Welt.","publisher":{"@id":"https:\/\/alegerglobal.com\/cs\/#organization"},"potentialAction":[{"@type":"SearchAction","target":{"@type":"EntryPoint","urlTemplate":"https:\/\/alegerglobal.com\/cs\/?s={search_term_string}"},"query-input":{"@type":"PropertyValueSpecification","valueRequired":true,"valueName":"search_term_string"}}],"inLanguage":"cs"},{"@type":"Organization","@id":"https:\/\/alegerglobal.com\/cs\/#organization","name":"ALEGER \u22c6 Augmented Reality","url":"https:\/\/alegerglobal.com\/cs\/","logo":{"@type":"ImageObject","inLanguage":"cs","@id":"https:\/\/alegerglobal.com\/cs\/#\/schema\/logo\/image\/","url":"https:\/\/alegerglobal.com\/wp-content\/uploads\/2020\/12\/aleger-logo-quadrat.jpg","contentUrl":"https:\/\/alegerglobal.com\/wp-content\/uploads\/2020\/12\/aleger-logo-quadrat.jpg","width":200,"height":176,"caption":"ALEGER \u22c6 Augmented Reality"},"image":{"@id":"https:\/\/alegerglobal.com\/cs\/#\/schema\/logo\/image\/"}}]},"product_price_amount":"0.00","product_price_currency":"EUR","og_availability":"instock","product_availability":"instock","product_condition":"new"},"_links":{"self":[{"href":"https:\/\/alegerglobal.com\/cs\/wp-json\/wp\/v2\/product\/49679","targetHints":{"allow":["GET"]}}],"collection":[{"href":"https:\/\/alegerglobal.com\/cs\/wp-json\/wp\/v2\/product"}],"about":[{"href":"https:\/\/alegerglobal.com\/cs\/wp-json\/wp\/v2\/types\/product"}],"replies":[{"embeddable":true,"href":"https:\/\/alegerglobal.com\/cs\/wp-json\/wp\/v2\/comments?post=49679"}],"version-history":[{"count":3,"href":"https:\/\/alegerglobal.com\/cs\/wp-json\/wp\/v2\/product\/49679\/revisions"}],"predecessor-version":[{"id":54091,"href":"https:\/\/alegerglobal.com\/cs\/wp-json\/wp\/v2\/product\/49679\/revisions\/54091"}],"wp:featuredmedia":[{"embeddable":true,"href":"https:\/\/alegerglobal.com\/cs\/wp-json\/wp\/v2\/media\/50080"}],"wp:attachment":[{"href":"https:\/\/alegerglobal.com\/cs\/wp-json\/wp\/v2\/media?parent=49679"}],"wp:term":[{"taxonomy":"product_brand","embeddable":true,"href":"https:\/\/alegerglobal.com\/cs\/wp-json\/wp\/v2\/product_brand?post=49679"},{"taxonomy":"product_cat","embeddable":true,"href":"https:\/\/alegerglobal.com\/cs\/wp-json\/wp\/v2\/product_cat?post=49679"},{"taxonomy":"product_tag","embeddable":true,"href":"https:\/\/alegerglobal.com\/cs\/wp-json\/wp\/v2\/product_tag?post=49679"}],"curies":[{"name":"wp","href":"https:\/\/api.w.org\/{rel}","templated":true}]}}