{"id":49607,"date":"2025-09-14T19:06:52","date_gmt":"2025-09-14T18:06:53","guid":{"rendered":"https:\/\/alegerglobal.com\/?post_type=product&#038;p=49607"},"modified":"2026-03-25T20:56:10","modified_gmt":"2026-03-25T19:56:10","slug":"ecom-pad-ex-pro-01-p8-dz2-tablet-s-ochranou-ex-atex-zone-2-116-dotykovy-displej-windows-4","status":"publish","type":"product","link":"https:\/\/alegerglobal.com\/cs\/shop-cs\/ecom-pad-ex-pro-01-p8-dz2-tablet-s-ochranou-ex-atex-zone-2-116-dotykovy-displej-windows-4\/","title":{"rendered":"Pouze kamera Smart-Ex 03 &#8211; Robustn\u00ed kamera pro prost\u0159ed\u00ed s nebezpe\u010d\u00edm v\u00fdbuchu"},"content":{"rendered":"","protected":false},"excerpt":{"rendered":"<p data-start=\"773\" data-end=\"1226\"><strong data-start=\"777\" data-end=\"804\">Pouze kamera Smart-Ex 03<\/strong> je jiskrov\u011b bezpe\u010dn\u00e9 kamerov\u00e9 \u0159e\u0161en\u00ed od spole\u010dnosti ECOM \/ Pepperl+Fuchs, schv\u00e1len\u00e9 pro <strong data-start=\"882\" data-end=\"907\">z\u00f3ny 1\/21 a 2\/22<\/strong> a <strong data-start=\"914\" data-end=\"932\">divize 1 a 2<\/strong>. Vyvinuto pro aplikace, kde je t\u0159eba dokumentovat nebo kontrolovat kritick\u00e9 oblasti bez pou\u017eit\u00ed pln\u011b funk\u010dn\u00edho chytr\u00e9ho telefonu. Re\u017eim Kiosk omezuje funk\u010dnost pouze na kameru &#8211; vhodn\u00fd zejm\u00e9na v p\u0159\u00edpadech, kdy je po\u017eadov\u00e1n pouze z\u00e1znam obrazu\/videa.<\/p>\n","protected":false},"featured_media":49643,"comment_status":"open","ping_status":"closed","template":"","meta":{"_acf_changed":false},"product_brand":[],"product_cat":[1527,2625,1516],"product_tag":[],"class_list":{"0":"post-49607","1":"product","2":"type-product","3":"status-publish","4":"has-post-thumbnail","6":"product_cat-atex-cs","7":"product_cat-mobilni-vypocetni-technika","8":"product_cat-shop-cs","9":"pa_hersteller-ecom-cs","11":"first","12":"instock","13":"taxable","14":"shipping-taxable","15":"purchasable","16":"product-type-simple"},"acf":[],"yoast_head":"<!-- This site is optimized with the Yoast SEO Premium plugin v20.10 (Yoast SEO v24.3) - https:\/\/yoast.com\/wordpress\/plugins\/seo\/ -->\n<title>Pouze kamera Smart-Ex 03 - kamera ATEX\/IECEx pro z\u00f3nu 1 a 2<\/title>\n<meta name=\"description\" content=\"Jiskrov\u011b bezpe\u010dn\u00e1 kamera &quot;Smart-Ex 03 Camera Only&quot; od spole\u010dnosti ECOM - 13 MP + 5 MP, Android 13, ATEX\/IECEx Zone 1\/21 &amp; 2\/22, IP68 &amp; MIL-STD-810H. Ide\u00e1ln\u00ed pro kontrolu a dokumentaci v nebezpe\u010dn\u00fdch prostorech.\" \/>\n<meta name=\"robots\" content=\"index, follow, max-snippet:-1, max-image-preview:large, max-video-preview:-1\" \/>\n<meta property=\"og:locale\" content=\"cs_CZ\" \/>\n<meta property=\"og:type\" content=\"article\" \/>\n<meta property=\"og:title\" content=\"Pouze kamera Smart-Ex 03 - Robustn\u00ed kamera pro prost\u0159ed\u00ed s nebezpe\u010d\u00edm v\u00fdbuchu\" \/>\n<meta property=\"og:description\" content=\"Jiskrov\u011b bezpe\u010dn\u00e1 kamera &quot;Smart-Ex 03 Camera Only&quot; od spole\u010dnosti ECOM - 13 MP + 5 MP, Android 13, ATEX\/IECEx Zone 1\/21 &amp; 2\/22, IP68 &amp; MIL-STD-810H. Ide\u00e1ln\u00ed pro kontrolu a dokumentaci v nebezpe\u010dn\u00fdch prostorech.\" \/>\n<meta property=\"og:url\" content=\"https:\/\/alegerglobal.com\/cs\/shop-cs\/ecom-pad-ex-pro-01-p8-dz2-tablet-s-ochranou-ex-atex-zone-2-116-dotykovy-displej-windows-4\/\" \/>\n<meta property=\"og:site_name\" content=\"ALEGER \u22c6 Augmented Reality\" \/>\n<meta property=\"article:modified_time\" content=\"2026-03-25T19:56:10+00:00\" \/>\n<meta property=\"og:image\" content=\"https:\/\/alegerglobal.com\/wp-content\/uploads\/2025\/09\/Bild16.png\" \/>\n\t<meta property=\"og:image:width\" content=\"400\" \/>\n\t<meta property=\"og:image:height\" content=\"400\" \/>\n\t<meta property=\"og:image:type\" content=\"image\/png\" \/>\n<meta name=\"twitter:card\" content=\"summary_large_image\" \/>\n<meta name=\"twitter:label1\" content=\"Cena\" \/>\n\t<meta name=\"twitter:data1\" content=\"&euro;4.249,00\" \/>\n\t<meta name=\"twitter:label2\" content=\"Dostupnost\" \/>\n\t<meta name=\"twitter:data2\" content=\"Skladem\" \/>\n<script type=\"application\/ld+json\" class=\"yoast-schema-graph\">{\"@context\":\"https:\/\/schema.org\",\"@graph\":[{\"@type\":\"WebPage\",\"@id\":\"https:\/\/alegerglobal.com\/cs\/shop-cs\/ecom-pad-ex-pro-01-p8-dz2-tablet-s-ochranou-ex-atex-zone-2-116-dotykovy-displej-windows-4\/\",\"url\":\"https:\/\/alegerglobal.com\/cs\/shop-cs\/ecom-pad-ex-pro-01-p8-dz2-tablet-s-ochranou-ex-atex-zone-2-116-dotykovy-displej-windows-4\/\",\"name\":\"Pouze kamera Smart-Ex 03 - kamera ATEX\/IECEx pro z\u00f3nu 1 a 2\",\"isPartOf\":{\"@id\":\"https:\/\/alegerglobal.com\/cs\/#website\"},\"primaryImageOfPage\":{\"@id\":\"https:\/\/alegerglobal.com\/cs\/shop-cs\/ecom-pad-ex-pro-01-p8-dz2-tablet-s-ochranou-ex-atex-zone-2-116-dotykovy-displej-windows-4\/#primaryimage\"},\"image\":{\"@id\":\"https:\/\/alegerglobal.com\/cs\/shop-cs\/ecom-pad-ex-pro-01-p8-dz2-tablet-s-ochranou-ex-atex-zone-2-116-dotykovy-displej-windows-4\/#primaryimage\"},\"thumbnailUrl\":\"https:\/\/alegerglobal.com\/wp-content\/uploads\/2025\/09\/Bild16.png\",\"datePublished\":\"2025-09-14T18:06:53+00:00\",\"dateModified\":\"2026-03-25T19:56:10+00:00\",\"description\":\"Jiskrov\u011b bezpe\u010dn\u00e1 kamera \\\"Smart-Ex 03 Camera Only\\\" od spole\u010dnosti ECOM - 13 MP + 5 MP, Android 13, ATEX\/IECEx Zone 1\/21 & 2\/22, IP68 & MIL-STD-810H. Ide\u00e1ln\u00ed pro kontrolu a dokumentaci v nebezpe\u010dn\u00fdch prostorech.\",\"breadcrumb\":{\"@id\":\"https:\/\/alegerglobal.com\/cs\/shop-cs\/ecom-pad-ex-pro-01-p8-dz2-tablet-s-ochranou-ex-atex-zone-2-116-dotykovy-displej-windows-4\/#breadcrumb\"},\"inLanguage\":\"cs\",\"potentialAction\":[{\"@type\":\"ReadAction\",\"target\":[\"https:\/\/alegerglobal.com\/cs\/shop-cs\/ecom-pad-ex-pro-01-p8-dz2-tablet-s-ochranou-ex-atex-zone-2-116-dotykovy-displej-windows-4\/\"]}]},{\"@type\":\"ImageObject\",\"inLanguage\":\"cs\",\"@id\":\"https:\/\/alegerglobal.com\/cs\/shop-cs\/ecom-pad-ex-pro-01-p8-dz2-tablet-s-ochranou-ex-atex-zone-2-116-dotykovy-displej-windows-4\/#primaryimage\",\"url\":\"https:\/\/alegerglobal.com\/wp-content\/uploads\/2025\/09\/Bild16.png\",\"contentUrl\":\"https:\/\/alegerglobal.com\/wp-content\/uploads\/2025\/09\/Bild16.png\",\"width\":400,\"height\":400},{\"@type\":\"BreadcrumbList\",\"@id\":\"https:\/\/alegerglobal.com\/cs\/shop-cs\/ecom-pad-ex-pro-01-p8-dz2-tablet-s-ochranou-ex-atex-zone-2-116-dotykovy-displej-windows-4\/#breadcrumb\",\"itemListElement\":[{\"@type\":\"ListItem\",\"position\":1,\"name\":\"Home\",\"item\":\"https:\/\/alegerglobal.com\/cs\/novinka-domovska-stranka\/\"},{\"@type\":\"ListItem\",\"position\":2,\"name\":\"Produkty\",\"item\":\"https:\/\/alegerglobal.com\/cs\/produkty\/\"},{\"@type\":\"ListItem\",\"position\":3,\"name\":\"Pouze kamera Smart-Ex 03 &#8211; Robustn\u00ed kamera pro prost\u0159ed\u00ed s nebezpe\u010d\u00edm v\u00fdbuchu\"}]},{\"@type\":\"WebSite\",\"@id\":\"https:\/\/alegerglobal.com\/cs\/#website\",\"url\":\"https:\/\/alegerglobal.com\/cs\/\",\"name\":\"ALEGER \u22c6 Augmented Reality\",\"description\":\"Die besten Augmented Reality (AR) L\u00f6sungen der Welt.\",\"publisher\":{\"@id\":\"https:\/\/alegerglobal.com\/cs\/#organization\"},\"potentialAction\":[{\"@type\":\"SearchAction\",\"target\":{\"@type\":\"EntryPoint\",\"urlTemplate\":\"https:\/\/alegerglobal.com\/cs\/?s={search_term_string}\"},\"query-input\":{\"@type\":\"PropertyValueSpecification\",\"valueRequired\":true,\"valueName\":\"search_term_string\"}}],\"inLanguage\":\"cs\"},{\"@type\":\"Organization\",\"@id\":\"https:\/\/alegerglobal.com\/cs\/#organization\",\"name\":\"ALEGER \u22c6 Augmented Reality\",\"url\":\"https:\/\/alegerglobal.com\/cs\/\",\"logo\":{\"@type\":\"ImageObject\",\"inLanguage\":\"cs\",\"@id\":\"https:\/\/alegerglobal.com\/cs\/#\/schema\/logo\/image\/\",\"url\":\"https:\/\/alegerglobal.com\/wp-content\/uploads\/2020\/12\/aleger-logo-quadrat.jpg\",\"contentUrl\":\"https:\/\/alegerglobal.com\/wp-content\/uploads\/2020\/12\/aleger-logo-quadrat.jpg\",\"width\":200,\"height\":176,\"caption\":\"ALEGER \u22c6 Augmented Reality\"},\"image\":{\"@id\":\"https:\/\/alegerglobal.com\/cs\/#\/schema\/logo\/image\/\"}}]}<\/script>\n<meta property=\"product:brand\" content=\"Ecom\" \/>\n<meta property=\"product:price:amount\" content=\"4249.00\" \/>\n<meta property=\"product:price:currency\" content=\"EUR\" \/>\n<meta property=\"og:availability\" content=\"instock\" \/>\n<meta property=\"product:availability\" content=\"instock\" \/>\n<meta property=\"product:condition\" content=\"new\" \/>\n<!-- \/ Yoast SEO Premium plugin. -->","yoast_head_json":{"title":"Pouze kamera Smart-Ex 03 - kamera ATEX\/IECEx pro z\u00f3nu 1 a 2","description":"Jiskrov\u011b bezpe\u010dn\u00e1 kamera \"Smart-Ex 03 Camera Only\" od spole\u010dnosti ECOM - 13 MP + 5 MP, Android 13, ATEX\/IECEx Zone 1\/21 & 2\/22, IP68 & MIL-STD-810H. Ide\u00e1ln\u00ed pro kontrolu a dokumentaci v nebezpe\u010dn\u00fdch prostorech.","robots":{"index":"index","follow":"follow","max-snippet":"max-snippet:-1","max-image-preview":"max-image-preview:large","max-video-preview":"max-video-preview:-1"},"og_locale":"cs_CZ","og_type":"article","og_title":"Pouze kamera Smart-Ex 03 - Robustn\u00ed kamera pro prost\u0159ed\u00ed s nebezpe\u010d\u00edm v\u00fdbuchu","og_description":"Jiskrov\u011b bezpe\u010dn\u00e1 kamera \"Smart-Ex 03 Camera Only\" od spole\u010dnosti ECOM - 13 MP + 5 MP, Android 13, ATEX\/IECEx Zone 1\/21 & 2\/22, IP68 & MIL-STD-810H. Ide\u00e1ln\u00ed pro kontrolu a dokumentaci v nebezpe\u010dn\u00fdch prostorech.","og_url":"https:\/\/alegerglobal.com\/cs\/shop-cs\/ecom-pad-ex-pro-01-p8-dz2-tablet-s-ochranou-ex-atex-zone-2-116-dotykovy-displej-windows-4\/","og_site_name":"ALEGER \u22c6 Augmented Reality","article_modified_time":"2026-03-25T19:56:10+00:00","og_image":[{"width":400,"height":400,"url":"https:\/\/alegerglobal.com\/wp-content\/uploads\/2025\/09\/Bild16.png","type":"image\/png"}],"twitter_card":"summary_large_image","twitter_misc":{"Cena":"&euro;4.249,00","Dostupnost":"Skladem"},"schema":{"@context":"https:\/\/schema.org","@graph":[{"@type":"WebPage","@id":"https:\/\/alegerglobal.com\/cs\/shop-cs\/ecom-pad-ex-pro-01-p8-dz2-tablet-s-ochranou-ex-atex-zone-2-116-dotykovy-displej-windows-4\/","url":"https:\/\/alegerglobal.com\/cs\/shop-cs\/ecom-pad-ex-pro-01-p8-dz2-tablet-s-ochranou-ex-atex-zone-2-116-dotykovy-displej-windows-4\/","name":"Pouze kamera Smart-Ex 03 - kamera ATEX\/IECEx pro z\u00f3nu 1 a 2","isPartOf":{"@id":"https:\/\/alegerglobal.com\/cs\/#website"},"primaryImageOfPage":{"@id":"https:\/\/alegerglobal.com\/cs\/shop-cs\/ecom-pad-ex-pro-01-p8-dz2-tablet-s-ochranou-ex-atex-zone-2-116-dotykovy-displej-windows-4\/#primaryimage"},"image":{"@id":"https:\/\/alegerglobal.com\/cs\/shop-cs\/ecom-pad-ex-pro-01-p8-dz2-tablet-s-ochranou-ex-atex-zone-2-116-dotykovy-displej-windows-4\/#primaryimage"},"thumbnailUrl":"https:\/\/alegerglobal.com\/wp-content\/uploads\/2025\/09\/Bild16.png","datePublished":"2025-09-14T18:06:53+00:00","dateModified":"2026-03-25T19:56:10+00:00","description":"Jiskrov\u011b bezpe\u010dn\u00e1 kamera \"Smart-Ex 03 Camera Only\" od spole\u010dnosti ECOM - 13 MP + 5 MP, Android 13, ATEX\/IECEx Zone 1\/21 & 2\/22, IP68 & MIL-STD-810H. Ide\u00e1ln\u00ed pro kontrolu a dokumentaci v nebezpe\u010dn\u00fdch prostorech.","breadcrumb":{"@id":"https:\/\/alegerglobal.com\/cs\/shop-cs\/ecom-pad-ex-pro-01-p8-dz2-tablet-s-ochranou-ex-atex-zone-2-116-dotykovy-displej-windows-4\/#breadcrumb"},"inLanguage":"cs","potentialAction":[{"@type":"ReadAction","target":["https:\/\/alegerglobal.com\/cs\/shop-cs\/ecom-pad-ex-pro-01-p8-dz2-tablet-s-ochranou-ex-atex-zone-2-116-dotykovy-displej-windows-4\/"]}]},{"@type":"ImageObject","inLanguage":"cs","@id":"https:\/\/alegerglobal.com\/cs\/shop-cs\/ecom-pad-ex-pro-01-p8-dz2-tablet-s-ochranou-ex-atex-zone-2-116-dotykovy-displej-windows-4\/#primaryimage","url":"https:\/\/alegerglobal.com\/wp-content\/uploads\/2025\/09\/Bild16.png","contentUrl":"https:\/\/alegerglobal.com\/wp-content\/uploads\/2025\/09\/Bild16.png","width":400,"height":400},{"@type":"BreadcrumbList","@id":"https:\/\/alegerglobal.com\/cs\/shop-cs\/ecom-pad-ex-pro-01-p8-dz2-tablet-s-ochranou-ex-atex-zone-2-116-dotykovy-displej-windows-4\/#breadcrumb","itemListElement":[{"@type":"ListItem","position":1,"name":"Home","item":"https:\/\/alegerglobal.com\/cs\/novinka-domovska-stranka\/"},{"@type":"ListItem","position":2,"name":"Produkty","item":"https:\/\/alegerglobal.com\/cs\/produkty\/"},{"@type":"ListItem","position":3,"name":"Pouze kamera Smart-Ex 03 &#8211; Robustn\u00ed kamera pro prost\u0159ed\u00ed s nebezpe\u010d\u00edm v\u00fdbuchu"}]},{"@type":"WebSite","@id":"https:\/\/alegerglobal.com\/cs\/#website","url":"https:\/\/alegerglobal.com\/cs\/","name":"ALEGER \u22c6 Augmented Reality","description":"Die besten Augmented Reality (AR) L\u00f6sungen der Welt.","publisher":{"@id":"https:\/\/alegerglobal.com\/cs\/#organization"},"potentialAction":[{"@type":"SearchAction","target":{"@type":"EntryPoint","urlTemplate":"https:\/\/alegerglobal.com\/cs\/?s={search_term_string}"},"query-input":{"@type":"PropertyValueSpecification","valueRequired":true,"valueName":"search_term_string"}}],"inLanguage":"cs"},{"@type":"Organization","@id":"https:\/\/alegerglobal.com\/cs\/#organization","name":"ALEGER \u22c6 Augmented Reality","url":"https:\/\/alegerglobal.com\/cs\/","logo":{"@type":"ImageObject","inLanguage":"cs","@id":"https:\/\/alegerglobal.com\/cs\/#\/schema\/logo\/image\/","url":"https:\/\/alegerglobal.com\/wp-content\/uploads\/2020\/12\/aleger-logo-quadrat.jpg","contentUrl":"https:\/\/alegerglobal.com\/wp-content\/uploads\/2020\/12\/aleger-logo-quadrat.jpg","width":200,"height":176,"caption":"ALEGER \u22c6 Augmented Reality"},"image":{"@id":"https:\/\/alegerglobal.com\/cs\/#\/schema\/logo\/image\/"}}]},"product_brand":"Ecom","product_price_amount":"4249.00","product_price_currency":"EUR","og_availability":"instock","product_availability":"instock","product_condition":"new"},"_links":{"self":[{"href":"https:\/\/alegerglobal.com\/cs\/wp-json\/wp\/v2\/product\/49607","targetHints":{"allow":["GET"]}}],"collection":[{"href":"https:\/\/alegerglobal.com\/cs\/wp-json\/wp\/v2\/product"}],"about":[{"href":"https:\/\/alegerglobal.com\/cs\/wp-json\/wp\/v2\/types\/product"}],"replies":[{"embeddable":true,"href":"https:\/\/alegerglobal.com\/cs\/wp-json\/wp\/v2\/comments?post=49607"}],"version-history":[{"count":3,"href":"https:\/\/alegerglobal.com\/cs\/wp-json\/wp\/v2\/product\/49607\/revisions"}],"predecessor-version":[{"id":54126,"href":"https:\/\/alegerglobal.com\/cs\/wp-json\/wp\/v2\/product\/49607\/revisions\/54126"}],"wp:featuredmedia":[{"embeddable":true,"href":"https:\/\/alegerglobal.com\/cs\/wp-json\/wp\/v2\/media\/49643"}],"wp:attachment":[{"href":"https:\/\/alegerglobal.com\/cs\/wp-json\/wp\/v2\/media?parent=49607"}],"wp:term":[{"taxonomy":"product_brand","embeddable":true,"href":"https:\/\/alegerglobal.com\/cs\/wp-json\/wp\/v2\/product_brand?post=49607"},{"taxonomy":"product_cat","embeddable":true,"href":"https:\/\/alegerglobal.com\/cs\/wp-json\/wp\/v2\/product_cat?post=49607"},{"taxonomy":"product_tag","embeddable":true,"href":"https:\/\/alegerglobal.com\/cs\/wp-json\/wp\/v2\/product_tag?post=49607"}],"curies":[{"name":"wp","href":"https:\/\/api.w.org\/{rel}","templated":true}]}}