{"id":49540,"date":"2025-08-14T18:51:42","date_gmt":"2025-09-14T17:51:43","guid":{"rendered":"https:\/\/alegerglobal.com\/?post_type=product&#038;p=49540"},"modified":"2026-03-19T19:01:37","modified_gmt":"2026-03-19T18:01:37","slug":"ecom-pad-ex-pro-01-p8-dz2-tablet-s-ochranou-ex-atex-zone-2-116-dotykovy-displej-windows-kopie-kopie-2","status":"publish","type":"product","link":"https:\/\/alegerglobal.com\/cs\/komunikace\/ecom-pad-ex-pro-01-p8-dz2-tablet-s-ochranou-ex-atex-zone-2-116-dotykovy-displej-windows-kopie-kopie-2\/","title":{"rendered":"EdgeOne &#8211; V\u00fdkonn\u00e1 5G br\u00e1na pro nebezpe\u010dn\u00e9 oblasti"},"content":{"rendered":"","protected":false},"excerpt":{"rendered":"<p data-start=\"595\" data-end=\"986\"><strong data-start=\"599\" data-end=\"610\">EdgeOne<\/strong> od spole\u010dnosti RuggedEdge je pr\u016fmyslov\u00e1, jiskrov\u011b bezpe\u010dn\u00e1 br\u00e1na, kter\u00e1 byla speci\u00e1ln\u011b vyvinuta pro pou\u017eit\u00ed v <strong data-start=\"711\" data-end=\"767\">prost\u0159ed\u00ed s nebezpe\u010d\u00edm v\u00fdbuchu (z\u00f3na 1 \/ t\u0159\u00edda 1 divize 1)<\/strong>. Spojuje vysokou dostupnost dat, v\u00fdkon okrajov\u00fdch po\u010d\u00edta\u010d\u016f a bezpe\u010dnou s\u00ed\u0165ovou technologii v jedin\u00e9m za\u0159\u00edzen\u00ed &#8211; \u00fast\u0159edn\u00ed prvek pro modern\u00ed architektury Pr\u016fmyslu 4.0 v n\u00e1ro\u010dn\u00fdch prost\u0159ed\u00edch.<\/p>\n<p data-start=\"988\" data-end=\"1353\">D\u00edky integrovan\u00e9mu p\u0159ipojen\u00ed <strong data-start=\"1005\" data-end=\"1011\">5G<\/strong>, WiFi 6 a podnikov\u00e9mu p\u0159ipojen\u00ed umo\u017e\u0148uje EdgeOne spolehliv\u00fd p\u0159enos dat i v n\u00e1ro\u010dn\u00fdch podm\u00ednk\u00e1ch &#8211; ide\u00e1ln\u00ed pro IIoT, sledov\u00e1n\u00ed majetku, vzd\u00e1len\u00e9 monitorov\u00e1n\u00ed a pr\u016fmyslovou automatizaci.<\/p>\n","protected":false},"featured_media":39949,"comment_status":"open","ping_status":"closed","template":"","meta":{"_acf_changed":false},"product_brand":[],"product_cat":[1527,2626,2625,1516],"product_tag":[],"class_list":{"0":"post-49540","1":"product","2":"type-product","3":"status-publish","4":"has-post-thumbnail","6":"product_cat-atex-cs","7":"product_cat-komunikace","8":"product_cat-mobilni-vypocetni-technika","9":"product_cat-shop-cs","11":"first","12":"instock","13":"taxable","14":"shipping-taxable","15":"purchasable","16":"product-type-simple"},"acf":[],"yoast_head":"<!-- This site is optimized with the Yoast SEO Premium plugin v20.10 (Yoast SEO v24.3) - https:\/\/yoast.com\/wordpress\/plugins\/seo\/ -->\n<title>EdgeOne - 5G IIoT br\u00e1na a WIFI pro ATEX z\u00f3nu 1 \/ t\u0159\u00eddu 1<\/title>\n<meta name=\"description\" content=\"EdgeOne je robustn\u00ed 5G br\u00e1na (ATEX z\u00f3na 1 \/ t\u0159\u00edda 1 divize 1) s WiFi 6, edge computing, kompatibiln\u00ed s platformou IIoT &amp; EdgeConnect.\" \/>\n<meta name=\"robots\" content=\"index, follow, max-snippet:-1, max-image-preview:large, max-video-preview:-1\" \/>\n<meta property=\"og:locale\" content=\"cs_CZ\" \/>\n<meta property=\"og:type\" content=\"article\" \/>\n<meta property=\"og:title\" content=\"EdgeOne - V\u00fdkonn\u00e1 5G br\u00e1na pro nebezpe\u010dn\u00e9 oblasti\" \/>\n<meta property=\"og:description\" content=\"EdgeOne je robustn\u00ed 5G br\u00e1na (ATEX z\u00f3na 1 \/ t\u0159\u00edda 1 divize 1) s WiFi 6, edge computing, kompatibiln\u00ed s platformou IIoT &amp; EdgeConnect.\" \/>\n<meta property=\"og:url\" content=\"https:\/\/alegerglobal.com\/cs\/komunikace\/ecom-pad-ex-pro-01-p8-dz2-tablet-s-ochranou-ex-atex-zone-2-116-dotykovy-displej-windows-kopie-kopie-2\/\" \/>\n<meta property=\"og:site_name\" content=\"ALEGER \u22c6 Augmented Reality\" \/>\n<meta property=\"article:modified_time\" content=\"2026-03-19T18:01:37+00:00\" \/>\n<meta property=\"og:image\" content=\"https:\/\/alegerglobal.com\/wp-content\/uploads\/2024\/06\/Unbenannt.jpg\" \/>\n\t<meta property=\"og:image:width\" content=\"800\" \/>\n\t<meta property=\"og:image:height\" content=\"800\" \/>\n\t<meta property=\"og:image:type\" content=\"image\/jpeg\" \/>\n<meta name=\"twitter:card\" content=\"summary_large_image\" \/>\n<meta name=\"twitter:label1\" content=\"Cena\" \/>\n\t<meta name=\"twitter:data1\" content=\"&euro;4.249,00\" \/>\n\t<meta name=\"twitter:label2\" content=\"Dostupnost\" \/>\n\t<meta name=\"twitter:data2\" content=\"Skladem\" \/>\n<script type=\"application\/ld+json\" class=\"yoast-schema-graph\">{\"@context\":\"https:\/\/schema.org\",\"@graph\":[{\"@type\":\"WebPage\",\"@id\":\"https:\/\/alegerglobal.com\/cs\/komunikace\/ecom-pad-ex-pro-01-p8-dz2-tablet-s-ochranou-ex-atex-zone-2-116-dotykovy-displej-windows-kopie-kopie-2\/\",\"url\":\"https:\/\/alegerglobal.com\/cs\/komunikace\/ecom-pad-ex-pro-01-p8-dz2-tablet-s-ochranou-ex-atex-zone-2-116-dotykovy-displej-windows-kopie-kopie-2\/\",\"name\":\"EdgeOne - 5G IIoT br\u00e1na a WIFI pro ATEX z\u00f3nu 1 \/ t\u0159\u00eddu 1\",\"isPartOf\":{\"@id\":\"https:\/\/alegerglobal.com\/cs\/#website\"},\"primaryImageOfPage\":{\"@id\":\"https:\/\/alegerglobal.com\/cs\/komunikace\/ecom-pad-ex-pro-01-p8-dz2-tablet-s-ochranou-ex-atex-zone-2-116-dotykovy-displej-windows-kopie-kopie-2\/#primaryimage\"},\"image\":{\"@id\":\"https:\/\/alegerglobal.com\/cs\/komunikace\/ecom-pad-ex-pro-01-p8-dz2-tablet-s-ochranou-ex-atex-zone-2-116-dotykovy-displej-windows-kopie-kopie-2\/#primaryimage\"},\"thumbnailUrl\":\"https:\/\/alegerglobal.com\/wp-content\/uploads\/2024\/06\/Unbenannt.jpg\",\"datePublished\":\"2025-09-14T17:51:43+00:00\",\"dateModified\":\"2026-03-19T18:01:37+00:00\",\"description\":\"EdgeOne je robustn\u00ed 5G br\u00e1na (ATEX z\u00f3na 1 \/ t\u0159\u00edda 1 divize 1) s WiFi 6, edge computing, kompatibiln\u00ed s platformou IIoT & EdgeConnect.\",\"breadcrumb\":{\"@id\":\"https:\/\/alegerglobal.com\/cs\/komunikace\/ecom-pad-ex-pro-01-p8-dz2-tablet-s-ochranou-ex-atex-zone-2-116-dotykovy-displej-windows-kopie-kopie-2\/#breadcrumb\"},\"inLanguage\":\"cs\",\"potentialAction\":[{\"@type\":\"ReadAction\",\"target\":[\"https:\/\/alegerglobal.com\/cs\/komunikace\/ecom-pad-ex-pro-01-p8-dz2-tablet-s-ochranou-ex-atex-zone-2-116-dotykovy-displej-windows-kopie-kopie-2\/\"]}]},{\"@type\":\"ImageObject\",\"inLanguage\":\"cs\",\"@id\":\"https:\/\/alegerglobal.com\/cs\/komunikace\/ecom-pad-ex-pro-01-p8-dz2-tablet-s-ochranou-ex-atex-zone-2-116-dotykovy-displej-windows-kopie-kopie-2\/#primaryimage\",\"url\":\"https:\/\/alegerglobal.com\/wp-content\/uploads\/2024\/06\/Unbenannt.jpg\",\"contentUrl\":\"https:\/\/alegerglobal.com\/wp-content\/uploads\/2024\/06\/Unbenannt.jpg\",\"width\":800,\"height\":800},{\"@type\":\"BreadcrumbList\",\"@id\":\"https:\/\/alegerglobal.com\/cs\/komunikace\/ecom-pad-ex-pro-01-p8-dz2-tablet-s-ochranou-ex-atex-zone-2-116-dotykovy-displej-windows-kopie-kopie-2\/#breadcrumb\",\"itemListElement\":[{\"@type\":\"ListItem\",\"position\":1,\"name\":\"Home\",\"item\":\"https:\/\/alegerglobal.com\/cs\/novinka-domovska-stranka\/\"},{\"@type\":\"ListItem\",\"position\":2,\"name\":\"Produkty\",\"item\":\"https:\/\/alegerglobal.com\/cs\/produkty\/\"},{\"@type\":\"ListItem\",\"position\":3,\"name\":\"EdgeOne &#8211; V\u00fdkonn\u00e1 5G br\u00e1na pro nebezpe\u010dn\u00e9 oblasti\"}]},{\"@type\":\"WebSite\",\"@id\":\"https:\/\/alegerglobal.com\/cs\/#website\",\"url\":\"https:\/\/alegerglobal.com\/cs\/\",\"name\":\"ALEGER \u22c6 Augmented Reality\",\"description\":\"Die besten Augmented Reality (AR) L\u00f6sungen der Welt.\",\"publisher\":{\"@id\":\"https:\/\/alegerglobal.com\/cs\/#organization\"},\"potentialAction\":[{\"@type\":\"SearchAction\",\"target\":{\"@type\":\"EntryPoint\",\"urlTemplate\":\"https:\/\/alegerglobal.com\/cs\/?s={search_term_string}\"},\"query-input\":{\"@type\":\"PropertyValueSpecification\",\"valueRequired\":true,\"valueName\":\"search_term_string\"}}],\"inLanguage\":\"cs\"},{\"@type\":\"Organization\",\"@id\":\"https:\/\/alegerglobal.com\/cs\/#organization\",\"name\":\"ALEGER \u22c6 Augmented Reality\",\"url\":\"https:\/\/alegerglobal.com\/cs\/\",\"logo\":{\"@type\":\"ImageObject\",\"inLanguage\":\"cs\",\"@id\":\"https:\/\/alegerglobal.com\/cs\/#\/schema\/logo\/image\/\",\"url\":\"https:\/\/alegerglobal.com\/wp-content\/uploads\/2020\/12\/aleger-logo-quadrat.jpg\",\"contentUrl\":\"https:\/\/alegerglobal.com\/wp-content\/uploads\/2020\/12\/aleger-logo-quadrat.jpg\",\"width\":200,\"height\":176,\"caption\":\"ALEGER \u22c6 Augmented Reality\"},\"image\":{\"@id\":\"https:\/\/alegerglobal.com\/cs\/#\/schema\/logo\/image\/\"}}]}<\/script>\n<meta property=\"product:price:amount\" content=\"4249.00\" \/>\n<meta property=\"product:price:currency\" content=\"EUR\" \/>\n<meta property=\"og:availability\" content=\"instock\" \/>\n<meta property=\"product:availability\" content=\"instock\" \/>\n<meta property=\"product:condition\" content=\"new\" \/>\n<!-- \/ Yoast SEO Premium plugin. -->","yoast_head_json":{"title":"EdgeOne - 5G IIoT br\u00e1na a WIFI pro ATEX z\u00f3nu 1 \/ t\u0159\u00eddu 1","description":"EdgeOne je robustn\u00ed 5G br\u00e1na (ATEX z\u00f3na 1 \/ t\u0159\u00edda 1 divize 1) s WiFi 6, edge computing, kompatibiln\u00ed s platformou IIoT & EdgeConnect.","robots":{"index":"index","follow":"follow","max-snippet":"max-snippet:-1","max-image-preview":"max-image-preview:large","max-video-preview":"max-video-preview:-1"},"og_locale":"cs_CZ","og_type":"article","og_title":"EdgeOne - V\u00fdkonn\u00e1 5G br\u00e1na pro nebezpe\u010dn\u00e9 oblasti","og_description":"EdgeOne je robustn\u00ed 5G br\u00e1na (ATEX z\u00f3na 1 \/ t\u0159\u00edda 1 divize 1) s WiFi 6, edge computing, kompatibiln\u00ed s platformou IIoT & EdgeConnect.","og_url":"https:\/\/alegerglobal.com\/cs\/komunikace\/ecom-pad-ex-pro-01-p8-dz2-tablet-s-ochranou-ex-atex-zone-2-116-dotykovy-displej-windows-kopie-kopie-2\/","og_site_name":"ALEGER \u22c6 Augmented Reality","article_modified_time":"2026-03-19T18:01:37+00:00","og_image":[{"width":800,"height":800,"url":"https:\/\/alegerglobal.com\/wp-content\/uploads\/2024\/06\/Unbenannt.jpg","type":"image\/jpeg"}],"twitter_card":"summary_large_image","twitter_misc":{"Cena":"&euro;4.249,00","Dostupnost":"Skladem"},"schema":{"@context":"https:\/\/schema.org","@graph":[{"@type":"WebPage","@id":"https:\/\/alegerglobal.com\/cs\/komunikace\/ecom-pad-ex-pro-01-p8-dz2-tablet-s-ochranou-ex-atex-zone-2-116-dotykovy-displej-windows-kopie-kopie-2\/","url":"https:\/\/alegerglobal.com\/cs\/komunikace\/ecom-pad-ex-pro-01-p8-dz2-tablet-s-ochranou-ex-atex-zone-2-116-dotykovy-displej-windows-kopie-kopie-2\/","name":"EdgeOne - 5G IIoT br\u00e1na a WIFI pro ATEX z\u00f3nu 1 \/ t\u0159\u00eddu 1","isPartOf":{"@id":"https:\/\/alegerglobal.com\/cs\/#website"},"primaryImageOfPage":{"@id":"https:\/\/alegerglobal.com\/cs\/komunikace\/ecom-pad-ex-pro-01-p8-dz2-tablet-s-ochranou-ex-atex-zone-2-116-dotykovy-displej-windows-kopie-kopie-2\/#primaryimage"},"image":{"@id":"https:\/\/alegerglobal.com\/cs\/komunikace\/ecom-pad-ex-pro-01-p8-dz2-tablet-s-ochranou-ex-atex-zone-2-116-dotykovy-displej-windows-kopie-kopie-2\/#primaryimage"},"thumbnailUrl":"https:\/\/alegerglobal.com\/wp-content\/uploads\/2024\/06\/Unbenannt.jpg","datePublished":"2025-09-14T17:51:43+00:00","dateModified":"2026-03-19T18:01:37+00:00","description":"EdgeOne je robustn\u00ed 5G br\u00e1na (ATEX z\u00f3na 1 \/ t\u0159\u00edda 1 divize 1) s WiFi 6, edge computing, kompatibiln\u00ed s platformou IIoT & EdgeConnect.","breadcrumb":{"@id":"https:\/\/alegerglobal.com\/cs\/komunikace\/ecom-pad-ex-pro-01-p8-dz2-tablet-s-ochranou-ex-atex-zone-2-116-dotykovy-displej-windows-kopie-kopie-2\/#breadcrumb"},"inLanguage":"cs","potentialAction":[{"@type":"ReadAction","target":["https:\/\/alegerglobal.com\/cs\/komunikace\/ecom-pad-ex-pro-01-p8-dz2-tablet-s-ochranou-ex-atex-zone-2-116-dotykovy-displej-windows-kopie-kopie-2\/"]}]},{"@type":"ImageObject","inLanguage":"cs","@id":"https:\/\/alegerglobal.com\/cs\/komunikace\/ecom-pad-ex-pro-01-p8-dz2-tablet-s-ochranou-ex-atex-zone-2-116-dotykovy-displej-windows-kopie-kopie-2\/#primaryimage","url":"https:\/\/alegerglobal.com\/wp-content\/uploads\/2024\/06\/Unbenannt.jpg","contentUrl":"https:\/\/alegerglobal.com\/wp-content\/uploads\/2024\/06\/Unbenannt.jpg","width":800,"height":800},{"@type":"BreadcrumbList","@id":"https:\/\/alegerglobal.com\/cs\/komunikace\/ecom-pad-ex-pro-01-p8-dz2-tablet-s-ochranou-ex-atex-zone-2-116-dotykovy-displej-windows-kopie-kopie-2\/#breadcrumb","itemListElement":[{"@type":"ListItem","position":1,"name":"Home","item":"https:\/\/alegerglobal.com\/cs\/novinka-domovska-stranka\/"},{"@type":"ListItem","position":2,"name":"Produkty","item":"https:\/\/alegerglobal.com\/cs\/produkty\/"},{"@type":"ListItem","position":3,"name":"EdgeOne &#8211; V\u00fdkonn\u00e1 5G br\u00e1na pro nebezpe\u010dn\u00e9 oblasti"}]},{"@type":"WebSite","@id":"https:\/\/alegerglobal.com\/cs\/#website","url":"https:\/\/alegerglobal.com\/cs\/","name":"ALEGER \u22c6 Augmented Reality","description":"Die besten Augmented Reality (AR) L\u00f6sungen der Welt.","publisher":{"@id":"https:\/\/alegerglobal.com\/cs\/#organization"},"potentialAction":[{"@type":"SearchAction","target":{"@type":"EntryPoint","urlTemplate":"https:\/\/alegerglobal.com\/cs\/?s={search_term_string}"},"query-input":{"@type":"PropertyValueSpecification","valueRequired":true,"valueName":"search_term_string"}}],"inLanguage":"cs"},{"@type":"Organization","@id":"https:\/\/alegerglobal.com\/cs\/#organization","name":"ALEGER \u22c6 Augmented Reality","url":"https:\/\/alegerglobal.com\/cs\/","logo":{"@type":"ImageObject","inLanguage":"cs","@id":"https:\/\/alegerglobal.com\/cs\/#\/schema\/logo\/image\/","url":"https:\/\/alegerglobal.com\/wp-content\/uploads\/2020\/12\/aleger-logo-quadrat.jpg","contentUrl":"https:\/\/alegerglobal.com\/wp-content\/uploads\/2020\/12\/aleger-logo-quadrat.jpg","width":200,"height":176,"caption":"ALEGER \u22c6 Augmented Reality"},"image":{"@id":"https:\/\/alegerglobal.com\/cs\/#\/schema\/logo\/image\/"}}]},"product_price_amount":"4249.00","product_price_currency":"EUR","og_availability":"instock","product_availability":"instock","product_condition":"new"},"_links":{"self":[{"href":"https:\/\/alegerglobal.com\/cs\/wp-json\/wp\/v2\/product\/49540","targetHints":{"allow":["GET"]}}],"collection":[{"href":"https:\/\/alegerglobal.com\/cs\/wp-json\/wp\/v2\/product"}],"about":[{"href":"https:\/\/alegerglobal.com\/cs\/wp-json\/wp\/v2\/types\/product"}],"replies":[{"embeddable":true,"href":"https:\/\/alegerglobal.com\/cs\/wp-json\/wp\/v2\/comments?post=49540"}],"version-history":[{"count":3,"href":"https:\/\/alegerglobal.com\/cs\/wp-json\/wp\/v2\/product\/49540\/revisions"}],"predecessor-version":[{"id":53959,"href":"https:\/\/alegerglobal.com\/cs\/wp-json\/wp\/v2\/product\/49540\/revisions\/53959"}],"wp:featuredmedia":[{"embeddable":true,"href":"https:\/\/alegerglobal.com\/cs\/wp-json\/wp\/v2\/media\/39949"}],"wp:attachment":[{"href":"https:\/\/alegerglobal.com\/cs\/wp-json\/wp\/v2\/media?parent=49540"}],"wp:term":[{"taxonomy":"product_brand","embeddable":true,"href":"https:\/\/alegerglobal.com\/cs\/wp-json\/wp\/v2\/product_brand?post=49540"},{"taxonomy":"product_cat","embeddable":true,"href":"https:\/\/alegerglobal.com\/cs\/wp-json\/wp\/v2\/product_cat?post=49540"},{"taxonomy":"product_tag","embeddable":true,"href":"https:\/\/alegerglobal.com\/cs\/wp-json\/wp\/v2\/product_tag?post=49540"}],"curies":[{"name":"wp","href":"https:\/\/api.w.org\/{rel}","templated":true}]}}