{"id":49449,"date":"2025-09-14T17:53:00","date_gmt":"2025-09-14T16:53:01","guid":{"rendered":"https:\/\/alegerglobal.com\/?post_type=product&#038;p=49449"},"modified":"2026-03-25T20:54:26","modified_gmt":"2026-03-25T19:54:26","slug":"ecom-pad-ex-pro-01-p8-dz2-tablet-s-ochranou-ex-atex-zone-2-116-dotykovy-displej-windows-3","status":"publish","type":"product","link":"https:\/\/alegerglobal.com\/cs\/shop-cs\/ecom-pad-ex-pro-01-p8-dz2-tablet-s-ochranou-ex-atex-zone-2-116-dotykovy-displej-windows-3\/","title":{"rendered":"Smart-Ex\u00ae 203 &#8211; chytr\u00fd telefon 5G odoln\u00fd v\u016f\u010di budoucnosti pro prost\u0159ed\u00ed s nebezpe\u010d\u00edm v\u00fdbuchu"},"content":{"rendered":"","protected":false},"excerpt":{"rendered":"<p data-start=\"659\" data-end=\"1140\"><strong data-start=\"627\" data-end=\"643\">Smart-Ex 203<\/strong> od spole\u010dnosti ECOM \/ Pepperl+Fuchs je v\u00fdkonn\u00fd pr\u016fmyslov\u00fd smartphone speci\u00e1ln\u011b vyvinut\u00fd pro nebezpe\u010dn\u00e9 z\u00f3ny <strong data-start=\"761\" data-end=\"787\">2\/22 a divize 2<\/strong>. D\u00edky nejmodern\u011bj\u0161\u00edm technologi\u00edm, jako je 5G, WiFi 6, velk\u00e1 kamera, robustn\u00ed konstrukce a vynikaj\u00edc\u00ed softwarov\u00e1 podpora, je ide\u00e1ln\u00ed pro ter\u00e9nn\u00ed slu\u017eby, inspekce, digit\u00e1ln\u00ed pracovn\u00ed postupy a mobiln\u00ed komunikaci v nebezpe\u010dn\u00fdch pracovn\u00edch prostorech.<\/p>\n","protected":false},"featured_media":49485,"comment_status":"open","ping_status":"closed","template":"","meta":{"_acf_changed":false},"product_brand":[],"product_cat":[1527,2626,2625,1516],"product_tag":[],"class_list":{"0":"post-49449","1":"product","2":"type-product","3":"status-publish","4":"has-post-thumbnail","6":"product_cat-atex-cs","7":"product_cat-komunikace","8":"product_cat-mobilni-vypocetni-technika","9":"product_cat-shop-cs","10":"pa_hersteller-ecom-cs","12":"first","13":"instock","14":"taxable","15":"shipping-taxable","16":"purchasable","17":"product-type-simple"},"acf":[],"yoast_head":"<!-- This site is optimized with the Yoast SEO Premium plugin v20.10 (Yoast SEO v24.3) - https:\/\/yoast.com\/wordpress\/plugins\/seo\/ -->\n<title>Smart-Ex 203 - 5G Ex smartphone pro z\u00f3nu 2\/22 a divizi 2<\/title>\n<meta name=\"description\" content=\"Robustn\u00ed smartphone Smart-Ex 203 ATEX\/IECEx 5G s 6,3\u2033 FHD+, 48 MP fotoapar\u00e1tem, IP68 a MIL-STD-810H. Ide\u00e1ln\u00ed do nebezpe\u010dn\u00fdch prostor s vysok\u00fdm v\u00fdkonem a bezpe\u010dnost\u00ed.\" \/>\n<meta name=\"robots\" content=\"index, follow, max-snippet:-1, max-image-preview:large, max-video-preview:-1\" \/>\n<meta property=\"og:locale\" content=\"cs_CZ\" \/>\n<meta property=\"og:type\" content=\"article\" \/>\n<meta property=\"og:title\" content=\"Smart-Ex\u00ae 203 - chytr\u00fd telefon 5G odoln\u00fd v\u016f\u010di budoucnosti pro prost\u0159ed\u00ed s nebezpe\u010d\u00edm v\u00fdbuchu\" \/>\n<meta property=\"og:description\" content=\"Robustn\u00ed smartphone Smart-Ex 203 ATEX\/IECEx 5G s 6,3\u2033 FHD+, 48 MP fotoapar\u00e1tem, IP68 a MIL-STD-810H. Ide\u00e1ln\u00ed do nebezpe\u010dn\u00fdch prostor s vysok\u00fdm v\u00fdkonem a bezpe\u010dnost\u00ed.\" \/>\n<meta property=\"og:url\" content=\"https:\/\/alegerglobal.com\/cs\/shop-cs\/ecom-pad-ex-pro-01-p8-dz2-tablet-s-ochranou-ex-atex-zone-2-116-dotykovy-displej-windows-3\/\" \/>\n<meta property=\"og:site_name\" content=\"ALEGER \u22c6 Augmented Reality\" \/>\n<meta property=\"article:modified_time\" content=\"2026-03-25T19:54:26+00:00\" \/>\n<meta property=\"og:image\" content=\"https:\/\/alegerglobal.com\/wp-content\/uploads\/2025\/09\/Bild14.png\" \/>\n\t<meta property=\"og:image:width\" content=\"400\" \/>\n\t<meta property=\"og:image:height\" content=\"400\" \/>\n\t<meta property=\"og:image:type\" content=\"image\/png\" \/>\n<meta name=\"twitter:card\" content=\"summary_large_image\" \/>\n<meta name=\"twitter:label1\" content=\"Cena\" \/>\n\t<meta name=\"twitter:data1\" content=\"&euro;4.249,00\" \/>\n\t<meta name=\"twitter:label2\" content=\"Dostupnost\" \/>\n\t<meta name=\"twitter:data2\" content=\"Skladem\" \/>\n<script type=\"application\/ld+json\" class=\"yoast-schema-graph\">{\"@context\":\"https:\/\/schema.org\",\"@graph\":[{\"@type\":\"WebPage\",\"@id\":\"https:\/\/alegerglobal.com\/cs\/shop-cs\/ecom-pad-ex-pro-01-p8-dz2-tablet-s-ochranou-ex-atex-zone-2-116-dotykovy-displej-windows-3\/\",\"url\":\"https:\/\/alegerglobal.com\/cs\/shop-cs\/ecom-pad-ex-pro-01-p8-dz2-tablet-s-ochranou-ex-atex-zone-2-116-dotykovy-displej-windows-3\/\",\"name\":\"Smart-Ex 203 - 5G Ex smartphone pro z\u00f3nu 2\/22 a divizi 2\",\"isPartOf\":{\"@id\":\"https:\/\/alegerglobal.com\/cs\/#website\"},\"primaryImageOfPage\":{\"@id\":\"https:\/\/alegerglobal.com\/cs\/shop-cs\/ecom-pad-ex-pro-01-p8-dz2-tablet-s-ochranou-ex-atex-zone-2-116-dotykovy-displej-windows-3\/#primaryimage\"},\"image\":{\"@id\":\"https:\/\/alegerglobal.com\/cs\/shop-cs\/ecom-pad-ex-pro-01-p8-dz2-tablet-s-ochranou-ex-atex-zone-2-116-dotykovy-displej-windows-3\/#primaryimage\"},\"thumbnailUrl\":\"https:\/\/alegerglobal.com\/wp-content\/uploads\/2025\/09\/Bild14.png\",\"datePublished\":\"2025-09-14T16:53:01+00:00\",\"dateModified\":\"2026-03-25T19:54:26+00:00\",\"description\":\"Robustn\u00ed smartphone Smart-Ex 203 ATEX\/IECEx 5G s 6,3\u2033 FHD+, 48 MP fotoapar\u00e1tem, IP68 a MIL-STD-810H. Ide\u00e1ln\u00ed do nebezpe\u010dn\u00fdch prostor s vysok\u00fdm v\u00fdkonem a bezpe\u010dnost\u00ed.\",\"breadcrumb\":{\"@id\":\"https:\/\/alegerglobal.com\/cs\/shop-cs\/ecom-pad-ex-pro-01-p8-dz2-tablet-s-ochranou-ex-atex-zone-2-116-dotykovy-displej-windows-3\/#breadcrumb\"},\"inLanguage\":\"cs\",\"potentialAction\":[{\"@type\":\"ReadAction\",\"target\":[\"https:\/\/alegerglobal.com\/cs\/shop-cs\/ecom-pad-ex-pro-01-p8-dz2-tablet-s-ochranou-ex-atex-zone-2-116-dotykovy-displej-windows-3\/\"]}]},{\"@type\":\"ImageObject\",\"inLanguage\":\"cs\",\"@id\":\"https:\/\/alegerglobal.com\/cs\/shop-cs\/ecom-pad-ex-pro-01-p8-dz2-tablet-s-ochranou-ex-atex-zone-2-116-dotykovy-displej-windows-3\/#primaryimage\",\"url\":\"https:\/\/alegerglobal.com\/wp-content\/uploads\/2025\/09\/Bild14.png\",\"contentUrl\":\"https:\/\/alegerglobal.com\/wp-content\/uploads\/2025\/09\/Bild14.png\",\"width\":400,\"height\":400},{\"@type\":\"BreadcrumbList\",\"@id\":\"https:\/\/alegerglobal.com\/cs\/shop-cs\/ecom-pad-ex-pro-01-p8-dz2-tablet-s-ochranou-ex-atex-zone-2-116-dotykovy-displej-windows-3\/#breadcrumb\",\"itemListElement\":[{\"@type\":\"ListItem\",\"position\":1,\"name\":\"Home\",\"item\":\"https:\/\/alegerglobal.com\/cs\/novinka-domovska-stranka\/\"},{\"@type\":\"ListItem\",\"position\":2,\"name\":\"Produkty\",\"item\":\"https:\/\/alegerglobal.com\/cs\/produkty\/\"},{\"@type\":\"ListItem\",\"position\":3,\"name\":\"Smart-Ex\u00ae 203 &#8211; chytr\u00fd telefon 5G odoln\u00fd v\u016f\u010di budoucnosti pro prost\u0159ed\u00ed s nebezpe\u010d\u00edm v\u00fdbuchu\"}]},{\"@type\":\"WebSite\",\"@id\":\"https:\/\/alegerglobal.com\/cs\/#website\",\"url\":\"https:\/\/alegerglobal.com\/cs\/\",\"name\":\"ALEGER \u22c6 Augmented Reality\",\"description\":\"Die besten Augmented Reality (AR) L\u00f6sungen der Welt.\",\"publisher\":{\"@id\":\"https:\/\/alegerglobal.com\/cs\/#organization\"},\"potentialAction\":[{\"@type\":\"SearchAction\",\"target\":{\"@type\":\"EntryPoint\",\"urlTemplate\":\"https:\/\/alegerglobal.com\/cs\/?s={search_term_string}\"},\"query-input\":{\"@type\":\"PropertyValueSpecification\",\"valueRequired\":true,\"valueName\":\"search_term_string\"}}],\"inLanguage\":\"cs\"},{\"@type\":\"Organization\",\"@id\":\"https:\/\/alegerglobal.com\/cs\/#organization\",\"name\":\"ALEGER \u22c6 Augmented Reality\",\"url\":\"https:\/\/alegerglobal.com\/cs\/\",\"logo\":{\"@type\":\"ImageObject\",\"inLanguage\":\"cs\",\"@id\":\"https:\/\/alegerglobal.com\/cs\/#\/schema\/logo\/image\/\",\"url\":\"https:\/\/alegerglobal.com\/wp-content\/uploads\/2020\/12\/aleger-logo-quadrat.jpg\",\"contentUrl\":\"https:\/\/alegerglobal.com\/wp-content\/uploads\/2020\/12\/aleger-logo-quadrat.jpg\",\"width\":200,\"height\":176,\"caption\":\"ALEGER \u22c6 Augmented Reality\"},\"image\":{\"@id\":\"https:\/\/alegerglobal.com\/cs\/#\/schema\/logo\/image\/\"}}]}<\/script>\n<meta property=\"product:brand\" content=\"Ecom\" \/>\n<meta property=\"product:price:amount\" content=\"4249.00\" \/>\n<meta property=\"product:price:currency\" content=\"EUR\" \/>\n<meta property=\"og:availability\" content=\"instock\" \/>\n<meta property=\"product:availability\" content=\"instock\" \/>\n<meta property=\"product:condition\" content=\"new\" \/>\n<!-- \/ Yoast SEO Premium plugin. -->","yoast_head_json":{"title":"Smart-Ex 203 - 5G Ex smartphone pro z\u00f3nu 2\/22 a divizi 2","description":"Robustn\u00ed smartphone Smart-Ex 203 ATEX\/IECEx 5G s 6,3\u2033 FHD+, 48 MP fotoapar\u00e1tem, IP68 a MIL-STD-810H. Ide\u00e1ln\u00ed do nebezpe\u010dn\u00fdch prostor s vysok\u00fdm v\u00fdkonem a bezpe\u010dnost\u00ed.","robots":{"index":"index","follow":"follow","max-snippet":"max-snippet:-1","max-image-preview":"max-image-preview:large","max-video-preview":"max-video-preview:-1"},"og_locale":"cs_CZ","og_type":"article","og_title":"Smart-Ex\u00ae 203 - chytr\u00fd telefon 5G odoln\u00fd v\u016f\u010di budoucnosti pro prost\u0159ed\u00ed s nebezpe\u010d\u00edm v\u00fdbuchu","og_description":"Robustn\u00ed smartphone Smart-Ex 203 ATEX\/IECEx 5G s 6,3\u2033 FHD+, 48 MP fotoapar\u00e1tem, IP68 a MIL-STD-810H. Ide\u00e1ln\u00ed do nebezpe\u010dn\u00fdch prostor s vysok\u00fdm v\u00fdkonem a bezpe\u010dnost\u00ed.","og_url":"https:\/\/alegerglobal.com\/cs\/shop-cs\/ecom-pad-ex-pro-01-p8-dz2-tablet-s-ochranou-ex-atex-zone-2-116-dotykovy-displej-windows-3\/","og_site_name":"ALEGER \u22c6 Augmented Reality","article_modified_time":"2026-03-25T19:54:26+00:00","og_image":[{"width":400,"height":400,"url":"https:\/\/alegerglobal.com\/wp-content\/uploads\/2025\/09\/Bild14.png","type":"image\/png"}],"twitter_card":"summary_large_image","twitter_misc":{"Cena":"&euro;4.249,00","Dostupnost":"Skladem"},"schema":{"@context":"https:\/\/schema.org","@graph":[{"@type":"WebPage","@id":"https:\/\/alegerglobal.com\/cs\/shop-cs\/ecom-pad-ex-pro-01-p8-dz2-tablet-s-ochranou-ex-atex-zone-2-116-dotykovy-displej-windows-3\/","url":"https:\/\/alegerglobal.com\/cs\/shop-cs\/ecom-pad-ex-pro-01-p8-dz2-tablet-s-ochranou-ex-atex-zone-2-116-dotykovy-displej-windows-3\/","name":"Smart-Ex 203 - 5G Ex smartphone pro z\u00f3nu 2\/22 a divizi 2","isPartOf":{"@id":"https:\/\/alegerglobal.com\/cs\/#website"},"primaryImageOfPage":{"@id":"https:\/\/alegerglobal.com\/cs\/shop-cs\/ecom-pad-ex-pro-01-p8-dz2-tablet-s-ochranou-ex-atex-zone-2-116-dotykovy-displej-windows-3\/#primaryimage"},"image":{"@id":"https:\/\/alegerglobal.com\/cs\/shop-cs\/ecom-pad-ex-pro-01-p8-dz2-tablet-s-ochranou-ex-atex-zone-2-116-dotykovy-displej-windows-3\/#primaryimage"},"thumbnailUrl":"https:\/\/alegerglobal.com\/wp-content\/uploads\/2025\/09\/Bild14.png","datePublished":"2025-09-14T16:53:01+00:00","dateModified":"2026-03-25T19:54:26+00:00","description":"Robustn\u00ed smartphone Smart-Ex 203 ATEX\/IECEx 5G s 6,3\u2033 FHD+, 48 MP fotoapar\u00e1tem, IP68 a MIL-STD-810H. Ide\u00e1ln\u00ed do nebezpe\u010dn\u00fdch prostor s vysok\u00fdm v\u00fdkonem a bezpe\u010dnost\u00ed.","breadcrumb":{"@id":"https:\/\/alegerglobal.com\/cs\/shop-cs\/ecom-pad-ex-pro-01-p8-dz2-tablet-s-ochranou-ex-atex-zone-2-116-dotykovy-displej-windows-3\/#breadcrumb"},"inLanguage":"cs","potentialAction":[{"@type":"ReadAction","target":["https:\/\/alegerglobal.com\/cs\/shop-cs\/ecom-pad-ex-pro-01-p8-dz2-tablet-s-ochranou-ex-atex-zone-2-116-dotykovy-displej-windows-3\/"]}]},{"@type":"ImageObject","inLanguage":"cs","@id":"https:\/\/alegerglobal.com\/cs\/shop-cs\/ecom-pad-ex-pro-01-p8-dz2-tablet-s-ochranou-ex-atex-zone-2-116-dotykovy-displej-windows-3\/#primaryimage","url":"https:\/\/alegerglobal.com\/wp-content\/uploads\/2025\/09\/Bild14.png","contentUrl":"https:\/\/alegerglobal.com\/wp-content\/uploads\/2025\/09\/Bild14.png","width":400,"height":400},{"@type":"BreadcrumbList","@id":"https:\/\/alegerglobal.com\/cs\/shop-cs\/ecom-pad-ex-pro-01-p8-dz2-tablet-s-ochranou-ex-atex-zone-2-116-dotykovy-displej-windows-3\/#breadcrumb","itemListElement":[{"@type":"ListItem","position":1,"name":"Home","item":"https:\/\/alegerglobal.com\/cs\/novinka-domovska-stranka\/"},{"@type":"ListItem","position":2,"name":"Produkty","item":"https:\/\/alegerglobal.com\/cs\/produkty\/"},{"@type":"ListItem","position":3,"name":"Smart-Ex\u00ae 203 &#8211; chytr\u00fd telefon 5G odoln\u00fd v\u016f\u010di budoucnosti pro prost\u0159ed\u00ed s nebezpe\u010d\u00edm v\u00fdbuchu"}]},{"@type":"WebSite","@id":"https:\/\/alegerglobal.com\/cs\/#website","url":"https:\/\/alegerglobal.com\/cs\/","name":"ALEGER \u22c6 Augmented Reality","description":"Die besten Augmented Reality (AR) L\u00f6sungen der Welt.","publisher":{"@id":"https:\/\/alegerglobal.com\/cs\/#organization"},"potentialAction":[{"@type":"SearchAction","target":{"@type":"EntryPoint","urlTemplate":"https:\/\/alegerglobal.com\/cs\/?s={search_term_string}"},"query-input":{"@type":"PropertyValueSpecification","valueRequired":true,"valueName":"search_term_string"}}],"inLanguage":"cs"},{"@type":"Organization","@id":"https:\/\/alegerglobal.com\/cs\/#organization","name":"ALEGER \u22c6 Augmented Reality","url":"https:\/\/alegerglobal.com\/cs\/","logo":{"@type":"ImageObject","inLanguage":"cs","@id":"https:\/\/alegerglobal.com\/cs\/#\/schema\/logo\/image\/","url":"https:\/\/alegerglobal.com\/wp-content\/uploads\/2020\/12\/aleger-logo-quadrat.jpg","contentUrl":"https:\/\/alegerglobal.com\/wp-content\/uploads\/2020\/12\/aleger-logo-quadrat.jpg","width":200,"height":176,"caption":"ALEGER \u22c6 Augmented Reality"},"image":{"@id":"https:\/\/alegerglobal.com\/cs\/#\/schema\/logo\/image\/"}}]},"product_brand":"Ecom","product_price_amount":"4249.00","product_price_currency":"EUR","og_availability":"instock","product_availability":"instock","product_condition":"new"},"_links":{"self":[{"href":"https:\/\/alegerglobal.com\/cs\/wp-json\/wp\/v2\/product\/49449","targetHints":{"allow":["GET"]}}],"collection":[{"href":"https:\/\/alegerglobal.com\/cs\/wp-json\/wp\/v2\/product"}],"about":[{"href":"https:\/\/alegerglobal.com\/cs\/wp-json\/wp\/v2\/types\/product"}],"replies":[{"embeddable":true,"href":"https:\/\/alegerglobal.com\/cs\/wp-json\/wp\/v2\/comments?post=49449"}],"version-history":[{"count":3,"href":"https:\/\/alegerglobal.com\/cs\/wp-json\/wp\/v2\/product\/49449\/revisions"}],"predecessor-version":[{"id":54123,"href":"https:\/\/alegerglobal.com\/cs\/wp-json\/wp\/v2\/product\/49449\/revisions\/54123"}],"wp:featuredmedia":[{"embeddable":true,"href":"https:\/\/alegerglobal.com\/cs\/wp-json\/wp\/v2\/media\/49485"}],"wp:attachment":[{"href":"https:\/\/alegerglobal.com\/cs\/wp-json\/wp\/v2\/media?parent=49449"}],"wp:term":[{"taxonomy":"product_brand","embeddable":true,"href":"https:\/\/alegerglobal.com\/cs\/wp-json\/wp\/v2\/product_brand?post=49449"},{"taxonomy":"product_cat","embeddable":true,"href":"https:\/\/alegerglobal.com\/cs\/wp-json\/wp\/v2\/product_cat?post=49449"},{"taxonomy":"product_tag","embeddable":true,"href":"https:\/\/alegerglobal.com\/cs\/wp-json\/wp\/v2\/product_tag?post=49449"}],"curies":[{"name":"wp","href":"https:\/\/api.w.org\/{rel}","templated":true}]}}