{"id":49360,"date":"2025-09-15T17:21:19","date_gmt":"2025-09-14T16:21:19","guid":{"rendered":"https:\/\/alegerglobal.com\/?post_type=product&#038;p=49360"},"modified":"2026-03-25T20:05:38","modified_gmt":"2026-03-25T19:05:38","slug":"ecom-pad-ex-pro-01-p8-dz2-tablet-s-ochranou-ex-atex-zone-2-116-dotykovy-displej-windows","status":"publish","type":"product","link":"https:\/\/alegerglobal.com\/cs\/mobilni-vypocetni-technika\/ecom-pad-ex-pro-01-p8-dz2-tablet-s-ochranou-ex-atex-zone-2-116-dotykovy-displej-windows\/","title":{"rendered":"Pad-Ex\u00ae 01 P12 DZ2 &#8211; tablet se syst\u00e9mem Windows pro bezpe\u010dn\u00e9 a produktivn\u00ed pou\u017eit\u00ed v z\u00f3n\u011b 2\/22 a divizi 2"},"content":{"rendered":"","protected":false},"excerpt":{"rendered":"<p data-start=\"659\" data-end=\"1140\"><strong data-start=\"682\" data-end=\"704\">Pad-Ex\u00ae 01 P12 DZ2<\/strong> od spole\u010dnosti Ecom \/ Pepperl+Fuchs je profesion\u00e1ln\u00ed tablet se syst\u00e9mem Windows, kter\u00fd byl speci\u00e1ln\u011b vyvinut pro pou\u017eit\u00ed v prost\u0159ed\u00ed s nebezpe\u010d\u00edm v\u00fdbuchu (z\u00f3na 2\/22 a divize 2). Nab\u00edz\u00ed \u0161pi\u010dkovou technologii, schv\u00e1len\u00ed Ex a robustnost pro pr\u016fmysl, kontrolu za\u0159\u00edzen\u00ed, \u00fadr\u017ebu a venkovn\u00ed pou\u017eit\u00ed.<\/p>\n","protected":false},"featured_media":49426,"comment_status":"open","ping_status":"closed","template":"","meta":{"_acf_changed":false},"product_brand":[],"product_cat":[1527,2625,1516],"product_tag":[],"class_list":{"0":"post-49360","1":"product","2":"type-product","3":"status-publish","4":"has-post-thumbnail","6":"product_cat-atex-cs","7":"product_cat-mobilni-vypocetni-technika","8":"product_cat-shop-cs","9":"pa_hersteller-ecom-cs","11":"first","12":"instock","13":"taxable","14":"shipping-taxable","15":"purchasable","16":"product-type-simple"},"acf":[],"yoast_head":"<!-- This site is optimized with the Yoast SEO Premium plugin v20.10 (Yoast SEO v24.3) - https:\/\/yoast.com\/wordpress\/plugins\/seo\/ -->\n<title>Pad-Ex\u00ae 01 P12 DZ2 - 11,6\u2033 tablet Ex Windows pro z\u00f3nu 2\/22<\/title>\n<meta name=\"description\" content=\"Odoln\u00fd tablet s Windows Pad-Ex\u00ae 01 P12 DZ2 s 11,6\u2033 displejem FHD (1000 nit), Intel Core i5, IP64\/IP65, ATEX\/IECEx z\u00f3na 2\/22 a divize 2, ide\u00e1ln\u00ed pro pr\u016fmyslov\u00e9 aplikace s ohledem na bezpe\u010dnost a v\u00fdkon.\" \/>\n<meta name=\"robots\" content=\"index, follow, max-snippet:-1, max-image-preview:large, max-video-preview:-1\" \/>\n<meta property=\"og:locale\" content=\"cs_CZ\" \/>\n<meta property=\"og:type\" content=\"article\" \/>\n<meta property=\"og:title\" content=\"Pad-Ex\u00ae 01 P12 DZ2 - tablet se syst\u00e9mem Windows pro bezpe\u010dn\u00e9 a produktivn\u00ed pou\u017eit\u00ed v z\u00f3n\u011b 2\/22 a divizi 2\" \/>\n<meta property=\"og:description\" content=\"Odoln\u00fd tablet s Windows Pad-Ex\u00ae 01 P12 DZ2 s 11,6\u2033 displejem FHD (1000 nit), Intel Core i5, IP64\/IP65, ATEX\/IECEx z\u00f3na 2\/22 a divize 2, ide\u00e1ln\u00ed pro pr\u016fmyslov\u00e9 aplikace s ohledem na bezpe\u010dnost a v\u00fdkon.\" \/>\n<meta property=\"og:url\" content=\"https:\/\/alegerglobal.com\/cs\/mobilni-vypocetni-technika\/ecom-pad-ex-pro-01-p8-dz2-tablet-s-ochranou-ex-atex-zone-2-116-dotykovy-displej-windows\/\" \/>\n<meta property=\"og:site_name\" content=\"ALEGER \u22c6 Augmented Reality\" \/>\n<meta property=\"article:modified_time\" content=\"2026-03-25T19:05:38+00:00\" \/>\n<meta property=\"og:image\" content=\"https:\/\/alegerglobal.com\/wp-content\/uploads\/2025\/09\/bild10.png\" \/>\n\t<meta property=\"og:image:width\" content=\"400\" \/>\n\t<meta property=\"og:image:height\" content=\"400\" \/>\n\t<meta property=\"og:image:type\" content=\"image\/png\" \/>\n<meta name=\"twitter:card\" content=\"summary_large_image\" \/>\n<meta name=\"twitter:label1\" content=\"Cena\" \/>\n\t<meta name=\"twitter:data1\" content=\"&euro;4.249,00\" \/>\n\t<meta name=\"twitter:label2\" content=\"Dostupnost\" \/>\n\t<meta name=\"twitter:data2\" content=\"Skladem\" \/>\n<script type=\"application\/ld+json\" class=\"yoast-schema-graph\">{\"@context\":\"https:\/\/schema.org\",\"@graph\":[{\"@type\":\"WebPage\",\"@id\":\"https:\/\/alegerglobal.com\/cs\/mobilni-vypocetni-technika\/ecom-pad-ex-pro-01-p8-dz2-tablet-s-ochranou-ex-atex-zone-2-116-dotykovy-displej-windows\/\",\"url\":\"https:\/\/alegerglobal.com\/cs\/mobilni-vypocetni-technika\/ecom-pad-ex-pro-01-p8-dz2-tablet-s-ochranou-ex-atex-zone-2-116-dotykovy-displej-windows\/\",\"name\":\"Pad-Ex\u00ae 01 P12 DZ2 - 11,6\u2033 tablet Ex Windows pro z\u00f3nu 2\/22\",\"isPartOf\":{\"@id\":\"https:\/\/alegerglobal.com\/cs\/#website\"},\"primaryImageOfPage\":{\"@id\":\"https:\/\/alegerglobal.com\/cs\/mobilni-vypocetni-technika\/ecom-pad-ex-pro-01-p8-dz2-tablet-s-ochranou-ex-atex-zone-2-116-dotykovy-displej-windows\/#primaryimage\"},\"image\":{\"@id\":\"https:\/\/alegerglobal.com\/cs\/mobilni-vypocetni-technika\/ecom-pad-ex-pro-01-p8-dz2-tablet-s-ochranou-ex-atex-zone-2-116-dotykovy-displej-windows\/#primaryimage\"},\"thumbnailUrl\":\"https:\/\/alegerglobal.com\/wp-content\/uploads\/2025\/09\/bild10.png\",\"datePublished\":\"2025-09-14T16:21:19+00:00\",\"dateModified\":\"2026-03-25T19:05:38+00:00\",\"description\":\"Odoln\u00fd tablet s Windows Pad-Ex\u00ae 01 P12 DZ2 s 11,6\u2033 displejem FHD (1000 nit), Intel Core i5, IP64\/IP65, ATEX\/IECEx z\u00f3na 2\/22 a divize 2, ide\u00e1ln\u00ed pro pr\u016fmyslov\u00e9 aplikace s ohledem na bezpe\u010dnost a v\u00fdkon.\",\"breadcrumb\":{\"@id\":\"https:\/\/alegerglobal.com\/cs\/mobilni-vypocetni-technika\/ecom-pad-ex-pro-01-p8-dz2-tablet-s-ochranou-ex-atex-zone-2-116-dotykovy-displej-windows\/#breadcrumb\"},\"inLanguage\":\"cs\",\"potentialAction\":[{\"@type\":\"ReadAction\",\"target\":[\"https:\/\/alegerglobal.com\/cs\/mobilni-vypocetni-technika\/ecom-pad-ex-pro-01-p8-dz2-tablet-s-ochranou-ex-atex-zone-2-116-dotykovy-displej-windows\/\"]}]},{\"@type\":\"ImageObject\",\"inLanguage\":\"cs\",\"@id\":\"https:\/\/alegerglobal.com\/cs\/mobilni-vypocetni-technika\/ecom-pad-ex-pro-01-p8-dz2-tablet-s-ochranou-ex-atex-zone-2-116-dotykovy-displej-windows\/#primaryimage\",\"url\":\"https:\/\/alegerglobal.com\/wp-content\/uploads\/2025\/09\/bild10.png\",\"contentUrl\":\"https:\/\/alegerglobal.com\/wp-content\/uploads\/2025\/09\/bild10.png\",\"width\":400,\"height\":400},{\"@type\":\"BreadcrumbList\",\"@id\":\"https:\/\/alegerglobal.com\/cs\/mobilni-vypocetni-technika\/ecom-pad-ex-pro-01-p8-dz2-tablet-s-ochranou-ex-atex-zone-2-116-dotykovy-displej-windows\/#breadcrumb\",\"itemListElement\":[{\"@type\":\"ListItem\",\"position\":1,\"name\":\"Home\",\"item\":\"https:\/\/alegerglobal.com\/cs\/novinka-domovska-stranka\/\"},{\"@type\":\"ListItem\",\"position\":2,\"name\":\"Produkty\",\"item\":\"https:\/\/alegerglobal.com\/cs\/produkty\/\"},{\"@type\":\"ListItem\",\"position\":3,\"name\":\"Pad-Ex\u00ae 01 P12 DZ2 &#8211; tablet se syst\u00e9mem Windows pro bezpe\u010dn\u00e9 a produktivn\u00ed pou\u017eit\u00ed v z\u00f3n\u011b 2\/22 a divizi 2\"}]},{\"@type\":\"WebSite\",\"@id\":\"https:\/\/alegerglobal.com\/cs\/#website\",\"url\":\"https:\/\/alegerglobal.com\/cs\/\",\"name\":\"ALEGER \u22c6 Augmented Reality\",\"description\":\"Die besten Augmented Reality (AR) L\u00f6sungen der Welt.\",\"publisher\":{\"@id\":\"https:\/\/alegerglobal.com\/cs\/#organization\"},\"potentialAction\":[{\"@type\":\"SearchAction\",\"target\":{\"@type\":\"EntryPoint\",\"urlTemplate\":\"https:\/\/alegerglobal.com\/cs\/?s={search_term_string}\"},\"query-input\":{\"@type\":\"PropertyValueSpecification\",\"valueRequired\":true,\"valueName\":\"search_term_string\"}}],\"inLanguage\":\"cs\"},{\"@type\":\"Organization\",\"@id\":\"https:\/\/alegerglobal.com\/cs\/#organization\",\"name\":\"ALEGER \u22c6 Augmented Reality\",\"url\":\"https:\/\/alegerglobal.com\/cs\/\",\"logo\":{\"@type\":\"ImageObject\",\"inLanguage\":\"cs\",\"@id\":\"https:\/\/alegerglobal.com\/cs\/#\/schema\/logo\/image\/\",\"url\":\"https:\/\/alegerglobal.com\/wp-content\/uploads\/2020\/12\/aleger-logo-quadrat.jpg\",\"contentUrl\":\"https:\/\/alegerglobal.com\/wp-content\/uploads\/2020\/12\/aleger-logo-quadrat.jpg\",\"width\":200,\"height\":176,\"caption\":\"ALEGER \u22c6 Augmented Reality\"},\"image\":{\"@id\":\"https:\/\/alegerglobal.com\/cs\/#\/schema\/logo\/image\/\"}}]}<\/script>\n<meta property=\"product:brand\" content=\"Ecom\" \/>\n<meta property=\"product:price:amount\" content=\"4249.00\" \/>\n<meta property=\"product:price:currency\" content=\"EUR\" \/>\n<meta property=\"og:availability\" content=\"instock\" \/>\n<meta property=\"product:availability\" content=\"instock\" \/>\n<meta property=\"product:condition\" content=\"new\" \/>\n<!-- \/ Yoast SEO Premium plugin. -->","yoast_head_json":{"title":"Pad-Ex\u00ae 01 P12 DZ2 - 11,6\u2033 tablet Ex Windows pro z\u00f3nu 2\/22","description":"Odoln\u00fd tablet s Windows Pad-Ex\u00ae 01 P12 DZ2 s 11,6\u2033 displejem FHD (1000 nit), Intel Core i5, IP64\/IP65, ATEX\/IECEx z\u00f3na 2\/22 a divize 2, ide\u00e1ln\u00ed pro pr\u016fmyslov\u00e9 aplikace s ohledem na bezpe\u010dnost a v\u00fdkon.","robots":{"index":"index","follow":"follow","max-snippet":"max-snippet:-1","max-image-preview":"max-image-preview:large","max-video-preview":"max-video-preview:-1"},"og_locale":"cs_CZ","og_type":"article","og_title":"Pad-Ex\u00ae 01 P12 DZ2 - tablet se syst\u00e9mem Windows pro bezpe\u010dn\u00e9 a produktivn\u00ed pou\u017eit\u00ed v z\u00f3n\u011b 2\/22 a divizi 2","og_description":"Odoln\u00fd tablet s Windows Pad-Ex\u00ae 01 P12 DZ2 s 11,6\u2033 displejem FHD (1000 nit), Intel Core i5, IP64\/IP65, ATEX\/IECEx z\u00f3na 2\/22 a divize 2, ide\u00e1ln\u00ed pro pr\u016fmyslov\u00e9 aplikace s ohledem na bezpe\u010dnost a v\u00fdkon.","og_url":"https:\/\/alegerglobal.com\/cs\/mobilni-vypocetni-technika\/ecom-pad-ex-pro-01-p8-dz2-tablet-s-ochranou-ex-atex-zone-2-116-dotykovy-displej-windows\/","og_site_name":"ALEGER \u22c6 Augmented Reality","article_modified_time":"2026-03-25T19:05:38+00:00","og_image":[{"width":400,"height":400,"url":"https:\/\/alegerglobal.com\/wp-content\/uploads\/2025\/09\/bild10.png","type":"image\/png"}],"twitter_card":"summary_large_image","twitter_misc":{"Cena":"&euro;4.249,00","Dostupnost":"Skladem"},"schema":{"@context":"https:\/\/schema.org","@graph":[{"@type":"WebPage","@id":"https:\/\/alegerglobal.com\/cs\/mobilni-vypocetni-technika\/ecom-pad-ex-pro-01-p8-dz2-tablet-s-ochranou-ex-atex-zone-2-116-dotykovy-displej-windows\/","url":"https:\/\/alegerglobal.com\/cs\/mobilni-vypocetni-technika\/ecom-pad-ex-pro-01-p8-dz2-tablet-s-ochranou-ex-atex-zone-2-116-dotykovy-displej-windows\/","name":"Pad-Ex\u00ae 01 P12 DZ2 - 11,6\u2033 tablet Ex Windows pro z\u00f3nu 2\/22","isPartOf":{"@id":"https:\/\/alegerglobal.com\/cs\/#website"},"primaryImageOfPage":{"@id":"https:\/\/alegerglobal.com\/cs\/mobilni-vypocetni-technika\/ecom-pad-ex-pro-01-p8-dz2-tablet-s-ochranou-ex-atex-zone-2-116-dotykovy-displej-windows\/#primaryimage"},"image":{"@id":"https:\/\/alegerglobal.com\/cs\/mobilni-vypocetni-technika\/ecom-pad-ex-pro-01-p8-dz2-tablet-s-ochranou-ex-atex-zone-2-116-dotykovy-displej-windows\/#primaryimage"},"thumbnailUrl":"https:\/\/alegerglobal.com\/wp-content\/uploads\/2025\/09\/bild10.png","datePublished":"2025-09-14T16:21:19+00:00","dateModified":"2026-03-25T19:05:38+00:00","description":"Odoln\u00fd tablet s Windows Pad-Ex\u00ae 01 P12 DZ2 s 11,6\u2033 displejem FHD (1000 nit), Intel Core i5, IP64\/IP65, ATEX\/IECEx z\u00f3na 2\/22 a divize 2, ide\u00e1ln\u00ed pro pr\u016fmyslov\u00e9 aplikace s ohledem na bezpe\u010dnost a v\u00fdkon.","breadcrumb":{"@id":"https:\/\/alegerglobal.com\/cs\/mobilni-vypocetni-technika\/ecom-pad-ex-pro-01-p8-dz2-tablet-s-ochranou-ex-atex-zone-2-116-dotykovy-displej-windows\/#breadcrumb"},"inLanguage":"cs","potentialAction":[{"@type":"ReadAction","target":["https:\/\/alegerglobal.com\/cs\/mobilni-vypocetni-technika\/ecom-pad-ex-pro-01-p8-dz2-tablet-s-ochranou-ex-atex-zone-2-116-dotykovy-displej-windows\/"]}]},{"@type":"ImageObject","inLanguage":"cs","@id":"https:\/\/alegerglobal.com\/cs\/mobilni-vypocetni-technika\/ecom-pad-ex-pro-01-p8-dz2-tablet-s-ochranou-ex-atex-zone-2-116-dotykovy-displej-windows\/#primaryimage","url":"https:\/\/alegerglobal.com\/wp-content\/uploads\/2025\/09\/bild10.png","contentUrl":"https:\/\/alegerglobal.com\/wp-content\/uploads\/2025\/09\/bild10.png","width":400,"height":400},{"@type":"BreadcrumbList","@id":"https:\/\/alegerglobal.com\/cs\/mobilni-vypocetni-technika\/ecom-pad-ex-pro-01-p8-dz2-tablet-s-ochranou-ex-atex-zone-2-116-dotykovy-displej-windows\/#breadcrumb","itemListElement":[{"@type":"ListItem","position":1,"name":"Home","item":"https:\/\/alegerglobal.com\/cs\/novinka-domovska-stranka\/"},{"@type":"ListItem","position":2,"name":"Produkty","item":"https:\/\/alegerglobal.com\/cs\/produkty\/"},{"@type":"ListItem","position":3,"name":"Pad-Ex\u00ae 01 P12 DZ2 &#8211; tablet se syst\u00e9mem Windows pro bezpe\u010dn\u00e9 a produktivn\u00ed pou\u017eit\u00ed v z\u00f3n\u011b 2\/22 a divizi 2"}]},{"@type":"WebSite","@id":"https:\/\/alegerglobal.com\/cs\/#website","url":"https:\/\/alegerglobal.com\/cs\/","name":"ALEGER \u22c6 Augmented Reality","description":"Die besten Augmented Reality (AR) L\u00f6sungen der Welt.","publisher":{"@id":"https:\/\/alegerglobal.com\/cs\/#organization"},"potentialAction":[{"@type":"SearchAction","target":{"@type":"EntryPoint","urlTemplate":"https:\/\/alegerglobal.com\/cs\/?s={search_term_string}"},"query-input":{"@type":"PropertyValueSpecification","valueRequired":true,"valueName":"search_term_string"}}],"inLanguage":"cs"},{"@type":"Organization","@id":"https:\/\/alegerglobal.com\/cs\/#organization","name":"ALEGER \u22c6 Augmented Reality","url":"https:\/\/alegerglobal.com\/cs\/","logo":{"@type":"ImageObject","inLanguage":"cs","@id":"https:\/\/alegerglobal.com\/cs\/#\/schema\/logo\/image\/","url":"https:\/\/alegerglobal.com\/wp-content\/uploads\/2020\/12\/aleger-logo-quadrat.jpg","contentUrl":"https:\/\/alegerglobal.com\/wp-content\/uploads\/2020\/12\/aleger-logo-quadrat.jpg","width":200,"height":176,"caption":"ALEGER \u22c6 Augmented Reality"},"image":{"@id":"https:\/\/alegerglobal.com\/cs\/#\/schema\/logo\/image\/"}}]},"product_brand":"Ecom","product_price_amount":"4249.00","product_price_currency":"EUR","og_availability":"instock","product_availability":"instock","product_condition":"new"},"_links":{"self":[{"href":"https:\/\/alegerglobal.com\/cs\/wp-json\/wp\/v2\/product\/49360","targetHints":{"allow":["GET"]}}],"collection":[{"href":"https:\/\/alegerglobal.com\/cs\/wp-json\/wp\/v2\/product"}],"about":[{"href":"https:\/\/alegerglobal.com\/cs\/wp-json\/wp\/v2\/types\/product"}],"replies":[{"embeddable":true,"href":"https:\/\/alegerglobal.com\/cs\/wp-json\/wp\/v2\/comments?post=49360"}],"version-history":[{"count":3,"href":"https:\/\/alegerglobal.com\/cs\/wp-json\/wp\/v2\/product\/49360\/revisions"}],"predecessor-version":[{"id":54087,"href":"https:\/\/alegerglobal.com\/cs\/wp-json\/wp\/v2\/product\/49360\/revisions\/54087"}],"wp:featuredmedia":[{"embeddable":true,"href":"https:\/\/alegerglobal.com\/cs\/wp-json\/wp\/v2\/media\/49426"}],"wp:attachment":[{"href":"https:\/\/alegerglobal.com\/cs\/wp-json\/wp\/v2\/media?parent=49360"}],"wp:term":[{"taxonomy":"product_brand","embeddable":true,"href":"https:\/\/alegerglobal.com\/cs\/wp-json\/wp\/v2\/product_brand?post=49360"},{"taxonomy":"product_cat","embeddable":true,"href":"https:\/\/alegerglobal.com\/cs\/wp-json\/wp\/v2\/product_cat?post=49360"},{"taxonomy":"product_tag","embeddable":true,"href":"https:\/\/alegerglobal.com\/cs\/wp-json\/wp\/v2\/product_tag?post=49360"}],"curies":[{"name":"wp","href":"https:\/\/api.w.org\/{rel}","templated":true}]}}