{"id":39847,"date":"2022-10-21T04:30:07","date_gmt":"2024-06-03T12:24:46","guid":{"rendered":"https:\/\/alegerglobal.com\/nezarazene\/rokid-air-pro-1920x1080-75-hz-8mp-1080p-43-stupnu-zaberu\/"},"modified":"2024-06-03T13:24:46","modified_gmt":"2024-06-03T12:24:46","slug":"rokid-air-pro","status":"publish","type":"product","link":"https:\/\/alegerglobal.com\/cs\/shop-cs\/chytre-bryle\/rokid-air-pro\/","title":{"rendered":"Rokid Air Pro, 1920&#215;1080, 75 HZ, 8MP, 1080p, 43 stup\u0148\u016f z\u00e1b\u011bru"},"content":{"rendered":"","protected":false},"excerpt":{"rendered":"<ul>\n<li style=\"font-weight: 400;\" aria-level=\"1\"><b>Kompaktn\u00ed:<\/b><span style=\"font-weight: 400;\"> Mal\u00e9 br\u00fdle AR s celkovou hmotnost\u00ed 83 gram\u016f.<\/span><\/li>\n<li style=\"font-weight: 400;\" aria-level=\"1\"><b>Flexibiln\u00ed pou\u017eit\u00ed:<\/b><span style=\"font-weight: 400;\"> Kompatibilita s chytr\u00fdmi telefony a notebooky umo\u017e\u0148uje pou\u017e\u00edvat r\u016fzn\u00e9 aplikace.<\/span><\/li>\n<li style=\"font-weight: 400;\" aria-level=\"1\"><b>Fotografie a videa ve vysok\u00e9m rozli\u0161en\u00ed:<\/b><span style=\"font-weight: 400;\"> Integrovan\u00fd fotoapar\u00e1t pro fotografie s rozli\u0161en\u00edm 8 MP a videa s rozli\u0161en\u00edm 1080p<\/span><\/li>\n<li style=\"font-weight: 400;\" aria-level=\"1\"><b>Poutav\u00e9 z\u00e1\u017eitky:<\/b><span style=\"font-weight: 400;\"> Displej s frekvenc\u00ed 75 Hz, zorn\u00fdm polem 43 stup\u0148\u016f a integrovan\u00fdm 360stup\u0148ov\u00fdm reproduktorem.<\/span><\/li>\n<li style=\"font-weight: 400;\" aria-level=\"1\"><b>Mobiln\u00ed:<\/b> Provoz p\u0159es chytr\u00fd telefon, bez nutnosti baterie<\/li>\n<\/ul>\n","protected":false},"featured_media":37406,"comment_status":"open","ping_status":"closed","template":"","meta":{"_acf_changed":false},"product_brand":[],"product_cat":[1515,1516],"product_tag":[],"class_list":{"0":"post-39847","1":"product","2":"type-product","3":"status-publish","4":"has-post-thumbnail","6":"product_cat-chytre-bryle","7":"product_cat-shop-cs","8":"pa_hersteller-rokid-cs","10":"first","11":"instock","12":"taxable","13":"shipping-taxable","14":"product-type-simple"},"acf":[],"yoast_head":"<!-- This site is optimized with the Yoast SEO Premium plugin v20.10 (Yoast SEO v24.3) - https:\/\/yoast.com\/wordpress\/plugins\/seo\/ -->\n<title>Koupit br\u00fdle Rokid Air Pro AR ALEGER \u22c6 Augmented Reality<\/title>\n<meta name=\"description\" content=\"Br\u00fdle AR pro vzd\u011bl\u00e1v\u00e1n\u00ed, v\u00fdstavy a spol. \u2713 bez baterie \u2713 ovl\u00e1d\u00e1n\u00ed p\u0159es smartphone \u2713 Full-HD \u2192 Kupte si Rokid Air Glasses nyn\u00ed na ALEGER!\" \/>\n<meta name=\"robots\" content=\"index, follow, max-snippet:-1, max-image-preview:large, max-video-preview:-1\" \/>\n<meta property=\"og:locale\" content=\"cs_CZ\" \/>\n<meta property=\"og:type\" content=\"article\" \/>\n<meta property=\"og:title\" content=\"Rokid Air Pro, 1920x1080, 75 HZ, 8MP, 1080p, 43 stup\u0148\u016f z\u00e1b\u011bru\" \/>\n<meta property=\"og:description\" content=\"Br\u00fdle AR pro vzd\u011bl\u00e1v\u00e1n\u00ed, v\u00fdstavy a spol. \u2713 bez baterie \u2713 ovl\u00e1d\u00e1n\u00ed p\u0159es smartphone \u2713 Full-HD \u2192 Kupte si Rokid Air Glasses nyn\u00ed na ALEGER!\" \/>\n<meta property=\"og:url\" content=\"https:\/\/alegerglobal.com\/cs\/shop-cs\/chytre-bryle\/rokid-air-pro\/\" \/>\n<meta property=\"og:site_name\" content=\"ALEGER \u22c6 Augmented Reality\" \/>\n<meta property=\"og:image\" content=\"https:\/\/alegerglobal.com\/wp-content\/uploads\/2022\/10\/Unbenannt-9.jpg\" \/>\n\t<meta property=\"og:image:width\" content=\"800\" \/>\n\t<meta property=\"og:image:height\" content=\"800\" \/>\n\t<meta property=\"og:image:type\" content=\"image\/jpeg\" \/>\n<meta name=\"twitter:card\" content=\"summary_large_image\" \/>\n<meta name=\"twitter:label1\" content=\"Cena\" \/>\n\t<meta name=\"twitter:data1\" content=\"\" \/>\n\t<meta name=\"twitter:label2\" content=\"Dostupnost\" \/>\n\t<meta name=\"twitter:data2\" content=\"Skladem\" \/>\n<script type=\"application\/ld+json\" class=\"yoast-schema-graph\">{\"@context\":\"https:\/\/schema.org\",\"@graph\":[{\"@type\":\"WebPage\",\"@id\":\"https:\/\/alegerglobal.com\/cs\/shop-cs\/chytre-bryle\/rokid-air-pro\/\",\"url\":\"https:\/\/alegerglobal.com\/cs\/shop-cs\/chytre-bryle\/rokid-air-pro\/\",\"name\":\"Koupit br\u00fdle Rokid Air Pro AR ALEGER \u22c6 Augmented Reality\",\"isPartOf\":{\"@id\":\"https:\/\/alegerglobal.com\/cs\/#website\"},\"primaryImageOfPage\":{\"@id\":\"https:\/\/alegerglobal.com\/cs\/shop-cs\/chytre-bryle\/rokid-air-pro\/#primaryimage\"},\"image\":{\"@id\":\"https:\/\/alegerglobal.com\/cs\/shop-cs\/chytre-bryle\/rokid-air-pro\/#primaryimage\"},\"thumbnailUrl\":\"https:\/\/alegerglobal.com\/wp-content\/uploads\/2022\/10\/Unbenannt-9.jpg\",\"datePublished\":\"2024-06-03T12:24:46+00:00\",\"dateModified\":\"2024-06-03T12:24:46+00:00\",\"description\":\"Br\u00fdle AR pro vzd\u011bl\u00e1v\u00e1n\u00ed, v\u00fdstavy a spol. \u2713 bez baterie \u2713 ovl\u00e1d\u00e1n\u00ed p\u0159es smartphone \u2713 Full-HD \u2192 Kupte si Rokid Air Glasses nyn\u00ed na ALEGER!\",\"breadcrumb\":{\"@id\":\"https:\/\/alegerglobal.com\/cs\/shop-cs\/chytre-bryle\/rokid-air-pro\/#breadcrumb\"},\"inLanguage\":\"cs\",\"potentialAction\":[{\"@type\":\"ReadAction\",\"target\":[\"https:\/\/alegerglobal.com\/cs\/shop-cs\/chytre-bryle\/rokid-air-pro\/\"]}]},{\"@type\":\"ImageObject\",\"inLanguage\":\"cs\",\"@id\":\"https:\/\/alegerglobal.com\/cs\/shop-cs\/chytre-bryle\/rokid-air-pro\/#primaryimage\",\"url\":\"https:\/\/alegerglobal.com\/wp-content\/uploads\/2022\/10\/Unbenannt-9.jpg\",\"contentUrl\":\"https:\/\/alegerglobal.com\/wp-content\/uploads\/2022\/10\/Unbenannt-9.jpg\",\"width\":800,\"height\":800},{\"@type\":\"BreadcrumbList\",\"@id\":\"https:\/\/alegerglobal.com\/cs\/shop-cs\/chytre-bryle\/rokid-air-pro\/#breadcrumb\",\"itemListElement\":[{\"@type\":\"ListItem\",\"position\":1,\"name\":\"Home\",\"item\":\"https:\/\/alegerglobal.com\/cs\/novinka-domovska-stranka\/\"},{\"@type\":\"ListItem\",\"position\":2,\"name\":\"Produkty\",\"item\":\"https:\/\/alegerglobal.com\/cs\/produkty\/\"},{\"@type\":\"ListItem\",\"position\":3,\"name\":\"Rokid Air Pro, 1920&#215;1080, 75 HZ, 8MP, 1080p, 43 stup\u0148\u016f z\u00e1b\u011bru\"}]},{\"@type\":\"WebSite\",\"@id\":\"https:\/\/alegerglobal.com\/cs\/#website\",\"url\":\"https:\/\/alegerglobal.com\/cs\/\",\"name\":\"ALEGER \u22c6 Augmented Reality\",\"description\":\"Die besten Augmented Reality (AR) L\u00f6sungen der Welt.\",\"publisher\":{\"@id\":\"https:\/\/alegerglobal.com\/cs\/#organization\"},\"potentialAction\":[{\"@type\":\"SearchAction\",\"target\":{\"@type\":\"EntryPoint\",\"urlTemplate\":\"https:\/\/alegerglobal.com\/cs\/?s={search_term_string}\"},\"query-input\":{\"@type\":\"PropertyValueSpecification\",\"valueRequired\":true,\"valueName\":\"search_term_string\"}}],\"inLanguage\":\"cs\"},{\"@type\":\"Organization\",\"@id\":\"https:\/\/alegerglobal.com\/cs\/#organization\",\"name\":\"ALEGER \u22c6 Augmented Reality\",\"url\":\"https:\/\/alegerglobal.com\/cs\/\",\"logo\":{\"@type\":\"ImageObject\",\"inLanguage\":\"cs\",\"@id\":\"https:\/\/alegerglobal.com\/cs\/#\/schema\/logo\/image\/\",\"url\":\"https:\/\/alegerglobal.com\/wp-content\/uploads\/2020\/12\/aleger-logo-quadrat.jpg\",\"contentUrl\":\"https:\/\/alegerglobal.com\/wp-content\/uploads\/2020\/12\/aleger-logo-quadrat.jpg\",\"width\":200,\"height\":176,\"caption\":\"ALEGER \u22c6 Augmented Reality\"},\"image\":{\"@id\":\"https:\/\/alegerglobal.com\/cs\/#\/schema\/logo\/image\/\"}}]}<\/script>\n<meta property=\"product:brand\" content=\"Rokid\" \/>\n<meta property=\"product:price:amount\" content=\"0.00\" \/>\n<meta property=\"product:price:currency\" content=\"EUR\" \/>\n<meta property=\"og:availability\" content=\"instock\" \/>\n<meta property=\"product:availability\" content=\"instock\" \/>\n<meta property=\"product:condition\" content=\"new\" \/>\n<!-- \/ Yoast SEO Premium plugin. -->","yoast_head_json":{"title":"Koupit br\u00fdle Rokid Air Pro AR ALEGER \u22c6 Augmented Reality","description":"Br\u00fdle AR pro vzd\u011bl\u00e1v\u00e1n\u00ed, v\u00fdstavy a spol. \u2713 bez baterie \u2713 ovl\u00e1d\u00e1n\u00ed p\u0159es smartphone \u2713 Full-HD \u2192 Kupte si Rokid Air Glasses nyn\u00ed na ALEGER!","robots":{"index":"index","follow":"follow","max-snippet":"max-snippet:-1","max-image-preview":"max-image-preview:large","max-video-preview":"max-video-preview:-1"},"og_locale":"cs_CZ","og_type":"article","og_title":"Rokid Air Pro, 1920x1080, 75 HZ, 8MP, 1080p, 43 stup\u0148\u016f z\u00e1b\u011bru","og_description":"Br\u00fdle AR pro vzd\u011bl\u00e1v\u00e1n\u00ed, v\u00fdstavy a spol. \u2713 bez baterie \u2713 ovl\u00e1d\u00e1n\u00ed p\u0159es smartphone \u2713 Full-HD \u2192 Kupte si Rokid Air Glasses nyn\u00ed na ALEGER!","og_url":"https:\/\/alegerglobal.com\/cs\/shop-cs\/chytre-bryle\/rokid-air-pro\/","og_site_name":"ALEGER \u22c6 Augmented Reality","og_image":[{"width":800,"height":800,"url":"https:\/\/alegerglobal.com\/wp-content\/uploads\/2022\/10\/Unbenannt-9.jpg","type":"image\/jpeg"}],"twitter_card":"summary_large_image","twitter_misc":{"Cena":"","Dostupnost":"Skladem"},"schema":{"@context":"https:\/\/schema.org","@graph":[{"@type":"WebPage","@id":"https:\/\/alegerglobal.com\/cs\/shop-cs\/chytre-bryle\/rokid-air-pro\/","url":"https:\/\/alegerglobal.com\/cs\/shop-cs\/chytre-bryle\/rokid-air-pro\/","name":"Koupit br\u00fdle Rokid Air Pro AR ALEGER \u22c6 Augmented Reality","isPartOf":{"@id":"https:\/\/alegerglobal.com\/cs\/#website"},"primaryImageOfPage":{"@id":"https:\/\/alegerglobal.com\/cs\/shop-cs\/chytre-bryle\/rokid-air-pro\/#primaryimage"},"image":{"@id":"https:\/\/alegerglobal.com\/cs\/shop-cs\/chytre-bryle\/rokid-air-pro\/#primaryimage"},"thumbnailUrl":"https:\/\/alegerglobal.com\/wp-content\/uploads\/2022\/10\/Unbenannt-9.jpg","datePublished":"2024-06-03T12:24:46+00:00","dateModified":"2024-06-03T12:24:46+00:00","description":"Br\u00fdle AR pro vzd\u011bl\u00e1v\u00e1n\u00ed, v\u00fdstavy a spol. \u2713 bez baterie \u2713 ovl\u00e1d\u00e1n\u00ed p\u0159es smartphone \u2713 Full-HD \u2192 Kupte si Rokid Air Glasses nyn\u00ed na ALEGER!","breadcrumb":{"@id":"https:\/\/alegerglobal.com\/cs\/shop-cs\/chytre-bryle\/rokid-air-pro\/#breadcrumb"},"inLanguage":"cs","potentialAction":[{"@type":"ReadAction","target":["https:\/\/alegerglobal.com\/cs\/shop-cs\/chytre-bryle\/rokid-air-pro\/"]}]},{"@type":"ImageObject","inLanguage":"cs","@id":"https:\/\/alegerglobal.com\/cs\/shop-cs\/chytre-bryle\/rokid-air-pro\/#primaryimage","url":"https:\/\/alegerglobal.com\/wp-content\/uploads\/2022\/10\/Unbenannt-9.jpg","contentUrl":"https:\/\/alegerglobal.com\/wp-content\/uploads\/2022\/10\/Unbenannt-9.jpg","width":800,"height":800},{"@type":"BreadcrumbList","@id":"https:\/\/alegerglobal.com\/cs\/shop-cs\/chytre-bryle\/rokid-air-pro\/#breadcrumb","itemListElement":[{"@type":"ListItem","position":1,"name":"Home","item":"https:\/\/alegerglobal.com\/cs\/novinka-domovska-stranka\/"},{"@type":"ListItem","position":2,"name":"Produkty","item":"https:\/\/alegerglobal.com\/cs\/produkty\/"},{"@type":"ListItem","position":3,"name":"Rokid Air Pro, 1920&#215;1080, 75 HZ, 8MP, 1080p, 43 stup\u0148\u016f z\u00e1b\u011bru"}]},{"@type":"WebSite","@id":"https:\/\/alegerglobal.com\/cs\/#website","url":"https:\/\/alegerglobal.com\/cs\/","name":"ALEGER \u22c6 Augmented Reality","description":"Die besten Augmented Reality (AR) L\u00f6sungen der Welt.","publisher":{"@id":"https:\/\/alegerglobal.com\/cs\/#organization"},"potentialAction":[{"@type":"SearchAction","target":{"@type":"EntryPoint","urlTemplate":"https:\/\/alegerglobal.com\/cs\/?s={search_term_string}"},"query-input":{"@type":"PropertyValueSpecification","valueRequired":true,"valueName":"search_term_string"}}],"inLanguage":"cs"},{"@type":"Organization","@id":"https:\/\/alegerglobal.com\/cs\/#organization","name":"ALEGER \u22c6 Augmented Reality","url":"https:\/\/alegerglobal.com\/cs\/","logo":{"@type":"ImageObject","inLanguage":"cs","@id":"https:\/\/alegerglobal.com\/cs\/#\/schema\/logo\/image\/","url":"https:\/\/alegerglobal.com\/wp-content\/uploads\/2020\/12\/aleger-logo-quadrat.jpg","contentUrl":"https:\/\/alegerglobal.com\/wp-content\/uploads\/2020\/12\/aleger-logo-quadrat.jpg","width":200,"height":176,"caption":"ALEGER \u22c6 Augmented Reality"},"image":{"@id":"https:\/\/alegerglobal.com\/cs\/#\/schema\/logo\/image\/"}}]},"product_brand":"Rokid","product_price_amount":"0.00","product_price_currency":"EUR","og_availability":"instock","product_availability":"instock","product_condition":"new"},"_links":{"self":[{"href":"https:\/\/alegerglobal.com\/cs\/wp-json\/wp\/v2\/product\/39847","targetHints":{"allow":["GET"]}}],"collection":[{"href":"https:\/\/alegerglobal.com\/cs\/wp-json\/wp\/v2\/product"}],"about":[{"href":"https:\/\/alegerglobal.com\/cs\/wp-json\/wp\/v2\/types\/product"}],"replies":[{"embeddable":true,"href":"https:\/\/alegerglobal.com\/cs\/wp-json\/wp\/v2\/comments?post=39847"}],"version-history":[{"count":0,"href":"https:\/\/alegerglobal.com\/cs\/wp-json\/wp\/v2\/product\/39847\/revisions"}],"wp:featuredmedia":[{"embeddable":true,"href":"https:\/\/alegerglobal.com\/cs\/wp-json\/wp\/v2\/media\/37406"}],"wp:attachment":[{"href":"https:\/\/alegerglobal.com\/cs\/wp-json\/wp\/v2\/media?parent=39847"}],"wp:term":[{"taxonomy":"product_brand","embeddable":true,"href":"https:\/\/alegerglobal.com\/cs\/wp-json\/wp\/v2\/product_brand?post=39847"},{"taxonomy":"product_cat","embeddable":true,"href":"https:\/\/alegerglobal.com\/cs\/wp-json\/wp\/v2\/product_cat?post=39847"},{"taxonomy":"product_tag","embeddable":true,"href":"https:\/\/alegerglobal.com\/cs\/wp-json\/wp\/v2\/product_tag?post=39847"}],"curies":[{"name":"wp","href":"https:\/\/api.w.org\/{rel}","templated":true}]}}