{"id":39827,"date":"2022-10-22T03:21:58","date_gmt":"2024-06-03T12:24:15","guid":{"rendered":"https:\/\/alegerglobal.com\/nezarazene\/epson-moverio-bt-45cs-ovladac-moverio-full-hd-si-oled-34-fov-24-bitu-60-hz-8-mp-550-g\/"},"modified":"2024-06-03T13:24:15","modified_gmt":"2024-06-03T12:24:15","slug":"epson-moverio-bt-45cs","status":"publish","type":"product","link":"https:\/\/alegerglobal.com\/cs\/shop-cs\/chytre-bryle\/epson-moverio-bt-45cs\/","title":{"rendered":"Epson Moverio BT-45CS, ovlada\u010d Moverio Full-HD, Si-OLED, 34\u00b0 FoV, 24 bit\u016f, 60 Hz, 8 MP, 550 g"},"content":{"rendered":"","protected":false},"excerpt":{"rendered":"<ul>\n<li><b>Robustn\u00ed chytr\u00e9 br\u00fdle:<\/b><span style=\"font-weight: 400;\"> Certifik\u00e1t IP52 a MIL-STD-810H<\/span><\/li>\n<li><b>Extern\u00ed ovlada\u010d: <\/b><span style=\"font-weight: 400;\">BO-IC400 s procesorem Snapdragon pro v\u00fdvoj a ovl\u00e1d\u00e1n\u00ed aplikac\u00ed roz\u0161\u00ed\u0159en\u00e9 reality.<\/span><\/li>\n<li aria-level=\"1\"><b>Displej s vysok\u00fdm rozli\u0161en\u00edm: <\/b><span style=\"font-weight: 400;\">Si-OLED displej nab\u00edz\u00ed vynikaj\u00edc\u00ed hodnoty kontrastu a reprodukce barev<\/span><\/li>\n<li aria-level=\"1\"><b>Integrovan\u00e1 technologie senzor\u016f: <\/b><span style=\"font-weight: 400;\">\u0158\u00eddic\u00ed jednotka je vybavena r\u016fzn\u00fdmi senzory pro realizaci komplexn\u00edch \u0159e\u0161en\u00ed roz\u0161\u00ed\u0159en\u00e9 reality.<\/span><\/li>\n<\/ul>\n<p>&nbsp;<\/p>\n","protected":false},"featured_media":37472,"comment_status":"open","ping_status":"closed","template":"","meta":{"_acf_changed":false},"product_brand":[],"product_cat":[1515],"product_tag":[],"class_list":{"0":"post-39827","1":"product","2":"type-product","3":"status-publish","4":"has-post-thumbnail","6":"product_cat-chytre-bryle","7":"pa_hersteller-epson-cs","9":"first","10":"instock","11":"taxable","12":"shipping-taxable","13":"product-type-simple"},"acf":[],"yoast_head":"<!-- This site is optimized with the Yoast SEO Premium plugin v20.10 (Yoast SEO v24.3) - https:\/\/yoast.com\/wordpress\/plugins\/seo\/ -->\n<title>Koupit Epson Moverio BT45CS ALEGER \u22c6 Augmented Reality<\/title>\n<meta name=\"description\" content=\"Chytr\u00e9 br\u00fdle pro pr\u016fmysl \u2713 V\u00fdkonn\u00fd extern\u00ed ovlada\u010d \u2713 OLED displej \u2713MIL-STD-810H \u2192 Koupit nyn\u00ed u spole\u010dnosti Aleger\" \/>\n<meta name=\"robots\" content=\"index, follow, max-snippet:-1, max-image-preview:large, max-video-preview:-1\" \/>\n<meta property=\"og:locale\" content=\"cs_CZ\" \/>\n<meta property=\"og:type\" content=\"article\" \/>\n<meta property=\"og:title\" content=\"Epson Moverio BT-45CS, ovlada\u010d Moverio Full-HD, Si-OLED, 34\u00b0 FoV, 24 bit\u016f, 60 Hz, 8 MP, 550 g\" \/>\n<meta property=\"og:description\" content=\"Chytr\u00e9 br\u00fdle pro pr\u016fmysl \u2713 V\u00fdkonn\u00fd extern\u00ed ovlada\u010d \u2713 OLED displej \u2713MIL-STD-810H \u2192 Koupit nyn\u00ed u spole\u010dnosti Aleger\" \/>\n<meta property=\"og:url\" content=\"https:\/\/alegerglobal.com\/cs\/shop-cs\/chytre-bryle\/epson-moverio-bt-45cs\/\" \/>\n<meta property=\"og:site_name\" content=\"ALEGER \u22c6 Augmented Reality\" \/>\n<meta property=\"og:image\" content=\"https:\/\/alegerglobal.com\/wp-content\/uploads\/2022\/10\/Unbenannt-13.jpg\" \/>\n\t<meta property=\"og:image:width\" content=\"800\" \/>\n\t<meta property=\"og:image:height\" content=\"800\" \/>\n\t<meta property=\"og:image:type\" content=\"image\/jpeg\" \/>\n<meta name=\"twitter:card\" content=\"summary_large_image\" \/>\n<meta name=\"twitter:label1\" content=\"Cena\" \/>\n\t<meta name=\"twitter:data1\" content=\"\" \/>\n\t<meta name=\"twitter:label2\" content=\"Dostupnost\" \/>\n\t<meta name=\"twitter:data2\" content=\"Skladem\" \/>\n<script type=\"application\/ld+json\" class=\"yoast-schema-graph\">{\"@context\":\"https:\/\/schema.org\",\"@graph\":[{\"@type\":\"WebPage\",\"@id\":\"https:\/\/alegerglobal.com\/cs\/shop-cs\/chytre-bryle\/epson-moverio-bt-45cs\/\",\"url\":\"https:\/\/alegerglobal.com\/cs\/shop-cs\/chytre-bryle\/epson-moverio-bt-45cs\/\",\"name\":\"Koupit Epson Moverio BT45CS ALEGER \u22c6 Augmented Reality\",\"isPartOf\":{\"@id\":\"https:\/\/alegerglobal.com\/cs\/#website\"},\"primaryImageOfPage\":{\"@id\":\"https:\/\/alegerglobal.com\/cs\/shop-cs\/chytre-bryle\/epson-moverio-bt-45cs\/#primaryimage\"},\"image\":{\"@id\":\"https:\/\/alegerglobal.com\/cs\/shop-cs\/chytre-bryle\/epson-moverio-bt-45cs\/#primaryimage\"},\"thumbnailUrl\":\"https:\/\/alegerglobal.com\/wp-content\/uploads\/2022\/10\/Unbenannt-13.jpg\",\"datePublished\":\"2024-06-03T12:24:15+00:00\",\"dateModified\":\"2024-06-03T12:24:15+00:00\",\"description\":\"Chytr\u00e9 br\u00fdle pro pr\u016fmysl \u2713 V\u00fdkonn\u00fd extern\u00ed ovlada\u010d \u2713 OLED displej \u2713MIL-STD-810H \u2192 Koupit nyn\u00ed u spole\u010dnosti Aleger\",\"breadcrumb\":{\"@id\":\"https:\/\/alegerglobal.com\/cs\/shop-cs\/chytre-bryle\/epson-moverio-bt-45cs\/#breadcrumb\"},\"inLanguage\":\"cs\",\"potentialAction\":[{\"@type\":\"ReadAction\",\"target\":[\"https:\/\/alegerglobal.com\/cs\/shop-cs\/chytre-bryle\/epson-moverio-bt-45cs\/\"]}]},{\"@type\":\"ImageObject\",\"inLanguage\":\"cs\",\"@id\":\"https:\/\/alegerglobal.com\/cs\/shop-cs\/chytre-bryle\/epson-moverio-bt-45cs\/#primaryimage\",\"url\":\"https:\/\/alegerglobal.com\/wp-content\/uploads\/2022\/10\/Unbenannt-13.jpg\",\"contentUrl\":\"https:\/\/alegerglobal.com\/wp-content\/uploads\/2022\/10\/Unbenannt-13.jpg\",\"width\":800,\"height\":800},{\"@type\":\"BreadcrumbList\",\"@id\":\"https:\/\/alegerglobal.com\/cs\/shop-cs\/chytre-bryle\/epson-moverio-bt-45cs\/#breadcrumb\",\"itemListElement\":[{\"@type\":\"ListItem\",\"position\":1,\"name\":\"Home\",\"item\":\"https:\/\/alegerglobal.com\/cs\/novinka-domovska-stranka\/\"},{\"@type\":\"ListItem\",\"position\":2,\"name\":\"Produkty\",\"item\":\"https:\/\/alegerglobal.com\/cs\/produkty\/\"},{\"@type\":\"ListItem\",\"position\":3,\"name\":\"Epson Moverio BT-45CS, ovlada\u010d Moverio Full-HD, Si-OLED, 34\u00b0 FoV, 24 bit\u016f, 60 Hz, 8 MP, 550 g\"}]},{\"@type\":\"WebSite\",\"@id\":\"https:\/\/alegerglobal.com\/cs\/#website\",\"url\":\"https:\/\/alegerglobal.com\/cs\/\",\"name\":\"ALEGER \u22c6 Augmented Reality\",\"description\":\"Die besten Augmented Reality (AR) L\u00f6sungen der Welt.\",\"publisher\":{\"@id\":\"https:\/\/alegerglobal.com\/cs\/#organization\"},\"potentialAction\":[{\"@type\":\"SearchAction\",\"target\":{\"@type\":\"EntryPoint\",\"urlTemplate\":\"https:\/\/alegerglobal.com\/cs\/?s={search_term_string}\"},\"query-input\":{\"@type\":\"PropertyValueSpecification\",\"valueRequired\":true,\"valueName\":\"search_term_string\"}}],\"inLanguage\":\"cs\"},{\"@type\":\"Organization\",\"@id\":\"https:\/\/alegerglobal.com\/cs\/#organization\",\"name\":\"ALEGER \u22c6 Augmented Reality\",\"url\":\"https:\/\/alegerglobal.com\/cs\/\",\"logo\":{\"@type\":\"ImageObject\",\"inLanguage\":\"cs\",\"@id\":\"https:\/\/alegerglobal.com\/cs\/#\/schema\/logo\/image\/\",\"url\":\"https:\/\/alegerglobal.com\/wp-content\/uploads\/2020\/12\/aleger-logo-quadrat.jpg\",\"contentUrl\":\"https:\/\/alegerglobal.com\/wp-content\/uploads\/2020\/12\/aleger-logo-quadrat.jpg\",\"width\":200,\"height\":176,\"caption\":\"ALEGER \u22c6 Augmented Reality\"},\"image\":{\"@id\":\"https:\/\/alegerglobal.com\/cs\/#\/schema\/logo\/image\/\"}}]}<\/script>\n<meta property=\"product:brand\" content=\"Epson\" \/>\n<meta property=\"product:price:amount\" content=\"0.00\" \/>\n<meta property=\"product:price:currency\" content=\"EUR\" \/>\n<meta property=\"og:availability\" content=\"instock\" \/>\n<meta property=\"product:availability\" content=\"instock\" \/>\n<meta property=\"product:condition\" content=\"new\" \/>\n<!-- \/ Yoast SEO Premium plugin. -->","yoast_head_json":{"title":"Koupit Epson Moverio BT45CS ALEGER \u22c6 Augmented Reality","description":"Chytr\u00e9 br\u00fdle pro pr\u016fmysl \u2713 V\u00fdkonn\u00fd extern\u00ed ovlada\u010d \u2713 OLED displej \u2713MIL-STD-810H \u2192 Koupit nyn\u00ed u spole\u010dnosti Aleger","robots":{"index":"index","follow":"follow","max-snippet":"max-snippet:-1","max-image-preview":"max-image-preview:large","max-video-preview":"max-video-preview:-1"},"og_locale":"cs_CZ","og_type":"article","og_title":"Epson Moverio BT-45CS, ovlada\u010d Moverio Full-HD, Si-OLED, 34\u00b0 FoV, 24 bit\u016f, 60 Hz, 8 MP, 550 g","og_description":"Chytr\u00e9 br\u00fdle pro pr\u016fmysl \u2713 V\u00fdkonn\u00fd extern\u00ed ovlada\u010d \u2713 OLED displej \u2713MIL-STD-810H \u2192 Koupit nyn\u00ed u spole\u010dnosti Aleger","og_url":"https:\/\/alegerglobal.com\/cs\/shop-cs\/chytre-bryle\/epson-moverio-bt-45cs\/","og_site_name":"ALEGER \u22c6 Augmented Reality","og_image":[{"width":800,"height":800,"url":"https:\/\/alegerglobal.com\/wp-content\/uploads\/2022\/10\/Unbenannt-13.jpg","type":"image\/jpeg"}],"twitter_card":"summary_large_image","twitter_misc":{"Cena":"","Dostupnost":"Skladem"},"schema":{"@context":"https:\/\/schema.org","@graph":[{"@type":"WebPage","@id":"https:\/\/alegerglobal.com\/cs\/shop-cs\/chytre-bryle\/epson-moverio-bt-45cs\/","url":"https:\/\/alegerglobal.com\/cs\/shop-cs\/chytre-bryle\/epson-moverio-bt-45cs\/","name":"Koupit Epson Moverio BT45CS ALEGER \u22c6 Augmented Reality","isPartOf":{"@id":"https:\/\/alegerglobal.com\/cs\/#website"},"primaryImageOfPage":{"@id":"https:\/\/alegerglobal.com\/cs\/shop-cs\/chytre-bryle\/epson-moverio-bt-45cs\/#primaryimage"},"image":{"@id":"https:\/\/alegerglobal.com\/cs\/shop-cs\/chytre-bryle\/epson-moverio-bt-45cs\/#primaryimage"},"thumbnailUrl":"https:\/\/alegerglobal.com\/wp-content\/uploads\/2022\/10\/Unbenannt-13.jpg","datePublished":"2024-06-03T12:24:15+00:00","dateModified":"2024-06-03T12:24:15+00:00","description":"Chytr\u00e9 br\u00fdle pro pr\u016fmysl \u2713 V\u00fdkonn\u00fd extern\u00ed ovlada\u010d \u2713 OLED displej \u2713MIL-STD-810H \u2192 Koupit nyn\u00ed u spole\u010dnosti Aleger","breadcrumb":{"@id":"https:\/\/alegerglobal.com\/cs\/shop-cs\/chytre-bryle\/epson-moverio-bt-45cs\/#breadcrumb"},"inLanguage":"cs","potentialAction":[{"@type":"ReadAction","target":["https:\/\/alegerglobal.com\/cs\/shop-cs\/chytre-bryle\/epson-moverio-bt-45cs\/"]}]},{"@type":"ImageObject","inLanguage":"cs","@id":"https:\/\/alegerglobal.com\/cs\/shop-cs\/chytre-bryle\/epson-moverio-bt-45cs\/#primaryimage","url":"https:\/\/alegerglobal.com\/wp-content\/uploads\/2022\/10\/Unbenannt-13.jpg","contentUrl":"https:\/\/alegerglobal.com\/wp-content\/uploads\/2022\/10\/Unbenannt-13.jpg","width":800,"height":800},{"@type":"BreadcrumbList","@id":"https:\/\/alegerglobal.com\/cs\/shop-cs\/chytre-bryle\/epson-moverio-bt-45cs\/#breadcrumb","itemListElement":[{"@type":"ListItem","position":1,"name":"Home","item":"https:\/\/alegerglobal.com\/cs\/novinka-domovska-stranka\/"},{"@type":"ListItem","position":2,"name":"Produkty","item":"https:\/\/alegerglobal.com\/cs\/produkty\/"},{"@type":"ListItem","position":3,"name":"Epson Moverio BT-45CS, ovlada\u010d Moverio Full-HD, Si-OLED, 34\u00b0 FoV, 24 bit\u016f, 60 Hz, 8 MP, 550 g"}]},{"@type":"WebSite","@id":"https:\/\/alegerglobal.com\/cs\/#website","url":"https:\/\/alegerglobal.com\/cs\/","name":"ALEGER \u22c6 Augmented Reality","description":"Die besten Augmented Reality (AR) L\u00f6sungen der Welt.","publisher":{"@id":"https:\/\/alegerglobal.com\/cs\/#organization"},"potentialAction":[{"@type":"SearchAction","target":{"@type":"EntryPoint","urlTemplate":"https:\/\/alegerglobal.com\/cs\/?s={search_term_string}"},"query-input":{"@type":"PropertyValueSpecification","valueRequired":true,"valueName":"search_term_string"}}],"inLanguage":"cs"},{"@type":"Organization","@id":"https:\/\/alegerglobal.com\/cs\/#organization","name":"ALEGER \u22c6 Augmented Reality","url":"https:\/\/alegerglobal.com\/cs\/","logo":{"@type":"ImageObject","inLanguage":"cs","@id":"https:\/\/alegerglobal.com\/cs\/#\/schema\/logo\/image\/","url":"https:\/\/alegerglobal.com\/wp-content\/uploads\/2020\/12\/aleger-logo-quadrat.jpg","contentUrl":"https:\/\/alegerglobal.com\/wp-content\/uploads\/2020\/12\/aleger-logo-quadrat.jpg","width":200,"height":176,"caption":"ALEGER \u22c6 Augmented Reality"},"image":{"@id":"https:\/\/alegerglobal.com\/cs\/#\/schema\/logo\/image\/"}}]},"product_brand":"Epson","product_price_amount":"0.00","product_price_currency":"EUR","og_availability":"instock","product_availability":"instock","product_condition":"new"},"_links":{"self":[{"href":"https:\/\/alegerglobal.com\/cs\/wp-json\/wp\/v2\/product\/39827","targetHints":{"allow":["GET"]}}],"collection":[{"href":"https:\/\/alegerglobal.com\/cs\/wp-json\/wp\/v2\/product"}],"about":[{"href":"https:\/\/alegerglobal.com\/cs\/wp-json\/wp\/v2\/types\/product"}],"replies":[{"embeddable":true,"href":"https:\/\/alegerglobal.com\/cs\/wp-json\/wp\/v2\/comments?post=39827"}],"version-history":[{"count":0,"href":"https:\/\/alegerglobal.com\/cs\/wp-json\/wp\/v2\/product\/39827\/revisions"}],"wp:featuredmedia":[{"embeddable":true,"href":"https:\/\/alegerglobal.com\/cs\/wp-json\/wp\/v2\/media\/37472"}],"wp:attachment":[{"href":"https:\/\/alegerglobal.com\/cs\/wp-json\/wp\/v2\/media?parent=39827"}],"wp:term":[{"taxonomy":"product_brand","embeddable":true,"href":"https:\/\/alegerglobal.com\/cs\/wp-json\/wp\/v2\/product_brand?post=39827"},{"taxonomy":"product_cat","embeddable":true,"href":"https:\/\/alegerglobal.com\/cs\/wp-json\/wp\/v2\/product_cat?post=39827"},{"taxonomy":"product_tag","embeddable":true,"href":"https:\/\/alegerglobal.com\/cs\/wp-json\/wp\/v2\/product_tag?post=39827"}],"curies":[{"name":"wp","href":"https:\/\/api.w.org\/{rel}","templated":true}]}}