{"id":39785,"date":"2023-01-05T05:23:54","date_gmt":"2024-06-03T12:12:50","guid":{"rendered":"https:\/\/alegerglobal.com\/nezarazene\/termokamera\/"},"modified":"2024-06-03T13:12:50","modified_gmt":"2024-06-03T12:12:50","slug":"termokamera","status":"publish","type":"product","link":"https:\/\/alegerglobal.com\/cs\/shop-cs\/prislusenstvi\/termokamera\/","title":{"rendered":"Termokamera"},"content":{"rendered":"","protected":false},"excerpt":{"rendered":"<h2>Zviditeln\u011bn\u00ed neviditeln\u00e9ho<\/h2>\n<p>Modul termokamery zviditel\u0148uje z\u00e1vady, kter\u00e9 nelze spat\u0159it pouh\u00fdm okem. Elektrick\u00e9 instalace, motory nebo fas\u00e1dy budov &#8211; teplotn\u00ed odchylky odhal\u00ed probl\u00e9my d\u0159\u00edve, ne\u017e se stanou akutn\u00edmi.<\/p>\n<p>D\u00edky modul\u00e1rn\u00ed konstrukci lze kameru na za\u0159\u00edzen\u00ed RealWear Navigator 500 p\u0159ipevnit jedin\u00fdm kliknut\u00edm. K p\u0159epnut\u00ed z term\u00e1ln\u00edho do norm\u00e1ln\u00edho zobrazen\u00ed sta\u010d\u00ed jednoduch\u00fd hlasov\u00fd p\u0159\u00edkaz. To znamen\u00e1, \u017ee oba re\u017eimy lze pou\u017e\u00edvat plynule, co\u017e je ide\u00e1ln\u00ed pro kontrolu a dokumentaci. Pou\u017e\u00edv\u00e1 se nejnov\u011bj\u0161\u00ed hardware a software od p\u0159edn\u00edho sv\u011btov\u00e9ho v\u00fdrobce infra\u010derven\u00fdch produkt\u016f, spole\u010dnosti FLIR.<\/p>\n<p>Teplotn\u00ed rozsah od -20 do 400 \u00b0C umo\u017e\u0148uje \u0161irokou \u0161k\u00e1lu aplikac\u00ed. Kl\u00ed\u010dov\u00e9 \u00fadaje vizu\u00e1ln\u00ed kamery odpov\u00eddaj\u00ed standardn\u00ed verzi: sn\u00edma\u010d s rozli\u0161en\u00edm 48 MP, sn\u00edmky s rozli\u0161en\u00edm 12 MP a video v rozli\u0161en\u00ed Full HD s frekvenc\u00ed a\u017e 60 sn\u00edmk\u016f za sekundu.<\/p>\n","protected":false},"featured_media":37706,"comment_status":"open","ping_status":"closed","template":"","meta":{"_acf_changed":false},"product_brand":[],"product_cat":[1529,1516],"product_tag":[],"class_list":{"0":"post-39785","1":"product","2":"type-product","3":"status-publish","4":"has-post-thumbnail","6":"product_cat-prislusenstvi","7":"product_cat-shop-cs","8":"pa_hersteller-realwear-cs","10":"first","11":"instock","12":"taxable","13":"shipping-taxable","14":"product-type-simple"},"acf":[],"yoast_head":"<!-- This site is optimized with the Yoast SEO Premium plugin v20.10 (Yoast SEO v24.3) - https:\/\/yoast.com\/wordpress\/plugins\/seo\/ -->\n<title>ALEGER \u22c6 Augmented Reality- ep ALEGER \u22c6 Augmented Reality<\/title>\n<meta name=\"robots\" content=\"index, follow, max-snippet:-1, max-image-preview:large, max-video-preview:-1\" \/>\n<meta property=\"og:locale\" content=\"cs_CZ\" \/>\n<meta property=\"og:type\" content=\"article\" \/>\n<meta property=\"og:title\" content=\"Termokamera\" \/>\n<meta property=\"og:description\" content=\"Zviditeln\u011bn\u00ed neviditeln\u00e9ho Modul termokamery zviditel\u0148uje z\u00e1vady, kter\u00e9 nelze spat\u0159it pouh\u00fdm okem. Elektrick\u00e9 instalace, motory nebo fas\u00e1dy budov - teplotn\u00ed odchylky odhal\u00ed probl\u00e9my d\u0159\u00edve, ne\u017e se stanou akutn\u00edmi. D\u00edky modul\u00e1rn\u00ed konstrukci lze kameru na za\u0159\u00edzen\u00ed RealWear Navigator 500 p\u0159ipevnit jedin\u00fdm kliknut\u00edm. K p\u0159epnut\u00ed z term\u00e1ln\u00edho do norm\u00e1ln\u00edho zobrazen\u00ed sta\u010d\u00ed jednoduch\u00fd hlasov\u00fd p\u0159\u00edkaz. To znamen\u00e1, \u017ee oba re\u017eimy lze pou\u017e\u00edvat plynule, co\u017e je ide\u00e1ln\u00ed pro kontrolu a dokumentaci. Pou\u017e\u00edv\u00e1 se nejnov\u011bj\u0161\u00ed hardware a software od p\u0159edn\u00edho sv\u011btov\u00e9ho v\u00fdrobce infra\u010derven\u00fdch produkt\u016f, spole\u010dnosti FLIR. Teplotn\u00ed rozsah od -20 do 400 \u00b0C umo\u017e\u0148uje \u0161irokou \u0161k\u00e1lu aplikac\u00ed. Kl\u00ed\u010dov\u00e9 \u00fadaje vizu\u00e1ln\u00ed kamery odpov\u00eddaj\u00ed standardn\u00ed verzi: sn\u00edma\u010d s rozli\u0161en\u00edm 48 MP, sn\u00edmky s rozli\u0161en\u00edm 12 MP a video v rozli\u0161en\u00ed Full HD s frekvenc\u00ed a\u017e 60 sn\u00edmk\u016f za sekundu.\" \/>\n<meta property=\"og:url\" content=\"https:\/\/alegerglobal.com\/cs\/shop-cs\/prislusenstvi\/termokamera\/\" \/>\n<meta property=\"og:site_name\" content=\"ALEGER \u22c6 Augmented Reality\" \/>\n<meta property=\"og:image\" content=\"https:\/\/alegerglobal.com\/wp-content\/uploads\/2023\/01\/Unbenannt-2.jpg\" \/>\n\t<meta property=\"og:image:width\" content=\"800\" \/>\n\t<meta property=\"og:image:height\" content=\"800\" \/>\n\t<meta property=\"og:image:type\" content=\"image\/jpeg\" \/>\n<meta name=\"twitter:card\" content=\"summary_large_image\" \/>\n<meta name=\"twitter:label1\" content=\"Cena\" \/>\n\t<meta name=\"twitter:data1\" content=\"\" \/>\n\t<meta name=\"twitter:label2\" content=\"Dostupnost\" \/>\n\t<meta name=\"twitter:data2\" content=\"Skladem\" \/>\n<script type=\"application\/ld+json\" class=\"yoast-schema-graph\">{\"@context\":\"https:\/\/schema.org\",\"@graph\":[{\"@type\":\"WebPage\",\"@id\":\"https:\/\/alegerglobal.com\/cs\/shop-cs\/prislusenstvi\/termokamera\/\",\"url\":\"https:\/\/alegerglobal.com\/cs\/shop-cs\/prislusenstvi\/termokamera\/\",\"name\":\"ALEGER \u22c6 Augmented Reality- ep ALEGER \u22c6 Augmented Reality\",\"isPartOf\":{\"@id\":\"https:\/\/alegerglobal.com\/cs\/#website\"},\"primaryImageOfPage\":{\"@id\":\"https:\/\/alegerglobal.com\/cs\/shop-cs\/prislusenstvi\/termokamera\/#primaryimage\"},\"image\":{\"@id\":\"https:\/\/alegerglobal.com\/cs\/shop-cs\/prislusenstvi\/termokamera\/#primaryimage\"},\"thumbnailUrl\":\"https:\/\/alegerglobal.com\/wp-content\/uploads\/2023\/01\/Unbenannt-2.jpg\",\"datePublished\":\"2024-06-03T12:12:50+00:00\",\"dateModified\":\"2024-06-03T12:12:50+00:00\",\"breadcrumb\":{\"@id\":\"https:\/\/alegerglobal.com\/cs\/shop-cs\/prislusenstvi\/termokamera\/#breadcrumb\"},\"inLanguage\":\"cs\",\"potentialAction\":[{\"@type\":\"ReadAction\",\"target\":[\"https:\/\/alegerglobal.com\/cs\/shop-cs\/prislusenstvi\/termokamera\/\"]}]},{\"@type\":\"ImageObject\",\"inLanguage\":\"cs\",\"@id\":\"https:\/\/alegerglobal.com\/cs\/shop-cs\/prislusenstvi\/termokamera\/#primaryimage\",\"url\":\"https:\/\/alegerglobal.com\/wp-content\/uploads\/2023\/01\/Unbenannt-2.jpg\",\"contentUrl\":\"https:\/\/alegerglobal.com\/wp-content\/uploads\/2023\/01\/Unbenannt-2.jpg\",\"width\":800,\"height\":800},{\"@type\":\"BreadcrumbList\",\"@id\":\"https:\/\/alegerglobal.com\/cs\/shop-cs\/prislusenstvi\/termokamera\/#breadcrumb\",\"itemListElement\":[{\"@type\":\"ListItem\",\"position\":1,\"name\":\"Home\",\"item\":\"https:\/\/alegerglobal.com\/cs\/novinka-domovska-stranka\/\"},{\"@type\":\"ListItem\",\"position\":2,\"name\":\"Produkty\",\"item\":\"https:\/\/alegerglobal.com\/cs\/produkty\/\"},{\"@type\":\"ListItem\",\"position\":3,\"name\":\"Termokamera\"}]},{\"@type\":\"WebSite\",\"@id\":\"https:\/\/alegerglobal.com\/cs\/#website\",\"url\":\"https:\/\/alegerglobal.com\/cs\/\",\"name\":\"ALEGER \u22c6 Augmented Reality\",\"description\":\"Die besten Augmented Reality (AR) L\u00f6sungen der Welt.\",\"publisher\":{\"@id\":\"https:\/\/alegerglobal.com\/cs\/#organization\"},\"potentialAction\":[{\"@type\":\"SearchAction\",\"target\":{\"@type\":\"EntryPoint\",\"urlTemplate\":\"https:\/\/alegerglobal.com\/cs\/?s={search_term_string}\"},\"query-input\":{\"@type\":\"PropertyValueSpecification\",\"valueRequired\":true,\"valueName\":\"search_term_string\"}}],\"inLanguage\":\"cs\"},{\"@type\":\"Organization\",\"@id\":\"https:\/\/alegerglobal.com\/cs\/#organization\",\"name\":\"ALEGER \u22c6 Augmented Reality\",\"url\":\"https:\/\/alegerglobal.com\/cs\/\",\"logo\":{\"@type\":\"ImageObject\",\"inLanguage\":\"cs\",\"@id\":\"https:\/\/alegerglobal.com\/cs\/#\/schema\/logo\/image\/\",\"url\":\"https:\/\/alegerglobal.com\/wp-content\/uploads\/2020\/12\/aleger-logo-quadrat.jpg\",\"contentUrl\":\"https:\/\/alegerglobal.com\/wp-content\/uploads\/2020\/12\/aleger-logo-quadrat.jpg\",\"width\":200,\"height\":176,\"caption\":\"ALEGER \u22c6 Augmented Reality\"},\"image\":{\"@id\":\"https:\/\/alegerglobal.com\/cs\/#\/schema\/logo\/image\/\"}}]}<\/script>\n<meta property=\"product:brand\" content=\"RealWear\" \/>\n<meta property=\"product:price:amount\" content=\"0.00\" \/>\n<meta property=\"product:price:currency\" content=\"EUR\" \/>\n<meta property=\"og:availability\" content=\"instock\" \/>\n<meta property=\"product:availability\" content=\"instock\" \/>\n<meta property=\"product:condition\" content=\"new\" \/>\n<!-- \/ Yoast SEO Premium plugin. -->","yoast_head_json":{"title":"ALEGER \u22c6 Augmented Reality- ep ALEGER \u22c6 Augmented Reality","robots":{"index":"index","follow":"follow","max-snippet":"max-snippet:-1","max-image-preview":"max-image-preview:large","max-video-preview":"max-video-preview:-1"},"og_locale":"cs_CZ","og_type":"article","og_title":"Termokamera","og_description":"Zviditeln\u011bn\u00ed neviditeln\u00e9ho Modul termokamery zviditel\u0148uje z\u00e1vady, kter\u00e9 nelze spat\u0159it pouh\u00fdm okem. Elektrick\u00e9 instalace, motory nebo fas\u00e1dy budov - teplotn\u00ed odchylky odhal\u00ed probl\u00e9my d\u0159\u00edve, ne\u017e se stanou akutn\u00edmi. D\u00edky modul\u00e1rn\u00ed konstrukci lze kameru na za\u0159\u00edzen\u00ed RealWear Navigator 500 p\u0159ipevnit jedin\u00fdm kliknut\u00edm. K p\u0159epnut\u00ed z term\u00e1ln\u00edho do norm\u00e1ln\u00edho zobrazen\u00ed sta\u010d\u00ed jednoduch\u00fd hlasov\u00fd p\u0159\u00edkaz. To znamen\u00e1, \u017ee oba re\u017eimy lze pou\u017e\u00edvat plynule, co\u017e je ide\u00e1ln\u00ed pro kontrolu a dokumentaci. Pou\u017e\u00edv\u00e1 se nejnov\u011bj\u0161\u00ed hardware a software od p\u0159edn\u00edho sv\u011btov\u00e9ho v\u00fdrobce infra\u010derven\u00fdch produkt\u016f, spole\u010dnosti FLIR. Teplotn\u00ed rozsah od -20 do 400 \u00b0C umo\u017e\u0148uje \u0161irokou \u0161k\u00e1lu aplikac\u00ed. Kl\u00ed\u010dov\u00e9 \u00fadaje vizu\u00e1ln\u00ed kamery odpov\u00eddaj\u00ed standardn\u00ed verzi: sn\u00edma\u010d s rozli\u0161en\u00edm 48 MP, sn\u00edmky s rozli\u0161en\u00edm 12 MP a video v rozli\u0161en\u00ed Full HD s frekvenc\u00ed a\u017e 60 sn\u00edmk\u016f za sekundu.","og_url":"https:\/\/alegerglobal.com\/cs\/shop-cs\/prislusenstvi\/termokamera\/","og_site_name":"ALEGER \u22c6 Augmented Reality","og_image":[{"width":800,"height":800,"url":"https:\/\/alegerglobal.com\/wp-content\/uploads\/2023\/01\/Unbenannt-2.jpg","type":"image\/jpeg"}],"twitter_card":"summary_large_image","twitter_misc":{"Cena":"","Dostupnost":"Skladem"},"schema":{"@context":"https:\/\/schema.org","@graph":[{"@type":"WebPage","@id":"https:\/\/alegerglobal.com\/cs\/shop-cs\/prislusenstvi\/termokamera\/","url":"https:\/\/alegerglobal.com\/cs\/shop-cs\/prislusenstvi\/termokamera\/","name":"ALEGER \u22c6 Augmented Reality- ep ALEGER \u22c6 Augmented Reality","isPartOf":{"@id":"https:\/\/alegerglobal.com\/cs\/#website"},"primaryImageOfPage":{"@id":"https:\/\/alegerglobal.com\/cs\/shop-cs\/prislusenstvi\/termokamera\/#primaryimage"},"image":{"@id":"https:\/\/alegerglobal.com\/cs\/shop-cs\/prislusenstvi\/termokamera\/#primaryimage"},"thumbnailUrl":"https:\/\/alegerglobal.com\/wp-content\/uploads\/2023\/01\/Unbenannt-2.jpg","datePublished":"2024-06-03T12:12:50+00:00","dateModified":"2024-06-03T12:12:50+00:00","breadcrumb":{"@id":"https:\/\/alegerglobal.com\/cs\/shop-cs\/prislusenstvi\/termokamera\/#breadcrumb"},"inLanguage":"cs","potentialAction":[{"@type":"ReadAction","target":["https:\/\/alegerglobal.com\/cs\/shop-cs\/prislusenstvi\/termokamera\/"]}]},{"@type":"ImageObject","inLanguage":"cs","@id":"https:\/\/alegerglobal.com\/cs\/shop-cs\/prislusenstvi\/termokamera\/#primaryimage","url":"https:\/\/alegerglobal.com\/wp-content\/uploads\/2023\/01\/Unbenannt-2.jpg","contentUrl":"https:\/\/alegerglobal.com\/wp-content\/uploads\/2023\/01\/Unbenannt-2.jpg","width":800,"height":800},{"@type":"BreadcrumbList","@id":"https:\/\/alegerglobal.com\/cs\/shop-cs\/prislusenstvi\/termokamera\/#breadcrumb","itemListElement":[{"@type":"ListItem","position":1,"name":"Home","item":"https:\/\/alegerglobal.com\/cs\/novinka-domovska-stranka\/"},{"@type":"ListItem","position":2,"name":"Produkty","item":"https:\/\/alegerglobal.com\/cs\/produkty\/"},{"@type":"ListItem","position":3,"name":"Termokamera"}]},{"@type":"WebSite","@id":"https:\/\/alegerglobal.com\/cs\/#website","url":"https:\/\/alegerglobal.com\/cs\/","name":"ALEGER \u22c6 Augmented Reality","description":"Die besten Augmented Reality (AR) L\u00f6sungen der Welt.","publisher":{"@id":"https:\/\/alegerglobal.com\/cs\/#organization"},"potentialAction":[{"@type":"SearchAction","target":{"@type":"EntryPoint","urlTemplate":"https:\/\/alegerglobal.com\/cs\/?s={search_term_string}"},"query-input":{"@type":"PropertyValueSpecification","valueRequired":true,"valueName":"search_term_string"}}],"inLanguage":"cs"},{"@type":"Organization","@id":"https:\/\/alegerglobal.com\/cs\/#organization","name":"ALEGER \u22c6 Augmented Reality","url":"https:\/\/alegerglobal.com\/cs\/","logo":{"@type":"ImageObject","inLanguage":"cs","@id":"https:\/\/alegerglobal.com\/cs\/#\/schema\/logo\/image\/","url":"https:\/\/alegerglobal.com\/wp-content\/uploads\/2020\/12\/aleger-logo-quadrat.jpg","contentUrl":"https:\/\/alegerglobal.com\/wp-content\/uploads\/2020\/12\/aleger-logo-quadrat.jpg","width":200,"height":176,"caption":"ALEGER \u22c6 Augmented Reality"},"image":{"@id":"https:\/\/alegerglobal.com\/cs\/#\/schema\/logo\/image\/"}}]},"product_brand":"RealWear","product_price_amount":"0.00","product_price_currency":"EUR","og_availability":"instock","product_availability":"instock","product_condition":"new"},"_links":{"self":[{"href":"https:\/\/alegerglobal.com\/cs\/wp-json\/wp\/v2\/product\/39785","targetHints":{"allow":["GET"]}}],"collection":[{"href":"https:\/\/alegerglobal.com\/cs\/wp-json\/wp\/v2\/product"}],"about":[{"href":"https:\/\/alegerglobal.com\/cs\/wp-json\/wp\/v2\/types\/product"}],"replies":[{"embeddable":true,"href":"https:\/\/alegerglobal.com\/cs\/wp-json\/wp\/v2\/comments?post=39785"}],"version-history":[{"count":0,"href":"https:\/\/alegerglobal.com\/cs\/wp-json\/wp\/v2\/product\/39785\/revisions"}],"wp:featuredmedia":[{"embeddable":true,"href":"https:\/\/alegerglobal.com\/cs\/wp-json\/wp\/v2\/media\/37706"}],"wp:attachment":[{"href":"https:\/\/alegerglobal.com\/cs\/wp-json\/wp\/v2\/media?parent=39785"}],"wp:term":[{"taxonomy":"product_brand","embeddable":true,"href":"https:\/\/alegerglobal.com\/cs\/wp-json\/wp\/v2\/product_brand?post=39785"},{"taxonomy":"product_cat","embeddable":true,"href":"https:\/\/alegerglobal.com\/cs\/wp-json\/wp\/v2\/product_cat?post=39785"},{"taxonomy":"product_tag","embeddable":true,"href":"https:\/\/alegerglobal.com\/cs\/wp-json\/wp\/v2\/product_tag?post=39785"}],"curies":[{"name":"wp","href":"https:\/\/api.w.org\/{rel}","templated":true}]}}