{"id":39722,"date":"2023-01-05T06:23:16","date_gmt":"2024-06-03T12:04:29","guid":{"rendered":"https:\/\/alegerglobal.com\/nezarazene\/zastrcka-usb-s-kabelem-usb-typu-c-a-adapterem-microusb\/"},"modified":"2024-06-03T13:04:29","modified_gmt":"2024-06-03T12:04:29","slug":"usb-zastrcka-typu-c-usb-kabel-a-microusb-adapter","status":"publish","type":"product","link":"https:\/\/alegerglobal.com\/cs\/shop-cs\/prislusenstvi\/usb-zastrcka-typu-c-usb-kabel-a-microusb-adapter\/","title":{"rendered":"Z\u00e1str\u010dka USB s kabelem USB typu C a adapt\u00e9rem microUSB"},"content":{"rendered":"","protected":false},"excerpt":{"rendered":"<p>Z\u00e1str\u010dka USB, kabel USB-C a mal\u00fd adapt\u00e9r pro microUSB jsou sou\u010d\u00e1st\u00ed standardn\u00ed dod\u00e1vky za\u0159\u00edzen\u00ed HMT-1. Obvykle dod\u00e1v\u00e1me evropskou z\u00e1str\u010dku, pokud po\u017eadujete jinou, dejte n\u00e1m pros\u00edm v\u011bd\u011bt p\u0159edem.<\/p>\n<p>Z\u00e1str\u010dky USB jsou k dispozici jednotliv\u011b pro USA, \u010c\u00ednu, Velkou Brit\u00e1nii, Austr\u00e1lii a EU.<\/p>\n","protected":false},"featured_media":37809,"comment_status":"open","ping_status":"closed","template":"","meta":{"_acf_changed":false},"product_brand":[],"product_cat":[1529,1516],"product_tag":[],"class_list":{"0":"post-39722","1":"product","2":"type-product","3":"status-publish","4":"has-post-thumbnail","6":"product_cat-prislusenstvi","7":"product_cat-shop-cs","8":"pa_hersteller-realwear-cs","10":"first","11":"instock","12":"taxable","13":"shipping-taxable","14":"product-type-simple"},"acf":[],"yoast_head":"<!-- This site is optimized with the Yoast SEO Premium plugin v20.10 (Yoast SEO v24.3) - https:\/\/yoast.com\/wordpress\/plugins\/seo\/ -->\n<title>- ALEGER \u22c6 Augmented Reality<\/title>\n<meta name=\"robots\" content=\"index, follow, max-snippet:-1, max-image-preview:large, max-video-preview:-1\" \/>\n<meta property=\"og:locale\" content=\"cs_CZ\" \/>\n<meta property=\"og:type\" content=\"article\" \/>\n<meta property=\"og:title\" content=\"Z\u00e1str\u010dka USB s kabelem USB typu C a adapt\u00e9rem microUSB\" \/>\n<meta property=\"og:description\" content=\"Z\u00e1str\u010dka USB, kabel USB-C a mal\u00fd adapt\u00e9r pro microUSB jsou sou\u010d\u00e1st\u00ed standardn\u00ed dod\u00e1vky za\u0159\u00edzen\u00ed HMT-1. Obvykle dod\u00e1v\u00e1me evropskou z\u00e1str\u010dku, pokud po\u017eadujete jinou, dejte n\u00e1m pros\u00edm v\u011bd\u011bt p\u0159edem. Z\u00e1str\u010dky USB jsou k dispozici jednotliv\u011b pro USA, \u010c\u00ednu, Velkou Brit\u00e1nii, Austr\u00e1lii a EU.\" \/>\n<meta property=\"og:url\" content=\"https:\/\/alegerglobal.com\/cs\/shop-cs\/prislusenstvi\/usb-zastrcka-typu-c-usb-kabel-a-microusb-adapter\/\" \/>\n<meta property=\"og:site_name\" content=\"ALEGER \u22c6 Augmented Reality\" \/>\n<meta property=\"og:image\" content=\"https:\/\/alegerglobal.com\/wp-content\/uploads\/2023\/01\/Unbenannt-9.jpg\" \/>\n\t<meta property=\"og:image:width\" content=\"800\" \/>\n\t<meta property=\"og:image:height\" content=\"800\" \/>\n\t<meta property=\"og:image:type\" content=\"image\/jpeg\" \/>\n<meta name=\"twitter:card\" content=\"summary_large_image\" \/>\n<meta name=\"twitter:label1\" content=\"Cena\" \/>\n\t<meta name=\"twitter:data1\" content=\"\" \/>\n\t<meta name=\"twitter:label2\" content=\"Dostupnost\" \/>\n\t<meta name=\"twitter:data2\" content=\"Skladem\" \/>\n<script type=\"application\/ld+json\" class=\"yoast-schema-graph\">{\"@context\":\"https:\/\/schema.org\",\"@graph\":[{\"@type\":\"WebPage\",\"@id\":\"https:\/\/alegerglobal.com\/cs\/shop-cs\/prislusenstvi\/usb-zastrcka-typu-c-usb-kabel-a-microusb-adapter\/\",\"url\":\"https:\/\/alegerglobal.com\/cs\/shop-cs\/prislusenstvi\/usb-zastrcka-typu-c-usb-kabel-a-microusb-adapter\/\",\"name\":\"- ALEGER \u22c6 Augmented Reality\",\"isPartOf\":{\"@id\":\"https:\/\/alegerglobal.com\/cs\/#website\"},\"primaryImageOfPage\":{\"@id\":\"https:\/\/alegerglobal.com\/cs\/shop-cs\/prislusenstvi\/usb-zastrcka-typu-c-usb-kabel-a-microusb-adapter\/#primaryimage\"},\"image\":{\"@id\":\"https:\/\/alegerglobal.com\/cs\/shop-cs\/prislusenstvi\/usb-zastrcka-typu-c-usb-kabel-a-microusb-adapter\/#primaryimage\"},\"thumbnailUrl\":\"https:\/\/alegerglobal.com\/wp-content\/uploads\/2023\/01\/Unbenannt-9.jpg\",\"datePublished\":\"2024-06-03T12:04:29+00:00\",\"dateModified\":\"2024-06-03T12:04:29+00:00\",\"breadcrumb\":{\"@id\":\"https:\/\/alegerglobal.com\/cs\/shop-cs\/prislusenstvi\/usb-zastrcka-typu-c-usb-kabel-a-microusb-adapter\/#breadcrumb\"},\"inLanguage\":\"cs\",\"potentialAction\":[{\"@type\":\"ReadAction\",\"target\":[\"https:\/\/alegerglobal.com\/cs\/shop-cs\/prislusenstvi\/usb-zastrcka-typu-c-usb-kabel-a-microusb-adapter\/\"]}]},{\"@type\":\"ImageObject\",\"inLanguage\":\"cs\",\"@id\":\"https:\/\/alegerglobal.com\/cs\/shop-cs\/prislusenstvi\/usb-zastrcka-typu-c-usb-kabel-a-microusb-adapter\/#primaryimage\",\"url\":\"https:\/\/alegerglobal.com\/wp-content\/uploads\/2023\/01\/Unbenannt-9.jpg\",\"contentUrl\":\"https:\/\/alegerglobal.com\/wp-content\/uploads\/2023\/01\/Unbenannt-9.jpg\",\"width\":800,\"height\":800},{\"@type\":\"BreadcrumbList\",\"@id\":\"https:\/\/alegerglobal.com\/cs\/shop-cs\/prislusenstvi\/usb-zastrcka-typu-c-usb-kabel-a-microusb-adapter\/#breadcrumb\",\"itemListElement\":[{\"@type\":\"ListItem\",\"position\":1,\"name\":\"Home\",\"item\":\"https:\/\/alegerglobal.com\/cs\/novinka-domovska-stranka\/\"},{\"@type\":\"ListItem\",\"position\":2,\"name\":\"Produkty\",\"item\":\"https:\/\/alegerglobal.com\/cs\/produkty\/\"},{\"@type\":\"ListItem\",\"position\":3,\"name\":\"Z\u00e1str\u010dka USB s kabelem USB typu C a adapt\u00e9rem microUSB\"}]},{\"@type\":\"WebSite\",\"@id\":\"https:\/\/alegerglobal.com\/cs\/#website\",\"url\":\"https:\/\/alegerglobal.com\/cs\/\",\"name\":\"ALEGER \u22c6 Augmented Reality\",\"description\":\"Die besten Augmented Reality (AR) L\u00f6sungen der Welt.\",\"publisher\":{\"@id\":\"https:\/\/alegerglobal.com\/cs\/#organization\"},\"potentialAction\":[{\"@type\":\"SearchAction\",\"target\":{\"@type\":\"EntryPoint\",\"urlTemplate\":\"https:\/\/alegerglobal.com\/cs\/?s={search_term_string}\"},\"query-input\":{\"@type\":\"PropertyValueSpecification\",\"valueRequired\":true,\"valueName\":\"search_term_string\"}}],\"inLanguage\":\"cs\"},{\"@type\":\"Organization\",\"@id\":\"https:\/\/alegerglobal.com\/cs\/#organization\",\"name\":\"ALEGER \u22c6 Augmented Reality\",\"url\":\"https:\/\/alegerglobal.com\/cs\/\",\"logo\":{\"@type\":\"ImageObject\",\"inLanguage\":\"cs\",\"@id\":\"https:\/\/alegerglobal.com\/cs\/#\/schema\/logo\/image\/\",\"url\":\"https:\/\/alegerglobal.com\/wp-content\/uploads\/2020\/12\/aleger-logo-quadrat.jpg\",\"contentUrl\":\"https:\/\/alegerglobal.com\/wp-content\/uploads\/2020\/12\/aleger-logo-quadrat.jpg\",\"width\":200,\"height\":176,\"caption\":\"ALEGER \u22c6 Augmented Reality\"},\"image\":{\"@id\":\"https:\/\/alegerglobal.com\/cs\/#\/schema\/logo\/image\/\"}}]}<\/script>\n<meta property=\"product:brand\" content=\"RealWear\" \/>\n<meta property=\"product:price:amount\" content=\"0.00\" \/>\n<meta property=\"product:price:currency\" content=\"EUR\" \/>\n<meta property=\"og:availability\" content=\"instock\" \/>\n<meta property=\"product:availability\" content=\"instock\" \/>\n<meta property=\"product:condition\" content=\"new\" \/>\n<!-- \/ Yoast SEO Premium plugin. -->","yoast_head_json":{"title":"- ALEGER \u22c6 Augmented Reality","robots":{"index":"index","follow":"follow","max-snippet":"max-snippet:-1","max-image-preview":"max-image-preview:large","max-video-preview":"max-video-preview:-1"},"og_locale":"cs_CZ","og_type":"article","og_title":"Z\u00e1str\u010dka USB s kabelem USB typu C a adapt\u00e9rem microUSB","og_description":"Z\u00e1str\u010dka USB, kabel USB-C a mal\u00fd adapt\u00e9r pro microUSB jsou sou\u010d\u00e1st\u00ed standardn\u00ed dod\u00e1vky za\u0159\u00edzen\u00ed HMT-1. Obvykle dod\u00e1v\u00e1me evropskou z\u00e1str\u010dku, pokud po\u017eadujete jinou, dejte n\u00e1m pros\u00edm v\u011bd\u011bt p\u0159edem. Z\u00e1str\u010dky USB jsou k dispozici jednotliv\u011b pro USA, \u010c\u00ednu, Velkou Brit\u00e1nii, Austr\u00e1lii a EU.","og_url":"https:\/\/alegerglobal.com\/cs\/shop-cs\/prislusenstvi\/usb-zastrcka-typu-c-usb-kabel-a-microusb-adapter\/","og_site_name":"ALEGER \u22c6 Augmented Reality","og_image":[{"width":800,"height":800,"url":"https:\/\/alegerglobal.com\/wp-content\/uploads\/2023\/01\/Unbenannt-9.jpg","type":"image\/jpeg"}],"twitter_card":"summary_large_image","twitter_misc":{"Cena":"","Dostupnost":"Skladem"},"schema":{"@context":"https:\/\/schema.org","@graph":[{"@type":"WebPage","@id":"https:\/\/alegerglobal.com\/cs\/shop-cs\/prislusenstvi\/usb-zastrcka-typu-c-usb-kabel-a-microusb-adapter\/","url":"https:\/\/alegerglobal.com\/cs\/shop-cs\/prislusenstvi\/usb-zastrcka-typu-c-usb-kabel-a-microusb-adapter\/","name":"- ALEGER \u22c6 Augmented Reality","isPartOf":{"@id":"https:\/\/alegerglobal.com\/cs\/#website"},"primaryImageOfPage":{"@id":"https:\/\/alegerglobal.com\/cs\/shop-cs\/prislusenstvi\/usb-zastrcka-typu-c-usb-kabel-a-microusb-adapter\/#primaryimage"},"image":{"@id":"https:\/\/alegerglobal.com\/cs\/shop-cs\/prislusenstvi\/usb-zastrcka-typu-c-usb-kabel-a-microusb-adapter\/#primaryimage"},"thumbnailUrl":"https:\/\/alegerglobal.com\/wp-content\/uploads\/2023\/01\/Unbenannt-9.jpg","datePublished":"2024-06-03T12:04:29+00:00","dateModified":"2024-06-03T12:04:29+00:00","breadcrumb":{"@id":"https:\/\/alegerglobal.com\/cs\/shop-cs\/prislusenstvi\/usb-zastrcka-typu-c-usb-kabel-a-microusb-adapter\/#breadcrumb"},"inLanguage":"cs","potentialAction":[{"@type":"ReadAction","target":["https:\/\/alegerglobal.com\/cs\/shop-cs\/prislusenstvi\/usb-zastrcka-typu-c-usb-kabel-a-microusb-adapter\/"]}]},{"@type":"ImageObject","inLanguage":"cs","@id":"https:\/\/alegerglobal.com\/cs\/shop-cs\/prislusenstvi\/usb-zastrcka-typu-c-usb-kabel-a-microusb-adapter\/#primaryimage","url":"https:\/\/alegerglobal.com\/wp-content\/uploads\/2023\/01\/Unbenannt-9.jpg","contentUrl":"https:\/\/alegerglobal.com\/wp-content\/uploads\/2023\/01\/Unbenannt-9.jpg","width":800,"height":800},{"@type":"BreadcrumbList","@id":"https:\/\/alegerglobal.com\/cs\/shop-cs\/prislusenstvi\/usb-zastrcka-typu-c-usb-kabel-a-microusb-adapter\/#breadcrumb","itemListElement":[{"@type":"ListItem","position":1,"name":"Home","item":"https:\/\/alegerglobal.com\/cs\/novinka-domovska-stranka\/"},{"@type":"ListItem","position":2,"name":"Produkty","item":"https:\/\/alegerglobal.com\/cs\/produkty\/"},{"@type":"ListItem","position":3,"name":"Z\u00e1str\u010dka USB s kabelem USB typu C a adapt\u00e9rem microUSB"}]},{"@type":"WebSite","@id":"https:\/\/alegerglobal.com\/cs\/#website","url":"https:\/\/alegerglobal.com\/cs\/","name":"ALEGER \u22c6 Augmented Reality","description":"Die besten Augmented Reality (AR) L\u00f6sungen der Welt.","publisher":{"@id":"https:\/\/alegerglobal.com\/cs\/#organization"},"potentialAction":[{"@type":"SearchAction","target":{"@type":"EntryPoint","urlTemplate":"https:\/\/alegerglobal.com\/cs\/?s={search_term_string}"},"query-input":{"@type":"PropertyValueSpecification","valueRequired":true,"valueName":"search_term_string"}}],"inLanguage":"cs"},{"@type":"Organization","@id":"https:\/\/alegerglobal.com\/cs\/#organization","name":"ALEGER \u22c6 Augmented Reality","url":"https:\/\/alegerglobal.com\/cs\/","logo":{"@type":"ImageObject","inLanguage":"cs","@id":"https:\/\/alegerglobal.com\/cs\/#\/schema\/logo\/image\/","url":"https:\/\/alegerglobal.com\/wp-content\/uploads\/2020\/12\/aleger-logo-quadrat.jpg","contentUrl":"https:\/\/alegerglobal.com\/wp-content\/uploads\/2020\/12\/aleger-logo-quadrat.jpg","width":200,"height":176,"caption":"ALEGER \u22c6 Augmented Reality"},"image":{"@id":"https:\/\/alegerglobal.com\/cs\/#\/schema\/logo\/image\/"}}]},"product_brand":"RealWear","product_price_amount":"0.00","product_price_currency":"EUR","og_availability":"instock","product_availability":"instock","product_condition":"new"},"_links":{"self":[{"href":"https:\/\/alegerglobal.com\/cs\/wp-json\/wp\/v2\/product\/39722","targetHints":{"allow":["GET"]}}],"collection":[{"href":"https:\/\/alegerglobal.com\/cs\/wp-json\/wp\/v2\/product"}],"about":[{"href":"https:\/\/alegerglobal.com\/cs\/wp-json\/wp\/v2\/types\/product"}],"replies":[{"embeddable":true,"href":"https:\/\/alegerglobal.com\/cs\/wp-json\/wp\/v2\/comments?post=39722"}],"version-history":[{"count":0,"href":"https:\/\/alegerglobal.com\/cs\/wp-json\/wp\/v2\/product\/39722\/revisions"}],"wp:featuredmedia":[{"embeddable":true,"href":"https:\/\/alegerglobal.com\/cs\/wp-json\/wp\/v2\/media\/37809"}],"wp:attachment":[{"href":"https:\/\/alegerglobal.com\/cs\/wp-json\/wp\/v2\/media?parent=39722"}],"wp:term":[{"taxonomy":"product_brand","embeddable":true,"href":"https:\/\/alegerglobal.com\/cs\/wp-json\/wp\/v2\/product_brand?post=39722"},{"taxonomy":"product_cat","embeddable":true,"href":"https:\/\/alegerglobal.com\/cs\/wp-json\/wp\/v2\/product_cat?post=39722"},{"taxonomy":"product_tag","embeddable":true,"href":"https:\/\/alegerglobal.com\/cs\/wp-json\/wp\/v2\/product_tag?post=39722"}],"curies":[{"name":"wp","href":"https:\/\/api.w.org\/{rel}","templated":true}]}}