{"id":39139,"date":"2023-02-16T05:34:50","date_gmt":"2024-06-03T11:26:43","guid":{"rendered":"https:\/\/alegerglobal.com\/nezarazene\/chytre-bryle-moziware-cimo-s-ip66-qualcomm-snapdragon-662-16-mp-kamera-1080p-3-gb-ram-32-gb-uloziste-android-10\/"},"modified":"2024-06-03T12:26:43","modified_gmt":"2024-06-03T11:26:43","slug":"cimo","status":"publish","type":"product","link":"https:\/\/alegerglobal.com\/cs\/shop-cs\/chytre-bryle\/cimo\/","title":{"rendered":"Chytr\u00e9 br\u00fdle Moziware CIMO s IP66, Qualcomm Snapdragon 662, 16 MP kamera, 1080p, 3 GB RAM, 32 GB \u00falo\u017ei\u0161t\u011b, Android 10"},"content":{"rendered":"","protected":false},"excerpt":{"rendered":"<ul>\n<li style=\"font-weight: 400;\" aria-level=\"1\"><b>Pro drsn\u00e9 prost\u0159ed\u00ed:<\/b><span style=\"font-weight: 400;\"> Vhodn\u00e9 pro pou\u017eit\u00ed v extr\u00e9mn\u00edch teplot\u00e1ch a vlhkosti d\u00edky certifikaci IP66.<\/span><\/li>\n<li style=\"font-weight: 400;\" aria-level=\"1\"><b>Modern\u00ed opera\u010dn\u00ed syst\u00e9m:<\/b><span style=\"font-weight: 400;\"> P\u0159edinstalovan\u00fd syst\u00e9m Android 10 a kompatibilita s v\u00edce ne\u017e 200 podnikov\u00fdmi aplikacemi pro bezprobl\u00e9movou integraci do podnikov\u00fdch proces\u016f.<\/span><\/li>\n<li style=\"font-weight: 400;\" aria-level=\"1\"><b>V\u00fdkonn\u00e9:<\/b><span style=\"font-weight: 400;\"> Modern\u00ed procesor Qualcomm Snapdragon nab\u00edz\u00ed dostate\u010dn\u00fd v\u00fdkon pro n\u00e1ro\u010dn\u00e9 aplikace.<\/span><\/li>\n<li style=\"font-weight: 400;\" aria-level=\"1\"><b>2 kamery:<\/b><span style=\"font-weight: 400;\"> Zaji\u0161t\u011bn\u00ed ostr\u00e9 reprodukce roz\u0161\u00ed\u0159en\u00e9 reality prost\u0159ednictv\u00edm integrovan\u00e9ho displeje LCD<\/span><\/li>\n<li style=\"font-weight: 400;\" aria-level=\"1\"><b>N\u00edzk\u00e1 hmotnost:<\/b> za\u0159\u00edzen\u00ed je vhodn\u00e9 i pro del\u0161\u00ed no\u0161en\u00ed d\u00edky celkov\u00e9 hmotnosti 155 g.<\/li>\n<\/ul>\n","protected":false},"featured_media":37943,"comment_status":"open","ping_status":"closed","template":"","meta":{"_acf_changed":false},"product_brand":[],"product_cat":[1515,1516],"product_tag":[],"class_list":{"0":"post-39139","1":"product","2":"type-product","3":"status-publish","4":"has-post-thumbnail","6":"product_cat-chytre-bryle","7":"product_cat-shop-cs","8":"pa_hersteller-moziware-cs","10":"first","11":"instock","12":"taxable","13":"shipping-taxable","14":"product-type-simple"},"acf":[],"yoast_head":"<!-- This site is optimized with the Yoast SEO Premium plugin v20.10 (Yoast SEO v24.3) - https:\/\/yoast.com\/wordpress\/plugins\/seo\/ -->\n<title>Koupit Moziware CIMO: Chytr\u00e9 br\u00fdle s Androidem 10 IP66 - ALEGER \u22c6 Augmented Reality<\/title>\n<meta name=\"description\" content=\"Chytr\u00e9 br\u00fdle pro pr\u00e1ci na d\u00e1lku a roz\u0161\u00ed\u0159enou realitu \u2713 certifikace IP66 \u2713 Android 10 \u2713 200 kompatibiln\u00edch aplikac\u00ed \u2192 Kupte si Moziware CIMO nyn\u00ed\" \/>\n<meta name=\"robots\" content=\"index, follow, max-snippet:-1, max-image-preview:large, max-video-preview:-1\" \/>\n<meta property=\"og:locale\" content=\"cs_CZ\" \/>\n<meta property=\"og:type\" content=\"article\" \/>\n<meta property=\"og:title\" content=\"Chytr\u00e9 br\u00fdle Moziware CIMO s IP66, Qualcomm Snapdragon 662, 16 MP kamera, 1080p, 3 GB RAM, 32 GB \u00falo\u017ei\u0161t\u011b, Android 10\" \/>\n<meta property=\"og:description\" content=\"Chytr\u00e9 br\u00fdle pro pr\u00e1ci na d\u00e1lku a roz\u0161\u00ed\u0159enou realitu \u2713 certifikace IP66 \u2713 Android 10 \u2713 200 kompatibiln\u00edch aplikac\u00ed \u2192 Kupte si Moziware CIMO nyn\u00ed\" \/>\n<meta property=\"og:url\" content=\"https:\/\/alegerglobal.com\/cs\/shop-cs\/chytre-bryle\/cimo\/\" \/>\n<meta property=\"og:site_name\" content=\"ALEGER \u22c6 Augmented Reality\" \/>\n<meta property=\"og:image\" content=\"https:\/\/alegerglobal.com\/wp-content\/uploads\/2023\/02\/Unbenannt-5.jpg\" \/>\n\t<meta property=\"og:image:width\" content=\"800\" \/>\n\t<meta property=\"og:image:height\" content=\"800\" \/>\n\t<meta property=\"og:image:type\" content=\"image\/jpeg\" \/>\n<meta name=\"twitter:card\" content=\"summary_large_image\" \/>\n<meta name=\"twitter:label1\" content=\"Cena\" \/>\n\t<meta name=\"twitter:data1\" content=\"\" \/>\n\t<meta name=\"twitter:label2\" content=\"Dostupnost\" \/>\n\t<meta name=\"twitter:data2\" content=\"Skladem\" \/>\n<script type=\"application\/ld+json\" class=\"yoast-schema-graph\">{\"@context\":\"https:\/\/schema.org\",\"@graph\":[{\"@type\":\"WebPage\",\"@id\":\"https:\/\/alegerglobal.com\/cs\/shop-cs\/chytre-bryle\/cimo\/\",\"url\":\"https:\/\/alegerglobal.com\/cs\/shop-cs\/chytre-bryle\/cimo\/\",\"name\":\"Koupit Moziware CIMO: Chytr\u00e9 br\u00fdle s Androidem 10 IP66 - ALEGER \u22c6 Augmented Reality\",\"isPartOf\":{\"@id\":\"https:\/\/alegerglobal.com\/cs\/#website\"},\"primaryImageOfPage\":{\"@id\":\"https:\/\/alegerglobal.com\/cs\/shop-cs\/chytre-bryle\/cimo\/#primaryimage\"},\"image\":{\"@id\":\"https:\/\/alegerglobal.com\/cs\/shop-cs\/chytre-bryle\/cimo\/#primaryimage\"},\"thumbnailUrl\":\"https:\/\/alegerglobal.com\/wp-content\/uploads\/2023\/02\/Unbenannt-5.jpg\",\"datePublished\":\"2024-06-03T11:26:43+00:00\",\"dateModified\":\"2024-06-03T11:26:43+00:00\",\"description\":\"Chytr\u00e9 br\u00fdle pro pr\u00e1ci na d\u00e1lku a roz\u0161\u00ed\u0159enou realitu \u2713 certifikace IP66 \u2713 Android 10 \u2713 200 kompatibiln\u00edch aplikac\u00ed \u2192 Kupte si Moziware CIMO nyn\u00ed\",\"breadcrumb\":{\"@id\":\"https:\/\/alegerglobal.com\/cs\/shop-cs\/chytre-bryle\/cimo\/#breadcrumb\"},\"inLanguage\":\"cs\",\"potentialAction\":[{\"@type\":\"ReadAction\",\"target\":[\"https:\/\/alegerglobal.com\/cs\/shop-cs\/chytre-bryle\/cimo\/\"]}]},{\"@type\":\"ImageObject\",\"inLanguage\":\"cs\",\"@id\":\"https:\/\/alegerglobal.com\/cs\/shop-cs\/chytre-bryle\/cimo\/#primaryimage\",\"url\":\"https:\/\/alegerglobal.com\/wp-content\/uploads\/2023\/02\/Unbenannt-5.jpg\",\"contentUrl\":\"https:\/\/alegerglobal.com\/wp-content\/uploads\/2023\/02\/Unbenannt-5.jpg\",\"width\":800,\"height\":800},{\"@type\":\"BreadcrumbList\",\"@id\":\"https:\/\/alegerglobal.com\/cs\/shop-cs\/chytre-bryle\/cimo\/#breadcrumb\",\"itemListElement\":[{\"@type\":\"ListItem\",\"position\":1,\"name\":\"Home\",\"item\":\"https:\/\/alegerglobal.com\/cs\/novinka-domovska-stranka\/\"},{\"@type\":\"ListItem\",\"position\":2,\"name\":\"Produkty\",\"item\":\"https:\/\/alegerglobal.com\/cs\/produkty\/\"},{\"@type\":\"ListItem\",\"position\":3,\"name\":\"Chytr\u00e9 br\u00fdle Moziware CIMO s IP66, Qualcomm Snapdragon 662, 16 MP kamera, 1080p, 3 GB RAM, 32 GB \u00falo\u017ei\u0161t\u011b, Android 10\"}]},{\"@type\":\"WebSite\",\"@id\":\"https:\/\/alegerglobal.com\/cs\/#website\",\"url\":\"https:\/\/alegerglobal.com\/cs\/\",\"name\":\"ALEGER \u22c6 Augmented Reality\",\"description\":\"Die besten Augmented Reality (AR) L\u00f6sungen der Welt.\",\"publisher\":{\"@id\":\"https:\/\/alegerglobal.com\/cs\/#organization\"},\"potentialAction\":[{\"@type\":\"SearchAction\",\"target\":{\"@type\":\"EntryPoint\",\"urlTemplate\":\"https:\/\/alegerglobal.com\/cs\/?s={search_term_string}\"},\"query-input\":{\"@type\":\"PropertyValueSpecification\",\"valueRequired\":true,\"valueName\":\"search_term_string\"}}],\"inLanguage\":\"cs\"},{\"@type\":\"Organization\",\"@id\":\"https:\/\/alegerglobal.com\/cs\/#organization\",\"name\":\"ALEGER \u22c6 Augmented Reality\",\"url\":\"https:\/\/alegerglobal.com\/cs\/\",\"logo\":{\"@type\":\"ImageObject\",\"inLanguage\":\"cs\",\"@id\":\"https:\/\/alegerglobal.com\/cs\/#\/schema\/logo\/image\/\",\"url\":\"https:\/\/alegerglobal.com\/wp-content\/uploads\/2020\/12\/aleger-logo-quadrat.jpg\",\"contentUrl\":\"https:\/\/alegerglobal.com\/wp-content\/uploads\/2020\/12\/aleger-logo-quadrat.jpg\",\"width\":200,\"height\":176,\"caption\":\"ALEGER \u22c6 Augmented Reality\"},\"image\":{\"@id\":\"https:\/\/alegerglobal.com\/cs\/#\/schema\/logo\/image\/\"}}]}<\/script>\n<meta property=\"product:brand\" content=\"Moziware\" \/>\n<meta property=\"product:price:amount\" content=\"0.00\" \/>\n<meta property=\"product:price:currency\" content=\"EUR\" \/>\n<meta property=\"og:availability\" content=\"instock\" \/>\n<meta property=\"product:availability\" content=\"instock\" \/>\n<meta property=\"product:condition\" content=\"new\" \/>\n<!-- \/ Yoast SEO Premium plugin. -->","yoast_head_json":{"title":"Koupit Moziware CIMO: Chytr\u00e9 br\u00fdle s Androidem 10 IP66 - ALEGER \u22c6 Augmented Reality","description":"Chytr\u00e9 br\u00fdle pro pr\u00e1ci na d\u00e1lku a roz\u0161\u00ed\u0159enou realitu \u2713 certifikace IP66 \u2713 Android 10 \u2713 200 kompatibiln\u00edch aplikac\u00ed \u2192 Kupte si Moziware CIMO nyn\u00ed","robots":{"index":"index","follow":"follow","max-snippet":"max-snippet:-1","max-image-preview":"max-image-preview:large","max-video-preview":"max-video-preview:-1"},"og_locale":"cs_CZ","og_type":"article","og_title":"Chytr\u00e9 br\u00fdle Moziware CIMO s IP66, Qualcomm Snapdragon 662, 16 MP kamera, 1080p, 3 GB RAM, 32 GB \u00falo\u017ei\u0161t\u011b, Android 10","og_description":"Chytr\u00e9 br\u00fdle pro pr\u00e1ci na d\u00e1lku a roz\u0161\u00ed\u0159enou realitu \u2713 certifikace IP66 \u2713 Android 10 \u2713 200 kompatibiln\u00edch aplikac\u00ed \u2192 Kupte si Moziware CIMO nyn\u00ed","og_url":"https:\/\/alegerglobal.com\/cs\/shop-cs\/chytre-bryle\/cimo\/","og_site_name":"ALEGER \u22c6 Augmented Reality","og_image":[{"width":800,"height":800,"url":"https:\/\/alegerglobal.com\/wp-content\/uploads\/2023\/02\/Unbenannt-5.jpg","type":"image\/jpeg"}],"twitter_card":"summary_large_image","twitter_misc":{"Cena":"","Dostupnost":"Skladem"},"schema":{"@context":"https:\/\/schema.org","@graph":[{"@type":"WebPage","@id":"https:\/\/alegerglobal.com\/cs\/shop-cs\/chytre-bryle\/cimo\/","url":"https:\/\/alegerglobal.com\/cs\/shop-cs\/chytre-bryle\/cimo\/","name":"Koupit Moziware CIMO: Chytr\u00e9 br\u00fdle s Androidem 10 IP66 - ALEGER \u22c6 Augmented Reality","isPartOf":{"@id":"https:\/\/alegerglobal.com\/cs\/#website"},"primaryImageOfPage":{"@id":"https:\/\/alegerglobal.com\/cs\/shop-cs\/chytre-bryle\/cimo\/#primaryimage"},"image":{"@id":"https:\/\/alegerglobal.com\/cs\/shop-cs\/chytre-bryle\/cimo\/#primaryimage"},"thumbnailUrl":"https:\/\/alegerglobal.com\/wp-content\/uploads\/2023\/02\/Unbenannt-5.jpg","datePublished":"2024-06-03T11:26:43+00:00","dateModified":"2024-06-03T11:26:43+00:00","description":"Chytr\u00e9 br\u00fdle pro pr\u00e1ci na d\u00e1lku a roz\u0161\u00ed\u0159enou realitu \u2713 certifikace IP66 \u2713 Android 10 \u2713 200 kompatibiln\u00edch aplikac\u00ed \u2192 Kupte si Moziware CIMO nyn\u00ed","breadcrumb":{"@id":"https:\/\/alegerglobal.com\/cs\/shop-cs\/chytre-bryle\/cimo\/#breadcrumb"},"inLanguage":"cs","potentialAction":[{"@type":"ReadAction","target":["https:\/\/alegerglobal.com\/cs\/shop-cs\/chytre-bryle\/cimo\/"]}]},{"@type":"ImageObject","inLanguage":"cs","@id":"https:\/\/alegerglobal.com\/cs\/shop-cs\/chytre-bryle\/cimo\/#primaryimage","url":"https:\/\/alegerglobal.com\/wp-content\/uploads\/2023\/02\/Unbenannt-5.jpg","contentUrl":"https:\/\/alegerglobal.com\/wp-content\/uploads\/2023\/02\/Unbenannt-5.jpg","width":800,"height":800},{"@type":"BreadcrumbList","@id":"https:\/\/alegerglobal.com\/cs\/shop-cs\/chytre-bryle\/cimo\/#breadcrumb","itemListElement":[{"@type":"ListItem","position":1,"name":"Home","item":"https:\/\/alegerglobal.com\/cs\/novinka-domovska-stranka\/"},{"@type":"ListItem","position":2,"name":"Produkty","item":"https:\/\/alegerglobal.com\/cs\/produkty\/"},{"@type":"ListItem","position":3,"name":"Chytr\u00e9 br\u00fdle Moziware CIMO s IP66, Qualcomm Snapdragon 662, 16 MP kamera, 1080p, 3 GB RAM, 32 GB \u00falo\u017ei\u0161t\u011b, Android 10"}]},{"@type":"WebSite","@id":"https:\/\/alegerglobal.com\/cs\/#website","url":"https:\/\/alegerglobal.com\/cs\/","name":"ALEGER \u22c6 Augmented Reality","description":"Die besten Augmented Reality (AR) L\u00f6sungen der Welt.","publisher":{"@id":"https:\/\/alegerglobal.com\/cs\/#organization"},"potentialAction":[{"@type":"SearchAction","target":{"@type":"EntryPoint","urlTemplate":"https:\/\/alegerglobal.com\/cs\/?s={search_term_string}"},"query-input":{"@type":"PropertyValueSpecification","valueRequired":true,"valueName":"search_term_string"}}],"inLanguage":"cs"},{"@type":"Organization","@id":"https:\/\/alegerglobal.com\/cs\/#organization","name":"ALEGER \u22c6 Augmented Reality","url":"https:\/\/alegerglobal.com\/cs\/","logo":{"@type":"ImageObject","inLanguage":"cs","@id":"https:\/\/alegerglobal.com\/cs\/#\/schema\/logo\/image\/","url":"https:\/\/alegerglobal.com\/wp-content\/uploads\/2020\/12\/aleger-logo-quadrat.jpg","contentUrl":"https:\/\/alegerglobal.com\/wp-content\/uploads\/2020\/12\/aleger-logo-quadrat.jpg","width":200,"height":176,"caption":"ALEGER \u22c6 Augmented Reality"},"image":{"@id":"https:\/\/alegerglobal.com\/cs\/#\/schema\/logo\/image\/"}}]},"product_brand":"Moziware","product_price_amount":"0.00","product_price_currency":"EUR","og_availability":"instock","product_availability":"instock","product_condition":"new"},"_links":{"self":[{"href":"https:\/\/alegerglobal.com\/cs\/wp-json\/wp\/v2\/product\/39139","targetHints":{"allow":["GET"]}}],"collection":[{"href":"https:\/\/alegerglobal.com\/cs\/wp-json\/wp\/v2\/product"}],"about":[{"href":"https:\/\/alegerglobal.com\/cs\/wp-json\/wp\/v2\/types\/product"}],"replies":[{"embeddable":true,"href":"https:\/\/alegerglobal.com\/cs\/wp-json\/wp\/v2\/comments?post=39139"}],"version-history":[{"count":0,"href":"https:\/\/alegerglobal.com\/cs\/wp-json\/wp\/v2\/product\/39139\/revisions"}],"wp:featuredmedia":[{"embeddable":true,"href":"https:\/\/alegerglobal.com\/cs\/wp-json\/wp\/v2\/media\/37943"}],"wp:attachment":[{"href":"https:\/\/alegerglobal.com\/cs\/wp-json\/wp\/v2\/media?parent=39139"}],"wp:term":[{"taxonomy":"product_brand","embeddable":true,"href":"https:\/\/alegerglobal.com\/cs\/wp-json\/wp\/v2\/product_brand?post=39139"},{"taxonomy":"product_cat","embeddable":true,"href":"https:\/\/alegerglobal.com\/cs\/wp-json\/wp\/v2\/product_cat?post=39139"},{"taxonomy":"product_tag","embeddable":true,"href":"https:\/\/alegerglobal.com\/cs\/wp-json\/wp\/v2\/product_tag?post=39139"}],"curies":[{"name":"wp","href":"https:\/\/api.w.org\/{rel}","templated":true}]}}