{"id":38678,"date":"2024-05-28T03:33:36","date_gmt":"2024-05-28T02:53:35","guid":{"rendered":"https:\/\/alegerglobal.com\/nezarazene\/bryle-rokid-max-ar\/"},"modified":"2024-05-29T02:32:42","modified_gmt":"2024-05-29T01:32:42","slug":"rokid-max-ar-bryle","status":"publish","type":"product","link":"https:\/\/alegerglobal.com\/cs\/shop-cs\/chytre-bryle\/rokid-max-ar-bryle\/","title":{"rendered":"Br\u00fdle Rokid Max AR"},"content":{"rendered":"","protected":false},"excerpt":{"rendered":"<ul>\n<li><strong>50\u00b0 FoV: <\/strong>215palcov\u00e1 bezokrajov\u00e1 obrazovka ze vzd\u00e1lenosti 6 metr\u016f.<\/li>\n<li><strong>1080P FHD Micro-OLED <\/strong>: obnovovac\u00ed frekvence 120 Hz.<\/li>\n<li><strong>Hmotnost 75 g :<\/strong>Sta\u010d\u00ed si ji vz\u00edt s sebou.<\/li>\n<li><strong>0,00D a\u017e -6,00D: <\/strong>Nastaven\u00ed kr\u00e1tkozrakosti.<\/li>\n<li><strong>Jas 600 nit\u016f <\/strong>: jasn\u00e9 vid\u011bn\u00ed v jak\u00e9mkoli prost\u0159ed\u00ed.<\/li>\n<\/ul>\n","protected":false},"featured_media":38662,"comment_status":"open","ping_status":"closed","template":"","meta":{"_acf_changed":false},"product_brand":[],"product_cat":[1515,1563,1516],"product_tag":[],"class_list":{"0":"post-38678","1":"product","2":"type-product","3":"status-publish","4":"has-post-thumbnail","6":"product_cat-chytre-bryle","7":"product_cat-nezarazene","8":"product_cat-shop-cs","9":"pa_hersteller-rokid-cs","11":"first","12":"instock","13":"taxable","14":"shipping-taxable","15":"product-type-simple"},"acf":[],"yoast_head":"<!-- This site is optimized with the Yoast SEO Premium plugin v20.10 (Yoast SEO v24.3) - https:\/\/yoast.com\/wordpress\/plugins\/seo\/ -->\n<title>Rokid Max AR br\u00fdle - ALEGER \u22c6 Augmented Reality<\/title>\n<meta name=\"description\" content=\"Lehk\u00e9 br\u00fdle Rokid Max AR s ovl\u00e1d\u00e1n\u00edm gesty, hlasov\u00fdmi p\u0159\u00edkazy, vysok\u00fdm rozli\u0161en\u00edm, \u0161irok\u00fdm zorn\u00fdm polem a v\u0161estrann\u00fdmi aplikacemi\" \/>\n<meta name=\"robots\" content=\"index, follow, max-snippet:-1, max-image-preview:large, max-video-preview:-1\" \/>\n<meta property=\"og:locale\" content=\"cs_CZ\" \/>\n<meta property=\"og:type\" content=\"article\" \/>\n<meta property=\"og:title\" content=\"Br\u00fdle Rokid Max AR\" \/>\n<meta property=\"og:description\" content=\"Lehk\u00e9 br\u00fdle Rokid Max AR s ovl\u00e1d\u00e1n\u00edm gesty, hlasov\u00fdmi p\u0159\u00edkazy, vysok\u00fdm rozli\u0161en\u00edm, \u0161irok\u00fdm zorn\u00fdm polem a v\u0161estrann\u00fdmi aplikacemi\" \/>\n<meta property=\"og:url\" content=\"https:\/\/alegerglobal.com\/cs\/shop-cs\/chytre-bryle\/rokid-max-ar-bryle\/\" \/>\n<meta property=\"og:site_name\" content=\"ALEGER \u22c6 Augmented Reality\" \/>\n<meta property=\"article:modified_time\" content=\"2024-05-29T01:32:42+00:00\" \/>\n<meta property=\"og:image\" content=\"https:\/\/alegerglobal.com\/wp-content\/uploads\/2024\/05\/Unbenannt.jpg\" \/>\n\t<meta property=\"og:image:width\" content=\"800\" \/>\n\t<meta property=\"og:image:height\" content=\"800\" \/>\n\t<meta property=\"og:image:type\" content=\"image\/jpeg\" \/>\n<meta name=\"twitter:card\" content=\"summary_large_image\" \/>\n<meta name=\"twitter:label1\" content=\"Cena\" \/>\n\t<meta name=\"twitter:data1\" content=\"\" \/>\n\t<meta name=\"twitter:label2\" content=\"Dostupnost\" \/>\n\t<meta name=\"twitter:data2\" content=\"Skladem\" \/>\n<script type=\"application\/ld+json\" class=\"yoast-schema-graph\">{\"@context\":\"https:\/\/schema.org\",\"@graph\":[{\"@type\":\"WebPage\",\"@id\":\"https:\/\/alegerglobal.com\/cs\/shop-cs\/chytre-bryle\/rokid-max-ar-bryle\/\",\"url\":\"https:\/\/alegerglobal.com\/cs\/shop-cs\/chytre-bryle\/rokid-max-ar-bryle\/\",\"name\":\"Rokid Max AR br\u00fdle - ALEGER \u22c6 Augmented Reality\",\"isPartOf\":{\"@id\":\"https:\/\/alegerglobal.com\/cs\/#website\"},\"primaryImageOfPage\":{\"@id\":\"https:\/\/alegerglobal.com\/cs\/shop-cs\/chytre-bryle\/rokid-max-ar-bryle\/#primaryimage\"},\"image\":{\"@id\":\"https:\/\/alegerglobal.com\/cs\/shop-cs\/chytre-bryle\/rokid-max-ar-bryle\/#primaryimage\"},\"thumbnailUrl\":\"https:\/\/alegerglobal.com\/wp-content\/uploads\/2024\/05\/Unbenannt.jpg\",\"datePublished\":\"2024-05-28T02:53:35+00:00\",\"dateModified\":\"2024-05-29T01:32:42+00:00\",\"description\":\"Lehk\u00e9 br\u00fdle Rokid Max AR s ovl\u00e1d\u00e1n\u00edm gesty, hlasov\u00fdmi p\u0159\u00edkazy, vysok\u00fdm rozli\u0161en\u00edm, \u0161irok\u00fdm zorn\u00fdm polem a v\u0161estrann\u00fdmi aplikacemi\",\"breadcrumb\":{\"@id\":\"https:\/\/alegerglobal.com\/cs\/shop-cs\/chytre-bryle\/rokid-max-ar-bryle\/#breadcrumb\"},\"inLanguage\":\"cs\",\"potentialAction\":[{\"@type\":\"ReadAction\",\"target\":[\"https:\/\/alegerglobal.com\/cs\/shop-cs\/chytre-bryle\/rokid-max-ar-bryle\/\"]}]},{\"@type\":\"ImageObject\",\"inLanguage\":\"cs\",\"@id\":\"https:\/\/alegerglobal.com\/cs\/shop-cs\/chytre-bryle\/rokid-max-ar-bryle\/#primaryimage\",\"url\":\"https:\/\/alegerglobal.com\/wp-content\/uploads\/2024\/05\/Unbenannt.jpg\",\"contentUrl\":\"https:\/\/alegerglobal.com\/wp-content\/uploads\/2024\/05\/Unbenannt.jpg\",\"width\":800,\"height\":800},{\"@type\":\"BreadcrumbList\",\"@id\":\"https:\/\/alegerglobal.com\/cs\/shop-cs\/chytre-bryle\/rokid-max-ar-bryle\/#breadcrumb\",\"itemListElement\":[{\"@type\":\"ListItem\",\"position\":1,\"name\":\"Home\",\"item\":\"https:\/\/alegerglobal.com\/cs\/novinka-domovska-stranka\/\"},{\"@type\":\"ListItem\",\"position\":2,\"name\":\"Produkty\",\"item\":\"https:\/\/alegerglobal.com\/cs\/produkty\/\"},{\"@type\":\"ListItem\",\"position\":3,\"name\":\"Br\u00fdle Rokid Max AR\"}]},{\"@type\":\"WebSite\",\"@id\":\"https:\/\/alegerglobal.com\/cs\/#website\",\"url\":\"https:\/\/alegerglobal.com\/cs\/\",\"name\":\"ALEGER \u22c6 Augmented Reality\",\"description\":\"Die besten Augmented Reality (AR) L\u00f6sungen der Welt.\",\"publisher\":{\"@id\":\"https:\/\/alegerglobal.com\/cs\/#organization\"},\"potentialAction\":[{\"@type\":\"SearchAction\",\"target\":{\"@type\":\"EntryPoint\",\"urlTemplate\":\"https:\/\/alegerglobal.com\/cs\/?s={search_term_string}\"},\"query-input\":{\"@type\":\"PropertyValueSpecification\",\"valueRequired\":true,\"valueName\":\"search_term_string\"}}],\"inLanguage\":\"cs\"},{\"@type\":\"Organization\",\"@id\":\"https:\/\/alegerglobal.com\/cs\/#organization\",\"name\":\"ALEGER \u22c6 Augmented Reality\",\"url\":\"https:\/\/alegerglobal.com\/cs\/\",\"logo\":{\"@type\":\"ImageObject\",\"inLanguage\":\"cs\",\"@id\":\"https:\/\/alegerglobal.com\/cs\/#\/schema\/logo\/image\/\",\"url\":\"https:\/\/alegerglobal.com\/wp-content\/uploads\/2020\/12\/aleger-logo-quadrat.jpg\",\"contentUrl\":\"https:\/\/alegerglobal.com\/wp-content\/uploads\/2020\/12\/aleger-logo-quadrat.jpg\",\"width\":200,\"height\":176,\"caption\":\"ALEGER \u22c6 Augmented Reality\"},\"image\":{\"@id\":\"https:\/\/alegerglobal.com\/cs\/#\/schema\/logo\/image\/\"}}]}<\/script>\n<meta property=\"product:brand\" content=\"Rokid\" \/>\n<meta property=\"product:price:amount\" content=\"0.00\" \/>\n<meta property=\"product:price:currency\" content=\"EUR\" \/>\n<meta property=\"og:availability\" content=\"instock\" \/>\n<meta property=\"product:availability\" content=\"instock\" \/>\n<meta property=\"product:condition\" content=\"new\" \/>\n<!-- \/ Yoast SEO Premium plugin. -->","yoast_head_json":{"title":"Rokid Max AR br\u00fdle - ALEGER \u22c6 Augmented Reality","description":"Lehk\u00e9 br\u00fdle Rokid Max AR s ovl\u00e1d\u00e1n\u00edm gesty, hlasov\u00fdmi p\u0159\u00edkazy, vysok\u00fdm rozli\u0161en\u00edm, \u0161irok\u00fdm zorn\u00fdm polem a v\u0161estrann\u00fdmi aplikacemi","robots":{"index":"index","follow":"follow","max-snippet":"max-snippet:-1","max-image-preview":"max-image-preview:large","max-video-preview":"max-video-preview:-1"},"og_locale":"cs_CZ","og_type":"article","og_title":"Br\u00fdle Rokid Max AR","og_description":"Lehk\u00e9 br\u00fdle Rokid Max AR s ovl\u00e1d\u00e1n\u00edm gesty, hlasov\u00fdmi p\u0159\u00edkazy, vysok\u00fdm rozli\u0161en\u00edm, \u0161irok\u00fdm zorn\u00fdm polem a v\u0161estrann\u00fdmi aplikacemi","og_url":"https:\/\/alegerglobal.com\/cs\/shop-cs\/chytre-bryle\/rokid-max-ar-bryle\/","og_site_name":"ALEGER \u22c6 Augmented Reality","article_modified_time":"2024-05-29T01:32:42+00:00","og_image":[{"width":800,"height":800,"url":"https:\/\/alegerglobal.com\/wp-content\/uploads\/2024\/05\/Unbenannt.jpg","type":"image\/jpeg"}],"twitter_card":"summary_large_image","twitter_misc":{"Cena":"","Dostupnost":"Skladem"},"schema":{"@context":"https:\/\/schema.org","@graph":[{"@type":"WebPage","@id":"https:\/\/alegerglobal.com\/cs\/shop-cs\/chytre-bryle\/rokid-max-ar-bryle\/","url":"https:\/\/alegerglobal.com\/cs\/shop-cs\/chytre-bryle\/rokid-max-ar-bryle\/","name":"Rokid Max AR br\u00fdle - ALEGER \u22c6 Augmented Reality","isPartOf":{"@id":"https:\/\/alegerglobal.com\/cs\/#website"},"primaryImageOfPage":{"@id":"https:\/\/alegerglobal.com\/cs\/shop-cs\/chytre-bryle\/rokid-max-ar-bryle\/#primaryimage"},"image":{"@id":"https:\/\/alegerglobal.com\/cs\/shop-cs\/chytre-bryle\/rokid-max-ar-bryle\/#primaryimage"},"thumbnailUrl":"https:\/\/alegerglobal.com\/wp-content\/uploads\/2024\/05\/Unbenannt.jpg","datePublished":"2024-05-28T02:53:35+00:00","dateModified":"2024-05-29T01:32:42+00:00","description":"Lehk\u00e9 br\u00fdle Rokid Max AR s ovl\u00e1d\u00e1n\u00edm gesty, hlasov\u00fdmi p\u0159\u00edkazy, vysok\u00fdm rozli\u0161en\u00edm, \u0161irok\u00fdm zorn\u00fdm polem a v\u0161estrann\u00fdmi aplikacemi","breadcrumb":{"@id":"https:\/\/alegerglobal.com\/cs\/shop-cs\/chytre-bryle\/rokid-max-ar-bryle\/#breadcrumb"},"inLanguage":"cs","potentialAction":[{"@type":"ReadAction","target":["https:\/\/alegerglobal.com\/cs\/shop-cs\/chytre-bryle\/rokid-max-ar-bryle\/"]}]},{"@type":"ImageObject","inLanguage":"cs","@id":"https:\/\/alegerglobal.com\/cs\/shop-cs\/chytre-bryle\/rokid-max-ar-bryle\/#primaryimage","url":"https:\/\/alegerglobal.com\/wp-content\/uploads\/2024\/05\/Unbenannt.jpg","contentUrl":"https:\/\/alegerglobal.com\/wp-content\/uploads\/2024\/05\/Unbenannt.jpg","width":800,"height":800},{"@type":"BreadcrumbList","@id":"https:\/\/alegerglobal.com\/cs\/shop-cs\/chytre-bryle\/rokid-max-ar-bryle\/#breadcrumb","itemListElement":[{"@type":"ListItem","position":1,"name":"Home","item":"https:\/\/alegerglobal.com\/cs\/novinka-domovska-stranka\/"},{"@type":"ListItem","position":2,"name":"Produkty","item":"https:\/\/alegerglobal.com\/cs\/produkty\/"},{"@type":"ListItem","position":3,"name":"Br\u00fdle Rokid Max AR"}]},{"@type":"WebSite","@id":"https:\/\/alegerglobal.com\/cs\/#website","url":"https:\/\/alegerglobal.com\/cs\/","name":"ALEGER \u22c6 Augmented Reality","description":"Die besten Augmented Reality (AR) L\u00f6sungen der Welt.","publisher":{"@id":"https:\/\/alegerglobal.com\/cs\/#organization"},"potentialAction":[{"@type":"SearchAction","target":{"@type":"EntryPoint","urlTemplate":"https:\/\/alegerglobal.com\/cs\/?s={search_term_string}"},"query-input":{"@type":"PropertyValueSpecification","valueRequired":true,"valueName":"search_term_string"}}],"inLanguage":"cs"},{"@type":"Organization","@id":"https:\/\/alegerglobal.com\/cs\/#organization","name":"ALEGER \u22c6 Augmented Reality","url":"https:\/\/alegerglobal.com\/cs\/","logo":{"@type":"ImageObject","inLanguage":"cs","@id":"https:\/\/alegerglobal.com\/cs\/#\/schema\/logo\/image\/","url":"https:\/\/alegerglobal.com\/wp-content\/uploads\/2020\/12\/aleger-logo-quadrat.jpg","contentUrl":"https:\/\/alegerglobal.com\/wp-content\/uploads\/2020\/12\/aleger-logo-quadrat.jpg","width":200,"height":176,"caption":"ALEGER \u22c6 Augmented Reality"},"image":{"@id":"https:\/\/alegerglobal.com\/cs\/#\/schema\/logo\/image\/"}}]},"product_brand":"Rokid","product_price_amount":"0.00","product_price_currency":"EUR","og_availability":"instock","product_availability":"instock","product_condition":"new"},"_links":{"self":[{"href":"https:\/\/alegerglobal.com\/cs\/wp-json\/wp\/v2\/product\/38678","targetHints":{"allow":["GET"]}}],"collection":[{"href":"https:\/\/alegerglobal.com\/cs\/wp-json\/wp\/v2\/product"}],"about":[{"href":"https:\/\/alegerglobal.com\/cs\/wp-json\/wp\/v2\/types\/product"}],"replies":[{"embeddable":true,"href":"https:\/\/alegerglobal.com\/cs\/wp-json\/wp\/v2\/comments?post=38678"}],"version-history":[{"count":1,"href":"https:\/\/alegerglobal.com\/cs\/wp-json\/wp\/v2\/product\/38678\/revisions"}],"predecessor-version":[{"id":38717,"href":"https:\/\/alegerglobal.com\/cs\/wp-json\/wp\/v2\/product\/38678\/revisions\/38717"}],"wp:featuredmedia":[{"embeddable":true,"href":"https:\/\/alegerglobal.com\/cs\/wp-json\/wp\/v2\/media\/38662"}],"wp:attachment":[{"href":"https:\/\/alegerglobal.com\/cs\/wp-json\/wp\/v2\/media?parent=38678"}],"wp:term":[{"taxonomy":"product_brand","embeddable":true,"href":"https:\/\/alegerglobal.com\/cs\/wp-json\/wp\/v2\/product_brand?post=38678"},{"taxonomy":"product_cat","embeddable":true,"href":"https:\/\/alegerglobal.com\/cs\/wp-json\/wp\/v2\/product_cat?post=38678"},{"taxonomy":"product_tag","embeddable":true,"href":"https:\/\/alegerglobal.com\/cs\/wp-json\/wp\/v2\/product_tag?post=38678"}],"curies":[{"name":"wp","href":"https:\/\/api.w.org\/{rel}","templated":true}]}}