{"id":38449,"date":"2023-12-23T03:56:24","date_gmt":"2023-12-23T03:48:39","guid":{"rendered":"https:\/\/alegerglobal.com\/nezarazene\/realwear-navigator-520-vysoce-kvalitni-datove-bryle-realwear-pro-profesionaly\/"},"modified":"2023-12-23T04:48:39","modified_gmt":"2023-12-23T03:48:39","slug":"realwear-navigator-520","status":"publish","type":"product","link":"https:\/\/alegerglobal.com\/cs\/shop-cs\/chytre-bryle\/realwear-navigator-520\/","title":{"rendered":"RealWear Navigator 520 &#8211; Vysoce kvalitn\u00ed datov\u00e9 br\u00fdle RealWear pro profesion\u00e1ly"},"content":{"rendered":"","protected":false},"excerpt":{"rendered":"<ul>\n<li class=\"item\"><strong>HyperDisplay<\/strong> s velkou zobrazovac\u00ed plochou, vy\u0161\u0161\u00edm rozli\u0161en\u00edm a lep\u0161\u00ed reprodukc\u00ed barev<\/li>\n<li class=\"item\"><i class=\"icon-checkbox-checked\"><\/i><strong>Efektivn\u00ed hlasov\u00e9 ovl\u00e1d\u00e1n\u00ed<\/strong> v 16 jazyc\u00edch<\/li>\n<li class=\"item\"><i class=\"icon-checkbox-checked\"><\/i><strong>Flexibilita<\/strong> d\u00edky integrovateln\u00fdm modul\u016fm, jako je termokamera.<\/li>\n<li class=\"item\"><i class=\"icon-checkbox-checked\"><\/i><strong>Robustn\u00ed pr\u016fmyslov\u00e9 datov\u00e9 br\u00fdle s<\/strong> v\u00fdkonnou vym\u011bnitelnou bateri\u00ed<\/li>\n<li class=\"item\"><i class=\"icon-checkbox-checked\"><\/i><strong>Ide\u00e1ln\u00ed platforma<\/strong> pro aplikace asistovan\u00e9 reality<\/li>\n<\/ul>\n","protected":false},"featured_media":38410,"comment_status":"open","ping_status":"closed","template":"","meta":{"_acf_changed":false},"product_brand":[],"product_cat":[1515,1516],"product_tag":[],"class_list":{"0":"post-38449","1":"product","2":"type-product","3":"status-publish","4":"has-post-thumbnail","6":"product_cat-chytre-bryle","7":"product_cat-shop-cs","8":"pa_hersteller-realwear-cs","10":"first","11":"instock","12":"taxable","13":"shipping-taxable","14":"product-type-simple"},"acf":[],"yoast_head":"<!-- This site is optimized with the Yoast SEO Premium plugin v20.10 (Yoast SEO v24.3) - https:\/\/yoast.com\/wordpress\/plugins\/seo\/ -->\n<title>RealWear Navigator 520 - ep ALEGER \u22c6 Augmented Reality<\/title>\n<meta name=\"description\" content=\"RealWear Navigator 520: vysoce v\u00fdkonn\u00e9 datov\u00e9 br\u00fdle pro pr\u016fmyslov\u00e9 profesion\u00e1ly. Robustn\u00ed, inteligentn\u00ed, efektivn\u00ed. Ide\u00e1ln\u00ed pro n\u00e1ro\u010dn\u00e1 prost\u0159ed\u00ed\" \/>\n<meta name=\"robots\" content=\"index, follow, max-snippet:-1, max-image-preview:large, max-video-preview:-1\" \/>\n<meta property=\"og:locale\" content=\"cs_CZ\" \/>\n<meta property=\"og:type\" content=\"article\" \/>\n<meta property=\"og:title\" content=\"RealWear Navigator 520 - Vysoce kvalitn\u00ed datov\u00e9 br\u00fdle RealWear pro profesion\u00e1ly\" \/>\n<meta property=\"og:description\" content=\"RealWear Navigator 520: vysoce v\u00fdkonn\u00e9 datov\u00e9 br\u00fdle pro pr\u016fmyslov\u00e9 profesion\u00e1ly. Robustn\u00ed, inteligentn\u00ed, efektivn\u00ed. Ide\u00e1ln\u00ed pro n\u00e1ro\u010dn\u00e1 prost\u0159ed\u00ed\" \/>\n<meta property=\"og:url\" content=\"https:\/\/alegerglobal.com\/cs\/shop-cs\/chytre-bryle\/realwear-navigator-520\/\" \/>\n<meta property=\"og:site_name\" content=\"ALEGER \u22c6 Augmented Reality\" \/>\n<meta property=\"og:image\" content=\"https:\/\/alegerglobal.com\/wp-content\/uploads\/2023\/12\/Unbenannt.jpg\" \/>\n\t<meta property=\"og:image:width\" content=\"800\" \/>\n\t<meta property=\"og:image:height\" content=\"800\" \/>\n\t<meta property=\"og:image:type\" content=\"image\/jpeg\" \/>\n<meta name=\"twitter:card\" content=\"summary_large_image\" \/>\n<meta name=\"twitter:label1\" content=\"Cena\" \/>\n\t<meta name=\"twitter:data1\" content=\"\" \/>\n\t<meta name=\"twitter:label2\" content=\"Dostupnost\" \/>\n\t<meta name=\"twitter:data2\" content=\"Skladem\" \/>\n<script type=\"application\/ld+json\" class=\"yoast-schema-graph\">{\"@context\":\"https:\/\/schema.org\",\"@graph\":[{\"@type\":\"WebPage\",\"@id\":\"https:\/\/alegerglobal.com\/cs\/shop-cs\/chytre-bryle\/realwear-navigator-520\/\",\"url\":\"https:\/\/alegerglobal.com\/cs\/shop-cs\/chytre-bryle\/realwear-navigator-520\/\",\"name\":\"RealWear Navigator 520 - ep ALEGER \u22c6 Augmented Reality\",\"isPartOf\":{\"@id\":\"https:\/\/alegerglobal.com\/cs\/#website\"},\"primaryImageOfPage\":{\"@id\":\"https:\/\/alegerglobal.com\/cs\/shop-cs\/chytre-bryle\/realwear-navigator-520\/#primaryimage\"},\"image\":{\"@id\":\"https:\/\/alegerglobal.com\/cs\/shop-cs\/chytre-bryle\/realwear-navigator-520\/#primaryimage\"},\"thumbnailUrl\":\"https:\/\/alegerglobal.com\/wp-content\/uploads\/2023\/12\/Unbenannt.jpg\",\"datePublished\":\"2023-12-23T03:48:39+00:00\",\"dateModified\":\"2023-12-23T03:48:39+00:00\",\"description\":\"RealWear Navigator 520: vysoce v\u00fdkonn\u00e9 datov\u00e9 br\u00fdle pro pr\u016fmyslov\u00e9 profesion\u00e1ly. Robustn\u00ed, inteligentn\u00ed, efektivn\u00ed. Ide\u00e1ln\u00ed pro n\u00e1ro\u010dn\u00e1 prost\u0159ed\u00ed\",\"breadcrumb\":{\"@id\":\"https:\/\/alegerglobal.com\/cs\/shop-cs\/chytre-bryle\/realwear-navigator-520\/#breadcrumb\"},\"inLanguage\":\"cs\",\"potentialAction\":[{\"@type\":\"ReadAction\",\"target\":[\"https:\/\/alegerglobal.com\/cs\/shop-cs\/chytre-bryle\/realwear-navigator-520\/\"]}]},{\"@type\":\"ImageObject\",\"inLanguage\":\"cs\",\"@id\":\"https:\/\/alegerglobal.com\/cs\/shop-cs\/chytre-bryle\/realwear-navigator-520\/#primaryimage\",\"url\":\"https:\/\/alegerglobal.com\/wp-content\/uploads\/2023\/12\/Unbenannt.jpg\",\"contentUrl\":\"https:\/\/alegerglobal.com\/wp-content\/uploads\/2023\/12\/Unbenannt.jpg\",\"width\":800,\"height\":800},{\"@type\":\"BreadcrumbList\",\"@id\":\"https:\/\/alegerglobal.com\/cs\/shop-cs\/chytre-bryle\/realwear-navigator-520\/#breadcrumb\",\"itemListElement\":[{\"@type\":\"ListItem\",\"position\":1,\"name\":\"Home\",\"item\":\"https:\/\/alegerglobal.com\/cs\/novinka-domovska-stranka\/\"},{\"@type\":\"ListItem\",\"position\":2,\"name\":\"Produkty\",\"item\":\"https:\/\/alegerglobal.com\/cs\/produkty\/\"},{\"@type\":\"ListItem\",\"position\":3,\"name\":\"RealWear Navigator 520 &#8211; Vysoce kvalitn\u00ed datov\u00e9 br\u00fdle RealWear pro profesion\u00e1ly\"}]},{\"@type\":\"WebSite\",\"@id\":\"https:\/\/alegerglobal.com\/cs\/#website\",\"url\":\"https:\/\/alegerglobal.com\/cs\/\",\"name\":\"ALEGER \u22c6 Augmented Reality\",\"description\":\"Die besten Augmented Reality (AR) L\u00f6sungen der Welt.\",\"publisher\":{\"@id\":\"https:\/\/alegerglobal.com\/cs\/#organization\"},\"potentialAction\":[{\"@type\":\"SearchAction\",\"target\":{\"@type\":\"EntryPoint\",\"urlTemplate\":\"https:\/\/alegerglobal.com\/cs\/?s={search_term_string}\"},\"query-input\":{\"@type\":\"PropertyValueSpecification\",\"valueRequired\":true,\"valueName\":\"search_term_string\"}}],\"inLanguage\":\"cs\"},{\"@type\":\"Organization\",\"@id\":\"https:\/\/alegerglobal.com\/cs\/#organization\",\"name\":\"ALEGER \u22c6 Augmented Reality\",\"url\":\"https:\/\/alegerglobal.com\/cs\/\",\"logo\":{\"@type\":\"ImageObject\",\"inLanguage\":\"cs\",\"@id\":\"https:\/\/alegerglobal.com\/cs\/#\/schema\/logo\/image\/\",\"url\":\"https:\/\/alegerglobal.com\/wp-content\/uploads\/2020\/12\/aleger-logo-quadrat.jpg\",\"contentUrl\":\"https:\/\/alegerglobal.com\/wp-content\/uploads\/2020\/12\/aleger-logo-quadrat.jpg\",\"width\":200,\"height\":176,\"caption\":\"ALEGER \u22c6 Augmented Reality\"},\"image\":{\"@id\":\"https:\/\/alegerglobal.com\/cs\/#\/schema\/logo\/image\/\"}}]}<\/script>\n<meta property=\"product:brand\" content=\"RealWear\" \/>\n<meta property=\"product:price:amount\" content=\"0.00\" \/>\n<meta property=\"product:price:currency\" content=\"EUR\" \/>\n<meta property=\"og:availability\" content=\"instock\" \/>\n<meta property=\"product:availability\" content=\"instock\" \/>\n<meta property=\"product:condition\" content=\"new\" \/>\n<!-- \/ Yoast SEO Premium plugin. -->","yoast_head_json":{"title":"RealWear Navigator 520 - ep ALEGER \u22c6 Augmented Reality","description":"RealWear Navigator 520: vysoce v\u00fdkonn\u00e9 datov\u00e9 br\u00fdle pro pr\u016fmyslov\u00e9 profesion\u00e1ly. Robustn\u00ed, inteligentn\u00ed, efektivn\u00ed. Ide\u00e1ln\u00ed pro n\u00e1ro\u010dn\u00e1 prost\u0159ed\u00ed","robots":{"index":"index","follow":"follow","max-snippet":"max-snippet:-1","max-image-preview":"max-image-preview:large","max-video-preview":"max-video-preview:-1"},"og_locale":"cs_CZ","og_type":"article","og_title":"RealWear Navigator 520 - Vysoce kvalitn\u00ed datov\u00e9 br\u00fdle RealWear pro profesion\u00e1ly","og_description":"RealWear Navigator 520: vysoce v\u00fdkonn\u00e9 datov\u00e9 br\u00fdle pro pr\u016fmyslov\u00e9 profesion\u00e1ly. Robustn\u00ed, inteligentn\u00ed, efektivn\u00ed. Ide\u00e1ln\u00ed pro n\u00e1ro\u010dn\u00e1 prost\u0159ed\u00ed","og_url":"https:\/\/alegerglobal.com\/cs\/shop-cs\/chytre-bryle\/realwear-navigator-520\/","og_site_name":"ALEGER \u22c6 Augmented Reality","og_image":[{"width":800,"height":800,"url":"https:\/\/alegerglobal.com\/wp-content\/uploads\/2023\/12\/Unbenannt.jpg","type":"image\/jpeg"}],"twitter_card":"summary_large_image","twitter_misc":{"Cena":"","Dostupnost":"Skladem"},"schema":{"@context":"https:\/\/schema.org","@graph":[{"@type":"WebPage","@id":"https:\/\/alegerglobal.com\/cs\/shop-cs\/chytre-bryle\/realwear-navigator-520\/","url":"https:\/\/alegerglobal.com\/cs\/shop-cs\/chytre-bryle\/realwear-navigator-520\/","name":"RealWear Navigator 520 - ep ALEGER \u22c6 Augmented Reality","isPartOf":{"@id":"https:\/\/alegerglobal.com\/cs\/#website"},"primaryImageOfPage":{"@id":"https:\/\/alegerglobal.com\/cs\/shop-cs\/chytre-bryle\/realwear-navigator-520\/#primaryimage"},"image":{"@id":"https:\/\/alegerglobal.com\/cs\/shop-cs\/chytre-bryle\/realwear-navigator-520\/#primaryimage"},"thumbnailUrl":"https:\/\/alegerglobal.com\/wp-content\/uploads\/2023\/12\/Unbenannt.jpg","datePublished":"2023-12-23T03:48:39+00:00","dateModified":"2023-12-23T03:48:39+00:00","description":"RealWear Navigator 520: vysoce v\u00fdkonn\u00e9 datov\u00e9 br\u00fdle pro pr\u016fmyslov\u00e9 profesion\u00e1ly. Robustn\u00ed, inteligentn\u00ed, efektivn\u00ed. Ide\u00e1ln\u00ed pro n\u00e1ro\u010dn\u00e1 prost\u0159ed\u00ed","breadcrumb":{"@id":"https:\/\/alegerglobal.com\/cs\/shop-cs\/chytre-bryle\/realwear-navigator-520\/#breadcrumb"},"inLanguage":"cs","potentialAction":[{"@type":"ReadAction","target":["https:\/\/alegerglobal.com\/cs\/shop-cs\/chytre-bryle\/realwear-navigator-520\/"]}]},{"@type":"ImageObject","inLanguage":"cs","@id":"https:\/\/alegerglobal.com\/cs\/shop-cs\/chytre-bryle\/realwear-navigator-520\/#primaryimage","url":"https:\/\/alegerglobal.com\/wp-content\/uploads\/2023\/12\/Unbenannt.jpg","contentUrl":"https:\/\/alegerglobal.com\/wp-content\/uploads\/2023\/12\/Unbenannt.jpg","width":800,"height":800},{"@type":"BreadcrumbList","@id":"https:\/\/alegerglobal.com\/cs\/shop-cs\/chytre-bryle\/realwear-navigator-520\/#breadcrumb","itemListElement":[{"@type":"ListItem","position":1,"name":"Home","item":"https:\/\/alegerglobal.com\/cs\/novinka-domovska-stranka\/"},{"@type":"ListItem","position":2,"name":"Produkty","item":"https:\/\/alegerglobal.com\/cs\/produkty\/"},{"@type":"ListItem","position":3,"name":"RealWear Navigator 520 &#8211; Vysoce kvalitn\u00ed datov\u00e9 br\u00fdle RealWear pro profesion\u00e1ly"}]},{"@type":"WebSite","@id":"https:\/\/alegerglobal.com\/cs\/#website","url":"https:\/\/alegerglobal.com\/cs\/","name":"ALEGER \u22c6 Augmented Reality","description":"Die besten Augmented Reality (AR) L\u00f6sungen der Welt.","publisher":{"@id":"https:\/\/alegerglobal.com\/cs\/#organization"},"potentialAction":[{"@type":"SearchAction","target":{"@type":"EntryPoint","urlTemplate":"https:\/\/alegerglobal.com\/cs\/?s={search_term_string}"},"query-input":{"@type":"PropertyValueSpecification","valueRequired":true,"valueName":"search_term_string"}}],"inLanguage":"cs"},{"@type":"Organization","@id":"https:\/\/alegerglobal.com\/cs\/#organization","name":"ALEGER \u22c6 Augmented Reality","url":"https:\/\/alegerglobal.com\/cs\/","logo":{"@type":"ImageObject","inLanguage":"cs","@id":"https:\/\/alegerglobal.com\/cs\/#\/schema\/logo\/image\/","url":"https:\/\/alegerglobal.com\/wp-content\/uploads\/2020\/12\/aleger-logo-quadrat.jpg","contentUrl":"https:\/\/alegerglobal.com\/wp-content\/uploads\/2020\/12\/aleger-logo-quadrat.jpg","width":200,"height":176,"caption":"ALEGER \u22c6 Augmented Reality"},"image":{"@id":"https:\/\/alegerglobal.com\/cs\/#\/schema\/logo\/image\/"}}]},"product_brand":"RealWear","product_price_amount":"0.00","product_price_currency":"EUR","og_availability":"instock","product_availability":"instock","product_condition":"new"},"_links":{"self":[{"href":"https:\/\/alegerglobal.com\/cs\/wp-json\/wp\/v2\/product\/38449","targetHints":{"allow":["GET"]}}],"collection":[{"href":"https:\/\/alegerglobal.com\/cs\/wp-json\/wp\/v2\/product"}],"about":[{"href":"https:\/\/alegerglobal.com\/cs\/wp-json\/wp\/v2\/types\/product"}],"replies":[{"embeddable":true,"href":"https:\/\/alegerglobal.com\/cs\/wp-json\/wp\/v2\/comments?post=38449"}],"version-history":[{"count":0,"href":"https:\/\/alegerglobal.com\/cs\/wp-json\/wp\/v2\/product\/38449\/revisions"}],"wp:featuredmedia":[{"embeddable":true,"href":"https:\/\/alegerglobal.com\/cs\/wp-json\/wp\/v2\/media\/38410"}],"wp:attachment":[{"href":"https:\/\/alegerglobal.com\/cs\/wp-json\/wp\/v2\/media?parent=38449"}],"wp:term":[{"taxonomy":"product_brand","embeddable":true,"href":"https:\/\/alegerglobal.com\/cs\/wp-json\/wp\/v2\/product_brand?post=38449"},{"taxonomy":"product_cat","embeddable":true,"href":"https:\/\/alegerglobal.com\/cs\/wp-json\/wp\/v2\/product_cat?post=38449"},{"taxonomy":"product_tag","embeddable":true,"href":"https:\/\/alegerglobal.com\/cs\/wp-json\/wp\/v2\/product_tag?post=38449"}],"curies":[{"name":"wp","href":"https:\/\/api.w.org\/{rel}","templated":true}]}}