{"id":38282,"date":"2023-09-11T09:29:52","date_gmt":"2023-09-11T08:56:33","guid":{"rendered":"https:\/\/alegerglobal.com\/nezarazene\/pouzite-microsoft-hololens-2-50-sleva-chytre-bryle-s-pusobivym-zornym-polem-50-stupnu-a-windows-holographic\/"},"modified":"2023-09-11T09:56:33","modified_gmt":"2023-09-11T08:56:33","slug":"hololens-2-used","status":"publish","type":"product","link":"https:\/\/alegerglobal.com\/cs\/shop-cs\/chytre-bryle\/hololens-2-used\/","title":{"rendered":"Pou\u017eit\u00e9 Microsoft HoloLens 2 (50% sleva): Chytr\u00e9 br\u00fdle s p\u016fsobiv\u00fdm zorn\u00fdm polem 50 stup\u0148\u016f a Windows Holographic"},"content":{"rendered":"","protected":false},"excerpt":{"rendered":"<ul>\n<li><b>Dlouh\u00e1 doba pou\u017e\u00edv\u00e1n\u00ed:<\/b><span style=\"font-weight: 400;\"> Vychutnejte si 2-3 hodiny nep\u0159etr\u017eit\u00e9 AR<\/span><\/li>\n<li><b>Absolutn\u00ed mobilita:<\/b> d\u00edky samostatn\u00e9mu pou\u017eit\u00ed bez p\u0159ipojen\u00ed k po\u010d\u00edta\u010di.<\/li>\n<li><b>Pohodln\u00e1 pr\u00e1ce:<\/b> Pono\u0159te se do pohlcuj\u00edc\u00edho 50stup\u0148ov\u00e9ho zorn\u00e9ho pole s p\u016fsobivou obnovovac\u00ed frekvenc\u00ed 75 Hz a ostr\u00fdm rozli\u0161en\u00edm 2K.<\/li>\n<li><b>Nejmodern\u011bj\u0161\u00ed softwarov\u00e1 technologie<\/b>: Pokro\u010dil\u00fd software um\u011bl\u00e9 inteligence simuluje p\u016fsobiv\u00e9 funkce lidsk\u00e9ho mozku.<\/li>\n<li><b>Intuitivn\u00ed ovl\u00e1d\u00e1n\u00ed<\/b>: Bez n\u00e1mahy ovl\u00e1dejte HoloLens p\u0159esn\u00fdmi gesty a hlasem.<\/li>\n<li><b>V\u00fdkonn\u00fd hardware pro v\u0161echny v\u00fdzvy: <\/b>Procesor Snapdragon 850 a 2 GB pam\u011bti DDR4 v\u00e1m poskytnou v\u00fdkon, kter\u00fd pot\u0159ebujete pro n\u00e1ro\u010dn\u00e9 aplikace.<\/li>\n<\/ul>\n","protected":false},"featured_media":38332,"comment_status":"open","ping_status":"closed","template":"","meta":{"_acf_changed":false},"product_brand":[],"product_cat":[1515,1516],"product_tag":[],"class_list":{"0":"post-38282","1":"product","2":"type-product","3":"status-publish","4":"has-post-thumbnail","6":"product_cat-chytre-bryle","7":"product_cat-shop-cs","8":"pa_hersteller-microsoft-cs","10":"first","11":"instock","12":"taxable","13":"shipping-taxable","14":"product-type-simple"},"acf":[],"yoast_head":"<!-- This site is optimized with the Yoast SEO Premium plugin v20.10 (Yoast SEO v24.3) - https:\/\/yoast.com\/wordpress\/plugins\/seo\/ -->\n<title>Hololens 2 jako nov\u00fd - 50% sleva-%<\/title>\n<meta name=\"description\" content=\"Objevte pou\u017eit\u00e9 Hololens 2 v bezvadn\u00e9m stavu a vyu\u017eijte bezkonkuren\u010dn\u00ed slevu 50 %.\" \/>\n<meta name=\"robots\" content=\"index, follow, max-snippet:-1, max-image-preview:large, max-video-preview:-1\" \/>\n<meta property=\"og:locale\" content=\"cs_CZ\" \/>\n<meta property=\"og:type\" content=\"article\" \/>\n<meta property=\"og:title\" content=\"Pou\u017eit\u00e9 Microsoft HoloLens 2 (50% sleva): Chytr\u00e9 br\u00fdle s p\u016fsobiv\u00fdm zorn\u00fdm polem 50 stup\u0148\u016f a Windows Holographic\" \/>\n<meta property=\"og:description\" content=\"Objevte pou\u017eit\u00e9 Hololens 2 v bezvadn\u00e9m stavu a vyu\u017eijte bezkonkuren\u010dn\u00ed slevu 50 %.\" \/>\n<meta property=\"og:url\" content=\"https:\/\/alegerglobal.com\/cs\/shop-cs\/chytre-bryle\/hololens-2-used\/\" \/>\n<meta property=\"og:site_name\" content=\"ALEGER \u22c6 Augmented Reality\" \/>\n<meta property=\"og:image\" content=\"https:\/\/alegerglobal.com\/wp-content\/uploads\/2023\/09\/1-scaled.webp\" \/>\n\t<meta property=\"og:image:width\" content=\"2048\" \/>\n\t<meta property=\"og:image:height\" content=\"1365\" \/>\n\t<meta property=\"og:image:type\" content=\"image\/webp\" \/>\n<meta name=\"twitter:card\" content=\"summary_large_image\" \/>\n<meta name=\"twitter:label1\" content=\"Cena\" \/>\n\t<meta name=\"twitter:data1\" content=\"\" \/>\n\t<meta name=\"twitter:label2\" content=\"Dostupnost\" \/>\n\t<meta name=\"twitter:data2\" content=\"Skladem\" \/>\n<script type=\"application\/ld+json\" class=\"yoast-schema-graph\">{\"@context\":\"https:\/\/schema.org\",\"@graph\":[{\"@type\":\"WebPage\",\"@id\":\"https:\/\/alegerglobal.com\/cs\/shop-cs\/chytre-bryle\/hololens-2-used\/\",\"url\":\"https:\/\/alegerglobal.com\/cs\/shop-cs\/chytre-bryle\/hololens-2-used\/\",\"name\":\"Hololens 2 jako nov\u00fd - 50% sleva-%\",\"isPartOf\":{\"@id\":\"https:\/\/alegerglobal.com\/cs\/#website\"},\"primaryImageOfPage\":{\"@id\":\"https:\/\/alegerglobal.com\/cs\/shop-cs\/chytre-bryle\/hololens-2-used\/#primaryimage\"},\"image\":{\"@id\":\"https:\/\/alegerglobal.com\/cs\/shop-cs\/chytre-bryle\/hololens-2-used\/#primaryimage\"},\"thumbnailUrl\":\"https:\/\/alegerglobal.com\/wp-content\/uploads\/2023\/09\/hololens-50_v2.png\",\"datePublished\":\"2023-09-11T08:56:33+00:00\",\"dateModified\":\"2023-09-11T08:56:33+00:00\",\"description\":\"Objevte pou\u017eit\u00e9 Hololens 2 v bezvadn\u00e9m stavu a vyu\u017eijte bezkonkuren\u010dn\u00ed slevu 50 %.\",\"breadcrumb\":{\"@id\":\"https:\/\/alegerglobal.com\/cs\/shop-cs\/chytre-bryle\/hololens-2-used\/#breadcrumb\"},\"inLanguage\":\"cs\",\"potentialAction\":[{\"@type\":\"ReadAction\",\"target\":[\"https:\/\/alegerglobal.com\/cs\/shop-cs\/chytre-bryle\/hololens-2-used\/\"]}]},{\"@type\":\"ImageObject\",\"inLanguage\":\"cs\",\"@id\":\"https:\/\/alegerglobal.com\/cs\/shop-cs\/chytre-bryle\/hololens-2-used\/#primaryimage\",\"url\":\"https:\/\/alegerglobal.com\/wp-content\/uploads\/2023\/09\/hololens-50_v2.png\",\"contentUrl\":\"https:\/\/alegerglobal.com\/wp-content\/uploads\/2023\/09\/hololens-50_v2.png\",\"width\":1000,\"height\":1000},{\"@type\":\"BreadcrumbList\",\"@id\":\"https:\/\/alegerglobal.com\/cs\/shop-cs\/chytre-bryle\/hololens-2-used\/#breadcrumb\",\"itemListElement\":[{\"@type\":\"ListItem\",\"position\":1,\"name\":\"Home\",\"item\":\"https:\/\/alegerglobal.com\/cs\/novinka-domovska-stranka\/\"},{\"@type\":\"ListItem\",\"position\":2,\"name\":\"Produkty\",\"item\":\"https:\/\/alegerglobal.com\/cs\/produkty\/\"},{\"@type\":\"ListItem\",\"position\":3,\"name\":\"Pou\u017eit\u00e9 Microsoft HoloLens 2 (50% sleva): Chytr\u00e9 br\u00fdle s p\u016fsobiv\u00fdm zorn\u00fdm polem 50 stup\u0148\u016f a Windows Holographic\"}]},{\"@type\":\"WebSite\",\"@id\":\"https:\/\/alegerglobal.com\/cs\/#website\",\"url\":\"https:\/\/alegerglobal.com\/cs\/\",\"name\":\"ALEGER \u22c6 Augmented Reality\",\"description\":\"Die besten Augmented Reality (AR) L\u00f6sungen der Welt.\",\"publisher\":{\"@id\":\"https:\/\/alegerglobal.com\/cs\/#organization\"},\"potentialAction\":[{\"@type\":\"SearchAction\",\"target\":{\"@type\":\"EntryPoint\",\"urlTemplate\":\"https:\/\/alegerglobal.com\/cs\/?s={search_term_string}\"},\"query-input\":{\"@type\":\"PropertyValueSpecification\",\"valueRequired\":true,\"valueName\":\"search_term_string\"}}],\"inLanguage\":\"cs\"},{\"@type\":\"Organization\",\"@id\":\"https:\/\/alegerglobal.com\/cs\/#organization\",\"name\":\"ALEGER \u22c6 Augmented Reality\",\"url\":\"https:\/\/alegerglobal.com\/cs\/\",\"logo\":{\"@type\":\"ImageObject\",\"inLanguage\":\"cs\",\"@id\":\"https:\/\/alegerglobal.com\/cs\/#\/schema\/logo\/image\/\",\"url\":\"https:\/\/alegerglobal.com\/wp-content\/uploads\/2020\/12\/aleger-logo-quadrat.jpg\",\"contentUrl\":\"https:\/\/alegerglobal.com\/wp-content\/uploads\/2020\/12\/aleger-logo-quadrat.jpg\",\"width\":200,\"height\":176,\"caption\":\"ALEGER \u22c6 Augmented Reality\"},\"image\":{\"@id\":\"https:\/\/alegerglobal.com\/cs\/#\/schema\/logo\/image\/\"}}]}<\/script>\n<meta property=\"product:brand\" content=\"Microsoft\" \/>\n<meta property=\"product:price:amount\" content=\"0.00\" \/>\n<meta property=\"product:price:currency\" content=\"EUR\" \/>\n<meta property=\"og:availability\" content=\"instock\" \/>\n<meta property=\"product:availability\" content=\"instock\" \/>\n<meta property=\"product:condition\" content=\"new\" \/>\n<!-- \/ Yoast SEO Premium plugin. -->","yoast_head_json":{"title":"Hololens 2 jako nov\u00fd - 50% sleva-%","description":"Objevte pou\u017eit\u00e9 Hololens 2 v bezvadn\u00e9m stavu a vyu\u017eijte bezkonkuren\u010dn\u00ed slevu 50 %.","robots":{"index":"index","follow":"follow","max-snippet":"max-snippet:-1","max-image-preview":"max-image-preview:large","max-video-preview":"max-video-preview:-1"},"og_locale":"cs_CZ","og_type":"article","og_title":"Pou\u017eit\u00e9 Microsoft HoloLens 2 (50% sleva): Chytr\u00e9 br\u00fdle s p\u016fsobiv\u00fdm zorn\u00fdm polem 50 stup\u0148\u016f a Windows Holographic","og_description":"Objevte pou\u017eit\u00e9 Hololens 2 v bezvadn\u00e9m stavu a vyu\u017eijte bezkonkuren\u010dn\u00ed slevu 50 %.","og_url":"https:\/\/alegerglobal.com\/cs\/shop-cs\/chytre-bryle\/hololens-2-used\/","og_site_name":"ALEGER \u22c6 Augmented Reality","og_image":[{"width":2048,"height":1365,"url":"https:\/\/alegerglobal.com\/wp-content\/uploads\/2023\/09\/1-scaled.webp","type":"image\/webp"}],"twitter_card":"summary_large_image","twitter_misc":{"Cena":"","Dostupnost":"Skladem"},"schema":{"@context":"https:\/\/schema.org","@graph":[{"@type":"WebPage","@id":"https:\/\/alegerglobal.com\/cs\/shop-cs\/chytre-bryle\/hololens-2-used\/","url":"https:\/\/alegerglobal.com\/cs\/shop-cs\/chytre-bryle\/hololens-2-used\/","name":"Hololens 2 jako nov\u00fd - 50% sleva-%","isPartOf":{"@id":"https:\/\/alegerglobal.com\/cs\/#website"},"primaryImageOfPage":{"@id":"https:\/\/alegerglobal.com\/cs\/shop-cs\/chytre-bryle\/hololens-2-used\/#primaryimage"},"image":{"@id":"https:\/\/alegerglobal.com\/cs\/shop-cs\/chytre-bryle\/hololens-2-used\/#primaryimage"},"thumbnailUrl":"https:\/\/alegerglobal.com\/wp-content\/uploads\/2023\/09\/hololens-50_v2.png","datePublished":"2023-09-11T08:56:33+00:00","dateModified":"2023-09-11T08:56:33+00:00","description":"Objevte pou\u017eit\u00e9 Hololens 2 v bezvadn\u00e9m stavu a vyu\u017eijte bezkonkuren\u010dn\u00ed slevu 50 %.","breadcrumb":{"@id":"https:\/\/alegerglobal.com\/cs\/shop-cs\/chytre-bryle\/hololens-2-used\/#breadcrumb"},"inLanguage":"cs","potentialAction":[{"@type":"ReadAction","target":["https:\/\/alegerglobal.com\/cs\/shop-cs\/chytre-bryle\/hololens-2-used\/"]}]},{"@type":"ImageObject","inLanguage":"cs","@id":"https:\/\/alegerglobal.com\/cs\/shop-cs\/chytre-bryle\/hololens-2-used\/#primaryimage","url":"https:\/\/alegerglobal.com\/wp-content\/uploads\/2023\/09\/hololens-50_v2.png","contentUrl":"https:\/\/alegerglobal.com\/wp-content\/uploads\/2023\/09\/hololens-50_v2.png","width":1000,"height":1000},{"@type":"BreadcrumbList","@id":"https:\/\/alegerglobal.com\/cs\/shop-cs\/chytre-bryle\/hololens-2-used\/#breadcrumb","itemListElement":[{"@type":"ListItem","position":1,"name":"Home","item":"https:\/\/alegerglobal.com\/cs\/novinka-domovska-stranka\/"},{"@type":"ListItem","position":2,"name":"Produkty","item":"https:\/\/alegerglobal.com\/cs\/produkty\/"},{"@type":"ListItem","position":3,"name":"Pou\u017eit\u00e9 Microsoft HoloLens 2 (50% sleva): Chytr\u00e9 br\u00fdle s p\u016fsobiv\u00fdm zorn\u00fdm polem 50 stup\u0148\u016f a Windows Holographic"}]},{"@type":"WebSite","@id":"https:\/\/alegerglobal.com\/cs\/#website","url":"https:\/\/alegerglobal.com\/cs\/","name":"ALEGER \u22c6 Augmented Reality","description":"Die besten Augmented Reality (AR) L\u00f6sungen der Welt.","publisher":{"@id":"https:\/\/alegerglobal.com\/cs\/#organization"},"potentialAction":[{"@type":"SearchAction","target":{"@type":"EntryPoint","urlTemplate":"https:\/\/alegerglobal.com\/cs\/?s={search_term_string}"},"query-input":{"@type":"PropertyValueSpecification","valueRequired":true,"valueName":"search_term_string"}}],"inLanguage":"cs"},{"@type":"Organization","@id":"https:\/\/alegerglobal.com\/cs\/#organization","name":"ALEGER \u22c6 Augmented Reality","url":"https:\/\/alegerglobal.com\/cs\/","logo":{"@type":"ImageObject","inLanguage":"cs","@id":"https:\/\/alegerglobal.com\/cs\/#\/schema\/logo\/image\/","url":"https:\/\/alegerglobal.com\/wp-content\/uploads\/2020\/12\/aleger-logo-quadrat.jpg","contentUrl":"https:\/\/alegerglobal.com\/wp-content\/uploads\/2020\/12\/aleger-logo-quadrat.jpg","width":200,"height":176,"caption":"ALEGER \u22c6 Augmented Reality"},"image":{"@id":"https:\/\/alegerglobal.com\/cs\/#\/schema\/logo\/image\/"}}]},"product_brand":"Microsoft","product_price_amount":"0.00","product_price_currency":"EUR","og_availability":"instock","product_availability":"instock","product_condition":"new"},"_links":{"self":[{"href":"https:\/\/alegerglobal.com\/cs\/wp-json\/wp\/v2\/product\/38282","targetHints":{"allow":["GET"]}}],"collection":[{"href":"https:\/\/alegerglobal.com\/cs\/wp-json\/wp\/v2\/product"}],"about":[{"href":"https:\/\/alegerglobal.com\/cs\/wp-json\/wp\/v2\/types\/product"}],"replies":[{"embeddable":true,"href":"https:\/\/alegerglobal.com\/cs\/wp-json\/wp\/v2\/comments?post=38282"}],"version-history":[{"count":0,"href":"https:\/\/alegerglobal.com\/cs\/wp-json\/wp\/v2\/product\/38282\/revisions"}],"wp:featuredmedia":[{"embeddable":true,"href":"https:\/\/alegerglobal.com\/cs\/wp-json\/wp\/v2\/media\/38332"}],"wp:attachment":[{"href":"https:\/\/alegerglobal.com\/cs\/wp-json\/wp\/v2\/media?parent=38282"}],"wp:term":[{"taxonomy":"product_brand","embeddable":true,"href":"https:\/\/alegerglobal.com\/cs\/wp-json\/wp\/v2\/product_brand?post=38282"},{"taxonomy":"product_cat","embeddable":true,"href":"https:\/\/alegerglobal.com\/cs\/wp-json\/wp\/v2\/product_cat?post=38282"},{"taxonomy":"product_tag","embeddable":true,"href":"https:\/\/alegerglobal.com\/cs\/wp-json\/wp\/v2\/product_tag?post=38282"}],"curies":[{"name":"wp","href":"https:\/\/api.w.org\/{rel}","templated":true}]}}