{"id":37337,"date":"2022-10-08T04:35:09","date_gmt":"2022-10-09T10:43:03","guid":{"rendered":"https:\/\/alegerglobal.com\/nezarazene\/epson-moverio-bt-45c-full-hd-si-oled-34-fov-24-bitu-60-hz-8-mp-550-g\/"},"modified":"2022-10-09T11:43:11","modified_gmt":"2022-10-09T10:43:11","slug":"epson-moverio-tt-45c","status":"publish","type":"product","link":"https:\/\/alegerglobal.com\/cs\/shop-cs\/chytre-bryle\/epson-moverio-tt-45c\/","title":{"rendered":"Epson Moverio BT-45C, Full-HD, Si-OLED, 34\u00b0 FoV, 24 bit\u016f, 60 Hz, 8 MP, 550 g"},"content":{"rendered":"","protected":false},"excerpt":{"rendered":"<ul>\n<li style=\"font-weight: 400;\" aria-level=\"1\"><b>Vysok\u00e1 odolnost:<\/b><span style=\"font-weight: 400;\"> Certifikace IP52 a MIL-STD-810H<\/span><\/li>\n<li style=\"font-weight: 400;\" aria-level=\"1\"><b>Pokro\u010dil\u00e9 zobrazen\u00ed:<\/b><span style=\"font-weight: 400;\"> Technologie Si-OLED pro \u0161pi\u010dkovou \u00farove\u0148 kontrastu a realistickou reprodukci barev<\/span><\/li>\n<li style=\"font-weight: 400;\" aria-level=\"1\"><b>Obr\u00e1zky s vysok\u00fdm rozli\u0161en\u00edm:<\/b><span style=\"font-weight: 400;\"> 8Mpx fotoapar\u00e1t pro ostr\u00e9 sn\u00edmky i z v\u011bt\u0161\u00ed vzd\u00e1lenosti<\/span><\/li>\n<li style=\"font-weight: 400;\" aria-level=\"1\"><b>Kompaktn\u00ed proveden\u00ed <\/b>: celkov\u00e1 hmotnost 550 g<\/li>\n<\/ul>\n","protected":false},"featured_media":37259,"comment_status":"open","ping_status":"closed","template":"","meta":{"_acf_changed":false},"product_brand":[],"product_cat":[1515,1516],"product_tag":[],"class_list":{"0":"post-37337","1":"product","2":"type-product","3":"status-publish","4":"has-post-thumbnail","6":"product_cat-chytre-bryle","7":"product_cat-shop-cs","8":"pa_hersteller-epson-cs","10":"first","11":"instock","12":"taxable","13":"shipping-taxable","14":"product-type-simple"},"acf":[],"yoast_head":"<!-- This site is optimized with the Yoast SEO Premium plugin v20.10 (Yoast SEO v24.3) - https:\/\/yoast.com\/wordpress\/plugins\/seo\/ -->\n<title>Koupit Epson Moverio BT45-C - ALEGER \u22c6 Augmented Reality<\/title>\n<meta name=\"description\" content=\"Chytr\u00e9 br\u00fdle pro pr\u016fmysl \u2713 OLED displej \u2713 MIL-STD-810H \u2713 8 MP kamera \u2192 Kupte si Epson Moverio BT45-C \u2192 Nyn\u00ed zde na ALEGER!\" \/>\n<meta name=\"robots\" content=\"index, follow, max-snippet:-1, max-image-preview:large, max-video-preview:-1\" \/>\n<meta property=\"og:locale\" content=\"cs_CZ\" \/>\n<meta property=\"og:type\" content=\"article\" \/>\n<meta property=\"og:title\" content=\"Epson Moverio BT-45C, Full-HD, Si-OLED, 34\u00b0 FoV, 24 bit\u016f, 60 Hz, 8 MP, 550 g\" \/>\n<meta property=\"og:description\" content=\"Chytr\u00e9 br\u00fdle pro pr\u016fmysl \u2713 OLED displej \u2713 MIL-STD-810H \u2713 8 MP kamera \u2192 Kupte si Epson Moverio BT45-C \u2192 Nyn\u00ed zde na ALEGER!\" \/>\n<meta property=\"og:url\" content=\"https:\/\/alegerglobal.com\/cs\/shop-cs\/chytre-bryle\/epson-moverio-tt-45c\/\" \/>\n<meta property=\"og:site_name\" content=\"ALEGER \u22c6 Augmented Reality\" \/>\n<meta property=\"article:modified_time\" content=\"2022-10-09T10:43:11+00:00\" \/>\n<meta property=\"og:image\" content=\"https:\/\/alegerglobal.com\/wp-content\/uploads\/2022\/10\/Unbenannt-3.jpg\" \/>\n\t<meta property=\"og:image:width\" content=\"800\" \/>\n\t<meta property=\"og:image:height\" content=\"800\" \/>\n\t<meta property=\"og:image:type\" content=\"image\/jpeg\" \/>\n<meta name=\"twitter:card\" content=\"summary_large_image\" \/>\n<meta name=\"twitter:label1\" content=\"Cena\" \/>\n\t<meta name=\"twitter:data1\" content=\"\" \/>\n\t<meta name=\"twitter:label2\" content=\"Dostupnost\" \/>\n\t<meta name=\"twitter:data2\" content=\"Skladem\" \/>\n<script type=\"application\/ld+json\" class=\"yoast-schema-graph\">{\"@context\":\"https:\/\/schema.org\",\"@graph\":[{\"@type\":\"WebPage\",\"@id\":\"https:\/\/alegerglobal.com\/cs\/shop-cs\/chytre-bryle\/epson-moverio-tt-45c\/\",\"url\":\"https:\/\/alegerglobal.com\/cs\/shop-cs\/chytre-bryle\/epson-moverio-tt-45c\/\",\"name\":\"Koupit Epson Moverio BT45-C - ALEGER \u22c6 Augmented Reality\",\"isPartOf\":{\"@id\":\"https:\/\/alegerglobal.com\/cs\/#website\"},\"primaryImageOfPage\":{\"@id\":\"https:\/\/alegerglobal.com\/cs\/shop-cs\/chytre-bryle\/epson-moverio-tt-45c\/#primaryimage\"},\"image\":{\"@id\":\"https:\/\/alegerglobal.com\/cs\/shop-cs\/chytre-bryle\/epson-moverio-tt-45c\/#primaryimage\"},\"thumbnailUrl\":\"https:\/\/alegerglobal.com\/wp-content\/uploads\/2022\/10\/Unbenannt-3.jpg\",\"datePublished\":\"2022-10-09T10:43:03+00:00\",\"dateModified\":\"2022-10-09T10:43:11+00:00\",\"description\":\"Chytr\u00e9 br\u00fdle pro pr\u016fmysl \u2713 OLED displej \u2713 MIL-STD-810H \u2713 8 MP kamera \u2192 Kupte si Epson Moverio BT45-C \u2192 Nyn\u00ed zde na ALEGER!\",\"breadcrumb\":{\"@id\":\"https:\/\/alegerglobal.com\/cs\/shop-cs\/chytre-bryle\/epson-moverio-tt-45c\/#breadcrumb\"},\"inLanguage\":\"cs\",\"potentialAction\":[{\"@type\":\"ReadAction\",\"target\":[\"https:\/\/alegerglobal.com\/cs\/shop-cs\/chytre-bryle\/epson-moverio-tt-45c\/\"]}]},{\"@type\":\"ImageObject\",\"inLanguage\":\"cs\",\"@id\":\"https:\/\/alegerglobal.com\/cs\/shop-cs\/chytre-bryle\/epson-moverio-tt-45c\/#primaryimage\",\"url\":\"https:\/\/alegerglobal.com\/wp-content\/uploads\/2022\/10\/Unbenannt-3.jpg\",\"contentUrl\":\"https:\/\/alegerglobal.com\/wp-content\/uploads\/2022\/10\/Unbenannt-3.jpg\",\"width\":800,\"height\":800},{\"@type\":\"BreadcrumbList\",\"@id\":\"https:\/\/alegerglobal.com\/cs\/shop-cs\/chytre-bryle\/epson-moverio-tt-45c\/#breadcrumb\",\"itemListElement\":[{\"@type\":\"ListItem\",\"position\":1,\"name\":\"Home\",\"item\":\"https:\/\/alegerglobal.com\/cs\/novinka-domovska-stranka\/\"},{\"@type\":\"ListItem\",\"position\":2,\"name\":\"Produkty\",\"item\":\"https:\/\/alegerglobal.com\/cs\/produkty\/\"},{\"@type\":\"ListItem\",\"position\":3,\"name\":\"Epson Moverio BT-45C, Full-HD, Si-OLED, 34\u00b0 FoV, 24 bit\u016f, 60 Hz, 8 MP, 550 g\"}]},{\"@type\":\"WebSite\",\"@id\":\"https:\/\/alegerglobal.com\/cs\/#website\",\"url\":\"https:\/\/alegerglobal.com\/cs\/\",\"name\":\"ALEGER \u22c6 Augmented Reality\",\"description\":\"Die besten Augmented Reality (AR) L\u00f6sungen der Welt.\",\"publisher\":{\"@id\":\"https:\/\/alegerglobal.com\/cs\/#organization\"},\"potentialAction\":[{\"@type\":\"SearchAction\",\"target\":{\"@type\":\"EntryPoint\",\"urlTemplate\":\"https:\/\/alegerglobal.com\/cs\/?s={search_term_string}\"},\"query-input\":{\"@type\":\"PropertyValueSpecification\",\"valueRequired\":true,\"valueName\":\"search_term_string\"}}],\"inLanguage\":\"cs\"},{\"@type\":\"Organization\",\"@id\":\"https:\/\/alegerglobal.com\/cs\/#organization\",\"name\":\"ALEGER \u22c6 Augmented Reality\",\"url\":\"https:\/\/alegerglobal.com\/cs\/\",\"logo\":{\"@type\":\"ImageObject\",\"inLanguage\":\"cs\",\"@id\":\"https:\/\/alegerglobal.com\/cs\/#\/schema\/logo\/image\/\",\"url\":\"https:\/\/alegerglobal.com\/wp-content\/uploads\/2020\/12\/aleger-logo-quadrat.jpg\",\"contentUrl\":\"https:\/\/alegerglobal.com\/wp-content\/uploads\/2020\/12\/aleger-logo-quadrat.jpg\",\"width\":200,\"height\":176,\"caption\":\"ALEGER \u22c6 Augmented Reality\"},\"image\":{\"@id\":\"https:\/\/alegerglobal.com\/cs\/#\/schema\/logo\/image\/\"}}]}<\/script>\n<meta property=\"product:brand\" content=\"Epson\" \/>\n<meta property=\"product:price:amount\" content=\"0.00\" \/>\n<meta property=\"product:price:currency\" content=\"EUR\" \/>\n<meta property=\"og:availability\" content=\"instock\" \/>\n<meta property=\"product:availability\" content=\"instock\" \/>\n<meta property=\"product:condition\" content=\"new\" \/>\n<!-- \/ Yoast SEO Premium plugin. -->","yoast_head_json":{"title":"Koupit Epson Moverio BT45-C - ALEGER \u22c6 Augmented Reality","description":"Chytr\u00e9 br\u00fdle pro pr\u016fmysl \u2713 OLED displej \u2713 MIL-STD-810H \u2713 8 MP kamera \u2192 Kupte si Epson Moverio BT45-C \u2192 Nyn\u00ed zde na ALEGER!","robots":{"index":"index","follow":"follow","max-snippet":"max-snippet:-1","max-image-preview":"max-image-preview:large","max-video-preview":"max-video-preview:-1"},"og_locale":"cs_CZ","og_type":"article","og_title":"Epson Moverio BT-45C, Full-HD, Si-OLED, 34\u00b0 FoV, 24 bit\u016f, 60 Hz, 8 MP, 550 g","og_description":"Chytr\u00e9 br\u00fdle pro pr\u016fmysl \u2713 OLED displej \u2713 MIL-STD-810H \u2713 8 MP kamera \u2192 Kupte si Epson Moverio BT45-C \u2192 Nyn\u00ed zde na ALEGER!","og_url":"https:\/\/alegerglobal.com\/cs\/shop-cs\/chytre-bryle\/epson-moverio-tt-45c\/","og_site_name":"ALEGER \u22c6 Augmented Reality","article_modified_time":"2022-10-09T10:43:11+00:00","og_image":[{"width":800,"height":800,"url":"https:\/\/alegerglobal.com\/wp-content\/uploads\/2022\/10\/Unbenannt-3.jpg","type":"image\/jpeg"}],"twitter_card":"summary_large_image","twitter_misc":{"Cena":"","Dostupnost":"Skladem"},"schema":{"@context":"https:\/\/schema.org","@graph":[{"@type":"WebPage","@id":"https:\/\/alegerglobal.com\/cs\/shop-cs\/chytre-bryle\/epson-moverio-tt-45c\/","url":"https:\/\/alegerglobal.com\/cs\/shop-cs\/chytre-bryle\/epson-moverio-tt-45c\/","name":"Koupit Epson Moverio BT45-C - ALEGER \u22c6 Augmented Reality","isPartOf":{"@id":"https:\/\/alegerglobal.com\/cs\/#website"},"primaryImageOfPage":{"@id":"https:\/\/alegerglobal.com\/cs\/shop-cs\/chytre-bryle\/epson-moverio-tt-45c\/#primaryimage"},"image":{"@id":"https:\/\/alegerglobal.com\/cs\/shop-cs\/chytre-bryle\/epson-moverio-tt-45c\/#primaryimage"},"thumbnailUrl":"https:\/\/alegerglobal.com\/wp-content\/uploads\/2022\/10\/Unbenannt-3.jpg","datePublished":"2022-10-09T10:43:03+00:00","dateModified":"2022-10-09T10:43:11+00:00","description":"Chytr\u00e9 br\u00fdle pro pr\u016fmysl \u2713 OLED displej \u2713 MIL-STD-810H \u2713 8 MP kamera \u2192 Kupte si Epson Moverio BT45-C \u2192 Nyn\u00ed zde na ALEGER!","breadcrumb":{"@id":"https:\/\/alegerglobal.com\/cs\/shop-cs\/chytre-bryle\/epson-moverio-tt-45c\/#breadcrumb"},"inLanguage":"cs","potentialAction":[{"@type":"ReadAction","target":["https:\/\/alegerglobal.com\/cs\/shop-cs\/chytre-bryle\/epson-moverio-tt-45c\/"]}]},{"@type":"ImageObject","inLanguage":"cs","@id":"https:\/\/alegerglobal.com\/cs\/shop-cs\/chytre-bryle\/epson-moverio-tt-45c\/#primaryimage","url":"https:\/\/alegerglobal.com\/wp-content\/uploads\/2022\/10\/Unbenannt-3.jpg","contentUrl":"https:\/\/alegerglobal.com\/wp-content\/uploads\/2022\/10\/Unbenannt-3.jpg","width":800,"height":800},{"@type":"BreadcrumbList","@id":"https:\/\/alegerglobal.com\/cs\/shop-cs\/chytre-bryle\/epson-moverio-tt-45c\/#breadcrumb","itemListElement":[{"@type":"ListItem","position":1,"name":"Home","item":"https:\/\/alegerglobal.com\/cs\/novinka-domovska-stranka\/"},{"@type":"ListItem","position":2,"name":"Produkty","item":"https:\/\/alegerglobal.com\/cs\/produkty\/"},{"@type":"ListItem","position":3,"name":"Epson Moverio BT-45C, Full-HD, Si-OLED, 34\u00b0 FoV, 24 bit\u016f, 60 Hz, 8 MP, 550 g"}]},{"@type":"WebSite","@id":"https:\/\/alegerglobal.com\/cs\/#website","url":"https:\/\/alegerglobal.com\/cs\/","name":"ALEGER \u22c6 Augmented Reality","description":"Die besten Augmented Reality (AR) L\u00f6sungen der Welt.","publisher":{"@id":"https:\/\/alegerglobal.com\/cs\/#organization"},"potentialAction":[{"@type":"SearchAction","target":{"@type":"EntryPoint","urlTemplate":"https:\/\/alegerglobal.com\/cs\/?s={search_term_string}"},"query-input":{"@type":"PropertyValueSpecification","valueRequired":true,"valueName":"search_term_string"}}],"inLanguage":"cs"},{"@type":"Organization","@id":"https:\/\/alegerglobal.com\/cs\/#organization","name":"ALEGER \u22c6 Augmented Reality","url":"https:\/\/alegerglobal.com\/cs\/","logo":{"@type":"ImageObject","inLanguage":"cs","@id":"https:\/\/alegerglobal.com\/cs\/#\/schema\/logo\/image\/","url":"https:\/\/alegerglobal.com\/wp-content\/uploads\/2020\/12\/aleger-logo-quadrat.jpg","contentUrl":"https:\/\/alegerglobal.com\/wp-content\/uploads\/2020\/12\/aleger-logo-quadrat.jpg","width":200,"height":176,"caption":"ALEGER \u22c6 Augmented Reality"},"image":{"@id":"https:\/\/alegerglobal.com\/cs\/#\/schema\/logo\/image\/"}}]},"product_brand":"Epson","product_price_amount":"0.00","product_price_currency":"EUR","og_availability":"instock","product_availability":"instock","product_condition":"new"},"_links":{"self":[{"href":"https:\/\/alegerglobal.com\/cs\/wp-json\/wp\/v2\/product\/37337","targetHints":{"allow":["GET"]}}],"collection":[{"href":"https:\/\/alegerglobal.com\/cs\/wp-json\/wp\/v2\/product"}],"about":[{"href":"https:\/\/alegerglobal.com\/cs\/wp-json\/wp\/v2\/types\/product"}],"replies":[{"embeddable":true,"href":"https:\/\/alegerglobal.com\/cs\/wp-json\/wp\/v2\/comments?post=37337"}],"version-history":[{"count":1,"href":"https:\/\/alegerglobal.com\/cs\/wp-json\/wp\/v2\/product\/37337\/revisions"}],"predecessor-version":[{"id":37340,"href":"https:\/\/alegerglobal.com\/cs\/wp-json\/wp\/v2\/product\/37337\/revisions\/37340"}],"wp:featuredmedia":[{"embeddable":true,"href":"https:\/\/alegerglobal.com\/cs\/wp-json\/wp\/v2\/media\/37259"}],"wp:attachment":[{"href":"https:\/\/alegerglobal.com\/cs\/wp-json\/wp\/v2\/media?parent=37337"}],"wp:term":[{"taxonomy":"product_brand","embeddable":true,"href":"https:\/\/alegerglobal.com\/cs\/wp-json\/wp\/v2\/product_brand?post=37337"},{"taxonomy":"product_cat","embeddable":true,"href":"https:\/\/alegerglobal.com\/cs\/wp-json\/wp\/v2\/product_cat?post=37337"},{"taxonomy":"product_tag","embeddable":true,"href":"https:\/\/alegerglobal.com\/cs\/wp-json\/wp\/v2\/product_tag?post=37337"}],"curies":[{"name":"wp","href":"https:\/\/api.w.org\/{rel}","templated":true}]}}