{"id":37181,"date":"2022-09-27T01:37:18","date_gmt":"2022-10-05T10:03:29","guid":{"rendered":"https:\/\/alegerglobal.com\/nezarazene\/chytre-bryle-vuzix-blade-2-480x480-px-8-mp-60-fps-24bit-wifi-bluetooth-android-11\/"},"modified":"2022-10-05T11:03:29","modified_gmt":"2022-10-05T10:03:29","slug":"vuzix-blade-2-2","status":"publish","type":"product","link":"https:\/\/alegerglobal.com\/cs\/shop-cs\/chytre-bryle\/vuzix-blade-2-2\/","title":{"rendered":"Chytr\u00e9 br\u00fdle Vuzix Blade 2, 480&#215;480 px, 8 MP, 60 FPS, 24bit WiFi, Bluetooth, Android 11"},"content":{"rendered":"","protected":false},"excerpt":{"rendered":"<ul>\n<li style=\"font-weight: 400;\" aria-level=\"1\"><b>Vysok\u00e9 rozli\u0161en\u00ed: <\/b><span style=\"font-weight: 400;\">Displej 480&#215;480 px s jasem &gt;2000 nit\u016f a zorn\u00fdm polem 20 stup\u0148\u016f<\/span><\/li>\n<li style=\"font-weight: 400;\" aria-level=\"1\"><b>Ovl\u00e1d\u00e1n\u00ed bez pou\u017eit\u00ed rukou:<\/b><span style=\"font-weight: 400;\"> Ovl\u00e1d\u00e1n\u00ed hlasem nebo prost\u0159ednictv\u00edm aplikace Companion pro iOS a Android<\/span><\/li>\n<li style=\"font-weight: 400;\" aria-level=\"1\"><b>Integrovan\u00e1 kamera: <\/b><span style=\"font-weight: 400;\">\u017div\u011b streamujte fotografie v rozli\u0161en\u00ed 8 MP a videa a\u017e do 60 FPS<\/span><\/li>\n<li style=\"font-weight: 400;\" aria-level=\"1\"><b>Mobiln\u00ed telefon:<\/b><span style=\"font-weight: 400;\"> Lehk\u00e9 chytr\u00e9 br\u00fdle v\u010detn\u011b pouzdra<\/span><\/li>\n<li style=\"font-weight: 400;\" aria-level=\"1\"><b>Flexibiln\u00ed p\u0159ipojen\u00ed:<\/b> p\u0159es WiFi (2,4 GHz \/ 5 GHz) , Bluetooth a Micro-USB.<\/li>\n<\/ul>\n","protected":false},"featured_media":36986,"comment_status":"open","ping_status":"closed","template":"","meta":{"_acf_changed":false},"product_brand":[],"product_cat":[1515,1516],"product_tag":[],"class_list":{"0":"post-37181","1":"product","2":"type-product","3":"status-publish","4":"has-post-thumbnail","6":"product_cat-chytre-bryle","7":"product_cat-shop-cs","8":"pa_hersteller-vuzix-cs","10":"first","11":"instock","12":"taxable","13":"shipping-taxable","14":"product-type-simple"},"acf":[],"yoast_head":"<!-- This site is optimized with the Yoast SEO Premium plugin v20.10 (Yoast SEO v24.3) - https:\/\/yoast.com\/wordpress\/plugins\/seo\/ -->\n<title>Koupit Vuzix Blade 2: budoucnost chytr\u00fdch br\u00fdl\u00ed | ALEGER<\/title>\n<meta name=\"description\" content=\"Nov\u00e9 br\u00fdle Vuzix Blade 2 jsou novou generac\u00ed chytr\u00fdch br\u00fdl\u00ed. Br\u00fdle jsou kompaktn\u00ed, lehk\u00e9 a nab\u00edzej\u00ed vynikaj\u00edc\u00ed kvalitu obrazu.\" \/>\n<meta name=\"robots\" content=\"index, follow, max-snippet:-1, max-image-preview:large, max-video-preview:-1\" \/>\n<meta property=\"og:locale\" content=\"cs_CZ\" \/>\n<meta property=\"og:type\" content=\"article\" \/>\n<meta property=\"og:title\" content=\"Chytr\u00e9 br\u00fdle Vuzix Blade 2, 480x480 px, 8 MP, 60 FPS, 24bit WiFi, Bluetooth, Android 11\" \/>\n<meta property=\"og:description\" content=\"Nov\u00e9 br\u00fdle Vuzix Blade 2 jsou novou generac\u00ed chytr\u00fdch br\u00fdl\u00ed. Br\u00fdle jsou kompaktn\u00ed, lehk\u00e9 a nab\u00edzej\u00ed vynikaj\u00edc\u00ed kvalitu obrazu.\" \/>\n<meta property=\"og:url\" content=\"https:\/\/alegerglobal.com\/cs\/shop-cs\/chytre-bryle\/vuzix-blade-2-2\/\" \/>\n<meta property=\"og:site_name\" content=\"ALEGER \u22c6 Augmented Reality\" \/>\n<meta property=\"og:image\" content=\"https:\/\/alegerglobal.com\/wp-content\/uploads\/2022\/09\/Unbenannt-5.jpg\" \/>\n\t<meta property=\"og:image:width\" content=\"800\" \/>\n\t<meta property=\"og:image:height\" content=\"800\" \/>\n\t<meta property=\"og:image:type\" content=\"image\/jpeg\" \/>\n<meta name=\"twitter:card\" content=\"summary_large_image\" \/>\n<meta name=\"twitter:label1\" content=\"Cena\" \/>\n\t<meta name=\"twitter:data1\" content=\"\" \/>\n\t<meta name=\"twitter:label2\" content=\"Dostupnost\" \/>\n\t<meta name=\"twitter:data2\" content=\"Skladem\" \/>\n<script type=\"application\/ld+json\" class=\"yoast-schema-graph\">{\"@context\":\"https:\/\/schema.org\",\"@graph\":[{\"@type\":\"WebPage\",\"@id\":\"https:\/\/alegerglobal.com\/cs\/shop-cs\/chytre-bryle\/vuzix-blade-2-2\/\",\"url\":\"https:\/\/alegerglobal.com\/cs\/shop-cs\/chytre-bryle\/vuzix-blade-2-2\/\",\"name\":\"Koupit Vuzix Blade 2: budoucnost chytr\u00fdch br\u00fdl\u00ed | ALEGER\",\"isPartOf\":{\"@id\":\"https:\/\/alegerglobal.com\/cs\/#website\"},\"primaryImageOfPage\":{\"@id\":\"https:\/\/alegerglobal.com\/cs\/shop-cs\/chytre-bryle\/vuzix-blade-2-2\/#primaryimage\"},\"image\":{\"@id\":\"https:\/\/alegerglobal.com\/cs\/shop-cs\/chytre-bryle\/vuzix-blade-2-2\/#primaryimage\"},\"thumbnailUrl\":\"https:\/\/alegerglobal.com\/wp-content\/uploads\/2022\/09\/Unbenannt-5.jpg\",\"datePublished\":\"2022-10-05T10:03:29+00:00\",\"dateModified\":\"2022-10-05T10:03:29+00:00\",\"description\":\"Nov\u00e9 br\u00fdle Vuzix Blade 2 jsou novou generac\u00ed chytr\u00fdch br\u00fdl\u00ed. Br\u00fdle jsou kompaktn\u00ed, lehk\u00e9 a nab\u00edzej\u00ed vynikaj\u00edc\u00ed kvalitu obrazu.\",\"breadcrumb\":{\"@id\":\"https:\/\/alegerglobal.com\/cs\/shop-cs\/chytre-bryle\/vuzix-blade-2-2\/#breadcrumb\"},\"inLanguage\":\"cs\",\"potentialAction\":[{\"@type\":\"ReadAction\",\"target\":[\"https:\/\/alegerglobal.com\/cs\/shop-cs\/chytre-bryle\/vuzix-blade-2-2\/\"]}]},{\"@type\":\"ImageObject\",\"inLanguage\":\"cs\",\"@id\":\"https:\/\/alegerglobal.com\/cs\/shop-cs\/chytre-bryle\/vuzix-blade-2-2\/#primaryimage\",\"url\":\"https:\/\/alegerglobal.com\/wp-content\/uploads\/2022\/09\/Unbenannt-5.jpg\",\"contentUrl\":\"https:\/\/alegerglobal.com\/wp-content\/uploads\/2022\/09\/Unbenannt-5.jpg\",\"width\":800,\"height\":800},{\"@type\":\"BreadcrumbList\",\"@id\":\"https:\/\/alegerglobal.com\/cs\/shop-cs\/chytre-bryle\/vuzix-blade-2-2\/#breadcrumb\",\"itemListElement\":[{\"@type\":\"ListItem\",\"position\":1,\"name\":\"Home\",\"item\":\"https:\/\/alegerglobal.com\/cs\/novinka-domovska-stranka\/\"},{\"@type\":\"ListItem\",\"position\":2,\"name\":\"Produkty\",\"item\":\"https:\/\/alegerglobal.com\/cs\/produkty\/\"},{\"@type\":\"ListItem\",\"position\":3,\"name\":\"Chytr\u00e9 br\u00fdle Vuzix Blade 2, 480&#215;480 px, 8 MP, 60 FPS, 24bit WiFi, Bluetooth, Android 11\"}]},{\"@type\":\"WebSite\",\"@id\":\"https:\/\/alegerglobal.com\/cs\/#website\",\"url\":\"https:\/\/alegerglobal.com\/cs\/\",\"name\":\"ALEGER \u22c6 Augmented Reality\",\"description\":\"Die besten Augmented Reality (AR) L\u00f6sungen der Welt.\",\"publisher\":{\"@id\":\"https:\/\/alegerglobal.com\/cs\/#organization\"},\"potentialAction\":[{\"@type\":\"SearchAction\",\"target\":{\"@type\":\"EntryPoint\",\"urlTemplate\":\"https:\/\/alegerglobal.com\/cs\/?s={search_term_string}\"},\"query-input\":{\"@type\":\"PropertyValueSpecification\",\"valueRequired\":true,\"valueName\":\"search_term_string\"}}],\"inLanguage\":\"cs\"},{\"@type\":\"Organization\",\"@id\":\"https:\/\/alegerglobal.com\/cs\/#organization\",\"name\":\"ALEGER \u22c6 Augmented Reality\",\"url\":\"https:\/\/alegerglobal.com\/cs\/\",\"logo\":{\"@type\":\"ImageObject\",\"inLanguage\":\"cs\",\"@id\":\"https:\/\/alegerglobal.com\/cs\/#\/schema\/logo\/image\/\",\"url\":\"https:\/\/alegerglobal.com\/wp-content\/uploads\/2020\/12\/aleger-logo-quadrat.jpg\",\"contentUrl\":\"https:\/\/alegerglobal.com\/wp-content\/uploads\/2020\/12\/aleger-logo-quadrat.jpg\",\"width\":200,\"height\":176,\"caption\":\"ALEGER \u22c6 Augmented Reality\"},\"image\":{\"@id\":\"https:\/\/alegerglobal.com\/cs\/#\/schema\/logo\/image\/\"}}]}<\/script>\n<meta property=\"product:brand\" content=\"Vuzix\" \/>\n<meta property=\"product:price:amount\" content=\"0.00\" \/>\n<meta property=\"product:price:currency\" content=\"EUR\" \/>\n<meta property=\"og:availability\" content=\"instock\" \/>\n<meta property=\"product:availability\" content=\"instock\" \/>\n<meta property=\"product:condition\" content=\"new\" \/>\n<!-- \/ Yoast SEO Premium plugin. -->","yoast_head_json":{"title":"Koupit Vuzix Blade 2: budoucnost chytr\u00fdch br\u00fdl\u00ed | ALEGER","description":"Nov\u00e9 br\u00fdle Vuzix Blade 2 jsou novou generac\u00ed chytr\u00fdch br\u00fdl\u00ed. Br\u00fdle jsou kompaktn\u00ed, lehk\u00e9 a nab\u00edzej\u00ed vynikaj\u00edc\u00ed kvalitu obrazu.","robots":{"index":"index","follow":"follow","max-snippet":"max-snippet:-1","max-image-preview":"max-image-preview:large","max-video-preview":"max-video-preview:-1"},"og_locale":"cs_CZ","og_type":"article","og_title":"Chytr\u00e9 br\u00fdle Vuzix Blade 2, 480x480 px, 8 MP, 60 FPS, 24bit WiFi, Bluetooth, Android 11","og_description":"Nov\u00e9 br\u00fdle Vuzix Blade 2 jsou novou generac\u00ed chytr\u00fdch br\u00fdl\u00ed. Br\u00fdle jsou kompaktn\u00ed, lehk\u00e9 a nab\u00edzej\u00ed vynikaj\u00edc\u00ed kvalitu obrazu.","og_url":"https:\/\/alegerglobal.com\/cs\/shop-cs\/chytre-bryle\/vuzix-blade-2-2\/","og_site_name":"ALEGER \u22c6 Augmented Reality","og_image":[{"width":800,"height":800,"url":"https:\/\/alegerglobal.com\/wp-content\/uploads\/2022\/09\/Unbenannt-5.jpg","type":"image\/jpeg"}],"twitter_card":"summary_large_image","twitter_misc":{"Cena":"","Dostupnost":"Skladem"},"schema":{"@context":"https:\/\/schema.org","@graph":[{"@type":"WebPage","@id":"https:\/\/alegerglobal.com\/cs\/shop-cs\/chytre-bryle\/vuzix-blade-2-2\/","url":"https:\/\/alegerglobal.com\/cs\/shop-cs\/chytre-bryle\/vuzix-blade-2-2\/","name":"Koupit Vuzix Blade 2: budoucnost chytr\u00fdch br\u00fdl\u00ed | ALEGER","isPartOf":{"@id":"https:\/\/alegerglobal.com\/cs\/#website"},"primaryImageOfPage":{"@id":"https:\/\/alegerglobal.com\/cs\/shop-cs\/chytre-bryle\/vuzix-blade-2-2\/#primaryimage"},"image":{"@id":"https:\/\/alegerglobal.com\/cs\/shop-cs\/chytre-bryle\/vuzix-blade-2-2\/#primaryimage"},"thumbnailUrl":"https:\/\/alegerglobal.com\/wp-content\/uploads\/2022\/09\/Unbenannt-5.jpg","datePublished":"2022-10-05T10:03:29+00:00","dateModified":"2022-10-05T10:03:29+00:00","description":"Nov\u00e9 br\u00fdle Vuzix Blade 2 jsou novou generac\u00ed chytr\u00fdch br\u00fdl\u00ed. Br\u00fdle jsou kompaktn\u00ed, lehk\u00e9 a nab\u00edzej\u00ed vynikaj\u00edc\u00ed kvalitu obrazu.","breadcrumb":{"@id":"https:\/\/alegerglobal.com\/cs\/shop-cs\/chytre-bryle\/vuzix-blade-2-2\/#breadcrumb"},"inLanguage":"cs","potentialAction":[{"@type":"ReadAction","target":["https:\/\/alegerglobal.com\/cs\/shop-cs\/chytre-bryle\/vuzix-blade-2-2\/"]}]},{"@type":"ImageObject","inLanguage":"cs","@id":"https:\/\/alegerglobal.com\/cs\/shop-cs\/chytre-bryle\/vuzix-blade-2-2\/#primaryimage","url":"https:\/\/alegerglobal.com\/wp-content\/uploads\/2022\/09\/Unbenannt-5.jpg","contentUrl":"https:\/\/alegerglobal.com\/wp-content\/uploads\/2022\/09\/Unbenannt-5.jpg","width":800,"height":800},{"@type":"BreadcrumbList","@id":"https:\/\/alegerglobal.com\/cs\/shop-cs\/chytre-bryle\/vuzix-blade-2-2\/#breadcrumb","itemListElement":[{"@type":"ListItem","position":1,"name":"Home","item":"https:\/\/alegerglobal.com\/cs\/novinka-domovska-stranka\/"},{"@type":"ListItem","position":2,"name":"Produkty","item":"https:\/\/alegerglobal.com\/cs\/produkty\/"},{"@type":"ListItem","position":3,"name":"Chytr\u00e9 br\u00fdle Vuzix Blade 2, 480&#215;480 px, 8 MP, 60 FPS, 24bit WiFi, Bluetooth, Android 11"}]},{"@type":"WebSite","@id":"https:\/\/alegerglobal.com\/cs\/#website","url":"https:\/\/alegerglobal.com\/cs\/","name":"ALEGER \u22c6 Augmented Reality","description":"Die besten Augmented Reality (AR) L\u00f6sungen der Welt.","publisher":{"@id":"https:\/\/alegerglobal.com\/cs\/#organization"},"potentialAction":[{"@type":"SearchAction","target":{"@type":"EntryPoint","urlTemplate":"https:\/\/alegerglobal.com\/cs\/?s={search_term_string}"},"query-input":{"@type":"PropertyValueSpecification","valueRequired":true,"valueName":"search_term_string"}}],"inLanguage":"cs"},{"@type":"Organization","@id":"https:\/\/alegerglobal.com\/cs\/#organization","name":"ALEGER \u22c6 Augmented Reality","url":"https:\/\/alegerglobal.com\/cs\/","logo":{"@type":"ImageObject","inLanguage":"cs","@id":"https:\/\/alegerglobal.com\/cs\/#\/schema\/logo\/image\/","url":"https:\/\/alegerglobal.com\/wp-content\/uploads\/2020\/12\/aleger-logo-quadrat.jpg","contentUrl":"https:\/\/alegerglobal.com\/wp-content\/uploads\/2020\/12\/aleger-logo-quadrat.jpg","width":200,"height":176,"caption":"ALEGER \u22c6 Augmented Reality"},"image":{"@id":"https:\/\/alegerglobal.com\/cs\/#\/schema\/logo\/image\/"}}]},"product_brand":"Vuzix","product_price_amount":"0.00","product_price_currency":"EUR","og_availability":"instock","product_availability":"instock","product_condition":"new"},"_links":{"self":[{"href":"https:\/\/alegerglobal.com\/cs\/wp-json\/wp\/v2\/product\/37181","targetHints":{"allow":["GET"]}}],"collection":[{"href":"https:\/\/alegerglobal.com\/cs\/wp-json\/wp\/v2\/product"}],"about":[{"href":"https:\/\/alegerglobal.com\/cs\/wp-json\/wp\/v2\/types\/product"}],"replies":[{"embeddable":true,"href":"https:\/\/alegerglobal.com\/cs\/wp-json\/wp\/v2\/comments?post=37181"}],"version-history":[{"count":0,"href":"https:\/\/alegerglobal.com\/cs\/wp-json\/wp\/v2\/product\/37181\/revisions"}],"wp:featuredmedia":[{"embeddable":true,"href":"https:\/\/alegerglobal.com\/cs\/wp-json\/wp\/v2\/media\/36986"}],"wp:attachment":[{"href":"https:\/\/alegerglobal.com\/cs\/wp-json\/wp\/v2\/media?parent=37181"}],"wp:term":[{"taxonomy":"product_brand","embeddable":true,"href":"https:\/\/alegerglobal.com\/cs\/wp-json\/wp\/v2\/product_brand?post=37181"},{"taxonomy":"product_cat","embeddable":true,"href":"https:\/\/alegerglobal.com\/cs\/wp-json\/wp\/v2\/product_cat?post=37181"},{"taxonomy":"product_tag","embeddable":true,"href":"https:\/\/alegerglobal.com\/cs\/wp-json\/wp\/v2\/product_tag?post=37181"}],"curies":[{"name":"wp","href":"https:\/\/api.w.org\/{rel}","templated":true}]}}