{"id":37169,"date":"2022-09-28T03:42:08","date_gmt":"2022-10-05T10:02:04","guid":{"rendered":"https:\/\/alegerglobal.com\/nezarazene\/odolny-tablet-zebra-et40-et45-ip65-mil-std-810h-500-nits-4-gb-8-gb-ram-13-mp-android-11\/"},"modified":"2022-10-05T11:02:04","modified_gmt":"2022-10-05T10:02:04","slug":"zebra-et40-et45-2","status":"publish","type":"product","link":"https:\/\/alegerglobal.com\/cs\/shop-cs\/odolny-tablet\/zebra-et40-et45-2\/","title":{"rendered":"Odoln\u00fd tablet Zebra ET40\/ET45, IP65, MIL-STD-810h, 500 Nits, 4 GB \/ 8 GB RAM, 13 MP, Android 11"},"content":{"rendered":"","protected":false},"excerpt":{"rendered":"<ul>\n<li style=\"font-weight: 400;\" aria-level=\"1\"><b>Robustn\u00ed displej:<\/b><span style=\"font-weight: 400;\"> 1280x800px \/ 1920&#215;1280 px s jasem 500 nit\u016f ze skla Gorilla Glass<\/span><\/li>\n<li style=\"font-weight: 400;\" aria-level=\"1\"><b>Roz\u0161i\u0159iteln\u00e1 funk\u010dnost:<\/b><span style=\"font-weight: 400;\"> Voln\u00e9 p\u0159ipojen\u00ed pro snadnou integraci p\u0159\u00edslu\u0161enstv\u00ed<\/span><\/li>\n<li style=\"font-weight: 400;\" aria-level=\"1\"><b>Flexibiln\u00ed nab\u00edjen\u00ed: <\/b><span style=\"font-weight: 400;\">Nab\u00edjen\u00ed p\u0159es dokovac\u00ed stanici (nen\u00ed sou\u010d\u00e1st\u00ed dod\u00e1vky) nebo port USB-C, v\u00fdm\u011bna baterie pomoc\u00ed hot-swapu<\/span><\/li>\n<li style=\"font-weight: 400;\" aria-level=\"1\"><b>Modern\u00ed opera\u010dn\u00ed syst\u00e9m: <\/b><span style=\"font-weight: 400;\">Android 11, kompatibiln\u00ed se syst\u00e9mem Android 14<\/span><\/li>\n<li style=\"font-weight: 400;\" aria-level=\"1\"><b>Vysok\u00fd v\u00fdkon:<\/b> 4 GB RAM, procesor Qualcomm Snapdragon SM6375<\/li>\n<\/ul>\n","protected":false},"featured_media":37104,"comment_status":"open","ping_status":"closed","template":"","meta":{"_acf_changed":false},"product_brand":[],"product_cat":[1526,1516],"product_tag":[],"class_list":{"0":"post-37169","1":"product","2":"type-product","3":"status-publish","4":"has-post-thumbnail","6":"product_cat-odolny-tablet","7":"product_cat-shop-cs","8":"pa_hersteller-zebra-cs","10":"first","11":"instock","12":"taxable","13":"shipping-taxable","14":"product-type-simple"},"acf":[],"yoast_head":"<!-- This site is optimized with the Yoast SEO Premium plugin v20.10 (Yoast SEO v24.3) - https:\/\/yoast.com\/wordpress\/plugins\/seo\/ -->\n<title>Koupit tablet Zebra ET40\/ET45 - robustn\u00ed a v\u0161estrann\u00fd | ALEGER<\/title>\n<meta name=\"description\" content=\"Chcete si koupit za\u0159\u00edzen\u00ed Zebra ET40\/ET45? Pak jste na spr\u00e1vn\u00e9m m\u00edst\u011b! Nab\u00edz\u00edme v\u00e1m \u0161pi\u010dkov\u00e9 poradenstv\u00ed a servis i po n\u00e1kupu.\" \/>\n<meta name=\"robots\" content=\"index, follow, max-snippet:-1, max-image-preview:large, max-video-preview:-1\" \/>\n<meta property=\"og:locale\" content=\"cs_CZ\" \/>\n<meta property=\"og:type\" content=\"article\" \/>\n<meta property=\"og:title\" content=\"Odoln\u00fd tablet Zebra ET40\/ET45, IP65, MIL-STD-810h, 500 Nits, 4 GB \/ 8 GB RAM, 13 MP, Android 11\" \/>\n<meta property=\"og:description\" content=\"Chcete si koupit za\u0159\u00edzen\u00ed Zebra ET40\/ET45? Pak jste na spr\u00e1vn\u00e9m m\u00edst\u011b! Nab\u00edz\u00edme v\u00e1m \u0161pi\u010dkov\u00e9 poradenstv\u00ed a servis i po n\u00e1kupu.\" \/>\n<meta property=\"og:url\" content=\"https:\/\/alegerglobal.com\/cs\/shop-cs\/odolny-tablet\/zebra-et40-et45-2\/\" \/>\n<meta property=\"og:site_name\" content=\"ALEGER \u22c6 Augmented Reality\" \/>\n<meta property=\"og:image\" content=\"https:\/\/alegerglobal.com\/wp-content\/uploads\/2022\/09\/Unbenannt-13.jpg\" \/>\n\t<meta property=\"og:image:width\" content=\"800\" \/>\n\t<meta property=\"og:image:height\" content=\"800\" \/>\n\t<meta property=\"og:image:type\" content=\"image\/jpeg\" \/>\n<meta name=\"twitter:card\" content=\"summary_large_image\" \/>\n<meta name=\"twitter:label1\" content=\"Cena\" \/>\n\t<meta name=\"twitter:data1\" content=\"\" \/>\n\t<meta name=\"twitter:label2\" content=\"Dostupnost\" \/>\n\t<meta name=\"twitter:data2\" content=\"Skladem\" \/>\n<script type=\"application\/ld+json\" class=\"yoast-schema-graph\">{\"@context\":\"https:\/\/schema.org\",\"@graph\":[{\"@type\":\"WebPage\",\"@id\":\"https:\/\/alegerglobal.com\/cs\/shop-cs\/odolny-tablet\/zebra-et40-et45-2\/\",\"url\":\"https:\/\/alegerglobal.com\/cs\/shop-cs\/odolny-tablet\/zebra-et40-et45-2\/\",\"name\":\"Koupit tablet Zebra ET40\/ET45 - robustn\u00ed a v\u0161estrann\u00fd | ALEGER\",\"isPartOf\":{\"@id\":\"https:\/\/alegerglobal.com\/cs\/#website\"},\"primaryImageOfPage\":{\"@id\":\"https:\/\/alegerglobal.com\/cs\/shop-cs\/odolny-tablet\/zebra-et40-et45-2\/#primaryimage\"},\"image\":{\"@id\":\"https:\/\/alegerglobal.com\/cs\/shop-cs\/odolny-tablet\/zebra-et40-et45-2\/#primaryimage\"},\"thumbnailUrl\":\"https:\/\/alegerglobal.com\/wp-content\/uploads\/2022\/09\/Unbenannt-13.jpg\",\"datePublished\":\"2022-10-05T10:02:04+00:00\",\"dateModified\":\"2022-10-05T10:02:04+00:00\",\"description\":\"Chcete si koupit za\u0159\u00edzen\u00ed Zebra ET40\/ET45? Pak jste na spr\u00e1vn\u00e9m m\u00edst\u011b! Nab\u00edz\u00edme v\u00e1m \u0161pi\u010dkov\u00e9 poradenstv\u00ed a servis i po n\u00e1kupu.\",\"breadcrumb\":{\"@id\":\"https:\/\/alegerglobal.com\/cs\/shop-cs\/odolny-tablet\/zebra-et40-et45-2\/#breadcrumb\"},\"inLanguage\":\"cs\",\"potentialAction\":[{\"@type\":\"ReadAction\",\"target\":[\"https:\/\/alegerglobal.com\/cs\/shop-cs\/odolny-tablet\/zebra-et40-et45-2\/\"]}]},{\"@type\":\"ImageObject\",\"inLanguage\":\"cs\",\"@id\":\"https:\/\/alegerglobal.com\/cs\/shop-cs\/odolny-tablet\/zebra-et40-et45-2\/#primaryimage\",\"url\":\"https:\/\/alegerglobal.com\/wp-content\/uploads\/2022\/09\/Unbenannt-13.jpg\",\"contentUrl\":\"https:\/\/alegerglobal.com\/wp-content\/uploads\/2022\/09\/Unbenannt-13.jpg\",\"width\":800,\"height\":800},{\"@type\":\"BreadcrumbList\",\"@id\":\"https:\/\/alegerglobal.com\/cs\/shop-cs\/odolny-tablet\/zebra-et40-et45-2\/#breadcrumb\",\"itemListElement\":[{\"@type\":\"ListItem\",\"position\":1,\"name\":\"Home\",\"item\":\"https:\/\/alegerglobal.com\/cs\/novinka-domovska-stranka\/\"},{\"@type\":\"ListItem\",\"position\":2,\"name\":\"Produkty\",\"item\":\"https:\/\/alegerglobal.com\/cs\/produkty\/\"},{\"@type\":\"ListItem\",\"position\":3,\"name\":\"Odoln\u00fd tablet Zebra ET40\/ET45, IP65, MIL-STD-810h, 500 Nits, 4 GB \/ 8 GB RAM, 13 MP, Android 11\"}]},{\"@type\":\"WebSite\",\"@id\":\"https:\/\/alegerglobal.com\/cs\/#website\",\"url\":\"https:\/\/alegerglobal.com\/cs\/\",\"name\":\"ALEGER \u22c6 Augmented Reality\",\"description\":\"Die besten Augmented Reality (AR) L\u00f6sungen der Welt.\",\"publisher\":{\"@id\":\"https:\/\/alegerglobal.com\/cs\/#organization\"},\"potentialAction\":[{\"@type\":\"SearchAction\",\"target\":{\"@type\":\"EntryPoint\",\"urlTemplate\":\"https:\/\/alegerglobal.com\/cs\/?s={search_term_string}\"},\"query-input\":{\"@type\":\"PropertyValueSpecification\",\"valueRequired\":true,\"valueName\":\"search_term_string\"}}],\"inLanguage\":\"cs\"},{\"@type\":\"Organization\",\"@id\":\"https:\/\/alegerglobal.com\/cs\/#organization\",\"name\":\"ALEGER \u22c6 Augmented Reality\",\"url\":\"https:\/\/alegerglobal.com\/cs\/\",\"logo\":{\"@type\":\"ImageObject\",\"inLanguage\":\"cs\",\"@id\":\"https:\/\/alegerglobal.com\/cs\/#\/schema\/logo\/image\/\",\"url\":\"https:\/\/alegerglobal.com\/wp-content\/uploads\/2020\/12\/aleger-logo-quadrat.jpg\",\"contentUrl\":\"https:\/\/alegerglobal.com\/wp-content\/uploads\/2020\/12\/aleger-logo-quadrat.jpg\",\"width\":200,\"height\":176,\"caption\":\"ALEGER \u22c6 Augmented Reality\"},\"image\":{\"@id\":\"https:\/\/alegerglobal.com\/cs\/#\/schema\/logo\/image\/\"}}]}<\/script>\n<meta property=\"product:brand\" content=\"Zebra\" \/>\n<meta property=\"product:price:amount\" content=\"0.00\" \/>\n<meta property=\"product:price:currency\" content=\"EUR\" \/>\n<meta property=\"og:availability\" content=\"instock\" \/>\n<meta property=\"product:availability\" content=\"instock\" \/>\n<meta property=\"product:condition\" content=\"new\" \/>\n<!-- \/ Yoast SEO Premium plugin. -->","yoast_head_json":{"title":"Koupit tablet Zebra ET40\/ET45 - robustn\u00ed a v\u0161estrann\u00fd | ALEGER","description":"Chcete si koupit za\u0159\u00edzen\u00ed Zebra ET40\/ET45? Pak jste na spr\u00e1vn\u00e9m m\u00edst\u011b! Nab\u00edz\u00edme v\u00e1m \u0161pi\u010dkov\u00e9 poradenstv\u00ed a servis i po n\u00e1kupu.","robots":{"index":"index","follow":"follow","max-snippet":"max-snippet:-1","max-image-preview":"max-image-preview:large","max-video-preview":"max-video-preview:-1"},"og_locale":"cs_CZ","og_type":"article","og_title":"Odoln\u00fd tablet Zebra ET40\/ET45, IP65, MIL-STD-810h, 500 Nits, 4 GB \/ 8 GB RAM, 13 MP, Android 11","og_description":"Chcete si koupit za\u0159\u00edzen\u00ed Zebra ET40\/ET45? Pak jste na spr\u00e1vn\u00e9m m\u00edst\u011b! Nab\u00edz\u00edme v\u00e1m \u0161pi\u010dkov\u00e9 poradenstv\u00ed a servis i po n\u00e1kupu.","og_url":"https:\/\/alegerglobal.com\/cs\/shop-cs\/odolny-tablet\/zebra-et40-et45-2\/","og_site_name":"ALEGER \u22c6 Augmented Reality","og_image":[{"width":800,"height":800,"url":"https:\/\/alegerglobal.com\/wp-content\/uploads\/2022\/09\/Unbenannt-13.jpg","type":"image\/jpeg"}],"twitter_card":"summary_large_image","twitter_misc":{"Cena":"","Dostupnost":"Skladem"},"schema":{"@context":"https:\/\/schema.org","@graph":[{"@type":"WebPage","@id":"https:\/\/alegerglobal.com\/cs\/shop-cs\/odolny-tablet\/zebra-et40-et45-2\/","url":"https:\/\/alegerglobal.com\/cs\/shop-cs\/odolny-tablet\/zebra-et40-et45-2\/","name":"Koupit tablet Zebra ET40\/ET45 - robustn\u00ed a v\u0161estrann\u00fd | ALEGER","isPartOf":{"@id":"https:\/\/alegerglobal.com\/cs\/#website"},"primaryImageOfPage":{"@id":"https:\/\/alegerglobal.com\/cs\/shop-cs\/odolny-tablet\/zebra-et40-et45-2\/#primaryimage"},"image":{"@id":"https:\/\/alegerglobal.com\/cs\/shop-cs\/odolny-tablet\/zebra-et40-et45-2\/#primaryimage"},"thumbnailUrl":"https:\/\/alegerglobal.com\/wp-content\/uploads\/2022\/09\/Unbenannt-13.jpg","datePublished":"2022-10-05T10:02:04+00:00","dateModified":"2022-10-05T10:02:04+00:00","description":"Chcete si koupit za\u0159\u00edzen\u00ed Zebra ET40\/ET45? Pak jste na spr\u00e1vn\u00e9m m\u00edst\u011b! Nab\u00edz\u00edme v\u00e1m \u0161pi\u010dkov\u00e9 poradenstv\u00ed a servis i po n\u00e1kupu.","breadcrumb":{"@id":"https:\/\/alegerglobal.com\/cs\/shop-cs\/odolny-tablet\/zebra-et40-et45-2\/#breadcrumb"},"inLanguage":"cs","potentialAction":[{"@type":"ReadAction","target":["https:\/\/alegerglobal.com\/cs\/shop-cs\/odolny-tablet\/zebra-et40-et45-2\/"]}]},{"@type":"ImageObject","inLanguage":"cs","@id":"https:\/\/alegerglobal.com\/cs\/shop-cs\/odolny-tablet\/zebra-et40-et45-2\/#primaryimage","url":"https:\/\/alegerglobal.com\/wp-content\/uploads\/2022\/09\/Unbenannt-13.jpg","contentUrl":"https:\/\/alegerglobal.com\/wp-content\/uploads\/2022\/09\/Unbenannt-13.jpg","width":800,"height":800},{"@type":"BreadcrumbList","@id":"https:\/\/alegerglobal.com\/cs\/shop-cs\/odolny-tablet\/zebra-et40-et45-2\/#breadcrumb","itemListElement":[{"@type":"ListItem","position":1,"name":"Home","item":"https:\/\/alegerglobal.com\/cs\/novinka-domovska-stranka\/"},{"@type":"ListItem","position":2,"name":"Produkty","item":"https:\/\/alegerglobal.com\/cs\/produkty\/"},{"@type":"ListItem","position":3,"name":"Odoln\u00fd tablet Zebra ET40\/ET45, IP65, MIL-STD-810h, 500 Nits, 4 GB \/ 8 GB RAM, 13 MP, Android 11"}]},{"@type":"WebSite","@id":"https:\/\/alegerglobal.com\/cs\/#website","url":"https:\/\/alegerglobal.com\/cs\/","name":"ALEGER \u22c6 Augmented Reality","description":"Die besten Augmented Reality (AR) L\u00f6sungen der Welt.","publisher":{"@id":"https:\/\/alegerglobal.com\/cs\/#organization"},"potentialAction":[{"@type":"SearchAction","target":{"@type":"EntryPoint","urlTemplate":"https:\/\/alegerglobal.com\/cs\/?s={search_term_string}"},"query-input":{"@type":"PropertyValueSpecification","valueRequired":true,"valueName":"search_term_string"}}],"inLanguage":"cs"},{"@type":"Organization","@id":"https:\/\/alegerglobal.com\/cs\/#organization","name":"ALEGER \u22c6 Augmented Reality","url":"https:\/\/alegerglobal.com\/cs\/","logo":{"@type":"ImageObject","inLanguage":"cs","@id":"https:\/\/alegerglobal.com\/cs\/#\/schema\/logo\/image\/","url":"https:\/\/alegerglobal.com\/wp-content\/uploads\/2020\/12\/aleger-logo-quadrat.jpg","contentUrl":"https:\/\/alegerglobal.com\/wp-content\/uploads\/2020\/12\/aleger-logo-quadrat.jpg","width":200,"height":176,"caption":"ALEGER \u22c6 Augmented Reality"},"image":{"@id":"https:\/\/alegerglobal.com\/cs\/#\/schema\/logo\/image\/"}}]},"product_brand":"Zebra","product_price_amount":"0.00","product_price_currency":"EUR","og_availability":"instock","product_availability":"instock","product_condition":"new"},"_links":{"self":[{"href":"https:\/\/alegerglobal.com\/cs\/wp-json\/wp\/v2\/product\/37169","targetHints":{"allow":["GET"]}}],"collection":[{"href":"https:\/\/alegerglobal.com\/cs\/wp-json\/wp\/v2\/product"}],"about":[{"href":"https:\/\/alegerglobal.com\/cs\/wp-json\/wp\/v2\/types\/product"}],"replies":[{"embeddable":true,"href":"https:\/\/alegerglobal.com\/cs\/wp-json\/wp\/v2\/comments?post=37169"}],"version-history":[{"count":0,"href":"https:\/\/alegerglobal.com\/cs\/wp-json\/wp\/v2\/product\/37169\/revisions"}],"wp:featuredmedia":[{"embeddable":true,"href":"https:\/\/alegerglobal.com\/cs\/wp-json\/wp\/v2\/media\/37104"}],"wp:attachment":[{"href":"https:\/\/alegerglobal.com\/cs\/wp-json\/wp\/v2\/media?parent=37169"}],"wp:term":[{"taxonomy":"product_brand","embeddable":true,"href":"https:\/\/alegerglobal.com\/cs\/wp-json\/wp\/v2\/product_brand?post=37169"},{"taxonomy":"product_cat","embeddable":true,"href":"https:\/\/alegerglobal.com\/cs\/wp-json\/wp\/v2\/product_cat?post=37169"},{"taxonomy":"product_tag","embeddable":true,"href":"https:\/\/alegerglobal.com\/cs\/wp-json\/wp\/v2\/product_tag?post=37169"}],"curies":[{"name":"wp","href":"https:\/\/api.w.org\/{rel}","templated":true}]}}