{"id":36858,"date":"2022-06-09T10:22:15","date_gmt":"2022-09-08T11:33:30","guid":{"rendered":"https:\/\/alegerglobal.com\/nezarazene\/stylus-xr\/"},"modified":"2022-09-08T12:33:30","modified_gmt":"2022-09-08T11:33:30","slug":"stylus-xr-2","status":"publish","type":"product","link":"https:\/\/alegerglobal.com\/cs\/shop-cs\/gadgets-cs\/stylus-xr-2\/","title":{"rendered":"STYLUS XR"},"content":{"rendered":"","protected":false},"excerpt":{"rendered":"<ul>\n<li><strong>P\u0159esnost bodu a\u017e 3 mm<\/strong><\/li>\n<li><strong>Pr\u016fmyslov\u00e1 vhodnost a robustnost<\/strong><\/li>\n<li><strong>Kompatibiln\u00ed s Microsoft HoloLens 2<\/strong><\/li>\n<li><strong>Standard USB-C<\/strong><\/li>\n<li><strong>6 hodin nep\u0159etr\u017eit\u00e9ho pou\u017e\u00edv\u00e1n\u00ed<\/strong><\/li>\n<li><strong>Rychl\u00e9 nab\u00edjen\u00ed (35 min.)<\/strong><\/li>\n<\/ul>\n","protected":false},"featured_media":36303,"comment_status":"open","ping_status":"closed","template":"","meta":{"_acf_changed":false},"product_brand":[],"product_cat":[1532,1516],"product_tag":[],"class_list":{"0":"post-36858","1":"product","2":"type-product","3":"status-publish","4":"has-post-thumbnail","6":"product_cat-gadgets-cs","7":"product_cat-shop-cs","9":"first","10":"instock","11":"taxable","12":"shipping-taxable","13":"product-type-simple"},"acf":[],"yoast_head":"<!-- This site is optimized with the Yoast SEO Premium plugin v20.10 (Yoast SEO v24.3) - https:\/\/yoast.com\/wordpress\/plugins\/seo\/ -->\n<title>Koupit STYLUS XR pro aplikace roz\u0161\u00ed\u0159en\u00e9 reality - ALEGER \u22c6 Augmented Reality<\/title>\n<meta name=\"description\" content=\"S perem Stylus XR Pen m\u016f\u017eete v roz\u0161\u00ed\u0159en\u00e9 realit\u011b pracovat s naprostou p\u0159esnost\u00ed. M\u011b\u0159en\u00ed vzd\u00e1lenost\u00ed a ozna\u010dov\u00e1n\u00ed objekt\u016f jako perem.\" \/>\n<meta name=\"robots\" content=\"index, follow, max-snippet:-1, max-image-preview:large, max-video-preview:-1\" \/>\n<meta property=\"og:locale\" content=\"cs_CZ\" \/>\n<meta property=\"og:type\" content=\"article\" \/>\n<meta property=\"og:title\" content=\"STYLUS XR\" \/>\n<meta property=\"og:description\" content=\"S perem Stylus XR Pen m\u016f\u017eete v roz\u0161\u00ed\u0159en\u00e9 realit\u011b pracovat s naprostou p\u0159esnost\u00ed. M\u011b\u0159en\u00ed vzd\u00e1lenost\u00ed a ozna\u010dov\u00e1n\u00ed objekt\u016f jako perem.\" \/>\n<meta property=\"og:url\" content=\"https:\/\/alegerglobal.com\/cs\/shop-cs\/gadgets-cs\/stylus-xr-2\/\" \/>\n<meta property=\"og:site_name\" content=\"ALEGER \u22c6 Augmented Reality\" \/>\n<meta property=\"og:image\" content=\"https:\/\/alegerglobal.com\/wp-content\/uploads\/2022\/06\/Unbenannt.png\" \/>\n\t<meta property=\"og:image:width\" content=\"800\" \/>\n\t<meta property=\"og:image:height\" content=\"800\" \/>\n\t<meta property=\"og:image:type\" content=\"image\/png\" \/>\n<meta name=\"twitter:card\" content=\"summary_large_image\" \/>\n<meta name=\"twitter:label1\" content=\"Cena\" \/>\n\t<meta name=\"twitter:data1\" content=\"\" \/>\n\t<meta name=\"twitter:label2\" content=\"Dostupnost\" \/>\n\t<meta name=\"twitter:data2\" content=\"Skladem\" \/>\n<script type=\"application\/ld+json\" class=\"yoast-schema-graph\">{\"@context\":\"https:\/\/schema.org\",\"@graph\":[{\"@type\":\"WebPage\",\"@id\":\"https:\/\/alegerglobal.com\/cs\/shop-cs\/gadgets-cs\/stylus-xr-2\/\",\"url\":\"https:\/\/alegerglobal.com\/cs\/shop-cs\/gadgets-cs\/stylus-xr-2\/\",\"name\":\"Koupit STYLUS XR pro aplikace roz\u0161\u00ed\u0159en\u00e9 reality - ALEGER \u22c6 Augmented Reality\",\"isPartOf\":{\"@id\":\"https:\/\/alegerglobal.com\/cs\/#website\"},\"primaryImageOfPage\":{\"@id\":\"https:\/\/alegerglobal.com\/cs\/shop-cs\/gadgets-cs\/stylus-xr-2\/#primaryimage\"},\"image\":{\"@id\":\"https:\/\/alegerglobal.com\/cs\/shop-cs\/gadgets-cs\/stylus-xr-2\/#primaryimage\"},\"thumbnailUrl\":\"https:\/\/alegerglobal.com\/wp-content\/uploads\/2022\/06\/Unbenannt.png\",\"datePublished\":\"2022-09-08T11:33:30+00:00\",\"dateModified\":\"2022-09-08T11:33:30+00:00\",\"description\":\"S perem Stylus XR Pen m\u016f\u017eete v roz\u0161\u00ed\u0159en\u00e9 realit\u011b pracovat s naprostou p\u0159esnost\u00ed. M\u011b\u0159en\u00ed vzd\u00e1lenost\u00ed a ozna\u010dov\u00e1n\u00ed objekt\u016f jako perem.\",\"breadcrumb\":{\"@id\":\"https:\/\/alegerglobal.com\/cs\/shop-cs\/gadgets-cs\/stylus-xr-2\/#breadcrumb\"},\"inLanguage\":\"cs\",\"potentialAction\":[{\"@type\":\"ReadAction\",\"target\":[\"https:\/\/alegerglobal.com\/cs\/shop-cs\/gadgets-cs\/stylus-xr-2\/\"]}]},{\"@type\":\"ImageObject\",\"inLanguage\":\"cs\",\"@id\":\"https:\/\/alegerglobal.com\/cs\/shop-cs\/gadgets-cs\/stylus-xr-2\/#primaryimage\",\"url\":\"https:\/\/alegerglobal.com\/wp-content\/uploads\/2022\/06\/Unbenannt.png\",\"contentUrl\":\"https:\/\/alegerglobal.com\/wp-content\/uploads\/2022\/06\/Unbenannt.png\",\"width\":800,\"height\":800},{\"@type\":\"BreadcrumbList\",\"@id\":\"https:\/\/alegerglobal.com\/cs\/shop-cs\/gadgets-cs\/stylus-xr-2\/#breadcrumb\",\"itemListElement\":[{\"@type\":\"ListItem\",\"position\":1,\"name\":\"Home\",\"item\":\"https:\/\/alegerglobal.com\/cs\/novinka-domovska-stranka\/\"},{\"@type\":\"ListItem\",\"position\":2,\"name\":\"Produkty\",\"item\":\"https:\/\/alegerglobal.com\/cs\/produkty\/\"},{\"@type\":\"ListItem\",\"position\":3,\"name\":\"STYLUS XR\"}]},{\"@type\":\"WebSite\",\"@id\":\"https:\/\/alegerglobal.com\/cs\/#website\",\"url\":\"https:\/\/alegerglobal.com\/cs\/\",\"name\":\"ALEGER \u22c6 Augmented Reality\",\"description\":\"Die besten Augmented Reality (AR) L\u00f6sungen der Welt.\",\"publisher\":{\"@id\":\"https:\/\/alegerglobal.com\/cs\/#organization\"},\"potentialAction\":[{\"@type\":\"SearchAction\",\"target\":{\"@type\":\"EntryPoint\",\"urlTemplate\":\"https:\/\/alegerglobal.com\/cs\/?s={search_term_string}\"},\"query-input\":{\"@type\":\"PropertyValueSpecification\",\"valueRequired\":true,\"valueName\":\"search_term_string\"}}],\"inLanguage\":\"cs\"},{\"@type\":\"Organization\",\"@id\":\"https:\/\/alegerglobal.com\/cs\/#organization\",\"name\":\"ALEGER \u22c6 Augmented Reality\",\"url\":\"https:\/\/alegerglobal.com\/cs\/\",\"logo\":{\"@type\":\"ImageObject\",\"inLanguage\":\"cs\",\"@id\":\"https:\/\/alegerglobal.com\/cs\/#\/schema\/logo\/image\/\",\"url\":\"https:\/\/alegerglobal.com\/wp-content\/uploads\/2020\/12\/aleger-logo-quadrat.jpg\",\"contentUrl\":\"https:\/\/alegerglobal.com\/wp-content\/uploads\/2020\/12\/aleger-logo-quadrat.jpg\",\"width\":200,\"height\":176,\"caption\":\"ALEGER \u22c6 Augmented Reality\"},\"image\":{\"@id\":\"https:\/\/alegerglobal.com\/cs\/#\/schema\/logo\/image\/\"}}]}<\/script>\n<meta property=\"product:price:amount\" content=\"0.00\" \/>\n<meta property=\"product:price:currency\" content=\"EUR\" \/>\n<meta property=\"og:availability\" content=\"instock\" \/>\n<meta property=\"product:availability\" content=\"instock\" \/>\n<meta property=\"product:condition\" content=\"new\" \/>\n<!-- \/ Yoast SEO Premium plugin. -->","yoast_head_json":{"title":"Koupit STYLUS XR pro aplikace roz\u0161\u00ed\u0159en\u00e9 reality - ALEGER \u22c6 Augmented Reality","description":"S perem Stylus XR Pen m\u016f\u017eete v roz\u0161\u00ed\u0159en\u00e9 realit\u011b pracovat s naprostou p\u0159esnost\u00ed. M\u011b\u0159en\u00ed vzd\u00e1lenost\u00ed a ozna\u010dov\u00e1n\u00ed objekt\u016f jako perem.","robots":{"index":"index","follow":"follow","max-snippet":"max-snippet:-1","max-image-preview":"max-image-preview:large","max-video-preview":"max-video-preview:-1"},"og_locale":"cs_CZ","og_type":"article","og_title":"STYLUS XR","og_description":"S perem Stylus XR Pen m\u016f\u017eete v roz\u0161\u00ed\u0159en\u00e9 realit\u011b pracovat s naprostou p\u0159esnost\u00ed. M\u011b\u0159en\u00ed vzd\u00e1lenost\u00ed a ozna\u010dov\u00e1n\u00ed objekt\u016f jako perem.","og_url":"https:\/\/alegerglobal.com\/cs\/shop-cs\/gadgets-cs\/stylus-xr-2\/","og_site_name":"ALEGER \u22c6 Augmented Reality","og_image":[{"width":800,"height":800,"url":"https:\/\/alegerglobal.com\/wp-content\/uploads\/2022\/06\/Unbenannt.png","type":"image\/png"}],"twitter_card":"summary_large_image","twitter_misc":{"Cena":"","Dostupnost":"Skladem"},"schema":{"@context":"https:\/\/schema.org","@graph":[{"@type":"WebPage","@id":"https:\/\/alegerglobal.com\/cs\/shop-cs\/gadgets-cs\/stylus-xr-2\/","url":"https:\/\/alegerglobal.com\/cs\/shop-cs\/gadgets-cs\/stylus-xr-2\/","name":"Koupit STYLUS XR pro aplikace roz\u0161\u00ed\u0159en\u00e9 reality - ALEGER \u22c6 Augmented Reality","isPartOf":{"@id":"https:\/\/alegerglobal.com\/cs\/#website"},"primaryImageOfPage":{"@id":"https:\/\/alegerglobal.com\/cs\/shop-cs\/gadgets-cs\/stylus-xr-2\/#primaryimage"},"image":{"@id":"https:\/\/alegerglobal.com\/cs\/shop-cs\/gadgets-cs\/stylus-xr-2\/#primaryimage"},"thumbnailUrl":"https:\/\/alegerglobal.com\/wp-content\/uploads\/2022\/06\/Unbenannt.png","datePublished":"2022-09-08T11:33:30+00:00","dateModified":"2022-09-08T11:33:30+00:00","description":"S perem Stylus XR Pen m\u016f\u017eete v roz\u0161\u00ed\u0159en\u00e9 realit\u011b pracovat s naprostou p\u0159esnost\u00ed. M\u011b\u0159en\u00ed vzd\u00e1lenost\u00ed a ozna\u010dov\u00e1n\u00ed objekt\u016f jako perem.","breadcrumb":{"@id":"https:\/\/alegerglobal.com\/cs\/shop-cs\/gadgets-cs\/stylus-xr-2\/#breadcrumb"},"inLanguage":"cs","potentialAction":[{"@type":"ReadAction","target":["https:\/\/alegerglobal.com\/cs\/shop-cs\/gadgets-cs\/stylus-xr-2\/"]}]},{"@type":"ImageObject","inLanguage":"cs","@id":"https:\/\/alegerglobal.com\/cs\/shop-cs\/gadgets-cs\/stylus-xr-2\/#primaryimage","url":"https:\/\/alegerglobal.com\/wp-content\/uploads\/2022\/06\/Unbenannt.png","contentUrl":"https:\/\/alegerglobal.com\/wp-content\/uploads\/2022\/06\/Unbenannt.png","width":800,"height":800},{"@type":"BreadcrumbList","@id":"https:\/\/alegerglobal.com\/cs\/shop-cs\/gadgets-cs\/stylus-xr-2\/#breadcrumb","itemListElement":[{"@type":"ListItem","position":1,"name":"Home","item":"https:\/\/alegerglobal.com\/cs\/novinka-domovska-stranka\/"},{"@type":"ListItem","position":2,"name":"Produkty","item":"https:\/\/alegerglobal.com\/cs\/produkty\/"},{"@type":"ListItem","position":3,"name":"STYLUS XR"}]},{"@type":"WebSite","@id":"https:\/\/alegerglobal.com\/cs\/#website","url":"https:\/\/alegerglobal.com\/cs\/","name":"ALEGER \u22c6 Augmented Reality","description":"Die besten Augmented Reality (AR) L\u00f6sungen der Welt.","publisher":{"@id":"https:\/\/alegerglobal.com\/cs\/#organization"},"potentialAction":[{"@type":"SearchAction","target":{"@type":"EntryPoint","urlTemplate":"https:\/\/alegerglobal.com\/cs\/?s={search_term_string}"},"query-input":{"@type":"PropertyValueSpecification","valueRequired":true,"valueName":"search_term_string"}}],"inLanguage":"cs"},{"@type":"Organization","@id":"https:\/\/alegerglobal.com\/cs\/#organization","name":"ALEGER \u22c6 Augmented Reality","url":"https:\/\/alegerglobal.com\/cs\/","logo":{"@type":"ImageObject","inLanguage":"cs","@id":"https:\/\/alegerglobal.com\/cs\/#\/schema\/logo\/image\/","url":"https:\/\/alegerglobal.com\/wp-content\/uploads\/2020\/12\/aleger-logo-quadrat.jpg","contentUrl":"https:\/\/alegerglobal.com\/wp-content\/uploads\/2020\/12\/aleger-logo-quadrat.jpg","width":200,"height":176,"caption":"ALEGER \u22c6 Augmented Reality"},"image":{"@id":"https:\/\/alegerglobal.com\/cs\/#\/schema\/logo\/image\/"}}]},"product_price_amount":"0.00","product_price_currency":"EUR","og_availability":"instock","product_availability":"instock","product_condition":"new"},"_links":{"self":[{"href":"https:\/\/alegerglobal.com\/cs\/wp-json\/wp\/v2\/product\/36858","targetHints":{"allow":["GET"]}}],"collection":[{"href":"https:\/\/alegerglobal.com\/cs\/wp-json\/wp\/v2\/product"}],"about":[{"href":"https:\/\/alegerglobal.com\/cs\/wp-json\/wp\/v2\/types\/product"}],"replies":[{"embeddable":true,"href":"https:\/\/alegerglobal.com\/cs\/wp-json\/wp\/v2\/comments?post=36858"}],"version-history":[{"count":0,"href":"https:\/\/alegerglobal.com\/cs\/wp-json\/wp\/v2\/product\/36858\/revisions"}],"wp:featuredmedia":[{"embeddable":true,"href":"https:\/\/alegerglobal.com\/cs\/wp-json\/wp\/v2\/media\/36303"}],"wp:attachment":[{"href":"https:\/\/alegerglobal.com\/cs\/wp-json\/wp\/v2\/media?parent=36858"}],"wp:term":[{"taxonomy":"product_brand","embeddable":true,"href":"https:\/\/alegerglobal.com\/cs\/wp-json\/wp\/v2\/product_brand?post=36858"},{"taxonomy":"product_cat","embeddable":true,"href":"https:\/\/alegerglobal.com\/cs\/wp-json\/wp\/v2\/product_cat?post=36858"},{"taxonomy":"product_tag","embeddable":true,"href":"https:\/\/alegerglobal.com\/cs\/wp-json\/wp\/v2\/product_tag?post=36858"}],"curies":[{"name":"wp","href":"https:\/\/api.w.org\/{rel}","templated":true}]}}