{"id":35011,"date":"2021-03-12T04:21:32","date_gmt":"2022-05-19T08:09:57","guid":{"rendered":"https:\/\/alegerglobal.com\/nezarazene\/chytre-bryle-vuzix-blade-8mp-kamera-2h-baterie-wifi-bluetooth-android\/"},"modified":"2022-05-19T09:09:57","modified_gmt":"2022-05-19T08:09:57","slug":"vuzix-blade-2","status":"publish","type":"product","link":"https:\/\/alegerglobal.com\/cs\/shop-cs\/vuzix-blade-2\/","title":{"rendered":"Chytr\u00e9 br\u00fdle Vuzix Blade, 8MP kamera, 2h baterie, WiFi, Bluetooth, Android"},"content":{"rendered":"","protected":false},"excerpt":{"rendered":"<ul>\n<li><b>Ovl\u00e1d\u00e1n\u00ed bez pou\u017eit\u00ed rukou:<\/b><span style=\"font-weight: 400;\"> Ovl\u00e1d\u00e1n\u00ed pomoc\u00ed hlasov\u00e9ho ovlada\u010de<\/span><\/li>\n<li><b>Integrovan\u00e1 kamera: <\/b><span style=\"font-weight: 400;\">Ostr\u00e9 sn\u00edmky v rozli\u0161en\u00ed 8 Mpx a videa v rozli\u0161en\u00ed 720p + 30 FPS nebo 1080p + 24 FPS.<\/span><\/li>\n<li><b>V\u00fdkonn\u00e1 baterie: <\/b><span style=\"font-weight: 400;\">V\u00fddr\u017e baterie a\u017e 2 hodiny<\/span><\/li>\n<li><b>Mobiln\u00ed telefon:<\/b><span style=\"font-weight: 400;\"> Lehk\u00e9 chytr\u00e9 br\u00fdle v\u010detn\u011b pouzdra<\/span><\/li>\n<li><b>Flexibiln\u00ed p\u0159ipojen\u00ed:<\/b><span style=\"font-weight: 400;\"> P\u0159es WiFi, Bluetooth a micro USB<\/span><\/li>\n<\/ul>\n","protected":false},"featured_media":13539,"comment_status":"open","ping_status":"closed","template":"","meta":{"_acf_changed":false},"product_brand":[],"product_cat":[1515,1516],"product_tag":[],"class_list":{"0":"post-35011","1":"product","2":"type-product","3":"status-publish","4":"has-post-thumbnail","6":"product_cat-chytre-bryle","7":"product_cat-shop-cs","8":"pa_hersteller-vuzix-cs","10":"first","11":"instock","12":"taxable","13":"shipping-taxable","14":"purchasable","15":"product-type-simple"},"acf":[],"yoast_head":"<!-- This site is optimized with the Yoast SEO Premium plugin v20.10 (Yoast SEO v24.3) - https:\/\/yoast.com\/wordpress\/plugins\/seo\/ -->\n<title>Koupit Vuzix Blade Smart Glasses (2022) - ALEGER \u22c6 Augmented Reality<\/title>\n<meta name=\"description\" content=\"Chytr\u00e9 br\u00fdle Vuzix Blade jsou d\u00edky sv\u00e9mu intuitivn\u00edmu a p\u0159\u00edstupn\u00e9mu designu ide\u00e1ln\u00ed pro pr\u00e1ci na d\u00e1lku.\" \/>\n<meta name=\"robots\" content=\"index, follow, max-snippet:-1, max-image-preview:large, max-video-preview:-1\" \/>\n<meta property=\"og:locale\" content=\"cs_CZ\" \/>\n<meta property=\"og:type\" content=\"article\" \/>\n<meta property=\"og:title\" content=\"Chytr\u00e9 br\u00fdle Vuzix Blade, 8MP kamera, 2h baterie, WiFi, Bluetooth, Android\" \/>\n<meta property=\"og:description\" content=\"Chytr\u00e9 br\u00fdle Vuzix Blade jsou d\u00edky sv\u00e9mu intuitivn\u00edmu a p\u0159\u00edstupn\u00e9mu designu ide\u00e1ln\u00ed pro pr\u00e1ci na d\u00e1lku.\" \/>\n<meta property=\"og:url\" content=\"https:\/\/alegerglobal.com\/cs\/shop-cs\/vuzix-blade-2\/\" \/>\n<meta property=\"og:site_name\" content=\"ALEGER \u22c6 Augmented Reality\" \/>\n<meta property=\"og:image\" content=\"https:\/\/alegerglobal.com\/wp-content\/uploads\/2021\/03\/Unbenannt-89.jpg\" \/>\n\t<meta property=\"og:image:width\" content=\"800\" \/>\n\t<meta property=\"og:image:height\" content=\"800\" \/>\n\t<meta property=\"og:image:type\" content=\"image\/jpeg\" \/>\n<meta name=\"twitter:card\" content=\"summary_large_image\" \/>\n<meta name=\"twitter:label1\" content=\"Cena\" \/>\n\t<meta name=\"twitter:data1\" content=\"&euro;829,00\" \/>\n\t<meta name=\"twitter:label2\" content=\"Dostupnost\" \/>\n\t<meta name=\"twitter:data2\" content=\"Skladem\" \/>\n<script type=\"application\/ld+json\" class=\"yoast-schema-graph\">{\"@context\":\"https:\/\/schema.org\",\"@graph\":[{\"@type\":\"WebPage\",\"@id\":\"https:\/\/alegerglobal.com\/cs\/shop-cs\/vuzix-blade-2\/\",\"url\":\"https:\/\/alegerglobal.com\/cs\/shop-cs\/vuzix-blade-2\/\",\"name\":\"Koupit Vuzix Blade Smart Glasses (2022) - ALEGER \u22c6 Augmented Reality\",\"isPartOf\":{\"@id\":\"https:\/\/alegerglobal.com\/cs\/#website\"},\"primaryImageOfPage\":{\"@id\":\"https:\/\/alegerglobal.com\/cs\/shop-cs\/vuzix-blade-2\/#primaryimage\"},\"image\":{\"@id\":\"https:\/\/alegerglobal.com\/cs\/shop-cs\/vuzix-blade-2\/#primaryimage\"},\"thumbnailUrl\":\"https:\/\/alegerglobal.com\/wp-content\/uploads\/2021\/03\/Unbenannt-89.jpg\",\"datePublished\":\"2022-05-19T08:09:57+00:00\",\"dateModified\":\"2022-05-19T08:09:57+00:00\",\"description\":\"Chytr\u00e9 br\u00fdle Vuzix Blade jsou d\u00edky sv\u00e9mu intuitivn\u00edmu a p\u0159\u00edstupn\u00e9mu designu ide\u00e1ln\u00ed pro pr\u00e1ci na d\u00e1lku.\",\"breadcrumb\":{\"@id\":\"https:\/\/alegerglobal.com\/cs\/shop-cs\/vuzix-blade-2\/#breadcrumb\"},\"inLanguage\":\"cs\",\"potentialAction\":[{\"@type\":\"ReadAction\",\"target\":[\"https:\/\/alegerglobal.com\/cs\/shop-cs\/vuzix-blade-2\/\"]}]},{\"@type\":\"ImageObject\",\"inLanguage\":\"cs\",\"@id\":\"https:\/\/alegerglobal.com\/cs\/shop-cs\/vuzix-blade-2\/#primaryimage\",\"url\":\"https:\/\/alegerglobal.com\/wp-content\/uploads\/2021\/03\/Unbenannt-89.jpg\",\"contentUrl\":\"https:\/\/alegerglobal.com\/wp-content\/uploads\/2021\/03\/Unbenannt-89.jpg\",\"width\":800,\"height\":800},{\"@type\":\"BreadcrumbList\",\"@id\":\"https:\/\/alegerglobal.com\/cs\/shop-cs\/vuzix-blade-2\/#breadcrumb\",\"itemListElement\":[{\"@type\":\"ListItem\",\"position\":1,\"name\":\"Home\",\"item\":\"https:\/\/alegerglobal.com\/cs\/novinka-domovska-stranka\/\"},{\"@type\":\"ListItem\",\"position\":2,\"name\":\"Produkty\",\"item\":\"https:\/\/alegerglobal.com\/cs\/produkty\/\"},{\"@type\":\"ListItem\",\"position\":3,\"name\":\"Chytr\u00e9 br\u00fdle Vuzix Blade, 8MP kamera, 2h baterie, WiFi, Bluetooth, Android\"}]},{\"@type\":\"WebSite\",\"@id\":\"https:\/\/alegerglobal.com\/cs\/#website\",\"url\":\"https:\/\/alegerglobal.com\/cs\/\",\"name\":\"ALEGER \u22c6 Augmented Reality\",\"description\":\"Die besten Augmented Reality (AR) L\u00f6sungen der Welt.\",\"publisher\":{\"@id\":\"https:\/\/alegerglobal.com\/cs\/#organization\"},\"potentialAction\":[{\"@type\":\"SearchAction\",\"target\":{\"@type\":\"EntryPoint\",\"urlTemplate\":\"https:\/\/alegerglobal.com\/cs\/?s={search_term_string}\"},\"query-input\":{\"@type\":\"PropertyValueSpecification\",\"valueRequired\":true,\"valueName\":\"search_term_string\"}}],\"inLanguage\":\"cs\"},{\"@type\":\"Organization\",\"@id\":\"https:\/\/alegerglobal.com\/cs\/#organization\",\"name\":\"ALEGER \u22c6 Augmented Reality\",\"url\":\"https:\/\/alegerglobal.com\/cs\/\",\"logo\":{\"@type\":\"ImageObject\",\"inLanguage\":\"cs\",\"@id\":\"https:\/\/alegerglobal.com\/cs\/#\/schema\/logo\/image\/\",\"url\":\"https:\/\/alegerglobal.com\/wp-content\/uploads\/2020\/12\/aleger-logo-quadrat.jpg\",\"contentUrl\":\"https:\/\/alegerglobal.com\/wp-content\/uploads\/2020\/12\/aleger-logo-quadrat.jpg\",\"width\":200,\"height\":176,\"caption\":\"ALEGER \u22c6 Augmented Reality\"},\"image\":{\"@id\":\"https:\/\/alegerglobal.com\/cs\/#\/schema\/logo\/image\/\"}}]}<\/script>\n<meta property=\"product:brand\" content=\"Vuzix\" \/>\n<meta property=\"product:price:amount\" content=\"829.00\" \/>\n<meta property=\"product:price:currency\" content=\"EUR\" \/>\n<meta property=\"og:availability\" content=\"instock\" \/>\n<meta property=\"product:availability\" content=\"instock\" \/>\n<meta property=\"product:condition\" content=\"new\" \/>\n<!-- \/ Yoast SEO Premium plugin. -->","yoast_head_json":{"title":"Koupit Vuzix Blade Smart Glasses (2022) - ALEGER \u22c6 Augmented Reality","description":"Chytr\u00e9 br\u00fdle Vuzix Blade jsou d\u00edky sv\u00e9mu intuitivn\u00edmu a p\u0159\u00edstupn\u00e9mu designu ide\u00e1ln\u00ed pro pr\u00e1ci na d\u00e1lku.","robots":{"index":"index","follow":"follow","max-snippet":"max-snippet:-1","max-image-preview":"max-image-preview:large","max-video-preview":"max-video-preview:-1"},"og_locale":"cs_CZ","og_type":"article","og_title":"Chytr\u00e9 br\u00fdle Vuzix Blade, 8MP kamera, 2h baterie, WiFi, Bluetooth, Android","og_description":"Chytr\u00e9 br\u00fdle Vuzix Blade jsou d\u00edky sv\u00e9mu intuitivn\u00edmu a p\u0159\u00edstupn\u00e9mu designu ide\u00e1ln\u00ed pro pr\u00e1ci na d\u00e1lku.","og_url":"https:\/\/alegerglobal.com\/cs\/shop-cs\/vuzix-blade-2\/","og_site_name":"ALEGER \u22c6 Augmented Reality","og_image":[{"width":800,"height":800,"url":"https:\/\/alegerglobal.com\/wp-content\/uploads\/2021\/03\/Unbenannt-89.jpg","type":"image\/jpeg"}],"twitter_card":"summary_large_image","twitter_misc":{"Cena":"&euro;829,00","Dostupnost":"Skladem"},"schema":{"@context":"https:\/\/schema.org","@graph":[{"@type":"WebPage","@id":"https:\/\/alegerglobal.com\/cs\/shop-cs\/vuzix-blade-2\/","url":"https:\/\/alegerglobal.com\/cs\/shop-cs\/vuzix-blade-2\/","name":"Koupit Vuzix Blade Smart Glasses (2022) - ALEGER \u22c6 Augmented Reality","isPartOf":{"@id":"https:\/\/alegerglobal.com\/cs\/#website"},"primaryImageOfPage":{"@id":"https:\/\/alegerglobal.com\/cs\/shop-cs\/vuzix-blade-2\/#primaryimage"},"image":{"@id":"https:\/\/alegerglobal.com\/cs\/shop-cs\/vuzix-blade-2\/#primaryimage"},"thumbnailUrl":"https:\/\/alegerglobal.com\/wp-content\/uploads\/2021\/03\/Unbenannt-89.jpg","datePublished":"2022-05-19T08:09:57+00:00","dateModified":"2022-05-19T08:09:57+00:00","description":"Chytr\u00e9 br\u00fdle Vuzix Blade jsou d\u00edky sv\u00e9mu intuitivn\u00edmu a p\u0159\u00edstupn\u00e9mu designu ide\u00e1ln\u00ed pro pr\u00e1ci na d\u00e1lku.","breadcrumb":{"@id":"https:\/\/alegerglobal.com\/cs\/shop-cs\/vuzix-blade-2\/#breadcrumb"},"inLanguage":"cs","potentialAction":[{"@type":"ReadAction","target":["https:\/\/alegerglobal.com\/cs\/shop-cs\/vuzix-blade-2\/"]}]},{"@type":"ImageObject","inLanguage":"cs","@id":"https:\/\/alegerglobal.com\/cs\/shop-cs\/vuzix-blade-2\/#primaryimage","url":"https:\/\/alegerglobal.com\/wp-content\/uploads\/2021\/03\/Unbenannt-89.jpg","contentUrl":"https:\/\/alegerglobal.com\/wp-content\/uploads\/2021\/03\/Unbenannt-89.jpg","width":800,"height":800},{"@type":"BreadcrumbList","@id":"https:\/\/alegerglobal.com\/cs\/shop-cs\/vuzix-blade-2\/#breadcrumb","itemListElement":[{"@type":"ListItem","position":1,"name":"Home","item":"https:\/\/alegerglobal.com\/cs\/novinka-domovska-stranka\/"},{"@type":"ListItem","position":2,"name":"Produkty","item":"https:\/\/alegerglobal.com\/cs\/produkty\/"},{"@type":"ListItem","position":3,"name":"Chytr\u00e9 br\u00fdle Vuzix Blade, 8MP kamera, 2h baterie, WiFi, Bluetooth, Android"}]},{"@type":"WebSite","@id":"https:\/\/alegerglobal.com\/cs\/#website","url":"https:\/\/alegerglobal.com\/cs\/","name":"ALEGER \u22c6 Augmented Reality","description":"Die besten Augmented Reality (AR) L\u00f6sungen der Welt.","publisher":{"@id":"https:\/\/alegerglobal.com\/cs\/#organization"},"potentialAction":[{"@type":"SearchAction","target":{"@type":"EntryPoint","urlTemplate":"https:\/\/alegerglobal.com\/cs\/?s={search_term_string}"},"query-input":{"@type":"PropertyValueSpecification","valueRequired":true,"valueName":"search_term_string"}}],"inLanguage":"cs"},{"@type":"Organization","@id":"https:\/\/alegerglobal.com\/cs\/#organization","name":"ALEGER \u22c6 Augmented Reality","url":"https:\/\/alegerglobal.com\/cs\/","logo":{"@type":"ImageObject","inLanguage":"cs","@id":"https:\/\/alegerglobal.com\/cs\/#\/schema\/logo\/image\/","url":"https:\/\/alegerglobal.com\/wp-content\/uploads\/2020\/12\/aleger-logo-quadrat.jpg","contentUrl":"https:\/\/alegerglobal.com\/wp-content\/uploads\/2020\/12\/aleger-logo-quadrat.jpg","width":200,"height":176,"caption":"ALEGER \u22c6 Augmented Reality"},"image":{"@id":"https:\/\/alegerglobal.com\/cs\/#\/schema\/logo\/image\/"}}]},"product_brand":"Vuzix","product_price_amount":"829.00","product_price_currency":"EUR","og_availability":"instock","product_availability":"instock","product_condition":"new"},"_links":{"self":[{"href":"https:\/\/alegerglobal.com\/cs\/wp-json\/wp\/v2\/product\/35011","targetHints":{"allow":["GET"]}}],"collection":[{"href":"https:\/\/alegerglobal.com\/cs\/wp-json\/wp\/v2\/product"}],"about":[{"href":"https:\/\/alegerglobal.com\/cs\/wp-json\/wp\/v2\/types\/product"}],"replies":[{"embeddable":true,"href":"https:\/\/alegerglobal.com\/cs\/wp-json\/wp\/v2\/comments?post=35011"}],"version-history":[{"count":0,"href":"https:\/\/alegerglobal.com\/cs\/wp-json\/wp\/v2\/product\/35011\/revisions"}],"wp:featuredmedia":[{"embeddable":true,"href":"https:\/\/alegerglobal.com\/cs\/wp-json\/wp\/v2\/media\/13539"}],"wp:attachment":[{"href":"https:\/\/alegerglobal.com\/cs\/wp-json\/wp\/v2\/media?parent=35011"}],"wp:term":[{"taxonomy":"product_brand","embeddable":true,"href":"https:\/\/alegerglobal.com\/cs\/wp-json\/wp\/v2\/product_brand?post=35011"},{"taxonomy":"product_cat","embeddable":true,"href":"https:\/\/alegerglobal.com\/cs\/wp-json\/wp\/v2\/product_cat?post=35011"},{"taxonomy":"product_tag","embeddable":true,"href":"https:\/\/alegerglobal.com\/cs\/wp-json\/wp\/v2\/product_tag?post=35011"}],"curies":[{"name":"wp","href":"https:\/\/api.w.org\/{rel}","templated":true}]}}