{"id":35008,"date":"2021-11-16T23:03:26","date_gmt":"2022-05-19T08:09:55","guid":{"rendered":"https:\/\/alegerglobal.com\/nezarazene\/bryle-vuzix-m4000-ar-displej-640x480px-8-mp-4k-30-fps-baterie-1000-mah-android-8\/"},"modified":"2022-05-19T09:17:14","modified_gmt":"2022-05-19T08:17:14","slug":"vuzix-m-4000","status":"publish","type":"product","link":"https:\/\/alegerglobal.com\/cs\/shop-cs\/vuzix-m-4000\/","title":{"rendered":"Br\u00fdle Vuzix M4000 AR, displej 640x480px, 8 MP, 4K 30 FPS, baterie 1000 mAH, Android 8"},"content":{"rendered":"","protected":false},"excerpt":{"rendered":"<ul>\n<li style=\"font-weight: 400;\" aria-level=\"1\"><b>Robustn\u00ed:<\/b><span style=\"font-weight: 400;\"> Odolnost proti prachu, vod\u011b, p\u00e1du a p\u00e1du podle IP67<\/span><\/li>\n<li style=\"font-weight: 400;\" aria-level=\"1\"><b>Samostatn\u011b:<\/b><span style=\"font-weight: 400;\"> B\u011b\u017e\u00ed bez dal\u0161\u00edho termin\u00e1lu<\/span><\/li>\n<li style=\"font-weight: 400;\" aria-level=\"1\"><b>V\u00fdkonn\u00e9:<\/b><span style=\"font-weight: 400;\"> Rychl\u00fd procesor a 6 GB RAM<\/span><\/li>\n<li style=\"font-weight: 400;\" aria-level=\"1\"><b>Komunikace: <\/b><span style=\"font-weight: 400;\">Integrovan\u00e1 kamera a mikrofon umo\u017e\u0148uj\u00ed komunikaci s t\u0159et\u00edmi stranami<\/span><\/li>\n<li style=\"font-weight: 400;\" aria-level=\"1\"><b>Z\u00e1znam ve vysok\u00e9m rozli\u0161en\u00ed:<\/b><span style=\"font-weight: 400;\"> Videa 4K a fotografie 8 MP<\/span><\/li>\n<li style=\"font-weight: 400;\" aria-level=\"1\"><b>Dlouh\u00e1 v\u00fddr\u017e baterie: <\/b><span style=\"font-weight: 400;\">A\u017e 3 hodiny nep\u0159etr\u017eit\u00e9ho provozu<\/span><\/li>\n<li style=\"font-weight: 400;\" aria-level=\"1\"><b>Modern\u00ed software: <\/b><span style=\"font-weight: 400;\">Android 8 jako opera\u010dn\u00ed syst\u00e9m<\/span><\/li>\n<li style=\"font-weight: 400;\" aria-level=\"1\"><b>Spolehlivost:<\/b><span style=\"font-weight: 400;\"> Z\u00e1ruka 1 rok<\/span><\/li>\n<\/ul>\n","protected":false},"featured_media":13484,"comment_status":"open","ping_status":"closed","template":"","meta":{"_acf_changed":false},"product_brand":[],"product_cat":[1515,1516],"product_tag":[1672],"class_list":{"0":"post-35008","1":"product","2":"type-product","3":"status-publish","4":"has-post-thumbnail","6":"product_cat-chytre-bryle","7":"product_cat-shop-cs","8":"product_tag-vuzix-m-4000-cs","9":"pa_hersteller-vuzix-cs","11":"first","12":"instock","13":"taxable","14":"shipping-taxable","15":"purchasable","16":"product-type-simple"},"acf":[],"yoast_head":"<!-- This site is optimized with the Yoast SEO Premium plugin v20.10 (Yoast SEO v24.3) - https:\/\/yoast.com\/wordpress\/plugins\/seo\/ -->\n<title>Koupit Vuzix M4000 zde - ALEGER \u22c6 Augmented Reality<\/title>\n<meta name=\"description\" content=\"S br\u00fdlemi Vuzix M4000 z\u00edsk\u00e1te vysoce v\u00fdkonn\u00e9 chytr\u00e9 br\u00fdle s certifikac\u00ed IP67, lehkou konstrukc\u00ed a vynikaj\u00edc\u00edm komfortem no\u0161en\u00ed.\" \/>\n<meta name=\"robots\" content=\"index, follow, max-snippet:-1, max-image-preview:large, max-video-preview:-1\" \/>\n<meta property=\"og:locale\" content=\"cs_CZ\" \/>\n<meta property=\"og:type\" content=\"article\" \/>\n<meta property=\"og:title\" content=\"Br\u00fdle Vuzix M4000 AR, displej 640x480px, 8 MP, 4K 30 FPS, baterie 1000 mAH, Android 8\" \/>\n<meta property=\"og:description\" content=\"S br\u00fdlemi Vuzix M4000 z\u00edsk\u00e1te vysoce v\u00fdkonn\u00e9 chytr\u00e9 br\u00fdle s certifikac\u00ed IP67, lehkou konstrukc\u00ed a vynikaj\u00edc\u00edm komfortem no\u0161en\u00ed.\" \/>\n<meta property=\"og:url\" content=\"https:\/\/alegerglobal.com\/cs\/shop-cs\/vuzix-m-4000\/\" \/>\n<meta property=\"og:site_name\" content=\"ALEGER \u22c6 Augmented Reality\" \/>\n<meta property=\"article:modified_time\" content=\"2022-05-19T08:17:14+00:00\" \/>\n<meta property=\"og:image\" content=\"https:\/\/alegerglobal.com\/wp-content\/uploads\/2022\/01\/svsv.png\" \/>\n\t<meta property=\"og:image:width\" content=\"800\" \/>\n\t<meta property=\"og:image:height\" content=\"800\" \/>\n\t<meta property=\"og:image:type\" content=\"image\/png\" \/>\n<meta name=\"twitter:card\" content=\"summary_large_image\" \/>\n<meta name=\"twitter:label1\" content=\"Cena\" \/>\n\t<meta name=\"twitter:data1\" content=\"&euro;2.613,00\" \/>\n\t<meta name=\"twitter:label2\" content=\"Dostupnost\" \/>\n\t<meta name=\"twitter:data2\" content=\"Skladem\" \/>\n<script type=\"application\/ld+json\" class=\"yoast-schema-graph\">{\"@context\":\"https:\/\/schema.org\",\"@graph\":[{\"@type\":\"WebPage\",\"@id\":\"https:\/\/alegerglobal.com\/cs\/shop-cs\/vuzix-m-4000\/\",\"url\":\"https:\/\/alegerglobal.com\/cs\/shop-cs\/vuzix-m-4000\/\",\"name\":\"Koupit Vuzix M4000 zde - ALEGER \u22c6 Augmented Reality\",\"isPartOf\":{\"@id\":\"https:\/\/alegerglobal.com\/cs\/#website\"},\"primaryImageOfPage\":{\"@id\":\"https:\/\/alegerglobal.com\/cs\/shop-cs\/vuzix-m-4000\/#primaryimage\"},\"image\":{\"@id\":\"https:\/\/alegerglobal.com\/cs\/shop-cs\/vuzix-m-4000\/#primaryimage\"},\"thumbnailUrl\":\"https:\/\/alegerglobal.com\/wp-content\/uploads\/2022\/01\/svsv.png\",\"datePublished\":\"2022-05-19T08:09:55+00:00\",\"dateModified\":\"2022-05-19T08:17:14+00:00\",\"description\":\"S br\u00fdlemi Vuzix M4000 z\u00edsk\u00e1te vysoce v\u00fdkonn\u00e9 chytr\u00e9 br\u00fdle s certifikac\u00ed IP67, lehkou konstrukc\u00ed a vynikaj\u00edc\u00edm komfortem no\u0161en\u00ed.\",\"breadcrumb\":{\"@id\":\"https:\/\/alegerglobal.com\/cs\/shop-cs\/vuzix-m-4000\/#breadcrumb\"},\"inLanguage\":\"cs\",\"potentialAction\":[{\"@type\":\"ReadAction\",\"target\":[\"https:\/\/alegerglobal.com\/cs\/shop-cs\/vuzix-m-4000\/\"]}]},{\"@type\":\"ImageObject\",\"inLanguage\":\"cs\",\"@id\":\"https:\/\/alegerglobal.com\/cs\/shop-cs\/vuzix-m-4000\/#primaryimage\",\"url\":\"https:\/\/alegerglobal.com\/wp-content\/uploads\/2022\/01\/svsv.png\",\"contentUrl\":\"https:\/\/alegerglobal.com\/wp-content\/uploads\/2022\/01\/svsv.png\",\"width\":800,\"height\":800},{\"@type\":\"BreadcrumbList\",\"@id\":\"https:\/\/alegerglobal.com\/cs\/shop-cs\/vuzix-m-4000\/#breadcrumb\",\"itemListElement\":[{\"@type\":\"ListItem\",\"position\":1,\"name\":\"Home\",\"item\":\"https:\/\/alegerglobal.com\/cs\/novinka-domovska-stranka\/\"},{\"@type\":\"ListItem\",\"position\":2,\"name\":\"Produkty\",\"item\":\"https:\/\/alegerglobal.com\/cs\/produkty\/\"},{\"@type\":\"ListItem\",\"position\":3,\"name\":\"Br\u00fdle Vuzix M4000 AR, displej 640x480px, 8 MP, 4K 30 FPS, baterie 1000 mAH, Android 8\"}]},{\"@type\":\"WebSite\",\"@id\":\"https:\/\/alegerglobal.com\/cs\/#website\",\"url\":\"https:\/\/alegerglobal.com\/cs\/\",\"name\":\"ALEGER \u22c6 Augmented Reality\",\"description\":\"Die besten Augmented Reality (AR) L\u00f6sungen der Welt.\",\"publisher\":{\"@id\":\"https:\/\/alegerglobal.com\/cs\/#organization\"},\"potentialAction\":[{\"@type\":\"SearchAction\",\"target\":{\"@type\":\"EntryPoint\",\"urlTemplate\":\"https:\/\/alegerglobal.com\/cs\/?s={search_term_string}\"},\"query-input\":{\"@type\":\"PropertyValueSpecification\",\"valueRequired\":true,\"valueName\":\"search_term_string\"}}],\"inLanguage\":\"cs\"},{\"@type\":\"Organization\",\"@id\":\"https:\/\/alegerglobal.com\/cs\/#organization\",\"name\":\"ALEGER \u22c6 Augmented Reality\",\"url\":\"https:\/\/alegerglobal.com\/cs\/\",\"logo\":{\"@type\":\"ImageObject\",\"inLanguage\":\"cs\",\"@id\":\"https:\/\/alegerglobal.com\/cs\/#\/schema\/logo\/image\/\",\"url\":\"https:\/\/alegerglobal.com\/wp-content\/uploads\/2020\/12\/aleger-logo-quadrat.jpg\",\"contentUrl\":\"https:\/\/alegerglobal.com\/wp-content\/uploads\/2020\/12\/aleger-logo-quadrat.jpg\",\"width\":200,\"height\":176,\"caption\":\"ALEGER \u22c6 Augmented Reality\"},\"image\":{\"@id\":\"https:\/\/alegerglobal.com\/cs\/#\/schema\/logo\/image\/\"}}]}<\/script>\n<meta property=\"product:brand\" content=\"Vuzix\" \/>\n<meta property=\"product:price:amount\" content=\"2613.00\" \/>\n<meta property=\"product:price:currency\" content=\"EUR\" \/>\n<meta property=\"og:availability\" content=\"instock\" \/>\n<meta property=\"product:availability\" content=\"instock\" \/>\n<meta property=\"product:condition\" content=\"new\" \/>\n<!-- \/ Yoast SEO Premium plugin. -->","yoast_head_json":{"title":"Koupit Vuzix M4000 zde - ALEGER \u22c6 Augmented Reality","description":"S br\u00fdlemi Vuzix M4000 z\u00edsk\u00e1te vysoce v\u00fdkonn\u00e9 chytr\u00e9 br\u00fdle s certifikac\u00ed IP67, lehkou konstrukc\u00ed a vynikaj\u00edc\u00edm komfortem no\u0161en\u00ed.","robots":{"index":"index","follow":"follow","max-snippet":"max-snippet:-1","max-image-preview":"max-image-preview:large","max-video-preview":"max-video-preview:-1"},"og_locale":"cs_CZ","og_type":"article","og_title":"Br\u00fdle Vuzix M4000 AR, displej 640x480px, 8 MP, 4K 30 FPS, baterie 1000 mAH, Android 8","og_description":"S br\u00fdlemi Vuzix M4000 z\u00edsk\u00e1te vysoce v\u00fdkonn\u00e9 chytr\u00e9 br\u00fdle s certifikac\u00ed IP67, lehkou konstrukc\u00ed a vynikaj\u00edc\u00edm komfortem no\u0161en\u00ed.","og_url":"https:\/\/alegerglobal.com\/cs\/shop-cs\/vuzix-m-4000\/","og_site_name":"ALEGER \u22c6 Augmented Reality","article_modified_time":"2022-05-19T08:17:14+00:00","og_image":[{"width":800,"height":800,"url":"https:\/\/alegerglobal.com\/wp-content\/uploads\/2022\/01\/svsv.png","type":"image\/png"}],"twitter_card":"summary_large_image","twitter_misc":{"Cena":"&euro;2.613,00","Dostupnost":"Skladem"},"schema":{"@context":"https:\/\/schema.org","@graph":[{"@type":"WebPage","@id":"https:\/\/alegerglobal.com\/cs\/shop-cs\/vuzix-m-4000\/","url":"https:\/\/alegerglobal.com\/cs\/shop-cs\/vuzix-m-4000\/","name":"Koupit Vuzix M4000 zde - ALEGER \u22c6 Augmented Reality","isPartOf":{"@id":"https:\/\/alegerglobal.com\/cs\/#website"},"primaryImageOfPage":{"@id":"https:\/\/alegerglobal.com\/cs\/shop-cs\/vuzix-m-4000\/#primaryimage"},"image":{"@id":"https:\/\/alegerglobal.com\/cs\/shop-cs\/vuzix-m-4000\/#primaryimage"},"thumbnailUrl":"https:\/\/alegerglobal.com\/wp-content\/uploads\/2022\/01\/svsv.png","datePublished":"2022-05-19T08:09:55+00:00","dateModified":"2022-05-19T08:17:14+00:00","description":"S br\u00fdlemi Vuzix M4000 z\u00edsk\u00e1te vysoce v\u00fdkonn\u00e9 chytr\u00e9 br\u00fdle s certifikac\u00ed IP67, lehkou konstrukc\u00ed a vynikaj\u00edc\u00edm komfortem no\u0161en\u00ed.","breadcrumb":{"@id":"https:\/\/alegerglobal.com\/cs\/shop-cs\/vuzix-m-4000\/#breadcrumb"},"inLanguage":"cs","potentialAction":[{"@type":"ReadAction","target":["https:\/\/alegerglobal.com\/cs\/shop-cs\/vuzix-m-4000\/"]}]},{"@type":"ImageObject","inLanguage":"cs","@id":"https:\/\/alegerglobal.com\/cs\/shop-cs\/vuzix-m-4000\/#primaryimage","url":"https:\/\/alegerglobal.com\/wp-content\/uploads\/2022\/01\/svsv.png","contentUrl":"https:\/\/alegerglobal.com\/wp-content\/uploads\/2022\/01\/svsv.png","width":800,"height":800},{"@type":"BreadcrumbList","@id":"https:\/\/alegerglobal.com\/cs\/shop-cs\/vuzix-m-4000\/#breadcrumb","itemListElement":[{"@type":"ListItem","position":1,"name":"Home","item":"https:\/\/alegerglobal.com\/cs\/novinka-domovska-stranka\/"},{"@type":"ListItem","position":2,"name":"Produkty","item":"https:\/\/alegerglobal.com\/cs\/produkty\/"},{"@type":"ListItem","position":3,"name":"Br\u00fdle Vuzix M4000 AR, displej 640x480px, 8 MP, 4K 30 FPS, baterie 1000 mAH, Android 8"}]},{"@type":"WebSite","@id":"https:\/\/alegerglobal.com\/cs\/#website","url":"https:\/\/alegerglobal.com\/cs\/","name":"ALEGER \u22c6 Augmented Reality","description":"Die besten Augmented Reality (AR) L\u00f6sungen der Welt.","publisher":{"@id":"https:\/\/alegerglobal.com\/cs\/#organization"},"potentialAction":[{"@type":"SearchAction","target":{"@type":"EntryPoint","urlTemplate":"https:\/\/alegerglobal.com\/cs\/?s={search_term_string}"},"query-input":{"@type":"PropertyValueSpecification","valueRequired":true,"valueName":"search_term_string"}}],"inLanguage":"cs"},{"@type":"Organization","@id":"https:\/\/alegerglobal.com\/cs\/#organization","name":"ALEGER \u22c6 Augmented Reality","url":"https:\/\/alegerglobal.com\/cs\/","logo":{"@type":"ImageObject","inLanguage":"cs","@id":"https:\/\/alegerglobal.com\/cs\/#\/schema\/logo\/image\/","url":"https:\/\/alegerglobal.com\/wp-content\/uploads\/2020\/12\/aleger-logo-quadrat.jpg","contentUrl":"https:\/\/alegerglobal.com\/wp-content\/uploads\/2020\/12\/aleger-logo-quadrat.jpg","width":200,"height":176,"caption":"ALEGER \u22c6 Augmented Reality"},"image":{"@id":"https:\/\/alegerglobal.com\/cs\/#\/schema\/logo\/image\/"}}]},"product_brand":"Vuzix","product_price_amount":"2613.00","product_price_currency":"EUR","og_availability":"instock","product_availability":"instock","product_condition":"new"},"_links":{"self":[{"href":"https:\/\/alegerglobal.com\/cs\/wp-json\/wp\/v2\/product\/35008","targetHints":{"allow":["GET"]}}],"collection":[{"href":"https:\/\/alegerglobal.com\/cs\/wp-json\/wp\/v2\/product"}],"about":[{"href":"https:\/\/alegerglobal.com\/cs\/wp-json\/wp\/v2\/types\/product"}],"replies":[{"embeddable":true,"href":"https:\/\/alegerglobal.com\/cs\/wp-json\/wp\/v2\/comments?post=35008"}],"version-history":[{"count":1,"href":"https:\/\/alegerglobal.com\/cs\/wp-json\/wp\/v2\/product\/35008\/revisions"}],"predecessor-version":[{"id":35018,"href":"https:\/\/alegerglobal.com\/cs\/wp-json\/wp\/v2\/product\/35008\/revisions\/35018"}],"wp:featuredmedia":[{"embeddable":true,"href":"https:\/\/alegerglobal.com\/cs\/wp-json\/wp\/v2\/media\/13484"}],"wp:attachment":[{"href":"https:\/\/alegerglobal.com\/cs\/wp-json\/wp\/v2\/media?parent=35008"}],"wp:term":[{"taxonomy":"product_brand","embeddable":true,"href":"https:\/\/alegerglobal.com\/cs\/wp-json\/wp\/v2\/product_brand?post=35008"},{"taxonomy":"product_cat","embeddable":true,"href":"https:\/\/alegerglobal.com\/cs\/wp-json\/wp\/v2\/product_cat?post=35008"},{"taxonomy":"product_tag","embeddable":true,"href":"https:\/\/alegerglobal.com\/cs\/wp-json\/wp\/v2\/product_tag?post=35008"}],"curies":[{"name":"wp","href":"https:\/\/api.w.org\/{rel}","templated":true}]}}