{"id":35007,"date":"2021-03-12T04:23:59","date_gmt":"2022-05-19T08:09:54","guid":{"rendered":"https:\/\/alegerglobal.com\/nezarazene\/thinkreality-a3-by-lenovo-chytre-bryle-130-g-1080p-200-nitu-8-mp\/"},"modified":"2022-05-19T09:09:54","modified_gmt":"2022-05-19T08:09:54","slug":"thinkreality-a3-2","status":"publish","type":"product","link":"https:\/\/alegerglobal.com\/cs\/shop-cs\/thinkreality-a3-2\/","title":{"rendered":"ThinkReality A3 by Lenovo, chytr\u00e9 br\u00fdle, 130 g 1080p, 200 nit\u016f, 8 MP"},"content":{"rendered":"","protected":false},"excerpt":{"rendered":"<ul>\n<li aria-level=\"1\"><b>Datov\u00e9 br\u00fdle Lenovo Think Reality A3 s kamerou<\/b><\/li>\n<li aria-level=\"1\"><b>Robustn\u00ed:<\/b><span style=\"font-weight: 400;\"> Br\u00fdle z certifikovan\u00e9ho bezpe\u010dnostn\u00edho skla<\/span><\/li>\n<li aria-level=\"1\"><b>Modul\u00e1rn\u00ed:<\/b><span style=\"font-weight: 400;\"> Vym\u011bniteln\u00e9 \u010do\u010dky a obruby<\/span><\/li>\n<li aria-level=\"1\"><b>Flexibiln\u00ed:<\/b><span style=\"font-weight: 400;\"> Mnoho uzav\u00edrek a roz\u0161\u00ed\u0159en\u00ed<\/span><\/li>\n<li aria-level=\"1\"><b>Bezbari\u00e9rovost:<\/b><span style=\"font-weight: 400;\"> Mo\u017enost mont\u00e1\u017ee korek\u010dn\u00edch \u010do\u010dek<\/span><\/li>\n<li aria-level=\"1\"><b>P\u0159\u00eddavn\u00e9 sv\u011btlo:<\/b><span style=\"font-weight: 400;\"> Pouze 130 gram\u016f celkov\u00e9 hmotnosti<\/span><\/li>\n<\/ul>\n","protected":false},"featured_media":13422,"comment_status":"open","ping_status":"closed","template":"","meta":{"_acf_changed":false},"product_brand":[],"product_cat":[1515,1516],"product_tag":[],"class_list":{"0":"post-35007","1":"product","2":"type-product","3":"status-publish","4":"has-post-thumbnail","6":"product_cat-chytre-bryle","7":"product_cat-shop-cs","8":"pa_hersteller-lenovo-cs","10":"first","11":"instock","12":"taxable","13":"shipping-taxable","14":"product-type-simple"},"acf":[],"yoast_head":"<!-- This site is optimized with the Yoast SEO Premium plugin v20.10 (Yoast SEO v24.3) - https:\/\/yoast.com\/wordpress\/plugins\/seo\/ -->\n<title>Koupit ThinkReality A3 od Lenovo (2022) - ALEGER \u22c6 Augmented Reality<\/title>\n<meta name=\"description\" content=\"Lenvovo ThinkReality A3 p\u0159en\u00e1\u0161\u00ed zam\u011bstnance ve v\u00fdrob\u011b, \u00fadr\u017eb\u011b, logistice a podpo\u0159e do roz\u0161\u00ed\u0159en\u00e9 reality.\" \/>\n<meta name=\"robots\" content=\"index, follow, max-snippet:-1, max-image-preview:large, max-video-preview:-1\" \/>\n<meta property=\"og:locale\" content=\"cs_CZ\" \/>\n<meta property=\"og:type\" content=\"article\" \/>\n<meta property=\"og:title\" content=\"ThinkReality A3 by Lenovo, chytr\u00e9 br\u00fdle, 130 g 1080p, 200 nit\u016f, 8 MP\" \/>\n<meta property=\"og:description\" content=\"Lenvovo ThinkReality A3 p\u0159en\u00e1\u0161\u00ed zam\u011bstnance ve v\u00fdrob\u011b, \u00fadr\u017eb\u011b, logistice a podpo\u0159e do roz\u0161\u00ed\u0159en\u00e9 reality.\" \/>\n<meta property=\"og:url\" content=\"https:\/\/alegerglobal.com\/cs\/shop-cs\/thinkreality-a3-2\/\" \/>\n<meta property=\"og:site_name\" content=\"ALEGER \u22c6 Augmented Reality\" \/>\n<meta property=\"og:image\" content=\"https:\/\/alegerglobal.com\/wp-content\/uploads\/2020\/01\/Unbenannt-3.jpg\" \/>\n\t<meta property=\"og:image:width\" content=\"800\" \/>\n\t<meta property=\"og:image:height\" content=\"800\" \/>\n\t<meta property=\"og:image:type\" content=\"image\/jpeg\" \/>\n<meta name=\"twitter:card\" content=\"summary_large_image\" \/>\n<meta name=\"twitter:label1\" content=\"Cena\" \/>\n\t<meta name=\"twitter:data1\" content=\"\" \/>\n\t<meta name=\"twitter:label2\" content=\"Dostupnost\" \/>\n\t<meta name=\"twitter:data2\" content=\"Skladem\" \/>\n<script type=\"application\/ld+json\" class=\"yoast-schema-graph\">{\"@context\":\"https:\/\/schema.org\",\"@graph\":[{\"@type\":\"WebPage\",\"@id\":\"https:\/\/alegerglobal.com\/cs\/shop-cs\/thinkreality-a3-2\/\",\"url\":\"https:\/\/alegerglobal.com\/cs\/shop-cs\/thinkreality-a3-2\/\",\"name\":\"Koupit ThinkReality A3 od Lenovo (2022) - ALEGER \u22c6 Augmented Reality\",\"isPartOf\":{\"@id\":\"https:\/\/alegerglobal.com\/cs\/#website\"},\"primaryImageOfPage\":{\"@id\":\"https:\/\/alegerglobal.com\/cs\/shop-cs\/thinkreality-a3-2\/#primaryimage\"},\"image\":{\"@id\":\"https:\/\/alegerglobal.com\/cs\/shop-cs\/thinkreality-a3-2\/#primaryimage\"},\"thumbnailUrl\":\"https:\/\/alegerglobal.com\/wp-content\/uploads\/2020\/01\/Unbenannt-3.jpg\",\"datePublished\":\"2022-05-19T08:09:54+00:00\",\"dateModified\":\"2022-05-19T08:09:54+00:00\",\"description\":\"Lenvovo ThinkReality A3 p\u0159en\u00e1\u0161\u00ed zam\u011bstnance ve v\u00fdrob\u011b, \u00fadr\u017eb\u011b, logistice a podpo\u0159e do roz\u0161\u00ed\u0159en\u00e9 reality.\",\"breadcrumb\":{\"@id\":\"https:\/\/alegerglobal.com\/cs\/shop-cs\/thinkreality-a3-2\/#breadcrumb\"},\"inLanguage\":\"cs\",\"potentialAction\":[{\"@type\":\"ReadAction\",\"target\":[\"https:\/\/alegerglobal.com\/cs\/shop-cs\/thinkreality-a3-2\/\"]}]},{\"@type\":\"ImageObject\",\"inLanguage\":\"cs\",\"@id\":\"https:\/\/alegerglobal.com\/cs\/shop-cs\/thinkreality-a3-2\/#primaryimage\",\"url\":\"https:\/\/alegerglobal.com\/wp-content\/uploads\/2020\/01\/Unbenannt-3.jpg\",\"contentUrl\":\"https:\/\/alegerglobal.com\/wp-content\/uploads\/2020\/01\/Unbenannt-3.jpg\",\"width\":800,\"height\":800},{\"@type\":\"BreadcrumbList\",\"@id\":\"https:\/\/alegerglobal.com\/cs\/shop-cs\/thinkreality-a3-2\/#breadcrumb\",\"itemListElement\":[{\"@type\":\"ListItem\",\"position\":1,\"name\":\"Home\",\"item\":\"https:\/\/alegerglobal.com\/cs\/novinka-domovska-stranka\/\"},{\"@type\":\"ListItem\",\"position\":2,\"name\":\"Produkty\",\"item\":\"https:\/\/alegerglobal.com\/cs\/produkty\/\"},{\"@type\":\"ListItem\",\"position\":3,\"name\":\"ThinkReality A3 by Lenovo, chytr\u00e9 br\u00fdle, 130 g 1080p, 200 nit\u016f, 8 MP\"}]},{\"@type\":\"WebSite\",\"@id\":\"https:\/\/alegerglobal.com\/cs\/#website\",\"url\":\"https:\/\/alegerglobal.com\/cs\/\",\"name\":\"ALEGER \u22c6 Augmented Reality\",\"description\":\"Die besten Augmented Reality (AR) L\u00f6sungen der Welt.\",\"publisher\":{\"@id\":\"https:\/\/alegerglobal.com\/cs\/#organization\"},\"potentialAction\":[{\"@type\":\"SearchAction\",\"target\":{\"@type\":\"EntryPoint\",\"urlTemplate\":\"https:\/\/alegerglobal.com\/cs\/?s={search_term_string}\"},\"query-input\":{\"@type\":\"PropertyValueSpecification\",\"valueRequired\":true,\"valueName\":\"search_term_string\"}}],\"inLanguage\":\"cs\"},{\"@type\":\"Organization\",\"@id\":\"https:\/\/alegerglobal.com\/cs\/#organization\",\"name\":\"ALEGER \u22c6 Augmented Reality\",\"url\":\"https:\/\/alegerglobal.com\/cs\/\",\"logo\":{\"@type\":\"ImageObject\",\"inLanguage\":\"cs\",\"@id\":\"https:\/\/alegerglobal.com\/cs\/#\/schema\/logo\/image\/\",\"url\":\"https:\/\/alegerglobal.com\/wp-content\/uploads\/2020\/12\/aleger-logo-quadrat.jpg\",\"contentUrl\":\"https:\/\/alegerglobal.com\/wp-content\/uploads\/2020\/12\/aleger-logo-quadrat.jpg\",\"width\":200,\"height\":176,\"caption\":\"ALEGER \u22c6 Augmented Reality\"},\"image\":{\"@id\":\"https:\/\/alegerglobal.com\/cs\/#\/schema\/logo\/image\/\"}}]}<\/script>\n<meta property=\"product:brand\" content=\"Lenovo\" \/>\n<meta property=\"product:price:amount\" content=\"0.00\" \/>\n<meta property=\"product:price:currency\" content=\"EUR\" \/>\n<meta property=\"og:availability\" content=\"instock\" \/>\n<meta property=\"product:availability\" content=\"instock\" \/>\n<meta property=\"product:condition\" content=\"new\" \/>\n<!-- \/ Yoast SEO Premium plugin. -->","yoast_head_json":{"title":"Koupit ThinkReality A3 od Lenovo (2022) - ALEGER \u22c6 Augmented Reality","description":"Lenvovo ThinkReality A3 p\u0159en\u00e1\u0161\u00ed zam\u011bstnance ve v\u00fdrob\u011b, \u00fadr\u017eb\u011b, logistice a podpo\u0159e do roz\u0161\u00ed\u0159en\u00e9 reality.","robots":{"index":"index","follow":"follow","max-snippet":"max-snippet:-1","max-image-preview":"max-image-preview:large","max-video-preview":"max-video-preview:-1"},"og_locale":"cs_CZ","og_type":"article","og_title":"ThinkReality A3 by Lenovo, chytr\u00e9 br\u00fdle, 130 g 1080p, 200 nit\u016f, 8 MP","og_description":"Lenvovo ThinkReality A3 p\u0159en\u00e1\u0161\u00ed zam\u011bstnance ve v\u00fdrob\u011b, \u00fadr\u017eb\u011b, logistice a podpo\u0159e do roz\u0161\u00ed\u0159en\u00e9 reality.","og_url":"https:\/\/alegerglobal.com\/cs\/shop-cs\/thinkreality-a3-2\/","og_site_name":"ALEGER \u22c6 Augmented Reality","og_image":[{"width":800,"height":800,"url":"https:\/\/alegerglobal.com\/wp-content\/uploads\/2020\/01\/Unbenannt-3.jpg","type":"image\/jpeg"}],"twitter_card":"summary_large_image","twitter_misc":{"Cena":"","Dostupnost":"Skladem"},"schema":{"@context":"https:\/\/schema.org","@graph":[{"@type":"WebPage","@id":"https:\/\/alegerglobal.com\/cs\/shop-cs\/thinkreality-a3-2\/","url":"https:\/\/alegerglobal.com\/cs\/shop-cs\/thinkreality-a3-2\/","name":"Koupit ThinkReality A3 od Lenovo (2022) - ALEGER \u22c6 Augmented Reality","isPartOf":{"@id":"https:\/\/alegerglobal.com\/cs\/#website"},"primaryImageOfPage":{"@id":"https:\/\/alegerglobal.com\/cs\/shop-cs\/thinkreality-a3-2\/#primaryimage"},"image":{"@id":"https:\/\/alegerglobal.com\/cs\/shop-cs\/thinkreality-a3-2\/#primaryimage"},"thumbnailUrl":"https:\/\/alegerglobal.com\/wp-content\/uploads\/2020\/01\/Unbenannt-3.jpg","datePublished":"2022-05-19T08:09:54+00:00","dateModified":"2022-05-19T08:09:54+00:00","description":"Lenvovo ThinkReality A3 p\u0159en\u00e1\u0161\u00ed zam\u011bstnance ve v\u00fdrob\u011b, \u00fadr\u017eb\u011b, logistice a podpo\u0159e do roz\u0161\u00ed\u0159en\u00e9 reality.","breadcrumb":{"@id":"https:\/\/alegerglobal.com\/cs\/shop-cs\/thinkreality-a3-2\/#breadcrumb"},"inLanguage":"cs","potentialAction":[{"@type":"ReadAction","target":["https:\/\/alegerglobal.com\/cs\/shop-cs\/thinkreality-a3-2\/"]}]},{"@type":"ImageObject","inLanguage":"cs","@id":"https:\/\/alegerglobal.com\/cs\/shop-cs\/thinkreality-a3-2\/#primaryimage","url":"https:\/\/alegerglobal.com\/wp-content\/uploads\/2020\/01\/Unbenannt-3.jpg","contentUrl":"https:\/\/alegerglobal.com\/wp-content\/uploads\/2020\/01\/Unbenannt-3.jpg","width":800,"height":800},{"@type":"BreadcrumbList","@id":"https:\/\/alegerglobal.com\/cs\/shop-cs\/thinkreality-a3-2\/#breadcrumb","itemListElement":[{"@type":"ListItem","position":1,"name":"Home","item":"https:\/\/alegerglobal.com\/cs\/novinka-domovska-stranka\/"},{"@type":"ListItem","position":2,"name":"Produkty","item":"https:\/\/alegerglobal.com\/cs\/produkty\/"},{"@type":"ListItem","position":3,"name":"ThinkReality A3 by Lenovo, chytr\u00e9 br\u00fdle, 130 g 1080p, 200 nit\u016f, 8 MP"}]},{"@type":"WebSite","@id":"https:\/\/alegerglobal.com\/cs\/#website","url":"https:\/\/alegerglobal.com\/cs\/","name":"ALEGER \u22c6 Augmented Reality","description":"Die besten Augmented Reality (AR) L\u00f6sungen der Welt.","publisher":{"@id":"https:\/\/alegerglobal.com\/cs\/#organization"},"potentialAction":[{"@type":"SearchAction","target":{"@type":"EntryPoint","urlTemplate":"https:\/\/alegerglobal.com\/cs\/?s={search_term_string}"},"query-input":{"@type":"PropertyValueSpecification","valueRequired":true,"valueName":"search_term_string"}}],"inLanguage":"cs"},{"@type":"Organization","@id":"https:\/\/alegerglobal.com\/cs\/#organization","name":"ALEGER \u22c6 Augmented Reality","url":"https:\/\/alegerglobal.com\/cs\/","logo":{"@type":"ImageObject","inLanguage":"cs","@id":"https:\/\/alegerglobal.com\/cs\/#\/schema\/logo\/image\/","url":"https:\/\/alegerglobal.com\/wp-content\/uploads\/2020\/12\/aleger-logo-quadrat.jpg","contentUrl":"https:\/\/alegerglobal.com\/wp-content\/uploads\/2020\/12\/aleger-logo-quadrat.jpg","width":200,"height":176,"caption":"ALEGER \u22c6 Augmented Reality"},"image":{"@id":"https:\/\/alegerglobal.com\/cs\/#\/schema\/logo\/image\/"}}]},"product_brand":"Lenovo","product_price_amount":"0.00","product_price_currency":"EUR","og_availability":"instock","product_availability":"instock","product_condition":"new"},"_links":{"self":[{"href":"https:\/\/alegerglobal.com\/cs\/wp-json\/wp\/v2\/product\/35007","targetHints":{"allow":["GET"]}}],"collection":[{"href":"https:\/\/alegerglobal.com\/cs\/wp-json\/wp\/v2\/product"}],"about":[{"href":"https:\/\/alegerglobal.com\/cs\/wp-json\/wp\/v2\/types\/product"}],"replies":[{"embeddable":true,"href":"https:\/\/alegerglobal.com\/cs\/wp-json\/wp\/v2\/comments?post=35007"}],"version-history":[{"count":0,"href":"https:\/\/alegerglobal.com\/cs\/wp-json\/wp\/v2\/product\/35007\/revisions"}],"wp:featuredmedia":[{"embeddable":true,"href":"https:\/\/alegerglobal.com\/cs\/wp-json\/wp\/v2\/media\/13422"}],"wp:attachment":[{"href":"https:\/\/alegerglobal.com\/cs\/wp-json\/wp\/v2\/media?parent=35007"}],"wp:term":[{"taxonomy":"product_brand","embeddable":true,"href":"https:\/\/alegerglobal.com\/cs\/wp-json\/wp\/v2\/product_brand?post=35007"},{"taxonomy":"product_cat","embeddable":true,"href":"https:\/\/alegerglobal.com\/cs\/wp-json\/wp\/v2\/product_cat?post=35007"},{"taxonomy":"product_tag","embeddable":true,"href":"https:\/\/alegerglobal.com\/cs\/wp-json\/wp\/v2\/product_tag?post=35007"}],"curies":[{"name":"wp","href":"https:\/\/api.w.org\/{rel}","templated":true}]}}