{"id":35006,"date":"2021-11-16T23:04:25","date_gmt":"2022-05-19T08:09:54","guid":{"rendered":"https:\/\/alegerglobal.com\/nezarazene\/vuzix-m400-chytre-bryle-168-zorny-uhel-128-mp-kamera-ip67-android-9\/"},"modified":"2022-05-19T09:09:54","modified_gmt":"2022-05-19T08:09:54","slug":"vuzix-m400-2","status":"publish","type":"product","link":"https:\/\/alegerglobal.com\/cs\/shop-cs\/vuzix-m400-2\/","title":{"rendered":"VUZIX M400, chytr\u00e9 br\u00fdle, 16,8\u00b0 zorn\u00fd \u00fahel, 12,8 MP kamera, IP67, Android 9"},"content":{"rendered":"","protected":false},"excerpt":{"rendered":"<ul>\n<li><b>Pou\u017eit\u00ed za zt\u00ed\u017een\u00fdch podm\u00ednek:<\/b> Prachot\u011bsnost a vodot\u011bsnost podle IP67 a odolnost proti p\u00e1du z v\u00fd\u0161ky a\u017e 2 metr\u016f<\/li>\n<li><b>Snadn\u00e1 pr\u00e1ce s dokumenty:<\/b> 12,8Mpx fotoapar\u00e1t s automatick\u00fdm ost\u0159en\u00edm pro po\u0159izov\u00e1n\u00ed ostr\u00fdch fotografi\u00ed a vide\u00ed v rozli\u0161en\u00ed 4K.<\/li>\n<li><b>Bezprobl\u00e9mov\u00e9 pou\u017e\u00edv\u00e1n\u00ed slo\u017eit\u00fdch aplikac\u00ed:<\/b> V\u00fdkonn\u00fd 8j\u00e1drov\u00fd procesor Snapdragon XR1<\/li>\n<li><b>Vysok\u00fd komfort no\u0161en\u00ed:<\/b> Ergonomick\u00fd design a celkov\u00e1 hmotnost pouh\u00fdch 68 g.<\/li>\n<li><b>Hands-free ovl\u00e1d\u00e1n\u00ed:<\/b> T\u0159i mikrofony pro plynul\u00e9 hlasov\u00e9 ovl\u00e1d\u00e1n\u00ed<\/li>\n<\/ul>\n","protected":false},"featured_media":13443,"comment_status":"open","ping_status":"closed","template":"","meta":{"_acf_changed":false},"product_brand":[],"product_cat":[1515,1516],"product_tag":[],"class_list":{"0":"post-35006","1":"product","2":"type-product","3":"status-publish","4":"has-post-thumbnail","6":"product_cat-chytre-bryle","7":"product_cat-shop-cs","8":"pa_hersteller-vuzix-cs","10":"first","11":"instock","12":"taxable","13":"shipping-taxable","14":"purchasable","15":"product-type-simple"},"acf":[],"yoast_head":"<!-- This site is optimized with the Yoast SEO Premium plugin v20.10 (Yoast SEO v24.3) - https:\/\/yoast.com\/wordpress\/plugins\/seo\/ -->\n<title>Koupit VUZIX M400 zde - ALEGER \u22c6 Augmented Reality<\/title>\n<meta name=\"description\" content=\"M400 zaujme robustn\u00edm krytem a v\u00fdkonn\u00fdm softwarem. Objevte Vuzix Smart Glass pro ter\u00e9nn\u00ed slu\u017eby a spol. zde.\" \/>\n<meta name=\"robots\" content=\"index, follow, max-snippet:-1, max-image-preview:large, max-video-preview:-1\" \/>\n<meta property=\"og:locale\" content=\"cs_CZ\" \/>\n<meta property=\"og:type\" content=\"article\" \/>\n<meta property=\"og:title\" content=\"VUZIX M400, chytr\u00e9 br\u00fdle, 16,8\u00b0 zorn\u00fd \u00fahel, 12,8 MP kamera, IP67, Android 9\" \/>\n<meta property=\"og:description\" content=\"M400 zaujme robustn\u00edm krytem a v\u00fdkonn\u00fdm softwarem. Objevte Vuzix Smart Glass pro ter\u00e9nn\u00ed slu\u017eby a spol. zde.\" \/>\n<meta property=\"og:url\" content=\"https:\/\/alegerglobal.com\/cs\/shop-cs\/vuzix-m400-2\/\" \/>\n<meta property=\"og:site_name\" content=\"ALEGER \u22c6 Augmented Reality\" \/>\n<meta property=\"og:image\" content=\"https:\/\/alegerglobal.com\/wp-content\/uploads\/2022\/01\/Unbenannt-17.jpg\" \/>\n\t<meta property=\"og:image:width\" content=\"800\" \/>\n\t<meta property=\"og:image:height\" content=\"800\" \/>\n\t<meta property=\"og:image:type\" content=\"image\/jpeg\" \/>\n<meta name=\"twitter:card\" content=\"summary_large_image\" \/>\n<meta name=\"twitter:label1\" content=\"Cena\" \/>\n\t<meta name=\"twitter:data1\" content=\"&euro;1.863,00\" \/>\n\t<meta name=\"twitter:label2\" content=\"Dostupnost\" \/>\n\t<meta name=\"twitter:data2\" content=\"Skladem\" \/>\n<script type=\"application\/ld+json\" class=\"yoast-schema-graph\">{\"@context\":\"https:\/\/schema.org\",\"@graph\":[{\"@type\":\"WebPage\",\"@id\":\"https:\/\/alegerglobal.com\/cs\/shop-cs\/vuzix-m400-2\/\",\"url\":\"https:\/\/alegerglobal.com\/cs\/shop-cs\/vuzix-m400-2\/\",\"name\":\"Koupit VUZIX M400 zde - ALEGER \u22c6 Augmented Reality\",\"isPartOf\":{\"@id\":\"https:\/\/alegerglobal.com\/cs\/#website\"},\"primaryImageOfPage\":{\"@id\":\"https:\/\/alegerglobal.com\/cs\/shop-cs\/vuzix-m400-2\/#primaryimage\"},\"image\":{\"@id\":\"https:\/\/alegerglobal.com\/cs\/shop-cs\/vuzix-m400-2\/#primaryimage\"},\"thumbnailUrl\":\"https:\/\/alegerglobal.com\/wp-content\/uploads\/2022\/01\/Unbenannt-17.jpg\",\"datePublished\":\"2022-05-19T08:09:54+00:00\",\"dateModified\":\"2022-05-19T08:09:54+00:00\",\"description\":\"M400 zaujme robustn\u00edm krytem a v\u00fdkonn\u00fdm softwarem. Objevte Vuzix Smart Glass pro ter\u00e9nn\u00ed slu\u017eby a spol. zde.\",\"breadcrumb\":{\"@id\":\"https:\/\/alegerglobal.com\/cs\/shop-cs\/vuzix-m400-2\/#breadcrumb\"},\"inLanguage\":\"cs\",\"potentialAction\":[{\"@type\":\"ReadAction\",\"target\":[\"https:\/\/alegerglobal.com\/cs\/shop-cs\/vuzix-m400-2\/\"]}]},{\"@type\":\"ImageObject\",\"inLanguage\":\"cs\",\"@id\":\"https:\/\/alegerglobal.com\/cs\/shop-cs\/vuzix-m400-2\/#primaryimage\",\"url\":\"https:\/\/alegerglobal.com\/wp-content\/uploads\/2022\/01\/Unbenannt-17.jpg\",\"contentUrl\":\"https:\/\/alegerglobal.com\/wp-content\/uploads\/2022\/01\/Unbenannt-17.jpg\",\"width\":800,\"height\":800},{\"@type\":\"BreadcrumbList\",\"@id\":\"https:\/\/alegerglobal.com\/cs\/shop-cs\/vuzix-m400-2\/#breadcrumb\",\"itemListElement\":[{\"@type\":\"ListItem\",\"position\":1,\"name\":\"Home\",\"item\":\"https:\/\/alegerglobal.com\/cs\/novinka-domovska-stranka\/\"},{\"@type\":\"ListItem\",\"position\":2,\"name\":\"Produkty\",\"item\":\"https:\/\/alegerglobal.com\/cs\/produkty\/\"},{\"@type\":\"ListItem\",\"position\":3,\"name\":\"VUZIX M400, chytr\u00e9 br\u00fdle, 16,8\u00b0 zorn\u00fd \u00fahel, 12,8 MP kamera, IP67, Android 9\"}]},{\"@type\":\"WebSite\",\"@id\":\"https:\/\/alegerglobal.com\/cs\/#website\",\"url\":\"https:\/\/alegerglobal.com\/cs\/\",\"name\":\"ALEGER \u22c6 Augmented Reality\",\"description\":\"Die besten Augmented Reality (AR) L\u00f6sungen der Welt.\",\"publisher\":{\"@id\":\"https:\/\/alegerglobal.com\/cs\/#organization\"},\"potentialAction\":[{\"@type\":\"SearchAction\",\"target\":{\"@type\":\"EntryPoint\",\"urlTemplate\":\"https:\/\/alegerglobal.com\/cs\/?s={search_term_string}\"},\"query-input\":{\"@type\":\"PropertyValueSpecification\",\"valueRequired\":true,\"valueName\":\"search_term_string\"}}],\"inLanguage\":\"cs\"},{\"@type\":\"Organization\",\"@id\":\"https:\/\/alegerglobal.com\/cs\/#organization\",\"name\":\"ALEGER \u22c6 Augmented Reality\",\"url\":\"https:\/\/alegerglobal.com\/cs\/\",\"logo\":{\"@type\":\"ImageObject\",\"inLanguage\":\"cs\",\"@id\":\"https:\/\/alegerglobal.com\/cs\/#\/schema\/logo\/image\/\",\"url\":\"https:\/\/alegerglobal.com\/wp-content\/uploads\/2020\/12\/aleger-logo-quadrat.jpg\",\"contentUrl\":\"https:\/\/alegerglobal.com\/wp-content\/uploads\/2020\/12\/aleger-logo-quadrat.jpg\",\"width\":200,\"height\":176,\"caption\":\"ALEGER \u22c6 Augmented Reality\"},\"image\":{\"@id\":\"https:\/\/alegerglobal.com\/cs\/#\/schema\/logo\/image\/\"}}]}<\/script>\n<meta property=\"product:brand\" content=\"Vuzix\" \/>\n<meta property=\"product:price:amount\" content=\"1863.00\" \/>\n<meta property=\"product:price:currency\" content=\"EUR\" \/>\n<meta property=\"og:availability\" content=\"instock\" \/>\n<meta property=\"product:availability\" content=\"instock\" \/>\n<meta property=\"product:condition\" content=\"new\" \/>\n<!-- \/ Yoast SEO Premium plugin. -->","yoast_head_json":{"title":"Koupit VUZIX M400 zde - ALEGER \u22c6 Augmented Reality","description":"M400 zaujme robustn\u00edm krytem a v\u00fdkonn\u00fdm softwarem. Objevte Vuzix Smart Glass pro ter\u00e9nn\u00ed slu\u017eby a spol. zde.","robots":{"index":"index","follow":"follow","max-snippet":"max-snippet:-1","max-image-preview":"max-image-preview:large","max-video-preview":"max-video-preview:-1"},"og_locale":"cs_CZ","og_type":"article","og_title":"VUZIX M400, chytr\u00e9 br\u00fdle, 16,8\u00b0 zorn\u00fd \u00fahel, 12,8 MP kamera, IP67, Android 9","og_description":"M400 zaujme robustn\u00edm krytem a v\u00fdkonn\u00fdm softwarem. Objevte Vuzix Smart Glass pro ter\u00e9nn\u00ed slu\u017eby a spol. zde.","og_url":"https:\/\/alegerglobal.com\/cs\/shop-cs\/vuzix-m400-2\/","og_site_name":"ALEGER \u22c6 Augmented Reality","og_image":[{"width":800,"height":800,"url":"https:\/\/alegerglobal.com\/wp-content\/uploads\/2022\/01\/Unbenannt-17.jpg","type":"image\/jpeg"}],"twitter_card":"summary_large_image","twitter_misc":{"Cena":"&euro;1.863,00","Dostupnost":"Skladem"},"schema":{"@context":"https:\/\/schema.org","@graph":[{"@type":"WebPage","@id":"https:\/\/alegerglobal.com\/cs\/shop-cs\/vuzix-m400-2\/","url":"https:\/\/alegerglobal.com\/cs\/shop-cs\/vuzix-m400-2\/","name":"Koupit VUZIX M400 zde - ALEGER \u22c6 Augmented Reality","isPartOf":{"@id":"https:\/\/alegerglobal.com\/cs\/#website"},"primaryImageOfPage":{"@id":"https:\/\/alegerglobal.com\/cs\/shop-cs\/vuzix-m400-2\/#primaryimage"},"image":{"@id":"https:\/\/alegerglobal.com\/cs\/shop-cs\/vuzix-m400-2\/#primaryimage"},"thumbnailUrl":"https:\/\/alegerglobal.com\/wp-content\/uploads\/2022\/01\/Unbenannt-17.jpg","datePublished":"2022-05-19T08:09:54+00:00","dateModified":"2022-05-19T08:09:54+00:00","description":"M400 zaujme robustn\u00edm krytem a v\u00fdkonn\u00fdm softwarem. Objevte Vuzix Smart Glass pro ter\u00e9nn\u00ed slu\u017eby a spol. zde.","breadcrumb":{"@id":"https:\/\/alegerglobal.com\/cs\/shop-cs\/vuzix-m400-2\/#breadcrumb"},"inLanguage":"cs","potentialAction":[{"@type":"ReadAction","target":["https:\/\/alegerglobal.com\/cs\/shop-cs\/vuzix-m400-2\/"]}]},{"@type":"ImageObject","inLanguage":"cs","@id":"https:\/\/alegerglobal.com\/cs\/shop-cs\/vuzix-m400-2\/#primaryimage","url":"https:\/\/alegerglobal.com\/wp-content\/uploads\/2022\/01\/Unbenannt-17.jpg","contentUrl":"https:\/\/alegerglobal.com\/wp-content\/uploads\/2022\/01\/Unbenannt-17.jpg","width":800,"height":800},{"@type":"BreadcrumbList","@id":"https:\/\/alegerglobal.com\/cs\/shop-cs\/vuzix-m400-2\/#breadcrumb","itemListElement":[{"@type":"ListItem","position":1,"name":"Home","item":"https:\/\/alegerglobal.com\/cs\/novinka-domovska-stranka\/"},{"@type":"ListItem","position":2,"name":"Produkty","item":"https:\/\/alegerglobal.com\/cs\/produkty\/"},{"@type":"ListItem","position":3,"name":"VUZIX M400, chytr\u00e9 br\u00fdle, 16,8\u00b0 zorn\u00fd \u00fahel, 12,8 MP kamera, IP67, Android 9"}]},{"@type":"WebSite","@id":"https:\/\/alegerglobal.com\/cs\/#website","url":"https:\/\/alegerglobal.com\/cs\/","name":"ALEGER \u22c6 Augmented Reality","description":"Die besten Augmented Reality (AR) L\u00f6sungen der Welt.","publisher":{"@id":"https:\/\/alegerglobal.com\/cs\/#organization"},"potentialAction":[{"@type":"SearchAction","target":{"@type":"EntryPoint","urlTemplate":"https:\/\/alegerglobal.com\/cs\/?s={search_term_string}"},"query-input":{"@type":"PropertyValueSpecification","valueRequired":true,"valueName":"search_term_string"}}],"inLanguage":"cs"},{"@type":"Organization","@id":"https:\/\/alegerglobal.com\/cs\/#organization","name":"ALEGER \u22c6 Augmented Reality","url":"https:\/\/alegerglobal.com\/cs\/","logo":{"@type":"ImageObject","inLanguage":"cs","@id":"https:\/\/alegerglobal.com\/cs\/#\/schema\/logo\/image\/","url":"https:\/\/alegerglobal.com\/wp-content\/uploads\/2020\/12\/aleger-logo-quadrat.jpg","contentUrl":"https:\/\/alegerglobal.com\/wp-content\/uploads\/2020\/12\/aleger-logo-quadrat.jpg","width":200,"height":176,"caption":"ALEGER \u22c6 Augmented Reality"},"image":{"@id":"https:\/\/alegerglobal.com\/cs\/#\/schema\/logo\/image\/"}}]},"product_brand":"Vuzix","product_price_amount":"1863.00","product_price_currency":"EUR","og_availability":"instock","product_availability":"instock","product_condition":"new"},"_links":{"self":[{"href":"https:\/\/alegerglobal.com\/cs\/wp-json\/wp\/v2\/product\/35006","targetHints":{"allow":["GET"]}}],"collection":[{"href":"https:\/\/alegerglobal.com\/cs\/wp-json\/wp\/v2\/product"}],"about":[{"href":"https:\/\/alegerglobal.com\/cs\/wp-json\/wp\/v2\/types\/product"}],"replies":[{"embeddable":true,"href":"https:\/\/alegerglobal.com\/cs\/wp-json\/wp\/v2\/comments?post=35006"}],"version-history":[{"count":0,"href":"https:\/\/alegerglobal.com\/cs\/wp-json\/wp\/v2\/product\/35006\/revisions"}],"wp:featuredmedia":[{"embeddable":true,"href":"https:\/\/alegerglobal.com\/cs\/wp-json\/wp\/v2\/media\/13443"}],"wp:attachment":[{"href":"https:\/\/alegerglobal.com\/cs\/wp-json\/wp\/v2\/media?parent=35006"}],"wp:term":[{"taxonomy":"product_brand","embeddable":true,"href":"https:\/\/alegerglobal.com\/cs\/wp-json\/wp\/v2\/product_brand?post=35006"},{"taxonomy":"product_cat","embeddable":true,"href":"https:\/\/alegerglobal.com\/cs\/wp-json\/wp\/v2\/product_cat?post=35006"},{"taxonomy":"product_tag","embeddable":true,"href":"https:\/\/alegerglobal.com\/cs\/wp-json\/wp\/v2\/product_tag?post=35006"}],"curies":[{"name":"wp","href":"https:\/\/api.w.org\/{rel}","templated":true}]}}