{"id":35004,"date":"2021-03-12T04:24:52","date_gmt":"2022-05-19T08:09:53","guid":{"rendered":"https:\/\/alegerglobal.com\/nezarazene\/hololens-2-chytre-bryle-zorne-pole-50-stupnu-windows-holographic\/"},"modified":"2022-05-19T09:09:53","modified_gmt":"2022-05-19T08:09:53","slug":"hololens-2-2","status":"publish","type":"product","link":"https:\/\/alegerglobal.com\/cs\/shop-cs\/chytre-bryle\/hololens-2-2\/","title":{"rendered":"HoloLens 2, chytr\u00e9 br\u00fdle, zorn\u00e9 pole 50 stup\u0148\u016f, Windows Holographic"},"content":{"rendered":"","protected":false},"excerpt":{"rendered":"<ul>\n<li style=\"font-weight: 400;\"><b>Dlouhodob\u00e9 pou\u017e\u00edv\u00e1n\u00ed:<\/b><span style=\"font-weight: 400;\"> V\u00fddr\u017e baterie 2-3 hodiny<\/span><\/li>\n<li style=\"font-weight: 400;\"><b>Mobiln\u00ed telefon kdykoli: <\/b><span style=\"font-weight: 400;\">Lze pou\u017e\u00edvat samostatn\u011b bez p\u0159ipojen\u00ed k po\u010d\u00edta\u010di<\/span><\/li>\n<li style=\"font-weight: 400;\"><b>Pracujte pohodln\u011b:<\/b><span style=\"font-weight: 400;\"> Displej s 50stup\u0148ov\u00fdm zorn\u00fdm polem, obnovovac\u00ed frekvenc\u00ed 75 HZ a rozli\u0161en\u00edm 2K<\/span><\/li>\n<li style=\"font-weight: 400;\"><b>Modern\u00ed softwarov\u00e1 technologie:<\/b><span style=\"font-weight: 400;\"> Pokro\u010dil\u00fd software um\u011bl\u00e9 inteligence simuluje funkci lidsk\u00e9ho mozku<\/span><\/li>\n<li style=\"font-weight: 400;\"><b>Intuitivn\u00ed ovl\u00e1d\u00e1n\u00ed:<\/b><span style=\"font-weight: 400;\"> P\u0159\u00edm\u00e9 ovl\u00e1d\u00e1n\u00ed gesty a ovl\u00e1d\u00e1n\u00ed p\u0159irozen\u00fdm jazykem<\/span><\/li>\n<li style=\"font-weight: 400;\"><b>V\u00fdkonn\u00fd hardware pro n\u00e1ro\u010dn\u00e9 aplikace:<\/b> Procesor Snapdragon 850 a 2 GB pam\u011bti DDR4<\/li>\n<\/ul>\n","protected":false},"featured_media":12427,"comment_status":"open","ping_status":"closed","template":"","meta":{"_acf_changed":false},"product_brand":[],"product_cat":[1515,1516],"product_tag":[],"class_list":{"0":"post-35004","1":"product","2":"type-product","3":"status-publish","4":"has-post-thumbnail","6":"product_cat-chytre-bryle","7":"product_cat-shop-cs","8":"pa_hersteller-microsoft-cs","10":"first","11":"instock","12":"taxable","13":"shipping-taxable","14":"purchasable","15":"product-type-simple"},"acf":[],"yoast_head":"<!-- This site is optimized with the Yoast SEO Premium plugin v20.10 (Yoast SEO v24.3) - https:\/\/yoast.com\/wordpress\/plugins\/seo\/ -->\n<title>Koupit Micrososft Hololens 2 \ud83e\udd7d - ALEGER \u22c6 Augmented Reality<\/title>\n<meta name=\"description\" content=\"Kupte si Hololens 2 zde a zajist\u011bte si konkuren\u010dn\u00ed v\u00fdhody. Od digit\u00e1ln\u00edho in\u017een\u00fdrstv\u00ed po chytr\u00e9 budovy - Hololens posouvaj\u00ed va\u0161e podnik\u00e1n\u00ed vp\u0159ed.\" \/>\n<meta name=\"robots\" content=\"index, follow, max-snippet:-1, max-image-preview:large, max-video-preview:-1\" \/>\n<meta property=\"og:locale\" content=\"cs_CZ\" \/>\n<meta property=\"og:type\" content=\"article\" \/>\n<meta property=\"og:title\" content=\"HoloLens 2, chytr\u00e9 br\u00fdle, zorn\u00e9 pole 50 stup\u0148\u016f, Windows Holographic\" \/>\n<meta property=\"og:description\" content=\"Kupte si Hololens 2 zde a zajist\u011bte si konkuren\u010dn\u00ed v\u00fdhody. Od digit\u00e1ln\u00edho in\u017een\u00fdrstv\u00ed po chytr\u00e9 budovy - Hololens posouvaj\u00ed va\u0161e podnik\u00e1n\u00ed vp\u0159ed.\" \/>\n<meta property=\"og:url\" content=\"https:\/\/alegerglobal.com\/cs\/shop-cs\/chytre-bryle\/hololens-2-2\/\" \/>\n<meta property=\"og:site_name\" content=\"ALEGER \u22c6 Augmented Reality\" \/>\n<meta property=\"og:image\" content=\"https:\/\/alegerglobal.com\/wp-content\/uploads\/2021\/01\/Aleger_HoloLens2_CLA_08_f-scaled.jpg\" \/>\n\t<meta property=\"og:image:width\" content=\"2560\" \/>\n\t<meta property=\"og:image:height\" content=\"1706\" \/>\n\t<meta property=\"og:image:type\" content=\"image\/jpeg\" \/>\n<meta name=\"twitter:card\" content=\"summary_large_image\" \/>\n<meta name=\"twitter:label1\" content=\"Cena\" \/>\n\t<meta name=\"twitter:data1\" content=\"&euro;3.649,00\" \/>\n\t<meta name=\"twitter:label2\" content=\"Dostupnost\" \/>\n\t<meta name=\"twitter:data2\" content=\"Skladem\" \/>\n<script type=\"application\/ld+json\" class=\"yoast-schema-graph\">{\"@context\":\"https:\/\/schema.org\",\"@graph\":[{\"@type\":\"WebPage\",\"@id\":\"https:\/\/alegerglobal.com\/cs\/shop-cs\/chytre-bryle\/hololens-2-2\/\",\"url\":\"https:\/\/alegerglobal.com\/cs\/shop-cs\/chytre-bryle\/hololens-2-2\/\",\"name\":\"Koupit Micrososft Hololens 2 \ud83e\udd7d - ALEGER \u22c6 Augmented Reality\",\"isPartOf\":{\"@id\":\"https:\/\/alegerglobal.com\/cs\/#website\"},\"primaryImageOfPage\":{\"@id\":\"https:\/\/alegerglobal.com\/cs\/shop-cs\/chytre-bryle\/hololens-2-2\/#primaryimage\"},\"image\":{\"@id\":\"https:\/\/alegerglobal.com\/cs\/shop-cs\/chytre-bryle\/hololens-2-2\/#primaryimage\"},\"thumbnailUrl\":\"https:\/\/alegerglobal.com\/wp-content\/uploads\/2021\/01\/Aleger_HoloLens2_CLA_08_f-scaled.jpg\",\"datePublished\":\"2022-05-19T08:09:53+00:00\",\"dateModified\":\"2022-05-19T08:09:53+00:00\",\"description\":\"Kupte si Hololens 2 zde a zajist\u011bte si konkuren\u010dn\u00ed v\u00fdhody. Od digit\u00e1ln\u00edho in\u017een\u00fdrstv\u00ed po chytr\u00e9 budovy - Hololens posouvaj\u00ed va\u0161e podnik\u00e1n\u00ed vp\u0159ed.\",\"breadcrumb\":{\"@id\":\"https:\/\/alegerglobal.com\/cs\/shop-cs\/chytre-bryle\/hololens-2-2\/#breadcrumb\"},\"inLanguage\":\"cs\",\"potentialAction\":[{\"@type\":\"ReadAction\",\"target\":[\"https:\/\/alegerglobal.com\/cs\/shop-cs\/chytre-bryle\/hololens-2-2\/\"]}]},{\"@type\":\"ImageObject\",\"inLanguage\":\"cs\",\"@id\":\"https:\/\/alegerglobal.com\/cs\/shop-cs\/chytre-bryle\/hololens-2-2\/#primaryimage\",\"url\":\"https:\/\/alegerglobal.com\/wp-content\/uploads\/2021\/01\/Aleger_HoloLens2_CLA_08_f-scaled.jpg\",\"contentUrl\":\"https:\/\/alegerglobal.com\/wp-content\/uploads\/2021\/01\/Aleger_HoloLens2_CLA_08_f-scaled.jpg\",\"width\":2560,\"height\":1706,\"caption\":\"Microsoft HoloLens 2\"},{\"@type\":\"BreadcrumbList\",\"@id\":\"https:\/\/alegerglobal.com\/cs\/shop-cs\/chytre-bryle\/hololens-2-2\/#breadcrumb\",\"itemListElement\":[{\"@type\":\"ListItem\",\"position\":1,\"name\":\"Home\",\"item\":\"https:\/\/alegerglobal.com\/cs\/novinka-domovska-stranka\/\"},{\"@type\":\"ListItem\",\"position\":2,\"name\":\"Produkty\",\"item\":\"https:\/\/alegerglobal.com\/cs\/produkty\/\"},{\"@type\":\"ListItem\",\"position\":3,\"name\":\"HoloLens 2, chytr\u00e9 br\u00fdle, zorn\u00e9 pole 50 stup\u0148\u016f, Windows Holographic\"}]},{\"@type\":\"WebSite\",\"@id\":\"https:\/\/alegerglobal.com\/cs\/#website\",\"url\":\"https:\/\/alegerglobal.com\/cs\/\",\"name\":\"ALEGER \u22c6 Augmented Reality\",\"description\":\"Die besten Augmented Reality (AR) L\u00f6sungen der Welt.\",\"publisher\":{\"@id\":\"https:\/\/alegerglobal.com\/cs\/#organization\"},\"potentialAction\":[{\"@type\":\"SearchAction\",\"target\":{\"@type\":\"EntryPoint\",\"urlTemplate\":\"https:\/\/alegerglobal.com\/cs\/?s={search_term_string}\"},\"query-input\":{\"@type\":\"PropertyValueSpecification\",\"valueRequired\":true,\"valueName\":\"search_term_string\"}}],\"inLanguage\":\"cs\"},{\"@type\":\"Organization\",\"@id\":\"https:\/\/alegerglobal.com\/cs\/#organization\",\"name\":\"ALEGER \u22c6 Augmented Reality\",\"url\":\"https:\/\/alegerglobal.com\/cs\/\",\"logo\":{\"@type\":\"ImageObject\",\"inLanguage\":\"cs\",\"@id\":\"https:\/\/alegerglobal.com\/cs\/#\/schema\/logo\/image\/\",\"url\":\"https:\/\/alegerglobal.com\/wp-content\/uploads\/2020\/12\/aleger-logo-quadrat.jpg\",\"contentUrl\":\"https:\/\/alegerglobal.com\/wp-content\/uploads\/2020\/12\/aleger-logo-quadrat.jpg\",\"width\":200,\"height\":176,\"caption\":\"ALEGER \u22c6 Augmented Reality\"},\"image\":{\"@id\":\"https:\/\/alegerglobal.com\/cs\/#\/schema\/logo\/image\/\"}}]}<\/script>\n<meta property=\"product:brand\" content=\"Microsoft\" \/>\n<meta property=\"product:price:amount\" content=\"3649.00\" \/>\n<meta property=\"product:price:currency\" content=\"EUR\" \/>\n<meta property=\"og:availability\" content=\"instock\" \/>\n<meta property=\"product:availability\" content=\"instock\" \/>\n<meta property=\"product:condition\" content=\"new\" \/>\n<!-- \/ Yoast SEO Premium plugin. -->","yoast_head_json":{"title":"Koupit Micrososft Hololens 2 \ud83e\udd7d - ALEGER \u22c6 Augmented Reality","description":"Kupte si Hololens 2 zde a zajist\u011bte si konkuren\u010dn\u00ed v\u00fdhody. Od digit\u00e1ln\u00edho in\u017een\u00fdrstv\u00ed po chytr\u00e9 budovy - Hololens posouvaj\u00ed va\u0161e podnik\u00e1n\u00ed vp\u0159ed.","robots":{"index":"index","follow":"follow","max-snippet":"max-snippet:-1","max-image-preview":"max-image-preview:large","max-video-preview":"max-video-preview:-1"},"og_locale":"cs_CZ","og_type":"article","og_title":"HoloLens 2, chytr\u00e9 br\u00fdle, zorn\u00e9 pole 50 stup\u0148\u016f, Windows Holographic","og_description":"Kupte si Hololens 2 zde a zajist\u011bte si konkuren\u010dn\u00ed v\u00fdhody. Od digit\u00e1ln\u00edho in\u017een\u00fdrstv\u00ed po chytr\u00e9 budovy - Hololens posouvaj\u00ed va\u0161e podnik\u00e1n\u00ed vp\u0159ed.","og_url":"https:\/\/alegerglobal.com\/cs\/shop-cs\/chytre-bryle\/hololens-2-2\/","og_site_name":"ALEGER \u22c6 Augmented Reality","og_image":[{"width":2560,"height":1706,"url":"https:\/\/alegerglobal.com\/wp-content\/uploads\/2021\/01\/Aleger_HoloLens2_CLA_08_f-scaled.jpg","type":"image\/jpeg"}],"twitter_card":"summary_large_image","twitter_misc":{"Cena":"&euro;3.649,00","Dostupnost":"Skladem"},"schema":{"@context":"https:\/\/schema.org","@graph":[{"@type":"WebPage","@id":"https:\/\/alegerglobal.com\/cs\/shop-cs\/chytre-bryle\/hololens-2-2\/","url":"https:\/\/alegerglobal.com\/cs\/shop-cs\/chytre-bryle\/hololens-2-2\/","name":"Koupit Micrososft Hololens 2 \ud83e\udd7d - ALEGER \u22c6 Augmented Reality","isPartOf":{"@id":"https:\/\/alegerglobal.com\/cs\/#website"},"primaryImageOfPage":{"@id":"https:\/\/alegerglobal.com\/cs\/shop-cs\/chytre-bryle\/hololens-2-2\/#primaryimage"},"image":{"@id":"https:\/\/alegerglobal.com\/cs\/shop-cs\/chytre-bryle\/hololens-2-2\/#primaryimage"},"thumbnailUrl":"https:\/\/alegerglobal.com\/wp-content\/uploads\/2021\/01\/Aleger_HoloLens2_CLA_08_f-scaled.jpg","datePublished":"2022-05-19T08:09:53+00:00","dateModified":"2022-05-19T08:09:53+00:00","description":"Kupte si Hololens 2 zde a zajist\u011bte si konkuren\u010dn\u00ed v\u00fdhody. Od digit\u00e1ln\u00edho in\u017een\u00fdrstv\u00ed po chytr\u00e9 budovy - Hololens posouvaj\u00ed va\u0161e podnik\u00e1n\u00ed vp\u0159ed.","breadcrumb":{"@id":"https:\/\/alegerglobal.com\/cs\/shop-cs\/chytre-bryle\/hololens-2-2\/#breadcrumb"},"inLanguage":"cs","potentialAction":[{"@type":"ReadAction","target":["https:\/\/alegerglobal.com\/cs\/shop-cs\/chytre-bryle\/hololens-2-2\/"]}]},{"@type":"ImageObject","inLanguage":"cs","@id":"https:\/\/alegerglobal.com\/cs\/shop-cs\/chytre-bryle\/hololens-2-2\/#primaryimage","url":"https:\/\/alegerglobal.com\/wp-content\/uploads\/2021\/01\/Aleger_HoloLens2_CLA_08_f-scaled.jpg","contentUrl":"https:\/\/alegerglobal.com\/wp-content\/uploads\/2021\/01\/Aleger_HoloLens2_CLA_08_f-scaled.jpg","width":2560,"height":1706,"caption":"Microsoft HoloLens 2"},{"@type":"BreadcrumbList","@id":"https:\/\/alegerglobal.com\/cs\/shop-cs\/chytre-bryle\/hololens-2-2\/#breadcrumb","itemListElement":[{"@type":"ListItem","position":1,"name":"Home","item":"https:\/\/alegerglobal.com\/cs\/novinka-domovska-stranka\/"},{"@type":"ListItem","position":2,"name":"Produkty","item":"https:\/\/alegerglobal.com\/cs\/produkty\/"},{"@type":"ListItem","position":3,"name":"HoloLens 2, chytr\u00e9 br\u00fdle, zorn\u00e9 pole 50 stup\u0148\u016f, Windows Holographic"}]},{"@type":"WebSite","@id":"https:\/\/alegerglobal.com\/cs\/#website","url":"https:\/\/alegerglobal.com\/cs\/","name":"ALEGER \u22c6 Augmented Reality","description":"Die besten Augmented Reality (AR) L\u00f6sungen der Welt.","publisher":{"@id":"https:\/\/alegerglobal.com\/cs\/#organization"},"potentialAction":[{"@type":"SearchAction","target":{"@type":"EntryPoint","urlTemplate":"https:\/\/alegerglobal.com\/cs\/?s={search_term_string}"},"query-input":{"@type":"PropertyValueSpecification","valueRequired":true,"valueName":"search_term_string"}}],"inLanguage":"cs"},{"@type":"Organization","@id":"https:\/\/alegerglobal.com\/cs\/#organization","name":"ALEGER \u22c6 Augmented Reality","url":"https:\/\/alegerglobal.com\/cs\/","logo":{"@type":"ImageObject","inLanguage":"cs","@id":"https:\/\/alegerglobal.com\/cs\/#\/schema\/logo\/image\/","url":"https:\/\/alegerglobal.com\/wp-content\/uploads\/2020\/12\/aleger-logo-quadrat.jpg","contentUrl":"https:\/\/alegerglobal.com\/wp-content\/uploads\/2020\/12\/aleger-logo-quadrat.jpg","width":200,"height":176,"caption":"ALEGER \u22c6 Augmented Reality"},"image":{"@id":"https:\/\/alegerglobal.com\/cs\/#\/schema\/logo\/image\/"}}]},"product_brand":"Microsoft","product_price_amount":"3649.00","product_price_currency":"EUR","og_availability":"instock","product_availability":"instock","product_condition":"new"},"_links":{"self":[{"href":"https:\/\/alegerglobal.com\/cs\/wp-json\/wp\/v2\/product\/35004","targetHints":{"allow":["GET"]}}],"collection":[{"href":"https:\/\/alegerglobal.com\/cs\/wp-json\/wp\/v2\/product"}],"about":[{"href":"https:\/\/alegerglobal.com\/cs\/wp-json\/wp\/v2\/types\/product"}],"replies":[{"embeddable":true,"href":"https:\/\/alegerglobal.com\/cs\/wp-json\/wp\/v2\/comments?post=35004"}],"version-history":[{"count":0,"href":"https:\/\/alegerglobal.com\/cs\/wp-json\/wp\/v2\/product\/35004\/revisions"}],"wp:featuredmedia":[{"embeddable":true,"href":"https:\/\/alegerglobal.com\/cs\/wp-json\/wp\/v2\/media\/12427"}],"wp:attachment":[{"href":"https:\/\/alegerglobal.com\/cs\/wp-json\/wp\/v2\/media?parent=35004"}],"wp:term":[{"taxonomy":"product_brand","embeddable":true,"href":"https:\/\/alegerglobal.com\/cs\/wp-json\/wp\/v2\/product_brand?post=35004"},{"taxonomy":"product_cat","embeddable":true,"href":"https:\/\/alegerglobal.com\/cs\/wp-json\/wp\/v2\/product_cat?post=35004"},{"taxonomy":"product_tag","embeddable":true,"href":"https:\/\/alegerglobal.com\/cs\/wp-json\/wp\/v2\/product_tag?post=35004"}],"curies":[{"name":"wp","href":"https:\/\/api.w.org\/{rel}","templated":true}]}}