{"id":35003,"date":"2022-01-11T04:50:54","date_gmt":"2022-05-19T08:09:52","guid":{"rendered":"https:\/\/alegerglobal.com\/nezarazene\/vuzix-m300xl-chytre-bryle-zorne-pole-167-stupne-kamera-10-mp-pamet-64-gb\/"},"modified":"2022-05-19T09:09:52","modified_gmt":"2022-05-19T08:09:52","slug":"vuzix-m300xl-2","status":"publish","type":"product","link":"https:\/\/alegerglobal.com\/cs\/shop-cs\/vuzix-m300xl-2\/","title":{"rendered":"Vuzix M300XL, chytr\u00e9 br\u00fdle, zorn\u00e9 pole 16,7 stupn\u011b, kamera 10 MP, pam\u011b\u0165 64 GB"},"content":{"rendered":"","protected":false},"excerpt":{"rendered":"<ul>\n<li style=\"font-weight: 400;\"><b>Pohodln\u00fd p\u0159\u00edstup k dat\u016fm:<\/b><span style=\"font-weight: 400;\"> 16,7stup\u0148ov\u00e9 zorn\u00e9 pole a ovl\u00e1d\u00e1n\u00ed hands-free<\/span><\/li>\n<li style=\"font-weight: 400;\"><b>Zachy\u0165te akci kdykoli:<\/b><span style=\"font-weight: 400;\"> 10 MP fotoapar\u00e1t pro fotografie a videa<\/span><\/li>\n<li style=\"font-weight: 400;\"><b>Zpracov\u00e1n\u00ed a ukl\u00e1d\u00e1n\u00ed dat:<\/b><span style=\"font-weight: 400;\"> v\u00fdkonn\u00fd procesor a 64 GB datov\u00e9 pam\u011bti<\/span><\/li>\n<li style=\"font-weight: 400;\"><b>Flexibiln\u00ed mo\u017enosti p\u0159ipojen\u00ed: <\/b><span style=\"font-weight: 400;\">voln\u00e9 porty USB pro p\u0159ipojen\u00ed extern\u00edch pam\u011b\u0165ov\u00fdch m\u00e9di\u00ed a dal\u0161\u00edch za\u0159\u00edzen\u00ed.<\/span><\/li>\n<li style=\"font-weight: 400;\"><b>Dlouh\u00e1 doba provozu:<\/b> Intern\u00ed baterie s dobou provozu 2 hodiny a extern\u00ed baterie s dobou provozu 6 hodin.<\/li>\n<\/ul>\n","protected":false},"featured_media":12438,"comment_status":"open","ping_status":"closed","template":"","meta":{"_acf_changed":false},"product_brand":[],"product_cat":[1515,1516],"product_tag":[],"class_list":{"0":"post-35003","1":"product","2":"type-product","3":"status-publish","4":"has-post-thumbnail","6":"product_cat-chytre-bryle","7":"product_cat-shop-cs","8":"pa_hersteller-vuzix-cs","10":"first","11":"instock","12":"taxable","13":"shipping-taxable","14":"purchasable","15":"product-type-simple"},"acf":[],"yoast_head":"<!-- This site is optimized with the Yoast SEO Premium plugin v20.10 (Yoast SEO v24.3) - https:\/\/yoast.com\/wordpress\/plugins\/seo\/ -->\n<title>Koupit Vuzix M300XL Smart Glasses zde - ALEGER \u22c6 Augmented Reality<\/title>\n<meta name=\"description\" content=\"Dlouh\u00e1 v\u00fddr\u017e baterie, \u0161irok\u00e9 zorn\u00e9 pole, velk\u00e1 pam\u011b\u0165 - zde je Vuzix M300XL pro aplikace roz\u0161\u00ed\u0159en\u00e9 reality v pr\u016fmyslu.\" \/>\n<meta name=\"robots\" content=\"index, follow, max-snippet:-1, max-image-preview:large, max-video-preview:-1\" \/>\n<meta property=\"og:locale\" content=\"cs_CZ\" \/>\n<meta property=\"og:type\" content=\"article\" \/>\n<meta property=\"og:title\" content=\"Vuzix M300XL, chytr\u00e9 br\u00fdle, zorn\u00e9 pole 16,7 stupn\u011b, kamera 10 MP, pam\u011b\u0165 64 GB\" \/>\n<meta property=\"og:description\" content=\"Dlouh\u00e1 v\u00fddr\u017e baterie, \u0161irok\u00e9 zorn\u00e9 pole, velk\u00e1 pam\u011b\u0165 - zde je Vuzix M300XL pro aplikace roz\u0161\u00ed\u0159en\u00e9 reality v pr\u016fmyslu.\" \/>\n<meta property=\"og:url\" content=\"https:\/\/alegerglobal.com\/cs\/shop-cs\/vuzix-m300xl-2\/\" \/>\n<meta property=\"og:site_name\" content=\"ALEGER \u22c6 Augmented Reality\" \/>\n<meta property=\"og:image\" content=\"https:\/\/alegerglobal.com\/wp-content\/uploads\/2021\/01\/m3000-7.png\" \/>\n\t<meta property=\"og:image:width\" content=\"800\" \/>\n\t<meta property=\"og:image:height\" content=\"800\" \/>\n\t<meta property=\"og:image:type\" content=\"image\/png\" \/>\n<meta name=\"twitter:card\" content=\"summary_large_image\" \/>\n<meta name=\"twitter:label1\" content=\"Cena\" \/>\n\t<meta name=\"twitter:data1\" content=\"&euro;1.580,00\" \/>\n\t<meta name=\"twitter:label2\" content=\"Dostupnost\" \/>\n\t<meta name=\"twitter:data2\" content=\"Skladem\" \/>\n<script type=\"application\/ld+json\" class=\"yoast-schema-graph\">{\"@context\":\"https:\/\/schema.org\",\"@graph\":[{\"@type\":\"WebPage\",\"@id\":\"https:\/\/alegerglobal.com\/cs\/shop-cs\/vuzix-m300xl-2\/\",\"url\":\"https:\/\/alegerglobal.com\/cs\/shop-cs\/vuzix-m300xl-2\/\",\"name\":\"Koupit Vuzix M300XL Smart Glasses zde - ALEGER \u22c6 Augmented Reality\",\"isPartOf\":{\"@id\":\"https:\/\/alegerglobal.com\/cs\/#website\"},\"primaryImageOfPage\":{\"@id\":\"https:\/\/alegerglobal.com\/cs\/shop-cs\/vuzix-m300xl-2\/#primaryimage\"},\"image\":{\"@id\":\"https:\/\/alegerglobal.com\/cs\/shop-cs\/vuzix-m300xl-2\/#primaryimage\"},\"thumbnailUrl\":\"https:\/\/alegerglobal.com\/wp-content\/uploads\/2021\/01\/m3000-7.png\",\"datePublished\":\"2022-05-19T08:09:52+00:00\",\"dateModified\":\"2022-05-19T08:09:52+00:00\",\"description\":\"Dlouh\u00e1 v\u00fddr\u017e baterie, \u0161irok\u00e9 zorn\u00e9 pole, velk\u00e1 pam\u011b\u0165 - zde je Vuzix M300XL pro aplikace roz\u0161\u00ed\u0159en\u00e9 reality v pr\u016fmyslu.\",\"breadcrumb\":{\"@id\":\"https:\/\/alegerglobal.com\/cs\/shop-cs\/vuzix-m300xl-2\/#breadcrumb\"},\"inLanguage\":\"cs\",\"potentialAction\":[{\"@type\":\"ReadAction\",\"target\":[\"https:\/\/alegerglobal.com\/cs\/shop-cs\/vuzix-m300xl-2\/\"]}]},{\"@type\":\"ImageObject\",\"inLanguage\":\"cs\",\"@id\":\"https:\/\/alegerglobal.com\/cs\/shop-cs\/vuzix-m300xl-2\/#primaryimage\",\"url\":\"https:\/\/alegerglobal.com\/wp-content\/uploads\/2021\/01\/m3000-7.png\",\"contentUrl\":\"https:\/\/alegerglobal.com\/wp-content\/uploads\/2021\/01\/m3000-7.png\",\"width\":800,\"height\":800,\"caption\":\"Vuzix M300XL\"},{\"@type\":\"BreadcrumbList\",\"@id\":\"https:\/\/alegerglobal.com\/cs\/shop-cs\/vuzix-m300xl-2\/#breadcrumb\",\"itemListElement\":[{\"@type\":\"ListItem\",\"position\":1,\"name\":\"Home\",\"item\":\"https:\/\/alegerglobal.com\/cs\/novinka-domovska-stranka\/\"},{\"@type\":\"ListItem\",\"position\":2,\"name\":\"Produkty\",\"item\":\"https:\/\/alegerglobal.com\/cs\/produkty\/\"},{\"@type\":\"ListItem\",\"position\":3,\"name\":\"Vuzix M300XL, chytr\u00e9 br\u00fdle, zorn\u00e9 pole 16,7 stupn\u011b, kamera 10 MP, pam\u011b\u0165 64 GB\"}]},{\"@type\":\"WebSite\",\"@id\":\"https:\/\/alegerglobal.com\/cs\/#website\",\"url\":\"https:\/\/alegerglobal.com\/cs\/\",\"name\":\"ALEGER \u22c6 Augmented Reality\",\"description\":\"Die besten Augmented Reality (AR) L\u00f6sungen der Welt.\",\"publisher\":{\"@id\":\"https:\/\/alegerglobal.com\/cs\/#organization\"},\"potentialAction\":[{\"@type\":\"SearchAction\",\"target\":{\"@type\":\"EntryPoint\",\"urlTemplate\":\"https:\/\/alegerglobal.com\/cs\/?s={search_term_string}\"},\"query-input\":{\"@type\":\"PropertyValueSpecification\",\"valueRequired\":true,\"valueName\":\"search_term_string\"}}],\"inLanguage\":\"cs\"},{\"@type\":\"Organization\",\"@id\":\"https:\/\/alegerglobal.com\/cs\/#organization\",\"name\":\"ALEGER \u22c6 Augmented Reality\",\"url\":\"https:\/\/alegerglobal.com\/cs\/\",\"logo\":{\"@type\":\"ImageObject\",\"inLanguage\":\"cs\",\"@id\":\"https:\/\/alegerglobal.com\/cs\/#\/schema\/logo\/image\/\",\"url\":\"https:\/\/alegerglobal.com\/wp-content\/uploads\/2020\/12\/aleger-logo-quadrat.jpg\",\"contentUrl\":\"https:\/\/alegerglobal.com\/wp-content\/uploads\/2020\/12\/aleger-logo-quadrat.jpg\",\"width\":200,\"height\":176,\"caption\":\"ALEGER \u22c6 Augmented Reality\"},\"image\":{\"@id\":\"https:\/\/alegerglobal.com\/cs\/#\/schema\/logo\/image\/\"}}]}<\/script>\n<meta property=\"product:brand\" content=\"Vuzix\" \/>\n<meta property=\"product:price:amount\" content=\"1580.00\" \/>\n<meta property=\"product:price:currency\" content=\"EUR\" \/>\n<meta property=\"og:availability\" content=\"instock\" \/>\n<meta property=\"product:availability\" content=\"instock\" \/>\n<meta property=\"product:condition\" content=\"new\" \/>\n<!-- \/ Yoast SEO Premium plugin. -->","yoast_head_json":{"title":"Koupit Vuzix M300XL Smart Glasses zde - ALEGER \u22c6 Augmented Reality","description":"Dlouh\u00e1 v\u00fddr\u017e baterie, \u0161irok\u00e9 zorn\u00e9 pole, velk\u00e1 pam\u011b\u0165 - zde je Vuzix M300XL pro aplikace roz\u0161\u00ed\u0159en\u00e9 reality v pr\u016fmyslu.","robots":{"index":"index","follow":"follow","max-snippet":"max-snippet:-1","max-image-preview":"max-image-preview:large","max-video-preview":"max-video-preview:-1"},"og_locale":"cs_CZ","og_type":"article","og_title":"Vuzix M300XL, chytr\u00e9 br\u00fdle, zorn\u00e9 pole 16,7 stupn\u011b, kamera 10 MP, pam\u011b\u0165 64 GB","og_description":"Dlouh\u00e1 v\u00fddr\u017e baterie, \u0161irok\u00e9 zorn\u00e9 pole, velk\u00e1 pam\u011b\u0165 - zde je Vuzix M300XL pro aplikace roz\u0161\u00ed\u0159en\u00e9 reality v pr\u016fmyslu.","og_url":"https:\/\/alegerglobal.com\/cs\/shop-cs\/vuzix-m300xl-2\/","og_site_name":"ALEGER \u22c6 Augmented Reality","og_image":[{"width":800,"height":800,"url":"https:\/\/alegerglobal.com\/wp-content\/uploads\/2021\/01\/m3000-7.png","type":"image\/png"}],"twitter_card":"summary_large_image","twitter_misc":{"Cena":"&euro;1.580,00","Dostupnost":"Skladem"},"schema":{"@context":"https:\/\/schema.org","@graph":[{"@type":"WebPage","@id":"https:\/\/alegerglobal.com\/cs\/shop-cs\/vuzix-m300xl-2\/","url":"https:\/\/alegerglobal.com\/cs\/shop-cs\/vuzix-m300xl-2\/","name":"Koupit Vuzix M300XL Smart Glasses zde - ALEGER \u22c6 Augmented Reality","isPartOf":{"@id":"https:\/\/alegerglobal.com\/cs\/#website"},"primaryImageOfPage":{"@id":"https:\/\/alegerglobal.com\/cs\/shop-cs\/vuzix-m300xl-2\/#primaryimage"},"image":{"@id":"https:\/\/alegerglobal.com\/cs\/shop-cs\/vuzix-m300xl-2\/#primaryimage"},"thumbnailUrl":"https:\/\/alegerglobal.com\/wp-content\/uploads\/2021\/01\/m3000-7.png","datePublished":"2022-05-19T08:09:52+00:00","dateModified":"2022-05-19T08:09:52+00:00","description":"Dlouh\u00e1 v\u00fddr\u017e baterie, \u0161irok\u00e9 zorn\u00e9 pole, velk\u00e1 pam\u011b\u0165 - zde je Vuzix M300XL pro aplikace roz\u0161\u00ed\u0159en\u00e9 reality v pr\u016fmyslu.","breadcrumb":{"@id":"https:\/\/alegerglobal.com\/cs\/shop-cs\/vuzix-m300xl-2\/#breadcrumb"},"inLanguage":"cs","potentialAction":[{"@type":"ReadAction","target":["https:\/\/alegerglobal.com\/cs\/shop-cs\/vuzix-m300xl-2\/"]}]},{"@type":"ImageObject","inLanguage":"cs","@id":"https:\/\/alegerglobal.com\/cs\/shop-cs\/vuzix-m300xl-2\/#primaryimage","url":"https:\/\/alegerglobal.com\/wp-content\/uploads\/2021\/01\/m3000-7.png","contentUrl":"https:\/\/alegerglobal.com\/wp-content\/uploads\/2021\/01\/m3000-7.png","width":800,"height":800,"caption":"Vuzix M300XL"},{"@type":"BreadcrumbList","@id":"https:\/\/alegerglobal.com\/cs\/shop-cs\/vuzix-m300xl-2\/#breadcrumb","itemListElement":[{"@type":"ListItem","position":1,"name":"Home","item":"https:\/\/alegerglobal.com\/cs\/novinka-domovska-stranka\/"},{"@type":"ListItem","position":2,"name":"Produkty","item":"https:\/\/alegerglobal.com\/cs\/produkty\/"},{"@type":"ListItem","position":3,"name":"Vuzix M300XL, chytr\u00e9 br\u00fdle, zorn\u00e9 pole 16,7 stupn\u011b, kamera 10 MP, pam\u011b\u0165 64 GB"}]},{"@type":"WebSite","@id":"https:\/\/alegerglobal.com\/cs\/#website","url":"https:\/\/alegerglobal.com\/cs\/","name":"ALEGER \u22c6 Augmented Reality","description":"Die besten Augmented Reality (AR) L\u00f6sungen der Welt.","publisher":{"@id":"https:\/\/alegerglobal.com\/cs\/#organization"},"potentialAction":[{"@type":"SearchAction","target":{"@type":"EntryPoint","urlTemplate":"https:\/\/alegerglobal.com\/cs\/?s={search_term_string}"},"query-input":{"@type":"PropertyValueSpecification","valueRequired":true,"valueName":"search_term_string"}}],"inLanguage":"cs"},{"@type":"Organization","@id":"https:\/\/alegerglobal.com\/cs\/#organization","name":"ALEGER \u22c6 Augmented Reality","url":"https:\/\/alegerglobal.com\/cs\/","logo":{"@type":"ImageObject","inLanguage":"cs","@id":"https:\/\/alegerglobal.com\/cs\/#\/schema\/logo\/image\/","url":"https:\/\/alegerglobal.com\/wp-content\/uploads\/2020\/12\/aleger-logo-quadrat.jpg","contentUrl":"https:\/\/alegerglobal.com\/wp-content\/uploads\/2020\/12\/aleger-logo-quadrat.jpg","width":200,"height":176,"caption":"ALEGER \u22c6 Augmented Reality"},"image":{"@id":"https:\/\/alegerglobal.com\/cs\/#\/schema\/logo\/image\/"}}]},"product_brand":"Vuzix","product_price_amount":"1580.00","product_price_currency":"EUR","og_availability":"instock","product_availability":"instock","product_condition":"new"},"_links":{"self":[{"href":"https:\/\/alegerglobal.com\/cs\/wp-json\/wp\/v2\/product\/35003","targetHints":{"allow":["GET"]}}],"collection":[{"href":"https:\/\/alegerglobal.com\/cs\/wp-json\/wp\/v2\/product"}],"about":[{"href":"https:\/\/alegerglobal.com\/cs\/wp-json\/wp\/v2\/types\/product"}],"replies":[{"embeddable":true,"href":"https:\/\/alegerglobal.com\/cs\/wp-json\/wp\/v2\/comments?post=35003"}],"version-history":[{"count":0,"href":"https:\/\/alegerglobal.com\/cs\/wp-json\/wp\/v2\/product\/35003\/revisions"}],"wp:featuredmedia":[{"embeddable":true,"href":"https:\/\/alegerglobal.com\/cs\/wp-json\/wp\/v2\/media\/12438"}],"wp:attachment":[{"href":"https:\/\/alegerglobal.com\/cs\/wp-json\/wp\/v2\/media?parent=35003"}],"wp:term":[{"taxonomy":"product_brand","embeddable":true,"href":"https:\/\/alegerglobal.com\/cs\/wp-json\/wp\/v2\/product_brand?post=35003"},{"taxonomy":"product_cat","embeddable":true,"href":"https:\/\/alegerglobal.com\/cs\/wp-json\/wp\/v2\/product_cat?post=35003"},{"taxonomy":"product_tag","embeddable":true,"href":"https:\/\/alegerglobal.com\/cs\/wp-json\/wp\/v2\/product_tag?post=35003"}],"curies":[{"name":"wp","href":"https:\/\/api.w.org\/{rel}","templated":true}]}}