{"id":35002,"date":"2021-03-12T03:00:41","date_gmt":"2022-05-19T08:09:50","guid":{"rendered":"https:\/\/alegerglobal.com\/nezarazene\/epson-moverio-bt-300-chytre-bryle-zorne-pole-23-stupnu-procesor-intel-atom-moveria-os\/"},"modified":"2022-05-19T09:09:50","modified_gmt":"2022-05-19T08:09:50","slug":"epson-moverio-tt-300","status":"publish","type":"product","link":"https:\/\/alegerglobal.com\/cs\/shop-cs\/epson-moverio-tt-300\/","title":{"rendered":"Epson Moverio BT-300, chytr\u00e9 br\u00fdle, zorn\u00e9 pole 23 stup\u0148\u016f, procesor Intel Atom, Moveria OS"},"content":{"rendered":"","protected":false},"excerpt":{"rendered":"<ul>\n<li style=\"font-weight: 400;\"><b>Rychl\u00fd p\u0159ehled o jak\u00e9koli situaci:<\/b><span style=\"font-weight: 400;\"> Displej OLED s 23stup\u0148ov\u00fdm zorn\u00fdm polem, rozli\u0161en\u00edm 720p a vysok\u00fdm kontrastem<\/span><\/li>\n<li style=\"font-weight: 400;\"><b>Pou\u017eit\u00ed n\u00e1ro\u010dn\u00fdch aplikac\u00ed:<\/b><span style=\"font-weight: 400;\"> V\u00fdkonn\u00fd procesor Intel Atom <\/span> <\/li>\n<li style=\"font-weight: 400;\"><b>P\u0159esn\u011b zachyt\u00ed i slo\u017eit\u00e9 situace:<\/b><span style=\"font-weight: 400;\"> Jeden displej na \u010do\u010dku pro p\u0159esnou detekci v\u00edce objekt\u016f v trojrozm\u011brn\u00e9m prostoru<\/span><\/li>\n<li style=\"font-weight: 400;\"><b>Po\u0159izujte trojrozm\u011brn\u00e9 sn\u00edmky bez pou\u017eit\u00ed rukou:<\/b><span style=\"font-weight: 400;\"> Integrovan\u00fd fotoapar\u00e1t s rozli\u0161en\u00edm 6 MP<\/span><\/li>\n<li style=\"font-weight: 400;\"><b>Aplikace na m\u00edru<\/b>: Velk\u00fd obchod s aplikacemi a otev\u0159en\u00e1 platforma s SDK pro v\u00fdvoj vlastn\u00edch aplikac\u00ed<\/li>\n<\/ul>\n","protected":false},"featured_media":12970,"comment_status":"open","ping_status":"closed","template":"","meta":{"_acf_changed":false},"product_brand":[],"product_cat":[1515,1516],"product_tag":[],"class_list":{"0":"post-35002","1":"product","2":"type-product","3":"status-publish","4":"has-post-thumbnail","6":"product_cat-chytre-bryle","7":"product_cat-shop-cs","8":"pa_hersteller-epson-cs","10":"first","11":"instock","12":"taxable","13":"shipping-taxable","14":"product-type-simple"},"acf":[],"yoast_head":"<!-- This site is optimized with the Yoast SEO Premium plugin v20.10 (Yoast SEO v24.3) - https:\/\/yoast.com\/wordpress\/plugins\/seo\/ -->\n<title>Koupit Epson Moverio BT-300 - ALEGER \u22c6 Augmented Reality<\/title>\n<meta name=\"description\" content=\"Multimedi\u00e1ln\u00ed br\u00fdle Epson Moverio BT-300 zaujmou v\u00fdkonn\u00fdm procesorem Intel, dlouhou v\u00fddr\u017e\u00ed baterie a velmi lehk\u00fdm designem.\" \/>\n<meta name=\"robots\" content=\"index, follow, max-snippet:-1, max-image-preview:large, max-video-preview:-1\" \/>\n<meta property=\"og:locale\" content=\"cs_CZ\" \/>\n<meta property=\"og:type\" content=\"article\" \/>\n<meta property=\"og:title\" content=\"Epson Moverio BT-300, chytr\u00e9 br\u00fdle, zorn\u00e9 pole 23 stup\u0148\u016f, procesor Intel Atom, Moveria OS\" \/>\n<meta property=\"og:description\" content=\"Multimedi\u00e1ln\u00ed br\u00fdle Epson Moverio BT-300 zaujmou v\u00fdkonn\u00fdm procesorem Intel, dlouhou v\u00fddr\u017e\u00ed baterie a velmi lehk\u00fdm designem.\" \/>\n<meta property=\"og:url\" content=\"https:\/\/alegerglobal.com\/cs\/shop-cs\/epson-moverio-tt-300\/\" \/>\n<meta property=\"og:site_name\" content=\"ALEGER \u22c6 Augmented Reality\" \/>\n<meta property=\"og:image\" content=\"https:\/\/alegerglobal.com\/wp-content\/uploads\/2021\/01\/Unbenannt-30.jpg\" \/>\n\t<meta property=\"og:image:width\" content=\"800\" \/>\n\t<meta property=\"og:image:height\" content=\"800\" \/>\n\t<meta property=\"og:image:type\" content=\"image\/jpeg\" \/>\n<meta name=\"twitter:card\" content=\"summary_large_image\" \/>\n<meta name=\"twitter:label1\" content=\"Cena\" \/>\n\t<meta name=\"twitter:data1\" content=\"\" \/>\n\t<meta name=\"twitter:label2\" content=\"Dostupnost\" \/>\n\t<meta name=\"twitter:data2\" content=\"Skladem\" \/>\n<script type=\"application\/ld+json\" class=\"yoast-schema-graph\">{\"@context\":\"https:\/\/schema.org\",\"@graph\":[{\"@type\":\"WebPage\",\"@id\":\"https:\/\/alegerglobal.com\/cs\/shop-cs\/epson-moverio-tt-300\/\",\"url\":\"https:\/\/alegerglobal.com\/cs\/shop-cs\/epson-moverio-tt-300\/\",\"name\":\"Koupit Epson Moverio BT-300 - ALEGER \u22c6 Augmented Reality\",\"isPartOf\":{\"@id\":\"https:\/\/alegerglobal.com\/cs\/#website\"},\"primaryImageOfPage\":{\"@id\":\"https:\/\/alegerglobal.com\/cs\/shop-cs\/epson-moverio-tt-300\/#primaryimage\"},\"image\":{\"@id\":\"https:\/\/alegerglobal.com\/cs\/shop-cs\/epson-moverio-tt-300\/#primaryimage\"},\"thumbnailUrl\":\"https:\/\/alegerglobal.com\/wp-content\/uploads\/2021\/01\/Unbenannt-30.jpg\",\"datePublished\":\"2022-05-19T08:09:50+00:00\",\"dateModified\":\"2022-05-19T08:09:50+00:00\",\"description\":\"Multimedi\u00e1ln\u00ed br\u00fdle Epson Moverio BT-300 zaujmou v\u00fdkonn\u00fdm procesorem Intel, dlouhou v\u00fddr\u017e\u00ed baterie a velmi lehk\u00fdm designem.\",\"breadcrumb\":{\"@id\":\"https:\/\/alegerglobal.com\/cs\/shop-cs\/epson-moverio-tt-300\/#breadcrumb\"},\"inLanguage\":\"cs\",\"potentialAction\":[{\"@type\":\"ReadAction\",\"target\":[\"https:\/\/alegerglobal.com\/cs\/shop-cs\/epson-moverio-tt-300\/\"]}]},{\"@type\":\"ImageObject\",\"inLanguage\":\"cs\",\"@id\":\"https:\/\/alegerglobal.com\/cs\/shop-cs\/epson-moverio-tt-300\/#primaryimage\",\"url\":\"https:\/\/alegerglobal.com\/wp-content\/uploads\/2021\/01\/Unbenannt-30.jpg\",\"contentUrl\":\"https:\/\/alegerglobal.com\/wp-content\/uploads\/2021\/01\/Unbenannt-30.jpg\",\"width\":800,\"height\":800,\"caption\":\"Epson Moverio BT-300\"},{\"@type\":\"BreadcrumbList\",\"@id\":\"https:\/\/alegerglobal.com\/cs\/shop-cs\/epson-moverio-tt-300\/#breadcrumb\",\"itemListElement\":[{\"@type\":\"ListItem\",\"position\":1,\"name\":\"Home\",\"item\":\"https:\/\/alegerglobal.com\/cs\/novinka-domovska-stranka\/\"},{\"@type\":\"ListItem\",\"position\":2,\"name\":\"Produkty\",\"item\":\"https:\/\/alegerglobal.com\/cs\/produkty\/\"},{\"@type\":\"ListItem\",\"position\":3,\"name\":\"Epson Moverio BT-300, chytr\u00e9 br\u00fdle, zorn\u00e9 pole 23 stup\u0148\u016f, procesor Intel Atom, Moveria OS\"}]},{\"@type\":\"WebSite\",\"@id\":\"https:\/\/alegerglobal.com\/cs\/#website\",\"url\":\"https:\/\/alegerglobal.com\/cs\/\",\"name\":\"ALEGER \u22c6 Augmented Reality\",\"description\":\"Die besten Augmented Reality (AR) L\u00f6sungen der Welt.\",\"publisher\":{\"@id\":\"https:\/\/alegerglobal.com\/cs\/#organization\"},\"potentialAction\":[{\"@type\":\"SearchAction\",\"target\":{\"@type\":\"EntryPoint\",\"urlTemplate\":\"https:\/\/alegerglobal.com\/cs\/?s={search_term_string}\"},\"query-input\":{\"@type\":\"PropertyValueSpecification\",\"valueRequired\":true,\"valueName\":\"search_term_string\"}}],\"inLanguage\":\"cs\"},{\"@type\":\"Organization\",\"@id\":\"https:\/\/alegerglobal.com\/cs\/#organization\",\"name\":\"ALEGER \u22c6 Augmented Reality\",\"url\":\"https:\/\/alegerglobal.com\/cs\/\",\"logo\":{\"@type\":\"ImageObject\",\"inLanguage\":\"cs\",\"@id\":\"https:\/\/alegerglobal.com\/cs\/#\/schema\/logo\/image\/\",\"url\":\"https:\/\/alegerglobal.com\/wp-content\/uploads\/2020\/12\/aleger-logo-quadrat.jpg\",\"contentUrl\":\"https:\/\/alegerglobal.com\/wp-content\/uploads\/2020\/12\/aleger-logo-quadrat.jpg\",\"width\":200,\"height\":176,\"caption\":\"ALEGER \u22c6 Augmented Reality\"},\"image\":{\"@id\":\"https:\/\/alegerglobal.com\/cs\/#\/schema\/logo\/image\/\"}}]}<\/script>\n<meta property=\"product:brand\" content=\"Epson\" \/>\n<meta property=\"product:price:amount\" content=\"0.00\" \/>\n<meta property=\"product:price:currency\" content=\"EUR\" \/>\n<meta property=\"og:availability\" content=\"instock\" \/>\n<meta property=\"product:availability\" content=\"instock\" \/>\n<meta property=\"product:condition\" content=\"new\" \/>\n<!-- \/ Yoast SEO Premium plugin. -->","yoast_head_json":{"title":"Koupit Epson Moverio BT-300 - ALEGER \u22c6 Augmented Reality","description":"Multimedi\u00e1ln\u00ed br\u00fdle Epson Moverio BT-300 zaujmou v\u00fdkonn\u00fdm procesorem Intel, dlouhou v\u00fddr\u017e\u00ed baterie a velmi lehk\u00fdm designem.","robots":{"index":"index","follow":"follow","max-snippet":"max-snippet:-1","max-image-preview":"max-image-preview:large","max-video-preview":"max-video-preview:-1"},"og_locale":"cs_CZ","og_type":"article","og_title":"Epson Moverio BT-300, chytr\u00e9 br\u00fdle, zorn\u00e9 pole 23 stup\u0148\u016f, procesor Intel Atom, Moveria OS","og_description":"Multimedi\u00e1ln\u00ed br\u00fdle Epson Moverio BT-300 zaujmou v\u00fdkonn\u00fdm procesorem Intel, dlouhou v\u00fddr\u017e\u00ed baterie a velmi lehk\u00fdm designem.","og_url":"https:\/\/alegerglobal.com\/cs\/shop-cs\/epson-moverio-tt-300\/","og_site_name":"ALEGER \u22c6 Augmented Reality","og_image":[{"width":800,"height":800,"url":"https:\/\/alegerglobal.com\/wp-content\/uploads\/2021\/01\/Unbenannt-30.jpg","type":"image\/jpeg"}],"twitter_card":"summary_large_image","twitter_misc":{"Cena":"","Dostupnost":"Skladem"},"schema":{"@context":"https:\/\/schema.org","@graph":[{"@type":"WebPage","@id":"https:\/\/alegerglobal.com\/cs\/shop-cs\/epson-moverio-tt-300\/","url":"https:\/\/alegerglobal.com\/cs\/shop-cs\/epson-moverio-tt-300\/","name":"Koupit Epson Moverio BT-300 - ALEGER \u22c6 Augmented Reality","isPartOf":{"@id":"https:\/\/alegerglobal.com\/cs\/#website"},"primaryImageOfPage":{"@id":"https:\/\/alegerglobal.com\/cs\/shop-cs\/epson-moverio-tt-300\/#primaryimage"},"image":{"@id":"https:\/\/alegerglobal.com\/cs\/shop-cs\/epson-moverio-tt-300\/#primaryimage"},"thumbnailUrl":"https:\/\/alegerglobal.com\/wp-content\/uploads\/2021\/01\/Unbenannt-30.jpg","datePublished":"2022-05-19T08:09:50+00:00","dateModified":"2022-05-19T08:09:50+00:00","description":"Multimedi\u00e1ln\u00ed br\u00fdle Epson Moverio BT-300 zaujmou v\u00fdkonn\u00fdm procesorem Intel, dlouhou v\u00fddr\u017e\u00ed baterie a velmi lehk\u00fdm designem.","breadcrumb":{"@id":"https:\/\/alegerglobal.com\/cs\/shop-cs\/epson-moverio-tt-300\/#breadcrumb"},"inLanguage":"cs","potentialAction":[{"@type":"ReadAction","target":["https:\/\/alegerglobal.com\/cs\/shop-cs\/epson-moverio-tt-300\/"]}]},{"@type":"ImageObject","inLanguage":"cs","@id":"https:\/\/alegerglobal.com\/cs\/shop-cs\/epson-moverio-tt-300\/#primaryimage","url":"https:\/\/alegerglobal.com\/wp-content\/uploads\/2021\/01\/Unbenannt-30.jpg","contentUrl":"https:\/\/alegerglobal.com\/wp-content\/uploads\/2021\/01\/Unbenannt-30.jpg","width":800,"height":800,"caption":"Epson Moverio BT-300"},{"@type":"BreadcrumbList","@id":"https:\/\/alegerglobal.com\/cs\/shop-cs\/epson-moverio-tt-300\/#breadcrumb","itemListElement":[{"@type":"ListItem","position":1,"name":"Home","item":"https:\/\/alegerglobal.com\/cs\/novinka-domovska-stranka\/"},{"@type":"ListItem","position":2,"name":"Produkty","item":"https:\/\/alegerglobal.com\/cs\/produkty\/"},{"@type":"ListItem","position":3,"name":"Epson Moverio BT-300, chytr\u00e9 br\u00fdle, zorn\u00e9 pole 23 stup\u0148\u016f, procesor Intel Atom, Moveria OS"}]},{"@type":"WebSite","@id":"https:\/\/alegerglobal.com\/cs\/#website","url":"https:\/\/alegerglobal.com\/cs\/","name":"ALEGER \u22c6 Augmented Reality","description":"Die besten Augmented Reality (AR) L\u00f6sungen der Welt.","publisher":{"@id":"https:\/\/alegerglobal.com\/cs\/#organization"},"potentialAction":[{"@type":"SearchAction","target":{"@type":"EntryPoint","urlTemplate":"https:\/\/alegerglobal.com\/cs\/?s={search_term_string}"},"query-input":{"@type":"PropertyValueSpecification","valueRequired":true,"valueName":"search_term_string"}}],"inLanguage":"cs"},{"@type":"Organization","@id":"https:\/\/alegerglobal.com\/cs\/#organization","name":"ALEGER \u22c6 Augmented Reality","url":"https:\/\/alegerglobal.com\/cs\/","logo":{"@type":"ImageObject","inLanguage":"cs","@id":"https:\/\/alegerglobal.com\/cs\/#\/schema\/logo\/image\/","url":"https:\/\/alegerglobal.com\/wp-content\/uploads\/2020\/12\/aleger-logo-quadrat.jpg","contentUrl":"https:\/\/alegerglobal.com\/wp-content\/uploads\/2020\/12\/aleger-logo-quadrat.jpg","width":200,"height":176,"caption":"ALEGER \u22c6 Augmented Reality"},"image":{"@id":"https:\/\/alegerglobal.com\/cs\/#\/schema\/logo\/image\/"}}]},"product_brand":"Epson","product_price_amount":"0.00","product_price_currency":"EUR","og_availability":"instock","product_availability":"instock","product_condition":"new"},"_links":{"self":[{"href":"https:\/\/alegerglobal.com\/cs\/wp-json\/wp\/v2\/product\/35002","targetHints":{"allow":["GET"]}}],"collection":[{"href":"https:\/\/alegerglobal.com\/cs\/wp-json\/wp\/v2\/product"}],"about":[{"href":"https:\/\/alegerglobal.com\/cs\/wp-json\/wp\/v2\/types\/product"}],"replies":[{"embeddable":true,"href":"https:\/\/alegerglobal.com\/cs\/wp-json\/wp\/v2\/comments?post=35002"}],"version-history":[{"count":0,"href":"https:\/\/alegerglobal.com\/cs\/wp-json\/wp\/v2\/product\/35002\/revisions"}],"wp:featuredmedia":[{"embeddable":true,"href":"https:\/\/alegerglobal.com\/cs\/wp-json\/wp\/v2\/media\/12970"}],"wp:attachment":[{"href":"https:\/\/alegerglobal.com\/cs\/wp-json\/wp\/v2\/media?parent=35002"}],"wp:term":[{"taxonomy":"product_brand","embeddable":true,"href":"https:\/\/alegerglobal.com\/cs\/wp-json\/wp\/v2\/product_brand?post=35002"},{"taxonomy":"product_cat","embeddable":true,"href":"https:\/\/alegerglobal.com\/cs\/wp-json\/wp\/v2\/product_cat?post=35002"},{"taxonomy":"product_tag","embeddable":true,"href":"https:\/\/alegerglobal.com\/cs\/wp-json\/wp\/v2\/product_tag?post=35002"}],"curies":[{"name":"wp","href":"https:\/\/api.w.org\/{rel}","templated":true}]}}