{"id":35001,"date":"2021-11-12T17:00:57","date_gmt":"2022-05-19T08:09:50","guid":{"rendered":"https:\/\/alegerglobal.com\/nezarazene\/trimble-xr10-hololens-2-snapdragon-850-4-gb-ram-hands-free-ovladani-43-zorne-pole\/"},"modified":"2022-05-19T09:09:50","modified_gmt":"2022-05-19T08:09:50","slug":"trimble-xr10-2","status":"publish","type":"product","link":"https:\/\/alegerglobal.com\/cs\/shop-cs\/chytre-bryle\/trimble-xr10-2\/","title":{"rendered":"Trimble XR10 Hololens 2, Snapdragon 850, 4 GB RAM, hands-free ovl\u00e1d\u00e1n\u00ed, 43\u00b0 zorn\u00e9 pole"},"content":{"rendered":"","protected":false},"excerpt":{"rendered":"<ul>\n<li><b>\u0160irok\u00e9 zorn\u00e9 pole:<\/b><span style=\"font-weight: 400;\"> Zorn\u00e9 pole 43 stup\u0148\u016f pro maxim\u00e1ln\u00ed p\u0159ehled<\/span><\/li>\n<li><b>Bezpe\u010dnost:<\/b><span style=\"font-weight: 400;\"> Ochrann\u00e1 p\u0159ilba pro pr\u00e1ci v nebezpe\u010dn\u00e9m a bezpe\u010dnostn\u011b regulovan\u00e9m prost\u0159ed\u00ed<\/span><\/li>\n<li><b>Ovl\u00e1d\u00e1n\u00ed bez pou\u017eit\u00ed rukou:<\/b><span style=\"font-weight: 400;\"> Intuitivn\u00ed ovl\u00e1d\u00e1n\u00ed rukou a o\u010dima d\u00edky modern\u00edm senzor\u016fm<\/span><\/li>\n<li><b>Modern\u00ed hardware:<\/b><span style=\"font-weight: 400;\"> Hololens 2 s procesorem Snapdragon 850 a 4 GB RAM<\/span><\/li>\n<li><b>Plynul\u00e1 komunikace v prost\u0159ed\u00ed s vysokou hladinou hluku:<\/b><span style=\"font-weight: 400;\"> soustava 5 mikrofon\u016f a zvukov\u00e1 hlava na kosti<\/span><\/li>\n<\/ul>\n","protected":false},"featured_media":13241,"comment_status":"open","ping_status":"closed","template":"","meta":{"_acf_changed":false},"product_brand":[],"product_cat":[1515,1516],"product_tag":[],"class_list":{"0":"post-35001","1":"product","2":"type-product","3":"status-publish","4":"has-post-thumbnail","6":"product_cat-chytre-bryle","7":"product_cat-shop-cs","8":"pa_hersteller-microsoft-cs","10":"first","11":"instock","12":"taxable","13":"shipping-taxable","14":"product-type-simple"},"acf":[],"yoast_head":"<!-- This site is optimized with the Yoast SEO Premium plugin v20.10 (Yoast SEO v24.3) - https:\/\/yoast.com\/wordpress\/plugins\/seo\/ -->\n<title>Zde Trimble XR10 Hololens 2 koupit sep ALEGER \u22c6 Augmented Reality<\/title>\n<meta name=\"description\" content=\"Trimble XR10 s Hololens 2 od spole\u010dnosti Microsoft kombinuje vysoce kvalitn\u00ed chytr\u00e9 br\u00fdle s pohodlnou bezpe\u010dnostn\u00ed p\u0159ilbou. Objevte produkt zde.\" \/>\n<meta name=\"robots\" content=\"index, follow, max-snippet:-1, max-image-preview:large, max-video-preview:-1\" \/>\n<meta property=\"og:locale\" content=\"cs_CZ\" \/>\n<meta property=\"og:type\" content=\"article\" \/>\n<meta property=\"og:title\" content=\"Trimble XR10 Hololens 2, Snapdragon 850, 4 GB RAM, hands-free ovl\u00e1d\u00e1n\u00ed, 43\u00b0 zorn\u00e9 pole\" \/>\n<meta property=\"og:description\" content=\"Trimble XR10 s Hololens 2 od spole\u010dnosti Microsoft kombinuje vysoce kvalitn\u00ed chytr\u00e9 br\u00fdle s pohodlnou bezpe\u010dnostn\u00ed p\u0159ilbou. Objevte produkt zde.\" \/>\n<meta property=\"og:url\" content=\"https:\/\/alegerglobal.com\/cs\/shop-cs\/chytre-bryle\/trimble-xr10-2\/\" \/>\n<meta property=\"og:site_name\" content=\"ALEGER \u22c6 Augmented Reality\" \/>\n<meta property=\"og:image\" content=\"https:\/\/alegerglobal.com\/wp-content\/uploads\/2021\/11\/BuildingPoint-NOW-Trimble-XR-10.png\" \/>\n\t<meta property=\"og:image:width\" content=\"800\" \/>\n\t<meta property=\"og:image:height\" content=\"800\" \/>\n\t<meta property=\"og:image:type\" content=\"image\/png\" \/>\n<meta name=\"twitter:card\" content=\"summary_large_image\" \/>\n<meta name=\"twitter:label1\" content=\"Cena\" \/>\n\t<meta name=\"twitter:data1\" content=\"\" \/>\n\t<meta name=\"twitter:label2\" content=\"Dostupnost\" \/>\n\t<meta name=\"twitter:data2\" content=\"Skladem\" \/>\n<script type=\"application\/ld+json\" class=\"yoast-schema-graph\">{\"@context\":\"https:\/\/schema.org\",\"@graph\":[{\"@type\":\"WebPage\",\"@id\":\"https:\/\/alegerglobal.com\/cs\/shop-cs\/chytre-bryle\/trimble-xr10-2\/\",\"url\":\"https:\/\/alegerglobal.com\/cs\/shop-cs\/chytre-bryle\/trimble-xr10-2\/\",\"name\":\"Zde Trimble XR10 Hololens 2 koupit sep ALEGER \u22c6 Augmented Reality\",\"isPartOf\":{\"@id\":\"https:\/\/alegerglobal.com\/cs\/#website\"},\"primaryImageOfPage\":{\"@id\":\"https:\/\/alegerglobal.com\/cs\/shop-cs\/chytre-bryle\/trimble-xr10-2\/#primaryimage\"},\"image\":{\"@id\":\"https:\/\/alegerglobal.com\/cs\/shop-cs\/chytre-bryle\/trimble-xr10-2\/#primaryimage\"},\"thumbnailUrl\":\"https:\/\/alegerglobal.com\/wp-content\/uploads\/2021\/11\/BuildingPoint-NOW-Trimble-XR-10.png\",\"datePublished\":\"2022-05-19T08:09:50+00:00\",\"dateModified\":\"2022-05-19T08:09:50+00:00\",\"description\":\"Trimble XR10 s Hololens 2 od spole\u010dnosti Microsoft kombinuje vysoce kvalitn\u00ed chytr\u00e9 br\u00fdle s pohodlnou bezpe\u010dnostn\u00ed p\u0159ilbou. Objevte produkt zde.\",\"breadcrumb\":{\"@id\":\"https:\/\/alegerglobal.com\/cs\/shop-cs\/chytre-bryle\/trimble-xr10-2\/#breadcrumb\"},\"inLanguage\":\"cs\",\"potentialAction\":[{\"@type\":\"ReadAction\",\"target\":[\"https:\/\/alegerglobal.com\/cs\/shop-cs\/chytre-bryle\/trimble-xr10-2\/\"]}]},{\"@type\":\"ImageObject\",\"inLanguage\":\"cs\",\"@id\":\"https:\/\/alegerglobal.com\/cs\/shop-cs\/chytre-bryle\/trimble-xr10-2\/#primaryimage\",\"url\":\"https:\/\/alegerglobal.com\/wp-content\/uploads\/2021\/11\/BuildingPoint-NOW-Trimble-XR-10.png\",\"contentUrl\":\"https:\/\/alegerglobal.com\/wp-content\/uploads\/2021\/11\/BuildingPoint-NOW-Trimble-XR-10.png\",\"width\":800,\"height\":800},{\"@type\":\"BreadcrumbList\",\"@id\":\"https:\/\/alegerglobal.com\/cs\/shop-cs\/chytre-bryle\/trimble-xr10-2\/#breadcrumb\",\"itemListElement\":[{\"@type\":\"ListItem\",\"position\":1,\"name\":\"Home\",\"item\":\"https:\/\/alegerglobal.com\/cs\/novinka-domovska-stranka\/\"},{\"@type\":\"ListItem\",\"position\":2,\"name\":\"Produkty\",\"item\":\"https:\/\/alegerglobal.com\/cs\/produkty\/\"},{\"@type\":\"ListItem\",\"position\":3,\"name\":\"Trimble XR10 Hololens 2, Snapdragon 850, 4 GB RAM, hands-free ovl\u00e1d\u00e1n\u00ed, 43\u00b0 zorn\u00e9 pole\"}]},{\"@type\":\"WebSite\",\"@id\":\"https:\/\/alegerglobal.com\/cs\/#website\",\"url\":\"https:\/\/alegerglobal.com\/cs\/\",\"name\":\"ALEGER \u22c6 Augmented Reality\",\"description\":\"Die besten Augmented Reality (AR) L\u00f6sungen der Welt.\",\"publisher\":{\"@id\":\"https:\/\/alegerglobal.com\/cs\/#organization\"},\"potentialAction\":[{\"@type\":\"SearchAction\",\"target\":{\"@type\":\"EntryPoint\",\"urlTemplate\":\"https:\/\/alegerglobal.com\/cs\/?s={search_term_string}\"},\"query-input\":{\"@type\":\"PropertyValueSpecification\",\"valueRequired\":true,\"valueName\":\"search_term_string\"}}],\"inLanguage\":\"cs\"},{\"@type\":\"Organization\",\"@id\":\"https:\/\/alegerglobal.com\/cs\/#organization\",\"name\":\"ALEGER \u22c6 Augmented Reality\",\"url\":\"https:\/\/alegerglobal.com\/cs\/\",\"logo\":{\"@type\":\"ImageObject\",\"inLanguage\":\"cs\",\"@id\":\"https:\/\/alegerglobal.com\/cs\/#\/schema\/logo\/image\/\",\"url\":\"https:\/\/alegerglobal.com\/wp-content\/uploads\/2020\/12\/aleger-logo-quadrat.jpg\",\"contentUrl\":\"https:\/\/alegerglobal.com\/wp-content\/uploads\/2020\/12\/aleger-logo-quadrat.jpg\",\"width\":200,\"height\":176,\"caption\":\"ALEGER \u22c6 Augmented Reality\"},\"image\":{\"@id\":\"https:\/\/alegerglobal.com\/cs\/#\/schema\/logo\/image\/\"}}]}<\/script>\n<meta property=\"product:brand\" content=\"Microsoft\" \/>\n<meta property=\"product:price:amount\" content=\"0.00\" \/>\n<meta property=\"product:price:currency\" content=\"EUR\" \/>\n<meta property=\"og:availability\" content=\"instock\" \/>\n<meta property=\"product:availability\" content=\"instock\" \/>\n<meta property=\"product:condition\" content=\"new\" \/>\n<!-- \/ Yoast SEO Premium plugin. -->","yoast_head_json":{"title":"Zde Trimble XR10 Hololens 2 koupit sep ALEGER \u22c6 Augmented Reality","description":"Trimble XR10 s Hololens 2 od spole\u010dnosti Microsoft kombinuje vysoce kvalitn\u00ed chytr\u00e9 br\u00fdle s pohodlnou bezpe\u010dnostn\u00ed p\u0159ilbou. Objevte produkt zde.","robots":{"index":"index","follow":"follow","max-snippet":"max-snippet:-1","max-image-preview":"max-image-preview:large","max-video-preview":"max-video-preview:-1"},"og_locale":"cs_CZ","og_type":"article","og_title":"Trimble XR10 Hololens 2, Snapdragon 850, 4 GB RAM, hands-free ovl\u00e1d\u00e1n\u00ed, 43\u00b0 zorn\u00e9 pole","og_description":"Trimble XR10 s Hololens 2 od spole\u010dnosti Microsoft kombinuje vysoce kvalitn\u00ed chytr\u00e9 br\u00fdle s pohodlnou bezpe\u010dnostn\u00ed p\u0159ilbou. Objevte produkt zde.","og_url":"https:\/\/alegerglobal.com\/cs\/shop-cs\/chytre-bryle\/trimble-xr10-2\/","og_site_name":"ALEGER \u22c6 Augmented Reality","og_image":[{"width":800,"height":800,"url":"https:\/\/alegerglobal.com\/wp-content\/uploads\/2021\/11\/BuildingPoint-NOW-Trimble-XR-10.png","type":"image\/png"}],"twitter_card":"summary_large_image","twitter_misc":{"Cena":"","Dostupnost":"Skladem"},"schema":{"@context":"https:\/\/schema.org","@graph":[{"@type":"WebPage","@id":"https:\/\/alegerglobal.com\/cs\/shop-cs\/chytre-bryle\/trimble-xr10-2\/","url":"https:\/\/alegerglobal.com\/cs\/shop-cs\/chytre-bryle\/trimble-xr10-2\/","name":"Zde Trimble XR10 Hololens 2 koupit sep ALEGER \u22c6 Augmented Reality","isPartOf":{"@id":"https:\/\/alegerglobal.com\/cs\/#website"},"primaryImageOfPage":{"@id":"https:\/\/alegerglobal.com\/cs\/shop-cs\/chytre-bryle\/trimble-xr10-2\/#primaryimage"},"image":{"@id":"https:\/\/alegerglobal.com\/cs\/shop-cs\/chytre-bryle\/trimble-xr10-2\/#primaryimage"},"thumbnailUrl":"https:\/\/alegerglobal.com\/wp-content\/uploads\/2021\/11\/BuildingPoint-NOW-Trimble-XR-10.png","datePublished":"2022-05-19T08:09:50+00:00","dateModified":"2022-05-19T08:09:50+00:00","description":"Trimble XR10 s Hololens 2 od spole\u010dnosti Microsoft kombinuje vysoce kvalitn\u00ed chytr\u00e9 br\u00fdle s pohodlnou bezpe\u010dnostn\u00ed p\u0159ilbou. Objevte produkt zde.","breadcrumb":{"@id":"https:\/\/alegerglobal.com\/cs\/shop-cs\/chytre-bryle\/trimble-xr10-2\/#breadcrumb"},"inLanguage":"cs","potentialAction":[{"@type":"ReadAction","target":["https:\/\/alegerglobal.com\/cs\/shop-cs\/chytre-bryle\/trimble-xr10-2\/"]}]},{"@type":"ImageObject","inLanguage":"cs","@id":"https:\/\/alegerglobal.com\/cs\/shop-cs\/chytre-bryle\/trimble-xr10-2\/#primaryimage","url":"https:\/\/alegerglobal.com\/wp-content\/uploads\/2021\/11\/BuildingPoint-NOW-Trimble-XR-10.png","contentUrl":"https:\/\/alegerglobal.com\/wp-content\/uploads\/2021\/11\/BuildingPoint-NOW-Trimble-XR-10.png","width":800,"height":800},{"@type":"BreadcrumbList","@id":"https:\/\/alegerglobal.com\/cs\/shop-cs\/chytre-bryle\/trimble-xr10-2\/#breadcrumb","itemListElement":[{"@type":"ListItem","position":1,"name":"Home","item":"https:\/\/alegerglobal.com\/cs\/novinka-domovska-stranka\/"},{"@type":"ListItem","position":2,"name":"Produkty","item":"https:\/\/alegerglobal.com\/cs\/produkty\/"},{"@type":"ListItem","position":3,"name":"Trimble XR10 Hololens 2, Snapdragon 850, 4 GB RAM, hands-free ovl\u00e1d\u00e1n\u00ed, 43\u00b0 zorn\u00e9 pole"}]},{"@type":"WebSite","@id":"https:\/\/alegerglobal.com\/cs\/#website","url":"https:\/\/alegerglobal.com\/cs\/","name":"ALEGER \u22c6 Augmented Reality","description":"Die besten Augmented Reality (AR) L\u00f6sungen der Welt.","publisher":{"@id":"https:\/\/alegerglobal.com\/cs\/#organization"},"potentialAction":[{"@type":"SearchAction","target":{"@type":"EntryPoint","urlTemplate":"https:\/\/alegerglobal.com\/cs\/?s={search_term_string}"},"query-input":{"@type":"PropertyValueSpecification","valueRequired":true,"valueName":"search_term_string"}}],"inLanguage":"cs"},{"@type":"Organization","@id":"https:\/\/alegerglobal.com\/cs\/#organization","name":"ALEGER \u22c6 Augmented Reality","url":"https:\/\/alegerglobal.com\/cs\/","logo":{"@type":"ImageObject","inLanguage":"cs","@id":"https:\/\/alegerglobal.com\/cs\/#\/schema\/logo\/image\/","url":"https:\/\/alegerglobal.com\/wp-content\/uploads\/2020\/12\/aleger-logo-quadrat.jpg","contentUrl":"https:\/\/alegerglobal.com\/wp-content\/uploads\/2020\/12\/aleger-logo-quadrat.jpg","width":200,"height":176,"caption":"ALEGER \u22c6 Augmented Reality"},"image":{"@id":"https:\/\/alegerglobal.com\/cs\/#\/schema\/logo\/image\/"}}]},"product_brand":"Microsoft","product_price_amount":"0.00","product_price_currency":"EUR","og_availability":"instock","product_availability":"instock","product_condition":"new"},"_links":{"self":[{"href":"https:\/\/alegerglobal.com\/cs\/wp-json\/wp\/v2\/product\/35001","targetHints":{"allow":["GET"]}}],"collection":[{"href":"https:\/\/alegerglobal.com\/cs\/wp-json\/wp\/v2\/product"}],"about":[{"href":"https:\/\/alegerglobal.com\/cs\/wp-json\/wp\/v2\/types\/product"}],"replies":[{"embeddable":true,"href":"https:\/\/alegerglobal.com\/cs\/wp-json\/wp\/v2\/comments?post=35001"}],"version-history":[{"count":0,"href":"https:\/\/alegerglobal.com\/cs\/wp-json\/wp\/v2\/product\/35001\/revisions"}],"wp:featuredmedia":[{"embeddable":true,"href":"https:\/\/alegerglobal.com\/cs\/wp-json\/wp\/v2\/media\/13241"}],"wp:attachment":[{"href":"https:\/\/alegerglobal.com\/cs\/wp-json\/wp\/v2\/media?parent=35001"}],"wp:term":[{"taxonomy":"product_brand","embeddable":true,"href":"https:\/\/alegerglobal.com\/cs\/wp-json\/wp\/v2\/product_brand?post=35001"},{"taxonomy":"product_cat","embeddable":true,"href":"https:\/\/alegerglobal.com\/cs\/wp-json\/wp\/v2\/product_cat?post=35001"},{"taxonomy":"product_tag","embeddable":true,"href":"https:\/\/alegerglobal.com\/cs\/wp-json\/wp\/v2\/product_tag?post=35001"}],"curies":[{"name":"wp","href":"https:\/\/api.w.org\/{rel}","templated":true}]}}