{"id":34999,"date":"2022-01-11T04:55:47","date_gmt":"2022-05-19T08:08:56","guid":{"rendered":"https:\/\/alegerglobal.com\/nezarazene\/rokid-glass-2-skladaci-chytre-bryle-zorne-pole-40-stupnu-baterie-10-000-mah-hmotnost-96-g\/"},"modified":"2022-05-19T09:08:56","modified_gmt":"2022-05-19T08:08:56","slug":"rokid-glass-2-2","status":"publish","type":"product","link":"https:\/\/alegerglobal.com\/cs\/shop-cs\/rokid-glass-2-2\/","title":{"rendered":"Rokid Glass 2, skl\u00e1dac\u00ed chytr\u00e9 br\u00fdle, zorn\u00e9 pole 40 stup\u0148\u016f, baterie 10 000 mAh, hmotnost 96 g"},"content":{"rendered":"","protected":false},"excerpt":{"rendered":"<ul>\n<li><b>Modern\u00ed displej:<\/b><span style=\"font-weight: 400;\"> Pr\u016fsvitn\u00fd displej s rozli\u0161en\u00edm Full HD, vysokou \u00farovn\u00ed kontrastu a 40stup\u0148ov\u00fdm zorn\u00fdm polem.<\/span><\/li>\n<li><b>Dlouh\u00e1 v\u00fddr\u017e baterie:<\/b><span style=\"font-weight: 400;\"> 10 000 mAh s rychlonab\u00edjen\u00edm umo\u017e\u0148uje 8 hodin nep\u0159etr\u017eit\u00e9ho provozu<\/span><\/li>\n<li><b>Pohodln\u00e9 pou\u017e\u00edv\u00e1n\u00ed<\/b><span style=\"font-weight: 400;\">: Ergonomick\u00fd design s integrovan\u00fdm polstrov\u00e1n\u00edm a n\u00edzkou celkovou hmotnost\u00ed 96 g<\/span><\/li>\n<li><b>Odn\u00edmateln\u00fd objektiv<\/b><span style=\"font-weight: 400;\">: Vnit\u0159n\u00ed korek\u010dn\u00ed \u010do\u010dka p\u0159izp\u016fsobiteln\u00e1 pro r\u016fzn\u00e9 \u00fakoly<\/span><\/li>\n<li><b>Skl\u00e1dac\u00ed br\u00fdle pro roz\u0161\u00ed\u0159enou realitu<\/b>: Rokid Glass 2 jsou skl\u00e1dac\u00ed, a proto je lze snadno ulo\u017eit.<\/li>\n<\/ul>\n","protected":false},"featured_media":13482,"comment_status":"open","ping_status":"closed","template":"","meta":{"_acf_changed":false},"product_brand":[],"product_cat":[1515,1516],"product_tag":[],"class_list":{"0":"post-34999","1":"product","2":"type-product","3":"status-publish","4":"has-post-thumbnail","6":"product_cat-chytre-bryle","7":"product_cat-shop-cs","8":"pa_hersteller-rokid-cs","10":"first","11":"instock","12":"taxable","13":"shipping-taxable","14":"product-type-simple"},"acf":[],"yoast_head":"<!-- This site is optimized with the Yoast SEO Premium plugin v20.10 (Yoast SEO v24.3) - https:\/\/yoast.com\/wordpress\/plugins\/seo\/ -->\n<title>Koupit Rokid Glass 2 - ALEGER \u22c6 Augmented Reality<\/title>\n<meta name=\"description\" content=\"Rokid Glass 2 p\u0159esv\u011bd\u010d\u00ed n\u00edzkou hmotnost\u00ed a dlouhou v\u00fddr\u017e\u00ed baterie. Ide\u00e1ln\u00ed pro profesion\u00e1ln\u00ed \u00fadr\u017ebu a spol. Objevte produkt zde!\" \/>\n<meta name=\"robots\" content=\"index, follow, max-snippet:-1, max-image-preview:large, max-video-preview:-1\" \/>\n<meta property=\"og:locale\" content=\"cs_CZ\" \/>\n<meta property=\"og:type\" content=\"article\" \/>\n<meta property=\"og:title\" content=\"Rokid Glass 2, skl\u00e1dac\u00ed chytr\u00e9 br\u00fdle, zorn\u00e9 pole 40 stup\u0148\u016f, baterie 10 000 mAh, hmotnost 96 g\" \/>\n<meta property=\"og:description\" content=\"Rokid Glass 2 p\u0159esv\u011bd\u010d\u00ed n\u00edzkou hmotnost\u00ed a dlouhou v\u00fddr\u017e\u00ed baterie. Ide\u00e1ln\u00ed pro profesion\u00e1ln\u00ed \u00fadr\u017ebu a spol. Objevte produkt zde!\" \/>\n<meta property=\"og:url\" content=\"https:\/\/alegerglobal.com\/cs\/shop-cs\/rokid-glass-2-2\/\" \/>\n<meta property=\"og:site_name\" content=\"ALEGER \u22c6 Augmented Reality\" \/>\n<meta property=\"og:image\" content=\"https:\/\/alegerglobal.com\/wp-content\/uploads\/2022\/01\/dsvsv.png\" \/>\n\t<meta property=\"og:image:width\" content=\"800\" \/>\n\t<meta property=\"og:image:height\" content=\"800\" \/>\n\t<meta property=\"og:image:type\" content=\"image\/png\" \/>\n<meta name=\"twitter:card\" content=\"summary_large_image\" \/>\n<meta name=\"twitter:label1\" content=\"Cena\" \/>\n\t<meta name=\"twitter:data1\" content=\"\" \/>\n\t<meta name=\"twitter:label2\" content=\"Dostupnost\" \/>\n\t<meta name=\"twitter:data2\" content=\"Skladem\" \/>\n<script type=\"application\/ld+json\" class=\"yoast-schema-graph\">{\"@context\":\"https:\/\/schema.org\",\"@graph\":[{\"@type\":\"WebPage\",\"@id\":\"https:\/\/alegerglobal.com\/cs\/shop-cs\/rokid-glass-2-2\/\",\"url\":\"https:\/\/alegerglobal.com\/cs\/shop-cs\/rokid-glass-2-2\/\",\"name\":\"Koupit Rokid Glass 2 - ALEGER \u22c6 Augmented Reality\",\"isPartOf\":{\"@id\":\"https:\/\/alegerglobal.com\/cs\/#website\"},\"primaryImageOfPage\":{\"@id\":\"https:\/\/alegerglobal.com\/cs\/shop-cs\/rokid-glass-2-2\/#primaryimage\"},\"image\":{\"@id\":\"https:\/\/alegerglobal.com\/cs\/shop-cs\/rokid-glass-2-2\/#primaryimage\"},\"thumbnailUrl\":\"https:\/\/alegerglobal.com\/wp-content\/uploads\/2022\/01\/dsvsv.png\",\"datePublished\":\"2022-05-19T08:08:56+00:00\",\"dateModified\":\"2022-05-19T08:08:56+00:00\",\"description\":\"Rokid Glass 2 p\u0159esv\u011bd\u010d\u00ed n\u00edzkou hmotnost\u00ed a dlouhou v\u00fddr\u017e\u00ed baterie. Ide\u00e1ln\u00ed pro profesion\u00e1ln\u00ed \u00fadr\u017ebu a spol. Objevte produkt zde!\",\"breadcrumb\":{\"@id\":\"https:\/\/alegerglobal.com\/cs\/shop-cs\/rokid-glass-2-2\/#breadcrumb\"},\"inLanguage\":\"cs\",\"potentialAction\":[{\"@type\":\"ReadAction\",\"target\":[\"https:\/\/alegerglobal.com\/cs\/shop-cs\/rokid-glass-2-2\/\"]}]},{\"@type\":\"ImageObject\",\"inLanguage\":\"cs\",\"@id\":\"https:\/\/alegerglobal.com\/cs\/shop-cs\/rokid-glass-2-2\/#primaryimage\",\"url\":\"https:\/\/alegerglobal.com\/wp-content\/uploads\/2022\/01\/dsvsv.png\",\"contentUrl\":\"https:\/\/alegerglobal.com\/wp-content\/uploads\/2022\/01\/dsvsv.png\",\"width\":800,\"height\":800},{\"@type\":\"BreadcrumbList\",\"@id\":\"https:\/\/alegerglobal.com\/cs\/shop-cs\/rokid-glass-2-2\/#breadcrumb\",\"itemListElement\":[{\"@type\":\"ListItem\",\"position\":1,\"name\":\"Home\",\"item\":\"https:\/\/alegerglobal.com\/cs\/novinka-domovska-stranka\/\"},{\"@type\":\"ListItem\",\"position\":2,\"name\":\"Produkty\",\"item\":\"https:\/\/alegerglobal.com\/cs\/produkty\/\"},{\"@type\":\"ListItem\",\"position\":3,\"name\":\"Rokid Glass 2, skl\u00e1dac\u00ed chytr\u00e9 br\u00fdle, zorn\u00e9 pole 40 stup\u0148\u016f, baterie 10 000 mAh, hmotnost 96 g\"}]},{\"@type\":\"WebSite\",\"@id\":\"https:\/\/alegerglobal.com\/cs\/#website\",\"url\":\"https:\/\/alegerglobal.com\/cs\/\",\"name\":\"ALEGER \u22c6 Augmented Reality\",\"description\":\"Die besten Augmented Reality (AR) L\u00f6sungen der Welt.\",\"publisher\":{\"@id\":\"https:\/\/alegerglobal.com\/cs\/#organization\"},\"potentialAction\":[{\"@type\":\"SearchAction\",\"target\":{\"@type\":\"EntryPoint\",\"urlTemplate\":\"https:\/\/alegerglobal.com\/cs\/?s={search_term_string}\"},\"query-input\":{\"@type\":\"PropertyValueSpecification\",\"valueRequired\":true,\"valueName\":\"search_term_string\"}}],\"inLanguage\":\"cs\"},{\"@type\":\"Organization\",\"@id\":\"https:\/\/alegerglobal.com\/cs\/#organization\",\"name\":\"ALEGER \u22c6 Augmented Reality\",\"url\":\"https:\/\/alegerglobal.com\/cs\/\",\"logo\":{\"@type\":\"ImageObject\",\"inLanguage\":\"cs\",\"@id\":\"https:\/\/alegerglobal.com\/cs\/#\/schema\/logo\/image\/\",\"url\":\"https:\/\/alegerglobal.com\/wp-content\/uploads\/2020\/12\/aleger-logo-quadrat.jpg\",\"contentUrl\":\"https:\/\/alegerglobal.com\/wp-content\/uploads\/2020\/12\/aleger-logo-quadrat.jpg\",\"width\":200,\"height\":176,\"caption\":\"ALEGER \u22c6 Augmented Reality\"},\"image\":{\"@id\":\"https:\/\/alegerglobal.com\/cs\/#\/schema\/logo\/image\/\"}}]}<\/script>\n<meta property=\"product:brand\" content=\"Rokid\" \/>\n<meta property=\"product:price:amount\" content=\"0.00\" \/>\n<meta property=\"product:price:currency\" content=\"EUR\" \/>\n<meta property=\"og:availability\" content=\"instock\" \/>\n<meta property=\"product:availability\" content=\"instock\" \/>\n<meta property=\"product:condition\" content=\"new\" \/>\n<!-- \/ Yoast SEO Premium plugin. -->","yoast_head_json":{"title":"Koupit Rokid Glass 2 - ALEGER \u22c6 Augmented Reality","description":"Rokid Glass 2 p\u0159esv\u011bd\u010d\u00ed n\u00edzkou hmotnost\u00ed a dlouhou v\u00fddr\u017e\u00ed baterie. Ide\u00e1ln\u00ed pro profesion\u00e1ln\u00ed \u00fadr\u017ebu a spol. Objevte produkt zde!","robots":{"index":"index","follow":"follow","max-snippet":"max-snippet:-1","max-image-preview":"max-image-preview:large","max-video-preview":"max-video-preview:-1"},"og_locale":"cs_CZ","og_type":"article","og_title":"Rokid Glass 2, skl\u00e1dac\u00ed chytr\u00e9 br\u00fdle, zorn\u00e9 pole 40 stup\u0148\u016f, baterie 10 000 mAh, hmotnost 96 g","og_description":"Rokid Glass 2 p\u0159esv\u011bd\u010d\u00ed n\u00edzkou hmotnost\u00ed a dlouhou v\u00fddr\u017e\u00ed baterie. Ide\u00e1ln\u00ed pro profesion\u00e1ln\u00ed \u00fadr\u017ebu a spol. Objevte produkt zde!","og_url":"https:\/\/alegerglobal.com\/cs\/shop-cs\/rokid-glass-2-2\/","og_site_name":"ALEGER \u22c6 Augmented Reality","og_image":[{"width":800,"height":800,"url":"https:\/\/alegerglobal.com\/wp-content\/uploads\/2022\/01\/dsvsv.png","type":"image\/png"}],"twitter_card":"summary_large_image","twitter_misc":{"Cena":"","Dostupnost":"Skladem"},"schema":{"@context":"https:\/\/schema.org","@graph":[{"@type":"WebPage","@id":"https:\/\/alegerglobal.com\/cs\/shop-cs\/rokid-glass-2-2\/","url":"https:\/\/alegerglobal.com\/cs\/shop-cs\/rokid-glass-2-2\/","name":"Koupit Rokid Glass 2 - ALEGER \u22c6 Augmented Reality","isPartOf":{"@id":"https:\/\/alegerglobal.com\/cs\/#website"},"primaryImageOfPage":{"@id":"https:\/\/alegerglobal.com\/cs\/shop-cs\/rokid-glass-2-2\/#primaryimage"},"image":{"@id":"https:\/\/alegerglobal.com\/cs\/shop-cs\/rokid-glass-2-2\/#primaryimage"},"thumbnailUrl":"https:\/\/alegerglobal.com\/wp-content\/uploads\/2022\/01\/dsvsv.png","datePublished":"2022-05-19T08:08:56+00:00","dateModified":"2022-05-19T08:08:56+00:00","description":"Rokid Glass 2 p\u0159esv\u011bd\u010d\u00ed n\u00edzkou hmotnost\u00ed a dlouhou v\u00fddr\u017e\u00ed baterie. Ide\u00e1ln\u00ed pro profesion\u00e1ln\u00ed \u00fadr\u017ebu a spol. Objevte produkt zde!","breadcrumb":{"@id":"https:\/\/alegerglobal.com\/cs\/shop-cs\/rokid-glass-2-2\/#breadcrumb"},"inLanguage":"cs","potentialAction":[{"@type":"ReadAction","target":["https:\/\/alegerglobal.com\/cs\/shop-cs\/rokid-glass-2-2\/"]}]},{"@type":"ImageObject","inLanguage":"cs","@id":"https:\/\/alegerglobal.com\/cs\/shop-cs\/rokid-glass-2-2\/#primaryimage","url":"https:\/\/alegerglobal.com\/wp-content\/uploads\/2022\/01\/dsvsv.png","contentUrl":"https:\/\/alegerglobal.com\/wp-content\/uploads\/2022\/01\/dsvsv.png","width":800,"height":800},{"@type":"BreadcrumbList","@id":"https:\/\/alegerglobal.com\/cs\/shop-cs\/rokid-glass-2-2\/#breadcrumb","itemListElement":[{"@type":"ListItem","position":1,"name":"Home","item":"https:\/\/alegerglobal.com\/cs\/novinka-domovska-stranka\/"},{"@type":"ListItem","position":2,"name":"Produkty","item":"https:\/\/alegerglobal.com\/cs\/produkty\/"},{"@type":"ListItem","position":3,"name":"Rokid Glass 2, skl\u00e1dac\u00ed chytr\u00e9 br\u00fdle, zorn\u00e9 pole 40 stup\u0148\u016f, baterie 10 000 mAh, hmotnost 96 g"}]},{"@type":"WebSite","@id":"https:\/\/alegerglobal.com\/cs\/#website","url":"https:\/\/alegerglobal.com\/cs\/","name":"ALEGER \u22c6 Augmented Reality","description":"Die besten Augmented Reality (AR) L\u00f6sungen der Welt.","publisher":{"@id":"https:\/\/alegerglobal.com\/cs\/#organization"},"potentialAction":[{"@type":"SearchAction","target":{"@type":"EntryPoint","urlTemplate":"https:\/\/alegerglobal.com\/cs\/?s={search_term_string}"},"query-input":{"@type":"PropertyValueSpecification","valueRequired":true,"valueName":"search_term_string"}}],"inLanguage":"cs"},{"@type":"Organization","@id":"https:\/\/alegerglobal.com\/cs\/#organization","name":"ALEGER \u22c6 Augmented Reality","url":"https:\/\/alegerglobal.com\/cs\/","logo":{"@type":"ImageObject","inLanguage":"cs","@id":"https:\/\/alegerglobal.com\/cs\/#\/schema\/logo\/image\/","url":"https:\/\/alegerglobal.com\/wp-content\/uploads\/2020\/12\/aleger-logo-quadrat.jpg","contentUrl":"https:\/\/alegerglobal.com\/wp-content\/uploads\/2020\/12\/aleger-logo-quadrat.jpg","width":200,"height":176,"caption":"ALEGER \u22c6 Augmented Reality"},"image":{"@id":"https:\/\/alegerglobal.com\/cs\/#\/schema\/logo\/image\/"}}]},"product_brand":"Rokid","product_price_amount":"0.00","product_price_currency":"EUR","og_availability":"instock","product_availability":"instock","product_condition":"new"},"_links":{"self":[{"href":"https:\/\/alegerglobal.com\/cs\/wp-json\/wp\/v2\/product\/34999","targetHints":{"allow":["GET"]}}],"collection":[{"href":"https:\/\/alegerglobal.com\/cs\/wp-json\/wp\/v2\/product"}],"about":[{"href":"https:\/\/alegerglobal.com\/cs\/wp-json\/wp\/v2\/types\/product"}],"replies":[{"embeddable":true,"href":"https:\/\/alegerglobal.com\/cs\/wp-json\/wp\/v2\/comments?post=34999"}],"version-history":[{"count":0,"href":"https:\/\/alegerglobal.com\/cs\/wp-json\/wp\/v2\/product\/34999\/revisions"}],"wp:featuredmedia":[{"embeddable":true,"href":"https:\/\/alegerglobal.com\/cs\/wp-json\/wp\/v2\/media\/13482"}],"wp:attachment":[{"href":"https:\/\/alegerglobal.com\/cs\/wp-json\/wp\/v2\/media?parent=34999"}],"wp:term":[{"taxonomy":"product_brand","embeddable":true,"href":"https:\/\/alegerglobal.com\/cs\/wp-json\/wp\/v2\/product_brand?post=34999"},{"taxonomy":"product_cat","embeddable":true,"href":"https:\/\/alegerglobal.com\/cs\/wp-json\/wp\/v2\/product_cat?post=34999"},{"taxonomy":"product_tag","embeddable":true,"href":"https:\/\/alegerglobal.com\/cs\/wp-json\/wp\/v2\/product_tag?post=34999"}],"curies":[{"name":"wp","href":"https:\/\/api.w.org\/{rel}","templated":true}]}}