{"id":34997,"date":"2022-01-11T04:51:37","date_gmt":"2022-05-19T08:08:53","guid":{"rendered":"https:\/\/alegerglobal.com\/nezarazene\/dynaedge-ar-de-200-data-glasses-intel-core-i7-16-gb-ram-256-gb-ssd-lte-windows-11\/"},"modified":"2022-05-19T09:08:53","modified_gmt":"2022-05-19T08:08:53","slug":"dynaedge-en-200","status":"publish","type":"product","link":"https:\/\/alegerglobal.com\/cs\/shop-cs\/chytre-bryle\/dynaedge-en-200\/","title":{"rendered":"dynaEdge AR DE-200 Data Glasses, Intel Core i7, 16 GB RAM, 256 GB SSD, LTE Windows 11"},"content":{"rendered":"","protected":false},"excerpt":{"rendered":"<ul>\n<li style=\"font-weight: 400;\" aria-level=\"1\"><b>Datov\u00e9 br\u00fdle + p\u0159enosn\u00fd procesor:<\/b><span style=\"font-weight: 400;\"> dynaEdge AR DE 200 kombinuje prohl\u00ed\u017ee\u010d AR-100 a nositeln\u00fd po\u010d\u00edta\u010d <\/span> <\/li>\n<li style=\"font-weight: 400;\" aria-level=\"1\"><b>Maxim\u00e1ln\u00ed zabezpe\u010den\u00ed:<\/b><span style=\"font-weight: 400;\"> P\u0159edinstalovan\u00fd syst\u00e9m Windows 11<\/span><\/li>\n<li style=\"font-weight: 400;\" aria-level=\"1\"><b>Vysok\u00fd v\u00fdkon: <\/b><span style=\"font-weight: 400;\">Procesor Intel Core i7 + 16 GB RAM<\/span><\/li>\n<li style=\"font-weight: 400;\" aria-level=\"1\"><b>V\u010detn\u011b platformy AR: <\/b><span style=\"font-weight: 400;\">P\u0159edinstalovan\u00e1 sada Toshiba Vision DE Suite<\/span><\/li>\n<li style=\"font-weight: 400;\" aria-level=\"1\"><b>Velk\u00e9 a rychl\u00e9 ukl\u00e1d\u00e1n\u00ed dat:<\/b><span style=\"font-weight: 400;\"> 256 GB SSD pro data<\/span><\/li>\n<\/ul>\n","protected":false},"featured_media":23845,"comment_status":"open","ping_status":"closed","template":"","meta":{"_acf_changed":false},"product_brand":[],"product_cat":[1515,1516],"product_tag":[],"class_list":{"0":"post-34997","1":"product","2":"type-product","3":"status-publish","4":"has-post-thumbnail","6":"product_cat-chytre-bryle","7":"product_cat-shop-cs","8":"pa_hersteller-dynaedge-cs","10":"first","11":"instock","12":"taxable","13":"shipping-taxable","14":"product-type-simple"},"acf":[],"yoast_head":"<!-- This site is optimized with the Yoast SEO Premium plugin v20.10 (Yoast SEO v24.3) - https:\/\/yoast.com\/wordpress\/plugins\/seo\/ -->\n<title>Koupit datov\u00e9 br\u00fdle dynaEdge AR DE-200 - ALEGER \u22c6 Augmented Reality<\/title>\n<meta name=\"description\" content=\"DynaEdge AR DE-200 jsou vysoce kvalitn\u00ed datov\u00e9 br\u00fdle s vysok\u00fdm v\u00fdpo\u010detn\u00edm v\u00fdkonem a vlastn\u00ed platformou pro roz\u0161\u00ed\u0159enou realitu. V\u00edce informac\u00ed se dozv\u00edte zde!\" \/>\n<meta name=\"robots\" content=\"index, follow, max-snippet:-1, max-image-preview:large, max-video-preview:-1\" \/>\n<meta property=\"og:locale\" content=\"cs_CZ\" \/>\n<meta property=\"og:type\" content=\"article\" \/>\n<meta property=\"og:title\" content=\"dynaEdge AR DE-200 Data Glasses, Intel Core i7, 16 GB RAM, 256 GB SSD, LTE Windows 11\" \/>\n<meta property=\"og:description\" content=\"DynaEdge AR DE-200 jsou vysoce kvalitn\u00ed datov\u00e9 br\u00fdle s vysok\u00fdm v\u00fdpo\u010detn\u00edm v\u00fdkonem a vlastn\u00ed platformou pro roz\u0161\u00ed\u0159enou realitu. V\u00edce informac\u00ed se dozv\u00edte zde!\" \/>\n<meta property=\"og:url\" content=\"https:\/\/alegerglobal.com\/cs\/shop-cs\/chytre-bryle\/dynaedge-en-200\/\" \/>\n<meta property=\"og:site_name\" content=\"ALEGER \u22c6 Augmented Reality\" \/>\n<meta property=\"og:image\" content=\"https:\/\/alegerglobal.com\/wp-content\/uploads\/2021\/03\/Unbenannt-117.jpg\" \/>\n\t<meta property=\"og:image:width\" content=\"800\" \/>\n\t<meta property=\"og:image:height\" content=\"800\" \/>\n\t<meta property=\"og:image:type\" content=\"image\/jpeg\" \/>\n<meta name=\"twitter:card\" content=\"summary_large_image\" \/>\n<meta name=\"twitter:label1\" content=\"Cena\" \/>\n\t<meta name=\"twitter:data1\" content=\"\" \/>\n\t<meta name=\"twitter:label2\" content=\"Dostupnost\" \/>\n\t<meta name=\"twitter:data2\" content=\"Skladem\" \/>\n<script type=\"application\/ld+json\" class=\"yoast-schema-graph\">{\"@context\":\"https:\/\/schema.org\",\"@graph\":[{\"@type\":\"WebPage\",\"@id\":\"https:\/\/alegerglobal.com\/cs\/shop-cs\/chytre-bryle\/dynaedge-en-200\/\",\"url\":\"https:\/\/alegerglobal.com\/cs\/shop-cs\/chytre-bryle\/dynaedge-en-200\/\",\"name\":\"Koupit datov\u00e9 br\u00fdle dynaEdge AR DE-200 - ALEGER \u22c6 Augmented Reality\",\"isPartOf\":{\"@id\":\"https:\/\/alegerglobal.com\/cs\/#website\"},\"primaryImageOfPage\":{\"@id\":\"https:\/\/alegerglobal.com\/cs\/shop-cs\/chytre-bryle\/dynaedge-en-200\/#primaryimage\"},\"image\":{\"@id\":\"https:\/\/alegerglobal.com\/cs\/shop-cs\/chytre-bryle\/dynaedge-en-200\/#primaryimage\"},\"thumbnailUrl\":\"https:\/\/alegerglobal.com\/wp-content\/uploads\/2021\/03\/Unbenannt-117.jpg\",\"datePublished\":\"2022-05-19T08:08:53+00:00\",\"dateModified\":\"2022-05-19T08:08:53+00:00\",\"description\":\"DynaEdge AR DE-200 jsou vysoce kvalitn\u00ed datov\u00e9 br\u00fdle s vysok\u00fdm v\u00fdpo\u010detn\u00edm v\u00fdkonem a vlastn\u00ed platformou pro roz\u0161\u00ed\u0159enou realitu. V\u00edce informac\u00ed se dozv\u00edte zde!\",\"breadcrumb\":{\"@id\":\"https:\/\/alegerglobal.com\/cs\/shop-cs\/chytre-bryle\/dynaedge-en-200\/#breadcrumb\"},\"inLanguage\":\"cs\",\"potentialAction\":[{\"@type\":\"ReadAction\",\"target\":[\"https:\/\/alegerglobal.com\/cs\/shop-cs\/chytre-bryle\/dynaedge-en-200\/\"]}]},{\"@type\":\"ImageObject\",\"inLanguage\":\"cs\",\"@id\":\"https:\/\/alegerglobal.com\/cs\/shop-cs\/chytre-bryle\/dynaedge-en-200\/#primaryimage\",\"url\":\"https:\/\/alegerglobal.com\/wp-content\/uploads\/2021\/03\/Unbenannt-117.jpg\",\"contentUrl\":\"https:\/\/alegerglobal.com\/wp-content\/uploads\/2021\/03\/Unbenannt-117.jpg\",\"width\":800,\"height\":800},{\"@type\":\"BreadcrumbList\",\"@id\":\"https:\/\/alegerglobal.com\/cs\/shop-cs\/chytre-bryle\/dynaedge-en-200\/#breadcrumb\",\"itemListElement\":[{\"@type\":\"ListItem\",\"position\":1,\"name\":\"Home\",\"item\":\"https:\/\/alegerglobal.com\/cs\/novinka-domovska-stranka\/\"},{\"@type\":\"ListItem\",\"position\":2,\"name\":\"Produkty\",\"item\":\"https:\/\/alegerglobal.com\/cs\/produkty\/\"},{\"@type\":\"ListItem\",\"position\":3,\"name\":\"dynaEdge AR DE-200 Data Glasses, Intel Core i7, 16 GB RAM, 256 GB SSD, LTE Windows 11\"}]},{\"@type\":\"WebSite\",\"@id\":\"https:\/\/alegerglobal.com\/cs\/#website\",\"url\":\"https:\/\/alegerglobal.com\/cs\/\",\"name\":\"ALEGER \u22c6 Augmented Reality\",\"description\":\"Die besten Augmented Reality (AR) L\u00f6sungen der Welt.\",\"publisher\":{\"@id\":\"https:\/\/alegerglobal.com\/cs\/#organization\"},\"potentialAction\":[{\"@type\":\"SearchAction\",\"target\":{\"@type\":\"EntryPoint\",\"urlTemplate\":\"https:\/\/alegerglobal.com\/cs\/?s={search_term_string}\"},\"query-input\":{\"@type\":\"PropertyValueSpecification\",\"valueRequired\":true,\"valueName\":\"search_term_string\"}}],\"inLanguage\":\"cs\"},{\"@type\":\"Organization\",\"@id\":\"https:\/\/alegerglobal.com\/cs\/#organization\",\"name\":\"ALEGER \u22c6 Augmented Reality\",\"url\":\"https:\/\/alegerglobal.com\/cs\/\",\"logo\":{\"@type\":\"ImageObject\",\"inLanguage\":\"cs\",\"@id\":\"https:\/\/alegerglobal.com\/cs\/#\/schema\/logo\/image\/\",\"url\":\"https:\/\/alegerglobal.com\/wp-content\/uploads\/2020\/12\/aleger-logo-quadrat.jpg\",\"contentUrl\":\"https:\/\/alegerglobal.com\/wp-content\/uploads\/2020\/12\/aleger-logo-quadrat.jpg\",\"width\":200,\"height\":176,\"caption\":\"ALEGER \u22c6 Augmented Reality\"},\"image\":{\"@id\":\"https:\/\/alegerglobal.com\/cs\/#\/schema\/logo\/image\/\"}}]}<\/script>\n<meta property=\"product:brand\" content=\"dynaEdge\" \/>\n<meta property=\"product:price:amount\" content=\"0.00\" \/>\n<meta property=\"product:price:currency\" content=\"EUR\" \/>\n<meta property=\"og:availability\" content=\"instock\" \/>\n<meta property=\"product:availability\" content=\"instock\" \/>\n<meta property=\"product:condition\" content=\"new\" \/>\n<!-- \/ Yoast SEO Premium plugin. -->","yoast_head_json":{"title":"Koupit datov\u00e9 br\u00fdle dynaEdge AR DE-200 - ALEGER \u22c6 Augmented Reality","description":"DynaEdge AR DE-200 jsou vysoce kvalitn\u00ed datov\u00e9 br\u00fdle s vysok\u00fdm v\u00fdpo\u010detn\u00edm v\u00fdkonem a vlastn\u00ed platformou pro roz\u0161\u00ed\u0159enou realitu. V\u00edce informac\u00ed se dozv\u00edte zde!","robots":{"index":"index","follow":"follow","max-snippet":"max-snippet:-1","max-image-preview":"max-image-preview:large","max-video-preview":"max-video-preview:-1"},"og_locale":"cs_CZ","og_type":"article","og_title":"dynaEdge AR DE-200 Data Glasses, Intel Core i7, 16 GB RAM, 256 GB SSD, LTE Windows 11","og_description":"DynaEdge AR DE-200 jsou vysoce kvalitn\u00ed datov\u00e9 br\u00fdle s vysok\u00fdm v\u00fdpo\u010detn\u00edm v\u00fdkonem a vlastn\u00ed platformou pro roz\u0161\u00ed\u0159enou realitu. V\u00edce informac\u00ed se dozv\u00edte zde!","og_url":"https:\/\/alegerglobal.com\/cs\/shop-cs\/chytre-bryle\/dynaedge-en-200\/","og_site_name":"ALEGER \u22c6 Augmented Reality","og_image":[{"width":800,"height":800,"url":"https:\/\/alegerglobal.com\/wp-content\/uploads\/2021\/03\/Unbenannt-117.jpg","type":"image\/jpeg"}],"twitter_card":"summary_large_image","twitter_misc":{"Cena":"","Dostupnost":"Skladem"},"schema":{"@context":"https:\/\/schema.org","@graph":[{"@type":"WebPage","@id":"https:\/\/alegerglobal.com\/cs\/shop-cs\/chytre-bryle\/dynaedge-en-200\/","url":"https:\/\/alegerglobal.com\/cs\/shop-cs\/chytre-bryle\/dynaedge-en-200\/","name":"Koupit datov\u00e9 br\u00fdle dynaEdge AR DE-200 - ALEGER \u22c6 Augmented Reality","isPartOf":{"@id":"https:\/\/alegerglobal.com\/cs\/#website"},"primaryImageOfPage":{"@id":"https:\/\/alegerglobal.com\/cs\/shop-cs\/chytre-bryle\/dynaedge-en-200\/#primaryimage"},"image":{"@id":"https:\/\/alegerglobal.com\/cs\/shop-cs\/chytre-bryle\/dynaedge-en-200\/#primaryimage"},"thumbnailUrl":"https:\/\/alegerglobal.com\/wp-content\/uploads\/2021\/03\/Unbenannt-117.jpg","datePublished":"2022-05-19T08:08:53+00:00","dateModified":"2022-05-19T08:08:53+00:00","description":"DynaEdge AR DE-200 jsou vysoce kvalitn\u00ed datov\u00e9 br\u00fdle s vysok\u00fdm v\u00fdpo\u010detn\u00edm v\u00fdkonem a vlastn\u00ed platformou pro roz\u0161\u00ed\u0159enou realitu. V\u00edce informac\u00ed se dozv\u00edte zde!","breadcrumb":{"@id":"https:\/\/alegerglobal.com\/cs\/shop-cs\/chytre-bryle\/dynaedge-en-200\/#breadcrumb"},"inLanguage":"cs","potentialAction":[{"@type":"ReadAction","target":["https:\/\/alegerglobal.com\/cs\/shop-cs\/chytre-bryle\/dynaedge-en-200\/"]}]},{"@type":"ImageObject","inLanguage":"cs","@id":"https:\/\/alegerglobal.com\/cs\/shop-cs\/chytre-bryle\/dynaedge-en-200\/#primaryimage","url":"https:\/\/alegerglobal.com\/wp-content\/uploads\/2021\/03\/Unbenannt-117.jpg","contentUrl":"https:\/\/alegerglobal.com\/wp-content\/uploads\/2021\/03\/Unbenannt-117.jpg","width":800,"height":800},{"@type":"BreadcrumbList","@id":"https:\/\/alegerglobal.com\/cs\/shop-cs\/chytre-bryle\/dynaedge-en-200\/#breadcrumb","itemListElement":[{"@type":"ListItem","position":1,"name":"Home","item":"https:\/\/alegerglobal.com\/cs\/novinka-domovska-stranka\/"},{"@type":"ListItem","position":2,"name":"Produkty","item":"https:\/\/alegerglobal.com\/cs\/produkty\/"},{"@type":"ListItem","position":3,"name":"dynaEdge AR DE-200 Data Glasses, Intel Core i7, 16 GB RAM, 256 GB SSD, LTE Windows 11"}]},{"@type":"WebSite","@id":"https:\/\/alegerglobal.com\/cs\/#website","url":"https:\/\/alegerglobal.com\/cs\/","name":"ALEGER \u22c6 Augmented Reality","description":"Die besten Augmented Reality (AR) L\u00f6sungen der Welt.","publisher":{"@id":"https:\/\/alegerglobal.com\/cs\/#organization"},"potentialAction":[{"@type":"SearchAction","target":{"@type":"EntryPoint","urlTemplate":"https:\/\/alegerglobal.com\/cs\/?s={search_term_string}"},"query-input":{"@type":"PropertyValueSpecification","valueRequired":true,"valueName":"search_term_string"}}],"inLanguage":"cs"},{"@type":"Organization","@id":"https:\/\/alegerglobal.com\/cs\/#organization","name":"ALEGER \u22c6 Augmented Reality","url":"https:\/\/alegerglobal.com\/cs\/","logo":{"@type":"ImageObject","inLanguage":"cs","@id":"https:\/\/alegerglobal.com\/cs\/#\/schema\/logo\/image\/","url":"https:\/\/alegerglobal.com\/wp-content\/uploads\/2020\/12\/aleger-logo-quadrat.jpg","contentUrl":"https:\/\/alegerglobal.com\/wp-content\/uploads\/2020\/12\/aleger-logo-quadrat.jpg","width":200,"height":176,"caption":"ALEGER \u22c6 Augmented Reality"},"image":{"@id":"https:\/\/alegerglobal.com\/cs\/#\/schema\/logo\/image\/"}}]},"product_brand":"dynaEdge","product_price_amount":"0.00","product_price_currency":"EUR","og_availability":"instock","product_availability":"instock","product_condition":"new"},"_links":{"self":[{"href":"https:\/\/alegerglobal.com\/cs\/wp-json\/wp\/v2\/product\/34997","targetHints":{"allow":["GET"]}}],"collection":[{"href":"https:\/\/alegerglobal.com\/cs\/wp-json\/wp\/v2\/product"}],"about":[{"href":"https:\/\/alegerglobal.com\/cs\/wp-json\/wp\/v2\/types\/product"}],"replies":[{"embeddable":true,"href":"https:\/\/alegerglobal.com\/cs\/wp-json\/wp\/v2\/comments?post=34997"}],"version-history":[{"count":0,"href":"https:\/\/alegerglobal.com\/cs\/wp-json\/wp\/v2\/product\/34997\/revisions"}],"wp:featuredmedia":[{"embeddable":true,"href":"https:\/\/alegerglobal.com\/cs\/wp-json\/wp\/v2\/media\/23845"}],"wp:attachment":[{"href":"https:\/\/alegerglobal.com\/cs\/wp-json\/wp\/v2\/media?parent=34997"}],"wp:term":[{"taxonomy":"product_brand","embeddable":true,"href":"https:\/\/alegerglobal.com\/cs\/wp-json\/wp\/v2\/product_brand?post=34997"},{"taxonomy":"product_cat","embeddable":true,"href":"https:\/\/alegerglobal.com\/cs\/wp-json\/wp\/v2\/product_cat?post=34997"},{"taxonomy":"product_tag","embeddable":true,"href":"https:\/\/alegerglobal.com\/cs\/wp-json\/wp\/v2\/product_tag?post=34997"}],"curies":[{"name":"wp","href":"https:\/\/api.w.org\/{rel}","templated":true}]}}