{"id":34995,"date":"2022-01-11T04:52:19","date_gmt":"2022-05-19T08:08:51","guid":{"rendered":"https:\/\/alegerglobal.com\/nezarazene\/magic-leap-one-creator-bryle-pro-rozsirenou-realitu-prenosny-pocitac\/"},"modified":"2022-05-19T09:08:51","modified_gmt":"2022-05-19T08:08:51","slug":"magic-leap-1-2","status":"publish","type":"product","link":"https:\/\/alegerglobal.com\/cs\/shop-cs\/magic-leap-1-2\/","title":{"rendered":"Magic Leap One Creator, br\u00fdle pro roz\u0161\u00ed\u0159enou realitu, p\u0159enosn\u00fd po\u010d\u00edta\u010d"},"content":{"rendered":"","protected":false},"excerpt":{"rendered":"<ul>\n<li style=\"font-weight: 400;\" aria-level=\"1\"><b>Lehk\u00e9:<\/b><span style=\"font-weight: 400;\"> Magic Leap 1 v\u00e1\u017e\u00ed pouh\u00fdch 316 g<\/span><\/li>\n<li style=\"font-weight: 400;\" aria-level=\"1\"><b>V\u00fdkonn\u00fd proces: <\/b><span style=\"font-weight: 400;\">T\u0159\u00edj\u00e1drov\u00fd procesor pro v\u0161echny b\u011b\u017en\u00e9 aplikace<\/span><\/li>\n<li style=\"font-weight: 400;\" aria-level=\"1\"><b>Rychl\u00fd GPU:<\/b><span style=\"font-weight: 400;\"> Propracovan\u00e9 3D vizualizace<\/span><\/li>\n<li style=\"font-weight: 400;\" aria-level=\"1\"><b>Flexibiln\u00ed ovl\u00e1d\u00e1n\u00ed:<\/b><span style=\"font-weight: 400;\">  Sledov\u00e1n\u00ed o\u010d\u00ed, rukou a \u0159e\u010di pro flexibiln\u00ed hands-free ovl\u00e1d\u00e1n\u00ed, v\u010d. \u0158\u00eddic\u00ed jednotka<\/span><\/li>\n<li style=\"font-weight: 400;\" aria-level=\"1\"><b>Displej s vysok\u00fdm rozli\u0161en\u00edm: <\/b><span style=\"font-weight: 400;\">Rozli\u0161en\u00ed 1280 x 960 px na ka\u017ed\u00e9m oku p\u0159i 120 Hz pro pr\u00e1ci bez \u00fanavy<\/span><\/li>\n<li style=\"font-weight: 400;\" aria-level=\"1\"><b>Ide\u00e1ln\u00ed pro vzd\u00e1lenou \u00fadr\u017ebu a \u0161kolen\u00ed<\/b>: virtualizace prost\u0159ed\u00ed na 3D map\u011b.<\/li>\n<\/ul>\n","protected":false},"featured_media":13238,"comment_status":"open","ping_status":"closed","template":"","meta":{"_acf_changed":false},"product_brand":[],"product_cat":[1515,1516],"product_tag":[],"class_list":{"0":"post-34995","1":"product","2":"type-product","3":"status-publish","4":"has-post-thumbnail","6":"product_cat-chytre-bryle","7":"product_cat-shop-cs","8":"pa_hersteller-magic-leap-cs","10":"first","11":"instock","12":"taxable","13":"shipping-taxable","14":"purchasable","15":"product-type-simple"},"acf":[],"yoast_head":"<!-- This site is optimized with the Yoast SEO Premium plugin v20.10 (Yoast SEO v24.3) - https:\/\/yoast.com\/wordpress\/plugins\/seo\/ -->\n<title>Koupit Magic Leap One Creator - ALEGER \u22c6 Augmented Reality<\/title>\n<meta name=\"description\" content=\"S br\u00fdlemi Magic Leap One Creator AR z\u00edsk\u00e1te mimo jin\u00e9 displej s vysok\u00fdm rozli\u0161en\u00edm a dlouhou v\u00fddr\u017e baterie - ide\u00e1ln\u00ed pro \u00fadr\u017ebu a spol.\" \/>\n<meta name=\"robots\" content=\"index, follow, max-snippet:-1, max-image-preview:large, max-video-preview:-1\" \/>\n<meta property=\"og:locale\" content=\"cs_CZ\" \/>\n<meta property=\"og:type\" content=\"article\" \/>\n<meta property=\"og:title\" content=\"Magic Leap One Creator, br\u00fdle pro roz\u0161\u00ed\u0159enou realitu, p\u0159enosn\u00fd po\u010d\u00edta\u010d\" \/>\n<meta property=\"og:description\" content=\"S br\u00fdlemi Magic Leap One Creator AR z\u00edsk\u00e1te mimo jin\u00e9 displej s vysok\u00fdm rozli\u0161en\u00edm a dlouhou v\u00fddr\u017e baterie - ide\u00e1ln\u00ed pro \u00fadr\u017ebu a spol.\" \/>\n<meta property=\"og:url\" content=\"https:\/\/alegerglobal.com\/cs\/shop-cs\/magic-leap-1-2\/\" \/>\n<meta property=\"og:site_name\" content=\"ALEGER \u22c6 Augmented Reality\" \/>\n<meta property=\"og:image\" content=\"https:\/\/alegerglobal.com\/wp-content\/uploads\/2021\/11\/Unbenannt.png\" \/>\n\t<meta property=\"og:image:width\" content=\"800\" \/>\n\t<meta property=\"og:image:height\" content=\"800\" \/>\n\t<meta property=\"og:image:type\" content=\"image\/png\" \/>\n<meta name=\"twitter:card\" content=\"summary_large_image\" \/>\n<meta name=\"twitter:label1\" content=\"Cena\" \/>\n\t<meta name=\"twitter:data1\" content=\"&euro;2.819,00\" \/>\n\t<meta name=\"twitter:label2\" content=\"Dostupnost\" \/>\n\t<meta name=\"twitter:data2\" content=\"Skladem\" \/>\n<script type=\"application\/ld+json\" class=\"yoast-schema-graph\">{\"@context\":\"https:\/\/schema.org\",\"@graph\":[{\"@type\":\"WebPage\",\"@id\":\"https:\/\/alegerglobal.com\/cs\/shop-cs\/magic-leap-1-2\/\",\"url\":\"https:\/\/alegerglobal.com\/cs\/shop-cs\/magic-leap-1-2\/\",\"name\":\"Koupit Magic Leap One Creator - ALEGER \u22c6 Augmented Reality\",\"isPartOf\":{\"@id\":\"https:\/\/alegerglobal.com\/cs\/#website\"},\"primaryImageOfPage\":{\"@id\":\"https:\/\/alegerglobal.com\/cs\/shop-cs\/magic-leap-1-2\/#primaryimage\"},\"image\":{\"@id\":\"https:\/\/alegerglobal.com\/cs\/shop-cs\/magic-leap-1-2\/#primaryimage\"},\"thumbnailUrl\":\"https:\/\/alegerglobal.com\/wp-content\/uploads\/2021\/11\/Unbenannt.png\",\"datePublished\":\"2022-05-19T08:08:51+00:00\",\"dateModified\":\"2022-05-19T08:08:51+00:00\",\"description\":\"S br\u00fdlemi Magic Leap One Creator AR z\u00edsk\u00e1te mimo jin\u00e9 displej s vysok\u00fdm rozli\u0161en\u00edm a dlouhou v\u00fddr\u017e baterie - ide\u00e1ln\u00ed pro \u00fadr\u017ebu a spol.\",\"breadcrumb\":{\"@id\":\"https:\/\/alegerglobal.com\/cs\/shop-cs\/magic-leap-1-2\/#breadcrumb\"},\"inLanguage\":\"cs\",\"potentialAction\":[{\"@type\":\"ReadAction\",\"target\":[\"https:\/\/alegerglobal.com\/cs\/shop-cs\/magic-leap-1-2\/\"]}]},{\"@type\":\"ImageObject\",\"inLanguage\":\"cs\",\"@id\":\"https:\/\/alegerglobal.com\/cs\/shop-cs\/magic-leap-1-2\/#primaryimage\",\"url\":\"https:\/\/alegerglobal.com\/wp-content\/uploads\/2021\/11\/Unbenannt.png\",\"contentUrl\":\"https:\/\/alegerglobal.com\/wp-content\/uploads\/2021\/11\/Unbenannt.png\",\"width\":800,\"height\":800},{\"@type\":\"BreadcrumbList\",\"@id\":\"https:\/\/alegerglobal.com\/cs\/shop-cs\/magic-leap-1-2\/#breadcrumb\",\"itemListElement\":[{\"@type\":\"ListItem\",\"position\":1,\"name\":\"Home\",\"item\":\"https:\/\/alegerglobal.com\/cs\/novinka-domovska-stranka\/\"},{\"@type\":\"ListItem\",\"position\":2,\"name\":\"Produkty\",\"item\":\"https:\/\/alegerglobal.com\/cs\/produkty\/\"},{\"@type\":\"ListItem\",\"position\":3,\"name\":\"Magic Leap One Creator, br\u00fdle pro roz\u0161\u00ed\u0159enou realitu, p\u0159enosn\u00fd po\u010d\u00edta\u010d\"}]},{\"@type\":\"WebSite\",\"@id\":\"https:\/\/alegerglobal.com\/cs\/#website\",\"url\":\"https:\/\/alegerglobal.com\/cs\/\",\"name\":\"ALEGER \u22c6 Augmented Reality\",\"description\":\"Die besten Augmented Reality (AR) L\u00f6sungen der Welt.\",\"publisher\":{\"@id\":\"https:\/\/alegerglobal.com\/cs\/#organization\"},\"potentialAction\":[{\"@type\":\"SearchAction\",\"target\":{\"@type\":\"EntryPoint\",\"urlTemplate\":\"https:\/\/alegerglobal.com\/cs\/?s={search_term_string}\"},\"query-input\":{\"@type\":\"PropertyValueSpecification\",\"valueRequired\":true,\"valueName\":\"search_term_string\"}}],\"inLanguage\":\"cs\"},{\"@type\":\"Organization\",\"@id\":\"https:\/\/alegerglobal.com\/cs\/#organization\",\"name\":\"ALEGER \u22c6 Augmented Reality\",\"url\":\"https:\/\/alegerglobal.com\/cs\/\",\"logo\":{\"@type\":\"ImageObject\",\"inLanguage\":\"cs\",\"@id\":\"https:\/\/alegerglobal.com\/cs\/#\/schema\/logo\/image\/\",\"url\":\"https:\/\/alegerglobal.com\/wp-content\/uploads\/2020\/12\/aleger-logo-quadrat.jpg\",\"contentUrl\":\"https:\/\/alegerglobal.com\/wp-content\/uploads\/2020\/12\/aleger-logo-quadrat.jpg\",\"width\":200,\"height\":176,\"caption\":\"ALEGER \u22c6 Augmented Reality\"},\"image\":{\"@id\":\"https:\/\/alegerglobal.com\/cs\/#\/schema\/logo\/image\/\"}}]}<\/script>\n<meta property=\"product:brand\" content=\"Magic Leap\" \/>\n<meta property=\"product:price:amount\" content=\"2819.00\" \/>\n<meta property=\"product:price:currency\" content=\"EUR\" \/>\n<meta property=\"og:availability\" content=\"instock\" \/>\n<meta property=\"product:availability\" content=\"instock\" \/>\n<meta property=\"product:condition\" content=\"new\" \/>\n<!-- \/ Yoast SEO Premium plugin. -->","yoast_head_json":{"title":"Koupit Magic Leap One Creator - ALEGER \u22c6 Augmented Reality","description":"S br\u00fdlemi Magic Leap One Creator AR z\u00edsk\u00e1te mimo jin\u00e9 displej s vysok\u00fdm rozli\u0161en\u00edm a dlouhou v\u00fddr\u017e baterie - ide\u00e1ln\u00ed pro \u00fadr\u017ebu a spol.","robots":{"index":"index","follow":"follow","max-snippet":"max-snippet:-1","max-image-preview":"max-image-preview:large","max-video-preview":"max-video-preview:-1"},"og_locale":"cs_CZ","og_type":"article","og_title":"Magic Leap One Creator, br\u00fdle pro roz\u0161\u00ed\u0159enou realitu, p\u0159enosn\u00fd po\u010d\u00edta\u010d","og_description":"S br\u00fdlemi Magic Leap One Creator AR z\u00edsk\u00e1te mimo jin\u00e9 displej s vysok\u00fdm rozli\u0161en\u00edm a dlouhou v\u00fddr\u017e baterie - ide\u00e1ln\u00ed pro \u00fadr\u017ebu a spol.","og_url":"https:\/\/alegerglobal.com\/cs\/shop-cs\/magic-leap-1-2\/","og_site_name":"ALEGER \u22c6 Augmented Reality","og_image":[{"width":800,"height":800,"url":"https:\/\/alegerglobal.com\/wp-content\/uploads\/2021\/11\/Unbenannt.png","type":"image\/png"}],"twitter_card":"summary_large_image","twitter_misc":{"Cena":"&euro;2.819,00","Dostupnost":"Skladem"},"schema":{"@context":"https:\/\/schema.org","@graph":[{"@type":"WebPage","@id":"https:\/\/alegerglobal.com\/cs\/shop-cs\/magic-leap-1-2\/","url":"https:\/\/alegerglobal.com\/cs\/shop-cs\/magic-leap-1-2\/","name":"Koupit Magic Leap One Creator - ALEGER \u22c6 Augmented Reality","isPartOf":{"@id":"https:\/\/alegerglobal.com\/cs\/#website"},"primaryImageOfPage":{"@id":"https:\/\/alegerglobal.com\/cs\/shop-cs\/magic-leap-1-2\/#primaryimage"},"image":{"@id":"https:\/\/alegerglobal.com\/cs\/shop-cs\/magic-leap-1-2\/#primaryimage"},"thumbnailUrl":"https:\/\/alegerglobal.com\/wp-content\/uploads\/2021\/11\/Unbenannt.png","datePublished":"2022-05-19T08:08:51+00:00","dateModified":"2022-05-19T08:08:51+00:00","description":"S br\u00fdlemi Magic Leap One Creator AR z\u00edsk\u00e1te mimo jin\u00e9 displej s vysok\u00fdm rozli\u0161en\u00edm a dlouhou v\u00fddr\u017e baterie - ide\u00e1ln\u00ed pro \u00fadr\u017ebu a spol.","breadcrumb":{"@id":"https:\/\/alegerglobal.com\/cs\/shop-cs\/magic-leap-1-2\/#breadcrumb"},"inLanguage":"cs","potentialAction":[{"@type":"ReadAction","target":["https:\/\/alegerglobal.com\/cs\/shop-cs\/magic-leap-1-2\/"]}]},{"@type":"ImageObject","inLanguage":"cs","@id":"https:\/\/alegerglobal.com\/cs\/shop-cs\/magic-leap-1-2\/#primaryimage","url":"https:\/\/alegerglobal.com\/wp-content\/uploads\/2021\/11\/Unbenannt.png","contentUrl":"https:\/\/alegerglobal.com\/wp-content\/uploads\/2021\/11\/Unbenannt.png","width":800,"height":800},{"@type":"BreadcrumbList","@id":"https:\/\/alegerglobal.com\/cs\/shop-cs\/magic-leap-1-2\/#breadcrumb","itemListElement":[{"@type":"ListItem","position":1,"name":"Home","item":"https:\/\/alegerglobal.com\/cs\/novinka-domovska-stranka\/"},{"@type":"ListItem","position":2,"name":"Produkty","item":"https:\/\/alegerglobal.com\/cs\/produkty\/"},{"@type":"ListItem","position":3,"name":"Magic Leap One Creator, br\u00fdle pro roz\u0161\u00ed\u0159enou realitu, p\u0159enosn\u00fd po\u010d\u00edta\u010d"}]},{"@type":"WebSite","@id":"https:\/\/alegerglobal.com\/cs\/#website","url":"https:\/\/alegerglobal.com\/cs\/","name":"ALEGER \u22c6 Augmented Reality","description":"Die besten Augmented Reality (AR) L\u00f6sungen der Welt.","publisher":{"@id":"https:\/\/alegerglobal.com\/cs\/#organization"},"potentialAction":[{"@type":"SearchAction","target":{"@type":"EntryPoint","urlTemplate":"https:\/\/alegerglobal.com\/cs\/?s={search_term_string}"},"query-input":{"@type":"PropertyValueSpecification","valueRequired":true,"valueName":"search_term_string"}}],"inLanguage":"cs"},{"@type":"Organization","@id":"https:\/\/alegerglobal.com\/cs\/#organization","name":"ALEGER \u22c6 Augmented Reality","url":"https:\/\/alegerglobal.com\/cs\/","logo":{"@type":"ImageObject","inLanguage":"cs","@id":"https:\/\/alegerglobal.com\/cs\/#\/schema\/logo\/image\/","url":"https:\/\/alegerglobal.com\/wp-content\/uploads\/2020\/12\/aleger-logo-quadrat.jpg","contentUrl":"https:\/\/alegerglobal.com\/wp-content\/uploads\/2020\/12\/aleger-logo-quadrat.jpg","width":200,"height":176,"caption":"ALEGER \u22c6 Augmented Reality"},"image":{"@id":"https:\/\/alegerglobal.com\/cs\/#\/schema\/logo\/image\/"}}]},"product_brand":"Magic Leap","product_price_amount":"2819.00","product_price_currency":"EUR","og_availability":"instock","product_availability":"instock","product_condition":"new"},"_links":{"self":[{"href":"https:\/\/alegerglobal.com\/cs\/wp-json\/wp\/v2\/product\/34995","targetHints":{"allow":["GET"]}}],"collection":[{"href":"https:\/\/alegerglobal.com\/cs\/wp-json\/wp\/v2\/product"}],"about":[{"href":"https:\/\/alegerglobal.com\/cs\/wp-json\/wp\/v2\/types\/product"}],"replies":[{"embeddable":true,"href":"https:\/\/alegerglobal.com\/cs\/wp-json\/wp\/v2\/comments?post=34995"}],"version-history":[{"count":0,"href":"https:\/\/alegerglobal.com\/cs\/wp-json\/wp\/v2\/product\/34995\/revisions"}],"wp:featuredmedia":[{"embeddable":true,"href":"https:\/\/alegerglobal.com\/cs\/wp-json\/wp\/v2\/media\/13238"}],"wp:attachment":[{"href":"https:\/\/alegerglobal.com\/cs\/wp-json\/wp\/v2\/media?parent=34995"}],"wp:term":[{"taxonomy":"product_brand","embeddable":true,"href":"https:\/\/alegerglobal.com\/cs\/wp-json\/wp\/v2\/product_brand?post=34995"},{"taxonomy":"product_cat","embeddable":true,"href":"https:\/\/alegerglobal.com\/cs\/wp-json\/wp\/v2\/product_cat?post=34995"},{"taxonomy":"product_tag","embeddable":true,"href":"https:\/\/alegerglobal.com\/cs\/wp-json\/wp\/v2\/product_tag?post=34995"}],"curies":[{"name":"wp","href":"https:\/\/api.w.org\/{rel}","templated":true}]}}