{"id":34993,"date":"2022-01-11T04:54:09","date_gmt":"2022-05-19T08:08:48","guid":{"rendered":"https:\/\/alegerglobal.com\/nezarazene\/rokid-x-craft-pro-zony-atex-1-a-2-jako-celenka-ar-ovladani-hands-free-5g-3-mikrofony\/"},"modified":"2022-05-19T09:08:48","modified_gmt":"2022-05-19T08:08:48","slug":"rokid-x-craft-2","status":"publish","type":"product","link":"https:\/\/alegerglobal.com\/cs\/shop-cs\/chytre-bryle\/rokid-x-craft-2\/","title":{"rendered":"Rokid X-Craft pro z\u00f3ny ATEX 1 a 2 jako \u010delenka AR, ovl\u00e1d\u00e1n\u00ed hands-free, 5G, 3 mikrofony"},"content":{"rendered":"","protected":false},"excerpt":{"rendered":"<ul>\n<li aria-level=\"1\"><b>Robustn\u00ed datov\u00e9 br\u00fdle pro z\u00f3ny Atex 1 a 2 s certifikac\u00ed IP66<\/b><\/li>\n<li aria-level=\"1\"><b>Ergonomick\u00fd design:<\/b><span style=\"font-weight: 400;\"> N\u00edzk\u00e1 a rovnom\u011brn\u011b rozlo\u017een\u00e1 hmotnost <\/span> <\/li>\n<li aria-level=\"1\"><b>Pou\u017e\u00edvejte s p\u0159ilbou:<\/b><span style=\"font-weight: 400;\"> Mont\u00e1\u017e na r\u016fzn\u00e9 p\u0159ilby<\/span><\/li>\n<li aria-level=\"1\"><b>s podporou 5G:<\/b><span style=\"font-weight: 400;\"> Modern\u00ed standardy p\u0159ipojen\u00ed pro pou\u017eit\u00ed v aplikac\u00edch IoT v re\u00e1ln\u00e9m \u010dase<\/span><\/li>\n<li aria-level=\"1\"><b>Hlasov\u00e9 ovl\u00e1d\u00e1n\u00ed bez pou\u017eit\u00ed rukou: <\/b><span style=\"font-weight: 400;\">3 mikrofony s um\u011blou inteligenc\u00ed zaji\u0161\u0165uj\u00ed p\u0159esn\u00e9 hlasov\u00e9 ovl\u00e1d\u00e1n\u00ed i v hlu\u010dn\u00e9m prost\u0159ed\u00ed<\/span><\/li>\n<li aria-level=\"1\"><b>P\u0159izp\u016fsobivost:<\/b><span style=\"font-weight: 400;\"> Modul\u00e1rn\u00ed syst\u00e9m umo\u017e\u0148uje p\u0159ipojen\u00ed p\u0159\u00edslu\u0161enstv\u00ed a za\u0159\u00edzen\u00ed, jako jsou senzory. <\/span> <\/li>\n<\/ul>\n<ul>\n<li style=\"list-style-type: none;\">\n<\/li>\n<\/ul>\n","protected":false},"featured_media":13483,"comment_status":"open","ping_status":"closed","template":"","meta":{"_acf_changed":false},"product_brand":[],"product_cat":[1527,1515,1516],"product_tag":[],"class_list":{"0":"post-34993","1":"product","2":"type-product","3":"status-publish","4":"has-post-thumbnail","6":"product_cat-atex-cs","7":"product_cat-chytre-bryle","8":"product_cat-shop-cs","9":"pa_hersteller-rokid-cs","11":"first","12":"instock","13":"taxable","14":"shipping-taxable","15":"product-type-simple"},"acf":[],"yoast_head":"<!-- This site is optimized with the Yoast SEO Premium plugin v20.10 (Yoast SEO v24.3) - https:\/\/yoast.com\/wordpress\/plugins\/seo\/ -->\n<title>Rokid X-Craft - pro z\u00f3ny ATEX 1 a 2sep ALEGER \u22c6 Augmented Reality<\/title>\n<meta name=\"description\" content=\"Hled\u00e1te odoln\u00e9 datov\u00e9 br\u00fdle pro pr\u00e1ci v prost\u0159ed\u00ed s nebezpe\u010d\u00edm v\u00fdbuchu. Kupte si Rokid X-Craft zde!\" \/>\n<meta name=\"robots\" content=\"index, follow, max-snippet:-1, max-image-preview:large, max-video-preview:-1\" \/>\n<meta property=\"og:locale\" content=\"cs_CZ\" \/>\n<meta property=\"og:type\" content=\"article\" \/>\n<meta property=\"og:title\" content=\"Rokid X-Craft pro z\u00f3ny ATEX 1 a 2 jako \u010delenka AR, ovl\u00e1d\u00e1n\u00ed hands-free, 5G, 3 mikrofony\" \/>\n<meta property=\"og:description\" content=\"Hled\u00e1te odoln\u00e9 datov\u00e9 br\u00fdle pro pr\u00e1ci v prost\u0159ed\u00ed s nebezpe\u010d\u00edm v\u00fdbuchu. Kupte si Rokid X-Craft zde!\" \/>\n<meta property=\"og:url\" content=\"https:\/\/alegerglobal.com\/cs\/shop-cs\/chytre-bryle\/rokid-x-craft-2\/\" \/>\n<meta property=\"og:site_name\" content=\"ALEGER \u22c6 Augmented Reality\" \/>\n<meta property=\"og:image\" content=\"https:\/\/alegerglobal.com\/wp-content\/uploads\/2022\/01\/dvsav.png\" \/>\n\t<meta property=\"og:image:width\" content=\"800\" \/>\n\t<meta property=\"og:image:height\" content=\"800\" \/>\n\t<meta property=\"og:image:type\" content=\"image\/png\" \/>\n<meta name=\"twitter:card\" content=\"summary_large_image\" \/>\n<meta name=\"twitter:label1\" content=\"Cena\" \/>\n\t<meta name=\"twitter:data1\" content=\"\" \/>\n\t<meta name=\"twitter:label2\" content=\"Dostupnost\" \/>\n\t<meta name=\"twitter:data2\" content=\"Skladem\" \/>\n<script type=\"application\/ld+json\" class=\"yoast-schema-graph\">{\"@context\":\"https:\/\/schema.org\",\"@graph\":[{\"@type\":\"WebPage\",\"@id\":\"https:\/\/alegerglobal.com\/cs\/shop-cs\/chytre-bryle\/rokid-x-craft-2\/\",\"url\":\"https:\/\/alegerglobal.com\/cs\/shop-cs\/chytre-bryle\/rokid-x-craft-2\/\",\"name\":\"Rokid X-Craft - pro z\u00f3ny ATEX 1 a 2sep ALEGER \u22c6 Augmented Reality\",\"isPartOf\":{\"@id\":\"https:\/\/alegerglobal.com\/cs\/#website\"},\"primaryImageOfPage\":{\"@id\":\"https:\/\/alegerglobal.com\/cs\/shop-cs\/chytre-bryle\/rokid-x-craft-2\/#primaryimage\"},\"image\":{\"@id\":\"https:\/\/alegerglobal.com\/cs\/shop-cs\/chytre-bryle\/rokid-x-craft-2\/#primaryimage\"},\"thumbnailUrl\":\"https:\/\/alegerglobal.com\/wp-content\/uploads\/2022\/01\/dvsav.png\",\"datePublished\":\"2022-05-19T08:08:48+00:00\",\"dateModified\":\"2022-05-19T08:08:48+00:00\",\"description\":\"Hled\u00e1te odoln\u00e9 datov\u00e9 br\u00fdle pro pr\u00e1ci v prost\u0159ed\u00ed s nebezpe\u010d\u00edm v\u00fdbuchu. Kupte si Rokid X-Craft zde!\",\"breadcrumb\":{\"@id\":\"https:\/\/alegerglobal.com\/cs\/shop-cs\/chytre-bryle\/rokid-x-craft-2\/#breadcrumb\"},\"inLanguage\":\"cs\",\"potentialAction\":[{\"@type\":\"ReadAction\",\"target\":[\"https:\/\/alegerglobal.com\/cs\/shop-cs\/chytre-bryle\/rokid-x-craft-2\/\"]}]},{\"@type\":\"ImageObject\",\"inLanguage\":\"cs\",\"@id\":\"https:\/\/alegerglobal.com\/cs\/shop-cs\/chytre-bryle\/rokid-x-craft-2\/#primaryimage\",\"url\":\"https:\/\/alegerglobal.com\/wp-content\/uploads\/2022\/01\/dvsav.png\",\"contentUrl\":\"https:\/\/alegerglobal.com\/wp-content\/uploads\/2022\/01\/dvsav.png\",\"width\":800,\"height\":800},{\"@type\":\"BreadcrumbList\",\"@id\":\"https:\/\/alegerglobal.com\/cs\/shop-cs\/chytre-bryle\/rokid-x-craft-2\/#breadcrumb\",\"itemListElement\":[{\"@type\":\"ListItem\",\"position\":1,\"name\":\"Home\",\"item\":\"https:\/\/alegerglobal.com\/cs\/novinka-domovska-stranka\/\"},{\"@type\":\"ListItem\",\"position\":2,\"name\":\"Produkty\",\"item\":\"https:\/\/alegerglobal.com\/cs\/produkty\/\"},{\"@type\":\"ListItem\",\"position\":3,\"name\":\"Rokid X-Craft pro z\u00f3ny ATEX 1 a 2 jako \u010delenka AR, ovl\u00e1d\u00e1n\u00ed hands-free, 5G, 3 mikrofony\"}]},{\"@type\":\"WebSite\",\"@id\":\"https:\/\/alegerglobal.com\/cs\/#website\",\"url\":\"https:\/\/alegerglobal.com\/cs\/\",\"name\":\"ALEGER \u22c6 Augmented Reality\",\"description\":\"Die besten Augmented Reality (AR) L\u00f6sungen der Welt.\",\"publisher\":{\"@id\":\"https:\/\/alegerglobal.com\/cs\/#organization\"},\"potentialAction\":[{\"@type\":\"SearchAction\",\"target\":{\"@type\":\"EntryPoint\",\"urlTemplate\":\"https:\/\/alegerglobal.com\/cs\/?s={search_term_string}\"},\"query-input\":{\"@type\":\"PropertyValueSpecification\",\"valueRequired\":true,\"valueName\":\"search_term_string\"}}],\"inLanguage\":\"cs\"},{\"@type\":\"Organization\",\"@id\":\"https:\/\/alegerglobal.com\/cs\/#organization\",\"name\":\"ALEGER \u22c6 Augmented Reality\",\"url\":\"https:\/\/alegerglobal.com\/cs\/\",\"logo\":{\"@type\":\"ImageObject\",\"inLanguage\":\"cs\",\"@id\":\"https:\/\/alegerglobal.com\/cs\/#\/schema\/logo\/image\/\",\"url\":\"https:\/\/alegerglobal.com\/wp-content\/uploads\/2020\/12\/aleger-logo-quadrat.jpg\",\"contentUrl\":\"https:\/\/alegerglobal.com\/wp-content\/uploads\/2020\/12\/aleger-logo-quadrat.jpg\",\"width\":200,\"height\":176,\"caption\":\"ALEGER \u22c6 Augmented Reality\"},\"image\":{\"@id\":\"https:\/\/alegerglobal.com\/cs\/#\/schema\/logo\/image\/\"}}]}<\/script>\n<meta property=\"product:brand\" content=\"Rokid\" \/>\n<meta property=\"product:price:amount\" content=\"0.00\" \/>\n<meta property=\"product:price:currency\" content=\"EUR\" \/>\n<meta property=\"og:availability\" content=\"instock\" \/>\n<meta property=\"product:availability\" content=\"instock\" \/>\n<meta property=\"product:condition\" content=\"new\" \/>\n<!-- \/ Yoast SEO Premium plugin. -->","yoast_head_json":{"title":"Rokid X-Craft - pro z\u00f3ny ATEX 1 a 2sep ALEGER \u22c6 Augmented Reality","description":"Hled\u00e1te odoln\u00e9 datov\u00e9 br\u00fdle pro pr\u00e1ci v prost\u0159ed\u00ed s nebezpe\u010d\u00edm v\u00fdbuchu. Kupte si Rokid X-Craft zde!","robots":{"index":"index","follow":"follow","max-snippet":"max-snippet:-1","max-image-preview":"max-image-preview:large","max-video-preview":"max-video-preview:-1"},"og_locale":"cs_CZ","og_type":"article","og_title":"Rokid X-Craft pro z\u00f3ny ATEX 1 a 2 jako \u010delenka AR, ovl\u00e1d\u00e1n\u00ed hands-free, 5G, 3 mikrofony","og_description":"Hled\u00e1te odoln\u00e9 datov\u00e9 br\u00fdle pro pr\u00e1ci v prost\u0159ed\u00ed s nebezpe\u010d\u00edm v\u00fdbuchu. Kupte si Rokid X-Craft zde!","og_url":"https:\/\/alegerglobal.com\/cs\/shop-cs\/chytre-bryle\/rokid-x-craft-2\/","og_site_name":"ALEGER \u22c6 Augmented Reality","og_image":[{"width":800,"height":800,"url":"https:\/\/alegerglobal.com\/wp-content\/uploads\/2022\/01\/dvsav.png","type":"image\/png"}],"twitter_card":"summary_large_image","twitter_misc":{"Cena":"","Dostupnost":"Skladem"},"schema":{"@context":"https:\/\/schema.org","@graph":[{"@type":"WebPage","@id":"https:\/\/alegerglobal.com\/cs\/shop-cs\/chytre-bryle\/rokid-x-craft-2\/","url":"https:\/\/alegerglobal.com\/cs\/shop-cs\/chytre-bryle\/rokid-x-craft-2\/","name":"Rokid X-Craft - pro z\u00f3ny ATEX 1 a 2sep ALEGER \u22c6 Augmented Reality","isPartOf":{"@id":"https:\/\/alegerglobal.com\/cs\/#website"},"primaryImageOfPage":{"@id":"https:\/\/alegerglobal.com\/cs\/shop-cs\/chytre-bryle\/rokid-x-craft-2\/#primaryimage"},"image":{"@id":"https:\/\/alegerglobal.com\/cs\/shop-cs\/chytre-bryle\/rokid-x-craft-2\/#primaryimage"},"thumbnailUrl":"https:\/\/alegerglobal.com\/wp-content\/uploads\/2022\/01\/dvsav.png","datePublished":"2022-05-19T08:08:48+00:00","dateModified":"2022-05-19T08:08:48+00:00","description":"Hled\u00e1te odoln\u00e9 datov\u00e9 br\u00fdle pro pr\u00e1ci v prost\u0159ed\u00ed s nebezpe\u010d\u00edm v\u00fdbuchu. Kupte si Rokid X-Craft zde!","breadcrumb":{"@id":"https:\/\/alegerglobal.com\/cs\/shop-cs\/chytre-bryle\/rokid-x-craft-2\/#breadcrumb"},"inLanguage":"cs","potentialAction":[{"@type":"ReadAction","target":["https:\/\/alegerglobal.com\/cs\/shop-cs\/chytre-bryle\/rokid-x-craft-2\/"]}]},{"@type":"ImageObject","inLanguage":"cs","@id":"https:\/\/alegerglobal.com\/cs\/shop-cs\/chytre-bryle\/rokid-x-craft-2\/#primaryimage","url":"https:\/\/alegerglobal.com\/wp-content\/uploads\/2022\/01\/dvsav.png","contentUrl":"https:\/\/alegerglobal.com\/wp-content\/uploads\/2022\/01\/dvsav.png","width":800,"height":800},{"@type":"BreadcrumbList","@id":"https:\/\/alegerglobal.com\/cs\/shop-cs\/chytre-bryle\/rokid-x-craft-2\/#breadcrumb","itemListElement":[{"@type":"ListItem","position":1,"name":"Home","item":"https:\/\/alegerglobal.com\/cs\/novinka-domovska-stranka\/"},{"@type":"ListItem","position":2,"name":"Produkty","item":"https:\/\/alegerglobal.com\/cs\/produkty\/"},{"@type":"ListItem","position":3,"name":"Rokid X-Craft pro z\u00f3ny ATEX 1 a 2 jako \u010delenka AR, ovl\u00e1d\u00e1n\u00ed hands-free, 5G, 3 mikrofony"}]},{"@type":"WebSite","@id":"https:\/\/alegerglobal.com\/cs\/#website","url":"https:\/\/alegerglobal.com\/cs\/","name":"ALEGER \u22c6 Augmented Reality","description":"Die besten Augmented Reality (AR) L\u00f6sungen der Welt.","publisher":{"@id":"https:\/\/alegerglobal.com\/cs\/#organization"},"potentialAction":[{"@type":"SearchAction","target":{"@type":"EntryPoint","urlTemplate":"https:\/\/alegerglobal.com\/cs\/?s={search_term_string}"},"query-input":{"@type":"PropertyValueSpecification","valueRequired":true,"valueName":"search_term_string"}}],"inLanguage":"cs"},{"@type":"Organization","@id":"https:\/\/alegerglobal.com\/cs\/#organization","name":"ALEGER \u22c6 Augmented Reality","url":"https:\/\/alegerglobal.com\/cs\/","logo":{"@type":"ImageObject","inLanguage":"cs","@id":"https:\/\/alegerglobal.com\/cs\/#\/schema\/logo\/image\/","url":"https:\/\/alegerglobal.com\/wp-content\/uploads\/2020\/12\/aleger-logo-quadrat.jpg","contentUrl":"https:\/\/alegerglobal.com\/wp-content\/uploads\/2020\/12\/aleger-logo-quadrat.jpg","width":200,"height":176,"caption":"ALEGER \u22c6 Augmented Reality"},"image":{"@id":"https:\/\/alegerglobal.com\/cs\/#\/schema\/logo\/image\/"}}]},"product_brand":"Rokid","product_price_amount":"0.00","product_price_currency":"EUR","og_availability":"instock","product_availability":"instock","product_condition":"new"},"_links":{"self":[{"href":"https:\/\/alegerglobal.com\/cs\/wp-json\/wp\/v2\/product\/34993","targetHints":{"allow":["GET"]}}],"collection":[{"href":"https:\/\/alegerglobal.com\/cs\/wp-json\/wp\/v2\/product"}],"about":[{"href":"https:\/\/alegerglobal.com\/cs\/wp-json\/wp\/v2\/types\/product"}],"replies":[{"embeddable":true,"href":"https:\/\/alegerglobal.com\/cs\/wp-json\/wp\/v2\/comments?post=34993"}],"version-history":[{"count":0,"href":"https:\/\/alegerglobal.com\/cs\/wp-json\/wp\/v2\/product\/34993\/revisions"}],"wp:featuredmedia":[{"embeddable":true,"href":"https:\/\/alegerglobal.com\/cs\/wp-json\/wp\/v2\/media\/13483"}],"wp:attachment":[{"href":"https:\/\/alegerglobal.com\/cs\/wp-json\/wp\/v2\/media?parent=34993"}],"wp:term":[{"taxonomy":"product_brand","embeddable":true,"href":"https:\/\/alegerglobal.com\/cs\/wp-json\/wp\/v2\/product_brand?post=34993"},{"taxonomy":"product_cat","embeddable":true,"href":"https:\/\/alegerglobal.com\/cs\/wp-json\/wp\/v2\/product_cat?post=34993"},{"taxonomy":"product_tag","embeddable":true,"href":"https:\/\/alegerglobal.com\/cs\/wp-json\/wp\/v2\/product_tag?post=34993"}],"curies":[{"name":"wp","href":"https:\/\/api.w.org\/{rel}","templated":true}]}}