{"id":34991,"date":"2024-01-10T08:25:29","date_gmt":"2022-05-19T08:08:16","guid":{"rendered":"https:\/\/alegerglobal.com\/nezarazene\/getac-f110-ex-tablet-odolny-proti-vybuchu-ip65-mil-std-810g-windows-10-pro\/"},"modified":"2026-03-25T17:20:01","modified_gmt":"2026-03-25T16:20:01","slug":"getac-f110-ex-2","status":"publish","type":"product","link":"https:\/\/alegerglobal.com\/cs\/shop-cs\/atex-cs\/getac-f110-ex-2\/","title":{"rendered":"Getac F110-EX &#8211; pln\u011b odoln\u00fd tablet odoln\u00fd proti v\u00fdbuchu (ATEX \/ IECEx)"},"content":{"rendered":"<p><a>P\u0159ehled<\/a><br \/>\n<a>Technick\u00e9 detaily<\/a><br \/>\nP\u0159ehled<\/p>\n<h2>Tablet s kryt\u00edm IP65 od spole\u010dnosti Getac pro pou\u017eit\u00ed v z\u00f3n\u011b ATEX 2 s displejem LumiBond<\/h2>\n<p>Po\u010d\u00edta\u010d Getac F110-ex v nev\u00fdbu\u0161n\u00e9m proveden\u00ed je d\u00edky sv\u00e9 robustnosti v kombinaci s velk\u00fdm v\u00fdpo\u010detn\u00edm v\u00fdkonem u\u017eite\u010dn\u00fdm pracovn\u00edm n\u00e1strojem pro provozy v z\u00f3n\u011b ATEX 2. Nab\u00edz\u00ed flexibiln\u00ed mo\u017enosti konfigurace a velk\u00fd a jasn\u00fd displej, kter\u00fd usnad\u0148uje pr\u00e1ci ve v\u011btru a za nep\u0159\u00edzniv\u00e9ho po\u010das\u00ed. Model F110-ex odol\u00e1v\u00e1 tak\u00e9 prachu a vlhkosti d\u00edky certifikaci IP65. Je tak\u00e9 chr\u00e1n\u011bn proti po\u0161kozen\u00ed p\u00e1dem a\u017e do v\u00fd\u0161ky 180 cm.<\/p>\n<p>11,6palcov\u00fd displej s rozli\u0161en\u00edm Full HD vyu\u017e\u00edv\u00e1 inovativn\u00ed technologii LumiBond, kter\u00e1 zaji\u0161\u0165uje vy\u0161\u0161\u00ed odolnost, ostr\u00e9 kontrasty a \u010dten\u00ed bez odlesk\u016f na slunci. D\u00edky displeji LumiBond je Getac F110-Ex ide\u00e1ln\u00edm spole\u010dn\u00edkem pro venkovn\u00ed pou\u017eit\u00ed.<\/p>\n<h2>Snadn\u00e1 navigace a dlouh\u00e1 doba provozu d\u00edky syst\u00e9mu v\u00fdm\u011bny bateri\u00ed How-Swap<\/h2>\n<p>\u010cty\u0159i r\u016fzn\u00e9 dotykov\u00e9 re\u017eimy umo\u017e\u0148uj\u00ed pohodlnou navigaci i v rukavic\u00edch, v de\u0161ti nebo pomoc\u00ed stylusu. Z\u00e1rove\u0148 z\u016fst\u00e1v\u00e1te se za\u0159\u00edzen\u00edm st\u00e1le mobiln\u00ed, proto\u017ee nen\u00ed v\u011bt\u0161\u00ed ne\u017e list pap\u00edru DIN A4. Dv\u011b baterie umo\u017e\u0148uj\u00ed pou\u017e\u00edv\u00e1n\u00ed po celou sm\u011bnu bez nab\u00edjen\u00ed. Model F110-ex je vybaven syst\u00e9mem hot-swap, tak\u017ee m\u016f\u017eete snadno vym\u011bnit jednu baterii b\u011bhem provozu.<\/p>\n<p>Pokud dojde k po\u0161kozen\u00ed p\u0159\u00edstroje p\u0159i pou\u017e\u00edv\u00e1n\u00ed, m\u016f\u017eete vyu\u017e\u00edt t\u0159\u00edletou z\u00e1ruku, tak\u017ee b\u011bhem n\u011bkolika dn\u00ed obdr\u017e\u00edte zp\u011bt funk\u010dn\u00ed p\u0159\u00edstroj.<\/p>\n<p>Technick\u00e9 detaily<\/p>\n","protected":false},"excerpt":{"rendered":"<ul>\n<li data-start=\"204\" data-end=\"404\"><strong data-start=\"204\" data-end=\"250\">Pln\u011b odoln\u00fd tablet proti v\u00fdbuchu:<\/strong><br data-start=\"250\" data-end=\"253\">Certifik\u00e1t ATEX a IECEx (z\u00f3na 2\/22), testov\u00e1no podle MIL-STD-810H a IP66 &#8211; vyvinuto pro bezpe\u010dn\u00e9 pou\u017eit\u00ed v prost\u0159ed\u00ed s nebezpe\u010d\u00edm v\u00fdbuchu.<\/li>\n<li data-start=\"406\" data-end=\"526\"><strong data-start=\"406\" data-end=\"434\">Modern\u00ed opera\u010dn\u00ed syst\u00e9m:<\/strong><br data-start=\"434\" data-end=\"437\">Windows 11 Pro umo\u017e\u0148uje pou\u017e\u00edvat v\u0161echny b\u011b\u017en\u00e9 obchodn\u00ed a pr\u016fmyslov\u00e9 aplikace.<\/li>\n<li data-start=\"528\" data-end=\"680\"><strong data-start=\"528\" data-end=\"547\">V\u00fdkonn\u00fd:<\/strong><br data-start=\"547\" data-end=\"550\">Procesor Intel\u00ae Core\u2122 i5-1335U (a\u017e 4,6 GHz) a 16 GB pam\u011bti DDR5 zaji\u0161\u0165uj\u00ed rychl\u00fd a spolehliv\u00fd v\u00fdkon.<\/li>\n<li data-start=\"682\" data-end=\"877\"><strong data-start=\"682\" data-end=\"714\">Jasn\u00fd a odoln\u00fd displej:<\/strong><br data-start=\"714\" data-end=\"717\">11,6palcov\u00fd displej s rozli\u0161en\u00edm Full HD (1920 x 1080) s technologi\u00ed LumiBond\u00ae 2.0 a jasem a\u017e 1200 nit\u016f &#8211; optim\u00e1ln\u00ed \u010ditelnost i na p\u0159\u00edm\u00e9m slune\u010dn\u00edm sv\u011btle.<\/li>\n<li data-start=\"879\" data-end=\"1007\"><strong data-start=\"879\" data-end=\"907\">Zv\u00fd\u0161en\u00e1 ochrana proti p\u00e1du:<\/strong><br data-start=\"907\" data-end=\"910\">Ochrana proti n\u00e1raz\u016fm a vibrac\u00edm podle normy MIL-STD-810H, ur\u010den\u00e1 pro profesion\u00e1ln\u00ed venkovn\u00ed pou\u017eit\u00ed.<\/li>\n<li data-start=\"1009\" data-end=\"1125\"><strong data-start=\"1009\" data-end=\"1038\">Flexibiln\u00ed nap\u00e1jen\u00ed:<\/strong><br data-start=\"1038\" data-end=\"1041\">Hot-swap syst\u00e9m se dv\u011bma bateriemi pro nep\u0159etr\u017eit\u00fd provoz a dlouhou provozn\u00ed dobu.<\/li>\n<\/ul>\n","protected":false},"featured_media":13312,"comment_status":"open","ping_status":"closed","template":"","meta":{"_acf_changed":false},"product_brand":[],"product_cat":[1527,2626,2625],"product_tag":[],"class_list":{"0":"post-34991","1":"product","2":"type-product","3":"status-publish","4":"has-post-thumbnail","6":"product_cat-atex-cs","7":"product_cat-komunikace","8":"product_cat-mobilni-vypocetni-technika","9":"pa_hersteller-getac-cs","11":"first","12":"instock","13":"taxable","14":"shipping-taxable","15":"purchasable","16":"product-type-simple"},"acf":[],"yoast_head":"<!-- This site is optimized with the Yoast SEO Premium plugin v20.10 (Yoast SEO v24.3) - https:\/\/yoast.com\/wordpress\/plugins\/seo\/ -->\n<title>Kupte si Getac F110-ex zde - ALEGER \u22c6 Augmented Reality<\/title>\n<meta name=\"description\" content=\"Objevte tablet odoln\u00fd proti v\u00fdbuchu s kryt\u00edm IP65 od spole\u010dnosti Getac zde! Je to u\u017eite\u010dn\u00fd pracovn\u00ed n\u00e1stroj pro provoz v z\u00f3n\u011b ATEX 2!\" \/>\n<meta name=\"robots\" content=\"index, follow, max-snippet:-1, max-image-preview:large, max-video-preview:-1\" \/>\n<meta property=\"og:locale\" content=\"cs_CZ\" \/>\n<meta property=\"og:type\" content=\"article\" \/>\n<meta property=\"og:title\" content=\"Getac F110-EX - pln\u011b odoln\u00fd tablet odoln\u00fd proti v\u00fdbuchu (ATEX \/ IECEx)\" \/>\n<meta property=\"og:description\" content=\"Objevte tablet odoln\u00fd proti v\u00fdbuchu s kryt\u00edm IP65 od spole\u010dnosti Getac zde! Je to u\u017eite\u010dn\u00fd pracovn\u00ed n\u00e1stroj pro provoz v z\u00f3n\u011b ATEX 2!\" \/>\n<meta property=\"og:url\" content=\"https:\/\/alegerglobal.com\/cs\/shop-cs\/atex-cs\/getac-f110-ex-2\/\" \/>\n<meta property=\"og:site_name\" content=\"ALEGER \u22c6 Augmented Reality\" \/>\n<meta property=\"article:modified_time\" content=\"2026-03-25T16:20:01+00:00\" \/>\n<meta property=\"og:image\" content=\"https:\/\/alegerglobal.com\/wp-content\/uploads\/2021\/03\/Unbenannt-12.jpg\" \/>\n\t<meta property=\"og:image:width\" content=\"800\" \/>\n\t<meta property=\"og:image:height\" content=\"800\" \/>\n\t<meta property=\"og:image:type\" content=\"image\/jpeg\" \/>\n<meta name=\"twitter:card\" content=\"summary_large_image\" \/>\n<meta name=\"twitter:label1\" content=\"Cena\" \/>\n\t<meta name=\"twitter:data1\" content=\"&euro;3.041,99\" \/>\n\t<meta name=\"twitter:label2\" content=\"Dostupnost\" \/>\n\t<meta name=\"twitter:data2\" content=\"Skladem\" \/>\n<script type=\"application\/ld+json\" class=\"yoast-schema-graph\">{\"@context\":\"https:\/\/schema.org\",\"@graph\":[{\"@type\":\"WebPage\",\"@id\":\"https:\/\/alegerglobal.com\/cs\/shop-cs\/atex-cs\/getac-f110-ex-2\/\",\"url\":\"https:\/\/alegerglobal.com\/cs\/shop-cs\/atex-cs\/getac-f110-ex-2\/\",\"name\":\"Kupte si Getac F110-ex zde - ALEGER \u22c6 Augmented Reality\",\"isPartOf\":{\"@id\":\"https:\/\/alegerglobal.com\/cs\/#website\"},\"primaryImageOfPage\":{\"@id\":\"https:\/\/alegerglobal.com\/cs\/shop-cs\/atex-cs\/getac-f110-ex-2\/#primaryimage\"},\"image\":{\"@id\":\"https:\/\/alegerglobal.com\/cs\/shop-cs\/atex-cs\/getac-f110-ex-2\/#primaryimage\"},\"thumbnailUrl\":\"https:\/\/alegerglobal.com\/wp-content\/uploads\/2021\/03\/Unbenannt-12.jpg\",\"datePublished\":\"2022-05-19T08:08:16+00:00\",\"dateModified\":\"2026-03-25T16:20:01+00:00\",\"description\":\"Objevte tablet odoln\u00fd proti v\u00fdbuchu s kryt\u00edm IP65 od spole\u010dnosti Getac zde! Je to u\u017eite\u010dn\u00fd pracovn\u00ed n\u00e1stroj pro provoz v z\u00f3n\u011b ATEX 2!\",\"breadcrumb\":{\"@id\":\"https:\/\/alegerglobal.com\/cs\/shop-cs\/atex-cs\/getac-f110-ex-2\/#breadcrumb\"},\"inLanguage\":\"cs\",\"potentialAction\":[{\"@type\":\"ReadAction\",\"target\":[\"https:\/\/alegerglobal.com\/cs\/shop-cs\/atex-cs\/getac-f110-ex-2\/\"]}]},{\"@type\":\"ImageObject\",\"inLanguage\":\"cs\",\"@id\":\"https:\/\/alegerglobal.com\/cs\/shop-cs\/atex-cs\/getac-f110-ex-2\/#primaryimage\",\"url\":\"https:\/\/alegerglobal.com\/wp-content\/uploads\/2021\/03\/Unbenannt-12.jpg\",\"contentUrl\":\"https:\/\/alegerglobal.com\/wp-content\/uploads\/2021\/03\/Unbenannt-12.jpg\",\"width\":800,\"height\":800,\"caption\":\"Getac F110-EX\"},{\"@type\":\"BreadcrumbList\",\"@id\":\"https:\/\/alegerglobal.com\/cs\/shop-cs\/atex-cs\/getac-f110-ex-2\/#breadcrumb\",\"itemListElement\":[{\"@type\":\"ListItem\",\"position\":1,\"name\":\"Home\",\"item\":\"https:\/\/alegerglobal.com\/cs\/novinka-domovska-stranka\/\"},{\"@type\":\"ListItem\",\"position\":2,\"name\":\"Produkty\",\"item\":\"https:\/\/alegerglobal.com\/cs\/produkty\/\"},{\"@type\":\"ListItem\",\"position\":3,\"name\":\"Getac F110-EX &#8211; pln\u011b odoln\u00fd tablet odoln\u00fd proti v\u00fdbuchu (ATEX \/ IECEx)\"}]},{\"@type\":\"WebSite\",\"@id\":\"https:\/\/alegerglobal.com\/cs\/#website\",\"url\":\"https:\/\/alegerglobal.com\/cs\/\",\"name\":\"ALEGER \u22c6 Augmented Reality\",\"description\":\"Die besten Augmented Reality (AR) L\u00f6sungen der Welt.\",\"publisher\":{\"@id\":\"https:\/\/alegerglobal.com\/cs\/#organization\"},\"potentialAction\":[{\"@type\":\"SearchAction\",\"target\":{\"@type\":\"EntryPoint\",\"urlTemplate\":\"https:\/\/alegerglobal.com\/cs\/?s={search_term_string}\"},\"query-input\":{\"@type\":\"PropertyValueSpecification\",\"valueRequired\":true,\"valueName\":\"search_term_string\"}}],\"inLanguage\":\"cs\"},{\"@type\":\"Organization\",\"@id\":\"https:\/\/alegerglobal.com\/cs\/#organization\",\"name\":\"ALEGER \u22c6 Augmented Reality\",\"url\":\"https:\/\/alegerglobal.com\/cs\/\",\"logo\":{\"@type\":\"ImageObject\",\"inLanguage\":\"cs\",\"@id\":\"https:\/\/alegerglobal.com\/cs\/#\/schema\/logo\/image\/\",\"url\":\"https:\/\/alegerglobal.com\/wp-content\/uploads\/2020\/12\/aleger-logo-quadrat.jpg\",\"contentUrl\":\"https:\/\/alegerglobal.com\/wp-content\/uploads\/2020\/12\/aleger-logo-quadrat.jpg\",\"width\":200,\"height\":176,\"caption\":\"ALEGER \u22c6 Augmented Reality\"},\"image\":{\"@id\":\"https:\/\/alegerglobal.com\/cs\/#\/schema\/logo\/image\/\"}}]}<\/script>\n<meta property=\"product:brand\" content=\"Getac\" \/>\n<meta property=\"product:price:amount\" content=\"3041.99\" \/>\n<meta property=\"product:price:currency\" content=\"EUR\" \/>\n<meta property=\"og:availability\" content=\"instock\" \/>\n<meta property=\"product:availability\" content=\"instock\" \/>\n<meta property=\"product:condition\" content=\"new\" \/>\n<!-- \/ Yoast SEO Premium plugin. -->","yoast_head_json":{"title":"Kupte si Getac F110-ex zde - ALEGER \u22c6 Augmented Reality","description":"Objevte tablet odoln\u00fd proti v\u00fdbuchu s kryt\u00edm IP65 od spole\u010dnosti Getac zde! Je to u\u017eite\u010dn\u00fd pracovn\u00ed n\u00e1stroj pro provoz v z\u00f3n\u011b ATEX 2!","robots":{"index":"index","follow":"follow","max-snippet":"max-snippet:-1","max-image-preview":"max-image-preview:large","max-video-preview":"max-video-preview:-1"},"og_locale":"cs_CZ","og_type":"article","og_title":"Getac F110-EX - pln\u011b odoln\u00fd tablet odoln\u00fd proti v\u00fdbuchu (ATEX \/ IECEx)","og_description":"Objevte tablet odoln\u00fd proti v\u00fdbuchu s kryt\u00edm IP65 od spole\u010dnosti Getac zde! Je to u\u017eite\u010dn\u00fd pracovn\u00ed n\u00e1stroj pro provoz v z\u00f3n\u011b ATEX 2!","og_url":"https:\/\/alegerglobal.com\/cs\/shop-cs\/atex-cs\/getac-f110-ex-2\/","og_site_name":"ALEGER \u22c6 Augmented Reality","article_modified_time":"2026-03-25T16:20:01+00:00","og_image":[{"width":800,"height":800,"url":"https:\/\/alegerglobal.com\/wp-content\/uploads\/2021\/03\/Unbenannt-12.jpg","type":"image\/jpeg"}],"twitter_card":"summary_large_image","twitter_misc":{"Cena":"&euro;3.041,99","Dostupnost":"Skladem"},"schema":{"@context":"https:\/\/schema.org","@graph":[{"@type":"WebPage","@id":"https:\/\/alegerglobal.com\/cs\/shop-cs\/atex-cs\/getac-f110-ex-2\/","url":"https:\/\/alegerglobal.com\/cs\/shop-cs\/atex-cs\/getac-f110-ex-2\/","name":"Kupte si Getac F110-ex zde - ALEGER \u22c6 Augmented Reality","isPartOf":{"@id":"https:\/\/alegerglobal.com\/cs\/#website"},"primaryImageOfPage":{"@id":"https:\/\/alegerglobal.com\/cs\/shop-cs\/atex-cs\/getac-f110-ex-2\/#primaryimage"},"image":{"@id":"https:\/\/alegerglobal.com\/cs\/shop-cs\/atex-cs\/getac-f110-ex-2\/#primaryimage"},"thumbnailUrl":"https:\/\/alegerglobal.com\/wp-content\/uploads\/2021\/03\/Unbenannt-12.jpg","datePublished":"2022-05-19T08:08:16+00:00","dateModified":"2026-03-25T16:20:01+00:00","description":"Objevte tablet odoln\u00fd proti v\u00fdbuchu s kryt\u00edm IP65 od spole\u010dnosti Getac zde! Je to u\u017eite\u010dn\u00fd pracovn\u00ed n\u00e1stroj pro provoz v z\u00f3n\u011b ATEX 2!","breadcrumb":{"@id":"https:\/\/alegerglobal.com\/cs\/shop-cs\/atex-cs\/getac-f110-ex-2\/#breadcrumb"},"inLanguage":"cs","potentialAction":[{"@type":"ReadAction","target":["https:\/\/alegerglobal.com\/cs\/shop-cs\/atex-cs\/getac-f110-ex-2\/"]}]},{"@type":"ImageObject","inLanguage":"cs","@id":"https:\/\/alegerglobal.com\/cs\/shop-cs\/atex-cs\/getac-f110-ex-2\/#primaryimage","url":"https:\/\/alegerglobal.com\/wp-content\/uploads\/2021\/03\/Unbenannt-12.jpg","contentUrl":"https:\/\/alegerglobal.com\/wp-content\/uploads\/2021\/03\/Unbenannt-12.jpg","width":800,"height":800,"caption":"Getac F110-EX"},{"@type":"BreadcrumbList","@id":"https:\/\/alegerglobal.com\/cs\/shop-cs\/atex-cs\/getac-f110-ex-2\/#breadcrumb","itemListElement":[{"@type":"ListItem","position":1,"name":"Home","item":"https:\/\/alegerglobal.com\/cs\/novinka-domovska-stranka\/"},{"@type":"ListItem","position":2,"name":"Produkty","item":"https:\/\/alegerglobal.com\/cs\/produkty\/"},{"@type":"ListItem","position":3,"name":"Getac F110-EX &#8211; pln\u011b odoln\u00fd tablet odoln\u00fd proti v\u00fdbuchu (ATEX \/ IECEx)"}]},{"@type":"WebSite","@id":"https:\/\/alegerglobal.com\/cs\/#website","url":"https:\/\/alegerglobal.com\/cs\/","name":"ALEGER \u22c6 Augmented Reality","description":"Die besten Augmented Reality (AR) L\u00f6sungen der Welt.","publisher":{"@id":"https:\/\/alegerglobal.com\/cs\/#organization"},"potentialAction":[{"@type":"SearchAction","target":{"@type":"EntryPoint","urlTemplate":"https:\/\/alegerglobal.com\/cs\/?s={search_term_string}"},"query-input":{"@type":"PropertyValueSpecification","valueRequired":true,"valueName":"search_term_string"}}],"inLanguage":"cs"},{"@type":"Organization","@id":"https:\/\/alegerglobal.com\/cs\/#organization","name":"ALEGER \u22c6 Augmented Reality","url":"https:\/\/alegerglobal.com\/cs\/","logo":{"@type":"ImageObject","inLanguage":"cs","@id":"https:\/\/alegerglobal.com\/cs\/#\/schema\/logo\/image\/","url":"https:\/\/alegerglobal.com\/wp-content\/uploads\/2020\/12\/aleger-logo-quadrat.jpg","contentUrl":"https:\/\/alegerglobal.com\/wp-content\/uploads\/2020\/12\/aleger-logo-quadrat.jpg","width":200,"height":176,"caption":"ALEGER \u22c6 Augmented Reality"},"image":{"@id":"https:\/\/alegerglobal.com\/cs\/#\/schema\/logo\/image\/"}}]},"product_brand":"Getac","product_price_amount":"3041.99","product_price_currency":"EUR","og_availability":"instock","product_availability":"instock","product_condition":"new"},"_links":{"self":[{"href":"https:\/\/alegerglobal.com\/cs\/wp-json\/wp\/v2\/product\/34991","targetHints":{"allow":["GET"]}}],"collection":[{"href":"https:\/\/alegerglobal.com\/cs\/wp-json\/wp\/v2\/product"}],"about":[{"href":"https:\/\/alegerglobal.com\/cs\/wp-json\/wp\/v2\/types\/product"}],"replies":[{"embeddable":true,"href":"https:\/\/alegerglobal.com\/cs\/wp-json\/wp\/v2\/comments?post=34991"}],"version-history":[{"count":1,"href":"https:\/\/alegerglobal.com\/cs\/wp-json\/wp\/v2\/product\/34991\/revisions"}],"predecessor-version":[{"id":54076,"href":"https:\/\/alegerglobal.com\/cs\/wp-json\/wp\/v2\/product\/34991\/revisions\/54076"}],"wp:featuredmedia":[{"embeddable":true,"href":"https:\/\/alegerglobal.com\/cs\/wp-json\/wp\/v2\/media\/13312"}],"wp:attachment":[{"href":"https:\/\/alegerglobal.com\/cs\/wp-json\/wp\/v2\/media?parent=34991"}],"wp:term":[{"taxonomy":"product_brand","embeddable":true,"href":"https:\/\/alegerglobal.com\/cs\/wp-json\/wp\/v2\/product_brand?post=34991"},{"taxonomy":"product_cat","embeddable":true,"href":"https:\/\/alegerglobal.com\/cs\/wp-json\/wp\/v2\/product_cat?post=34991"},{"taxonomy":"product_tag","embeddable":true,"href":"https:\/\/alegerglobal.com\/cs\/wp-json\/wp\/v2\/product_tag?post=34991"}],"curies":[{"name":"wp","href":"https:\/\/api.w.org\/{rel}","templated":true}]}}