{"id":34986,"date":"2022-05-10T13:15:22","date_gmt":"2022-05-19T08:08:12","guid":{"rendered":"https:\/\/alegerglobal.com\/nezarazene\/realwear-hmt-1-prumyslove-chytre-bryle-20stupnovy-displej-ip66-mil-std-810g\/"},"modified":"2022-05-20T07:35:17","modified_gmt":"2022-05-20T06:35:17","slug":"realwear-hmt-1","status":"publish","type":"product","link":"https:\/\/alegerglobal.com\/cs\/shop-cs\/chytre-bryle\/realwear-hmt-1\/","title":{"rendered":"RealWear HMT-1, pr\u016fmyslov\u00e9 chytr\u00e9 br\u00fdle, 20stup\u0148ov\u00fd displej, IP66 MIL-STD-810G"},"content":{"rendered":"\t\t<div data-elementor-type=\"product-post\" data-elementor-id=\"34986\" class=\"elementor elementor-34986\" data-elementor-settings=\"{&quot;ha_cmc_init_switcher&quot;:&quot;no&quot;}\" data-elementor-post-type=\"product\">\n\t\t\t\t\t\t<section class=\"elementor-section elementor-top-section elementor-element elementor-element-1f96e96e elementor-section-boxed elementor-section-height-default elementor-section-height-default\" data-id=\"1f96e96e\" data-element_type=\"section\" data-settings=\"{&quot;jet_parallax_layout_list&quot;:[],&quot;_ha_eqh_enable&quot;:false}\">\n\t\t\t\t\t\t<div class=\"elementor-container elementor-column-gap-default\">\n\t\t\t\t\t<div class=\"elementor-column elementor-col-100 elementor-top-column elementor-element elementor-element-6a7946db\" data-id=\"6a7946db\" data-element_type=\"column\">\n\t\t\t<div class=\"elementor-widget-wrap elementor-element-populated\">\n\t\t\t\t\t\t<div class=\"elementor-element elementor-element-1b2cda19 elementor-tabs-view-horizontal elementor-widget elementor-widget-tabs\" data-id=\"1b2cda19\" data-element_type=\"widget\" data-widget_type=\"tabs.default\">\n\t\t\t\t<div class=\"elementor-widget-container\">\n\t\t\t\t\t\t\t<div class=\"elementor-tabs\">\n\t\t\t<div class=\"elementor-tabs-wrapper\" role=\"tablist\" >\n\t\t\t\t\t\t\t\t\t<div id=\"elementor-tab-title-4551\" class=\"elementor-tab-title elementor-tab-desktop-title\" aria-selected=\"true\" data-tab=\"1\" role=\"tab\" tabindex=\"0\" aria-controls=\"elementor-tab-content-4551\" aria-expanded=\"false\">P\u0159ehled<\/div>\n\t\t\t\t\t\t\t\t\t<div id=\"elementor-tab-title-4552\" class=\"elementor-tab-title elementor-tab-desktop-title\" aria-selected=\"false\" data-tab=\"2\" role=\"tab\" tabindex=\"-1\" aria-controls=\"elementor-tab-content-4552\" aria-expanded=\"false\">Technick\u00e9 detaily<\/div>\n\t\t\t\t\t\t\t<\/div>\n\t\t\t<div class=\"elementor-tabs-content-wrapper\" role=\"tablist\" aria-orientation=\"vertical\">\n\t\t\t\t\t\t\t\t\t<div class=\"elementor-tab-title elementor-tab-mobile-title\" aria-selected=\"true\" data-tab=\"1\" role=\"tab\" tabindex=\"0\" aria-controls=\"elementor-tab-content-4551\" aria-expanded=\"false\">P\u0159ehled<\/div>\n\t\t\t\t\t<div id=\"elementor-tab-content-4551\" class=\"elementor-tab-content elementor-clearfix\" data-tab=\"1\" role=\"tabpanel\" aria-labelledby=\"elementor-tab-title-4551\" tabindex=\"0\" hidden=\"false\"><h2><b>Chytr\u00e9 br\u00fdle pro pr\u016fmysl: robustn\u00ed, odoln\u00e9, profesion\u00e1ln\u00ed<\/b><\/h2><p><span style=\"font-weight: 400;\">Realwear HMT-1 jsou robustn\u00ed datov\u00e9 br\u00fdle pro pou\u017eit\u00ed v pr\u016fmyslu. Nab\u00edz\u00ed hlasov\u00e9 ovl\u00e1d\u00e1n\u00ed. \u010cty\u0159i mikrofony a pokro\u010dil\u00e1 technologie AI zaji\u0161\u0165uj\u00ed, \u017ee funguje i v hlu\u010dn\u011bj\u0161\u00edm prost\u0159ed\u00ed. Br\u00fdle AR lze snadno p\u0159ipevnit na ochrann\u00e9 p\u0159ilby a br\u00fdle. Jednotka m\u00e1 certifikaci IP66 a ov\u011b\u0159en\u00ed MIL-STD-810G. Datov\u00e9 br\u00fdle tak z\u016fst\u00e1vaj\u00ed pou\u017eiteln\u00e9 i p\u0159i extr\u00e9mn\u00edch teplot\u00e1ch od -20 \u00b0C do +50 \u00b0C a jsou odoln\u00e9 proti p\u00e1du z v\u00fd\u0161ky a\u017e 2 metr\u016f. K dispozici jsou tak\u00e9 dal\u0161\u00ed datov\u00e9 br\u00fdle HMT-1-Z1, kter\u00e9 jsou schv\u00e1leny pro pou\u017eit\u00ed v nebezpe\u010dn\u00fdch z\u00f3n\u00e1ch ATEX 1.  <\/span><\/p><h2> <\/h2><h2><b>Chytr\u00e9 br\u00fdle Realweare s dobou provozu 8 hodin a t\u0159\u00edletou z\u00e1rukou<\/b><\/h2><p><span style=\"font-weight: 400;\">Datov\u00e9 br\u00fdle Realweare nab\u00edzej\u00ed stejn\u00e9 funkce jako tablet, kter\u00fd m\u016f\u017eete pou\u017e\u00edvat bez pou\u017eit\u00ed rukou. Monokul\u00e1rn\u00ed displej, kter\u00fd je um\u00edst\u011bn p\u0159\u00edmo p\u0159ed okem, vypad\u00e1 jako 7palcov\u00fd. Tak budete m\u00edt v\u017edy p\u0159ehled o tom, co se d\u011bje. Nyn\u00ed m\u016f\u017eete uskute\u010d\u0148ovat videohovory, spravovat dokumenty nebo dokumentovat probl\u00e9my hlasem. Vizualizace dat IoT je tak\u00e9 pohodln\u011b mo\u017en\u00e1 pomoc\u00ed Realweare HMT-1.  <\/span><\/p><h2> <\/h2><p><span style=\"font-weight: 400;\">Baterie s kapacitou 3250 mAh zaji\u0161\u0165uje dlouhou dobu provozu a\u017e 8 hodin, tak\u017ee m\u016f\u017eete HMT-1 pou\u017e\u00edvat celou sm\u011bnu bez p\u0159eru\u0161en\u00ed. Na HMT-1 je poskytov\u00e1na t\u0159\u00edlet\u00e1 z\u00e1ruka, kter\u00e1 se vztahuje na za\u0159\u00edzen\u00ed v p\u0159\u00edpad\u011b po\u0161kozen\u00ed, a m\u00e1te p\u0159\u00edstup k rozs\u00e1hl\u00e9 znalostn\u00ed datab\u00e1zi, kter\u00e1 v\u00e1m pom\u016f\u017ee vyt\u011b\u017eit z datov\u00fdch br\u00fdl\u00ed maximum.  <\/span><\/p><\/div>\n\t\t\t\t\t\t\t\t\t<div class=\"elementor-tab-title elementor-tab-mobile-title\" aria-selected=\"false\" data-tab=\"2\" role=\"tab\" tabindex=\"-1\" aria-controls=\"elementor-tab-content-4552\" aria-expanded=\"false\">Technick\u00e9 detaily<\/div>\n\t\t\t\t\t<div id=\"elementor-tab-content-4552\" class=\"elementor-tab-content elementor-clearfix\" data-tab=\"2\" role=\"tabpanel\" aria-labelledby=\"elementor-tab-title-4552\" tabindex=\"0\" hidden=\"hidden\"><ul><li style=\"font-weight: 400;\"><span style=\"font-weight: 400;\">Android 8.1.0 (AOSP) + sada hands-free WearHF\u2122<\/span><\/li><li style=\"font-weight: 400;\"><span style=\"font-weight: 400;\">2,0 GHz 8j\u00e1drov\u00fd Qualcomm\u00ae Snapdragon\u2122 625 s grafick\u00fdm procesorem Adreno 506 &#8211; OpenGL ES 3.1 a OpenCL 2.0<\/span><\/li><li style=\"font-weight: 400;\"><span style=\"font-weight: 400;\">16 GB intern\u00ed pam\u011bti \/ 2 GB RAM \/ slot MicroSD (max. podporovan\u00e1 karta 256 GB)<\/span><\/li><li style=\"font-weight: 400;\"><span style=\"font-weight: 400;\">Zahrnut\u00e9 aplikace: Navig\u00e1tor dokument\u016f, fotoapar\u00e1t se \u010dte\u010dkou \u010d\u00e1rov\u00fdch k\u00f3d\u016f, videorekord\u00e9r, p\u0159ehr\u00e1va\u010d m\u00e9di\u00ed<\/span><\/li><li style=\"font-weight: 400;\"><span style=\"font-weight: 400;\">Bluetooth<\/span><\/li><li style=\"font-weight: 400;\"><span style=\"font-weight: 400;\">Wi-Fi 802.11 a\/b\/g\/n\/ac &#8211; 2,4 GHz a 5 GHz<\/span><\/li><li style=\"font-weight: 400;\"><span style=\"font-weight: 400;\">GPS, GLONASS, A-GPS<\/span><\/li><li style=\"font-weight: 400;\"><span style=\"font-weight: 400;\">9-DOF (3os\u00fd akcelerometr, magnetometr a gyroskop), softwarov\u011b podporovan\u00e1 stabilizace<\/span><\/li><li style=\"font-weight: 400;\"><span style=\"font-weight: 400;\">Li-Ion baterie 3250 mAh, dob\u00edjec\u00ed a vym\u011bniteln\u00e1 na m\u00edst\u011b<\/span><\/li><li style=\"font-weight: 400;\"><span style=\"font-weight: 400;\">Hmotnost 380 g<\/span><\/li><li style=\"font-weight: 400;\"><span style=\"font-weight: 400;\">Certifikace IP66 a MIL-STD-810G<\/span><\/li><li style=\"font-weight: 400;\"><span style=\"font-weight: 400;\">P\u00e1dov\u00e1 zkou\u0161ka z v\u00fd\u0161ky 2 m<\/span><\/li><li style=\"font-weight: 400;\"><span style=\"font-weight: 400;\">3,5 mm audio<\/span><\/li><li style=\"font-weight: 400;\"><span style=\"font-weight: 400;\">1 Micro USB<\/span><\/li><li style=\"font-weight: 400;\"><span style=\"font-weight: 400;\">1 USB typu C<\/span><\/li><li style=\"font-weight: 400;\"><span style=\"font-weight: 400;\">Displej s 20\u00b0 \u00fahlem pohledu, 24 barvami a rozli\u0161en\u00edm WVGA (854\u00d7480)<\/span><\/li><li style=\"font-weight: 400;\"><span style=\"font-weight: 400;\">Mikrofon<\/span><\/li><li style=\"font-weight: 400;\"><span style=\"font-weight: 400;\">4 digit\u00e1ln\u00ed mikrofony s aktivn\u00ed redukc\u00ed \u0161umu<\/span><\/li><li style=\"font-weight: 400;\"><span style=\"font-weight: 400;\">P\u0159esn\u00e9 rozpozn\u00e1v\u00e1n\u00ed \u0159e\u010di i p\u0159i typick\u00e9 hladin\u011b pr\u016fmyslov\u00e9ho hluku 95 dBA<\/span><\/li><li style=\"font-weight: 400;\"><span style=\"font-weight: 400;\">Intern\u00ed reproduktor 91 dBA<\/span><\/li><li style=\"font-weight: 400;\"><span style=\"font-weight: 400;\">Fotoapar\u00e1t: 16 MP, 4os\u00e1 optick\u00e1 stabilizace obrazu, PDAF s LED bleskem<\/span><\/li><li style=\"font-weight: 400;\"><span style=\"font-weight: 400;\">Video: A\u017e 1080p @30fps. Kodeky: Podpora VP8, VP9 a hardwarov\u00e9ho k\u00f3dov\u00e1n\u00ed H.264, H.265 HEVC<\/span><\/li><li style=\"font-weight: 400;\"><span style=\"font-weight: 400;\">P\u0159\u00edslu\u0161enstv\u00ed: N\u00e1st\u011bnn\u00e1 nab\u00edje\u010dka, nab\u00edjec\u00ed kabel USB Type-C, adapt\u00e9r USB Type-C na USB Micro, popruh p\u0159es hlavu, podlo\u017eka za hlavu, odn\u00edmateln\u00e1 baterie.<\/span><\/li><\/ul><p> <\/p><\/div>\n\t\t\t\t\t\t\t<\/div>\n\t\t<\/div>\n\t\t\t\t\t\t<\/div>\n\t\t\t\t<\/div>\n\t\t\t\t\t<\/div>\n\t\t<\/div>\n\t\t\t\t\t<\/div>\n\t\t<\/section>\n\t\t\t\t<\/div>\n\t\t","protected":false},"excerpt":{"rendered":"<ul>\n<li><b>Odoln\u00e9 datov\u00e9 br\u00fdle pro pr\u016fmysl s certifikac\u00ed IP66 a MIL-STD-810<\/b><\/li>\n<li><b>Ovl\u00e1d\u00e1n\u00ed bez pou\u017eit\u00ed rukou:<\/b><span style=\"font-weight: 400;\"> Hlasov\u00fd opera\u010dn\u00ed syst\u00e9m, m\u00edstn\u00ed rozpozn\u00e1v\u00e1n\u00ed \u0159e\u010di v hlu\u010dn\u00fdch oblastech<\/span><\/li>\n<li><b>Pou\u017e\u00edvejte s bezpe\u010dnostn\u00edm vybaven\u00edm:<\/b><span style=\"font-weight: 400;\"> Pro pou\u017eit\u00ed se standardn\u00edmi pevn\u00fdmi p\u0159ilbami, n\u00e1razn\u00edky a ochrann\u00fdmi br\u00fdlemi.<\/span><\/li>\n<li><b>Neust\u00e1l\u00fd p\u0159ehled<\/b>: velk\u00fd displej se zorn\u00fdm polem o \u00fahlop\u0159\u00ed\u010dce 20 stup\u0148\u016f.<\/li>\n<\/ul>\n","protected":false},"featured_media":12969,"comment_status":"open","ping_status":"closed","template":"","meta":{"_acf_changed":false},"product_brand":[],"product_cat":[1515,1516],"product_tag":[],"class_list":{"0":"post-34986","1":"product","2":"type-product","3":"status-publish","4":"has-post-thumbnail","6":"product_cat-chytre-bryle","7":"product_cat-shop-cs","8":"pa_hersteller-realwear-cs","10":"first","11":"instock","12":"taxable","13":"shipping-taxable","14":"purchasable","15":"product-type-simple"},"acf":[],"yoast_head":"<!-- This site is optimized with the Yoast SEO Premium plugin v20.10 (Yoast SEO v24.3) - https:\/\/yoast.com\/wordpress\/plugins\/seo\/ -->\n<title>Koupit Realwear HMT-1 (2022) - ALEGER \u22c6 Augmented Reality<\/title>\n<meta name=\"description\" content=\"U n\u00e1s na Alegeru si m\u016f\u017eete po\u0159\u00eddit HMT-1 od spole\u010dnosti Realwear. R\u00e1di v\u00e1m porad\u00edme s efektivn\u00edm pou\u017e\u00edv\u00e1n\u00edm, instalac\u00ed aplikac\u00ed a dal\u0161\u00edmi mo\u017enostmi.\" \/>\n<meta name=\"robots\" content=\"index, follow, max-snippet:-1, max-image-preview:large, max-video-preview:-1\" \/>\n<meta property=\"og:locale\" content=\"cs_CZ\" \/>\n<meta property=\"og:type\" content=\"article\" \/>\n<meta property=\"og:title\" content=\"RealWear HMT-1, pr\u016fmyslov\u00e9 chytr\u00e9 br\u00fdle, 20stup\u0148ov\u00fd displej, IP66 MIL-STD-810G\" \/>\n<meta property=\"og:description\" content=\"U n\u00e1s na Alegeru si m\u016f\u017eete po\u0159\u00eddit HMT-1 od spole\u010dnosti Realwear. R\u00e1di v\u00e1m porad\u00edme s efektivn\u00edm pou\u017e\u00edv\u00e1n\u00edm, instalac\u00ed aplikac\u00ed a dal\u0161\u00edmi mo\u017enostmi.\" \/>\n<meta property=\"og:url\" content=\"https:\/\/alegerglobal.com\/cs\/shop-cs\/chytre-bryle\/realwear-hmt-1\/\" \/>\n<meta property=\"og:site_name\" content=\"ALEGER \u22c6 Augmented Reality\" \/>\n<meta property=\"article:modified_time\" content=\"2022-05-20T06:35:17+00:00\" \/>\n<meta property=\"og:image\" content=\"https:\/\/alegerglobal.com\/wp-content\/uploads\/2021\/01\/Unbenannt-29.jpg\" \/>\n\t<meta property=\"og:image:width\" content=\"800\" \/>\n\t<meta property=\"og:image:height\" content=\"800\" \/>\n\t<meta property=\"og:image:type\" content=\"image\/jpeg\" \/>\n<meta name=\"twitter:card\" content=\"summary_large_image\" \/>\n<meta name=\"twitter:label1\" content=\"Cena\" \/>\n\t<meta name=\"twitter:data1\" content=\"&euro;1.795,50\" \/>\n\t<meta name=\"twitter:label2\" content=\"Dostupnost\" \/>\n\t<meta name=\"twitter:data2\" content=\"Skladem\" \/>\n<script type=\"application\/ld+json\" class=\"yoast-schema-graph\">{\"@context\":\"https:\/\/schema.org\",\"@graph\":[{\"@type\":\"WebPage\",\"@id\":\"https:\/\/alegerglobal.com\/cs\/shop-cs\/chytre-bryle\/realwear-hmt-1\/\",\"url\":\"https:\/\/alegerglobal.com\/cs\/shop-cs\/chytre-bryle\/realwear-hmt-1\/\",\"name\":\"Koupit Realwear HMT-1 (2022) - ALEGER \u22c6 Augmented Reality\",\"isPartOf\":{\"@id\":\"https:\/\/alegerglobal.com\/cs\/#website\"},\"primaryImageOfPage\":{\"@id\":\"https:\/\/alegerglobal.com\/cs\/shop-cs\/chytre-bryle\/realwear-hmt-1\/#primaryimage\"},\"image\":{\"@id\":\"https:\/\/alegerglobal.com\/cs\/shop-cs\/chytre-bryle\/realwear-hmt-1\/#primaryimage\"},\"thumbnailUrl\":\"https:\/\/alegerglobal.com\/wp-content\/uploads\/2021\/01\/Unbenannt-29.jpg\",\"datePublished\":\"2022-05-19T08:08:12+00:00\",\"dateModified\":\"2022-05-20T06:35:17+00:00\",\"description\":\"U n\u00e1s na Alegeru si m\u016f\u017eete po\u0159\u00eddit HMT-1 od spole\u010dnosti Realwear. R\u00e1di v\u00e1m porad\u00edme s efektivn\u00edm pou\u017e\u00edv\u00e1n\u00edm, instalac\u00ed aplikac\u00ed a dal\u0161\u00edmi mo\u017enostmi.\",\"breadcrumb\":{\"@id\":\"https:\/\/alegerglobal.com\/cs\/shop-cs\/chytre-bryle\/realwear-hmt-1\/#breadcrumb\"},\"inLanguage\":\"cs\",\"potentialAction\":[{\"@type\":\"ReadAction\",\"target\":[\"https:\/\/alegerglobal.com\/cs\/shop-cs\/chytre-bryle\/realwear-hmt-1\/\"]}]},{\"@type\":\"ImageObject\",\"inLanguage\":\"cs\",\"@id\":\"https:\/\/alegerglobal.com\/cs\/shop-cs\/chytre-bryle\/realwear-hmt-1\/#primaryimage\",\"url\":\"https:\/\/alegerglobal.com\/wp-content\/uploads\/2021\/01\/Unbenannt-29.jpg\",\"contentUrl\":\"https:\/\/alegerglobal.com\/wp-content\/uploads\/2021\/01\/Unbenannt-29.jpg\",\"width\":800,\"height\":800,\"caption\":\"Koupit RealWear HMT-1 u ALEGERu\"},{\"@type\":\"BreadcrumbList\",\"@id\":\"https:\/\/alegerglobal.com\/cs\/shop-cs\/chytre-bryle\/realwear-hmt-1\/#breadcrumb\",\"itemListElement\":[{\"@type\":\"ListItem\",\"position\":1,\"name\":\"Home\",\"item\":\"https:\/\/alegerglobal.com\/cs\/novinka-domovska-stranka\/\"},{\"@type\":\"ListItem\",\"position\":2,\"name\":\"Produkty\",\"item\":\"https:\/\/alegerglobal.com\/cs\/produkty\/\"},{\"@type\":\"ListItem\",\"position\":3,\"name\":\"RealWear HMT-1, pr\u016fmyslov\u00e9 chytr\u00e9 br\u00fdle, 20stup\u0148ov\u00fd displej, IP66 MIL-STD-810G\"}]},{\"@type\":\"WebSite\",\"@id\":\"https:\/\/alegerglobal.com\/cs\/#website\",\"url\":\"https:\/\/alegerglobal.com\/cs\/\",\"name\":\"ALEGER \u22c6 Augmented Reality\",\"description\":\"Die besten Augmented Reality (AR) L\u00f6sungen der Welt.\",\"publisher\":{\"@id\":\"https:\/\/alegerglobal.com\/cs\/#organization\"},\"potentialAction\":[{\"@type\":\"SearchAction\",\"target\":{\"@type\":\"EntryPoint\",\"urlTemplate\":\"https:\/\/alegerglobal.com\/cs\/?s={search_term_string}\"},\"query-input\":{\"@type\":\"PropertyValueSpecification\",\"valueRequired\":true,\"valueName\":\"search_term_string\"}}],\"inLanguage\":\"cs\"},{\"@type\":\"Organization\",\"@id\":\"https:\/\/alegerglobal.com\/cs\/#organization\",\"name\":\"ALEGER \u22c6 Augmented Reality\",\"url\":\"https:\/\/alegerglobal.com\/cs\/\",\"logo\":{\"@type\":\"ImageObject\",\"inLanguage\":\"cs\",\"@id\":\"https:\/\/alegerglobal.com\/cs\/#\/schema\/logo\/image\/\",\"url\":\"https:\/\/alegerglobal.com\/wp-content\/uploads\/2020\/12\/aleger-logo-quadrat.jpg\",\"contentUrl\":\"https:\/\/alegerglobal.com\/wp-content\/uploads\/2020\/12\/aleger-logo-quadrat.jpg\",\"width\":200,\"height\":176,\"caption\":\"ALEGER \u22c6 Augmented Reality\"},\"image\":{\"@id\":\"https:\/\/alegerglobal.com\/cs\/#\/schema\/logo\/image\/\"}}]}<\/script>\n<meta property=\"product:brand\" content=\"RealWear\" \/>\n<meta property=\"product:price:amount\" content=\"1795.50\" \/>\n<meta property=\"product:price:currency\" content=\"EUR\" \/>\n<meta property=\"og:availability\" content=\"instock\" \/>\n<meta property=\"product:availability\" content=\"instock\" \/>\n<meta property=\"product:condition\" content=\"new\" \/>\n<!-- \/ Yoast SEO Premium plugin. -->","yoast_head_json":{"title":"Koupit Realwear HMT-1 (2022) - ALEGER \u22c6 Augmented Reality","description":"U n\u00e1s na Alegeru si m\u016f\u017eete po\u0159\u00eddit HMT-1 od spole\u010dnosti Realwear. R\u00e1di v\u00e1m porad\u00edme s efektivn\u00edm pou\u017e\u00edv\u00e1n\u00edm, instalac\u00ed aplikac\u00ed a dal\u0161\u00edmi mo\u017enostmi.","robots":{"index":"index","follow":"follow","max-snippet":"max-snippet:-1","max-image-preview":"max-image-preview:large","max-video-preview":"max-video-preview:-1"},"og_locale":"cs_CZ","og_type":"article","og_title":"RealWear HMT-1, pr\u016fmyslov\u00e9 chytr\u00e9 br\u00fdle, 20stup\u0148ov\u00fd displej, IP66 MIL-STD-810G","og_description":"U n\u00e1s na Alegeru si m\u016f\u017eete po\u0159\u00eddit HMT-1 od spole\u010dnosti Realwear. R\u00e1di v\u00e1m porad\u00edme s efektivn\u00edm pou\u017e\u00edv\u00e1n\u00edm, instalac\u00ed aplikac\u00ed a dal\u0161\u00edmi mo\u017enostmi.","og_url":"https:\/\/alegerglobal.com\/cs\/shop-cs\/chytre-bryle\/realwear-hmt-1\/","og_site_name":"ALEGER \u22c6 Augmented Reality","article_modified_time":"2022-05-20T06:35:17+00:00","og_image":[{"width":800,"height":800,"url":"https:\/\/alegerglobal.com\/wp-content\/uploads\/2021\/01\/Unbenannt-29.jpg","type":"image\/jpeg"}],"twitter_card":"summary_large_image","twitter_misc":{"Cena":"&euro;1.795,50","Dostupnost":"Skladem"},"schema":{"@context":"https:\/\/schema.org","@graph":[{"@type":"WebPage","@id":"https:\/\/alegerglobal.com\/cs\/shop-cs\/chytre-bryle\/realwear-hmt-1\/","url":"https:\/\/alegerglobal.com\/cs\/shop-cs\/chytre-bryle\/realwear-hmt-1\/","name":"Koupit Realwear HMT-1 (2022) - ALEGER \u22c6 Augmented Reality","isPartOf":{"@id":"https:\/\/alegerglobal.com\/cs\/#website"},"primaryImageOfPage":{"@id":"https:\/\/alegerglobal.com\/cs\/shop-cs\/chytre-bryle\/realwear-hmt-1\/#primaryimage"},"image":{"@id":"https:\/\/alegerglobal.com\/cs\/shop-cs\/chytre-bryle\/realwear-hmt-1\/#primaryimage"},"thumbnailUrl":"https:\/\/alegerglobal.com\/wp-content\/uploads\/2021\/01\/Unbenannt-29.jpg","datePublished":"2022-05-19T08:08:12+00:00","dateModified":"2022-05-20T06:35:17+00:00","description":"U n\u00e1s na Alegeru si m\u016f\u017eete po\u0159\u00eddit HMT-1 od spole\u010dnosti Realwear. R\u00e1di v\u00e1m porad\u00edme s efektivn\u00edm pou\u017e\u00edv\u00e1n\u00edm, instalac\u00ed aplikac\u00ed a dal\u0161\u00edmi mo\u017enostmi.","breadcrumb":{"@id":"https:\/\/alegerglobal.com\/cs\/shop-cs\/chytre-bryle\/realwear-hmt-1\/#breadcrumb"},"inLanguage":"cs","potentialAction":[{"@type":"ReadAction","target":["https:\/\/alegerglobal.com\/cs\/shop-cs\/chytre-bryle\/realwear-hmt-1\/"]}]},{"@type":"ImageObject","inLanguage":"cs","@id":"https:\/\/alegerglobal.com\/cs\/shop-cs\/chytre-bryle\/realwear-hmt-1\/#primaryimage","url":"https:\/\/alegerglobal.com\/wp-content\/uploads\/2021\/01\/Unbenannt-29.jpg","contentUrl":"https:\/\/alegerglobal.com\/wp-content\/uploads\/2021\/01\/Unbenannt-29.jpg","width":800,"height":800,"caption":"Koupit RealWear HMT-1 u ALEGERu"},{"@type":"BreadcrumbList","@id":"https:\/\/alegerglobal.com\/cs\/shop-cs\/chytre-bryle\/realwear-hmt-1\/#breadcrumb","itemListElement":[{"@type":"ListItem","position":1,"name":"Home","item":"https:\/\/alegerglobal.com\/cs\/novinka-domovska-stranka\/"},{"@type":"ListItem","position":2,"name":"Produkty","item":"https:\/\/alegerglobal.com\/cs\/produkty\/"},{"@type":"ListItem","position":3,"name":"RealWear HMT-1, pr\u016fmyslov\u00e9 chytr\u00e9 br\u00fdle, 20stup\u0148ov\u00fd displej, IP66 MIL-STD-810G"}]},{"@type":"WebSite","@id":"https:\/\/alegerglobal.com\/cs\/#website","url":"https:\/\/alegerglobal.com\/cs\/","name":"ALEGER \u22c6 Augmented Reality","description":"Die besten Augmented Reality (AR) L\u00f6sungen der Welt.","publisher":{"@id":"https:\/\/alegerglobal.com\/cs\/#organization"},"potentialAction":[{"@type":"SearchAction","target":{"@type":"EntryPoint","urlTemplate":"https:\/\/alegerglobal.com\/cs\/?s={search_term_string}"},"query-input":{"@type":"PropertyValueSpecification","valueRequired":true,"valueName":"search_term_string"}}],"inLanguage":"cs"},{"@type":"Organization","@id":"https:\/\/alegerglobal.com\/cs\/#organization","name":"ALEGER \u22c6 Augmented Reality","url":"https:\/\/alegerglobal.com\/cs\/","logo":{"@type":"ImageObject","inLanguage":"cs","@id":"https:\/\/alegerglobal.com\/cs\/#\/schema\/logo\/image\/","url":"https:\/\/alegerglobal.com\/wp-content\/uploads\/2020\/12\/aleger-logo-quadrat.jpg","contentUrl":"https:\/\/alegerglobal.com\/wp-content\/uploads\/2020\/12\/aleger-logo-quadrat.jpg","width":200,"height":176,"caption":"ALEGER \u22c6 Augmented Reality"},"image":{"@id":"https:\/\/alegerglobal.com\/cs\/#\/schema\/logo\/image\/"}}]},"product_brand":"RealWear","product_price_amount":"1795.50","product_price_currency":"EUR","og_availability":"instock","product_availability":"instock","product_condition":"new"},"_links":{"self":[{"href":"https:\/\/alegerglobal.com\/cs\/wp-json\/wp\/v2\/product\/34986","targetHints":{"allow":["GET"]}}],"collection":[{"href":"https:\/\/alegerglobal.com\/cs\/wp-json\/wp\/v2\/product"}],"about":[{"href":"https:\/\/alegerglobal.com\/cs\/wp-json\/wp\/v2\/types\/product"}],"replies":[{"embeddable":true,"href":"https:\/\/alegerglobal.com\/cs\/wp-json\/wp\/v2\/comments?post=34986"}],"version-history":[{"count":3,"href":"https:\/\/alegerglobal.com\/cs\/wp-json\/wp\/v2\/product\/34986\/revisions"}],"predecessor-version":[{"id":35843,"href":"https:\/\/alegerglobal.com\/cs\/wp-json\/wp\/v2\/product\/34986\/revisions\/35843"}],"wp:featuredmedia":[{"embeddable":true,"href":"https:\/\/alegerglobal.com\/cs\/wp-json\/wp\/v2\/media\/12969"}],"wp:attachment":[{"href":"https:\/\/alegerglobal.com\/cs\/wp-json\/wp\/v2\/media?parent=34986"}],"wp:term":[{"taxonomy":"product_brand","embeddable":true,"href":"https:\/\/alegerglobal.com\/cs\/wp-json\/wp\/v2\/product_brand?post=34986"},{"taxonomy":"product_cat","embeddable":true,"href":"https:\/\/alegerglobal.com\/cs\/wp-json\/wp\/v2\/product_cat?post=34986"},{"taxonomy":"product_tag","embeddable":true,"href":"https:\/\/alegerglobal.com\/cs\/wp-json\/wp\/v2\/product_tag?post=34986"}],"curies":[{"name":"wp","href":"https:\/\/api.w.org\/{rel}","templated":true}]}}