{"id":34984,"date":"2021-03-10T08:23:12","date_gmt":"2022-05-19T08:08:10","guid":{"rendered":"https:\/\/alegerglobal.com\/nezarazene\/getac-f110-odolny-tablet-ip65-mil-std-810g116-windows-10-pro\/"},"modified":"2022-05-19T09:08:10","modified_gmt":"2022-05-19T08:08:10","slug":"getac-f110-2","status":"publish","type":"product","link":"https:\/\/alegerglobal.com\/cs\/shop-cs\/odolny-tablet\/getac-f110-2\/","title":{"rendered":"Getac F110, odoln\u00fd tablet, IP65, MIL-STD-810G,11,6&#8243;, Windows 10 Pro"},"content":{"rendered":"","protected":false},"excerpt":{"rendered":"<ul>\n<li aria-level=\"1\"><b>Odoln\u00fd tablet s certifikac\u00ed IP65 a certifikac\u00ed MIL-STD-810G<\/b><\/li>\n<li aria-level=\"1\"><b>Vysok\u00e1 kompatibilita: <\/b><span style=\"font-weight: 400;\">Windows 10 Pro jako opera\u010dn\u00ed syst\u00e9m umo\u017e\u0148uje pou\u017e\u00edvat b\u011b\u017en\u00fd software<\/span><\/li>\n<li aria-level=\"1\"><b>V\u00fdkonn\u00e9: <\/b><span style=\"font-weight: 400;\">Modern\u00ed procesor i5 8. generace a 8 GB RAM<\/span><\/li>\n<li aria-level=\"1\"><b>Jasn\u00e1 a velk\u00e1 obrazovka:<\/b><span style=\"font-weight: 400;\"> 11,6&#8243; (cca 29 cm) obrazovka s rozli\u0161en\u00edm 1920 x 1080 px a jasem 800 nit\u016f<\/span><\/li>\n<li aria-level=\"1\"><b>Robustn\u00ed:<\/b><span style=\"font-weight: 400;\"> Tablet je chr\u00e1n\u011bn proti p\u00e1du z v\u00fd\u0161ky a\u017e 1,8 m.<\/span><\/li>\n<li aria-level=\"1\"><b>Dlouh\u00e1 v\u00fddr\u017e baterie<\/b>: Dv\u011b baterie s mo\u017enost\u00ed v\u00fdm\u011bny za provozu zaji\u0161\u0165uj\u00ed 12 hodin provozu.<\/li>\n<\/ul>\n","protected":false},"featured_media":12508,"comment_status":"open","ping_status":"closed","template":"","meta":{"_acf_changed":false},"product_brand":[],"product_cat":[1526,1516],"product_tag":[],"class_list":{"0":"post-34984","1":"product","2":"type-product","3":"status-publish","4":"has-post-thumbnail","6":"product_cat-odolny-tablet","7":"product_cat-shop-cs","8":"pa_hersteller-getac-cs","10":"first","11":"instock","12":"taxable","13":"shipping-taxable","14":"purchasable","15":"product-type-simple"},"acf":[],"yoast_head":"<!-- This site is optimized with the Yoast SEO Premium plugin v20.10 (Yoast SEO v24.3) - https:\/\/yoast.com\/wordpress\/plugins\/seo\/ -->\n<title>Kupte si Getac F110 zde - ALEGER \u22c6 Augmented Reality<\/title>\n<meta name=\"description\" content=\"Zde je odoln\u00fd tablet s kryt\u00edm IP65 a neosl\u0148uj\u00edc\u00edm displejem pro bezprobl\u00e9mov\u00e9 venkovn\u00ed pou\u017eit\u00ed! Odoln\u00fd v\u016f\u010di budoucnosti a velmi v\u00fdkonn\u00fd!\" \/>\n<meta name=\"robots\" content=\"index, follow, max-snippet:-1, max-image-preview:large, max-video-preview:-1\" \/>\n<meta property=\"og:locale\" content=\"cs_CZ\" \/>\n<meta property=\"og:type\" content=\"article\" \/>\n<meta property=\"og:title\" content=\"Getac F110, odoln\u00fd tablet, IP65, MIL-STD-810G,11,6&quot;, Windows 10 Pro\" \/>\n<meta property=\"og:description\" content=\"Zde je odoln\u00fd tablet s kryt\u00edm IP65 a neosl\u0148uj\u00edc\u00edm displejem pro bezprobl\u00e9mov\u00e9 venkovn\u00ed pou\u017eit\u00ed! Odoln\u00fd v\u016f\u010di budoucnosti a velmi v\u00fdkonn\u00fd!\" \/>\n<meta property=\"og:url\" content=\"https:\/\/alegerglobal.com\/cs\/shop-cs\/odolny-tablet\/getac-f110-2\/\" \/>\n<meta property=\"og:site_name\" content=\"ALEGER \u22c6 Augmented Reality\" \/>\n<meta property=\"og:image\" content=\"https:\/\/alegerglobal.com\/wp-content\/uploads\/2021\/01\/f110_3-2-1.png\" \/>\n\t<meta property=\"og:image:width\" content=\"1280\" \/>\n\t<meta property=\"og:image:height\" content=\"1280\" \/>\n\t<meta property=\"og:image:type\" content=\"image\/png\" \/>\n<meta name=\"twitter:card\" content=\"summary_large_image\" \/>\n<meta name=\"twitter:label1\" content=\"Cena\" \/>\n\t<meta name=\"twitter:data1\" content=\"&euro;2.499,99\" \/>\n\t<meta name=\"twitter:label2\" content=\"Dostupnost\" \/>\n\t<meta name=\"twitter:data2\" content=\"Skladem\" \/>\n<script type=\"application\/ld+json\" class=\"yoast-schema-graph\">{\"@context\":\"https:\/\/schema.org\",\"@graph\":[{\"@type\":\"WebPage\",\"@id\":\"https:\/\/alegerglobal.com\/cs\/shop-cs\/odolny-tablet\/getac-f110-2\/\",\"url\":\"https:\/\/alegerglobal.com\/cs\/shop-cs\/odolny-tablet\/getac-f110-2\/\",\"name\":\"Kupte si Getac F110 zde - ALEGER \u22c6 Augmented Reality\",\"isPartOf\":{\"@id\":\"https:\/\/alegerglobal.com\/cs\/#website\"},\"primaryImageOfPage\":{\"@id\":\"https:\/\/alegerglobal.com\/cs\/shop-cs\/odolny-tablet\/getac-f110-2\/#primaryimage\"},\"image\":{\"@id\":\"https:\/\/alegerglobal.com\/cs\/shop-cs\/odolny-tablet\/getac-f110-2\/#primaryimage\"},\"thumbnailUrl\":\"https:\/\/alegerglobal.com\/wp-content\/uploads\/2021\/01\/f110_3-2-1.png\",\"datePublished\":\"2022-05-19T08:08:10+00:00\",\"dateModified\":\"2022-05-19T08:08:10+00:00\",\"description\":\"Zde je odoln\u00fd tablet s kryt\u00edm IP65 a neosl\u0148uj\u00edc\u00edm displejem pro bezprobl\u00e9mov\u00e9 venkovn\u00ed pou\u017eit\u00ed! Odoln\u00fd v\u016f\u010di budoucnosti a velmi v\u00fdkonn\u00fd!\",\"breadcrumb\":{\"@id\":\"https:\/\/alegerglobal.com\/cs\/shop-cs\/odolny-tablet\/getac-f110-2\/#breadcrumb\"},\"inLanguage\":\"cs\",\"potentialAction\":[{\"@type\":\"ReadAction\",\"target\":[\"https:\/\/alegerglobal.com\/cs\/shop-cs\/odolny-tablet\/getac-f110-2\/\"]}]},{\"@type\":\"ImageObject\",\"inLanguage\":\"cs\",\"@id\":\"https:\/\/alegerglobal.com\/cs\/shop-cs\/odolny-tablet\/getac-f110-2\/#primaryimage\",\"url\":\"https:\/\/alegerglobal.com\/wp-content\/uploads\/2021\/01\/f110_3-2-1.png\",\"contentUrl\":\"https:\/\/alegerglobal.com\/wp-content\/uploads\/2021\/01\/f110_3-2-1.png\",\"width\":1280,\"height\":1280,\"caption\":\"Getac F110\"},{\"@type\":\"BreadcrumbList\",\"@id\":\"https:\/\/alegerglobal.com\/cs\/shop-cs\/odolny-tablet\/getac-f110-2\/#breadcrumb\",\"itemListElement\":[{\"@type\":\"ListItem\",\"position\":1,\"name\":\"Home\",\"item\":\"https:\/\/alegerglobal.com\/cs\/novinka-domovska-stranka\/\"},{\"@type\":\"ListItem\",\"position\":2,\"name\":\"Produkty\",\"item\":\"https:\/\/alegerglobal.com\/cs\/produkty\/\"},{\"@type\":\"ListItem\",\"position\":3,\"name\":\"Getac F110, odoln\u00fd tablet, IP65, MIL-STD-810G,11,6&#8243;, Windows 10 Pro\"}]},{\"@type\":\"WebSite\",\"@id\":\"https:\/\/alegerglobal.com\/cs\/#website\",\"url\":\"https:\/\/alegerglobal.com\/cs\/\",\"name\":\"ALEGER \u22c6 Augmented Reality\",\"description\":\"Die besten Augmented Reality (AR) L\u00f6sungen der Welt.\",\"publisher\":{\"@id\":\"https:\/\/alegerglobal.com\/cs\/#organization\"},\"potentialAction\":[{\"@type\":\"SearchAction\",\"target\":{\"@type\":\"EntryPoint\",\"urlTemplate\":\"https:\/\/alegerglobal.com\/cs\/?s={search_term_string}\"},\"query-input\":{\"@type\":\"PropertyValueSpecification\",\"valueRequired\":true,\"valueName\":\"search_term_string\"}}],\"inLanguage\":\"cs\"},{\"@type\":\"Organization\",\"@id\":\"https:\/\/alegerglobal.com\/cs\/#organization\",\"name\":\"ALEGER \u22c6 Augmented Reality\",\"url\":\"https:\/\/alegerglobal.com\/cs\/\",\"logo\":{\"@type\":\"ImageObject\",\"inLanguage\":\"cs\",\"@id\":\"https:\/\/alegerglobal.com\/cs\/#\/schema\/logo\/image\/\",\"url\":\"https:\/\/alegerglobal.com\/wp-content\/uploads\/2020\/12\/aleger-logo-quadrat.jpg\",\"contentUrl\":\"https:\/\/alegerglobal.com\/wp-content\/uploads\/2020\/12\/aleger-logo-quadrat.jpg\",\"width\":200,\"height\":176,\"caption\":\"ALEGER \u22c6 Augmented Reality\"},\"image\":{\"@id\":\"https:\/\/alegerglobal.com\/cs\/#\/schema\/logo\/image\/\"}}]}<\/script>\n<meta property=\"product:brand\" content=\"Getac\" \/>\n<meta property=\"product:price:amount\" content=\"2499.99\" \/>\n<meta property=\"product:price:currency\" content=\"EUR\" \/>\n<meta property=\"og:availability\" content=\"instock\" \/>\n<meta property=\"product:availability\" content=\"instock\" \/>\n<meta property=\"product:condition\" content=\"new\" \/>\n<!-- \/ Yoast SEO Premium plugin. -->","yoast_head_json":{"title":"Kupte si Getac F110 zde - ALEGER \u22c6 Augmented Reality","description":"Zde je odoln\u00fd tablet s kryt\u00edm IP65 a neosl\u0148uj\u00edc\u00edm displejem pro bezprobl\u00e9mov\u00e9 venkovn\u00ed pou\u017eit\u00ed! Odoln\u00fd v\u016f\u010di budoucnosti a velmi v\u00fdkonn\u00fd!","robots":{"index":"index","follow":"follow","max-snippet":"max-snippet:-1","max-image-preview":"max-image-preview:large","max-video-preview":"max-video-preview:-1"},"og_locale":"cs_CZ","og_type":"article","og_title":"Getac F110, odoln\u00fd tablet, IP65, MIL-STD-810G,11,6\", Windows 10 Pro","og_description":"Zde je odoln\u00fd tablet s kryt\u00edm IP65 a neosl\u0148uj\u00edc\u00edm displejem pro bezprobl\u00e9mov\u00e9 venkovn\u00ed pou\u017eit\u00ed! Odoln\u00fd v\u016f\u010di budoucnosti a velmi v\u00fdkonn\u00fd!","og_url":"https:\/\/alegerglobal.com\/cs\/shop-cs\/odolny-tablet\/getac-f110-2\/","og_site_name":"ALEGER \u22c6 Augmented Reality","og_image":[{"width":1280,"height":1280,"url":"https:\/\/alegerglobal.com\/wp-content\/uploads\/2021\/01\/f110_3-2-1.png","type":"image\/png"}],"twitter_card":"summary_large_image","twitter_misc":{"Cena":"&euro;2.499,99","Dostupnost":"Skladem"},"schema":{"@context":"https:\/\/schema.org","@graph":[{"@type":"WebPage","@id":"https:\/\/alegerglobal.com\/cs\/shop-cs\/odolny-tablet\/getac-f110-2\/","url":"https:\/\/alegerglobal.com\/cs\/shop-cs\/odolny-tablet\/getac-f110-2\/","name":"Kupte si Getac F110 zde - ALEGER \u22c6 Augmented Reality","isPartOf":{"@id":"https:\/\/alegerglobal.com\/cs\/#website"},"primaryImageOfPage":{"@id":"https:\/\/alegerglobal.com\/cs\/shop-cs\/odolny-tablet\/getac-f110-2\/#primaryimage"},"image":{"@id":"https:\/\/alegerglobal.com\/cs\/shop-cs\/odolny-tablet\/getac-f110-2\/#primaryimage"},"thumbnailUrl":"https:\/\/alegerglobal.com\/wp-content\/uploads\/2021\/01\/f110_3-2-1.png","datePublished":"2022-05-19T08:08:10+00:00","dateModified":"2022-05-19T08:08:10+00:00","description":"Zde je odoln\u00fd tablet s kryt\u00edm IP65 a neosl\u0148uj\u00edc\u00edm displejem pro bezprobl\u00e9mov\u00e9 venkovn\u00ed pou\u017eit\u00ed! Odoln\u00fd v\u016f\u010di budoucnosti a velmi v\u00fdkonn\u00fd!","breadcrumb":{"@id":"https:\/\/alegerglobal.com\/cs\/shop-cs\/odolny-tablet\/getac-f110-2\/#breadcrumb"},"inLanguage":"cs","potentialAction":[{"@type":"ReadAction","target":["https:\/\/alegerglobal.com\/cs\/shop-cs\/odolny-tablet\/getac-f110-2\/"]}]},{"@type":"ImageObject","inLanguage":"cs","@id":"https:\/\/alegerglobal.com\/cs\/shop-cs\/odolny-tablet\/getac-f110-2\/#primaryimage","url":"https:\/\/alegerglobal.com\/wp-content\/uploads\/2021\/01\/f110_3-2-1.png","contentUrl":"https:\/\/alegerglobal.com\/wp-content\/uploads\/2021\/01\/f110_3-2-1.png","width":1280,"height":1280,"caption":"Getac F110"},{"@type":"BreadcrumbList","@id":"https:\/\/alegerglobal.com\/cs\/shop-cs\/odolny-tablet\/getac-f110-2\/#breadcrumb","itemListElement":[{"@type":"ListItem","position":1,"name":"Home","item":"https:\/\/alegerglobal.com\/cs\/novinka-domovska-stranka\/"},{"@type":"ListItem","position":2,"name":"Produkty","item":"https:\/\/alegerglobal.com\/cs\/produkty\/"},{"@type":"ListItem","position":3,"name":"Getac F110, odoln\u00fd tablet, IP65, MIL-STD-810G,11,6&#8243;, Windows 10 Pro"}]},{"@type":"WebSite","@id":"https:\/\/alegerglobal.com\/cs\/#website","url":"https:\/\/alegerglobal.com\/cs\/","name":"ALEGER \u22c6 Augmented Reality","description":"Die besten Augmented Reality (AR) L\u00f6sungen der Welt.","publisher":{"@id":"https:\/\/alegerglobal.com\/cs\/#organization"},"potentialAction":[{"@type":"SearchAction","target":{"@type":"EntryPoint","urlTemplate":"https:\/\/alegerglobal.com\/cs\/?s={search_term_string}"},"query-input":{"@type":"PropertyValueSpecification","valueRequired":true,"valueName":"search_term_string"}}],"inLanguage":"cs"},{"@type":"Organization","@id":"https:\/\/alegerglobal.com\/cs\/#organization","name":"ALEGER \u22c6 Augmented Reality","url":"https:\/\/alegerglobal.com\/cs\/","logo":{"@type":"ImageObject","inLanguage":"cs","@id":"https:\/\/alegerglobal.com\/cs\/#\/schema\/logo\/image\/","url":"https:\/\/alegerglobal.com\/wp-content\/uploads\/2020\/12\/aleger-logo-quadrat.jpg","contentUrl":"https:\/\/alegerglobal.com\/wp-content\/uploads\/2020\/12\/aleger-logo-quadrat.jpg","width":200,"height":176,"caption":"ALEGER \u22c6 Augmented Reality"},"image":{"@id":"https:\/\/alegerglobal.com\/cs\/#\/schema\/logo\/image\/"}}]},"product_brand":"Getac","product_price_amount":"2499.99","product_price_currency":"EUR","og_availability":"instock","product_availability":"instock","product_condition":"new"},"_links":{"self":[{"href":"https:\/\/alegerglobal.com\/cs\/wp-json\/wp\/v2\/product\/34984","targetHints":{"allow":["GET"]}}],"collection":[{"href":"https:\/\/alegerglobal.com\/cs\/wp-json\/wp\/v2\/product"}],"about":[{"href":"https:\/\/alegerglobal.com\/cs\/wp-json\/wp\/v2\/types\/product"}],"replies":[{"embeddable":true,"href":"https:\/\/alegerglobal.com\/cs\/wp-json\/wp\/v2\/comments?post=34984"}],"version-history":[{"count":0,"href":"https:\/\/alegerglobal.com\/cs\/wp-json\/wp\/v2\/product\/34984\/revisions"}],"wp:featuredmedia":[{"embeddable":true,"href":"https:\/\/alegerglobal.com\/cs\/wp-json\/wp\/v2\/media\/12508"}],"wp:attachment":[{"href":"https:\/\/alegerglobal.com\/cs\/wp-json\/wp\/v2\/media?parent=34984"}],"wp:term":[{"taxonomy":"product_brand","embeddable":true,"href":"https:\/\/alegerglobal.com\/cs\/wp-json\/wp\/v2\/product_brand?post=34984"},{"taxonomy":"product_cat","embeddable":true,"href":"https:\/\/alegerglobal.com\/cs\/wp-json\/wp\/v2\/product_cat?post=34984"},{"taxonomy":"product_tag","embeddable":true,"href":"https:\/\/alegerglobal.com\/cs\/wp-json\/wp\/v2\/product_tag?post=34984"}],"curies":[{"name":"wp","href":"https:\/\/api.w.org\/{rel}","templated":true}]}}