{"id":34982,"date":"2021-03-10T08:59:47","date_gmt":"2022-05-19T08:05:25","guid":{"rendered":"https:\/\/alegerglobal.com\/nezarazene\/panasonic-toughbook-s1-7-1280x800-px-5-mp-13-mp-wlan-lte-android\/"},"modified":"2022-05-19T09:05:25","modified_gmt":"2022-05-19T08:05:25","slug":"toughbook-s1-2","status":"publish","type":"product","link":"https:\/\/alegerglobal.com\/cs\/shop-cs\/odolny-tablet\/toughbook-s1-2\/","title":{"rendered":"Panasonic Toughbook S1, 7&#8243;, 1280&#215;800 px, 5 MP + 13 MP, WLAN, LTE, Android"},"content":{"rendered":"","protected":false},"excerpt":{"rendered":"<ul>\n<li style=\"font-weight: 400;\" aria-level=\"1\"><b>Robustn\u00ed tablet:<\/b><span style=\"font-weight: 400;\"> Odolnost proti p\u00e1du z v\u00fd\u0161ky a\u017e 150 cm, teplotn\u00ed stabilita v rozmez\u00ed -20 a\u017e +50 stup\u0148\u016f.<\/span><\/li>\n<li style=\"font-weight: 400;\" aria-level=\"1\"><b>Velk\u00fd a jasn\u00fd displej:<\/b><span style=\"font-weight: 400;\"> 7&#8243; displej s rozli\u0161en\u00edm 1280x800px a jasem a\u017e 500 cd\/m2<\/span><\/li>\n<li style=\"font-weight: 400;\" aria-level=\"1\"><b>Opera\u010dn\u00ed syst\u00e9m:<\/b><span style=\"font-weight: 400;\"> Opera\u010dn\u00ed syst\u00e9m Android s kompatibilitou s COMPASS<\/span><\/li>\n<li style=\"font-weight: 400;\" aria-level=\"1\"><b>Dlouh\u00e1 doba provozu:<\/b><span style=\"font-weight: 400;\"> V\u00fdkonn\u00e1 baterie umo\u017e\u0148uje a\u017e 14 hodin provozu<\/span><\/li>\n<li style=\"font-weight: 400;\" aria-level=\"1\"><b>Ostr\u00e9 z\u00e1b\u011bry:<\/b><span style=\"font-weight: 400;\"> P\u0159edn\u00ed fotoapar\u00e1t (5 MP) a zadn\u00ed fotoapar\u00e1t (13 MP)<\/span><\/li>\n<li style=\"font-weight: 400;\" aria-level=\"1\"><b>P\u0159ipojen\u00ed<\/b>: P\u0159ipojen\u00ed p\u0159es 4G LTE, 3G a WLAN<\/li>\n<\/ul>\n","protected":false},"featured_media":13470,"comment_status":"open","ping_status":"closed","template":"","meta":{"_acf_changed":false},"product_brand":[],"product_cat":[1526,1516],"product_tag":[],"class_list":{"0":"post-34982","1":"product","2":"type-product","3":"status-publish","4":"has-post-thumbnail","6":"product_cat-odolny-tablet","7":"product_cat-shop-cs","8":"pa_hersteller-panasonic-cs","10":"first","11":"instock","12":"taxable","13":"shipping-taxable","14":"product-type-simple"},"acf":[],"yoast_head":"<!-- This site is optimized with the Yoast SEO Premium plugin v20.10 (Yoast SEO v24.3) - https:\/\/yoast.com\/wordpress\/plugins\/seo\/ -->\n<title>Koupit Panasonic Toughbook S1 (2022) - ALEGER \u22c6 Augmented Reality<\/title>\n<meta name=\"description\" content=\"Panasonic Toughbook S1 kombinuje v\u00fdkonn\u00fd hardware a silnou baterii, kter\u00e1 nab\u00edz\u00ed a\u017e 14 hodin provozu.\" \/>\n<meta name=\"robots\" content=\"index, follow, max-snippet:-1, max-image-preview:large, max-video-preview:-1\" \/>\n<meta property=\"og:locale\" content=\"cs_CZ\" \/>\n<meta property=\"og:type\" content=\"article\" \/>\n<meta property=\"og:title\" content=\"Panasonic Toughbook S1, 7&quot;, 1280x800 px, 5 MP + 13 MP, WLAN, LTE, Android\" \/>\n<meta property=\"og:description\" content=\"Panasonic Toughbook S1 kombinuje v\u00fdkonn\u00fd hardware a silnou baterii, kter\u00e1 nab\u00edz\u00ed a\u017e 14 hodin provozu.\" \/>\n<meta property=\"og:url\" content=\"https:\/\/alegerglobal.com\/cs\/shop-cs\/odolny-tablet\/toughbook-s1-2\/\" \/>\n<meta property=\"og:site_name\" content=\"ALEGER \u22c6 Augmented Reality\" \/>\n<meta property=\"og:image\" content=\"https:\/\/alegerglobal.com\/wp-content\/uploads\/2020\/01\/Unbenannt-15.jpg\" \/>\n\t<meta property=\"og:image:width\" content=\"800\" \/>\n\t<meta property=\"og:image:height\" content=\"800\" \/>\n\t<meta property=\"og:image:type\" content=\"image\/jpeg\" \/>\n<meta name=\"twitter:card\" content=\"summary_large_image\" \/>\n<meta name=\"twitter:label1\" content=\"Cena\" \/>\n\t<meta name=\"twitter:data1\" content=\"\" \/>\n\t<meta name=\"twitter:label2\" content=\"Dostupnost\" \/>\n\t<meta name=\"twitter:data2\" content=\"Skladem\" \/>\n<script type=\"application\/ld+json\" class=\"yoast-schema-graph\">{\"@context\":\"https:\/\/schema.org\",\"@graph\":[{\"@type\":\"WebPage\",\"@id\":\"https:\/\/alegerglobal.com\/cs\/shop-cs\/odolny-tablet\/toughbook-s1-2\/\",\"url\":\"https:\/\/alegerglobal.com\/cs\/shop-cs\/odolny-tablet\/toughbook-s1-2\/\",\"name\":\"Koupit Panasonic Toughbook S1 (2022) - ALEGER \u22c6 Augmented Reality\",\"isPartOf\":{\"@id\":\"https:\/\/alegerglobal.com\/cs\/#website\"},\"primaryImageOfPage\":{\"@id\":\"https:\/\/alegerglobal.com\/cs\/shop-cs\/odolny-tablet\/toughbook-s1-2\/#primaryimage\"},\"image\":{\"@id\":\"https:\/\/alegerglobal.com\/cs\/shop-cs\/odolny-tablet\/toughbook-s1-2\/#primaryimage\"},\"thumbnailUrl\":\"https:\/\/alegerglobal.com\/wp-content\/uploads\/2020\/01\/Unbenannt-15.jpg\",\"datePublished\":\"2022-05-19T08:05:25+00:00\",\"dateModified\":\"2022-05-19T08:05:25+00:00\",\"description\":\"Panasonic Toughbook S1 kombinuje v\u00fdkonn\u00fd hardware a silnou baterii, kter\u00e1 nab\u00edz\u00ed a\u017e 14 hodin provozu.\",\"breadcrumb\":{\"@id\":\"https:\/\/alegerglobal.com\/cs\/shop-cs\/odolny-tablet\/toughbook-s1-2\/#breadcrumb\"},\"inLanguage\":\"cs\",\"potentialAction\":[{\"@type\":\"ReadAction\",\"target\":[\"https:\/\/alegerglobal.com\/cs\/shop-cs\/odolny-tablet\/toughbook-s1-2\/\"]}]},{\"@type\":\"ImageObject\",\"inLanguage\":\"cs\",\"@id\":\"https:\/\/alegerglobal.com\/cs\/shop-cs\/odolny-tablet\/toughbook-s1-2\/#primaryimage\",\"url\":\"https:\/\/alegerglobal.com\/wp-content\/uploads\/2020\/01\/Unbenannt-15.jpg\",\"contentUrl\":\"https:\/\/alegerglobal.com\/wp-content\/uploads\/2020\/01\/Unbenannt-15.jpg\",\"width\":800,\"height\":800},{\"@type\":\"BreadcrumbList\",\"@id\":\"https:\/\/alegerglobal.com\/cs\/shop-cs\/odolny-tablet\/toughbook-s1-2\/#breadcrumb\",\"itemListElement\":[{\"@type\":\"ListItem\",\"position\":1,\"name\":\"Home\",\"item\":\"https:\/\/alegerglobal.com\/cs\/novinka-domovska-stranka\/\"},{\"@type\":\"ListItem\",\"position\":2,\"name\":\"Produkty\",\"item\":\"https:\/\/alegerglobal.com\/cs\/produkty\/\"},{\"@type\":\"ListItem\",\"position\":3,\"name\":\"Panasonic Toughbook S1, 7&#8243;, 1280&#215;800 px, 5 MP + 13 MP, WLAN, LTE, Android\"}]},{\"@type\":\"WebSite\",\"@id\":\"https:\/\/alegerglobal.com\/cs\/#website\",\"url\":\"https:\/\/alegerglobal.com\/cs\/\",\"name\":\"ALEGER \u22c6 Augmented Reality\",\"description\":\"Die besten Augmented Reality (AR) L\u00f6sungen der Welt.\",\"publisher\":{\"@id\":\"https:\/\/alegerglobal.com\/cs\/#organization\"},\"potentialAction\":[{\"@type\":\"SearchAction\",\"target\":{\"@type\":\"EntryPoint\",\"urlTemplate\":\"https:\/\/alegerglobal.com\/cs\/?s={search_term_string}\"},\"query-input\":{\"@type\":\"PropertyValueSpecification\",\"valueRequired\":true,\"valueName\":\"search_term_string\"}}],\"inLanguage\":\"cs\"},{\"@type\":\"Organization\",\"@id\":\"https:\/\/alegerglobal.com\/cs\/#organization\",\"name\":\"ALEGER \u22c6 Augmented Reality\",\"url\":\"https:\/\/alegerglobal.com\/cs\/\",\"logo\":{\"@type\":\"ImageObject\",\"inLanguage\":\"cs\",\"@id\":\"https:\/\/alegerglobal.com\/cs\/#\/schema\/logo\/image\/\",\"url\":\"https:\/\/alegerglobal.com\/wp-content\/uploads\/2020\/12\/aleger-logo-quadrat.jpg\",\"contentUrl\":\"https:\/\/alegerglobal.com\/wp-content\/uploads\/2020\/12\/aleger-logo-quadrat.jpg\",\"width\":200,\"height\":176,\"caption\":\"ALEGER \u22c6 Augmented Reality\"},\"image\":{\"@id\":\"https:\/\/alegerglobal.com\/cs\/#\/schema\/logo\/image\/\"}}]}<\/script>\n<meta property=\"product:brand\" content=\"Panasonic\" \/>\n<meta property=\"product:price:amount\" content=\"0.00\" \/>\n<meta property=\"product:price:currency\" content=\"EUR\" \/>\n<meta property=\"og:availability\" content=\"instock\" \/>\n<meta property=\"product:availability\" content=\"instock\" \/>\n<meta property=\"product:condition\" content=\"new\" \/>\n<!-- \/ Yoast SEO Premium plugin. -->","yoast_head_json":{"title":"Koupit Panasonic Toughbook S1 (2022) - ALEGER \u22c6 Augmented Reality","description":"Panasonic Toughbook S1 kombinuje v\u00fdkonn\u00fd hardware a silnou baterii, kter\u00e1 nab\u00edz\u00ed a\u017e 14 hodin provozu.","robots":{"index":"index","follow":"follow","max-snippet":"max-snippet:-1","max-image-preview":"max-image-preview:large","max-video-preview":"max-video-preview:-1"},"og_locale":"cs_CZ","og_type":"article","og_title":"Panasonic Toughbook S1, 7\", 1280x800 px, 5 MP + 13 MP, WLAN, LTE, Android","og_description":"Panasonic Toughbook S1 kombinuje v\u00fdkonn\u00fd hardware a silnou baterii, kter\u00e1 nab\u00edz\u00ed a\u017e 14 hodin provozu.","og_url":"https:\/\/alegerglobal.com\/cs\/shop-cs\/odolny-tablet\/toughbook-s1-2\/","og_site_name":"ALEGER \u22c6 Augmented Reality","og_image":[{"width":800,"height":800,"url":"https:\/\/alegerglobal.com\/wp-content\/uploads\/2020\/01\/Unbenannt-15.jpg","type":"image\/jpeg"}],"twitter_card":"summary_large_image","twitter_misc":{"Cena":"","Dostupnost":"Skladem"},"schema":{"@context":"https:\/\/schema.org","@graph":[{"@type":"WebPage","@id":"https:\/\/alegerglobal.com\/cs\/shop-cs\/odolny-tablet\/toughbook-s1-2\/","url":"https:\/\/alegerglobal.com\/cs\/shop-cs\/odolny-tablet\/toughbook-s1-2\/","name":"Koupit Panasonic Toughbook S1 (2022) - ALEGER \u22c6 Augmented Reality","isPartOf":{"@id":"https:\/\/alegerglobal.com\/cs\/#website"},"primaryImageOfPage":{"@id":"https:\/\/alegerglobal.com\/cs\/shop-cs\/odolny-tablet\/toughbook-s1-2\/#primaryimage"},"image":{"@id":"https:\/\/alegerglobal.com\/cs\/shop-cs\/odolny-tablet\/toughbook-s1-2\/#primaryimage"},"thumbnailUrl":"https:\/\/alegerglobal.com\/wp-content\/uploads\/2020\/01\/Unbenannt-15.jpg","datePublished":"2022-05-19T08:05:25+00:00","dateModified":"2022-05-19T08:05:25+00:00","description":"Panasonic Toughbook S1 kombinuje v\u00fdkonn\u00fd hardware a silnou baterii, kter\u00e1 nab\u00edz\u00ed a\u017e 14 hodin provozu.","breadcrumb":{"@id":"https:\/\/alegerglobal.com\/cs\/shop-cs\/odolny-tablet\/toughbook-s1-2\/#breadcrumb"},"inLanguage":"cs","potentialAction":[{"@type":"ReadAction","target":["https:\/\/alegerglobal.com\/cs\/shop-cs\/odolny-tablet\/toughbook-s1-2\/"]}]},{"@type":"ImageObject","inLanguage":"cs","@id":"https:\/\/alegerglobal.com\/cs\/shop-cs\/odolny-tablet\/toughbook-s1-2\/#primaryimage","url":"https:\/\/alegerglobal.com\/wp-content\/uploads\/2020\/01\/Unbenannt-15.jpg","contentUrl":"https:\/\/alegerglobal.com\/wp-content\/uploads\/2020\/01\/Unbenannt-15.jpg","width":800,"height":800},{"@type":"BreadcrumbList","@id":"https:\/\/alegerglobal.com\/cs\/shop-cs\/odolny-tablet\/toughbook-s1-2\/#breadcrumb","itemListElement":[{"@type":"ListItem","position":1,"name":"Home","item":"https:\/\/alegerglobal.com\/cs\/novinka-domovska-stranka\/"},{"@type":"ListItem","position":2,"name":"Produkty","item":"https:\/\/alegerglobal.com\/cs\/produkty\/"},{"@type":"ListItem","position":3,"name":"Panasonic Toughbook S1, 7&#8243;, 1280&#215;800 px, 5 MP + 13 MP, WLAN, LTE, Android"}]},{"@type":"WebSite","@id":"https:\/\/alegerglobal.com\/cs\/#website","url":"https:\/\/alegerglobal.com\/cs\/","name":"ALEGER \u22c6 Augmented Reality","description":"Die besten Augmented Reality (AR) L\u00f6sungen der Welt.","publisher":{"@id":"https:\/\/alegerglobal.com\/cs\/#organization"},"potentialAction":[{"@type":"SearchAction","target":{"@type":"EntryPoint","urlTemplate":"https:\/\/alegerglobal.com\/cs\/?s={search_term_string}"},"query-input":{"@type":"PropertyValueSpecification","valueRequired":true,"valueName":"search_term_string"}}],"inLanguage":"cs"},{"@type":"Organization","@id":"https:\/\/alegerglobal.com\/cs\/#organization","name":"ALEGER \u22c6 Augmented Reality","url":"https:\/\/alegerglobal.com\/cs\/","logo":{"@type":"ImageObject","inLanguage":"cs","@id":"https:\/\/alegerglobal.com\/cs\/#\/schema\/logo\/image\/","url":"https:\/\/alegerglobal.com\/wp-content\/uploads\/2020\/12\/aleger-logo-quadrat.jpg","contentUrl":"https:\/\/alegerglobal.com\/wp-content\/uploads\/2020\/12\/aleger-logo-quadrat.jpg","width":200,"height":176,"caption":"ALEGER \u22c6 Augmented Reality"},"image":{"@id":"https:\/\/alegerglobal.com\/cs\/#\/schema\/logo\/image\/"}}]},"product_brand":"Panasonic","product_price_amount":"0.00","product_price_currency":"EUR","og_availability":"instock","product_availability":"instock","product_condition":"new"},"_links":{"self":[{"href":"https:\/\/alegerglobal.com\/cs\/wp-json\/wp\/v2\/product\/34982","targetHints":{"allow":["GET"]}}],"collection":[{"href":"https:\/\/alegerglobal.com\/cs\/wp-json\/wp\/v2\/product"}],"about":[{"href":"https:\/\/alegerglobal.com\/cs\/wp-json\/wp\/v2\/types\/product"}],"replies":[{"embeddable":true,"href":"https:\/\/alegerglobal.com\/cs\/wp-json\/wp\/v2\/comments?post=34982"}],"version-history":[{"count":0,"href":"https:\/\/alegerglobal.com\/cs\/wp-json\/wp\/v2\/product\/34982\/revisions"}],"wp:featuredmedia":[{"embeddable":true,"href":"https:\/\/alegerglobal.com\/cs\/wp-json\/wp\/v2\/media\/13470"}],"wp:attachment":[{"href":"https:\/\/alegerglobal.com\/cs\/wp-json\/wp\/v2\/media?parent=34982"}],"wp:term":[{"taxonomy":"product_brand","embeddable":true,"href":"https:\/\/alegerglobal.com\/cs\/wp-json\/wp\/v2\/product_brand?post=34982"},{"taxonomy":"product_cat","embeddable":true,"href":"https:\/\/alegerglobal.com\/cs\/wp-json\/wp\/v2\/product_cat?post=34982"},{"taxonomy":"product_tag","embeddable":true,"href":"https:\/\/alegerglobal.com\/cs\/wp-json\/wp\/v2\/product_tag?post=34982"}],"curies":[{"name":"wp","href":"https:\/\/api.w.org\/{rel}","templated":true}]}}